{"id":283547,"date":"2022-09-17T16:46:13","date_gmt":"2022-09-17T14:46:13","guid":{"rendered":"https:\/\/miomiorun.com\/prodotto\/alya-vest-donna\/"},"modified":"2026-04-22T17:21:19","modified_gmt":"2026-04-22T15:21:19","slug":"alya-vest-mujer","status":"publish","type":"product","link":"https:\/\/www.miomiorun.com\/es\/producto\/alya-vest-mujer\/","title":{"rendered":"Alya Vest mujer"},"content":{"rendered":"<p>Perfecto para correr por la monta\u00f1a en invierno, este <strong>chaleco Alya<\/strong> , en su versi\u00f3n para mujer, acolchado, combina protecci\u00f3n t\u00e9rmica y libertad de movimiento.<\/p>\n<p>La parte delantera de Primaloft\u00aeThermoplume te mantiene abrigada, mientras que su innovadora estructura por c\u00e1maras, junto con el panel trasero el\u00e1stico, permiten una gesti\u00f3n \u00f3ptima de la humedad.<\/p>\n<p><img decoding=\"async\" class=\"img-responsive margin-bottom-sm\" src=\"https:\/\/www.lasportiva.com\/media\/techinfo_icons\/Breathability_75x75.png\"><\/p>\n<p><strong>Transpirabilidad:<\/strong><br \/>\nProductos altamente transpirables para un excelente confort clim\u00e1tico.<\/p>\n<p><img decoding=\"async\" class=\"img-responsive margin-bottom-sm\" src=\"https:\/\/www.lasportiva.com\/media\/techinfo_icons\/Stretch_75x75.png\"><\/p>\n<p><strong>Elasticidad:<\/strong><br \/>\nPrendas c\u00f3modas y reactivas que garantizan la m\u00e1xima libertad de movimiento.<\/p>\n<p><img loading=\"lazy\" decoding=\"async\" class=\" ls-is-cached lazyloaded\" src=\"https:\/\/www.lasportiva.com\/media\/techinfo_icons\/slim-fit.png\" alt=\"La Sportiva\" width=\"75\" height=\"75\" data-src=\"https:\/\/www.lasportiva.com\/media\/techinfo_icons\/slim-fit.png\"><\/p>\n<p><strong>Slim fit:<\/strong><br \/>\nCorte muy ajustado para un rendimiento m\u00e1ximo en competici\u00f3n<\/p>\n<p><img decoding=\"async\" class=\"img-responsive margin-bottom-sm\" src=\"https:\/\/www.lasportiva.com\/media\/techinfo_icons\/Lightweight_75x75.png\"><\/p>\n<p><strong>Ligereza:<\/strong><br \/>\nProductos que mantienen el peso al m\u00ednimo<\/p>\n<p><img decoding=\"async\" class=\"img-responsive margin-bottom-sm\" src=\"https:\/\/www.lasportiva.com\/media\/techinfo_icons\/Insulation_75x75.png\"><\/p>\n<p><strong>Aislamiento t\u00e9rmico:<\/strong><br \/>\nProductos aptos para condiciones de bajas temperaturas.<\/p>\n<p><img loading=\"lazy\" decoding=\"async\" src=\"https:\/\/www.lasportiva.com\/media\/PRIMALOFTsilver_pop-up_600x300_1.png\" alt=\"\" width=\"476\" height=\"238\"><\/p>\n<p><strong>PrimaLoft\u00ae Silver Insulation<\/strong> \u2013 100 % PCR ha sido dise\u00f1ado \u00edntegramente con materiales reciclados postconsumo para crear un material aislante de alto rendimiento y ecol\u00f3gico. Sus fibras, m\u00e1s finas que el cachemir, crean millones de cavidades que atrapan el aire y te mantienen caliente cuando bajan las temperaturas, mientras que un tratamiento repelente al agua mantiene la comodidad incluso en condiciones de alta humedad. Ligero y altamente compresible, PrimaLoft\u00ae Silver Insulation \u2013 100 % PCR es un aislante ecol\u00f3gico y, al mismo tiempo, de alto rendimiento.<\/p>\n<p><img decoding=\"async\" class=\"img-responsive margin-bottom-sm\" src=\"https:\/\/www.lasportiva.com\/media\/techinfo_icons\/Wind-stop_75x75.png\"><\/p>\n<p><strong>Wind-stop:<\/strong><br \/>\nPrendas confeccionadas con materiales cortavientos<\/p>\n<p><img loading=\"lazy\" decoding=\"async\" class=\" ls-is-cached lazyloaded\" src=\"https:\/\/www.lasportiva.com\/media\/techinfo_icons\/l\/3\/l3.png\" alt=\"La Sportiva\" width=\"75\" height=\"75\" data-src=\"https:\/\/www.lasportiva.com\/media\/techinfo_icons\/l\/3\/l3.png\"><\/p>\n<p><img decoding=\"async\" src=\"https:\/\/www.lasportiva.com\/media\/RECYCLEDfabric_insulation_Icone_75x75_2.png\" alt=\"\"><\/p>\n<p>La Sportiva fabrica productos para la monta\u00f1a desde 1928 a los pies de los Dolomitas: por eso, prestamos la m\u00e1xima atenci\u00f3n a cada detalle que pueda marcar la diferencia, incluso en lo que respecta al entorno que nos rodea. Con los logotipos <strong>RECYCLED FABRIC &amp; INSULATIONS<\/strong> hemos identificado productos ecol\u00f3gicos que, gracias a las decisiones de producci\u00f3n y fabricaci\u00f3n, utilizan materiales derivados de la reutilizaci\u00f3n del pl\u00e1stico y que, por lo tanto, permiten al consumidor realizar una compra consciente y respetuosa con el medio ambiente.<\/p>\n<p><strong>RECYCLED FABRIC<\/strong><br \/>\nFibras de poli\u00e9ster fabricadas a partir de botellas de pl\u00e1stico recicladas y mediante procesos ecol\u00f3gicos.<br \/>\n\u2022 Las prendas confeccionadas con tejidos <strong>RECYCLED FABRIC<\/strong> contribuyen a reducir el impacto medioambiental<br \/>\n\u2022 Todas las sustancias petroqu\u00edmicas han sido sustituidas por el reciclaje de botellas de pl\u00e1stico<br \/>\n\u2022 El proceso de producci\u00f3n de las fibras recicladas reduce las emisiones de CO\u2082 a la atm\u00f3sfera en aproximadamente un 54 %<br \/>\n\u2022 Durabilidad y calidad garantizadas a lo largo del tiempo<\/p>\n<p><strong>AISLAMIENTO RECICLADO<\/strong><br \/>\nYa se trate de aislantes naturales o sint\u00e9ticos, La Sportiva ofrece hoy en d\u00eda numerosas soluciones de aislamiento con materiales ecol\u00f3gicos.<br \/>\n\u2022 Las prendas que llevan el logotipo <strong>RECYCLED INSULATION<\/strong> contribuyen a proteger los recursos naturales y a reducir el impacto medioambiental<br \/>\n\u2022 El relleno de plum\u00f3n se ha sustituido por el uso exclusivo de plum\u00f3n reciclado certificado y controlado para reducir las emisiones de di\u00f3xido de carbono<br \/>\n\u2022 Los rellenos de material sint\u00e9tico est\u00e1n fabricados en <strong>PRIMALOFT\u00ae Silver ECO<\/strong>: m\u00e1s ligeros, aislantes y con mayor comodidad y una repelencia al agua superior.<br \/>\n\u2022 Excelente rendimiento en ambientes fr\u00edos, incluso durante usos prolongados.<\/p>\n<p><strong>RECYCLED FABRIC &amp; INSULATION<\/strong><br \/>\nLos productos que llevan este logotipo utilizan materiales reciclados y ecol\u00f3gicos tanto en el tejido exterior como en el relleno interior.<\/p>\n<p>&nbsp;<\/p>\n<p><b>Materiales:<\/b><br \/>\n&gt;parte delantera principal: WSL07 52 % poliamida reciclada, 48 % poliamida&gt;espalda, hombros, cuello: WSM11 85 % poliamida reciclada, 15 % elastano&gt;forro de la parte delantera del cuerpo y bolsillos: WSL03 100 % poliamida reciclada<br \/>\n<b>Peso:<\/b><br \/>\n185<br \/>\n<b>Ajuste:<\/b><br \/>\nSLIM<\/p>\n<p>&nbsp;<\/p>\n<div class=\"item-block collapsible-plus active\" role=\"tablist\" data-collapsible=\"true\">\n<div class=\"data item title\" role=\"tab\" data-role=\"title\" aria-expanded=\"true\">\n<h3 id=\"tab-label-plus\" class=\"switch-title\">m\u00e1s<\/h3>\n<\/div>\n<div class=\"data item content\" role=\"tabpanel\" aria-labelledby=\"tab-label-plus\" data-role=\"content\" aria-hidden=\"false\">+ 2 bolsillos para las manos con cremallera<br \/>\n+ 2 bolsillos interiores para objetos<br \/>\n+ Detalles reflectantes<br \/>\n+ Cierre con bot\u00f3n a presi\u00f3n en la parte superior de la solapa de la cremallera<br \/>\n+ Chaleco de running de material sint\u00e9tico ligero y acolchado con cremallera integral<br \/>\n+ Tintes ecosostenibles<\/div>\n<\/div>\n","protected":false},"excerpt":{"rendered":"<ul>\n<li><span style=\"font-weight: 400\">&nbsp;Transpirabilidad<br \/>\n<\/span><\/li>\n<li>&nbsp;Elasticidad<\/li>\n<li>&nbsp;Corte ajustado<\/li>\n<\/ul>\n","protected":false},"featured_media":237979,"template":"","meta":{"_acf_changed":false,"inline_featured_image":false},"product_brand":[],"product_cat":[24398,24401,24402],"product_tag":[23598,23640],"class_list":{"0":"post-283547","1":"product","2":"type-product","3":"status-publish","4":"has-post-thumbnail","6":"product_cat-chaquetas","7":"product_cat-ropa-de-mujer","8":"product_cat-mujer","9":"product_tag-la-sportiva-es","10":"product_tag-la-sportiva-mujer","11":"pa_attivita-caminar","12":"pa_attivita-outdoor-es","13":"pa_attivita-trail-es","14":"pa_colore-alya-vest-w-cherry-tomato-tea-es","15":"pa_colore-alya-vest-w-crystal-cerise-es","16":"pa_colore-alya-vest-w-lagoon-storm-blue-es","17":"pa_colore-alya-vest-w-rosebay-redwood-es","18":"pa_colore-alya-vest-w-turquoise-crystal-es","19":"pa_marca-la-sportiva-es","20":"pa_sesso-mujer","21":"pa_size-extra-small-es","22":"pa_size-small-es","23":"pa_size-medium-es","24":"pa_size-large-es","26":"first","27":"instock","28":"sale","29":"taxable","30":"shipping-taxable","31":"purchasable","32":"product-type-variable","33":"wvs-archive-product-wrapper"},"acf":[],"yoast_head":"<!-- This site is optimized with the Yoast SEO plugin v26.8 - https:\/\/yoast.com\/product\/yoast-seo-wordpress\/ -->\n<title>La Sportiva Alya Vest mujer - chaleco de running - MioMioRun.com<\/title>\n<meta name=\"description\" content=\"Perfecto para correr por la monta\u00f1a en invierno, este chaleco Alya, en su versi\u00f3n para mujer, acolchado, combina protecci\u00f3n t\u00e9rmica y libertad de movimiento.\" \/>\n<meta name=\"robots\" content=\"index, follow, max-snippet:-1, max-image-preview:large, max-video-preview:-1\" \/>\n<link rel=\"canonical\" href=\"https:\/\/www.miomiorun.com\/es\/producto\/alya-vest-mujer\/\" \/>\n<meta property=\"og:locale\" content=\"es_ES\" \/>\n<meta property=\"og:type\" content=\"article\" \/>\n<meta property=\"og:title\" content=\"La Sportiva Alya Vest mujer - chaleco de running - MioMioRun.com\" \/>\n<meta property=\"og:description\" content=\"Perfecto para correr por la monta\u00f1a en invierno, este chaleco Alya, en su versi\u00f3n para mujer, acolchado, combina protecci\u00f3n t\u00e9rmica y libertad de movimiento.\" \/>\n<meta property=\"og:url\" content=\"https:\/\/www.miomiorun.com\/es\/producto\/alya-vest-mujer\/\" \/>\n<meta property=\"og:site_name\" content=\"MioMioRun\" \/>\n<meta property=\"article:publisher\" content=\"https:\/\/www.facebook.com\/miomiorun\/\" \/>\n<meta property=\"article:modified_time\" content=\"2026-04-22T15:21:19+00:00\" \/>\n<meta property=\"og:image\" content=\"https:\/\/www.miomiorun.com\/app\/uploads\/2022\/09\/la-sportiva-alya-vest-W-turquoise-crystal-Q45616635.jpg\" \/>\n\t<meta property=\"og:image:width\" content=\"600\" \/>\n\t<meta property=\"og:image:height\" content=\"600\" \/>\n\t<meta property=\"og:image:type\" content=\"image\/jpeg\" \/>\n<meta name=\"twitter:card\" content=\"summary_large_image\" \/>\n<meta name=\"twitter:label1\" content=\"Est. reading time\" \/>\n\t<meta name=\"twitter:data1\" content=\"3 minutes\" \/>\n<script type=\"application\/ld+json\" class=\"yoast-schema-graph\">{\"@context\":\"https:\/\/schema.org\",\"@graph\":[{\"@type\":\"WebPage\",\"@id\":\"https:\/\/www.miomiorun.com\/es\/producto\/alya-vest-mujer\/\",\"url\":\"https:\/\/www.miomiorun.com\/es\/producto\/alya-vest-mujer\/\",\"name\":\"La Sportiva Alya Vest mujer - chaleco de running - MioMioRun.com\",\"isPartOf\":{\"@id\":\"https:\/\/www.miomiorun.com\/es\/#website\"},\"primaryImageOfPage\":{\"@id\":\"https:\/\/www.miomiorun.com\/es\/producto\/alya-vest-mujer\/#primaryimage\"},\"image\":{\"@id\":\"https:\/\/www.miomiorun.com\/es\/producto\/alya-vest-mujer\/#primaryimage\"},\"thumbnailUrl\":\"https:\/\/www.miomiorun.com\/app\/uploads\/2022\/09\/la-sportiva-alya-vest-W-turquoise-crystal-Q45616635.jpg\",\"datePublished\":\"2022-09-17T14:46:13+00:00\",\"dateModified\":\"2026-04-22T15:21:19+00:00\",\"description\":\"Perfecto para correr por la monta\u00f1a en invierno, este chaleco Alya, en su versi\u00f3n para mujer, acolchado, combina protecci\u00f3n t\u00e9rmica y libertad de movimiento.\",\"breadcrumb\":{\"@id\":\"https:\/\/www.miomiorun.com\/es\/producto\/alya-vest-mujer\/#breadcrumb\"},\"inLanguage\":\"es-ES\",\"potentialAction\":[{\"@type\":\"ReadAction\",\"target\":[\"https:\/\/www.miomiorun.com\/es\/producto\/alya-vest-mujer\/\"]}]},{\"@type\":\"ImageObject\",\"inLanguage\":\"es-ES\",\"@id\":\"https:\/\/www.miomiorun.com\/es\/producto\/alya-vest-mujer\/#primaryimage\",\"url\":\"https:\/\/www.miomiorun.com\/app\/uploads\/2022\/09\/la-sportiva-alya-vest-W-turquoise-crystal-Q45616635.jpg\",\"contentUrl\":\"https:\/\/www.miomiorun.com\/app\/uploads\/2022\/09\/la-sportiva-alya-vest-W-turquoise-crystal-Q45616635.jpg\",\"width\":600,\"height\":600,\"caption\":\"la-sportiva-alya-vest-W-turquoise-crystal-Q45616635\"},{\"@type\":\"BreadcrumbList\",\"@id\":\"https:\/\/www.miomiorun.com\/es\/producto\/alya-vest-mujer\/#breadcrumb\",\"itemListElement\":[{\"@type\":\"ListItem\",\"position\":1,\"name\":\"Home\",\"item\":\"https:\/\/www.miomiorun.com\/es\/\"},{\"@type\":\"ListItem\",\"position\":2,\"name\":\"Shop\",\"item\":\"https:\/\/www.miomiorun.com\/shop\/\"},{\"@type\":\"ListItem\",\"position\":3,\"name\":\"Alya Vest mujer\"}]},{\"@type\":\"WebSite\",\"@id\":\"https:\/\/www.miomiorun.com\/es\/#website\",\"url\":\"https:\/\/www.miomiorun.com\/es\/\",\"name\":\"MioMioRun\",\"description\":\"Tienda 100% running y trail\",\"publisher\":{\"@id\":\"https:\/\/www.miomiorun.com\/es\/#organization\"},\"potentialAction\":[{\"@type\":\"SearchAction\",\"target\":{\"@type\":\"EntryPoint\",\"urlTemplate\":\"https:\/\/www.miomiorun.com\/es\/?s={search_term_string}\"},\"query-input\":{\"@type\":\"PropertyValueSpecification\",\"valueRequired\":true,\"valueName\":\"search_term_string\"}}],\"inLanguage\":\"es-ES\"},{\"@type\":\"Organization\",\"@id\":\"https:\/\/www.miomiorun.com\/es\/#organization\",\"name\":\"MioMio Run\",\"url\":\"https:\/\/www.miomiorun.com\/es\/\",\"logo\":{\"@type\":\"ImageObject\",\"inLanguage\":\"es-ES\",\"@id\":\"https:\/\/www.miomiorun.com\/es\/#\/schema\/logo\/image\/\",\"url\":\"https:\/\/www.miomiorun.com\/app\/uploads\/2019\/12\/logomio.png\",\"contentUrl\":\"https:\/\/www.miomiorun.com\/app\/uploads\/2019\/12\/logomio.png\",\"width\":115,\"height\":82,\"caption\":\"MioMio Run\"},\"image\":{\"@id\":\"https:\/\/www.miomiorun.com\/es\/#\/schema\/logo\/image\/\"},\"sameAs\":[\"https:\/\/www.facebook.com\/miomiorun\/\",\"https:\/\/www.instagram.com\/miomiorun\/\"]}]}<\/script>\n<!-- \/ Yoast SEO plugin. -->","yoast_head_json":{"title":"La Sportiva Alya Vest mujer - chaleco de running - MioMioRun.com","description":"Perfecto para correr por la monta\u00f1a en invierno, este chaleco Alya, en su versi\u00f3n para mujer, acolchado, combina protecci\u00f3n t\u00e9rmica y libertad de movimiento.","robots":{"index":"index","follow":"follow","max-snippet":"max-snippet:-1","max-image-preview":"max-image-preview:large","max-video-preview":"max-video-preview:-1"},"canonical":"https:\/\/www.miomiorun.com\/es\/producto\/alya-vest-mujer\/","og_locale":"es_ES","og_type":"article","og_title":"La Sportiva Alya Vest mujer - chaleco de running - MioMioRun.com","og_description":"Perfecto para correr por la monta\u00f1a en invierno, este chaleco Alya, en su versi\u00f3n para mujer, acolchado, combina protecci\u00f3n t\u00e9rmica y libertad de movimiento.","og_url":"https:\/\/www.miomiorun.com\/es\/producto\/alya-vest-mujer\/","og_site_name":"MioMioRun","article_publisher":"https:\/\/www.facebook.com\/miomiorun\/","article_modified_time":"2026-04-22T15:21:19+00:00","og_image":[{"width":600,"height":600,"url":"https:\/\/www.miomiorun.com\/app\/uploads\/2022\/09\/la-sportiva-alya-vest-W-turquoise-crystal-Q45616635.jpg","type":"image\/jpeg"}],"twitter_card":"summary_large_image","twitter_misc":{"Est. reading time":"3 minutes"},"schema":{"@context":"https:\/\/schema.org","@graph":[{"@type":"WebPage","@id":"https:\/\/www.miomiorun.com\/es\/producto\/alya-vest-mujer\/","url":"https:\/\/www.miomiorun.com\/es\/producto\/alya-vest-mujer\/","name":"La Sportiva Alya Vest mujer - chaleco de running - MioMioRun.com","isPartOf":{"@id":"https:\/\/www.miomiorun.com\/es\/#website"},"primaryImageOfPage":{"@id":"https:\/\/www.miomiorun.com\/es\/producto\/alya-vest-mujer\/#primaryimage"},"image":{"@id":"https:\/\/www.miomiorun.com\/es\/producto\/alya-vest-mujer\/#primaryimage"},"thumbnailUrl":"https:\/\/www.miomiorun.com\/app\/uploads\/2022\/09\/la-sportiva-alya-vest-W-turquoise-crystal-Q45616635.jpg","datePublished":"2022-09-17T14:46:13+00:00","dateModified":"2026-04-22T15:21:19+00:00","description":"Perfecto para correr por la monta\u00f1a en invierno, este chaleco Alya, en su versi\u00f3n para mujer, acolchado, combina protecci\u00f3n t\u00e9rmica y libertad de movimiento.","breadcrumb":{"@id":"https:\/\/www.miomiorun.com\/es\/producto\/alya-vest-mujer\/#breadcrumb"},"inLanguage":"es-ES","potentialAction":[{"@type":"ReadAction","target":["https:\/\/www.miomiorun.com\/es\/producto\/alya-vest-mujer\/"]}]},{"@type":"ImageObject","inLanguage":"es-ES","@id":"https:\/\/www.miomiorun.com\/es\/producto\/alya-vest-mujer\/#primaryimage","url":"https:\/\/www.miomiorun.com\/app\/uploads\/2022\/09\/la-sportiva-alya-vest-W-turquoise-crystal-Q45616635.jpg","contentUrl":"https:\/\/www.miomiorun.com\/app\/uploads\/2022\/09\/la-sportiva-alya-vest-W-turquoise-crystal-Q45616635.jpg","width":600,"height":600,"caption":"la-sportiva-alya-vest-W-turquoise-crystal-Q45616635"},{"@type":"BreadcrumbList","@id":"https:\/\/www.miomiorun.com\/es\/producto\/alya-vest-mujer\/#breadcrumb","itemListElement":[{"@type":"ListItem","position":1,"name":"Home","item":"https:\/\/www.miomiorun.com\/es\/"},{"@type":"ListItem","position":2,"name":"Shop","item":"https:\/\/www.miomiorun.com\/shop\/"},{"@type":"ListItem","position":3,"name":"Alya Vest mujer"}]},{"@type":"WebSite","@id":"https:\/\/www.miomiorun.com\/es\/#website","url":"https:\/\/www.miomiorun.com\/es\/","name":"MioMioRun","description":"Tienda 100% running y trail","publisher":{"@id":"https:\/\/www.miomiorun.com\/es\/#organization"},"potentialAction":[{"@type":"SearchAction","target":{"@type":"EntryPoint","urlTemplate":"https:\/\/www.miomiorun.com\/es\/?s={search_term_string}"},"query-input":{"@type":"PropertyValueSpecification","valueRequired":true,"valueName":"search_term_string"}}],"inLanguage":"es-ES"},{"@type":"Organization","@id":"https:\/\/www.miomiorun.com\/es\/#organization","name":"MioMio Run","url":"https:\/\/www.miomiorun.com\/es\/","logo":{"@type":"ImageObject","inLanguage":"es-ES","@id":"https:\/\/www.miomiorun.com\/es\/#\/schema\/logo\/image\/","url":"https:\/\/www.miomiorun.com\/app\/uploads\/2019\/12\/logomio.png","contentUrl":"https:\/\/www.miomiorun.com\/app\/uploads\/2019\/12\/logomio.png","width":115,"height":82,"caption":"MioMio Run"},"image":{"@id":"https:\/\/www.miomiorun.com\/es\/#\/schema\/logo\/image\/"},"sameAs":["https:\/\/www.facebook.com\/miomiorun\/","https:\/\/www.instagram.com\/miomiorun\/"]}]}},"_links":{"self":[{"href":"https:\/\/www.miomiorun.com\/es\/wp-json\/wp\/v2\/product\/283547","targetHints":{"allow":["GET"]}}],"collection":[{"href":"https:\/\/www.miomiorun.com\/es\/wp-json\/wp\/v2\/product"}],"about":[{"href":"https:\/\/www.miomiorun.com\/es\/wp-json\/wp\/v2\/types\/product"}],"wp:featuredmedia":[{"embeddable":true,"href":"https:\/\/www.miomiorun.com\/es\/wp-json\/wp\/v2\/media\/237979"}],"wp:attachment":[{"href":"https:\/\/www.miomiorun.com\/es\/wp-json\/wp\/v2\/media?parent=283547"}],"wp:term":[{"taxonomy":"product_brand","embeddable":true,"href":"https:\/\/www.miomiorun.com\/es\/wp-json\/wp\/v2\/product_brand?post=283547"},{"taxonomy":"product_cat","embeddable":true,"href":"https:\/\/www.miomiorun.com\/es\/wp-json\/wp\/v2\/product_cat?post=283547"},{"taxonomy":"product_tag","embeddable":true,"href":"https:\/\/www.miomiorun.com\/es\/wp-json\/wp\/v2\/product_tag?post=283547"}],"curies":[{"name":"wp","href":"https:\/\/api.w.org\/{rel}","templated":true}]}}