{"id":283369,"date":"2022-09-20T11:48:57","date_gmt":"2022-09-20T09:48:57","guid":{"rendered":"https:\/\/miomiorun.com\/prodotto\/jkt-avenger-uomo\/"},"modified":"2026-05-06T10:17:11","modified_gmt":"2026-05-06T08:17:11","slug":"jkt-avenger-hombre","status":"publish","type":"product","link":"https:\/\/www.miomiorun.com\/es\/producto\/jkt-avenger-hombre\/","title":{"rendered":"Jkt Avenger hombre"},"content":{"rendered":"<div class=\"descProdotto\">\n<p><strong>Avenger<\/strong> para hombre es una chaqueta h\u00edbrida con capucha, dise\u00f1ada para actividades al aire libre de intensidad media\/alta. Perfecta para el esqu\u00ed de traves\u00eda en d\u00edas ventosos, cuando una prenda acolchada resultar\u00eda excesiva. Esta chaqueta est\u00e1 confeccionada en tejido soft shell transpirable con tratamiento hidrorrepelente DWR y propiedades cortavientos; los insertos son de suave y transpirable forro polar italiano Vuelta; los detalles reflectantes permiten ser visible incluso en condiciones de poca visibilidad. Apertura frontal con cremallera, capucha preformada, bolsillos con cierre de cremallera y bajo el\u00e1stico caracterizan su dise\u00f1o.<\/p>\n<p><strong>CARACTER\u00cdSTICAS:<\/strong><\/p>\n<\/div>\n<div class=\"carProdotto\">\n<ul>\n<li>chaqueta h\u00edbrida para el esqu\u00ed de traves\u00eda activo<\/li>\n<li>cremallera frontal que se abre<\/li>\n<li>capucha con ribete el\u00e1stico<\/li>\n<li>bolsillos con cremallera<\/li>\n<li>tejido lateral m\u00e1s ligero y transpirable<\/li>\n<li>fondo el\u00e1stico<\/li>\n<\/ul>\n<\/div>\n","protected":false},"excerpt":{"rendered":"<ul>\n<li>chaqueta h\u00edbrida para el esqu\u00ed de traves\u00eda activo<\/li>\n<li>cremallera frontal que se abre<\/li>\n<li>capucha con ribete el\u00e1stico<\/li>\n<\/ul>\n","protected":false},"featured_media":237827,"template":"","meta":{"_acf_changed":false,"inline_featured_image":false},"product_brand":[],"product_cat":[24460,24463,24464],"product_tag":[23488,23611],"class_list":{"0":"post-283369","1":"product","2":"type-product","3":"status-publish","4":"has-post-thumbnail","6":"product_cat-chaquetas-es-2","7":"product_cat-ropa-de-hombre-es","8":"product_cat-hombre","9":"product_tag-crazy-idea-es","10":"product_tag-crazy-idea-hombre","11":"pa_attivita-caminar","12":"pa_attivita-outdoor-es","13":"pa_colore-jkt-avenger-early-m-es","14":"pa_colore-jkt-avenger-energy-es","15":"pa_colore-jkt-avenger-energy-m-es","16":"pa_marca-crazy-idea-es","17":"pa_sesso-hombre","18":"pa_size-small-es","19":"pa_size-medium-es","21":"first","22":"instock","23":"sale","24":"taxable","25":"shipping-taxable","26":"purchasable","27":"product-type-variable","28":"wvs-archive-product-wrapper"},"acf":[],"yoast_head":"<!-- This site is optimized with the Yoast SEO plugin v26.8 - https:\/\/yoast.com\/product\/yoast-seo-wordpress\/ -->\n<title>Crazy Idea Jkt Avenger hombre - Chaqueta de invierno - MioMioRun.com<\/title>\n<meta name=\"description\" content=\"La Avenger para hombre es una chaqueta h\u00edbrida con capucha, ideal para actividades al aire libre de intensidad media-alta. Perfecta para el esqu\u00ed de traves\u00eda en d\u00edas ventosos.\" \/>\n<meta name=\"robots\" content=\"index, follow, max-snippet:-1, max-image-preview:large, max-video-preview:-1\" \/>\n<link rel=\"canonical\" href=\"https:\/\/www.miomiorun.com\/es\/producto\/jkt-avenger-hombre\/\" \/>\n<meta property=\"og:locale\" content=\"es_ES\" \/>\n<meta property=\"og:type\" content=\"article\" \/>\n<meta property=\"og:title\" content=\"Crazy Idea Jkt Avenger hombre - Chaqueta de invierno - MioMioRun.com\" \/>\n<meta property=\"og:description\" content=\"La Avenger para hombre es una chaqueta h\u00edbrida con capucha, ideal para actividades al aire libre de intensidad media-alta. Perfecta para el esqu\u00ed de traves\u00eda en d\u00edas ventosos.\" \/>\n<meta property=\"og:url\" content=\"https:\/\/www.miomiorun.com\/es\/producto\/jkt-avenger-hombre\/\" \/>\n<meta property=\"og:site_name\" content=\"MioMioRun\" \/>\n<meta property=\"article:publisher\" content=\"https:\/\/www.facebook.com\/miomiorun\/\" \/>\n<meta property=\"article:modified_time\" content=\"2026-05-06T08:17:11+00:00\" \/>\n<meta property=\"og:image\" content=\"https:\/\/www.miomiorun.com\/app\/uploads\/2022\/09\/crazy-idea-jkt-avenger-forest-W22055201U-0008.jpg\" \/>\n\t<meta property=\"og:image:width\" content=\"600\" \/>\n\t<meta property=\"og:image:height\" content=\"600\" \/>\n\t<meta property=\"og:image:type\" content=\"image\/jpeg\" \/>\n<meta name=\"twitter:card\" content=\"summary_large_image\" \/>\n<meta name=\"twitter:label1\" content=\"Est. reading time\" \/>\n\t<meta name=\"twitter:data1\" content=\"1 minute\" \/>\n<script type=\"application\/ld+json\" class=\"yoast-schema-graph\">{\"@context\":\"https:\/\/schema.org\",\"@graph\":[{\"@type\":\"WebPage\",\"@id\":\"https:\/\/www.miomiorun.com\/es\/producto\/jkt-avenger-hombre\/\",\"url\":\"https:\/\/www.miomiorun.com\/es\/producto\/jkt-avenger-hombre\/\",\"name\":\"Crazy Idea Jkt Avenger hombre - Chaqueta de invierno - MioMioRun.com\",\"isPartOf\":{\"@id\":\"https:\/\/www.miomiorun.com\/es\/#website\"},\"primaryImageOfPage\":{\"@id\":\"https:\/\/www.miomiorun.com\/es\/producto\/jkt-avenger-hombre\/#primaryimage\"},\"image\":{\"@id\":\"https:\/\/www.miomiorun.com\/es\/producto\/jkt-avenger-hombre\/#primaryimage\"},\"thumbnailUrl\":\"https:\/\/www.miomiorun.com\/app\/uploads\/2022\/09\/crazy-idea-jkt-avenger-forest-W22055201U-0008.jpg\",\"datePublished\":\"2022-09-20T09:48:57+00:00\",\"dateModified\":\"2026-05-06T08:17:11+00:00\",\"description\":\"La Avenger para hombre es una chaqueta h\u00edbrida con capucha, ideal para actividades al aire libre de intensidad media-alta. Perfecta para el esqu\u00ed de traves\u00eda en d\u00edas ventosos.\",\"breadcrumb\":{\"@id\":\"https:\/\/www.miomiorun.com\/es\/producto\/jkt-avenger-hombre\/#breadcrumb\"},\"inLanguage\":\"es-ES\",\"potentialAction\":[{\"@type\":\"ReadAction\",\"target\":[\"https:\/\/www.miomiorun.com\/es\/producto\/jkt-avenger-hombre\/\"]}]},{\"@type\":\"ImageObject\",\"inLanguage\":\"es-ES\",\"@id\":\"https:\/\/www.miomiorun.com\/es\/producto\/jkt-avenger-hombre\/#primaryimage\",\"url\":\"https:\/\/www.miomiorun.com\/app\/uploads\/2022\/09\/crazy-idea-jkt-avenger-forest-W22055201U-0008.jpg\",\"contentUrl\":\"https:\/\/www.miomiorun.com\/app\/uploads\/2022\/09\/crazy-idea-jkt-avenger-forest-W22055201U-0008.jpg\",\"width\":600,\"height\":600,\"caption\":\"crazy-idea-jkt-avenger-forest-W22055201U-0008\"},{\"@type\":\"BreadcrumbList\",\"@id\":\"https:\/\/www.miomiorun.com\/es\/producto\/jkt-avenger-hombre\/#breadcrumb\",\"itemListElement\":[{\"@type\":\"ListItem\",\"position\":1,\"name\":\"Home\",\"item\":\"https:\/\/www.miomiorun.com\/es\/\"},{\"@type\":\"ListItem\",\"position\":2,\"name\":\"Shop\",\"item\":\"https:\/\/www.miomiorun.com\/shop\/\"},{\"@type\":\"ListItem\",\"position\":3,\"name\":\"Jkt Avenger hombre\"}]},{\"@type\":\"WebSite\",\"@id\":\"https:\/\/www.miomiorun.com\/es\/#website\",\"url\":\"https:\/\/www.miomiorun.com\/es\/\",\"name\":\"MioMioRun\",\"description\":\"Tienda 100% running y trail\",\"publisher\":{\"@id\":\"https:\/\/www.miomiorun.com\/es\/#organization\"},\"potentialAction\":[{\"@type\":\"SearchAction\",\"target\":{\"@type\":\"EntryPoint\",\"urlTemplate\":\"https:\/\/www.miomiorun.com\/es\/?s={search_term_string}\"},\"query-input\":{\"@type\":\"PropertyValueSpecification\",\"valueRequired\":true,\"valueName\":\"search_term_string\"}}],\"inLanguage\":\"es-ES\"},{\"@type\":\"Organization\",\"@id\":\"https:\/\/www.miomiorun.com\/es\/#organization\",\"name\":\"MioMio Run\",\"url\":\"https:\/\/www.miomiorun.com\/es\/\",\"logo\":{\"@type\":\"ImageObject\",\"inLanguage\":\"es-ES\",\"@id\":\"https:\/\/www.miomiorun.com\/es\/#\/schema\/logo\/image\/\",\"url\":\"https:\/\/www.miomiorun.com\/app\/uploads\/2019\/12\/logomio.png\",\"contentUrl\":\"https:\/\/www.miomiorun.com\/app\/uploads\/2019\/12\/logomio.png\",\"width\":115,\"height\":82,\"caption\":\"MioMio Run\"},\"image\":{\"@id\":\"https:\/\/www.miomiorun.com\/es\/#\/schema\/logo\/image\/\"},\"sameAs\":[\"https:\/\/www.facebook.com\/miomiorun\/\",\"https:\/\/www.instagram.com\/miomiorun\/\"]}]}<\/script>\n<!-- \/ Yoast SEO plugin. -->","yoast_head_json":{"title":"Crazy Idea Jkt Avenger hombre - Chaqueta de invierno - MioMioRun.com","description":"La Avenger para hombre es una chaqueta h\u00edbrida con capucha, ideal para actividades al aire libre de intensidad media-alta. Perfecta para el esqu\u00ed de traves\u00eda en d\u00edas ventosos.","robots":{"index":"index","follow":"follow","max-snippet":"max-snippet:-1","max-image-preview":"max-image-preview:large","max-video-preview":"max-video-preview:-1"},"canonical":"https:\/\/www.miomiorun.com\/es\/producto\/jkt-avenger-hombre\/","og_locale":"es_ES","og_type":"article","og_title":"Crazy Idea Jkt Avenger hombre - Chaqueta de invierno - MioMioRun.com","og_description":"La Avenger para hombre es una chaqueta h\u00edbrida con capucha, ideal para actividades al aire libre de intensidad media-alta. Perfecta para el esqu\u00ed de traves\u00eda en d\u00edas ventosos.","og_url":"https:\/\/www.miomiorun.com\/es\/producto\/jkt-avenger-hombre\/","og_site_name":"MioMioRun","article_publisher":"https:\/\/www.facebook.com\/miomiorun\/","article_modified_time":"2026-05-06T08:17:11+00:00","og_image":[{"width":600,"height":600,"url":"https:\/\/www.miomiorun.com\/app\/uploads\/2022\/09\/crazy-idea-jkt-avenger-forest-W22055201U-0008.jpg","type":"image\/jpeg"}],"twitter_card":"summary_large_image","twitter_misc":{"Est. reading time":"1 minute"},"schema":{"@context":"https:\/\/schema.org","@graph":[{"@type":"WebPage","@id":"https:\/\/www.miomiorun.com\/es\/producto\/jkt-avenger-hombre\/","url":"https:\/\/www.miomiorun.com\/es\/producto\/jkt-avenger-hombre\/","name":"Crazy Idea Jkt Avenger hombre - Chaqueta de invierno - MioMioRun.com","isPartOf":{"@id":"https:\/\/www.miomiorun.com\/es\/#website"},"primaryImageOfPage":{"@id":"https:\/\/www.miomiorun.com\/es\/producto\/jkt-avenger-hombre\/#primaryimage"},"image":{"@id":"https:\/\/www.miomiorun.com\/es\/producto\/jkt-avenger-hombre\/#primaryimage"},"thumbnailUrl":"https:\/\/www.miomiorun.com\/app\/uploads\/2022\/09\/crazy-idea-jkt-avenger-forest-W22055201U-0008.jpg","datePublished":"2022-09-20T09:48:57+00:00","dateModified":"2026-05-06T08:17:11+00:00","description":"La Avenger para hombre es una chaqueta h\u00edbrida con capucha, ideal para actividades al aire libre de intensidad media-alta. Perfecta para el esqu\u00ed de traves\u00eda en d\u00edas ventosos.","breadcrumb":{"@id":"https:\/\/www.miomiorun.com\/es\/producto\/jkt-avenger-hombre\/#breadcrumb"},"inLanguage":"es-ES","potentialAction":[{"@type":"ReadAction","target":["https:\/\/www.miomiorun.com\/es\/producto\/jkt-avenger-hombre\/"]}]},{"@type":"ImageObject","inLanguage":"es-ES","@id":"https:\/\/www.miomiorun.com\/es\/producto\/jkt-avenger-hombre\/#primaryimage","url":"https:\/\/www.miomiorun.com\/app\/uploads\/2022\/09\/crazy-idea-jkt-avenger-forest-W22055201U-0008.jpg","contentUrl":"https:\/\/www.miomiorun.com\/app\/uploads\/2022\/09\/crazy-idea-jkt-avenger-forest-W22055201U-0008.jpg","width":600,"height":600,"caption":"crazy-idea-jkt-avenger-forest-W22055201U-0008"},{"@type":"BreadcrumbList","@id":"https:\/\/www.miomiorun.com\/es\/producto\/jkt-avenger-hombre\/#breadcrumb","itemListElement":[{"@type":"ListItem","position":1,"name":"Home","item":"https:\/\/www.miomiorun.com\/es\/"},{"@type":"ListItem","position":2,"name":"Shop","item":"https:\/\/www.miomiorun.com\/shop\/"},{"@type":"ListItem","position":3,"name":"Jkt Avenger hombre"}]},{"@type":"WebSite","@id":"https:\/\/www.miomiorun.com\/es\/#website","url":"https:\/\/www.miomiorun.com\/es\/","name":"MioMioRun","description":"Tienda 100% running y trail","publisher":{"@id":"https:\/\/www.miomiorun.com\/es\/#organization"},"potentialAction":[{"@type":"SearchAction","target":{"@type":"EntryPoint","urlTemplate":"https:\/\/www.miomiorun.com\/es\/?s={search_term_string}"},"query-input":{"@type":"PropertyValueSpecification","valueRequired":true,"valueName":"search_term_string"}}],"inLanguage":"es-ES"},{"@type":"Organization","@id":"https:\/\/www.miomiorun.com\/es\/#organization","name":"MioMio Run","url":"https:\/\/www.miomiorun.com\/es\/","logo":{"@type":"ImageObject","inLanguage":"es-ES","@id":"https:\/\/www.miomiorun.com\/es\/#\/schema\/logo\/image\/","url":"https:\/\/www.miomiorun.com\/app\/uploads\/2019\/12\/logomio.png","contentUrl":"https:\/\/www.miomiorun.com\/app\/uploads\/2019\/12\/logomio.png","width":115,"height":82,"caption":"MioMio Run"},"image":{"@id":"https:\/\/www.miomiorun.com\/es\/#\/schema\/logo\/image\/"},"sameAs":["https:\/\/www.facebook.com\/miomiorun\/","https:\/\/www.instagram.com\/miomiorun\/"]}]}},"_links":{"self":[{"href":"https:\/\/www.miomiorun.com\/es\/wp-json\/wp\/v2\/product\/283369","targetHints":{"allow":["GET"]}}],"collection":[{"href":"https:\/\/www.miomiorun.com\/es\/wp-json\/wp\/v2\/product"}],"about":[{"href":"https:\/\/www.miomiorun.com\/es\/wp-json\/wp\/v2\/types\/product"}],"wp:featuredmedia":[{"embeddable":true,"href":"https:\/\/www.miomiorun.com\/es\/wp-json\/wp\/v2\/media\/237827"}],"wp:attachment":[{"href":"https:\/\/www.miomiorun.com\/es\/wp-json\/wp\/v2\/media?parent=283369"}],"wp:term":[{"taxonomy":"product_brand","embeddable":true,"href":"https:\/\/www.miomiorun.com\/es\/wp-json\/wp\/v2\/product_brand?post=283369"},{"taxonomy":"product_cat","embeddable":true,"href":"https:\/\/www.miomiorun.com\/es\/wp-json\/wp\/v2\/product_cat?post=283369"},{"taxonomy":"product_tag","embeddable":true,"href":"https:\/\/www.miomiorun.com\/es\/wp-json\/wp\/v2\/product_tag?post=283369"}],"curies":[{"name":"wp","href":"https:\/\/api.w.org\/{rel}","templated":true}]}}