{"id":283307,"date":"2022-09-20T15:49:23","date_gmt":"2022-09-20T13:49:23","guid":{"rendered":"https:\/\/miomiorun.com\/prodotto\/pant-wonder-magic-donna\/"},"modified":"2026-05-06T10:19:37","modified_gmt":"2026-05-06T08:19:37","slug":"pant-wonder-magic-mujer","status":"publish","type":"product","link":"https:\/\/www.miomiorun.com\/es\/producto\/pant-wonder-magic-mujer\/","title":{"rendered":"Pant Wonder Magic mujer"},"content":{"rendered":"<div class=\"single-product-description\">\n<div class=\"single-product-description\">\n<div class=\"descProdotto\">\n<p>Combinar la moda con las actividades al aire libre siempre ha sido una se\u00f1a de identidad de Crazy; los pantalones <strong>Wonder Magic<\/strong> para mujer son el modelo original con un exclusivo estilo vaquero. C\u00f3modos, siempre perfectos, no se arrugan, est\u00e1n pensados para las actividades al aire libre, pero su estilo se adapta perfectamente a cualquier momento del d\u00eda. Est\u00e1n confeccionados con un suave tejido polar italiano Vuelta. Su corte ergon\u00f3mico se adapta al cuerpo como unos coloridos pantalones ajustados.<\/p>\n<p><strong>CARACTER\u00cdSTICAS:<\/strong><\/p>\n<\/div>\n<div class=\"carProdotto\">\n<ul>\n<li>c\u00f3moda cintura el\u00e1stica<\/li>\n<li>vaqueros totalmente estampados<\/li>\n<\/ul>\n<\/div>\n<\/div>\n<\/div>\n","protected":false},"excerpt":{"rendered":"<ul>\n<li>c\u00f3moda cintura el\u00e1stica<\/li>\n<li>jeans totalmente estampados<\/li>\n<\/ul>\n","protected":false},"featured_media":237863,"template":"","meta":{"_acf_changed":false,"inline_featured_image":false},"product_brand":[],"product_cat":[24225,24401,24402],"product_tag":[23488,23646],"class_list":{"0":"post-283307","1":"product","2":"type-product","3":"status-publish","4":"has-post-thumbnail","6":"product_cat-pantalones-largos","7":"product_cat-ropa-de-mujer","8":"product_cat-mujer","9":"product_tag-crazy-idea-es","10":"product_tag-crazy-idea-mujer","11":"pa_attivita-lifestyle-es","12":"pa_attivita-outdoor-es","13":"pa_colore-pant-wonder-magic-pring-jeans-black-w-es","14":"pa_colore-pant-wonder-magic-print-light-jeans-w-es-2","15":"pa_colore-pant-wonder-magic-w-print-light-jeans-es","16":"pa_colore-pant-wonder-magic-w-print-light-jeans-2-es","17":"pa_marca-crazy-idea-es","18":"pa_sesso-mujer","19":"pa_size-xxs-es","20":"pa_size-small-es","21":"pa_size-large-es","23":"first","24":"instock","25":"sale","26":"taxable","27":"shipping-taxable","28":"purchasable","29":"product-type-variable","30":"wvs-archive-product-wrapper"},"acf":[],"yoast_head":"<!-- This site is optimized with the Yoast SEO plugin v26.8 - https:\/\/yoast.com\/product\/yoast-seo-wordpress\/ -->\n<title>Crazy Idea Pant Wonder Magic mujer - pantalones para correr - MioMioRun<\/title>\n<meta name=\"description\" content=\"Combinar la moda con el aire libre siempre ha sido una de las se\u00f1as de identidad de Crazy; los pantalones Wonder Magic para mujer son el modelo original con un exclusivo estilo vaquero.\" \/>\n<meta name=\"robots\" content=\"index, follow, max-snippet:-1, max-image-preview:large, max-video-preview:-1\" \/>\n<link rel=\"canonical\" href=\"https:\/\/www.miomiorun.com\/es\/producto\/pant-wonder-magic-mujer\/\" \/>\n<meta property=\"og:locale\" content=\"es_ES\" \/>\n<meta property=\"og:type\" content=\"article\" \/>\n<meta property=\"og:title\" content=\"Crazy Idea Pant Wonder Magic mujer - pantalones para correr - MioMioRun\" \/>\n<meta property=\"og:description\" content=\"Combinar la moda con el aire libre siempre ha sido una de las se\u00f1as de identidad de Crazy; los pantalones Wonder Magic para mujer son el modelo original con un exclusivo estilo vaquero.\" \/>\n<meta property=\"og:url\" content=\"https:\/\/www.miomiorun.com\/es\/producto\/pant-wonder-magic-mujer\/\" \/>\n<meta property=\"og:site_name\" content=\"MioMioRun\" \/>\n<meta property=\"article:publisher\" content=\"https:\/\/www.facebook.com\/miomiorun\/\" \/>\n<meta property=\"article:modified_time\" content=\"2026-05-06T08:19:37+00:00\" \/>\n<meta property=\"og:image\" content=\"https:\/\/www.miomiorun.com\/app\/uploads\/2022\/09\/crazy-idea-pant-wonder-magic-W-print-light-jeans-W22015090D-00X015.jpg\" \/>\n\t<meta property=\"og:image:width\" content=\"600\" \/>\n\t<meta property=\"og:image:height\" content=\"600\" \/>\n\t<meta property=\"og:image:type\" content=\"image\/jpeg\" \/>\n<meta name=\"twitter:card\" content=\"summary_large_image\" \/>\n<script type=\"application\/ld+json\" class=\"yoast-schema-graph\">{\"@context\":\"https:\/\/schema.org\",\"@graph\":[{\"@type\":\"WebPage\",\"@id\":\"https:\/\/www.miomiorun.com\/es\/producto\/pant-wonder-magic-mujer\/\",\"url\":\"https:\/\/www.miomiorun.com\/es\/producto\/pant-wonder-magic-mujer\/\",\"name\":\"Crazy Idea Pant Wonder Magic mujer - pantalones para correr - MioMioRun\",\"isPartOf\":{\"@id\":\"https:\/\/www.miomiorun.com\/es\/#website\"},\"primaryImageOfPage\":{\"@id\":\"https:\/\/www.miomiorun.com\/es\/producto\/pant-wonder-magic-mujer\/#primaryimage\"},\"image\":{\"@id\":\"https:\/\/www.miomiorun.com\/es\/producto\/pant-wonder-magic-mujer\/#primaryimage\"},\"thumbnailUrl\":\"https:\/\/www.miomiorun.com\/app\/uploads\/2022\/09\/crazy-idea-pant-wonder-magic-W-print-light-jeans-W22015090D-00X015.jpg\",\"datePublished\":\"2022-09-20T13:49:23+00:00\",\"dateModified\":\"2026-05-06T08:19:37+00:00\",\"description\":\"Combinar la moda con el aire libre siempre ha sido una de las se\u00f1as de identidad de Crazy; los pantalones Wonder Magic para mujer son el modelo original con un exclusivo estilo vaquero.\",\"breadcrumb\":{\"@id\":\"https:\/\/www.miomiorun.com\/es\/producto\/pant-wonder-magic-mujer\/#breadcrumb\"},\"inLanguage\":\"es-ES\",\"potentialAction\":[{\"@type\":\"ReadAction\",\"target\":[\"https:\/\/www.miomiorun.com\/es\/producto\/pant-wonder-magic-mujer\/\"]}]},{\"@type\":\"ImageObject\",\"inLanguage\":\"es-ES\",\"@id\":\"https:\/\/www.miomiorun.com\/es\/producto\/pant-wonder-magic-mujer\/#primaryimage\",\"url\":\"https:\/\/www.miomiorun.com\/app\/uploads\/2022\/09\/crazy-idea-pant-wonder-magic-W-print-light-jeans-W22015090D-00X015.jpg\",\"contentUrl\":\"https:\/\/www.miomiorun.com\/app\/uploads\/2022\/09\/crazy-idea-pant-wonder-magic-W-print-light-jeans-W22015090D-00X015.jpg\",\"width\":600,\"height\":600,\"caption\":\"crazy-idea-pant-wonder-magic-W-print-light-jeans-W22015090D-00X015\"},{\"@type\":\"BreadcrumbList\",\"@id\":\"https:\/\/www.miomiorun.com\/es\/producto\/pant-wonder-magic-mujer\/#breadcrumb\",\"itemListElement\":[{\"@type\":\"ListItem\",\"position\":1,\"name\":\"Home\",\"item\":\"https:\/\/www.miomiorun.com\/es\/\"},{\"@type\":\"ListItem\",\"position\":2,\"name\":\"Shop\",\"item\":\"https:\/\/www.miomiorun.com\/shop\/\"},{\"@type\":\"ListItem\",\"position\":3,\"name\":\"Pant Wonder Magic mujer\"}]},{\"@type\":\"WebSite\",\"@id\":\"https:\/\/www.miomiorun.com\/es\/#website\",\"url\":\"https:\/\/www.miomiorun.com\/es\/\",\"name\":\"MioMioRun\",\"description\":\"Tienda 100% running y trail\",\"publisher\":{\"@id\":\"https:\/\/www.miomiorun.com\/es\/#organization\"},\"potentialAction\":[{\"@type\":\"SearchAction\",\"target\":{\"@type\":\"EntryPoint\",\"urlTemplate\":\"https:\/\/www.miomiorun.com\/es\/?s={search_term_string}\"},\"query-input\":{\"@type\":\"PropertyValueSpecification\",\"valueRequired\":true,\"valueName\":\"search_term_string\"}}],\"inLanguage\":\"es-ES\"},{\"@type\":\"Organization\",\"@id\":\"https:\/\/www.miomiorun.com\/es\/#organization\",\"name\":\"MioMio Run\",\"url\":\"https:\/\/www.miomiorun.com\/es\/\",\"logo\":{\"@type\":\"ImageObject\",\"inLanguage\":\"es-ES\",\"@id\":\"https:\/\/www.miomiorun.com\/es\/#\/schema\/logo\/image\/\",\"url\":\"https:\/\/www.miomiorun.com\/app\/uploads\/2019\/12\/logomio.png\",\"contentUrl\":\"https:\/\/www.miomiorun.com\/app\/uploads\/2019\/12\/logomio.png\",\"width\":115,\"height\":82,\"caption\":\"MioMio Run\"},\"image\":{\"@id\":\"https:\/\/www.miomiorun.com\/es\/#\/schema\/logo\/image\/\"},\"sameAs\":[\"https:\/\/www.facebook.com\/miomiorun\/\",\"https:\/\/www.instagram.com\/miomiorun\/\"]}]}<\/script>\n<!-- \/ Yoast SEO plugin. -->","yoast_head_json":{"title":"Crazy Idea Pant Wonder Magic mujer - pantalones para correr - MioMioRun","description":"Combinar la moda con el aire libre siempre ha sido una de las se\u00f1as de identidad de Crazy; los pantalones Wonder Magic para mujer son el modelo original con un exclusivo estilo vaquero.","robots":{"index":"index","follow":"follow","max-snippet":"max-snippet:-1","max-image-preview":"max-image-preview:large","max-video-preview":"max-video-preview:-1"},"canonical":"https:\/\/www.miomiorun.com\/es\/producto\/pant-wonder-magic-mujer\/","og_locale":"es_ES","og_type":"article","og_title":"Crazy Idea Pant Wonder Magic mujer - pantalones para correr - MioMioRun","og_description":"Combinar la moda con el aire libre siempre ha sido una de las se\u00f1as de identidad de Crazy; los pantalones Wonder Magic para mujer son el modelo original con un exclusivo estilo vaquero.","og_url":"https:\/\/www.miomiorun.com\/es\/producto\/pant-wonder-magic-mujer\/","og_site_name":"MioMioRun","article_publisher":"https:\/\/www.facebook.com\/miomiorun\/","article_modified_time":"2026-05-06T08:19:37+00:00","og_image":[{"width":600,"height":600,"url":"https:\/\/www.miomiorun.com\/app\/uploads\/2022\/09\/crazy-idea-pant-wonder-magic-W-print-light-jeans-W22015090D-00X015.jpg","type":"image\/jpeg"}],"twitter_card":"summary_large_image","schema":{"@context":"https:\/\/schema.org","@graph":[{"@type":"WebPage","@id":"https:\/\/www.miomiorun.com\/es\/producto\/pant-wonder-magic-mujer\/","url":"https:\/\/www.miomiorun.com\/es\/producto\/pant-wonder-magic-mujer\/","name":"Crazy Idea Pant Wonder Magic mujer - pantalones para correr - MioMioRun","isPartOf":{"@id":"https:\/\/www.miomiorun.com\/es\/#website"},"primaryImageOfPage":{"@id":"https:\/\/www.miomiorun.com\/es\/producto\/pant-wonder-magic-mujer\/#primaryimage"},"image":{"@id":"https:\/\/www.miomiorun.com\/es\/producto\/pant-wonder-magic-mujer\/#primaryimage"},"thumbnailUrl":"https:\/\/www.miomiorun.com\/app\/uploads\/2022\/09\/crazy-idea-pant-wonder-magic-W-print-light-jeans-W22015090D-00X015.jpg","datePublished":"2022-09-20T13:49:23+00:00","dateModified":"2026-05-06T08:19:37+00:00","description":"Combinar la moda con el aire libre siempre ha sido una de las se\u00f1as de identidad de Crazy; los pantalones Wonder Magic para mujer son el modelo original con un exclusivo estilo vaquero.","breadcrumb":{"@id":"https:\/\/www.miomiorun.com\/es\/producto\/pant-wonder-magic-mujer\/#breadcrumb"},"inLanguage":"es-ES","potentialAction":[{"@type":"ReadAction","target":["https:\/\/www.miomiorun.com\/es\/producto\/pant-wonder-magic-mujer\/"]}]},{"@type":"ImageObject","inLanguage":"es-ES","@id":"https:\/\/www.miomiorun.com\/es\/producto\/pant-wonder-magic-mujer\/#primaryimage","url":"https:\/\/www.miomiorun.com\/app\/uploads\/2022\/09\/crazy-idea-pant-wonder-magic-W-print-light-jeans-W22015090D-00X015.jpg","contentUrl":"https:\/\/www.miomiorun.com\/app\/uploads\/2022\/09\/crazy-idea-pant-wonder-magic-W-print-light-jeans-W22015090D-00X015.jpg","width":600,"height":600,"caption":"crazy-idea-pant-wonder-magic-W-print-light-jeans-W22015090D-00X015"},{"@type":"BreadcrumbList","@id":"https:\/\/www.miomiorun.com\/es\/producto\/pant-wonder-magic-mujer\/#breadcrumb","itemListElement":[{"@type":"ListItem","position":1,"name":"Home","item":"https:\/\/www.miomiorun.com\/es\/"},{"@type":"ListItem","position":2,"name":"Shop","item":"https:\/\/www.miomiorun.com\/shop\/"},{"@type":"ListItem","position":3,"name":"Pant Wonder Magic mujer"}]},{"@type":"WebSite","@id":"https:\/\/www.miomiorun.com\/es\/#website","url":"https:\/\/www.miomiorun.com\/es\/","name":"MioMioRun","description":"Tienda 100% running y trail","publisher":{"@id":"https:\/\/www.miomiorun.com\/es\/#organization"},"potentialAction":[{"@type":"SearchAction","target":{"@type":"EntryPoint","urlTemplate":"https:\/\/www.miomiorun.com\/es\/?s={search_term_string}"},"query-input":{"@type":"PropertyValueSpecification","valueRequired":true,"valueName":"search_term_string"}}],"inLanguage":"es-ES"},{"@type":"Organization","@id":"https:\/\/www.miomiorun.com\/es\/#organization","name":"MioMio Run","url":"https:\/\/www.miomiorun.com\/es\/","logo":{"@type":"ImageObject","inLanguage":"es-ES","@id":"https:\/\/www.miomiorun.com\/es\/#\/schema\/logo\/image\/","url":"https:\/\/www.miomiorun.com\/app\/uploads\/2019\/12\/logomio.png","contentUrl":"https:\/\/www.miomiorun.com\/app\/uploads\/2019\/12\/logomio.png","width":115,"height":82,"caption":"MioMio Run"},"image":{"@id":"https:\/\/www.miomiorun.com\/es\/#\/schema\/logo\/image\/"},"sameAs":["https:\/\/www.facebook.com\/miomiorun\/","https:\/\/www.instagram.com\/miomiorun\/"]}]}},"_links":{"self":[{"href":"https:\/\/www.miomiorun.com\/es\/wp-json\/wp\/v2\/product\/283307","targetHints":{"allow":["GET"]}}],"collection":[{"href":"https:\/\/www.miomiorun.com\/es\/wp-json\/wp\/v2\/product"}],"about":[{"href":"https:\/\/www.miomiorun.com\/es\/wp-json\/wp\/v2\/types\/product"}],"wp:featuredmedia":[{"embeddable":true,"href":"https:\/\/www.miomiorun.com\/es\/wp-json\/wp\/v2\/media\/237863"}],"wp:attachment":[{"href":"https:\/\/www.miomiorun.com\/es\/wp-json\/wp\/v2\/media?parent=283307"}],"wp:term":[{"taxonomy":"product_brand","embeddable":true,"href":"https:\/\/www.miomiorun.com\/es\/wp-json\/wp\/v2\/product_brand?post=283307"},{"taxonomy":"product_cat","embeddable":true,"href":"https:\/\/www.miomiorun.com\/es\/wp-json\/wp\/v2\/product_cat?post=283307"},{"taxonomy":"product_tag","embeddable":true,"href":"https:\/\/www.miomiorun.com\/es\/wp-json\/wp\/v2\/product_tag?post=283307"}],"curies":[{"name":"wp","href":"https:\/\/api.w.org\/{rel}","templated":true}]}}