{"id":283276,"date":"2022-09-29T11:28:41","date_gmt":"2022-09-29T09:28:41","guid":{"rendered":"https:\/\/miomiorun.com\/prodotto\/ikarus-pant-uomo\/"},"modified":"2026-05-06T10:56:11","modified_gmt":"2026-05-06T08:56:11","slug":"ikarus-pant-hombre","status":"publish","type":"product","link":"https:\/\/www.miomiorun.com\/es\/producto\/ikarus-pant-hombre\/","title":{"rendered":"Ikarus Pant hombre"},"content":{"rendered":"<p>Un pantal\u00f3n t\u00e9cnico y vers\u00e1til con cintura ajustable y presillas para tirantes, el <strong>Ikarus Pant<\/strong> en su versi\u00f3n para hombre es una prenda imprescindible para todos los amantes del esqu\u00ed de traves\u00eda.<\/p>\n<h3>Informaci\u00f3n t\u00e9cnica:<\/h3>\n<p><img decoding=\"async\" src=\"https:\/\/www.lasportiva.com\/media\/techinfo_icons\/traspirabilita.png\" alt=\"La Sportiva\" \/><\/p>\n<p><strong>Transpirabilidad:<\/strong><br \/>\nProductos altamente transpirables para un confort clim\u00e1tico \u00f3ptimo.<\/p>\n<p><img loading=\"lazy\" decoding=\"async\" class=\"ls-is-cached lazyloaded\" src=\"https:\/\/www.lasportiva.com\/media\/techinfo_icons\/slim-fit.png\" alt=\"La Sportiva\" width=\"74\" height=\"74\" data-src=\"https:\/\/www.lasportiva.com\/media\/techinfo_icons\/slim-fit.png\" \/><\/p>\n<p><strong>Corte ajustado:<\/strong><br \/>\nCorte muy ce\u00f1ido para un rendimiento m\u00e1ximo en competici\u00f3n.<\/p>\n<p><img decoding=\"async\" src=\"https:\/\/www.lasportiva.com\/media\/techinfo_icons\/i\/d\/idrorepellenza_1.png\" alt=\"La Sportiva\" \/><\/p>\n<p><strong>Resistente al agua:<\/strong><br \/>\nPara su uso en condiciones de lluvia intensa, viento o nieve<\/p>\n<p><img decoding=\"async\" src=\"https:\/\/www.lasportiva.com\/media\/techinfo_icons\/wind-stop.png\" alt=\"La Sportiva\" \/><\/p>\n<p><strong>Cortavientos:<\/strong><br \/>\nPrendas confeccionadas con tejidos cortavientos<\/p>\n<p><img decoding=\"async\" src=\"https:\/\/www.lasportiva.com\/media\/techinfo_icons\/l\/3\/l3.png\" alt=\"La Sportiva\" \/><\/p>\n<p><strong>Capas blandas e h\u00edbridas<\/strong><\/p>\n<p><img decoding=\"async\" src=\"https:\/\/www.lasportiva.com\/media\/techinfo_icons\/i\/d\/idrobreathe_icona_125x75.png\" alt=\"La Sportiva\" \/><\/p>\n<p><strong>IDROBREATH:<br \/>\n<\/strong>Idro Breath es la membrana hidrofugante y transpirable desarrollada por La Sportiva para garantizar la m\u00e1xima protecci\u00f3n frente a los agentes atmosf\u00e9ricos, prestando al mismo tiempo la m\u00e1xima atenci\u00f3n al medio ambiente.<br \/>\nIdro Breath es totalmente libre de PFC y cuenta con la certificaci\u00f3n de cadena de suministro Bluesign\u00ae.<br \/>\nLa repelencia al agua est\u00e1 garantizada por un tejido con una columna de agua de <strong>20 000<\/strong> mm, mientras que&#8230;<\/p>\n<p><b>Corte: <\/b>Entallado<br \/>\n<b>Materiales: <\/b>Principal: (SSM01) Exterior: 100 % poli\u00e9ster reciclado &#8211; Membrana: 100 % poliuretano &#8211; Forro: 100 % poli\u00e9ster &#8211; Inserci\u00f3n: (HDL01) Parte exterior: 100 % poli\u00e9ster &#8211; Membrana: 100 % poliuretano &#8211; Forro: 100 % poli\u00e9ster &#8211; Refuerzo: (RIF05) 61 % poliamida, 31 % poli\u00e9ster, 8 % elastano<\/p>\n<p><b>Peso: <\/b>406 g (L)<\/p>\n<p>&nbsp;<\/p>\n<div class=\"item-block collapsible-plus active\" role=\"tablist\" data-collapsible=\"true\">\n<div class=\"data item title\" role=\"tab\" data-role=\"title\" aria-expanded=\"true\">\n<h3 id=\"tab-label-plus\" class=\"switch-title\">adem\u00e1s<\/h3>\n<\/div>\n<div class=\"data item content\" role=\"tabpanel\" aria-labelledby=\"tab-label-plus\" data-role=\"content\" aria-hidden=\"false\">+ Cintura ajustable con enganches para tirantes<br \/>\n+ Cremallera frontal<br \/>\n+ 2 bolsillos con cremallera y 2 bolsillos laterales de malla<\/div>\n<\/div>\n","protected":false},"excerpt":{"rendered":"<ul>\n<li>Transpirabilidad.<\/li>\n<li>Corte entallado.<\/li>\n<li>Resistente al agua.<\/li>\n<\/ul>\n","protected":false},"featured_media":237991,"template":"","meta":{"_acf_changed":false,"inline_featured_image":false},"product_brand":[],"product_cat":[24456,24463,24464],"product_tag":[23598,23600],"class_list":{"0":"post-283276","1":"product","2":"type-product","3":"status-publish","4":"has-post-thumbnail","6":"product_cat-pantalones-largos-es-2","7":"product_cat-ropa-de-hombre-es","8":"product_cat-hombre","9":"product_tag-la-sportiva-es","10":"product_tag-la-sportiva-hombre","11":"pa_attivita-outdoor-es","12":"pa_colore-ikarus-pant-crystal-sangria-es","13":"pa_marca-la-sportiva-es","14":"pa_sesso-hombre","15":"pa_size-small-es","16":"pa_size-medium-es","17":"pa_size-large-es","18":"pa_size-extra-large-es","20":"first","21":"instock","22":"sale","23":"taxable","24":"shipping-taxable","25":"purchasable","26":"product-type-variable","27":"wvs-archive-product-wrapper"},"acf":[],"yoast_head":"<!-- This site is optimized with the Yoast SEO plugin v26.8 - https:\/\/yoast.com\/product\/yoast-seo-wordpress\/ -->\n<title>La Sportiva Ikarus Pant hombre - Pantalones largos - MioMioRun<\/title>\n<meta name=\"description\" content=\"Unos pantalones t\u00e9cnicos y vers\u00e1tiles con cintura ajustable y presillas para tirantes; los Ikarus Pant, en su versi\u00f3n para hombre, son una prenda imprescindible.\" \/>\n<meta name=\"robots\" content=\"index, follow, max-snippet:-1, max-image-preview:large, max-video-preview:-1\" \/>\n<link rel=\"canonical\" href=\"https:\/\/www.miomiorun.com\/es\/producto\/ikarus-pant-hombre\/\" \/>\n<meta property=\"og:locale\" content=\"es_ES\" \/>\n<meta property=\"og:type\" content=\"article\" \/>\n<meta property=\"og:title\" content=\"La Sportiva Ikarus Pant hombre - Pantalones largos - MioMioRun\" \/>\n<meta property=\"og:description\" content=\"Unos pantalones t\u00e9cnicos y vers\u00e1tiles con cintura ajustable y presillas para tirantes; los Ikarus Pant, en su versi\u00f3n para hombre, son una prenda imprescindible.\" \/>\n<meta property=\"og:url\" content=\"https:\/\/www.miomiorun.com\/es\/producto\/ikarus-pant-hombre\/\" \/>\n<meta property=\"og:site_name\" content=\"MioMioRun\" \/>\n<meta property=\"article:publisher\" content=\"https:\/\/www.facebook.com\/miomiorun\/\" \/>\n<meta property=\"article:modified_time\" content=\"2026-05-06T08:56:11+00:00\" \/>\n<meta property=\"og:image\" content=\"https:\/\/www.miomiorun.com\/app\/uploads\/2022\/09\/la-sportiva-ikarus-pant-crystal-sangria-L60635320.jpg\" \/>\n\t<meta property=\"og:image:width\" content=\"600\" \/>\n\t<meta property=\"og:image:height\" content=\"600\" \/>\n\t<meta property=\"og:image:type\" content=\"image\/jpeg\" \/>\n<meta name=\"twitter:card\" content=\"summary_large_image\" \/>\n<meta name=\"twitter:label1\" content=\"Est. reading time\" \/>\n\t<meta name=\"twitter:data1\" content=\"1 minute\" \/>\n<script type=\"application\/ld+json\" class=\"yoast-schema-graph\">{\"@context\":\"https:\/\/schema.org\",\"@graph\":[{\"@type\":\"WebPage\",\"@id\":\"https:\/\/www.miomiorun.com\/es\/producto\/ikarus-pant-hombre\/\",\"url\":\"https:\/\/www.miomiorun.com\/es\/producto\/ikarus-pant-hombre\/\",\"name\":\"La Sportiva Ikarus Pant hombre - Pantalones largos - MioMioRun\",\"isPartOf\":{\"@id\":\"https:\/\/www.miomiorun.com\/es\/#website\"},\"primaryImageOfPage\":{\"@id\":\"https:\/\/www.miomiorun.com\/es\/producto\/ikarus-pant-hombre\/#primaryimage\"},\"image\":{\"@id\":\"https:\/\/www.miomiorun.com\/es\/producto\/ikarus-pant-hombre\/#primaryimage\"},\"thumbnailUrl\":\"https:\/\/www.miomiorun.com\/app\/uploads\/2022\/09\/la-sportiva-ikarus-pant-crystal-sangria-L60635320.jpg\",\"datePublished\":\"2022-09-29T09:28:41+00:00\",\"dateModified\":\"2026-05-06T08:56:11+00:00\",\"description\":\"Unos pantalones t\u00e9cnicos y vers\u00e1tiles con cintura ajustable y presillas para tirantes; los Ikarus Pant, en su versi\u00f3n para hombre, son una prenda imprescindible.\",\"breadcrumb\":{\"@id\":\"https:\/\/www.miomiorun.com\/es\/producto\/ikarus-pant-hombre\/#breadcrumb\"},\"inLanguage\":\"es-ES\",\"potentialAction\":[{\"@type\":\"ReadAction\",\"target\":[\"https:\/\/www.miomiorun.com\/es\/producto\/ikarus-pant-hombre\/\"]}]},{\"@type\":\"ImageObject\",\"inLanguage\":\"es-ES\",\"@id\":\"https:\/\/www.miomiorun.com\/es\/producto\/ikarus-pant-hombre\/#primaryimage\",\"url\":\"https:\/\/www.miomiorun.com\/app\/uploads\/2022\/09\/la-sportiva-ikarus-pant-crystal-sangria-L60635320.jpg\",\"contentUrl\":\"https:\/\/www.miomiorun.com\/app\/uploads\/2022\/09\/la-sportiva-ikarus-pant-crystal-sangria-L60635320.jpg\",\"width\":600,\"height\":600,\"caption\":\"la-sportiva-ikarus-pant-crystal-sangria-L60635320\"},{\"@type\":\"BreadcrumbList\",\"@id\":\"https:\/\/www.miomiorun.com\/es\/producto\/ikarus-pant-hombre\/#breadcrumb\",\"itemListElement\":[{\"@type\":\"ListItem\",\"position\":1,\"name\":\"Home\",\"item\":\"https:\/\/www.miomiorun.com\/es\/\"},{\"@type\":\"ListItem\",\"position\":2,\"name\":\"Shop\",\"item\":\"https:\/\/www.miomiorun.com\/shop\/\"},{\"@type\":\"ListItem\",\"position\":3,\"name\":\"Ikarus Pant hombre\"}]},{\"@type\":\"WebSite\",\"@id\":\"https:\/\/www.miomiorun.com\/es\/#website\",\"url\":\"https:\/\/www.miomiorun.com\/es\/\",\"name\":\"MioMioRun\",\"description\":\"Tienda 100% running y trail\",\"publisher\":{\"@id\":\"https:\/\/www.miomiorun.com\/es\/#organization\"},\"potentialAction\":[{\"@type\":\"SearchAction\",\"target\":{\"@type\":\"EntryPoint\",\"urlTemplate\":\"https:\/\/www.miomiorun.com\/es\/?s={search_term_string}\"},\"query-input\":{\"@type\":\"PropertyValueSpecification\",\"valueRequired\":true,\"valueName\":\"search_term_string\"}}],\"inLanguage\":\"es-ES\"},{\"@type\":\"Organization\",\"@id\":\"https:\/\/www.miomiorun.com\/es\/#organization\",\"name\":\"MioMio Run\",\"url\":\"https:\/\/www.miomiorun.com\/es\/\",\"logo\":{\"@type\":\"ImageObject\",\"inLanguage\":\"es-ES\",\"@id\":\"https:\/\/www.miomiorun.com\/es\/#\/schema\/logo\/image\/\",\"url\":\"https:\/\/www.miomiorun.com\/app\/uploads\/2019\/12\/logomio.png\",\"contentUrl\":\"https:\/\/www.miomiorun.com\/app\/uploads\/2019\/12\/logomio.png\",\"width\":115,\"height\":82,\"caption\":\"MioMio Run\"},\"image\":{\"@id\":\"https:\/\/www.miomiorun.com\/es\/#\/schema\/logo\/image\/\"},\"sameAs\":[\"https:\/\/www.facebook.com\/miomiorun\/\",\"https:\/\/www.instagram.com\/miomiorun\/\"]}]}<\/script>\n<!-- \/ Yoast SEO plugin. -->","yoast_head_json":{"title":"La Sportiva Ikarus Pant hombre - Pantalones largos - MioMioRun","description":"Unos pantalones t\u00e9cnicos y vers\u00e1tiles con cintura ajustable y presillas para tirantes; los Ikarus Pant, en su versi\u00f3n para hombre, son una prenda imprescindible.","robots":{"index":"index","follow":"follow","max-snippet":"max-snippet:-1","max-image-preview":"max-image-preview:large","max-video-preview":"max-video-preview:-1"},"canonical":"https:\/\/www.miomiorun.com\/es\/producto\/ikarus-pant-hombre\/","og_locale":"es_ES","og_type":"article","og_title":"La Sportiva Ikarus Pant hombre - Pantalones largos - MioMioRun","og_description":"Unos pantalones t\u00e9cnicos y vers\u00e1tiles con cintura ajustable y presillas para tirantes; los Ikarus Pant, en su versi\u00f3n para hombre, son una prenda imprescindible.","og_url":"https:\/\/www.miomiorun.com\/es\/producto\/ikarus-pant-hombre\/","og_site_name":"MioMioRun","article_publisher":"https:\/\/www.facebook.com\/miomiorun\/","article_modified_time":"2026-05-06T08:56:11+00:00","og_image":[{"width":600,"height":600,"url":"https:\/\/www.miomiorun.com\/app\/uploads\/2022\/09\/la-sportiva-ikarus-pant-crystal-sangria-L60635320.jpg","type":"image\/jpeg"}],"twitter_card":"summary_large_image","twitter_misc":{"Est. reading time":"1 minute"},"schema":{"@context":"https:\/\/schema.org","@graph":[{"@type":"WebPage","@id":"https:\/\/www.miomiorun.com\/es\/producto\/ikarus-pant-hombre\/","url":"https:\/\/www.miomiorun.com\/es\/producto\/ikarus-pant-hombre\/","name":"La Sportiva Ikarus Pant hombre - Pantalones largos - MioMioRun","isPartOf":{"@id":"https:\/\/www.miomiorun.com\/es\/#website"},"primaryImageOfPage":{"@id":"https:\/\/www.miomiorun.com\/es\/producto\/ikarus-pant-hombre\/#primaryimage"},"image":{"@id":"https:\/\/www.miomiorun.com\/es\/producto\/ikarus-pant-hombre\/#primaryimage"},"thumbnailUrl":"https:\/\/www.miomiorun.com\/app\/uploads\/2022\/09\/la-sportiva-ikarus-pant-crystal-sangria-L60635320.jpg","datePublished":"2022-09-29T09:28:41+00:00","dateModified":"2026-05-06T08:56:11+00:00","description":"Unos pantalones t\u00e9cnicos y vers\u00e1tiles con cintura ajustable y presillas para tirantes; los Ikarus Pant, en su versi\u00f3n para hombre, son una prenda imprescindible.","breadcrumb":{"@id":"https:\/\/www.miomiorun.com\/es\/producto\/ikarus-pant-hombre\/#breadcrumb"},"inLanguage":"es-ES","potentialAction":[{"@type":"ReadAction","target":["https:\/\/www.miomiorun.com\/es\/producto\/ikarus-pant-hombre\/"]}]},{"@type":"ImageObject","inLanguage":"es-ES","@id":"https:\/\/www.miomiorun.com\/es\/producto\/ikarus-pant-hombre\/#primaryimage","url":"https:\/\/www.miomiorun.com\/app\/uploads\/2022\/09\/la-sportiva-ikarus-pant-crystal-sangria-L60635320.jpg","contentUrl":"https:\/\/www.miomiorun.com\/app\/uploads\/2022\/09\/la-sportiva-ikarus-pant-crystal-sangria-L60635320.jpg","width":600,"height":600,"caption":"la-sportiva-ikarus-pant-crystal-sangria-L60635320"},{"@type":"BreadcrumbList","@id":"https:\/\/www.miomiorun.com\/es\/producto\/ikarus-pant-hombre\/#breadcrumb","itemListElement":[{"@type":"ListItem","position":1,"name":"Home","item":"https:\/\/www.miomiorun.com\/es\/"},{"@type":"ListItem","position":2,"name":"Shop","item":"https:\/\/www.miomiorun.com\/shop\/"},{"@type":"ListItem","position":3,"name":"Ikarus Pant hombre"}]},{"@type":"WebSite","@id":"https:\/\/www.miomiorun.com\/es\/#website","url":"https:\/\/www.miomiorun.com\/es\/","name":"MioMioRun","description":"Tienda 100% running y trail","publisher":{"@id":"https:\/\/www.miomiorun.com\/es\/#organization"},"potentialAction":[{"@type":"SearchAction","target":{"@type":"EntryPoint","urlTemplate":"https:\/\/www.miomiorun.com\/es\/?s={search_term_string}"},"query-input":{"@type":"PropertyValueSpecification","valueRequired":true,"valueName":"search_term_string"}}],"inLanguage":"es-ES"},{"@type":"Organization","@id":"https:\/\/www.miomiorun.com\/es\/#organization","name":"MioMio Run","url":"https:\/\/www.miomiorun.com\/es\/","logo":{"@type":"ImageObject","inLanguage":"es-ES","@id":"https:\/\/www.miomiorun.com\/es\/#\/schema\/logo\/image\/","url":"https:\/\/www.miomiorun.com\/app\/uploads\/2019\/12\/logomio.png","contentUrl":"https:\/\/www.miomiorun.com\/app\/uploads\/2019\/12\/logomio.png","width":115,"height":82,"caption":"MioMio Run"},"image":{"@id":"https:\/\/www.miomiorun.com\/es\/#\/schema\/logo\/image\/"},"sameAs":["https:\/\/www.facebook.com\/miomiorun\/","https:\/\/www.instagram.com\/miomiorun\/"]}]}},"_links":{"self":[{"href":"https:\/\/www.miomiorun.com\/es\/wp-json\/wp\/v2\/product\/283276","targetHints":{"allow":["GET"]}}],"collection":[{"href":"https:\/\/www.miomiorun.com\/es\/wp-json\/wp\/v2\/product"}],"about":[{"href":"https:\/\/www.miomiorun.com\/es\/wp-json\/wp\/v2\/types\/product"}],"wp:featuredmedia":[{"embeddable":true,"href":"https:\/\/www.miomiorun.com\/es\/wp-json\/wp\/v2\/media\/237991"}],"wp:attachment":[{"href":"https:\/\/www.miomiorun.com\/es\/wp-json\/wp\/v2\/media?parent=283276"}],"wp:term":[{"taxonomy":"product_brand","embeddable":true,"href":"https:\/\/www.miomiorun.com\/es\/wp-json\/wp\/v2\/product_brand?post=283276"},{"taxonomy":"product_cat","embeddable":true,"href":"https:\/\/www.miomiorun.com\/es\/wp-json\/wp\/v2\/product_cat?post=283276"},{"taxonomy":"product_tag","embeddable":true,"href":"https:\/\/www.miomiorun.com\/es\/wp-json\/wp\/v2\/product_tag?post=283276"}],"curies":[{"name":"wp","href":"https:\/\/api.w.org\/{rel}","templated":true}]}}