{"id":283265,"date":"2022-10-04T12:00:23","date_gmt":"2022-10-04T10:00:23","guid":{"rendered":"https:\/\/miomiorun.com\/prodotto\/garmin-venu-sq-2\/"},"modified":"2026-05-06T11:03:54","modified_gmt":"2026-05-06T09:03:54","slug":"garmin-venu-sq-2","status":"publish","type":"product","link":"https:\/\/www.miomiorun.com\/es\/producto\/garmin-venu-sq-2\/","title":{"rendered":"Venu SQ 2"},"content":{"rendered":"<p><div class=\"vc-row container\"><div class=\"vc-column\"><div class=\"vc-column-text\"><\/p>\n<div class=\"app__overview__intro\">\n<div class=\"app__layout-container app__layout-container--small app__layout-container--light\">\n<h2 class=\"app__life-style__text\">Entrena m\u00e1s y durante m\u00e1s tiempo<\/h2>\n<div class=\"app__overview__intro__description gc__copy gc__copy--light gc__copy--center gc__copy--large\" data-v-f2ba670e=\"\" data-test=\"gc__copy\">\n<p class=\"app__life-style__text\">Autonom\u00eda de la bater\u00eda de hasta 11 d\u00edas. Venu SQ 2 te ofrece una visi\u00f3n completa de tu salud. Descubre una nueva forma de moverte<br \/>\ncon m\u00e1s de 25 perfiles deportivos integrados, entrenamientos gratuitos y los planes de entrenamiento para correr de Garmin Coach. Mantente conectado gracias a la sincronizaci\u00f3n con smartphones APPLE\u00ae y ANDROID\u2122<\/p>\n<\/div>\n<\/div>\n<\/div>\n<p><\/div><div style=\"height:32px\" class=\"vc-empty-space\"><\/div> <div style=\"height:32px\" class=\"vc-empty-space\"><\/div><\/div><\/div><div class=\"vc-row container\"><div class=\"vc-column\"> <div class=\"vc-column-text\"><\/p>\n<h3 style=\"text-align: center\">\u00bfPROBLEMAS DE RECARGA? \u00a1NO, GRACIAS!<\/h3>\n<p style=\"text-align: center\">Con hasta 11 d\u00edas de autonom\u00eda en modo reloj inteligente y hasta 26 horas con el GPS activado, no tendr\u00e1s que quitarte el reloj cada noche para recargarlo, lo que significa que podr\u00e1s monitorizar tu salud las 24 horas del d\u00eda, los 7 d\u00edas de la semana.<\/p>\n<p><\/div> <\/div><div class=\"vc-column\"><div class=\"vc-column-text\"><\/p>\n<h3 style=\"text-align: center\">UN RELOJ PARA TODOS LOS D\u00cdAS<\/h3>\n<p style=\"text-align: center\">El smartwatch Venu Sq 2 tiene un dise\u00f1o que combina con cualquier conjunto e incluso puedes personalizarlo eligiendo los detalles que m\u00e1s te gusten para la caja y la correa. La brillante pantalla AMOLED y el modo \u00abalways on\u00bb opcional te permiten ver los datos m\u00e1s importantes de un solo vistazo.<\/p>\n<p><\/div><\/div><div class=\"vc-column\"><div class=\"vc-column-text\"><\/p>\n<h3 style=\"text-align: center\">DISE\u00d1ADO PARA \u00abMOVERSE\u00bb CONTIGO<\/h3>\n<p style=\"text-align: center\">Desde el resistente cristal Corning<sup>\u00ae<\/sup> Gorilla<sup>\u00ae<\/sup> Glass 3 hasta el ligero bisel de aluminio y la c\u00f3moda correa de silicona, este reloj inteligente ha sido dise\u00f1ado para adaptarse a tu estilo de vida.<\/p>\n<p><\/div><\/div><div class=\"vc-column\"><div class=\"vc-column-text\"><\/p>\n<h3 style=\"text-align: center\">FRECUENCIA CARD\u00cdACA EN LA MU\u00d1ECA<\/h3>\n<p style=\"text-align: center\">El reloj registra tu frecuencia card\u00edaca varias veces por segundo y te avisa si es demasiado alta o demasiado baja cuando est\u00e1s en reposo. Adem\u00e1s, permite medir la intensidad de las actividades, incluso mientras nadas.<\/p>\n<p><\/div><\/div><div class=\"vc-column\"><div class=\"vc-column-text\"><\/p>\n<h3 style=\"text-align: center\">MONITORIZACI\u00d3N DE LA ENERG\u00cdA BODY BATTERY\u2122<\/h3>\n<p style=\"text-align: center\">Puedes observar los niveles de energ\u00eda de tu cuerpo a lo largo del d\u00eda, para saber cu\u00e1ndo es el mejor momento para hacer ejercicio y cu\u00e1ndo es mejor descansar para recargar las pilas.<\/p>\n<p><\/div><\/div><div class=\"vc-column\"><div class=\"vc-column-text\"><\/p>\n<h3 style=\"text-align: center\">MONITORIZACI\u00d3N Y PUNTUACI\u00d3N DEL SUE\u00d1O<\/h3>\n<p style=\"text-align: center\">Descubre c\u00f3mo se recupera tu cuerpo gracias a nuestra funci\u00f3n de monitorizaci\u00f3n del sue\u00f1o. Al despertarte, recibir\u00e1s una puntuaci\u00f3n, as\u00ed como un desglose de las fases del sue\u00f1o, los datos registrados mediante Pulse Ox y la respiraci\u00f3n, junto con consejos detallados para mejorar la calidad del descanso.<\/p>\n<p><\/div><\/div><\/div><div class=\"vc-row container\"><div class=\"vc-column\"><div style=\"height:32px\" class=\"vc-empty-space\"><\/div> <\/div><\/div><div class=\"vc-row container\"><div class=\"vc-column\"><div class=\"vc-column-text\"><\/p>\n<h3 style=\"text-align: center\">DETECCI\u00d3N DEL ESTR\u00c9S<\/h3>\n<p style=\"text-align: center\">Descubre si tu d\u00eda es tranquilo, equilibrado o estresante gracias a la detecci\u00f3n 24\/7. Los recordatorios de relajaci\u00f3n te invitan a realizar breves ejercicios de respiraci\u00f3n cuando el reloj detecta un nivel alto de estr\u00e9s.<\/p>\n<p><\/div> <\/div><div class=\"vc-column\"><div class=\"vc-column-text\"><\/p>\n<h3 style=\"text-align: center\">FUNCI\u00d3N HEALTH SNAPSHOT\u2122<\/h3>\n<p style=\"text-align: center\">Con una sesi\u00f3n de 2 minutos puedes registrar estad\u00edsticas fundamentales, como la frecuencia card\u00edaca y su variabilidad, la saturaci\u00f3n de ox\u00edgeno, la respiraci\u00f3n y el estr\u00e9s. De este modo, el reloj inteligente genera un informe con estos datos para compartirlo a trav\u00e9s de la aplicaci\u00f3n Garmin Connect\u2122 en tu smartphone compatible.<\/p>\n<p><\/div><\/div><div class=\"vc-column\"><div class=\"vc-column-text\"><\/p>\n<h3 style=\"text-align: center\">CICLO MENSTRUAL Y EMBARAZO<\/h3>\n<p style=\"text-align: center\">Utiliza la aplicaci\u00f3n Garmin Connect para llevar un seguimiento de tu ciclo menstrual o tu embarazo. Anota tus s\u00edntomas, obt\u00e9n consejos sobre ejercicio f\u00edsico y alimentaci\u00f3n; con la aplicaci\u00f3n para el seguimiento de la salud femenina, incluso puedes registrar y consultar los detalles directamente en tu mu\u00f1eca.<\/p>\n<p><\/div><\/div><div class=\"vc-column\"><div class=\"vc-column-text\"><\/p>\n<h3 style=\"text-align: center\">sensor de saturaci\u00f3n de ox\u00edgeno<\/h3>\n<p style=\"text-align: center\">El sensor de saturaci\u00f3n de ox\u00edgeno permite medir la saturaci\u00f3n de ox\u00edgeno en sangre durante el d\u00eda y mientras duermes, para conocer la cantidad de ox\u00edgeno que absorbe el cuerpo.<\/p>\n<p><\/div><\/div><div class=\"vc-column\"><div class=\"vc-column-text\"><\/p>\n<h3 style=\"text-align: center\">EDAD F\u00cdSICA<\/h3>\n<p style=\"text-align: center\">Esta funci\u00f3n utiliza la edad cronol\u00f3gica, la actividad intensa semanal, la frecuencia card\u00edaca en reposo y el IMC o el porcentaje de grasa corporal para evaluar si tu cuerpo es m\u00e1s o menos joven que tu edad cronol\u00f3gica. Adem\u00e1s, puedes recibir sugerencias para reducir tu Edad F\u00edsica.<\/p>\n<p><\/div> <\/div><div class=\"vc-column\"><div class=\"vc-column-text\"><\/p>\n<h3 style=\"text-align: center\">RESPIRACI\u00d3N CONSCIENTE<\/h3>\n<p style=\"text-align: center\">Para relajarte o concentrarte, puedes iniciar un ejercicio de respiraci\u00f3n: el reloj detectar\u00e1 el estr\u00e9s y la respiraci\u00f3n, y te guiar\u00e1 para ayudarte a comprender mejor c\u00f3mo respirar de la mejor manera posible.<\/p>\n<p><\/div><\/div><\/div><div class=\"vc-row container\"><div class=\"vc-column\"><div style=\"height:32px\" class=\"vc-empty-space\"><\/div><\/div><\/div><div class=\"vc-row container\"><div class=\"vc-column\"><div class=\"vc-column-text\"><\/p>\n<h3 style=\"text-align: center\">HIDRATACI\u00d3N<\/h3>\n<p style=\"text-align: center\">Registra tu ingesta diaria de l\u00edquidos para recordarte que debes mantenerte hidratado. Tambi\u00e9n puedes establecer un objetivo autom\u00e1tico que se adapte a la cantidad de sudor perdido durante las actividades.<\/p>\n<p><\/div><\/div><div class=\"vc-column\"> <div class=\"vc-column-text\"><\/p>\n<h3 style=\"text-align: center\">RESPIRACI\u00d3N<\/h3>\n<p style=\"text-align: center\">Controla c\u00f3mo respiras a lo largo del d\u00eda, mientras duermes y durante los ejercicios de respiraci\u00f3n y las actividades de yoga.<\/p>\n<p><\/div><\/div><div class=\"vc-column\"><div class=\"vc-column-text\"><\/p>\n<h3 style=\"text-align: center\">PERFILES DEPORTIVOS PREINSTALADOS<\/h3>\n<p style=\"text-align: center\">Registra todo tipo de actividades con m\u00e1s de 25 aplicaciones preinstaladas para deportes al aire libre y en interior, entre los que se incluyen caminar, correr, ciclismo, nataci\u00f3n en piscina, golf, HIIT, tenis y muchos otros.<\/p>\n<p><\/div><\/div><div class=\"vc-column\"><div class=\"vc-column-text\"><\/p>\n<h3 style=\"text-align: center\">ENTRENAMIENTOS PREINSTALADOS<\/h3>\n<p style=\"text-align: center\">Deja que el reloj se encargue de la planificaci\u00f3n perfecta entre ejercicios de cardio, fuerza funcional, yoga, HIIT y pilates preinstalados; lo \u00fanico que tienes que hacer es entrenar. Utiliza la aplicaci\u00f3n Garmin Connect para descargar m\u00e1s entrenamientos de forma gratuita.<\/p>\n<p><\/div> <\/div><div class=\"vc-column\"><div class=\"vc-column-text\"><\/p>\n<h3 style=\"text-align: center\">CREA ENTRENAMIENTOS<\/h3>\n<p style=\"text-align: center\">Elige entre m\u00e1s de 1600 ejercicios para crear entrenamientos personalizados en la aplicaci\u00f3n Garmin Connect de tu smartphone compatible y desc\u00e1rgalos en el reloj.<\/p>\n<p><\/div><\/div><div class=\"vc-column\"><div class=\"vc-column-text\"><\/p>\n<h3 style=\"text-align: center\">ENTRENAMIENTOS HIIT<\/h3>\n<p style=\"text-align: center\">Utiliza este nuevo perfil de actividad con varios temporizadores para registrar entrenamientos HIIT, como AMRAP, EMOM, Tabata y los personalizados. Configura el n\u00famero de rondas, los intervalos de actividad\/descanso y mucho m\u00e1s.<\/p>\n<p><\/div><\/div><\/div><div class=\"vc-row container\"><div class=\"vc-column\"><div style=\"height:32px\" class=\"vc-empty-space\"><\/div> <\/div><\/div><div class=\"vc-row container\"><div class=\"vc-column\"><div class=\"vc-column-text\"><\/p>\n<h3 style=\"text-align: center\">GARMIN COACH<\/h3>\n<p style=\"text-align: center\">Disfruta de un entrenador de running personal en tu mu\u00f1eca, totalmente gratuito, que te ayudar\u00e1 a prepararte para tu pr\u00f3xima carrera de 5 km, 10 km o media marat\u00f3n.<\/p>\n<p><\/div><\/div><div class=\"vc-column\"><div class=\"vc-column-text\"><\/p>\n<h3 style=\"text-align: center\">MEDICI\u00d3N DE LA ACTIVIDAD F\u00cdSICA<\/h3>\n<p style=\"text-align: center\">Durante la actividad, el Venu Sq 2 registra los pasos, los minutos de intensidad, las calor\u00edas quemadas y mucho m\u00e1s. Incluso puedes sincronizar estos datos entre varios relojes inteligentes Garmin utilizando la aplicaci\u00f3n Garmin Connect.<\/p>\n<p><\/div><\/div><div class=\"vc-column\"><div class=\"vc-column-text\"><\/p>\n<h3 style=\"text-align: center\">MINUTOS DE INTENSIDAD<\/h3>\n<p style=\"text-align: center\">Lleva un registro de los minutos de actividad moderada e intensa y descubre en qu\u00e9 momento del d\u00eda y durante qu\u00e9 actividad los has acumulado. Tambi\u00e9n puedes a\u00f1adirlos como campo de datos en el reloj para visualizarlos durante las actividades cronometradas.<\/p>\n<p><\/div><\/div><div class=\"vc-column\"><div class=\"vc-column-text\"><\/p>\n<h3 style=\"text-align: center\">NOTIFICACIONES INTELIGENTES<\/h3>\n<p style=\"text-align: center\">Recibe correos electr\u00f3nicos, SMS y alertas directamente en el reloj si est\u00e1 emparejado con un smartphone Apple o Android. Tambi\u00e9n puedes responder a los mensajes si tienes un tel\u00e9fono Android.<\/p>\n<p><\/div><\/div><div class=\"vc-column\"><div class=\"vc-column-text\"><\/p>\n<h3 style=\"text-align: center\">FUNCIONES DE LOCALIZACI\u00d3N Y SEGURIDAD<\/h3>\n<p style=\"text-align: center\">Si necesitas ayuda, cuando el reloj y el smartphone compatible est\u00e9n emparejados, puedes compartir f\u00e1cilmente con contactos preseleccionados un mensaje con tu ubicaci\u00f3n en tiempo real.<\/p>\n<p><\/div><\/div><\/div><div class=\"vc-row container\"><div class=\"vc-column\"><div style=\"height:32px\" class=\"vc-empty-space\"><\/div><\/div><\/div><div class=\"vc-row container\"><div class=\"vc-column\"><div class=\"vc-column-text\"><\/p>\n<h3 style=\"text-align: center\">PAGOS SIN CONTACTO<\/h3>\n<p style=\"text-align: center\">Paga de forma segura, f\u00e1cil y r\u00e1pida gracias al sistema de pago sin contacto Garmin Pay, solo en los establecimientos habilitados.<\/p>\n<p><\/div><\/div><div class=\"vc-column\"><div class=\"vc-column-text\"><\/p>\n<h3 style=\"text-align: center\">CONNECT IQ\u2122 STORE<\/h3>\n<p style=\"text-align: center\">Descarga aplicaciones seleccionadas, esferas y mucho m\u00e1s desde la tienda Connect IQ Store directamente en el reloj o descubre otras opciones en la aplicaci\u00f3n para smartphones. Es f\u00e1cil y, lo mejor de todo, gratis.<\/p>\n<p><\/div><\/div><div class=\"vc-column\"><div class=\"vc-column-text\"><\/p>\n<h3 style=\"text-align: center\">MODO DE AHORRO DE ENERG\u00cdA<\/h3>\n<p style=\"text-align: center\">Puedes sacar a\u00fan m\u00e1s partido a tu reloj inteligente activando o desactivando esta configuraci\u00f3n para optimizar la duraci\u00f3n de la bater\u00eda.<\/p>\n<p><\/div><\/div><div class=\"vc-column\"><div class=\"vc-column-text\"><\/p>\n<h3 style=\"text-align: center\">RESISTENTE AL AGUA<\/h3>\n<p style=\"text-align: center\">No te preocupes si se moja tu reloj, est\u00e1 dise\u00f1ado precisamente para eso.<\/p>\n<p><\/div><\/div><div class=\"vc-column\"><div class=\"vc-column-text\"><\/p>\n<h3 style=\"text-align: center\">APLICACI\u00d3N GARMIN CONNECT<\/h3>\n<p style=\"text-align: center\">Consulta informaci\u00f3n sobre tu estado de salud y tu forma f\u00edsica, con\u00e9ctate y compite con tus amigos, ap\u00fantate a retos para ganar insignias; todo esto en una \u00fanica aplicaci\u00f3n gratuita.<\/p>\n<p><\/div><\/div><\/div><\/p>\n","protected":false},"excerpt":{"rendered":"","protected":false},"featured_media":238059,"template":"","meta":{"_acf_changed":false,"inline_featured_image":false},"product_brand":[],"product_cat":[24210,22536,24215,24212],"product_tag":[23481],"class_list":{"0":"post-283265","1":"product","2":"type-product","3":"status-publish","4":"has-post-thumbnail","6":"product_cat-fitness-es","7":"product_cat-garmin-es","8":"product_cat-natacion","9":"product_cat-running-es","10":"product_tag-garmin-es","11":"pa_colore-venu-sq-2-cool-mint-metallic-mint-es","12":"pa_colore-venu-sq-2-french-gray-cream-gold-es","13":"pa_colore-venu-sq-2-music-black-slate-es","14":"pa_colore-venu-sq-2-music-ivory-peach-gold-es","15":"pa_colore-venu-sq-2-shadow-gray-slate-es","16":"pa_colore-venu-sq-2-white-cream-gold-es","17":"pa_marca-garmin-es","18":"pa_modello-music-es","19":"pa_modello-standard-es","20":"pa_sesso-hombre","21":"pa_sesso-mujer","23":"first","24":"instock","25":"sale","26":"taxable","27":"shipping-taxable","28":"purchasable","29":"product-type-variable","30":"wvs-archive-product-wrapper"},"acf":[],"yoast_head":"<!-- This site is optimized with the Yoast SEO plugin v26.8 - https:\/\/yoast.com\/product\/yoast-seo-wordpress\/ -->\n<title>Garmin Venu SQ 2 - Venta de dispositivos Garmin - MioMioRun.com<\/title>\n<meta name=\"description\" content=\"Autonom\u00eda de la bater\u00eda de hasta 11 d\u00edas. El Venu SQ 2 te ofrece una visi\u00f3n completa de tu salud y una nueva forma de moverte\" \/>\n<meta name=\"robots\" content=\"index, follow, max-snippet:-1, max-image-preview:large, max-video-preview:-1\" \/>\n<link rel=\"canonical\" href=\"https:\/\/www.miomiorun.com\/es\/producto\/garmin-venu-sq-2\/\" \/>\n<meta property=\"og:locale\" content=\"es_ES\" \/>\n<meta property=\"og:type\" content=\"article\" \/>\n<meta property=\"og:title\" content=\"Garmin Venu SQ 2 - Venta de dispositivos Garmin - MioMioRun.com\" \/>\n<meta property=\"og:description\" content=\"Autonom\u00eda de la bater\u00eda de hasta 11 d\u00edas. El Venu SQ 2 te ofrece una visi\u00f3n completa de tu salud y una nueva forma de moverte\" \/>\n<meta property=\"og:url\" content=\"https:\/\/www.miomiorun.com\/es\/producto\/garmin-venu-sq-2\/\" \/>\n<meta property=\"og:site_name\" content=\"MioMioRun\" \/>\n<meta property=\"article:publisher\" content=\"https:\/\/www.facebook.com\/miomiorun\/\" \/>\n<meta property=\"article:modified_time\" content=\"2026-05-06T09:03:54+00:00\" \/>\n<meta property=\"og:image\" content=\"https:\/\/www.miomiorun.com\/app\/uploads\/2022\/10\/garmin-venu-sq-2-shadow-gray-slate-010-02701-10.jpg\" \/>\n\t<meta property=\"og:image:width\" content=\"600\" \/>\n\t<meta property=\"og:image:height\" content=\"600\" \/>\n\t<meta property=\"og:image:type\" content=\"image\/jpeg\" \/>\n<meta name=\"twitter:card\" content=\"summary_large_image\" \/>\n<meta name=\"twitter:label1\" content=\"Est. reading time\" \/>\n\t<meta name=\"twitter:data1\" content=\"9 minutes\" \/>\n<script type=\"application\/ld+json\" class=\"yoast-schema-graph\">{\"@context\":\"https:\/\/schema.org\",\"@graph\":[{\"@type\":\"WebPage\",\"@id\":\"https:\/\/www.miomiorun.com\/es\/producto\/garmin-venu-sq-2\/\",\"url\":\"https:\/\/www.miomiorun.com\/es\/producto\/garmin-venu-sq-2\/\",\"name\":\"Garmin Venu SQ 2 - Venta de dispositivos Garmin - MioMioRun.com\",\"isPartOf\":{\"@id\":\"https:\/\/www.miomiorun.com\/es\/#website\"},\"primaryImageOfPage\":{\"@id\":\"https:\/\/www.miomiorun.com\/es\/producto\/garmin-venu-sq-2\/#primaryimage\"},\"image\":{\"@id\":\"https:\/\/www.miomiorun.com\/es\/producto\/garmin-venu-sq-2\/#primaryimage\"},\"thumbnailUrl\":\"https:\/\/www.miomiorun.com\/app\/uploads\/2022\/10\/garmin-venu-sq-2-shadow-gray-slate-010-02701-10.jpg\",\"datePublished\":\"2022-10-04T10:00:23+00:00\",\"dateModified\":\"2026-05-06T09:03:54+00:00\",\"description\":\"Autonom\u00eda de la bater\u00eda de hasta 11 d\u00edas. El Venu SQ 2 te ofrece una visi\u00f3n completa de tu salud y una nueva forma de moverte\",\"breadcrumb\":{\"@id\":\"https:\/\/www.miomiorun.com\/es\/producto\/garmin-venu-sq-2\/#breadcrumb\"},\"inLanguage\":\"es-ES\",\"potentialAction\":[{\"@type\":\"ReadAction\",\"target\":[\"https:\/\/www.miomiorun.com\/es\/producto\/garmin-venu-sq-2\/\"]}]},{\"@type\":\"ImageObject\",\"inLanguage\":\"es-ES\",\"@id\":\"https:\/\/www.miomiorun.com\/es\/producto\/garmin-venu-sq-2\/#primaryimage\",\"url\":\"https:\/\/www.miomiorun.com\/app\/uploads\/2022\/10\/garmin-venu-sq-2-shadow-gray-slate-010-02701-10.jpg\",\"contentUrl\":\"https:\/\/www.miomiorun.com\/app\/uploads\/2022\/10\/garmin-venu-sq-2-shadow-gray-slate-010-02701-10.jpg\",\"width\":600,\"height\":600,\"caption\":\"garmin-venu-sq-2-shadow-gray-slate-010-02701-10\"},{\"@type\":\"BreadcrumbList\",\"@id\":\"https:\/\/www.miomiorun.com\/es\/producto\/garmin-venu-sq-2\/#breadcrumb\",\"itemListElement\":[{\"@type\":\"ListItem\",\"position\":1,\"name\":\"Home\",\"item\":\"https:\/\/www.miomiorun.com\/es\/\"},{\"@type\":\"ListItem\",\"position\":2,\"name\":\"Shop\",\"item\":\"https:\/\/www.miomiorun.com\/shop\/\"},{\"@type\":\"ListItem\",\"position\":3,\"name\":\"Venu SQ 2\"}]},{\"@type\":\"WebSite\",\"@id\":\"https:\/\/www.miomiorun.com\/es\/#website\",\"url\":\"https:\/\/www.miomiorun.com\/es\/\",\"name\":\"MioMioRun\",\"description\":\"Tienda 100% running y trail\",\"publisher\":{\"@id\":\"https:\/\/www.miomiorun.com\/es\/#organization\"},\"potentialAction\":[{\"@type\":\"SearchAction\",\"target\":{\"@type\":\"EntryPoint\",\"urlTemplate\":\"https:\/\/www.miomiorun.com\/es\/?s={search_term_string}\"},\"query-input\":{\"@type\":\"PropertyValueSpecification\",\"valueRequired\":true,\"valueName\":\"search_term_string\"}}],\"inLanguage\":\"es-ES\"},{\"@type\":\"Organization\",\"@id\":\"https:\/\/www.miomiorun.com\/es\/#organization\",\"name\":\"MioMio Run\",\"url\":\"https:\/\/www.miomiorun.com\/es\/\",\"logo\":{\"@type\":\"ImageObject\",\"inLanguage\":\"es-ES\",\"@id\":\"https:\/\/www.miomiorun.com\/es\/#\/schema\/logo\/image\/\",\"url\":\"https:\/\/www.miomiorun.com\/app\/uploads\/2019\/12\/logomio.png\",\"contentUrl\":\"https:\/\/www.miomiorun.com\/app\/uploads\/2019\/12\/logomio.png\",\"width\":115,\"height\":82,\"caption\":\"MioMio Run\"},\"image\":{\"@id\":\"https:\/\/www.miomiorun.com\/es\/#\/schema\/logo\/image\/\"},\"sameAs\":[\"https:\/\/www.facebook.com\/miomiorun\/\",\"https:\/\/www.instagram.com\/miomiorun\/\"]}]}<\/script>\n<!-- \/ Yoast SEO plugin. -->","yoast_head_json":{"title":"Garmin Venu SQ 2 - Venta de dispositivos Garmin - MioMioRun.com","description":"Autonom\u00eda de la bater\u00eda de hasta 11 d\u00edas. El Venu SQ 2 te ofrece una visi\u00f3n completa de tu salud y una nueva forma de moverte","robots":{"index":"index","follow":"follow","max-snippet":"max-snippet:-1","max-image-preview":"max-image-preview:large","max-video-preview":"max-video-preview:-1"},"canonical":"https:\/\/www.miomiorun.com\/es\/producto\/garmin-venu-sq-2\/","og_locale":"es_ES","og_type":"article","og_title":"Garmin Venu SQ 2 - Venta de dispositivos Garmin - MioMioRun.com","og_description":"Autonom\u00eda de la bater\u00eda de hasta 11 d\u00edas. El Venu SQ 2 te ofrece una visi\u00f3n completa de tu salud y una nueva forma de moverte","og_url":"https:\/\/www.miomiorun.com\/es\/producto\/garmin-venu-sq-2\/","og_site_name":"MioMioRun","article_publisher":"https:\/\/www.facebook.com\/miomiorun\/","article_modified_time":"2026-05-06T09:03:54+00:00","og_image":[{"width":600,"height":600,"url":"https:\/\/www.miomiorun.com\/app\/uploads\/2022\/10\/garmin-venu-sq-2-shadow-gray-slate-010-02701-10.jpg","type":"image\/jpeg"}],"twitter_card":"summary_large_image","twitter_misc":{"Est. reading time":"9 minutes"},"schema":{"@context":"https:\/\/schema.org","@graph":[{"@type":"WebPage","@id":"https:\/\/www.miomiorun.com\/es\/producto\/garmin-venu-sq-2\/","url":"https:\/\/www.miomiorun.com\/es\/producto\/garmin-venu-sq-2\/","name":"Garmin Venu SQ 2 - Venta de dispositivos Garmin - MioMioRun.com","isPartOf":{"@id":"https:\/\/www.miomiorun.com\/es\/#website"},"primaryImageOfPage":{"@id":"https:\/\/www.miomiorun.com\/es\/producto\/garmin-venu-sq-2\/#primaryimage"},"image":{"@id":"https:\/\/www.miomiorun.com\/es\/producto\/garmin-venu-sq-2\/#primaryimage"},"thumbnailUrl":"https:\/\/www.miomiorun.com\/app\/uploads\/2022\/10\/garmin-venu-sq-2-shadow-gray-slate-010-02701-10.jpg","datePublished":"2022-10-04T10:00:23+00:00","dateModified":"2026-05-06T09:03:54+00:00","description":"Autonom\u00eda de la bater\u00eda de hasta 11 d\u00edas. El Venu SQ 2 te ofrece una visi\u00f3n completa de tu salud y una nueva forma de moverte","breadcrumb":{"@id":"https:\/\/www.miomiorun.com\/es\/producto\/garmin-venu-sq-2\/#breadcrumb"},"inLanguage":"es-ES","potentialAction":[{"@type":"ReadAction","target":["https:\/\/www.miomiorun.com\/es\/producto\/garmin-venu-sq-2\/"]}]},{"@type":"ImageObject","inLanguage":"es-ES","@id":"https:\/\/www.miomiorun.com\/es\/producto\/garmin-venu-sq-2\/#primaryimage","url":"https:\/\/www.miomiorun.com\/app\/uploads\/2022\/10\/garmin-venu-sq-2-shadow-gray-slate-010-02701-10.jpg","contentUrl":"https:\/\/www.miomiorun.com\/app\/uploads\/2022\/10\/garmin-venu-sq-2-shadow-gray-slate-010-02701-10.jpg","width":600,"height":600,"caption":"garmin-venu-sq-2-shadow-gray-slate-010-02701-10"},{"@type":"BreadcrumbList","@id":"https:\/\/www.miomiorun.com\/es\/producto\/garmin-venu-sq-2\/#breadcrumb","itemListElement":[{"@type":"ListItem","position":1,"name":"Home","item":"https:\/\/www.miomiorun.com\/es\/"},{"@type":"ListItem","position":2,"name":"Shop","item":"https:\/\/www.miomiorun.com\/shop\/"},{"@type":"ListItem","position":3,"name":"Venu SQ 2"}]},{"@type":"WebSite","@id":"https:\/\/www.miomiorun.com\/es\/#website","url":"https:\/\/www.miomiorun.com\/es\/","name":"MioMioRun","description":"Tienda 100% running y trail","publisher":{"@id":"https:\/\/www.miomiorun.com\/es\/#organization"},"potentialAction":[{"@type":"SearchAction","target":{"@type":"EntryPoint","urlTemplate":"https:\/\/www.miomiorun.com\/es\/?s={search_term_string}"},"query-input":{"@type":"PropertyValueSpecification","valueRequired":true,"valueName":"search_term_string"}}],"inLanguage":"es-ES"},{"@type":"Organization","@id":"https:\/\/www.miomiorun.com\/es\/#organization","name":"MioMio Run","url":"https:\/\/www.miomiorun.com\/es\/","logo":{"@type":"ImageObject","inLanguage":"es-ES","@id":"https:\/\/www.miomiorun.com\/es\/#\/schema\/logo\/image\/","url":"https:\/\/www.miomiorun.com\/app\/uploads\/2019\/12\/logomio.png","contentUrl":"https:\/\/www.miomiorun.com\/app\/uploads\/2019\/12\/logomio.png","width":115,"height":82,"caption":"MioMio Run"},"image":{"@id":"https:\/\/www.miomiorun.com\/es\/#\/schema\/logo\/image\/"},"sameAs":["https:\/\/www.facebook.com\/miomiorun\/","https:\/\/www.instagram.com\/miomiorun\/"]}]}},"_links":{"self":[{"href":"https:\/\/www.miomiorun.com\/es\/wp-json\/wp\/v2\/product\/283265","targetHints":{"allow":["GET"]}}],"collection":[{"href":"https:\/\/www.miomiorun.com\/es\/wp-json\/wp\/v2\/product"}],"about":[{"href":"https:\/\/www.miomiorun.com\/es\/wp-json\/wp\/v2\/types\/product"}],"wp:featuredmedia":[{"embeddable":true,"href":"https:\/\/www.miomiorun.com\/es\/wp-json\/wp\/v2\/media\/238059"}],"wp:attachment":[{"href":"https:\/\/www.miomiorun.com\/es\/wp-json\/wp\/v2\/media?parent=283265"}],"wp:term":[{"taxonomy":"product_brand","embeddable":true,"href":"https:\/\/www.miomiorun.com\/es\/wp-json\/wp\/v2\/product_brand?post=283265"},{"taxonomy":"product_cat","embeddable":true,"href":"https:\/\/www.miomiorun.com\/es\/wp-json\/wp\/v2\/product_cat?post=283265"},{"taxonomy":"product_tag","embeddable":true,"href":"https:\/\/www.miomiorun.com\/es\/wp-json\/wp\/v2\/product_tag?post=283265"}],"curies":[{"name":"wp","href":"https:\/\/api.w.org\/{rel}","templated":true}]}}