{"id":283234,"date":"2022-05-04T11:20:00","date_gmt":"2022-05-04T09:20:00","guid":{"rendered":"https:\/\/miomiorun.com\/prodotto\/montura-wonderland-jacket-donna\/"},"modified":"2026-05-08T21:29:45","modified_gmt":"2026-05-08T19:29:45","slug":"montura-wonderland-jacket-mujer","status":"publish","type":"product","link":"https:\/\/www.miomiorun.com\/es\/producto\/montura-wonderland-jacket-mujer\/","title":{"rendered":"Wonderland Jacket mujer"},"content":{"rendered":"<div class=\"product-attribute product-attribute-passion\">\n<p>La chaqueta <strong>Wonderland Jacket<\/strong> para mujer es una chaqueta parcialmente acolchada y con capucha. Est\u00e1 confeccionada en tejido de nailon de dos capas, mientras que la espalda est\u00e1 revestida con tejido el\u00e1stico DWR.<\/p>\n<p>El relleno es ultraligero, de poli\u00e9ster Comfortemp\u00ae de 40 g, y es una prenda perfecta para practicar deportes al aire libre en alta monta\u00f1a.<\/p>\n<p><strong>Caracter\u00edsticas:<\/strong><\/p>\n<p>\u2022 Chaqueta para mujer parcialmente acolchada con capucha<br \/>\n\u2022 Tejido de nailon de 2 capas con tratamiento DWR y membrana 15K\/15K<br \/>\n\u2022 Espalda de tejido el\u00e1stico con tratamiento DWR, construcci\u00f3n h\u00edbrida de doble tejido y alto volumen<br \/>\n\u2022 Parcialmente forrada con tejido de nailon<br \/>\n\u2022 Acolchado ultraligero de poli\u00e9ster Comfortemp\u00ae 40 g<br \/>\n\u2022 Cierre de cremallera en el centro delantero, bolsillos laterales con cremallera<br \/>\n\u2022 Capucha, pu\u00f1os y bajo con ribete el\u00e1stico<br \/>\n\u2022 Prenda ideal para escalada, alpinismo y diversas actividades al aire libre<\/p>\n<p class=\"product-weight\">Peso: 0,33 kg<\/p>\n<\/div>\n","protected":false},"excerpt":{"rendered":"<p>La chaqueta Wonderland Jacket para mujer es una chaqueta parcialmente acolchada y con capucha. Est\u00e1 confeccionada en tejido de nailon de dos capas, mientras que la espalda est\u00e1 revestida con tejido el\u00e1stico DWR. El relleno es ultraligero, de poli\u00e9ster Comfortemp\u00ae de 40 g, y es una prenda perfecta para practicar deportes al aire libre en &hellip; <a href=\"https:\/\/www.miomiorun.com\/es\/producto\/montura-wonderland-jacket-mujer\/\">Continued<\/a><\/p>\n","protected":false},"featured_media":236590,"template":"","meta":{"_acf_changed":false,"inline_featured_image":false},"product_brand":[],"product_cat":[24398,24401,24402],"product_tag":[23513,23631],"class_list":{"0":"post-283234","1":"product","2":"type-product","3":"status-publish","4":"has-post-thumbnail","6":"product_cat-chaquetas","7":"product_cat-ropa-de-mujer","8":"product_cat-mujer","9":"product_tag-montura-es","10":"product_tag-montura-mujer","11":"pa_attivita-caminar","12":"pa_attivita-outdoor-es","13":"pa_colore-wonderland-jacket-w-nero-verde-lime-es","14":"pa_marca-montura-es","15":"pa_sesso-mujer","16":"pa_size-medium-es","17":"pa_size-large-es","19":"first","20":"instock","21":"taxable","22":"shipping-taxable","23":"purchasable","24":"product-type-variable","25":"wvs-archive-product-wrapper"},"acf":[],"yoast_head":"<!-- This site is optimized with the Yoast SEO plugin v26.8 - https:\/\/yoast.com\/product\/yoast-seo-wordpress\/ -->\n<title>Montura Titolo Pagina SeparatoreChaqueta de invierno Separatore Titolo del sitoWonderland Jacket mujer -Chaqueta de invierno - MioMioRun<\/title>\n<meta name=\"description\" content=\"La chaqueta Wonderland para mujer es una chaqueta parcialmente acolchada y con capucha. Confeccionada en tejido de nailon.\" \/>\n<meta name=\"robots\" content=\"index, follow, max-snippet:-1, max-image-preview:large, max-video-preview:-1\" \/>\n<link rel=\"canonical\" href=\"https:\/\/www.miomiorun.com\/es\/producto\/montura-wonderland-jacket-mujer\/\" \/>\n<meta property=\"og:locale\" content=\"es_ES\" \/>\n<meta property=\"og:type\" content=\"article\" \/>\n<meta property=\"og:title\" content=\"Montura Titolo Pagina SeparatoreChaqueta de invierno Separatore Titolo del sitoWonderland Jacket mujer -Chaqueta de invierno - MioMioRun\" \/>\n<meta property=\"og:description\" content=\"La chaqueta Wonderland para mujer es una chaqueta parcialmente acolchada y con capucha. Confeccionada en tejido de nailon.\" \/>\n<meta property=\"og:url\" content=\"https:\/\/www.miomiorun.com\/es\/producto\/montura-wonderland-jacket-mujer\/\" \/>\n<meta property=\"og:site_name\" content=\"MioMioRun\" \/>\n<meta property=\"article:publisher\" content=\"https:\/\/www.facebook.com\/miomiorun\/\" \/>\n<meta property=\"article:modified_time\" content=\"2026-05-08T19:29:45+00:00\" \/>\n<meta property=\"og:image\" content=\"https:\/\/www.miomiorun.com\/app\/uploads\/2022\/05\/montura-wonderland-jacket-W-nero-verde-lime-MJAD45W-9047.jpg\" \/>\n\t<meta property=\"og:image:width\" content=\"600\" \/>\n\t<meta property=\"og:image:height\" content=\"600\" \/>\n\t<meta property=\"og:image:type\" content=\"image\/jpeg\" \/>\n<meta name=\"twitter:card\" content=\"summary_large_image\" \/>\n<meta name=\"twitter:label1\" content=\"Est. reading time\" \/>\n\t<meta name=\"twitter:data1\" content=\"1 minute\" \/>\n<script type=\"application\/ld+json\" class=\"yoast-schema-graph\">{\"@context\":\"https:\/\/schema.org\",\"@graph\":[{\"@type\":\"WebPage\",\"@id\":\"https:\/\/www.miomiorun.com\/es\/producto\/montura-wonderland-jacket-mujer\/\",\"url\":\"https:\/\/www.miomiorun.com\/es\/producto\/montura-wonderland-jacket-mujer\/\",\"name\":\"Montura Titolo Pagina SeparatoreChaqueta de invierno Separatore Titolo del sitoWonderland Jacket mujer -Chaqueta de invierno - MioMioRun\",\"isPartOf\":{\"@id\":\"https:\/\/www.miomiorun.com\/es\/#website\"},\"primaryImageOfPage\":{\"@id\":\"https:\/\/www.miomiorun.com\/es\/producto\/montura-wonderland-jacket-mujer\/#primaryimage\"},\"image\":{\"@id\":\"https:\/\/www.miomiorun.com\/es\/producto\/montura-wonderland-jacket-mujer\/#primaryimage\"},\"thumbnailUrl\":\"https:\/\/www.miomiorun.com\/app\/uploads\/2022\/05\/montura-wonderland-jacket-W-nero-verde-lime-MJAD45W-9047.jpg\",\"datePublished\":\"2022-05-04T09:20:00+00:00\",\"dateModified\":\"2026-05-08T19:29:45+00:00\",\"description\":\"La chaqueta Wonderland para mujer es una chaqueta parcialmente acolchada y con capucha. Confeccionada en tejido de nailon.\",\"breadcrumb\":{\"@id\":\"https:\/\/www.miomiorun.com\/es\/producto\/montura-wonderland-jacket-mujer\/#breadcrumb\"},\"inLanguage\":\"es-ES\",\"potentialAction\":[{\"@type\":\"ReadAction\",\"target\":[\"https:\/\/www.miomiorun.com\/es\/producto\/montura-wonderland-jacket-mujer\/\"]}]},{\"@type\":\"ImageObject\",\"inLanguage\":\"es-ES\",\"@id\":\"https:\/\/www.miomiorun.com\/es\/producto\/montura-wonderland-jacket-mujer\/#primaryimage\",\"url\":\"https:\/\/www.miomiorun.com\/app\/uploads\/2022\/05\/montura-wonderland-jacket-W-nero-verde-lime-MJAD45W-9047.jpg\",\"contentUrl\":\"https:\/\/www.miomiorun.com\/app\/uploads\/2022\/05\/montura-wonderland-jacket-W-nero-verde-lime-MJAD45W-9047.jpg\",\"width\":600,\"height\":600,\"caption\":\"montura-wonderland-jacket-W-nero-verde-lime-MJAD45W-9047\"},{\"@type\":\"BreadcrumbList\",\"@id\":\"https:\/\/www.miomiorun.com\/es\/producto\/montura-wonderland-jacket-mujer\/#breadcrumb\",\"itemListElement\":[{\"@type\":\"ListItem\",\"position\":1,\"name\":\"Home\",\"item\":\"https:\/\/www.miomiorun.com\/es\/\"},{\"@type\":\"ListItem\",\"position\":2,\"name\":\"Shop\",\"item\":\"https:\/\/www.miomiorun.com\/shop\/\"},{\"@type\":\"ListItem\",\"position\":3,\"name\":\"Wonderland Jacket mujer\"}]},{\"@type\":\"WebSite\",\"@id\":\"https:\/\/www.miomiorun.com\/es\/#website\",\"url\":\"https:\/\/www.miomiorun.com\/es\/\",\"name\":\"MioMioRun\",\"description\":\"Tienda 100% running y trail\",\"publisher\":{\"@id\":\"https:\/\/www.miomiorun.com\/es\/#organization\"},\"potentialAction\":[{\"@type\":\"SearchAction\",\"target\":{\"@type\":\"EntryPoint\",\"urlTemplate\":\"https:\/\/www.miomiorun.com\/es\/?s={search_term_string}\"},\"query-input\":{\"@type\":\"PropertyValueSpecification\",\"valueRequired\":true,\"valueName\":\"search_term_string\"}}],\"inLanguage\":\"es-ES\"},{\"@type\":\"Organization\",\"@id\":\"https:\/\/www.miomiorun.com\/es\/#organization\",\"name\":\"MioMio Run\",\"url\":\"https:\/\/www.miomiorun.com\/es\/\",\"logo\":{\"@type\":\"ImageObject\",\"inLanguage\":\"es-ES\",\"@id\":\"https:\/\/www.miomiorun.com\/es\/#\/schema\/logo\/image\/\",\"url\":\"https:\/\/www.miomiorun.com\/app\/uploads\/2019\/12\/logomio.png\",\"contentUrl\":\"https:\/\/www.miomiorun.com\/app\/uploads\/2019\/12\/logomio.png\",\"width\":115,\"height\":82,\"caption\":\"MioMio Run\"},\"image\":{\"@id\":\"https:\/\/www.miomiorun.com\/es\/#\/schema\/logo\/image\/\"},\"sameAs\":[\"https:\/\/www.facebook.com\/miomiorun\/\",\"https:\/\/www.instagram.com\/miomiorun\/\"]}]}<\/script>\n<!-- \/ Yoast SEO plugin. -->","yoast_head_json":{"title":"Montura Titolo Pagina SeparatoreChaqueta de invierno Separatore Titolo del sitoWonderland Jacket mujer -Chaqueta de invierno - MioMioRun","description":"La chaqueta Wonderland para mujer es una chaqueta parcialmente acolchada y con capucha. Confeccionada en tejido de nailon.","robots":{"index":"index","follow":"follow","max-snippet":"max-snippet:-1","max-image-preview":"max-image-preview:large","max-video-preview":"max-video-preview:-1"},"canonical":"https:\/\/www.miomiorun.com\/es\/producto\/montura-wonderland-jacket-mujer\/","og_locale":"es_ES","og_type":"article","og_title":"Montura Titolo Pagina SeparatoreChaqueta de invierno Separatore Titolo del sitoWonderland Jacket mujer -Chaqueta de invierno - MioMioRun","og_description":"La chaqueta Wonderland para mujer es una chaqueta parcialmente acolchada y con capucha. Confeccionada en tejido de nailon.","og_url":"https:\/\/www.miomiorun.com\/es\/producto\/montura-wonderland-jacket-mujer\/","og_site_name":"MioMioRun","article_publisher":"https:\/\/www.facebook.com\/miomiorun\/","article_modified_time":"2026-05-08T19:29:45+00:00","og_image":[{"width":600,"height":600,"url":"https:\/\/www.miomiorun.com\/app\/uploads\/2022\/05\/montura-wonderland-jacket-W-nero-verde-lime-MJAD45W-9047.jpg","type":"image\/jpeg"}],"twitter_card":"summary_large_image","twitter_misc":{"Est. reading time":"1 minute"},"schema":{"@context":"https:\/\/schema.org","@graph":[{"@type":"WebPage","@id":"https:\/\/www.miomiorun.com\/es\/producto\/montura-wonderland-jacket-mujer\/","url":"https:\/\/www.miomiorun.com\/es\/producto\/montura-wonderland-jacket-mujer\/","name":"Montura Titolo Pagina SeparatoreChaqueta de invierno Separatore Titolo del sitoWonderland Jacket mujer -Chaqueta de invierno - MioMioRun","isPartOf":{"@id":"https:\/\/www.miomiorun.com\/es\/#website"},"primaryImageOfPage":{"@id":"https:\/\/www.miomiorun.com\/es\/producto\/montura-wonderland-jacket-mujer\/#primaryimage"},"image":{"@id":"https:\/\/www.miomiorun.com\/es\/producto\/montura-wonderland-jacket-mujer\/#primaryimage"},"thumbnailUrl":"https:\/\/www.miomiorun.com\/app\/uploads\/2022\/05\/montura-wonderland-jacket-W-nero-verde-lime-MJAD45W-9047.jpg","datePublished":"2022-05-04T09:20:00+00:00","dateModified":"2026-05-08T19:29:45+00:00","description":"La chaqueta Wonderland para mujer es una chaqueta parcialmente acolchada y con capucha. Confeccionada en tejido de nailon.","breadcrumb":{"@id":"https:\/\/www.miomiorun.com\/es\/producto\/montura-wonderland-jacket-mujer\/#breadcrumb"},"inLanguage":"es-ES","potentialAction":[{"@type":"ReadAction","target":["https:\/\/www.miomiorun.com\/es\/producto\/montura-wonderland-jacket-mujer\/"]}]},{"@type":"ImageObject","inLanguage":"es-ES","@id":"https:\/\/www.miomiorun.com\/es\/producto\/montura-wonderland-jacket-mujer\/#primaryimage","url":"https:\/\/www.miomiorun.com\/app\/uploads\/2022\/05\/montura-wonderland-jacket-W-nero-verde-lime-MJAD45W-9047.jpg","contentUrl":"https:\/\/www.miomiorun.com\/app\/uploads\/2022\/05\/montura-wonderland-jacket-W-nero-verde-lime-MJAD45W-9047.jpg","width":600,"height":600,"caption":"montura-wonderland-jacket-W-nero-verde-lime-MJAD45W-9047"},{"@type":"BreadcrumbList","@id":"https:\/\/www.miomiorun.com\/es\/producto\/montura-wonderland-jacket-mujer\/#breadcrumb","itemListElement":[{"@type":"ListItem","position":1,"name":"Home","item":"https:\/\/www.miomiorun.com\/es\/"},{"@type":"ListItem","position":2,"name":"Shop","item":"https:\/\/www.miomiorun.com\/shop\/"},{"@type":"ListItem","position":3,"name":"Wonderland Jacket mujer"}]},{"@type":"WebSite","@id":"https:\/\/www.miomiorun.com\/es\/#website","url":"https:\/\/www.miomiorun.com\/es\/","name":"MioMioRun","description":"Tienda 100% running y trail","publisher":{"@id":"https:\/\/www.miomiorun.com\/es\/#organization"},"potentialAction":[{"@type":"SearchAction","target":{"@type":"EntryPoint","urlTemplate":"https:\/\/www.miomiorun.com\/es\/?s={search_term_string}"},"query-input":{"@type":"PropertyValueSpecification","valueRequired":true,"valueName":"search_term_string"}}],"inLanguage":"es-ES"},{"@type":"Organization","@id":"https:\/\/www.miomiorun.com\/es\/#organization","name":"MioMio Run","url":"https:\/\/www.miomiorun.com\/es\/","logo":{"@type":"ImageObject","inLanguage":"es-ES","@id":"https:\/\/www.miomiorun.com\/es\/#\/schema\/logo\/image\/","url":"https:\/\/www.miomiorun.com\/app\/uploads\/2019\/12\/logomio.png","contentUrl":"https:\/\/www.miomiorun.com\/app\/uploads\/2019\/12\/logomio.png","width":115,"height":82,"caption":"MioMio Run"},"image":{"@id":"https:\/\/www.miomiorun.com\/es\/#\/schema\/logo\/image\/"},"sameAs":["https:\/\/www.facebook.com\/miomiorun\/","https:\/\/www.instagram.com\/miomiorun\/"]}]}},"_links":{"self":[{"href":"https:\/\/www.miomiorun.com\/es\/wp-json\/wp\/v2\/product\/283234","targetHints":{"allow":["GET"]}}],"collection":[{"href":"https:\/\/www.miomiorun.com\/es\/wp-json\/wp\/v2\/product"}],"about":[{"href":"https:\/\/www.miomiorun.com\/es\/wp-json\/wp\/v2\/types\/product"}],"wp:featuredmedia":[{"embeddable":true,"href":"https:\/\/www.miomiorun.com\/es\/wp-json\/wp\/v2\/media\/236590"}],"wp:attachment":[{"href":"https:\/\/www.miomiorun.com\/es\/wp-json\/wp\/v2\/media?parent=283234"}],"wp:term":[{"taxonomy":"product_brand","embeddable":true,"href":"https:\/\/www.miomiorun.com\/es\/wp-json\/wp\/v2\/product_brand?post=283234"},{"taxonomy":"product_cat","embeddable":true,"href":"https:\/\/www.miomiorun.com\/es\/wp-json\/wp\/v2\/product_cat?post=283234"},{"taxonomy":"product_tag","embeddable":true,"href":"https:\/\/www.miomiorun.com\/es\/wp-json\/wp\/v2\/product_tag?post=283234"}],"curies":[{"name":"wp","href":"https:\/\/api.w.org\/{rel}","templated":true}]}}