{"id":283085,"date":"2022-05-06T17:38:37","date_gmt":"2022-05-06T15:38:37","guid":{"rendered":"https:\/\/miomiorun.com\/prodotto\/montura-travel-geo-bermuda-uomo\/"},"modified":"2026-05-05T19:25:46","modified_gmt":"2026-05-05T17:25:46","slug":"montura-travel-geo-bermuda-hombre","status":"publish","type":"product","link":"https:\/\/www.miomiorun.com\/es\/producto\/montura-travel-geo-bermuda-hombre\/","title":{"rendered":"Travel Geo Bermuda hombre"},"content":{"rendered":"<p><strong>Los pantalones cortos Montura Travel Geo Bermuda<\/strong> para hombre est\u00e1n confeccionados en un tejido de nailon muy ligero con tratamiento wicking para un secado extremadamente r\u00e1pido, lo que los convierte en una prenda ideal para diversas actividades al aire libre y de ocio.<\/p>\n<p><strong>Caracter\u00edsticas:<\/strong><br \/>\n\u2022 Bermudas para hombre<br \/>\n\u2022 Tejido de nailon muy ligero con tratamiento wicking para un secado extremadamente r\u00e1pido<br \/>\n\u2022 Cintura el\u00e1stica con presillas, cierre con bot\u00f3n y cremallera<br \/>\n\u2022 Bolsillos laterales con cremallera, bolsillo trasero con cremallera<br \/>\n\u2022 Prenda ideal para diversas actividades al aire libre y de ocio<\/p>\n<p class=\"product-weight\">Peso: 0,15 kg<\/p>\n<p><img decoding=\"async\" src=\"https:\/\/www.montura.it\/pub\/media\/amasty\/shopby\/option_images\/slider\/climate_1.svg\" alt=\"Caldo\" \/><img decoding=\"async\" src=\"https:\/\/www.montura.it\/pub\/media\/amasty\/shopby\/option_images\/slider\/breathable_1.svg\" alt=\"breathable\" \/><\/p>\n<h3>Actividades<\/h3>\n<p><img decoding=\"async\" src=\"https:\/\/www.montura.it\/pub\/media\/amasty\/shopby\/option_images\/slider\/ICM85.svg\" alt=\"ICM85\" \/><\/p>\n","protected":false},"excerpt":{"rendered":"<p>Los pantalones cortos Montura Travel Geo Bermuda para hombre est\u00e1n confeccionados en un tejido de nailon muy ligero con tratamiento wicking para un secado extremadamente r\u00e1pido, lo que los convierte en una prenda ideal para diversas actividades al aire libre y de ocio. Caracter\u00edsticas: \u2022 Bermudas para hombre \u2022 Tejido de nailon muy ligero con &hellip; <a href=\"https:\/\/www.miomiorun.com\/es\/producto\/montura-travel-geo-bermuda-hombre\/\">Continued<\/a><\/p>\n","protected":false},"featured_media":236466,"template":"","meta":{"_acf_changed":false,"inline_featured_image":false},"product_brand":[],"product_cat":[24457,24463,24464],"product_tag":[23513,23592],"class_list":{"0":"post-283085","1":"product","2":"type-product","3":"status-publish","4":"has-post-thumbnail","6":"product_cat-pantalones-cortos-es-2","7":"product_cat-ropa-de-hombre-es","8":"product_cat-hombre","9":"product_tag-montura-es","10":"product_tag-montura-hombre","11":"pa_attivita-caminar","12":"pa_attivita-outdoor-es","13":"pa_colore-travel-geo-bermuda-antracite-piombo-es","14":"pa_marca-montura-es","15":"pa_sesso-hombre","16":"pa_size-medium-es","17":"pa_size-extra-large-es","19":"first","20":"instock","21":"sale","22":"taxable","23":"shipping-taxable","24":"purchasable","25":"product-type-variable","26":"wvs-archive-product-wrapper"},"acf":[],"yoast_head":"<!-- This site is optimized with the Yoast SEO plugin v26.8 - https:\/\/yoast.com\/product\/yoast-seo-wordpress\/ -->\n<title>Montura Travel Geo Bermuda hombre - Pantalones cortos para hombre - MioMioRun<\/title>\n<meta name=\"description\" content=\"Los pantalones cortos Travel Geo Bermuda para hombre est\u00e1n confeccionados en un tejido de nailon muy ligero con tratamiento que favorece la absorci\u00f3n de la humedad para un secado r\u00e1pido.\" \/>\n<meta name=\"robots\" content=\"index, follow, max-snippet:-1, max-image-preview:large, max-video-preview:-1\" \/>\n<link rel=\"canonical\" href=\"https:\/\/www.miomiorun.com\/es\/producto\/montura-travel-geo-bermuda-hombre\/\" \/>\n<meta property=\"og:locale\" content=\"es_ES\" \/>\n<meta property=\"og:type\" content=\"article\" \/>\n<meta property=\"og:title\" content=\"Montura Travel Geo Bermuda hombre - Pantalones cortos para hombre - MioMioRun\" \/>\n<meta property=\"og:description\" content=\"Los pantalones cortos Travel Geo Bermuda para hombre est\u00e1n confeccionados en un tejido de nailon muy ligero con tratamiento que favorece la absorci\u00f3n de la humedad para un secado r\u00e1pido.\" \/>\n<meta property=\"og:url\" content=\"https:\/\/www.miomiorun.com\/es\/producto\/montura-travel-geo-bermuda-hombre\/\" \/>\n<meta property=\"og:site_name\" content=\"MioMioRun\" \/>\n<meta property=\"article:publisher\" content=\"https:\/\/www.facebook.com\/miomiorun\/\" \/>\n<meta property=\"article:modified_time\" content=\"2026-05-05T17:25:46+00:00\" \/>\n<meta property=\"og:image\" content=\"https:\/\/www.miomiorun.com\/app\/uploads\/2022\/05\/montura-travel-geo-bermuda-antracite-piombo-MPBG30X-9293.jpg\" \/>\n\t<meta property=\"og:image:width\" content=\"600\" \/>\n\t<meta property=\"og:image:height\" content=\"600\" \/>\n\t<meta property=\"og:image:type\" content=\"image\/jpeg\" \/>\n<meta name=\"twitter:card\" content=\"summary_large_image\" \/>\n<script type=\"application\/ld+json\" class=\"yoast-schema-graph\">{\"@context\":\"https:\/\/schema.org\",\"@graph\":[{\"@type\":\"WebPage\",\"@id\":\"https:\/\/www.miomiorun.com\/es\/producto\/montura-travel-geo-bermuda-hombre\/\",\"url\":\"https:\/\/www.miomiorun.com\/es\/producto\/montura-travel-geo-bermuda-hombre\/\",\"name\":\"Montura Travel Geo Bermuda hombre - Pantalones cortos para hombre - MioMioRun\",\"isPartOf\":{\"@id\":\"https:\/\/www.miomiorun.com\/es\/#website\"},\"primaryImageOfPage\":{\"@id\":\"https:\/\/www.miomiorun.com\/es\/producto\/montura-travel-geo-bermuda-hombre\/#primaryimage\"},\"image\":{\"@id\":\"https:\/\/www.miomiorun.com\/es\/producto\/montura-travel-geo-bermuda-hombre\/#primaryimage\"},\"thumbnailUrl\":\"https:\/\/www.miomiorun.com\/app\/uploads\/2022\/05\/montura-travel-geo-bermuda-antracite-piombo-MPBG30X-9293.jpg\",\"datePublished\":\"2022-05-06T15:38:37+00:00\",\"dateModified\":\"2026-05-05T17:25:46+00:00\",\"description\":\"Los pantalones cortos Travel Geo Bermuda para hombre est\u00e1n confeccionados en un tejido de nailon muy ligero con tratamiento que favorece la absorci\u00f3n de la humedad para un secado r\u00e1pido.\",\"breadcrumb\":{\"@id\":\"https:\/\/www.miomiorun.com\/es\/producto\/montura-travel-geo-bermuda-hombre\/#breadcrumb\"},\"inLanguage\":\"es-ES\",\"potentialAction\":[{\"@type\":\"ReadAction\",\"target\":[\"https:\/\/www.miomiorun.com\/es\/producto\/montura-travel-geo-bermuda-hombre\/\"]}]},{\"@type\":\"ImageObject\",\"inLanguage\":\"es-ES\",\"@id\":\"https:\/\/www.miomiorun.com\/es\/producto\/montura-travel-geo-bermuda-hombre\/#primaryimage\",\"url\":\"https:\/\/www.miomiorun.com\/app\/uploads\/2022\/05\/montura-travel-geo-bermuda-antracite-piombo-MPBG30X-9293.jpg\",\"contentUrl\":\"https:\/\/www.miomiorun.com\/app\/uploads\/2022\/05\/montura-travel-geo-bermuda-antracite-piombo-MPBG30X-9293.jpg\",\"width\":600,\"height\":600,\"caption\":\"montura-travel-geo-bermuda-antracite-piombo-MPBG30X-9293\"},{\"@type\":\"BreadcrumbList\",\"@id\":\"https:\/\/www.miomiorun.com\/es\/producto\/montura-travel-geo-bermuda-hombre\/#breadcrumb\",\"itemListElement\":[{\"@type\":\"ListItem\",\"position\":1,\"name\":\"Home\",\"item\":\"https:\/\/www.miomiorun.com\/es\/\"},{\"@type\":\"ListItem\",\"position\":2,\"name\":\"Shop\",\"item\":\"https:\/\/www.miomiorun.com\/shop\/\"},{\"@type\":\"ListItem\",\"position\":3,\"name\":\"Travel Geo Bermuda hombre\"}]},{\"@type\":\"WebSite\",\"@id\":\"https:\/\/www.miomiorun.com\/es\/#website\",\"url\":\"https:\/\/www.miomiorun.com\/es\/\",\"name\":\"MioMioRun\",\"description\":\"Tienda 100% running y trail\",\"publisher\":{\"@id\":\"https:\/\/www.miomiorun.com\/es\/#organization\"},\"potentialAction\":[{\"@type\":\"SearchAction\",\"target\":{\"@type\":\"EntryPoint\",\"urlTemplate\":\"https:\/\/www.miomiorun.com\/es\/?s={search_term_string}\"},\"query-input\":{\"@type\":\"PropertyValueSpecification\",\"valueRequired\":true,\"valueName\":\"search_term_string\"}}],\"inLanguage\":\"es-ES\"},{\"@type\":\"Organization\",\"@id\":\"https:\/\/www.miomiorun.com\/es\/#organization\",\"name\":\"MioMio Run\",\"url\":\"https:\/\/www.miomiorun.com\/es\/\",\"logo\":{\"@type\":\"ImageObject\",\"inLanguage\":\"es-ES\",\"@id\":\"https:\/\/www.miomiorun.com\/es\/#\/schema\/logo\/image\/\",\"url\":\"https:\/\/www.miomiorun.com\/app\/uploads\/2019\/12\/logomio.png\",\"contentUrl\":\"https:\/\/www.miomiorun.com\/app\/uploads\/2019\/12\/logomio.png\",\"width\":115,\"height\":82,\"caption\":\"MioMio Run\"},\"image\":{\"@id\":\"https:\/\/www.miomiorun.com\/es\/#\/schema\/logo\/image\/\"},\"sameAs\":[\"https:\/\/www.facebook.com\/miomiorun\/\",\"https:\/\/www.instagram.com\/miomiorun\/\"]}]}<\/script>\n<!-- \/ Yoast SEO plugin. -->","yoast_head_json":{"title":"Montura Travel Geo Bermuda hombre - Pantalones cortos para hombre - MioMioRun","description":"Los pantalones cortos Travel Geo Bermuda para hombre est\u00e1n confeccionados en un tejido de nailon muy ligero con tratamiento que favorece la absorci\u00f3n de la humedad para un secado r\u00e1pido.","robots":{"index":"index","follow":"follow","max-snippet":"max-snippet:-1","max-image-preview":"max-image-preview:large","max-video-preview":"max-video-preview:-1"},"canonical":"https:\/\/www.miomiorun.com\/es\/producto\/montura-travel-geo-bermuda-hombre\/","og_locale":"es_ES","og_type":"article","og_title":"Montura Travel Geo Bermuda hombre - Pantalones cortos para hombre - MioMioRun","og_description":"Los pantalones cortos Travel Geo Bermuda para hombre est\u00e1n confeccionados en un tejido de nailon muy ligero con tratamiento que favorece la absorci\u00f3n de la humedad para un secado r\u00e1pido.","og_url":"https:\/\/www.miomiorun.com\/es\/producto\/montura-travel-geo-bermuda-hombre\/","og_site_name":"MioMioRun","article_publisher":"https:\/\/www.facebook.com\/miomiorun\/","article_modified_time":"2026-05-05T17:25:46+00:00","og_image":[{"width":600,"height":600,"url":"https:\/\/www.miomiorun.com\/app\/uploads\/2022\/05\/montura-travel-geo-bermuda-antracite-piombo-MPBG30X-9293.jpg","type":"image\/jpeg"}],"twitter_card":"summary_large_image","schema":{"@context":"https:\/\/schema.org","@graph":[{"@type":"WebPage","@id":"https:\/\/www.miomiorun.com\/es\/producto\/montura-travel-geo-bermuda-hombre\/","url":"https:\/\/www.miomiorun.com\/es\/producto\/montura-travel-geo-bermuda-hombre\/","name":"Montura Travel Geo Bermuda hombre - Pantalones cortos para hombre - MioMioRun","isPartOf":{"@id":"https:\/\/www.miomiorun.com\/es\/#website"},"primaryImageOfPage":{"@id":"https:\/\/www.miomiorun.com\/es\/producto\/montura-travel-geo-bermuda-hombre\/#primaryimage"},"image":{"@id":"https:\/\/www.miomiorun.com\/es\/producto\/montura-travel-geo-bermuda-hombre\/#primaryimage"},"thumbnailUrl":"https:\/\/www.miomiorun.com\/app\/uploads\/2022\/05\/montura-travel-geo-bermuda-antracite-piombo-MPBG30X-9293.jpg","datePublished":"2022-05-06T15:38:37+00:00","dateModified":"2026-05-05T17:25:46+00:00","description":"Los pantalones cortos Travel Geo Bermuda para hombre est\u00e1n confeccionados en un tejido de nailon muy ligero con tratamiento que favorece la absorci\u00f3n de la humedad para un secado r\u00e1pido.","breadcrumb":{"@id":"https:\/\/www.miomiorun.com\/es\/producto\/montura-travel-geo-bermuda-hombre\/#breadcrumb"},"inLanguage":"es-ES","potentialAction":[{"@type":"ReadAction","target":["https:\/\/www.miomiorun.com\/es\/producto\/montura-travel-geo-bermuda-hombre\/"]}]},{"@type":"ImageObject","inLanguage":"es-ES","@id":"https:\/\/www.miomiorun.com\/es\/producto\/montura-travel-geo-bermuda-hombre\/#primaryimage","url":"https:\/\/www.miomiorun.com\/app\/uploads\/2022\/05\/montura-travel-geo-bermuda-antracite-piombo-MPBG30X-9293.jpg","contentUrl":"https:\/\/www.miomiorun.com\/app\/uploads\/2022\/05\/montura-travel-geo-bermuda-antracite-piombo-MPBG30X-9293.jpg","width":600,"height":600,"caption":"montura-travel-geo-bermuda-antracite-piombo-MPBG30X-9293"},{"@type":"BreadcrumbList","@id":"https:\/\/www.miomiorun.com\/es\/producto\/montura-travel-geo-bermuda-hombre\/#breadcrumb","itemListElement":[{"@type":"ListItem","position":1,"name":"Home","item":"https:\/\/www.miomiorun.com\/es\/"},{"@type":"ListItem","position":2,"name":"Shop","item":"https:\/\/www.miomiorun.com\/shop\/"},{"@type":"ListItem","position":3,"name":"Travel Geo Bermuda hombre"}]},{"@type":"WebSite","@id":"https:\/\/www.miomiorun.com\/es\/#website","url":"https:\/\/www.miomiorun.com\/es\/","name":"MioMioRun","description":"Tienda 100% running y trail","publisher":{"@id":"https:\/\/www.miomiorun.com\/es\/#organization"},"potentialAction":[{"@type":"SearchAction","target":{"@type":"EntryPoint","urlTemplate":"https:\/\/www.miomiorun.com\/es\/?s={search_term_string}"},"query-input":{"@type":"PropertyValueSpecification","valueRequired":true,"valueName":"search_term_string"}}],"inLanguage":"es-ES"},{"@type":"Organization","@id":"https:\/\/www.miomiorun.com\/es\/#organization","name":"MioMio Run","url":"https:\/\/www.miomiorun.com\/es\/","logo":{"@type":"ImageObject","inLanguage":"es-ES","@id":"https:\/\/www.miomiorun.com\/es\/#\/schema\/logo\/image\/","url":"https:\/\/www.miomiorun.com\/app\/uploads\/2019\/12\/logomio.png","contentUrl":"https:\/\/www.miomiorun.com\/app\/uploads\/2019\/12\/logomio.png","width":115,"height":82,"caption":"MioMio Run"},"image":{"@id":"https:\/\/www.miomiorun.com\/es\/#\/schema\/logo\/image\/"},"sameAs":["https:\/\/www.facebook.com\/miomiorun\/","https:\/\/www.instagram.com\/miomiorun\/"]}]}},"_links":{"self":[{"href":"https:\/\/www.miomiorun.com\/es\/wp-json\/wp\/v2\/product\/283085","targetHints":{"allow":["GET"]}}],"collection":[{"href":"https:\/\/www.miomiorun.com\/es\/wp-json\/wp\/v2\/product"}],"about":[{"href":"https:\/\/www.miomiorun.com\/es\/wp-json\/wp\/v2\/types\/product"}],"wp:featuredmedia":[{"embeddable":true,"href":"https:\/\/www.miomiorun.com\/es\/wp-json\/wp\/v2\/media\/236466"}],"wp:attachment":[{"href":"https:\/\/www.miomiorun.com\/es\/wp-json\/wp\/v2\/media?parent=283085"}],"wp:term":[{"taxonomy":"product_brand","embeddable":true,"href":"https:\/\/www.miomiorun.com\/es\/wp-json\/wp\/v2\/product_brand?post=283085"},{"taxonomy":"product_cat","embeddable":true,"href":"https:\/\/www.miomiorun.com\/es\/wp-json\/wp\/v2\/product_cat?post=283085"},{"taxonomy":"product_tag","embeddable":true,"href":"https:\/\/www.miomiorun.com\/es\/wp-json\/wp\/v2\/product_tag?post=283085"}],"curies":[{"name":"wp","href":"https:\/\/api.w.org\/{rel}","templated":true}]}}