{"id":283035,"date":"2022-05-06T19:24:38","date_gmt":"2022-05-06T17:24:38","guid":{"rendered":"https:\/\/miomiorun.com\/prodotto\/montura-generation-bermuda-uomo\/"},"modified":"2026-05-05T19:30:21","modified_gmt":"2026-05-05T17:30:21","slug":"montura-generation-bermuda-hombre","status":"publish","type":"product","link":"https:\/\/www.miomiorun.com\/es\/producto\/montura-generation-bermuda-hombre\/","title":{"rendered":"Generation Bermuda hombre"},"content":{"rendered":"<p><strong>Los pantalones cortos Generation Bermuda<\/strong> para hombre est\u00e1n confeccionados en tejido de nailon y poli\u00e9ster con acabado DWR y elasticidad en cuatro direcciones, con refuerzo ripstop, lo que les confiere una gran resistencia al desgaste y una elevada resistencia mec\u00e1nica; son una prenda ideal para diversas actividades al aire libre y de ocio.<\/p>\n<p><strong>Caracter\u00edsticas:<\/strong><br \/>\n\u2022 Bermudas para hombre<br \/>\n\u2022 Tejido de nailon\/poli\u00e9ster DWR el\u00e1stico en 4 direcciones con armadura ripstop, resistente al desgaste y que garantiza una elevada resistencia mec\u00e1nica<br \/>\n\u2022 Detalles en contraste de nailon<br \/>\n\u2022 Cintura con el\u00e1stico y presillas, cierre con bot\u00f3n y cremallera<br \/>\n\u2022 Bolsillos laterales con cremallera, bolsillo trasero con cremallera<br \/>\n\u2022 Prenda ideal para diversas actividades al aire libre y de ocio<\/p>\n<p class=\"product-weight\">Peso: 0,23 kg<\/p>\n<p>&nbsp;<\/p>\n","protected":false},"excerpt":{"rendered":"<p>Los pantalones cortos Generation Bermuda para hombre est\u00e1n confeccionados en tejido de nailon y poli\u00e9ster con acabado DWR y elasticidad en cuatro direcciones, con refuerzo ripstop, lo que les confiere una gran resistencia al desgaste y una elevada resistencia mec\u00e1nica; son una prenda ideal para diversas actividades al aire libre y de ocio. Caracter\u00edsticas: \u2022 &hellip; <a href=\"https:\/\/www.miomiorun.com\/es\/producto\/montura-generation-bermuda-hombre\/\">Continued<\/a><\/p>\n","protected":false},"featured_media":236446,"template":"","meta":{"_acf_changed":false,"inline_featured_image":false},"product_brand":[],"product_cat":[24457,24463,24464],"product_tag":[23513,23592],"class_list":{"0":"post-283035","1":"product","2":"type-product","3":"status-publish","4":"has-post-thumbnail","6":"product_cat-pantalones-cortos-es-2","7":"product_cat-ropa-de-hombre-es","8":"product_cat-hombre","9":"product_tag-montura-es","10":"product_tag-montura-hombre","11":"pa_attivita-caminar","12":"pa_attivita-outdoor-es","13":"pa_colore-generation-bermuda-nero-verde-lime-es","14":"pa_marca-montura-es","15":"pa_sesso-hombre","16":"pa_size-medium-es","18":"first","19":"instock","20":"sale","21":"taxable","22":"shipping-taxable","23":"purchasable","24":"product-type-variable","25":"wvs-archive-product-wrapper"},"acf":[],"yoast_head":"<!-- This site is optimized with the Yoast SEO plugin v26.8 - https:\/\/yoast.com\/product\/yoast-seo-wordpress\/ -->\n<title>Montura Generation Bermuda hombre - Pantalones cortos para hombre - MioMioRun<\/title>\n<meta name=\"description\" content=\"Los pantalones cortos Generation Bermuda para hombre est\u00e1n confeccionados en tejido de nailon y poli\u00e9ster con acabado DWR y elasticidad en cuatro direcciones, con tejido ripstop.\" \/>\n<meta name=\"robots\" content=\"index, follow, max-snippet:-1, max-image-preview:large, max-video-preview:-1\" \/>\n<link rel=\"canonical\" href=\"https:\/\/www.miomiorun.com\/es\/producto\/montura-generation-bermuda-hombre\/\" \/>\n<meta property=\"og:locale\" content=\"es_ES\" \/>\n<meta property=\"og:type\" content=\"article\" \/>\n<meta property=\"og:title\" content=\"Montura Generation Bermuda hombre - Pantalones cortos para hombre - MioMioRun\" \/>\n<meta property=\"og:description\" content=\"Los pantalones cortos Generation Bermuda para hombre est\u00e1n confeccionados en tejido de nailon y poli\u00e9ster con acabado DWR y elasticidad en cuatro direcciones, con tejido ripstop.\" \/>\n<meta property=\"og:url\" content=\"https:\/\/www.miomiorun.com\/es\/producto\/montura-generation-bermuda-hombre\/\" \/>\n<meta property=\"og:site_name\" content=\"MioMioRun\" \/>\n<meta property=\"article:publisher\" content=\"https:\/\/www.facebook.com\/miomiorun\/\" \/>\n<meta property=\"article:modified_time\" content=\"2026-05-05T17:30:21+00:00\" \/>\n<meta property=\"og:image\" content=\"https:\/\/www.miomiorun.com\/app\/uploads\/2022\/05\/montura-generation-bermuda-nero-verde-lime-MPBF39X-9047.jpg\" \/>\n\t<meta property=\"og:image:width\" content=\"600\" \/>\n\t<meta property=\"og:image:height\" content=\"600\" \/>\n\t<meta property=\"og:image:type\" content=\"image\/jpeg\" \/>\n<meta name=\"twitter:card\" content=\"summary_large_image\" \/>\n<meta name=\"twitter:label1\" content=\"Est. reading time\" \/>\n\t<meta name=\"twitter:data1\" content=\"1 minute\" \/>\n<script type=\"application\/ld+json\" class=\"yoast-schema-graph\">{\"@context\":\"https:\/\/schema.org\",\"@graph\":[{\"@type\":\"WebPage\",\"@id\":\"https:\/\/www.miomiorun.com\/es\/producto\/montura-generation-bermuda-hombre\/\",\"url\":\"https:\/\/www.miomiorun.com\/es\/producto\/montura-generation-bermuda-hombre\/\",\"name\":\"Montura Generation Bermuda hombre - Pantalones cortos para hombre - MioMioRun\",\"isPartOf\":{\"@id\":\"https:\/\/www.miomiorun.com\/es\/#website\"},\"primaryImageOfPage\":{\"@id\":\"https:\/\/www.miomiorun.com\/es\/producto\/montura-generation-bermuda-hombre\/#primaryimage\"},\"image\":{\"@id\":\"https:\/\/www.miomiorun.com\/es\/producto\/montura-generation-bermuda-hombre\/#primaryimage\"},\"thumbnailUrl\":\"https:\/\/www.miomiorun.com\/app\/uploads\/2022\/05\/montura-generation-bermuda-nero-verde-lime-MPBF39X-9047.jpg\",\"datePublished\":\"2022-05-06T17:24:38+00:00\",\"dateModified\":\"2026-05-05T17:30:21+00:00\",\"description\":\"Los pantalones cortos Generation Bermuda para hombre est\u00e1n confeccionados en tejido de nailon y poli\u00e9ster con acabado DWR y elasticidad en cuatro direcciones, con tejido ripstop.\",\"breadcrumb\":{\"@id\":\"https:\/\/www.miomiorun.com\/es\/producto\/montura-generation-bermuda-hombre\/#breadcrumb\"},\"inLanguage\":\"es-ES\",\"potentialAction\":[{\"@type\":\"ReadAction\",\"target\":[\"https:\/\/www.miomiorun.com\/es\/producto\/montura-generation-bermuda-hombre\/\"]}]},{\"@type\":\"ImageObject\",\"inLanguage\":\"es-ES\",\"@id\":\"https:\/\/www.miomiorun.com\/es\/producto\/montura-generation-bermuda-hombre\/#primaryimage\",\"url\":\"https:\/\/www.miomiorun.com\/app\/uploads\/2022\/05\/montura-generation-bermuda-nero-verde-lime-MPBF39X-9047.jpg\",\"contentUrl\":\"https:\/\/www.miomiorun.com\/app\/uploads\/2022\/05\/montura-generation-bermuda-nero-verde-lime-MPBF39X-9047.jpg\",\"width\":600,\"height\":600,\"caption\":\"montura-generation-bermuda-nero-verde-lime-MPBF39X-9047\"},{\"@type\":\"BreadcrumbList\",\"@id\":\"https:\/\/www.miomiorun.com\/es\/producto\/montura-generation-bermuda-hombre\/#breadcrumb\",\"itemListElement\":[{\"@type\":\"ListItem\",\"position\":1,\"name\":\"Home\",\"item\":\"https:\/\/www.miomiorun.com\/es\/\"},{\"@type\":\"ListItem\",\"position\":2,\"name\":\"Shop\",\"item\":\"https:\/\/www.miomiorun.com\/shop\/\"},{\"@type\":\"ListItem\",\"position\":3,\"name\":\"Generation Bermuda hombre\"}]},{\"@type\":\"WebSite\",\"@id\":\"https:\/\/www.miomiorun.com\/es\/#website\",\"url\":\"https:\/\/www.miomiorun.com\/es\/\",\"name\":\"MioMioRun\",\"description\":\"Tienda 100% running y trail\",\"publisher\":{\"@id\":\"https:\/\/www.miomiorun.com\/es\/#organization\"},\"potentialAction\":[{\"@type\":\"SearchAction\",\"target\":{\"@type\":\"EntryPoint\",\"urlTemplate\":\"https:\/\/www.miomiorun.com\/es\/?s={search_term_string}\"},\"query-input\":{\"@type\":\"PropertyValueSpecification\",\"valueRequired\":true,\"valueName\":\"search_term_string\"}}],\"inLanguage\":\"es-ES\"},{\"@type\":\"Organization\",\"@id\":\"https:\/\/www.miomiorun.com\/es\/#organization\",\"name\":\"MioMio Run\",\"url\":\"https:\/\/www.miomiorun.com\/es\/\",\"logo\":{\"@type\":\"ImageObject\",\"inLanguage\":\"es-ES\",\"@id\":\"https:\/\/www.miomiorun.com\/es\/#\/schema\/logo\/image\/\",\"url\":\"https:\/\/www.miomiorun.com\/app\/uploads\/2019\/12\/logomio.png\",\"contentUrl\":\"https:\/\/www.miomiorun.com\/app\/uploads\/2019\/12\/logomio.png\",\"width\":115,\"height\":82,\"caption\":\"MioMio Run\"},\"image\":{\"@id\":\"https:\/\/www.miomiorun.com\/es\/#\/schema\/logo\/image\/\"},\"sameAs\":[\"https:\/\/www.facebook.com\/miomiorun\/\",\"https:\/\/www.instagram.com\/miomiorun\/\"]}]}<\/script>\n<!-- \/ Yoast SEO plugin. -->","yoast_head_json":{"title":"Montura Generation Bermuda hombre - Pantalones cortos para hombre - MioMioRun","description":"Los pantalones cortos Generation Bermuda para hombre est\u00e1n confeccionados en tejido de nailon y poli\u00e9ster con acabado DWR y elasticidad en cuatro direcciones, con tejido ripstop.","robots":{"index":"index","follow":"follow","max-snippet":"max-snippet:-1","max-image-preview":"max-image-preview:large","max-video-preview":"max-video-preview:-1"},"canonical":"https:\/\/www.miomiorun.com\/es\/producto\/montura-generation-bermuda-hombre\/","og_locale":"es_ES","og_type":"article","og_title":"Montura Generation Bermuda hombre - Pantalones cortos para hombre - MioMioRun","og_description":"Los pantalones cortos Generation Bermuda para hombre est\u00e1n confeccionados en tejido de nailon y poli\u00e9ster con acabado DWR y elasticidad en cuatro direcciones, con tejido ripstop.","og_url":"https:\/\/www.miomiorun.com\/es\/producto\/montura-generation-bermuda-hombre\/","og_site_name":"MioMioRun","article_publisher":"https:\/\/www.facebook.com\/miomiorun\/","article_modified_time":"2026-05-05T17:30:21+00:00","og_image":[{"width":600,"height":600,"url":"https:\/\/www.miomiorun.com\/app\/uploads\/2022\/05\/montura-generation-bermuda-nero-verde-lime-MPBF39X-9047.jpg","type":"image\/jpeg"}],"twitter_card":"summary_large_image","twitter_misc":{"Est. reading time":"1 minute"},"schema":{"@context":"https:\/\/schema.org","@graph":[{"@type":"WebPage","@id":"https:\/\/www.miomiorun.com\/es\/producto\/montura-generation-bermuda-hombre\/","url":"https:\/\/www.miomiorun.com\/es\/producto\/montura-generation-bermuda-hombre\/","name":"Montura Generation Bermuda hombre - Pantalones cortos para hombre - MioMioRun","isPartOf":{"@id":"https:\/\/www.miomiorun.com\/es\/#website"},"primaryImageOfPage":{"@id":"https:\/\/www.miomiorun.com\/es\/producto\/montura-generation-bermuda-hombre\/#primaryimage"},"image":{"@id":"https:\/\/www.miomiorun.com\/es\/producto\/montura-generation-bermuda-hombre\/#primaryimage"},"thumbnailUrl":"https:\/\/www.miomiorun.com\/app\/uploads\/2022\/05\/montura-generation-bermuda-nero-verde-lime-MPBF39X-9047.jpg","datePublished":"2022-05-06T17:24:38+00:00","dateModified":"2026-05-05T17:30:21+00:00","description":"Los pantalones cortos Generation Bermuda para hombre est\u00e1n confeccionados en tejido de nailon y poli\u00e9ster con acabado DWR y elasticidad en cuatro direcciones, con tejido ripstop.","breadcrumb":{"@id":"https:\/\/www.miomiorun.com\/es\/producto\/montura-generation-bermuda-hombre\/#breadcrumb"},"inLanguage":"es-ES","potentialAction":[{"@type":"ReadAction","target":["https:\/\/www.miomiorun.com\/es\/producto\/montura-generation-bermuda-hombre\/"]}]},{"@type":"ImageObject","inLanguage":"es-ES","@id":"https:\/\/www.miomiorun.com\/es\/producto\/montura-generation-bermuda-hombre\/#primaryimage","url":"https:\/\/www.miomiorun.com\/app\/uploads\/2022\/05\/montura-generation-bermuda-nero-verde-lime-MPBF39X-9047.jpg","contentUrl":"https:\/\/www.miomiorun.com\/app\/uploads\/2022\/05\/montura-generation-bermuda-nero-verde-lime-MPBF39X-9047.jpg","width":600,"height":600,"caption":"montura-generation-bermuda-nero-verde-lime-MPBF39X-9047"},{"@type":"BreadcrumbList","@id":"https:\/\/www.miomiorun.com\/es\/producto\/montura-generation-bermuda-hombre\/#breadcrumb","itemListElement":[{"@type":"ListItem","position":1,"name":"Home","item":"https:\/\/www.miomiorun.com\/es\/"},{"@type":"ListItem","position":2,"name":"Shop","item":"https:\/\/www.miomiorun.com\/shop\/"},{"@type":"ListItem","position":3,"name":"Generation Bermuda hombre"}]},{"@type":"WebSite","@id":"https:\/\/www.miomiorun.com\/es\/#website","url":"https:\/\/www.miomiorun.com\/es\/","name":"MioMioRun","description":"Tienda 100% running y trail","publisher":{"@id":"https:\/\/www.miomiorun.com\/es\/#organization"},"potentialAction":[{"@type":"SearchAction","target":{"@type":"EntryPoint","urlTemplate":"https:\/\/www.miomiorun.com\/es\/?s={search_term_string}"},"query-input":{"@type":"PropertyValueSpecification","valueRequired":true,"valueName":"search_term_string"}}],"inLanguage":"es-ES"},{"@type":"Organization","@id":"https:\/\/www.miomiorun.com\/es\/#organization","name":"MioMio Run","url":"https:\/\/www.miomiorun.com\/es\/","logo":{"@type":"ImageObject","inLanguage":"es-ES","@id":"https:\/\/www.miomiorun.com\/es\/#\/schema\/logo\/image\/","url":"https:\/\/www.miomiorun.com\/app\/uploads\/2019\/12\/logomio.png","contentUrl":"https:\/\/www.miomiorun.com\/app\/uploads\/2019\/12\/logomio.png","width":115,"height":82,"caption":"MioMio Run"},"image":{"@id":"https:\/\/www.miomiorun.com\/es\/#\/schema\/logo\/image\/"},"sameAs":["https:\/\/www.facebook.com\/miomiorun\/","https:\/\/www.instagram.com\/miomiorun\/"]}]}},"_links":{"self":[{"href":"https:\/\/www.miomiorun.com\/es\/wp-json\/wp\/v2\/product\/283035","targetHints":{"allow":["GET"]}}],"collection":[{"href":"https:\/\/www.miomiorun.com\/es\/wp-json\/wp\/v2\/product"}],"about":[{"href":"https:\/\/www.miomiorun.com\/es\/wp-json\/wp\/v2\/types\/product"}],"wp:featuredmedia":[{"embeddable":true,"href":"https:\/\/www.miomiorun.com\/es\/wp-json\/wp\/v2\/media\/236446"}],"wp:attachment":[{"href":"https:\/\/www.miomiorun.com\/es\/wp-json\/wp\/v2\/media?parent=283035"}],"wp:term":[{"taxonomy":"product_brand","embeddable":true,"href":"https:\/\/www.miomiorun.com\/es\/wp-json\/wp\/v2\/product_brand?post=283035"},{"taxonomy":"product_cat","embeddable":true,"href":"https:\/\/www.miomiorun.com\/es\/wp-json\/wp\/v2\/product_cat?post=283035"},{"taxonomy":"product_tag","embeddable":true,"href":"https:\/\/www.miomiorun.com\/es\/wp-json\/wp\/v2\/product_tag?post=283035"}],"curies":[{"name":"wp","href":"https:\/\/api.w.org\/{rel}","templated":true}]}}