{"id":283015,"date":"2022-05-14T17:12:37","date_gmt":"2022-05-14T15:12:37","guid":{"rendered":"https:\/\/miomiorun.com\/prodotto\/light-revolution-maglia-donna\/"},"modified":"2026-05-05T19:31:24","modified_gmt":"2026-05-05T17:31:24","slug":"light-revolution-maglia-mujer","status":"publish","type":"product","link":"https:\/\/www.miomiorun.com\/es\/producto\/light-revolution-maglia-mujer\/","title":{"rendered":"Light Revolution Maglia mujer"},"content":{"rendered":"<div class=\"product-attribute product-attribute-passion\">\n<p><strong>Light Revolution\u00a0<\/strong>es un jersey para mujer confeccionado en tejido polar de poli\u00e9ster biel\u00e1stico con alta protecci\u00f3n contra los rayos UV, parcialmente forrado con tejido de malla, cremallera en el centro delantero, bolsillos laterales con cremallera, y capucha y bajo con ribete el\u00e1stico. Una prenda ideal para todas las actividades din\u00e1micas al aire libre, el alpinismo y la escalada.<\/p>\n<p>&nbsp;<\/p>\n<div class=\"product info detailed\">\n<div class=\"product data items\" role=\"tablist\"><\/div>\n<\/div>\n<div id=\"materials\" class=\"data item content\" role=\"tabpanel\" data-role=\"content\" aria-labelledby=\"tab-label-materials\" aria-hidden=\"false\">\n<div class=\"product-materials-content\">\n<div class=\"texture-content secondary-texture\">\n<div class=\"content\">\n<div class=\"texture-text\">\n<div id=\"laundry\" class=\"data item content\" role=\"tabpanel\" data-role=\"content\" aria-labelledby=\"tab-label-laundry\" aria-hidden=\"false\">\n<div class=\"laundry-content\">\n<div class=\"laundry-sides-texture\">\n<p>&nbsp;<\/p>\n<\/div>\n<\/div>\n<\/div>\n<\/div>\n<\/div>\n<\/div>\n<\/div>\n<\/div>\n<\/div>\n","protected":false},"excerpt":{"rendered":"<ul>\n<li>Jersey de tejido polar de poli\u00e9ster biel\u00e1stico con alta protecci\u00f3n contra los rayos UV.<\/li>\n<li>Parcialmente forrado con tejido de malla.<\/li>\n<li>Cierre central con cremallera, bolsillos laterales con cremallera<\/li>\n<\/ul>\n","protected":false},"featured_media":236620,"template":"","meta":{"_acf_changed":false,"inline_featured_image":false},"product_brand":[],"product_cat":[24396,24401,24402],"product_tag":[23513,23631],"class_list":{"0":"post-283015","1":"product","2":"type-product","3":"status-publish","4":"has-post-thumbnail","6":"product_cat-camisetas","7":"product_cat-ropa-de-mujer","8":"product_cat-mujer","9":"product_tag-montura-es","10":"product_tag-montura-mujer","11":"pa_attivita-caminar","12":"pa_attivita-outdoor-es","13":"pa_colore-light-revolution-maglia-w-intense-violet-es","14":"pa_colore-light-revolution-maglia-w-nero-blu-cenere-es","15":"pa_marca-montura-es","16":"pa_sesso-mujer","17":"pa_size-small-es","18":"pa_size-large-es","20":"first","21":"instock","22":"taxable","23":"shipping-taxable","24":"purchasable","25":"product-type-variable","26":"wvs-archive-product-wrapper"},"acf":[],"yoast_head":"<!-- This site is optimized with the Yoast SEO plugin v26.8 - https:\/\/yoast.com\/product\/yoast-seo-wordpress\/ -->\n<title>Montura Light Revolution Maglia mujer - Jersey - MioMioRun<\/title>\n<meta name=\"description\" content=\"Light Revolution es un jersey para mujer confeccionado en tejido polar de poli\u00e9ster biel\u00e1stico que ofrece una alta protecci\u00f3n contra los rayos UV.\" \/>\n<meta name=\"robots\" content=\"index, follow, max-snippet:-1, max-image-preview:large, max-video-preview:-1\" \/>\n<link rel=\"canonical\" href=\"https:\/\/www.miomiorun.com\/es\/producto\/light-revolution-maglia-mujer\/\" \/>\n<meta property=\"og:locale\" content=\"es_ES\" \/>\n<meta property=\"og:type\" content=\"article\" \/>\n<meta property=\"og:title\" content=\"Montura Light Revolution Maglia mujer - Jersey - MioMioRun\" \/>\n<meta property=\"og:description\" content=\"Light Revolution es un jersey para mujer confeccionado en tejido polar de poli\u00e9ster biel\u00e1stico que ofrece una alta protecci\u00f3n contra los rayos UV.\" \/>\n<meta property=\"og:url\" content=\"https:\/\/www.miomiorun.com\/es\/producto\/light-revolution-maglia-mujer\/\" \/>\n<meta property=\"og:site_name\" content=\"MioMioRun\" \/>\n<meta property=\"article:publisher\" content=\"https:\/\/www.facebook.com\/miomiorun\/\" \/>\n<meta property=\"article:modified_time\" content=\"2026-05-05T17:31:24+00:00\" \/>\n<meta property=\"og:image\" content=\"https:\/\/www.miomiorun.com\/app\/uploads\/2022\/05\/montura-light-revolution-maglia-W-nero-blu-cenere-MMAP56W-9086.jpg\" \/>\n\t<meta property=\"og:image:width\" content=\"600\" \/>\n\t<meta property=\"og:image:height\" content=\"600\" \/>\n\t<meta property=\"og:image:type\" content=\"image\/jpeg\" \/>\n<meta name=\"twitter:card\" content=\"summary_large_image\" \/>\n<script type=\"application\/ld+json\" class=\"yoast-schema-graph\">{\"@context\":\"https:\/\/schema.org\",\"@graph\":[{\"@type\":\"WebPage\",\"@id\":\"https:\/\/www.miomiorun.com\/es\/producto\/light-revolution-maglia-mujer\/\",\"url\":\"https:\/\/www.miomiorun.com\/es\/producto\/light-revolution-maglia-mujer\/\",\"name\":\"Montura Light Revolution Maglia mujer - Jersey - MioMioRun\",\"isPartOf\":{\"@id\":\"https:\/\/www.miomiorun.com\/es\/#website\"},\"primaryImageOfPage\":{\"@id\":\"https:\/\/www.miomiorun.com\/es\/producto\/light-revolution-maglia-mujer\/#primaryimage\"},\"image\":{\"@id\":\"https:\/\/www.miomiorun.com\/es\/producto\/light-revolution-maglia-mujer\/#primaryimage\"},\"thumbnailUrl\":\"https:\/\/www.miomiorun.com\/app\/uploads\/2022\/05\/montura-light-revolution-maglia-W-nero-blu-cenere-MMAP56W-9086.jpg\",\"datePublished\":\"2022-05-14T15:12:37+00:00\",\"dateModified\":\"2026-05-05T17:31:24+00:00\",\"description\":\"Light Revolution es un jersey para mujer confeccionado en tejido polar de poli\u00e9ster biel\u00e1stico que ofrece una alta protecci\u00f3n contra los rayos UV.\",\"breadcrumb\":{\"@id\":\"https:\/\/www.miomiorun.com\/es\/producto\/light-revolution-maglia-mujer\/#breadcrumb\"},\"inLanguage\":\"es-ES\",\"potentialAction\":[{\"@type\":\"ReadAction\",\"target\":[\"https:\/\/www.miomiorun.com\/es\/producto\/light-revolution-maglia-mujer\/\"]}]},{\"@type\":\"ImageObject\",\"inLanguage\":\"es-ES\",\"@id\":\"https:\/\/www.miomiorun.com\/es\/producto\/light-revolution-maglia-mujer\/#primaryimage\",\"url\":\"https:\/\/www.miomiorun.com\/app\/uploads\/2022\/05\/montura-light-revolution-maglia-W-nero-blu-cenere-MMAP56W-9086.jpg\",\"contentUrl\":\"https:\/\/www.miomiorun.com\/app\/uploads\/2022\/05\/montura-light-revolution-maglia-W-nero-blu-cenere-MMAP56W-9086.jpg\",\"width\":600,\"height\":600,\"caption\":\"montura-light-revolution-maglia-W-nero-blu-cenere-MMAP56W-9086\"},{\"@type\":\"BreadcrumbList\",\"@id\":\"https:\/\/www.miomiorun.com\/es\/producto\/light-revolution-maglia-mujer\/#breadcrumb\",\"itemListElement\":[{\"@type\":\"ListItem\",\"position\":1,\"name\":\"Home\",\"item\":\"https:\/\/www.miomiorun.com\/es\/\"},{\"@type\":\"ListItem\",\"position\":2,\"name\":\"Shop\",\"item\":\"https:\/\/www.miomiorun.com\/shop\/\"},{\"@type\":\"ListItem\",\"position\":3,\"name\":\"Light Revolution Maglia mujer\"}]},{\"@type\":\"WebSite\",\"@id\":\"https:\/\/www.miomiorun.com\/es\/#website\",\"url\":\"https:\/\/www.miomiorun.com\/es\/\",\"name\":\"MioMioRun\",\"description\":\"Tienda 100% running y trail\",\"publisher\":{\"@id\":\"https:\/\/www.miomiorun.com\/es\/#organization\"},\"potentialAction\":[{\"@type\":\"SearchAction\",\"target\":{\"@type\":\"EntryPoint\",\"urlTemplate\":\"https:\/\/www.miomiorun.com\/es\/?s={search_term_string}\"},\"query-input\":{\"@type\":\"PropertyValueSpecification\",\"valueRequired\":true,\"valueName\":\"search_term_string\"}}],\"inLanguage\":\"es-ES\"},{\"@type\":\"Organization\",\"@id\":\"https:\/\/www.miomiorun.com\/es\/#organization\",\"name\":\"MioMio Run\",\"url\":\"https:\/\/www.miomiorun.com\/es\/\",\"logo\":{\"@type\":\"ImageObject\",\"inLanguage\":\"es-ES\",\"@id\":\"https:\/\/www.miomiorun.com\/es\/#\/schema\/logo\/image\/\",\"url\":\"https:\/\/www.miomiorun.com\/app\/uploads\/2019\/12\/logomio.png\",\"contentUrl\":\"https:\/\/www.miomiorun.com\/app\/uploads\/2019\/12\/logomio.png\",\"width\":115,\"height\":82,\"caption\":\"MioMio Run\"},\"image\":{\"@id\":\"https:\/\/www.miomiorun.com\/es\/#\/schema\/logo\/image\/\"},\"sameAs\":[\"https:\/\/www.facebook.com\/miomiorun\/\",\"https:\/\/www.instagram.com\/miomiorun\/\"]}]}<\/script>\n<!-- \/ Yoast SEO plugin. -->","yoast_head_json":{"title":"Montura Light Revolution Maglia mujer - Jersey - MioMioRun","description":"Light Revolution es un jersey para mujer confeccionado en tejido polar de poli\u00e9ster biel\u00e1stico que ofrece una alta protecci\u00f3n contra los rayos UV.","robots":{"index":"index","follow":"follow","max-snippet":"max-snippet:-1","max-image-preview":"max-image-preview:large","max-video-preview":"max-video-preview:-1"},"canonical":"https:\/\/www.miomiorun.com\/es\/producto\/light-revolution-maglia-mujer\/","og_locale":"es_ES","og_type":"article","og_title":"Montura Light Revolution Maglia mujer - Jersey - MioMioRun","og_description":"Light Revolution es un jersey para mujer confeccionado en tejido polar de poli\u00e9ster biel\u00e1stico que ofrece una alta protecci\u00f3n contra los rayos UV.","og_url":"https:\/\/www.miomiorun.com\/es\/producto\/light-revolution-maglia-mujer\/","og_site_name":"MioMioRun","article_publisher":"https:\/\/www.facebook.com\/miomiorun\/","article_modified_time":"2026-05-05T17:31:24+00:00","og_image":[{"width":600,"height":600,"url":"https:\/\/www.miomiorun.com\/app\/uploads\/2022\/05\/montura-light-revolution-maglia-W-nero-blu-cenere-MMAP56W-9086.jpg","type":"image\/jpeg"}],"twitter_card":"summary_large_image","schema":{"@context":"https:\/\/schema.org","@graph":[{"@type":"WebPage","@id":"https:\/\/www.miomiorun.com\/es\/producto\/light-revolution-maglia-mujer\/","url":"https:\/\/www.miomiorun.com\/es\/producto\/light-revolution-maglia-mujer\/","name":"Montura Light Revolution Maglia mujer - Jersey - MioMioRun","isPartOf":{"@id":"https:\/\/www.miomiorun.com\/es\/#website"},"primaryImageOfPage":{"@id":"https:\/\/www.miomiorun.com\/es\/producto\/light-revolution-maglia-mujer\/#primaryimage"},"image":{"@id":"https:\/\/www.miomiorun.com\/es\/producto\/light-revolution-maglia-mujer\/#primaryimage"},"thumbnailUrl":"https:\/\/www.miomiorun.com\/app\/uploads\/2022\/05\/montura-light-revolution-maglia-W-nero-blu-cenere-MMAP56W-9086.jpg","datePublished":"2022-05-14T15:12:37+00:00","dateModified":"2026-05-05T17:31:24+00:00","description":"Light Revolution es un jersey para mujer confeccionado en tejido polar de poli\u00e9ster biel\u00e1stico que ofrece una alta protecci\u00f3n contra los rayos UV.","breadcrumb":{"@id":"https:\/\/www.miomiorun.com\/es\/producto\/light-revolution-maglia-mujer\/#breadcrumb"},"inLanguage":"es-ES","potentialAction":[{"@type":"ReadAction","target":["https:\/\/www.miomiorun.com\/es\/producto\/light-revolution-maglia-mujer\/"]}]},{"@type":"ImageObject","inLanguage":"es-ES","@id":"https:\/\/www.miomiorun.com\/es\/producto\/light-revolution-maglia-mujer\/#primaryimage","url":"https:\/\/www.miomiorun.com\/app\/uploads\/2022\/05\/montura-light-revolution-maglia-W-nero-blu-cenere-MMAP56W-9086.jpg","contentUrl":"https:\/\/www.miomiorun.com\/app\/uploads\/2022\/05\/montura-light-revolution-maglia-W-nero-blu-cenere-MMAP56W-9086.jpg","width":600,"height":600,"caption":"montura-light-revolution-maglia-W-nero-blu-cenere-MMAP56W-9086"},{"@type":"BreadcrumbList","@id":"https:\/\/www.miomiorun.com\/es\/producto\/light-revolution-maglia-mujer\/#breadcrumb","itemListElement":[{"@type":"ListItem","position":1,"name":"Home","item":"https:\/\/www.miomiorun.com\/es\/"},{"@type":"ListItem","position":2,"name":"Shop","item":"https:\/\/www.miomiorun.com\/shop\/"},{"@type":"ListItem","position":3,"name":"Light Revolution Maglia mujer"}]},{"@type":"WebSite","@id":"https:\/\/www.miomiorun.com\/es\/#website","url":"https:\/\/www.miomiorun.com\/es\/","name":"MioMioRun","description":"Tienda 100% running y trail","publisher":{"@id":"https:\/\/www.miomiorun.com\/es\/#organization"},"potentialAction":[{"@type":"SearchAction","target":{"@type":"EntryPoint","urlTemplate":"https:\/\/www.miomiorun.com\/es\/?s={search_term_string}"},"query-input":{"@type":"PropertyValueSpecification","valueRequired":true,"valueName":"search_term_string"}}],"inLanguage":"es-ES"},{"@type":"Organization","@id":"https:\/\/www.miomiorun.com\/es\/#organization","name":"MioMio Run","url":"https:\/\/www.miomiorun.com\/es\/","logo":{"@type":"ImageObject","inLanguage":"es-ES","@id":"https:\/\/www.miomiorun.com\/es\/#\/schema\/logo\/image\/","url":"https:\/\/www.miomiorun.com\/app\/uploads\/2019\/12\/logomio.png","contentUrl":"https:\/\/www.miomiorun.com\/app\/uploads\/2019\/12\/logomio.png","width":115,"height":82,"caption":"MioMio Run"},"image":{"@id":"https:\/\/www.miomiorun.com\/es\/#\/schema\/logo\/image\/"},"sameAs":["https:\/\/www.facebook.com\/miomiorun\/","https:\/\/www.instagram.com\/miomiorun\/"]}]}},"_links":{"self":[{"href":"https:\/\/www.miomiorun.com\/es\/wp-json\/wp\/v2\/product\/283015","targetHints":{"allow":["GET"]}}],"collection":[{"href":"https:\/\/www.miomiorun.com\/es\/wp-json\/wp\/v2\/product"}],"about":[{"href":"https:\/\/www.miomiorun.com\/es\/wp-json\/wp\/v2\/types\/product"}],"wp:featuredmedia":[{"embeddable":true,"href":"https:\/\/www.miomiorun.com\/es\/wp-json\/wp\/v2\/media\/236620"}],"wp:attachment":[{"href":"https:\/\/www.miomiorun.com\/es\/wp-json\/wp\/v2\/media?parent=283015"}],"wp:term":[{"taxonomy":"product_brand","embeddable":true,"href":"https:\/\/www.miomiorun.com\/es\/wp-json\/wp\/v2\/product_brand?post=283015"},{"taxonomy":"product_cat","embeddable":true,"href":"https:\/\/www.miomiorun.com\/es\/wp-json\/wp\/v2\/product_cat?post=283015"},{"taxonomy":"product_tag","embeddable":true,"href":"https:\/\/www.miomiorun.com\/es\/wp-json\/wp\/v2\/product_tag?post=283015"}],"curies":[{"name":"wp","href":"https:\/\/api.w.org\/{rel}","templated":true}]}}