{"id":282975,"date":"2022-05-19T19:28:40","date_gmt":"2022-05-19T17:28:40","guid":{"rendered":"https:\/\/miomiorun.com\/prodotto\/falke-ru4-cool-uomo\/"},"modified":"2026-05-06T09:34:09","modified_gmt":"2026-05-06T07:34:09","slug":"falke-ru4-cool-hombre","status":"publish","type":"product","link":"https:\/\/www.miomiorun.com\/es\/producto\/falke-ru4-cool-hombre\/","title":{"rendered":"RU4 Cool hombre"},"content":{"rendered":"<p><div class=\"vc-row container\"><div class=\"vc-column\"><div class=\"vc-column-text\">Los calcetines <strong>RU4 Cool<\/strong> de hombre, de tobillo, son nuestros calcetines de running m\u00e1s vers\u00e1tiles. El acolchado medio protege contra las ampollas al reducir los puntos de presi\u00f3n, sin dejar de mantener un buen contacto con la zapatilla. Las zonas de malla integradas en el empeine garantizan una agradable sensaci\u00f3n de frescor en el pie. La r\u00e1pida evacuaci\u00f3n de la humedad y el ajuste perfecto garantizan siempre una sensaci\u00f3n agradable.<\/p>\n<p><strong>Caracter\u00edsticas:<\/strong><\/p>\n<div class=\"product-section product-detailed-page__section product-detailed-page__section--details\">\n<div>\n<div>\n<div class=\"product-section__content\">\n<div class=\"product-features\">\n<ul class=\"product-features__list\">\n<li class=\"product-features__item\">Calcetines de running vers\u00e1tiles con acolchado medio para una protecci\u00f3n equilibrada y una transmisi\u00f3n directa de la fuerza<\/li>\n<li class=\"product-features__item\">100 % material sint\u00e9tico, mezcla de Coolmax, poli\u00e9ster y polipropileno<\/li>\n<li class=\"product-features__item\">Amortiguaci\u00f3n media y buen contacto con la zapatilla<\/li>\n<li class=\"product-features__item\">Gran absorci\u00f3n de la humedad y secado r\u00e1pido gracias a la estructura de tres capas del material con fibras t\u00e9cnicas<\/li>\n<li class=\"product-features__item\">Zonas de malla en el empeine para una m\u00e1xima frescura<\/li>\n<li class=\"product-features__item\">Ajuste \u00f3ptimo gracias a la plantilla anat\u00f3mica y a la puntera preformada<\/li>\n<\/ul>\n<\/div>\n<\/div>\n<\/div>\n<\/div>\n<\/div>\n<div class=\"product-section product-detailed-page__section product-detailed-page__section--description\">\n<div>\n<div>\n<div class=\"product-section__content\">\n<div class=\"product-description\">\n<div class=\"product-description__content\"><\/div>\n<\/div>\n<\/div>\n<\/div>\n<\/div>\n<\/div>\n<p><\/div><\/div><\/div><div class=\"vc-row container\"><div class=\"vc-column\"><div class=\"vc-column-text\"><\/p>\n<div class=\"product-functional-symbols__image-container\"><img decoding=\"async\" class=\"product-functional-symbols__image aligncenter\" src=\"https:\/\/www.falke.com\/it_it\/9dd393d722265eb755772abd698b837041098075\/assets\/base\/staticImages\/functionalsymbols\/icon_feuchtigkeitsregulierend.svg\" \/><\/div>\n<div class=\"product-functional-symbols__name\" style=\"text-align: center\">Regula la humedad<\/div>\n<p><\/div><\/div><div class=\"vc-column\"><div class=\"vc-column-text\"><\/p>\n<div class=\"product-functional-symbols__image-container\"><img decoding=\"async\" class=\"product-functional-symbols__image\" src=\"https:\/\/www.falke.com\/it_it\/7ce8ae0e8382e27e767d55937b0805f5f19ef321\/assets\/base\/staticImages\/functionalsymbols\/icon_daempfende-wirkung.svg\" \/><\/div>\n<div class=\"product-functional-symbols__name\" style=\"text-align: center\">Efecto amortiguador<\/div>\n<div class=\"product-functional-symbols__tooltip\">\n<div class=\"product-functional-symbols__tooltip-content\"><\/div>\n<\/div>\n<p><\/div><\/div><div class=\"vc-column\"><div class=\"vc-column-text\"><\/p>\n<div class=\"product-functional-symbols__image-container\"><img decoding=\"async\" class=\"product-functional-symbols__image aligncenter\" src=\"https:\/\/www.falke.com\/it_it\/9dd393d722265eb755772abd698b837041098075\/assets\/base\/staticImages\/functionalsymbols\/icon_schnellste_ruecktrocknung.svg\" \/><\/div>\n<div class=\"product-functional-symbols__name\" style=\"text-align: center\">Secado m\u00e1s r\u00e1pido<\/div>\n<p><\/div><\/div><div class=\"vc-column\"><div class=\"vc-column-text\"><\/p>\n<div class=\"product-functional-symbols__image-container\"><img decoding=\"async\" class=\"product-functional-symbols__image aligncenter\" src=\"https:\/\/www.falke.com\/it_it\/9dd393d722265eb755772abd698b837041098075\/assets\/base\/staticImages\/functionalsymbols\/icon_cooling-effect.svg\" \/><\/div>\n<div class=\"product-functional-symbols__name\" style=\"text-align: center\">Efecto refrescante<\/div>\n<p><\/div><\/div><\/div><div class=\"vc-row container\"><div class=\"vc-column\"><div class=\"vc-column-text\"><strong>Material<\/strong> 39 % polipropileno, 30 % poliamida, 30 % poli\u00e9ster, 1 % elastano<\/p>\n<p><strong>Longitud de la pierna<\/strong> Hasta la pantorrilla<\/p>\n<p><strong>Relleno<\/strong> De densidad media-alta<\/p>\n<p><strong>Ajuste<\/strong> Anat\u00f3mico<\/p>\n<p><strong>Suela<\/strong> Normal<\/p>\n<p><strong>Estilo<\/strong> deportivo<\/div><\/div><\/div><\/p>\n","protected":false},"excerpt":{"rendered":"","protected":false},"featured_media":236728,"template":"","meta":{"_acf_changed":false,"inline_featured_image":false},"product_brand":[],"product_cat":[24462,24463,24464],"product_tag":[23483,23607],"class_list":{"0":"post-282975","1":"product","2":"type-product","3":"status-publish","4":"has-post-thumbnail","6":"product_cat-calcetines-es-2","7":"product_cat-ropa-de-hombre-es","8":"product_cat-hombre","9":"product_tag-falke-es","10":"product_tag-falke-hombre","11":"pa_attivita-caminar","12":"pa_attivita-running-es","13":"pa_colore-ru4-cool-black-mix-es","14":"pa_colore-ru4-cool-cobalt-es","15":"pa_marca-falke-es","16":"pa_sesso-hombre","17":"pa_size-39-41-es","18":"pa_size-42-43-es","19":"pa_size-44-45-es","21":"first","22":"instock","23":"sale","24":"taxable","25":"shipping-taxable","26":"purchasable","27":"product-type-variable","28":"wvs-archive-product-wrapper"},"acf":[],"yoast_head":"<!-- This site is optimized with the Yoast SEO plugin v26.8 - https:\/\/yoast.com\/product\/yoast-seo-wordpress\/ -->\n<title>Falke RU4 Cool hombre - Calcetines para correr - MioMioRun.com<\/title>\n<meta name=\"description\" content=\"\u00abRU4 Cool\u00bb para la pantorrilla es nuestra media de running m\u00e1s vers\u00e1til. Su acolchado medio protege contra las ampollas.\" \/>\n<meta name=\"robots\" content=\"index, follow, max-snippet:-1, max-image-preview:large, max-video-preview:-1\" \/>\n<link rel=\"canonical\" href=\"https:\/\/www.miomiorun.com\/es\/producto\/falke-ru4-cool-hombre\/\" \/>\n<meta property=\"og:locale\" content=\"es_ES\" \/>\n<meta property=\"og:type\" content=\"article\" \/>\n<meta property=\"og:title\" content=\"Falke RU4 Cool hombre - Calcetines para correr - MioMioRun.com\" \/>\n<meta property=\"og:description\" content=\"\u00abRU4 Cool\u00bb para la pantorrilla es nuestra media de running m\u00e1s vers\u00e1til. Su acolchado medio protege contra las ampollas.\" \/>\n<meta property=\"og:url\" content=\"https:\/\/www.miomiorun.com\/es\/producto\/falke-ru4-cool-hombre\/\" \/>\n<meta property=\"og:site_name\" content=\"MioMioRun\" \/>\n<meta property=\"article:publisher\" content=\"https:\/\/www.facebook.com\/miomiorun\/\" \/>\n<meta property=\"article:modified_time\" content=\"2026-05-06T07:34:09+00:00\" \/>\n<meta property=\"og:image\" content=\"https:\/\/www.miomiorun.com\/app\/uploads\/2022\/05\/falke-ru4-cool-cobalt-16746-6712.jpg\" \/>\n\t<meta property=\"og:image:width\" content=\"600\" \/>\n\t<meta property=\"og:image:height\" content=\"600\" \/>\n\t<meta property=\"og:image:type\" content=\"image\/jpeg\" \/>\n<meta name=\"twitter:card\" content=\"summary_large_image\" \/>\n<meta name=\"twitter:label1\" content=\"Est. reading time\" \/>\n\t<meta name=\"twitter:data1\" content=\"1 minute\" \/>\n<script type=\"application\/ld+json\" class=\"yoast-schema-graph\">{\"@context\":\"https:\/\/schema.org\",\"@graph\":[{\"@type\":\"WebPage\",\"@id\":\"https:\/\/www.miomiorun.com\/es\/producto\/falke-ru4-cool-hombre\/\",\"url\":\"https:\/\/www.miomiorun.com\/es\/producto\/falke-ru4-cool-hombre\/\",\"name\":\"Falke RU4 Cool hombre - Calcetines para correr - MioMioRun.com\",\"isPartOf\":{\"@id\":\"https:\/\/www.miomiorun.com\/es\/#website\"},\"primaryImageOfPage\":{\"@id\":\"https:\/\/www.miomiorun.com\/es\/producto\/falke-ru4-cool-hombre\/#primaryimage\"},\"image\":{\"@id\":\"https:\/\/www.miomiorun.com\/es\/producto\/falke-ru4-cool-hombre\/#primaryimage\"},\"thumbnailUrl\":\"https:\/\/www.miomiorun.com\/app\/uploads\/2022\/05\/falke-ru4-cool-cobalt-16746-6712.jpg\",\"datePublished\":\"2022-05-19T17:28:40+00:00\",\"dateModified\":\"2026-05-06T07:34:09+00:00\",\"description\":\"\u00abRU4 Cool\u00bb para la pantorrilla es nuestra media de running m\u00e1s vers\u00e1til. Su acolchado medio protege contra las ampollas.\",\"breadcrumb\":{\"@id\":\"https:\/\/www.miomiorun.com\/es\/producto\/falke-ru4-cool-hombre\/#breadcrumb\"},\"inLanguage\":\"es-ES\",\"potentialAction\":[{\"@type\":\"ReadAction\",\"target\":[\"https:\/\/www.miomiorun.com\/es\/producto\/falke-ru4-cool-hombre\/\"]}]},{\"@type\":\"ImageObject\",\"inLanguage\":\"es-ES\",\"@id\":\"https:\/\/www.miomiorun.com\/es\/producto\/falke-ru4-cool-hombre\/#primaryimage\",\"url\":\"https:\/\/www.miomiorun.com\/app\/uploads\/2022\/05\/falke-ru4-cool-cobalt-16746-6712.jpg\",\"contentUrl\":\"https:\/\/www.miomiorun.com\/app\/uploads\/2022\/05\/falke-ru4-cool-cobalt-16746-6712.jpg\",\"width\":600,\"height\":600,\"caption\":\"falke-ru4-cool-cobalt-16746-6712\"},{\"@type\":\"BreadcrumbList\",\"@id\":\"https:\/\/www.miomiorun.com\/es\/producto\/falke-ru4-cool-hombre\/#breadcrumb\",\"itemListElement\":[{\"@type\":\"ListItem\",\"position\":1,\"name\":\"Home\",\"item\":\"https:\/\/www.miomiorun.com\/es\/\"},{\"@type\":\"ListItem\",\"position\":2,\"name\":\"Shop\",\"item\":\"https:\/\/www.miomiorun.com\/shop\/\"},{\"@type\":\"ListItem\",\"position\":3,\"name\":\"RU4 Cool hombre\"}]},{\"@type\":\"WebSite\",\"@id\":\"https:\/\/www.miomiorun.com\/es\/#website\",\"url\":\"https:\/\/www.miomiorun.com\/es\/\",\"name\":\"MioMioRun\",\"description\":\"Tienda 100% running y trail\",\"publisher\":{\"@id\":\"https:\/\/www.miomiorun.com\/es\/#organization\"},\"potentialAction\":[{\"@type\":\"SearchAction\",\"target\":{\"@type\":\"EntryPoint\",\"urlTemplate\":\"https:\/\/www.miomiorun.com\/es\/?s={search_term_string}\"},\"query-input\":{\"@type\":\"PropertyValueSpecification\",\"valueRequired\":true,\"valueName\":\"search_term_string\"}}],\"inLanguage\":\"es-ES\"},{\"@type\":\"Organization\",\"@id\":\"https:\/\/www.miomiorun.com\/es\/#organization\",\"name\":\"MioMio Run\",\"url\":\"https:\/\/www.miomiorun.com\/es\/\",\"logo\":{\"@type\":\"ImageObject\",\"inLanguage\":\"es-ES\",\"@id\":\"https:\/\/www.miomiorun.com\/es\/#\/schema\/logo\/image\/\",\"url\":\"https:\/\/www.miomiorun.com\/app\/uploads\/2019\/12\/logomio.png\",\"contentUrl\":\"https:\/\/www.miomiorun.com\/app\/uploads\/2019\/12\/logomio.png\",\"width\":115,\"height\":82,\"caption\":\"MioMio Run\"},\"image\":{\"@id\":\"https:\/\/www.miomiorun.com\/es\/#\/schema\/logo\/image\/\"},\"sameAs\":[\"https:\/\/www.facebook.com\/miomiorun\/\",\"https:\/\/www.instagram.com\/miomiorun\/\"]}]}<\/script>\n<!-- \/ Yoast SEO plugin. -->","yoast_head_json":{"title":"Falke RU4 Cool hombre - Calcetines para correr - MioMioRun.com","description":"\u00abRU4 Cool\u00bb para la pantorrilla es nuestra media de running m\u00e1s vers\u00e1til. Su acolchado medio protege contra las ampollas.","robots":{"index":"index","follow":"follow","max-snippet":"max-snippet:-1","max-image-preview":"max-image-preview:large","max-video-preview":"max-video-preview:-1"},"canonical":"https:\/\/www.miomiorun.com\/es\/producto\/falke-ru4-cool-hombre\/","og_locale":"es_ES","og_type":"article","og_title":"Falke RU4 Cool hombre - Calcetines para correr - MioMioRun.com","og_description":"\u00abRU4 Cool\u00bb para la pantorrilla es nuestra media de running m\u00e1s vers\u00e1til. Su acolchado medio protege contra las ampollas.","og_url":"https:\/\/www.miomiorun.com\/es\/producto\/falke-ru4-cool-hombre\/","og_site_name":"MioMioRun","article_publisher":"https:\/\/www.facebook.com\/miomiorun\/","article_modified_time":"2026-05-06T07:34:09+00:00","og_image":[{"width":600,"height":600,"url":"https:\/\/www.miomiorun.com\/app\/uploads\/2022\/05\/falke-ru4-cool-cobalt-16746-6712.jpg","type":"image\/jpeg"}],"twitter_card":"summary_large_image","twitter_misc":{"Est. reading time":"1 minute"},"schema":{"@context":"https:\/\/schema.org","@graph":[{"@type":"WebPage","@id":"https:\/\/www.miomiorun.com\/es\/producto\/falke-ru4-cool-hombre\/","url":"https:\/\/www.miomiorun.com\/es\/producto\/falke-ru4-cool-hombre\/","name":"Falke RU4 Cool hombre - Calcetines para correr - MioMioRun.com","isPartOf":{"@id":"https:\/\/www.miomiorun.com\/es\/#website"},"primaryImageOfPage":{"@id":"https:\/\/www.miomiorun.com\/es\/producto\/falke-ru4-cool-hombre\/#primaryimage"},"image":{"@id":"https:\/\/www.miomiorun.com\/es\/producto\/falke-ru4-cool-hombre\/#primaryimage"},"thumbnailUrl":"https:\/\/www.miomiorun.com\/app\/uploads\/2022\/05\/falke-ru4-cool-cobalt-16746-6712.jpg","datePublished":"2022-05-19T17:28:40+00:00","dateModified":"2026-05-06T07:34:09+00:00","description":"\u00abRU4 Cool\u00bb para la pantorrilla es nuestra media de running m\u00e1s vers\u00e1til. Su acolchado medio protege contra las ampollas.","breadcrumb":{"@id":"https:\/\/www.miomiorun.com\/es\/producto\/falke-ru4-cool-hombre\/#breadcrumb"},"inLanguage":"es-ES","potentialAction":[{"@type":"ReadAction","target":["https:\/\/www.miomiorun.com\/es\/producto\/falke-ru4-cool-hombre\/"]}]},{"@type":"ImageObject","inLanguage":"es-ES","@id":"https:\/\/www.miomiorun.com\/es\/producto\/falke-ru4-cool-hombre\/#primaryimage","url":"https:\/\/www.miomiorun.com\/app\/uploads\/2022\/05\/falke-ru4-cool-cobalt-16746-6712.jpg","contentUrl":"https:\/\/www.miomiorun.com\/app\/uploads\/2022\/05\/falke-ru4-cool-cobalt-16746-6712.jpg","width":600,"height":600,"caption":"falke-ru4-cool-cobalt-16746-6712"},{"@type":"BreadcrumbList","@id":"https:\/\/www.miomiorun.com\/es\/producto\/falke-ru4-cool-hombre\/#breadcrumb","itemListElement":[{"@type":"ListItem","position":1,"name":"Home","item":"https:\/\/www.miomiorun.com\/es\/"},{"@type":"ListItem","position":2,"name":"Shop","item":"https:\/\/www.miomiorun.com\/shop\/"},{"@type":"ListItem","position":3,"name":"RU4 Cool hombre"}]},{"@type":"WebSite","@id":"https:\/\/www.miomiorun.com\/es\/#website","url":"https:\/\/www.miomiorun.com\/es\/","name":"MioMioRun","description":"Tienda 100% running y trail","publisher":{"@id":"https:\/\/www.miomiorun.com\/es\/#organization"},"potentialAction":[{"@type":"SearchAction","target":{"@type":"EntryPoint","urlTemplate":"https:\/\/www.miomiorun.com\/es\/?s={search_term_string}"},"query-input":{"@type":"PropertyValueSpecification","valueRequired":true,"valueName":"search_term_string"}}],"inLanguage":"es-ES"},{"@type":"Organization","@id":"https:\/\/www.miomiorun.com\/es\/#organization","name":"MioMio Run","url":"https:\/\/www.miomiorun.com\/es\/","logo":{"@type":"ImageObject","inLanguage":"es-ES","@id":"https:\/\/www.miomiorun.com\/es\/#\/schema\/logo\/image\/","url":"https:\/\/www.miomiorun.com\/app\/uploads\/2019\/12\/logomio.png","contentUrl":"https:\/\/www.miomiorun.com\/app\/uploads\/2019\/12\/logomio.png","width":115,"height":82,"caption":"MioMio Run"},"image":{"@id":"https:\/\/www.miomiorun.com\/es\/#\/schema\/logo\/image\/"},"sameAs":["https:\/\/www.facebook.com\/miomiorun\/","https:\/\/www.instagram.com\/miomiorun\/"]}]}},"_links":{"self":[{"href":"https:\/\/www.miomiorun.com\/es\/wp-json\/wp\/v2\/product\/282975","targetHints":{"allow":["GET"]}}],"collection":[{"href":"https:\/\/www.miomiorun.com\/es\/wp-json\/wp\/v2\/product"}],"about":[{"href":"https:\/\/www.miomiorun.com\/es\/wp-json\/wp\/v2\/types\/product"}],"wp:featuredmedia":[{"embeddable":true,"href":"https:\/\/www.miomiorun.com\/es\/wp-json\/wp\/v2\/media\/236728"}],"wp:attachment":[{"href":"https:\/\/www.miomiorun.com\/es\/wp-json\/wp\/v2\/media?parent=282975"}],"wp:term":[{"taxonomy":"product_brand","embeddable":true,"href":"https:\/\/www.miomiorun.com\/es\/wp-json\/wp\/v2\/product_brand?post=282975"},{"taxonomy":"product_cat","embeddable":true,"href":"https:\/\/www.miomiorun.com\/es\/wp-json\/wp\/v2\/product_cat?post=282975"},{"taxonomy":"product_tag","embeddable":true,"href":"https:\/\/www.miomiorun.com\/es\/wp-json\/wp\/v2\/product_tag?post=282975"}],"curies":[{"name":"wp","href":"https:\/\/api.w.org\/{rel}","templated":true}]}}