{"id":282936,"date":"2022-06-07T10:37:55","date_gmt":"2022-06-07T08:37:55","guid":{"rendered":"https:\/\/miomiorun.com\/prodotto\/draft-xc\/"},"modified":"2026-04-22T17:31:38","modified_gmt":"2026-04-22T15:31:38","slug":"draft-xc","status":"publish","type":"product","link":"https:\/\/www.miomiorun.com\/es\/producto\/draft-xc\/","title":{"rendered":"Draft XC"},"content":{"rendered":"<div class=\"vc-row container\"><div class=\"vc-column\"><div class=\"vc-column-text\"><\/p>\n<p><strong>Especificaciones t\u00e9cnicas<\/strong><\/p>\n<p>Categor\u00eda: pista<\/p>\n<p>Peso: 184,3 g<br \/>\nIdeal para: atletas que buscan zapatillas con clavos para entrenamientos y competiciones en pista en distancias de hasta 5000 metros, pero tambi\u00e9n para cross.<br \/>\nPeso del atleta: 60-75 kg<br \/>\nRitmo de carrera: r\u00e1pido &lt; 3,30 min\/km<br \/>\n<a href=\"https:\/\/miomiorun.com\/guida-alle-specifiche-tecniche\/\">Gu\u00eda de especificaciones t\u00e9cnicas<\/a><\/p>\n<p><\/div><\/div><div class=\"vc-column\"><div class=\"vc-column-text\"><\/p>\n<p id=\"tw-target-text\" class=\"tw-data-text tw-text-large tw-ta\" dir=\"ltr\" data-placeholder=\"Traduzione\"><span class=\"Y2IQFc\" lang=\"it\">Apunta a la meta y enfr\u00e9ntate a la competencia. La zapatilla de running <strong>Draft XC<\/strong> <strong>unisex<\/strong> ofrece una comodidad ultraligera para las carreras de campo a trav\u00e9s, adem\u00e1s de una parte superior personalizable dise\u00f1ada para dejar huella.<\/span><\/p>\n<p dir=\"ltr\" data-placeholder=\"Traduzione\">El perfil de los tacos mejora la tracci\u00f3n en todas las superficies. El sistema de tacos h\u00edbridos funciona de maravilla en senderos y pistas de fondo.<\/p>\n<h3 class=\"medium\">Caracter\u00edsticas<\/h3>\n<ol class=\"m-unordered__list\">\n<li class=\"unordered__item small\">Parte superior personalizable.<\/li>\n<li class=\"unordered__item small\">Puntas para tracci\u00f3n.<\/li>\n<li class=\"unordered__item small\">Amortiguaci\u00f3n suave.<\/li>\n<li>Ideal para distancias de hasta 5000 m y para cross country.<\/li>\n<\/ol>\n<p><strong>IDEALES PARA:<\/strong><\/p>\n<p><img loading=\"lazy\" decoding=\"async\" class=\"a-responsive-image__img\" src=\"https:\/\/www.brooksrunning.com\/on\/demandware.static\/-\/Sites-brooks-master-catalog\/default\/dwd2111c8d\/specs\/PDP-BestFor-FTW-Race.svg\" alt=\"\" width=\"80\" height=\"80\"><strong>Carreras de fondo<\/strong><\/p>\n<p><img loading=\"lazy\" decoding=\"async\" class=\"a-responsive-image__img\" src=\"https:\/\/www.brooksrunning.com\/on\/demandware.static\/-\/Sites-brooks-master-catalog\/default\/dw5c174909\/specs\/PDP-BestFor-FTW-Max-Efficiency.svg\" alt=\"\" width=\"80\" height=\"80\"><strong>Carreras r\u00e1pidas<\/strong><\/p>\n<p>&nbsp;<\/p>\n<h3>Nueva placa con clavos: m\u00e1s duradera<\/h3>\n<p>La placa con clavos actualizada aumenta la durabilidad y garantiza la rigidez necesaria para competir de forma agresiva y correr sobre terrenos blandos.<\/p>\n<h3>Tracci\u00f3n \u00f3ptima<\/h3>\n<p><img loading=\"lazy\" decoding=\"async\" class=\"a-responsive-image__img\" src=\"https:\/\/www.brooksrunning.com\/on\/demandware.static\/-\/Sites-brooks-master-catalog\/default\/dw4d3aecbb\/specs\/PDP-BestFor-FTW-Traction.svg\" alt=\"\" width=\"79\" height=\"79\">&nbsp; <strong>Tracci\u00f3n<\/strong><\/p>\n<p>La agresiva configuraci\u00f3n de los tacos optimiza la tracci\u00f3n en cualquier superficie. El dise\u00f1o h\u00edbrido de tacos funciona bien en los circuitos de carreras de fondo.<\/p>\n<h3>Nueva parte superior<\/h3>\n<p class=\"type\">Pies en la l\u00ednea de salida y comienza la carrera. <strong>Draft XC<\/strong> de competici\u00f3n ofrece una comodidad ultraligera para las carreras de <em>cross-country<\/em>, mientras que la parte superior se puede personalizar para expresar tu estilo.<\/p>\n<p><\/div><\/div><\/div>\n","protected":false},"excerpt":{"rendered":"<ol class=\"m-unordered__list\">\n<li class=\"unordered__item small\">Puntas para tracci\u00f3n.<\/li>\n<li class=\"unordered__item small\">Amortiguaci\u00f3n suave.<\/li>\n<li>Ideal para distancias de hasta 5000 m y para el campo a trav\u00e9s.<\/li>\n<\/ol>\n","protected":false},"featured_media":236872,"template":"","meta":{"_acf_changed":false,"inline_featured_image":false},"product_brand":[],"product_cat":[24227,24454,24453,24228],"product_tag":[23463,23661,23664],"class_list":{"0":"post-282936","1":"product","2":"type-product","3":"status-publish","4":"has-post-thumbnail","6":"product_cat-calzado-femenino","7":"product_cat-calzado-para-hombre","8":"product_cat-neutre-es-3","9":"product_cat-neutre-es","10":"product_tag-brooks-es","11":"product_tag-brooks-hombre","12":"product_tag-brooks-mujer","13":"pa_attivita-running-es","14":"pa_colore-draft-xc-green-gecko-red-orange-white","15":"pa_colore-draft-xc-pink-glo-green-black-es","16":"pa_colore-draft-xc-white-black-nightlife-es","17":"pa_marca-brooks-es","18":"pa_sesso-hombre","19":"pa_sesso-mujer","20":"pa_size-36-es","21":"pa_size-36-5-es","22":"pa_size-37-5-es","23":"pa_size-38-es","24":"pa_size-38-5-es","25":"pa_size-39-es","26":"pa_size-40-es","27":"pa_size-40-5-es","28":"pa_size-41-es","29":"pa_size-42-es","30":"pa_size-42-5-es","31":"pa_size-43-es","32":"pa_size-44-es","33":"pa_size-44-5-es","34":"pa_size-45-es","36":"first","37":"instock","38":"sale","39":"taxable","40":"shipping-taxable","41":"purchasable","42":"product-type-variable","43":"wvs-archive-product-wrapper"},"acf":[],"yoast_head":"<!-- This site is optimized with the Yoast SEO plugin v26.8 - https:\/\/yoast.com\/product\/yoast-seo-wordpress\/ -->\n<title>Brooks Draft XC - zapatillas de running hombre - MioMioRun.com<\/title>\n<meta name=\"description\" content=\"Las zapatillas de running unisex Draft XC ofrecen una comodidad ultraligera para las carreras de campo a trav\u00e9s, adem\u00e1s de una parte superior personalizable.\" \/>\n<meta name=\"robots\" content=\"index, follow, max-snippet:-1, max-image-preview:large, max-video-preview:-1\" \/>\n<link rel=\"canonical\" href=\"https:\/\/www.miomiorun.com\/es\/producto\/draft-xc\/\" \/>\n<meta property=\"og:locale\" content=\"es_ES\" \/>\n<meta property=\"og:type\" content=\"article\" \/>\n<meta property=\"og:title\" content=\"Brooks Draft XC - zapatillas de running hombre - MioMioRun.com\" \/>\n<meta property=\"og:description\" content=\"Las zapatillas de running unisex Draft XC ofrecen una comodidad ultraligera para las carreras de campo a trav\u00e9s, adem\u00e1s de una parte superior personalizable.\" \/>\n<meta property=\"og:url\" content=\"https:\/\/www.miomiorun.com\/es\/producto\/draft-xc\/\" \/>\n<meta property=\"og:site_name\" content=\"MioMioRun\" \/>\n<meta property=\"article:publisher\" content=\"https:\/\/www.facebook.com\/miomiorun\/\" \/>\n<meta property=\"article:modified_time\" content=\"2026-04-22T15:31:38+00:00\" \/>\n<meta property=\"og:image\" content=\"https:\/\/www.miomiorun.com\/app\/uploads\/2022\/06\/brooks-draft-XC-white-black-nightlife-1000391D129.jpg\" \/>\n\t<meta property=\"og:image:width\" content=\"600\" \/>\n\t<meta property=\"og:image:height\" content=\"600\" \/>\n\t<meta property=\"og:image:type\" content=\"image\/jpeg\" \/>\n<meta name=\"twitter:card\" content=\"summary_large_image\" \/>\n<meta name=\"twitter:label1\" content=\"Est. reading time\" \/>\n\t<meta name=\"twitter:data1\" content=\"2 minutes\" \/>\n<script type=\"application\/ld+json\" class=\"yoast-schema-graph\">{\"@context\":\"https:\/\/schema.org\",\"@graph\":[{\"@type\":\"WebPage\",\"@id\":\"https:\/\/www.miomiorun.com\/es\/producto\/draft-xc\/\",\"url\":\"https:\/\/www.miomiorun.com\/es\/producto\/draft-xc\/\",\"name\":\"Brooks Draft XC - zapatillas de running hombre - MioMioRun.com\",\"isPartOf\":{\"@id\":\"https:\/\/www.miomiorun.com\/es\/#website\"},\"primaryImageOfPage\":{\"@id\":\"https:\/\/www.miomiorun.com\/es\/producto\/draft-xc\/#primaryimage\"},\"image\":{\"@id\":\"https:\/\/www.miomiorun.com\/es\/producto\/draft-xc\/#primaryimage\"},\"thumbnailUrl\":\"https:\/\/www.miomiorun.com\/app\/uploads\/2022\/06\/brooks-draft-XC-white-black-nightlife-1000391D129.jpg\",\"datePublished\":\"2022-06-07T08:37:55+00:00\",\"dateModified\":\"2026-04-22T15:31:38+00:00\",\"description\":\"Las zapatillas de running unisex Draft XC ofrecen una comodidad ultraligera para las carreras de campo a trav\u00e9s, adem\u00e1s de una parte superior personalizable.\",\"breadcrumb\":{\"@id\":\"https:\/\/www.miomiorun.com\/es\/producto\/draft-xc\/#breadcrumb\"},\"inLanguage\":\"es-ES\",\"potentialAction\":[{\"@type\":\"ReadAction\",\"target\":[\"https:\/\/www.miomiorun.com\/es\/producto\/draft-xc\/\"]}]},{\"@type\":\"ImageObject\",\"inLanguage\":\"es-ES\",\"@id\":\"https:\/\/www.miomiorun.com\/es\/producto\/draft-xc\/#primaryimage\",\"url\":\"https:\/\/www.miomiorun.com\/app\/uploads\/2022\/06\/brooks-draft-XC-white-black-nightlife-1000391D129.jpg\",\"contentUrl\":\"https:\/\/www.miomiorun.com\/app\/uploads\/2022\/06\/brooks-draft-XC-white-black-nightlife-1000391D129.jpg\",\"width\":600,\"height\":600,\"caption\":\"brooks-draft-XC-white-black-nightlife-1000391D129\"},{\"@type\":\"BreadcrumbList\",\"@id\":\"https:\/\/www.miomiorun.com\/es\/producto\/draft-xc\/#breadcrumb\",\"itemListElement\":[{\"@type\":\"ListItem\",\"position\":1,\"name\":\"Home\",\"item\":\"https:\/\/www.miomiorun.com\/es\/\"},{\"@type\":\"ListItem\",\"position\":2,\"name\":\"Shop\",\"item\":\"https:\/\/www.miomiorun.com\/shop\/\"},{\"@type\":\"ListItem\",\"position\":3,\"name\":\"Draft XC\"}]},{\"@type\":\"WebSite\",\"@id\":\"https:\/\/www.miomiorun.com\/es\/#website\",\"url\":\"https:\/\/www.miomiorun.com\/es\/\",\"name\":\"MioMioRun\",\"description\":\"Tienda 100% running y trail\",\"publisher\":{\"@id\":\"https:\/\/www.miomiorun.com\/es\/#organization\"},\"potentialAction\":[{\"@type\":\"SearchAction\",\"target\":{\"@type\":\"EntryPoint\",\"urlTemplate\":\"https:\/\/www.miomiorun.com\/es\/?s={search_term_string}\"},\"query-input\":{\"@type\":\"PropertyValueSpecification\",\"valueRequired\":true,\"valueName\":\"search_term_string\"}}],\"inLanguage\":\"es-ES\"},{\"@type\":\"Organization\",\"@id\":\"https:\/\/www.miomiorun.com\/es\/#organization\",\"name\":\"MioMio Run\",\"url\":\"https:\/\/www.miomiorun.com\/es\/\",\"logo\":{\"@type\":\"ImageObject\",\"inLanguage\":\"es-ES\",\"@id\":\"https:\/\/www.miomiorun.com\/es\/#\/schema\/logo\/image\/\",\"url\":\"https:\/\/www.miomiorun.com\/app\/uploads\/2019\/12\/logomio.png\",\"contentUrl\":\"https:\/\/www.miomiorun.com\/app\/uploads\/2019\/12\/logomio.png\",\"width\":115,\"height\":82,\"caption\":\"MioMio Run\"},\"image\":{\"@id\":\"https:\/\/www.miomiorun.com\/es\/#\/schema\/logo\/image\/\"},\"sameAs\":[\"https:\/\/www.facebook.com\/miomiorun\/\",\"https:\/\/www.instagram.com\/miomiorun\/\"]}]}<\/script>\n<!-- \/ Yoast SEO plugin. -->","yoast_head_json":{"title":"Brooks Draft XC - zapatillas de running hombre - MioMioRun.com","description":"Las zapatillas de running unisex Draft XC ofrecen una comodidad ultraligera para las carreras de campo a trav\u00e9s, adem\u00e1s de una parte superior personalizable.","robots":{"index":"index","follow":"follow","max-snippet":"max-snippet:-1","max-image-preview":"max-image-preview:large","max-video-preview":"max-video-preview:-1"},"canonical":"https:\/\/www.miomiorun.com\/es\/producto\/draft-xc\/","og_locale":"es_ES","og_type":"article","og_title":"Brooks Draft XC - zapatillas de running hombre - MioMioRun.com","og_description":"Las zapatillas de running unisex Draft XC ofrecen una comodidad ultraligera para las carreras de campo a trav\u00e9s, adem\u00e1s de una parte superior personalizable.","og_url":"https:\/\/www.miomiorun.com\/es\/producto\/draft-xc\/","og_site_name":"MioMioRun","article_publisher":"https:\/\/www.facebook.com\/miomiorun\/","article_modified_time":"2026-04-22T15:31:38+00:00","og_image":[{"width":600,"height":600,"url":"https:\/\/www.miomiorun.com\/app\/uploads\/2022\/06\/brooks-draft-XC-white-black-nightlife-1000391D129.jpg","type":"image\/jpeg"}],"twitter_card":"summary_large_image","twitter_misc":{"Est. reading time":"2 minutes"},"schema":{"@context":"https:\/\/schema.org","@graph":[{"@type":"WebPage","@id":"https:\/\/www.miomiorun.com\/es\/producto\/draft-xc\/","url":"https:\/\/www.miomiorun.com\/es\/producto\/draft-xc\/","name":"Brooks Draft XC - zapatillas de running hombre - MioMioRun.com","isPartOf":{"@id":"https:\/\/www.miomiorun.com\/es\/#website"},"primaryImageOfPage":{"@id":"https:\/\/www.miomiorun.com\/es\/producto\/draft-xc\/#primaryimage"},"image":{"@id":"https:\/\/www.miomiorun.com\/es\/producto\/draft-xc\/#primaryimage"},"thumbnailUrl":"https:\/\/www.miomiorun.com\/app\/uploads\/2022\/06\/brooks-draft-XC-white-black-nightlife-1000391D129.jpg","datePublished":"2022-06-07T08:37:55+00:00","dateModified":"2026-04-22T15:31:38+00:00","description":"Las zapatillas de running unisex Draft XC ofrecen una comodidad ultraligera para las carreras de campo a trav\u00e9s, adem\u00e1s de una parte superior personalizable.","breadcrumb":{"@id":"https:\/\/www.miomiorun.com\/es\/producto\/draft-xc\/#breadcrumb"},"inLanguage":"es-ES","potentialAction":[{"@type":"ReadAction","target":["https:\/\/www.miomiorun.com\/es\/producto\/draft-xc\/"]}]},{"@type":"ImageObject","inLanguage":"es-ES","@id":"https:\/\/www.miomiorun.com\/es\/producto\/draft-xc\/#primaryimage","url":"https:\/\/www.miomiorun.com\/app\/uploads\/2022\/06\/brooks-draft-XC-white-black-nightlife-1000391D129.jpg","contentUrl":"https:\/\/www.miomiorun.com\/app\/uploads\/2022\/06\/brooks-draft-XC-white-black-nightlife-1000391D129.jpg","width":600,"height":600,"caption":"brooks-draft-XC-white-black-nightlife-1000391D129"},{"@type":"BreadcrumbList","@id":"https:\/\/www.miomiorun.com\/es\/producto\/draft-xc\/#breadcrumb","itemListElement":[{"@type":"ListItem","position":1,"name":"Home","item":"https:\/\/www.miomiorun.com\/es\/"},{"@type":"ListItem","position":2,"name":"Shop","item":"https:\/\/www.miomiorun.com\/shop\/"},{"@type":"ListItem","position":3,"name":"Draft XC"}]},{"@type":"WebSite","@id":"https:\/\/www.miomiorun.com\/es\/#website","url":"https:\/\/www.miomiorun.com\/es\/","name":"MioMioRun","description":"Tienda 100% running y trail","publisher":{"@id":"https:\/\/www.miomiorun.com\/es\/#organization"},"potentialAction":[{"@type":"SearchAction","target":{"@type":"EntryPoint","urlTemplate":"https:\/\/www.miomiorun.com\/es\/?s={search_term_string}"},"query-input":{"@type":"PropertyValueSpecification","valueRequired":true,"valueName":"search_term_string"}}],"inLanguage":"es-ES"},{"@type":"Organization","@id":"https:\/\/www.miomiorun.com\/es\/#organization","name":"MioMio Run","url":"https:\/\/www.miomiorun.com\/es\/","logo":{"@type":"ImageObject","inLanguage":"es-ES","@id":"https:\/\/www.miomiorun.com\/es\/#\/schema\/logo\/image\/","url":"https:\/\/www.miomiorun.com\/app\/uploads\/2019\/12\/logomio.png","contentUrl":"https:\/\/www.miomiorun.com\/app\/uploads\/2019\/12\/logomio.png","width":115,"height":82,"caption":"MioMio Run"},"image":{"@id":"https:\/\/www.miomiorun.com\/es\/#\/schema\/logo\/image\/"},"sameAs":["https:\/\/www.facebook.com\/miomiorun\/","https:\/\/www.instagram.com\/miomiorun\/"]}]}},"_links":{"self":[{"href":"https:\/\/www.miomiorun.com\/es\/wp-json\/wp\/v2\/product\/282936","targetHints":{"allow":["GET"]}}],"collection":[{"href":"https:\/\/www.miomiorun.com\/es\/wp-json\/wp\/v2\/product"}],"about":[{"href":"https:\/\/www.miomiorun.com\/es\/wp-json\/wp\/v2\/types\/product"}],"wp:featuredmedia":[{"embeddable":true,"href":"https:\/\/www.miomiorun.com\/es\/wp-json\/wp\/v2\/media\/236872"}],"wp:attachment":[{"href":"https:\/\/www.miomiorun.com\/es\/wp-json\/wp\/v2\/media?parent=282936"}],"wp:term":[{"taxonomy":"product_brand","embeddable":true,"href":"https:\/\/www.miomiorun.com\/es\/wp-json\/wp\/v2\/product_brand?post=282936"},{"taxonomy":"product_cat","embeddable":true,"href":"https:\/\/www.miomiorun.com\/es\/wp-json\/wp\/v2\/product_cat?post=282936"},{"taxonomy":"product_tag","embeddable":true,"href":"https:\/\/www.miomiorun.com\/es\/wp-json\/wp\/v2\/product_tag?post=282936"}],"curies":[{"name":"wp","href":"https:\/\/api.w.org\/{rel}","templated":true}]}}