{"id":282904,"date":"2022-05-26T09:52:04","date_gmt":"2022-05-26T07:52:04","guid":{"rendered":"https:\/\/miomiorun.com\/prodotto\/bliz-hero-spare-lens\/"},"modified":"2026-05-06T09:36:28","modified_gmt":"2026-05-06T07:36:28","slug":"bliz-hero-spare-lens","status":"publish","type":"product","link":"https:\/\/www.miomiorun.com\/es\/producto\/bliz-hero-spare-lens\/","title":{"rendered":"Hero Spare Lens"},"content":{"rendered":"<div class=\"vc-row container\"><div class=\"vc-column\"><div class=\"vc-column-text\">Lentes de repuesto transparentes, compatibles con las gafas deportivas Hero. Categor\u00eda de filtro 0, para condiciones de poca luz.<\/p>\n<h3>Caracter\u00edsticas generales<\/h3>\n<p>Bliz ofrece una amplia gama de lentes adicionales de alta calidad para nuestras diversas gafas deportivas. Las gafas Bliz est\u00e1n dise\u00f1adas para facilitar el cambio de lentes en funci\u00f3n de las diferentes condiciones meteorol\u00f3gicas y de luz. Todo ello con el fin de maximizar tu flexibilidad a la hora de practicar diferentes deportes.<\/p>\n<h3>Filtro de lentes<\/h3>\n<p>0 = \u2745\u2601 Condiciones de oscuridad, como al atardecer, de noche, en interiores, con nieve o nublado. LT 80-100 %<br \/>\n1 = \u2601 Condiciones de luz plana; aumenta el contraste e ilumina el paisaje. LT 43-80 %<br \/>\n2 = \u2601\u2600 Aumenta el contraste ideal para d\u00edas luminosos, en general. LT 18-43 %<br \/>\n3 = \u2600 Para condiciones luminosas. LT 8-18 %<br \/>\n4 = \u2600\u2600 Luz solar excepcionalmente intensa. LT 3-8 %<\/p>\n<p id=\"tw-target-text\" class=\"tw-data-text tw-text-large tw-ta\" dir=\"ltr\" data-placeholder=\"Traduzione\"><span class=\"Y2IQFc\" lang=\"it\"><span lang=\"EN-US\">\u00a0<\/span><\/span><\/p>\n<p><\/div><\/div><\/div>\n","protected":false},"excerpt":{"rendered":"","protected":false},"featured_media":236844,"template":"","meta":{"_acf_changed":false,"inline_featured_image":false},"product_brand":[],"product_cat":[24205,24219],"product_tag":[23460],"class_list":{"0":"post-282904","1":"product","2":"type-product","3":"status-publish","4":"has-post-thumbnail","6":"product_cat-accesorios","7":"product_cat-gafas","8":"product_tag-bliz-es","9":"pa_attivita-caminar","10":"pa_attivita-outdoor-es","11":"pa_attivita-running-es","12":"pa_attivita-trail-es","13":"pa_colore-hero-spare-lenses-clear-es","14":"pa_colore-hero-spare-lenses-violet-w-blue-multi-es","15":"pa_marca-bliz-es","16":"pa_sesso-hombre","17":"pa_sesso-mujer","19":"first","20":"instock","21":"sale","22":"taxable","23":"shipping-taxable","24":"purchasable","25":"product-type-variable","26":"wvs-archive-product-wrapper"},"acf":[],"yoast_head":"<!-- This site is optimized with the Yoast SEO plugin v26.8 - https:\/\/yoast.com\/product\/yoast-seo-wordpress\/ -->\n<title>Bliz Hero Spare Lens -gafas para correr - MioMioRun.com<\/title>\n<meta name=\"description\" content=\"Lentes de repuesto transparentes, compatibles con las gafas deportivas Hero. Categor\u00eda de filtro 0, para condiciones de poca luz.\" \/>\n<meta name=\"robots\" content=\"index, follow, max-snippet:-1, max-image-preview:large, max-video-preview:-1\" \/>\n<link rel=\"canonical\" href=\"https:\/\/www.miomiorun.com\/es\/producto\/bliz-hero-spare-lens\/\" \/>\n<meta property=\"og:locale\" content=\"es_ES\" \/>\n<meta property=\"og:type\" content=\"article\" \/>\n<meta property=\"og:title\" content=\"Bliz Hero Spare Lens -gafas para correr - MioMioRun.com\" \/>\n<meta property=\"og:description\" content=\"Lentes de repuesto transparentes, compatibles con las gafas deportivas Hero. Categor\u00eda de filtro 0, para condiciones de poca luz.\" \/>\n<meta property=\"og:url\" content=\"https:\/\/www.miomiorun.com\/es\/producto\/bliz-hero-spare-lens\/\" \/>\n<meta property=\"og:site_name\" content=\"MioMioRun\" \/>\n<meta property=\"article:publisher\" content=\"https:\/\/www.facebook.com\/miomiorun\/\" \/>\n<meta property=\"article:modified_time\" content=\"2026-05-06T07:36:28+00:00\" \/>\n<meta property=\"og:image\" content=\"https:\/\/www.miomiorun.com\/app\/uploads\/2022\/05\/bliz-hero-spare-lenses-52210-L0.jpg\" \/>\n\t<meta property=\"og:image:width\" content=\"600\" \/>\n\t<meta property=\"og:image:height\" content=\"600\" \/>\n\t<meta property=\"og:image:type\" content=\"image\/jpeg\" \/>\n<meta name=\"twitter:card\" content=\"summary_large_image\" \/>\n<meta name=\"twitter:label1\" content=\"Est. reading time\" \/>\n\t<meta name=\"twitter:data1\" content=\"1 minute\" \/>\n<script type=\"application\/ld+json\" class=\"yoast-schema-graph\">{\"@context\":\"https:\/\/schema.org\",\"@graph\":[{\"@type\":\"WebPage\",\"@id\":\"https:\/\/www.miomiorun.com\/es\/producto\/bliz-hero-spare-lens\/\",\"url\":\"https:\/\/www.miomiorun.com\/es\/producto\/bliz-hero-spare-lens\/\",\"name\":\"Bliz Hero Spare Lens -gafas para correr - MioMioRun.com\",\"isPartOf\":{\"@id\":\"https:\/\/www.miomiorun.com\/es\/#website\"},\"primaryImageOfPage\":{\"@id\":\"https:\/\/www.miomiorun.com\/es\/producto\/bliz-hero-spare-lens\/#primaryimage\"},\"image\":{\"@id\":\"https:\/\/www.miomiorun.com\/es\/producto\/bliz-hero-spare-lens\/#primaryimage\"},\"thumbnailUrl\":\"https:\/\/www.miomiorun.com\/app\/uploads\/2022\/05\/bliz-hero-spare-lenses-52210-L0.jpg\",\"datePublished\":\"2022-05-26T07:52:04+00:00\",\"dateModified\":\"2026-05-06T07:36:28+00:00\",\"description\":\"Lentes de repuesto transparentes, compatibles con las gafas deportivas Hero. Categor\u00eda de filtro 0, para condiciones de poca luz.\",\"breadcrumb\":{\"@id\":\"https:\/\/www.miomiorun.com\/es\/producto\/bliz-hero-spare-lens\/#breadcrumb\"},\"inLanguage\":\"es-ES\",\"potentialAction\":[{\"@type\":\"ReadAction\",\"target\":[\"https:\/\/www.miomiorun.com\/es\/producto\/bliz-hero-spare-lens\/\"]}]},{\"@type\":\"ImageObject\",\"inLanguage\":\"es-ES\",\"@id\":\"https:\/\/www.miomiorun.com\/es\/producto\/bliz-hero-spare-lens\/#primaryimage\",\"url\":\"https:\/\/www.miomiorun.com\/app\/uploads\/2022\/05\/bliz-hero-spare-lenses-52210-L0.jpg\",\"contentUrl\":\"https:\/\/www.miomiorun.com\/app\/uploads\/2022\/05\/bliz-hero-spare-lenses-52210-L0.jpg\",\"width\":600,\"height\":600,\"caption\":\"bliz-hero-spare-lenses-52210-L0\"},{\"@type\":\"BreadcrumbList\",\"@id\":\"https:\/\/www.miomiorun.com\/es\/producto\/bliz-hero-spare-lens\/#breadcrumb\",\"itemListElement\":[{\"@type\":\"ListItem\",\"position\":1,\"name\":\"Home\",\"item\":\"https:\/\/www.miomiorun.com\/es\/\"},{\"@type\":\"ListItem\",\"position\":2,\"name\":\"Shop\",\"item\":\"https:\/\/www.miomiorun.com\/shop\/\"},{\"@type\":\"ListItem\",\"position\":3,\"name\":\"Hero Spare Lens\"}]},{\"@type\":\"WebSite\",\"@id\":\"https:\/\/www.miomiorun.com\/es\/#website\",\"url\":\"https:\/\/www.miomiorun.com\/es\/\",\"name\":\"MioMioRun\",\"description\":\"Tienda 100% running y trail\",\"publisher\":{\"@id\":\"https:\/\/www.miomiorun.com\/es\/#organization\"},\"potentialAction\":[{\"@type\":\"SearchAction\",\"target\":{\"@type\":\"EntryPoint\",\"urlTemplate\":\"https:\/\/www.miomiorun.com\/es\/?s={search_term_string}\"},\"query-input\":{\"@type\":\"PropertyValueSpecification\",\"valueRequired\":true,\"valueName\":\"search_term_string\"}}],\"inLanguage\":\"es-ES\"},{\"@type\":\"Organization\",\"@id\":\"https:\/\/www.miomiorun.com\/es\/#organization\",\"name\":\"MioMio Run\",\"url\":\"https:\/\/www.miomiorun.com\/es\/\",\"logo\":{\"@type\":\"ImageObject\",\"inLanguage\":\"es-ES\",\"@id\":\"https:\/\/www.miomiorun.com\/es\/#\/schema\/logo\/image\/\",\"url\":\"https:\/\/www.miomiorun.com\/app\/uploads\/2019\/12\/logomio.png\",\"contentUrl\":\"https:\/\/www.miomiorun.com\/app\/uploads\/2019\/12\/logomio.png\",\"width\":115,\"height\":82,\"caption\":\"MioMio Run\"},\"image\":{\"@id\":\"https:\/\/www.miomiorun.com\/es\/#\/schema\/logo\/image\/\"},\"sameAs\":[\"https:\/\/www.facebook.com\/miomiorun\/\",\"https:\/\/www.instagram.com\/miomiorun\/\"]}]}<\/script>\n<!-- \/ Yoast SEO plugin. -->","yoast_head_json":{"title":"Bliz Hero Spare Lens -gafas para correr - MioMioRun.com","description":"Lentes de repuesto transparentes, compatibles con las gafas deportivas Hero. Categor\u00eda de filtro 0, para condiciones de poca luz.","robots":{"index":"index","follow":"follow","max-snippet":"max-snippet:-1","max-image-preview":"max-image-preview:large","max-video-preview":"max-video-preview:-1"},"canonical":"https:\/\/www.miomiorun.com\/es\/producto\/bliz-hero-spare-lens\/","og_locale":"es_ES","og_type":"article","og_title":"Bliz Hero Spare Lens -gafas para correr - MioMioRun.com","og_description":"Lentes de repuesto transparentes, compatibles con las gafas deportivas Hero. Categor\u00eda de filtro 0, para condiciones de poca luz.","og_url":"https:\/\/www.miomiorun.com\/es\/producto\/bliz-hero-spare-lens\/","og_site_name":"MioMioRun","article_publisher":"https:\/\/www.facebook.com\/miomiorun\/","article_modified_time":"2026-05-06T07:36:28+00:00","og_image":[{"width":600,"height":600,"url":"https:\/\/www.miomiorun.com\/app\/uploads\/2022\/05\/bliz-hero-spare-lenses-52210-L0.jpg","type":"image\/jpeg"}],"twitter_card":"summary_large_image","twitter_misc":{"Est. reading time":"1 minute"},"schema":{"@context":"https:\/\/schema.org","@graph":[{"@type":"WebPage","@id":"https:\/\/www.miomiorun.com\/es\/producto\/bliz-hero-spare-lens\/","url":"https:\/\/www.miomiorun.com\/es\/producto\/bliz-hero-spare-lens\/","name":"Bliz Hero Spare Lens -gafas para correr - MioMioRun.com","isPartOf":{"@id":"https:\/\/www.miomiorun.com\/es\/#website"},"primaryImageOfPage":{"@id":"https:\/\/www.miomiorun.com\/es\/producto\/bliz-hero-spare-lens\/#primaryimage"},"image":{"@id":"https:\/\/www.miomiorun.com\/es\/producto\/bliz-hero-spare-lens\/#primaryimage"},"thumbnailUrl":"https:\/\/www.miomiorun.com\/app\/uploads\/2022\/05\/bliz-hero-spare-lenses-52210-L0.jpg","datePublished":"2022-05-26T07:52:04+00:00","dateModified":"2026-05-06T07:36:28+00:00","description":"Lentes de repuesto transparentes, compatibles con las gafas deportivas Hero. Categor\u00eda de filtro 0, para condiciones de poca luz.","breadcrumb":{"@id":"https:\/\/www.miomiorun.com\/es\/producto\/bliz-hero-spare-lens\/#breadcrumb"},"inLanguage":"es-ES","potentialAction":[{"@type":"ReadAction","target":["https:\/\/www.miomiorun.com\/es\/producto\/bliz-hero-spare-lens\/"]}]},{"@type":"ImageObject","inLanguage":"es-ES","@id":"https:\/\/www.miomiorun.com\/es\/producto\/bliz-hero-spare-lens\/#primaryimage","url":"https:\/\/www.miomiorun.com\/app\/uploads\/2022\/05\/bliz-hero-spare-lenses-52210-L0.jpg","contentUrl":"https:\/\/www.miomiorun.com\/app\/uploads\/2022\/05\/bliz-hero-spare-lenses-52210-L0.jpg","width":600,"height":600,"caption":"bliz-hero-spare-lenses-52210-L0"},{"@type":"BreadcrumbList","@id":"https:\/\/www.miomiorun.com\/es\/producto\/bliz-hero-spare-lens\/#breadcrumb","itemListElement":[{"@type":"ListItem","position":1,"name":"Home","item":"https:\/\/www.miomiorun.com\/es\/"},{"@type":"ListItem","position":2,"name":"Shop","item":"https:\/\/www.miomiorun.com\/shop\/"},{"@type":"ListItem","position":3,"name":"Hero Spare Lens"}]},{"@type":"WebSite","@id":"https:\/\/www.miomiorun.com\/es\/#website","url":"https:\/\/www.miomiorun.com\/es\/","name":"MioMioRun","description":"Tienda 100% running y trail","publisher":{"@id":"https:\/\/www.miomiorun.com\/es\/#organization"},"potentialAction":[{"@type":"SearchAction","target":{"@type":"EntryPoint","urlTemplate":"https:\/\/www.miomiorun.com\/es\/?s={search_term_string}"},"query-input":{"@type":"PropertyValueSpecification","valueRequired":true,"valueName":"search_term_string"}}],"inLanguage":"es-ES"},{"@type":"Organization","@id":"https:\/\/www.miomiorun.com\/es\/#organization","name":"MioMio Run","url":"https:\/\/www.miomiorun.com\/es\/","logo":{"@type":"ImageObject","inLanguage":"es-ES","@id":"https:\/\/www.miomiorun.com\/es\/#\/schema\/logo\/image\/","url":"https:\/\/www.miomiorun.com\/app\/uploads\/2019\/12\/logomio.png","contentUrl":"https:\/\/www.miomiorun.com\/app\/uploads\/2019\/12\/logomio.png","width":115,"height":82,"caption":"MioMio Run"},"image":{"@id":"https:\/\/www.miomiorun.com\/es\/#\/schema\/logo\/image\/"},"sameAs":["https:\/\/www.facebook.com\/miomiorun\/","https:\/\/www.instagram.com\/miomiorun\/"]}]}},"_links":{"self":[{"href":"https:\/\/www.miomiorun.com\/es\/wp-json\/wp\/v2\/product\/282904","targetHints":{"allow":["GET"]}}],"collection":[{"href":"https:\/\/www.miomiorun.com\/es\/wp-json\/wp\/v2\/product"}],"about":[{"href":"https:\/\/www.miomiorun.com\/es\/wp-json\/wp\/v2\/types\/product"}],"wp:featuredmedia":[{"embeddable":true,"href":"https:\/\/www.miomiorun.com\/es\/wp-json\/wp\/v2\/media\/236844"}],"wp:attachment":[{"href":"https:\/\/www.miomiorun.com\/es\/wp-json\/wp\/v2\/media?parent=282904"}],"wp:term":[{"taxonomy":"product_brand","embeddable":true,"href":"https:\/\/www.miomiorun.com\/es\/wp-json\/wp\/v2\/product_brand?post=282904"},{"taxonomy":"product_cat","embeddable":true,"href":"https:\/\/www.miomiorun.com\/es\/wp-json\/wp\/v2\/product_cat?post=282904"},{"taxonomy":"product_tag","embeddable":true,"href":"https:\/\/www.miomiorun.com\/es\/wp-json\/wp\/v2\/product_tag?post=282904"}],"curies":[{"name":"wp","href":"https:\/\/api.w.org\/{rel}","templated":true}]}}