{"id":282865,"date":"2022-06-08T11:21:14","date_gmt":"2022-06-08T09:21:14","guid":{"rendered":"https:\/\/miomiorun.com\/prodotto\/pro-hypervent-cropped-top-donna\/"},"modified":"2026-05-06T09:38:03","modified_gmt":"2026-05-06T07:38:03","slug":"pro-hypervent-cropped-top-mujer","status":"publish","type":"product","link":"https:\/\/www.miomiorun.com\/es\/producto\/pro-hypervent-cropped-top-mujer\/","title":{"rendered":"Pro Hypervent Cropped Top mujer"},"content":{"rendered":"<p><strong>El top corto Pro Hypervent\u00a0<\/strong>para mujer de Craft es una camiseta de running ligera de nivel profesional que ofrece una ventilaci\u00f3n y una refrigeraci\u00f3n excepcionales para un rendimiento \u00f3ptimo en condiciones de calor.<\/p>\n<p>Este maillot de ciclismo de alta tecnolog\u00eda est\u00e1 confeccionado con un tejido de malla ligero y muy funcional que ofrece una excelente evacuaci\u00f3n de la humedad y una gran refrigeraci\u00f3n. Adem\u00e1s, el maillot cuenta con una banda el\u00e1stica en la parte inferior para un ajuste ce\u00f1ido y costuras selladas en la espalda para una comodidad \u00f3ptima.<\/p>\n<h3>S\u00faper ligero y s\u00faper transpirable<\/h3>\n<p>Pro Hypervent es un concepto de nivel profesional, ultraligero y ultratranspirable, que mejora el rendimiento de los corredores m\u00e1s exigentes. Sus tejidos finos, supersuaves y excepcionalmente ligeros y transpirables garantizan una funcionalidad, una ventilaci\u00f3n y un confort superiores, tanto en carreras de alta velocidad como en largas distancias en condiciones de calor.<\/p>\n<p><strong>Caracter\u00edsticas:<\/strong><\/p>\n<ul>\n<li>Red de poli\u00e9ster ligera y muy funcional.<\/li>\n<li>Espalda en forma de remo con el\u00e1stico en la parte inferior.<\/li>\n<li>Costuras selladas en la parte trasera.<\/li>\n<li>Se recomienda llevarlo con un sujetador deportivo para una sujeci\u00f3n \u00f3ptima.<\/li>\n<\/ul>\n<p><img loading=\"lazy\" decoding=\"async\" class=\"css-1w257c5\" title=\"MoistureTransport\" src=\"https:\/\/www.craftsportswear.com\/static\/media\/moisture_transport.27f437d8.svg?q=70&amp;fit=clip&amp;w=72&amp;fm=jpg&amp;auto=format\" alt=\"MoistureTransport\" width=\"80\" height=\"80\" \/><\/p>\n<p><strong>Transporte de humedad<\/strong><\/p>\n<p><img loading=\"lazy\" decoding=\"async\" class=\"css-1w257c5\" title=\"SoftTouch\" src=\"https:\/\/www.craftsportswear.com\/static\/media\/soft_touch.2b191977.svg?q=70&amp;fit=clip&amp;w=72&amp;fm=jpg&amp;auto=format\" alt=\"SoftTouch\" width=\"80\" height=\"80\" \/><\/p>\n<p><strong>Toque ligero<\/strong><\/p>\n<p><img loading=\"lazy\" decoding=\"async\" class=\"css-1w257c5\" title=\"Lightweight\" src=\"https:\/\/www.craftsportswear.com\/static\/media\/lightweight.6800ab4f.svg?q=70&amp;fit=clip&amp;w=72&amp;fm=jpg&amp;auto=format\" alt=\"Lightweight\" width=\"80\" height=\"80\" \/><\/p>\n<p><strong>Ligero<\/strong><\/p>\n<p>&nbsp;<\/p>\n<p class=\"css-8rgusf\">Composici\u00f3n: 90 % poli\u00e9ster, 10 % elastano<\/p>\n<p class=\"css-8rgusf\">Lavar a m\u00e1quina a 40 grados.<\/p>\n<p>&nbsp;<\/p>\n<div class=\"o-feature-callout__feature-copy\">\n<div class=\"o-feature-callout__feature-copy\">\n<p>&nbsp;<\/p>\n<\/div>\n<\/div>\n","protected":false},"excerpt":{"rendered":"<p>El top corto Pro Hypervent\u00a0para mujer de Craft es una camiseta de running ligera de nivel profesional que ofrece una ventilaci\u00f3n y una refrigeraci\u00f3n excepcionales para un rendimiento \u00f3ptimo en condiciones de calor. Este maillot de ciclismo de alta tecnolog\u00eda est\u00e1 confeccionado con un tejido de malla ligero y muy funcional que ofrece una excelente &hellip; <a href=\"https:\/\/www.miomiorun.com\/es\/producto\/pro-hypervent-cropped-top-mujer\/\">Continued<\/a><\/p>\n","protected":false},"featured_media":237016,"template":"","meta":{"_acf_changed":false,"inline_featured_image":false},"product_brand":[],"product_cat":[24399,24401,24397,24402],"product_tag":[23553,23659],"class_list":{"0":"post-282865","1":"product","2":"type-product","3":"status-publish","4":"has-post-thumbnail","6":"product_cat-chalecos","7":"product_cat-ropa-de-mujer","8":"product_cat-ropa-interior","9":"product_cat-mujer","10":"product_tag-craft-es","11":"product_tag-craft-mujer","12":"pa_attivita-caminar","13":"pa_attivita-fitness-es","14":"pa_attivita-running-es","15":"pa_colore-pro-hypervent-cropped-top-w-black-roxo-es","16":"pa_colore-pro-hypervent-cropped-top-w-blaze-flex-es","17":"pa_marca-craft-es","18":"pa_sesso-mujer","19":"pa_size-extra-small-es","20":"pa_size-small-es","21":"pa_size-medium-es","22":"pa_size-large-es","24":"first","25":"instock","26":"sale","27":"taxable","28":"shipping-taxable","29":"purchasable","30":"product-type-variable","31":"wvs-archive-product-wrapper"},"acf":[],"yoast_head":"<!-- This site is optimized with the Yoast SEO plugin v26.8 - https:\/\/yoast.com\/product\/yoast-seo-wordpress\/ -->\n<title>CraftPro Hypervent Cropped Top mujer - top - MioMioRun<\/title>\n<meta name=\"description\" content=\"El top corto Pro Hypervent para mujer de Craft es una camiseta de running ligera de nivel profesional que ofrece ventilaci\u00f3n y refrigeraci\u00f3n.\" \/>\n<meta name=\"robots\" content=\"index, follow, max-snippet:-1, max-image-preview:large, max-video-preview:-1\" \/>\n<link rel=\"canonical\" href=\"https:\/\/www.miomiorun.com\/es\/producto\/pro-hypervent-cropped-top-mujer\/\" \/>\n<meta property=\"og:locale\" content=\"es_ES\" \/>\n<meta property=\"og:type\" content=\"article\" \/>\n<meta property=\"og:title\" content=\"CraftPro Hypervent Cropped Top mujer - top - MioMioRun\" \/>\n<meta property=\"og:description\" content=\"El top corto Pro Hypervent para mujer de Craft es una camiseta de running ligera de nivel profesional que ofrece ventilaci\u00f3n y refrigeraci\u00f3n.\" \/>\n<meta property=\"og:url\" content=\"https:\/\/www.miomiorun.com\/es\/producto\/pro-hypervent-cropped-top-mujer\/\" \/>\n<meta property=\"og:site_name\" content=\"MioMioRun\" \/>\n<meta property=\"article:publisher\" content=\"https:\/\/www.facebook.com\/miomiorun\/\" \/>\n<meta property=\"article:modified_time\" content=\"2026-05-06T07:38:03+00:00\" \/>\n<meta property=\"og:image\" content=\"https:\/\/www.miomiorun.com\/app\/uploads\/2022\/06\/craft-pro-hypervent-cropped-top-W-black-roxo-1910432-999486.jpg\" \/>\n\t<meta property=\"og:image:width\" content=\"600\" \/>\n\t<meta property=\"og:image:height\" content=\"600\" \/>\n\t<meta property=\"og:image:type\" content=\"image\/jpeg\" \/>\n<meta name=\"twitter:card\" content=\"summary_large_image\" \/>\n<meta name=\"twitter:label1\" content=\"Est. reading time\" \/>\n\t<meta name=\"twitter:data1\" content=\"1 minute\" \/>\n<script type=\"application\/ld+json\" class=\"yoast-schema-graph\">{\"@context\":\"https:\/\/schema.org\",\"@graph\":[{\"@type\":\"WebPage\",\"@id\":\"https:\/\/www.miomiorun.com\/es\/producto\/pro-hypervent-cropped-top-mujer\/\",\"url\":\"https:\/\/www.miomiorun.com\/es\/producto\/pro-hypervent-cropped-top-mujer\/\",\"name\":\"CraftPro Hypervent Cropped Top mujer - top - MioMioRun\",\"isPartOf\":{\"@id\":\"https:\/\/www.miomiorun.com\/es\/#website\"},\"primaryImageOfPage\":{\"@id\":\"https:\/\/www.miomiorun.com\/es\/producto\/pro-hypervent-cropped-top-mujer\/#primaryimage\"},\"image\":{\"@id\":\"https:\/\/www.miomiorun.com\/es\/producto\/pro-hypervent-cropped-top-mujer\/#primaryimage\"},\"thumbnailUrl\":\"https:\/\/www.miomiorun.com\/app\/uploads\/2022\/06\/craft-pro-hypervent-cropped-top-W-black-roxo-1910432-999486.jpg\",\"datePublished\":\"2022-06-08T09:21:14+00:00\",\"dateModified\":\"2026-05-06T07:38:03+00:00\",\"description\":\"El top corto Pro Hypervent para mujer de Craft es una camiseta de running ligera de nivel profesional que ofrece ventilaci\u00f3n y refrigeraci\u00f3n.\",\"breadcrumb\":{\"@id\":\"https:\/\/www.miomiorun.com\/es\/producto\/pro-hypervent-cropped-top-mujer\/#breadcrumb\"},\"inLanguage\":\"es-ES\",\"potentialAction\":[{\"@type\":\"ReadAction\",\"target\":[\"https:\/\/www.miomiorun.com\/es\/producto\/pro-hypervent-cropped-top-mujer\/\"]}]},{\"@type\":\"ImageObject\",\"inLanguage\":\"es-ES\",\"@id\":\"https:\/\/www.miomiorun.com\/es\/producto\/pro-hypervent-cropped-top-mujer\/#primaryimage\",\"url\":\"https:\/\/www.miomiorun.com\/app\/uploads\/2022\/06\/craft-pro-hypervent-cropped-top-W-black-roxo-1910432-999486.jpg\",\"contentUrl\":\"https:\/\/www.miomiorun.com\/app\/uploads\/2022\/06\/craft-pro-hypervent-cropped-top-W-black-roxo-1910432-999486.jpg\",\"width\":600,\"height\":600,\"caption\":\"craft-pro-hypervent-cropped-top-W-black-roxo-1910432-999486\"},{\"@type\":\"BreadcrumbList\",\"@id\":\"https:\/\/www.miomiorun.com\/es\/producto\/pro-hypervent-cropped-top-mujer\/#breadcrumb\",\"itemListElement\":[{\"@type\":\"ListItem\",\"position\":1,\"name\":\"Home\",\"item\":\"https:\/\/www.miomiorun.com\/es\/\"},{\"@type\":\"ListItem\",\"position\":2,\"name\":\"Shop\",\"item\":\"https:\/\/www.miomiorun.com\/shop\/\"},{\"@type\":\"ListItem\",\"position\":3,\"name\":\"Pro Hypervent Cropped Top mujer\"}]},{\"@type\":\"WebSite\",\"@id\":\"https:\/\/www.miomiorun.com\/es\/#website\",\"url\":\"https:\/\/www.miomiorun.com\/es\/\",\"name\":\"MioMioRun\",\"description\":\"Tienda 100% running y trail\",\"publisher\":{\"@id\":\"https:\/\/www.miomiorun.com\/es\/#organization\"},\"potentialAction\":[{\"@type\":\"SearchAction\",\"target\":{\"@type\":\"EntryPoint\",\"urlTemplate\":\"https:\/\/www.miomiorun.com\/es\/?s={search_term_string}\"},\"query-input\":{\"@type\":\"PropertyValueSpecification\",\"valueRequired\":true,\"valueName\":\"search_term_string\"}}],\"inLanguage\":\"es-ES\"},{\"@type\":\"Organization\",\"@id\":\"https:\/\/www.miomiorun.com\/es\/#organization\",\"name\":\"MioMio Run\",\"url\":\"https:\/\/www.miomiorun.com\/es\/\",\"logo\":{\"@type\":\"ImageObject\",\"inLanguage\":\"es-ES\",\"@id\":\"https:\/\/www.miomiorun.com\/es\/#\/schema\/logo\/image\/\",\"url\":\"https:\/\/www.miomiorun.com\/app\/uploads\/2019\/12\/logomio.png\",\"contentUrl\":\"https:\/\/www.miomiorun.com\/app\/uploads\/2019\/12\/logomio.png\",\"width\":115,\"height\":82,\"caption\":\"MioMio Run\"},\"image\":{\"@id\":\"https:\/\/www.miomiorun.com\/es\/#\/schema\/logo\/image\/\"},\"sameAs\":[\"https:\/\/www.facebook.com\/miomiorun\/\",\"https:\/\/www.instagram.com\/miomiorun\/\"]}]}<\/script>\n<!-- \/ Yoast SEO plugin. -->","yoast_head_json":{"title":"CraftPro Hypervent Cropped Top mujer - top - MioMioRun","description":"El top corto Pro Hypervent para mujer de Craft es una camiseta de running ligera de nivel profesional que ofrece ventilaci\u00f3n y refrigeraci\u00f3n.","robots":{"index":"index","follow":"follow","max-snippet":"max-snippet:-1","max-image-preview":"max-image-preview:large","max-video-preview":"max-video-preview:-1"},"canonical":"https:\/\/www.miomiorun.com\/es\/producto\/pro-hypervent-cropped-top-mujer\/","og_locale":"es_ES","og_type":"article","og_title":"CraftPro Hypervent Cropped Top mujer - top - MioMioRun","og_description":"El top corto Pro Hypervent para mujer de Craft es una camiseta de running ligera de nivel profesional que ofrece ventilaci\u00f3n y refrigeraci\u00f3n.","og_url":"https:\/\/www.miomiorun.com\/es\/producto\/pro-hypervent-cropped-top-mujer\/","og_site_name":"MioMioRun","article_publisher":"https:\/\/www.facebook.com\/miomiorun\/","article_modified_time":"2026-05-06T07:38:03+00:00","og_image":[{"width":600,"height":600,"url":"https:\/\/www.miomiorun.com\/app\/uploads\/2022\/06\/craft-pro-hypervent-cropped-top-W-black-roxo-1910432-999486.jpg","type":"image\/jpeg"}],"twitter_card":"summary_large_image","twitter_misc":{"Est. reading time":"1 minute"},"schema":{"@context":"https:\/\/schema.org","@graph":[{"@type":"WebPage","@id":"https:\/\/www.miomiorun.com\/es\/producto\/pro-hypervent-cropped-top-mujer\/","url":"https:\/\/www.miomiorun.com\/es\/producto\/pro-hypervent-cropped-top-mujer\/","name":"CraftPro Hypervent Cropped Top mujer - top - MioMioRun","isPartOf":{"@id":"https:\/\/www.miomiorun.com\/es\/#website"},"primaryImageOfPage":{"@id":"https:\/\/www.miomiorun.com\/es\/producto\/pro-hypervent-cropped-top-mujer\/#primaryimage"},"image":{"@id":"https:\/\/www.miomiorun.com\/es\/producto\/pro-hypervent-cropped-top-mujer\/#primaryimage"},"thumbnailUrl":"https:\/\/www.miomiorun.com\/app\/uploads\/2022\/06\/craft-pro-hypervent-cropped-top-W-black-roxo-1910432-999486.jpg","datePublished":"2022-06-08T09:21:14+00:00","dateModified":"2026-05-06T07:38:03+00:00","description":"El top corto Pro Hypervent para mujer de Craft es una camiseta de running ligera de nivel profesional que ofrece ventilaci\u00f3n y refrigeraci\u00f3n.","breadcrumb":{"@id":"https:\/\/www.miomiorun.com\/es\/producto\/pro-hypervent-cropped-top-mujer\/#breadcrumb"},"inLanguage":"es-ES","potentialAction":[{"@type":"ReadAction","target":["https:\/\/www.miomiorun.com\/es\/producto\/pro-hypervent-cropped-top-mujer\/"]}]},{"@type":"ImageObject","inLanguage":"es-ES","@id":"https:\/\/www.miomiorun.com\/es\/producto\/pro-hypervent-cropped-top-mujer\/#primaryimage","url":"https:\/\/www.miomiorun.com\/app\/uploads\/2022\/06\/craft-pro-hypervent-cropped-top-W-black-roxo-1910432-999486.jpg","contentUrl":"https:\/\/www.miomiorun.com\/app\/uploads\/2022\/06\/craft-pro-hypervent-cropped-top-W-black-roxo-1910432-999486.jpg","width":600,"height":600,"caption":"craft-pro-hypervent-cropped-top-W-black-roxo-1910432-999486"},{"@type":"BreadcrumbList","@id":"https:\/\/www.miomiorun.com\/es\/producto\/pro-hypervent-cropped-top-mujer\/#breadcrumb","itemListElement":[{"@type":"ListItem","position":1,"name":"Home","item":"https:\/\/www.miomiorun.com\/es\/"},{"@type":"ListItem","position":2,"name":"Shop","item":"https:\/\/www.miomiorun.com\/shop\/"},{"@type":"ListItem","position":3,"name":"Pro Hypervent Cropped Top mujer"}]},{"@type":"WebSite","@id":"https:\/\/www.miomiorun.com\/es\/#website","url":"https:\/\/www.miomiorun.com\/es\/","name":"MioMioRun","description":"Tienda 100% running y trail","publisher":{"@id":"https:\/\/www.miomiorun.com\/es\/#organization"},"potentialAction":[{"@type":"SearchAction","target":{"@type":"EntryPoint","urlTemplate":"https:\/\/www.miomiorun.com\/es\/?s={search_term_string}"},"query-input":{"@type":"PropertyValueSpecification","valueRequired":true,"valueName":"search_term_string"}}],"inLanguage":"es-ES"},{"@type":"Organization","@id":"https:\/\/www.miomiorun.com\/es\/#organization","name":"MioMio Run","url":"https:\/\/www.miomiorun.com\/es\/","logo":{"@type":"ImageObject","inLanguage":"es-ES","@id":"https:\/\/www.miomiorun.com\/es\/#\/schema\/logo\/image\/","url":"https:\/\/www.miomiorun.com\/app\/uploads\/2019\/12\/logomio.png","contentUrl":"https:\/\/www.miomiorun.com\/app\/uploads\/2019\/12\/logomio.png","width":115,"height":82,"caption":"MioMio Run"},"image":{"@id":"https:\/\/www.miomiorun.com\/es\/#\/schema\/logo\/image\/"},"sameAs":["https:\/\/www.facebook.com\/miomiorun\/","https:\/\/www.instagram.com\/miomiorun\/"]}]}},"_links":{"self":[{"href":"https:\/\/www.miomiorun.com\/es\/wp-json\/wp\/v2\/product\/282865","targetHints":{"allow":["GET"]}}],"collection":[{"href":"https:\/\/www.miomiorun.com\/es\/wp-json\/wp\/v2\/product"}],"about":[{"href":"https:\/\/www.miomiorun.com\/es\/wp-json\/wp\/v2\/types\/product"}],"wp:featuredmedia":[{"embeddable":true,"href":"https:\/\/www.miomiorun.com\/es\/wp-json\/wp\/v2\/media\/237016"}],"wp:attachment":[{"href":"https:\/\/www.miomiorun.com\/es\/wp-json\/wp\/v2\/media?parent=282865"}],"wp:term":[{"taxonomy":"product_brand","embeddable":true,"href":"https:\/\/www.miomiorun.com\/es\/wp-json\/wp\/v2\/product_brand?post=282865"},{"taxonomy":"product_cat","embeddable":true,"href":"https:\/\/www.miomiorun.com\/es\/wp-json\/wp\/v2\/product_cat?post=282865"},{"taxonomy":"product_tag","embeddable":true,"href":"https:\/\/www.miomiorun.com\/es\/wp-json\/wp\/v2\/product_tag?post=282865"}],"curies":[{"name":"wp","href":"https:\/\/api.w.org\/{rel}","templated":true}]}}