{"id":282825,"date":"2022-04-06T11:32:50","date_gmt":"2022-04-06T09:32:50","guid":{"rendered":"https:\/\/miomiorun.com\/prodotto\/cep-calf-sleeves-4-0-donna\/"},"modified":"2026-05-05T18:26:55","modified_gmt":"2026-05-05T16:26:55","slug":"cep-calf-sleeves-4-0-mujer","status":"publish","type":"product","link":"https:\/\/www.miomiorun.com\/es\/producto\/cep-calf-sleeves-4-0-mujer\/","title":{"rendered":"Calf Sleeves 4.0 mujer"},"content":{"rendered":"<p>Apost\u00e1 por la ligereza gracias a la estimulaci\u00f3n muscular: el perfil de presi\u00f3n especialmente dise\u00f1ado de las The Run Compression <strong>Calf Sleeves<\/strong> <strong>4.0<\/strong> para mujer es tu arma secreta para lograr una musculatura estable en las pantorrillas durante tus carreras. Tus piernas disfrutan de un impulso de energ\u00eda y el aporte optimizado de nutrientes se traduce en una sensaci\u00f3n de ligereza. Independientemente del tipo y el nivel de tu entrenamiento: con las The Run Compression Calf Sleeves para pantorrillas de CEP Activating Sportswear obtienes la comodidad deseada y el apoyo que te mereces.<\/p>\n<h4>Impulsos espec\u00edficos para tus pantorrillas con compresi\u00f3n media<\/h4>\n<p>La estimulaci\u00f3n profunda de la musculatura de las pantorrillas que proporcionan las mangas de compresi\u00f3n para pantorrillas The Run para hombre se basa en la innovadora tecnolog\u00eda de compresi\u00f3n medi, originaria de Alemania. Esta tecnolog\u00eda se basa en un hilo compresivo que genera una presi\u00f3n \u00f3ptima.<\/p>\n<h4>Menos temblores musculares y m\u00e1s nutrientes para tener m\u00e1s energ\u00eda<\/h4>\n<p>La presi\u00f3n espec\u00edfica estabiliza la musculatura de las pantorrillas y, al mismo tiempo, reduce las agotadoras vibraciones musculares. Tus piernas est\u00e1n listas para batir nuevos r\u00e9cords, gracias a la energ\u00eda renovada. La circulaci\u00f3n sangu\u00ednea optimizada mejora el aporte de nutrientes a tus piernas. El resultado son unas piernas notablemente m\u00e1s ligeras y bien nutridas. El efecto de bienestar aumenta as\u00ed tu resistencia.<\/p>\n<h4>El nuevo est\u00e1ndar para el m\u00e1ximo confort<\/h4>\n<p>Las perneras de compresi\u00f3n The Run para hombre son tan c\u00f3modas de llevar que puedes sentir su eficacia, gracias a su ajuste anat\u00f3mico que envuelve tus pantorrillas. Adem\u00e1s, la temperatura se regula de forma \u00f3ptima, gracias a la combinaci\u00f3n equilibrada de materiales y a la agradable estructura de malla, por muy exigente que sea tu entrenamiento.<\/p>\n<h4>Caracter\u00edsticas:<\/h4>\n<ul class=\"selling-points\">\n<li>La presi\u00f3n focalizada estimula las pantorrillas en profundidad, generando un efecto estabilizador.<\/li>\n<li>Tus piernas disfrutan de un plus de energ\u00eda gracias a la reducci\u00f3n de las agotadoras vibraciones musculares.<\/li>\n<li>La optimizaci\u00f3n del aporte de nutrientes se traduce en unas piernas notablemente m\u00e1s ligeras y una sensaci\u00f3n de bienestar.<\/li>\n<\/ul>\n<p><strong>Composici\u00f3n:<\/strong> 77 % poliamida, 23 % elastano<\/p>\n","protected":false},"excerpt":{"rendered":"<p>Apost\u00e1 por la ligereza gracias a la estimulaci\u00f3n muscular: el perfil de presi\u00f3n especialmente dise\u00f1ado de las The Run Compression Calf Sleeves 4.0 para mujer es tu arma secreta para lograr una musculatura estable en las pantorrillas durante tus carreras. Tus piernas disfrutan de un impulso de energ\u00eda y el aporte optimizado de nutrientes se &hellip; <a href=\"https:\/\/www.miomiorun.com\/es\/producto\/cep-calf-sleeves-4-0-mujer\/\">Continued<\/a><\/p>\n","protected":false},"featured_media":236057,"template":"","meta":{"_acf_changed":false,"inline_featured_image":false},"product_brand":[],"product_cat":[24400,24401,24402],"product_tag":[23468,23666],"class_list":{"0":"post-282825","1":"product","2":"type-product","3":"status-publish","4":"has-post-thumbnail","6":"product_cat-calcetines","7":"product_cat-ropa-de-mujer","8":"product_cat-mujer","9":"product_tag-cep-es","10":"product_tag-cep-mujer","11":"pa_attivita-caminar","12":"pa_attivita-running-es","13":"pa_attivita-trail-es","14":"pa_circonferenza-polpaccio-24-31-es","15":"pa_circonferenza-polpaccio-32-38-es","16":"pa_circonferenza-polpaccio-39-44-es","17":"pa_colore-calf-sleeves-v4-w-pink-es","18":"pa_colore-run-calf-sleeves-v4-w-black-es","19":"pa_marca-cep-es","20":"pa_sesso-mujer","22":"first","23":"instock","24":"sale","25":"taxable","26":"shipping-taxable","27":"purchasable","28":"product-type-variable","29":"wvs-archive-product-wrapper"},"acf":[],"yoast_head":"<!-- This site is optimized with the Yoast SEO plugin v26.8 - https:\/\/yoast.com\/product\/yoast-seo-wordpress\/ -->\n<title>Cep Calf Sleeves 4.0 mujer - Calcetines para correr- MioMioRun<\/title>\n<meta name=\"description\" content=\"La estimulaci\u00f3n profunda de la musculatura de las pantorrillas que proporcionan las The Run Calf Sleeves 4.0 para mujer se basa en la innovadora compresi\u00f3n de medi.\" \/>\n<meta name=\"robots\" content=\"index, follow, max-snippet:-1, max-image-preview:large, max-video-preview:-1\" \/>\n<link rel=\"canonical\" href=\"https:\/\/www.miomiorun.com\/es\/producto\/cep-calf-sleeves-4-0-mujer\/\" \/>\n<meta property=\"og:locale\" content=\"es_ES\" \/>\n<meta property=\"og:type\" content=\"article\" \/>\n<meta property=\"og:title\" content=\"Cep Calf Sleeves 4.0 mujer - Calcetines para correr- MioMioRun\" \/>\n<meta property=\"og:description\" content=\"La estimulaci\u00f3n profunda de la musculatura de las pantorrillas que proporcionan las The Run Calf Sleeves 4.0 para mujer se basa en la innovadora compresi\u00f3n de medi.\" \/>\n<meta property=\"og:url\" content=\"https:\/\/www.miomiorun.com\/es\/producto\/cep-calf-sleeves-4-0-mujer\/\" \/>\n<meta property=\"og:site_name\" content=\"MioMioRun\" \/>\n<meta property=\"article:publisher\" content=\"https:\/\/www.facebook.com\/miomiorun\/\" \/>\n<meta property=\"article:modified_time\" content=\"2026-05-05T16:26:55+00:00\" \/>\n<meta property=\"og:image\" content=\"https:\/\/www.miomiorun.com\/app\/uploads\/2022\/04\/cep-calf-sleeves-v4-W-pink-WS204R.jpg\" \/>\n\t<meta property=\"og:image:width\" content=\"600\" \/>\n\t<meta property=\"og:image:height\" content=\"600\" \/>\n\t<meta property=\"og:image:type\" content=\"image\/jpeg\" \/>\n<meta name=\"twitter:card\" content=\"summary_large_image\" \/>\n<meta name=\"twitter:label1\" content=\"Est. reading time\" \/>\n\t<meta name=\"twitter:data1\" content=\"2 minutes\" \/>\n<script type=\"application\/ld+json\" class=\"yoast-schema-graph\">{\"@context\":\"https:\/\/schema.org\",\"@graph\":[{\"@type\":\"WebPage\",\"@id\":\"https:\/\/www.miomiorun.com\/es\/producto\/cep-calf-sleeves-4-0-mujer\/\",\"url\":\"https:\/\/www.miomiorun.com\/es\/producto\/cep-calf-sleeves-4-0-mujer\/\",\"name\":\"Cep Calf Sleeves 4.0 mujer - Calcetines para correr- MioMioRun\",\"isPartOf\":{\"@id\":\"https:\/\/www.miomiorun.com\/es\/#website\"},\"primaryImageOfPage\":{\"@id\":\"https:\/\/www.miomiorun.com\/es\/producto\/cep-calf-sleeves-4-0-mujer\/#primaryimage\"},\"image\":{\"@id\":\"https:\/\/www.miomiorun.com\/es\/producto\/cep-calf-sleeves-4-0-mujer\/#primaryimage\"},\"thumbnailUrl\":\"https:\/\/www.miomiorun.com\/app\/uploads\/2022\/04\/cep-calf-sleeves-v4-W-pink-WS204R.jpg\",\"datePublished\":\"2022-04-06T09:32:50+00:00\",\"dateModified\":\"2026-05-05T16:26:55+00:00\",\"description\":\"La estimulaci\u00f3n profunda de la musculatura de las pantorrillas que proporcionan las The Run Calf Sleeves 4.0 para mujer se basa en la innovadora compresi\u00f3n de medi.\",\"breadcrumb\":{\"@id\":\"https:\/\/www.miomiorun.com\/es\/producto\/cep-calf-sleeves-4-0-mujer\/#breadcrumb\"},\"inLanguage\":\"es-ES\",\"potentialAction\":[{\"@type\":\"ReadAction\",\"target\":[\"https:\/\/www.miomiorun.com\/es\/producto\/cep-calf-sleeves-4-0-mujer\/\"]}]},{\"@type\":\"ImageObject\",\"inLanguage\":\"es-ES\",\"@id\":\"https:\/\/www.miomiorun.com\/es\/producto\/cep-calf-sleeves-4-0-mujer\/#primaryimage\",\"url\":\"https:\/\/www.miomiorun.com\/app\/uploads\/2022\/04\/cep-calf-sleeves-v4-W-pink-WS204R.jpg\",\"contentUrl\":\"https:\/\/www.miomiorun.com\/app\/uploads\/2022\/04\/cep-calf-sleeves-v4-W-pink-WS204R.jpg\",\"width\":600,\"height\":600,\"caption\":\"cep-calf-sleeves-v4-W-pink-WS204R\"},{\"@type\":\"BreadcrumbList\",\"@id\":\"https:\/\/www.miomiorun.com\/es\/producto\/cep-calf-sleeves-4-0-mujer\/#breadcrumb\",\"itemListElement\":[{\"@type\":\"ListItem\",\"position\":1,\"name\":\"Home\",\"item\":\"https:\/\/www.miomiorun.com\/es\/\"},{\"@type\":\"ListItem\",\"position\":2,\"name\":\"Shop\",\"item\":\"https:\/\/www.miomiorun.com\/shop\/\"},{\"@type\":\"ListItem\",\"position\":3,\"name\":\"Calf Sleeves 4.0 mujer\"}]},{\"@type\":\"WebSite\",\"@id\":\"https:\/\/www.miomiorun.com\/es\/#website\",\"url\":\"https:\/\/www.miomiorun.com\/es\/\",\"name\":\"MioMioRun\",\"description\":\"Tienda 100% running y trail\",\"publisher\":{\"@id\":\"https:\/\/www.miomiorun.com\/es\/#organization\"},\"potentialAction\":[{\"@type\":\"SearchAction\",\"target\":{\"@type\":\"EntryPoint\",\"urlTemplate\":\"https:\/\/www.miomiorun.com\/es\/?s={search_term_string}\"},\"query-input\":{\"@type\":\"PropertyValueSpecification\",\"valueRequired\":true,\"valueName\":\"search_term_string\"}}],\"inLanguage\":\"es-ES\"},{\"@type\":\"Organization\",\"@id\":\"https:\/\/www.miomiorun.com\/es\/#organization\",\"name\":\"MioMio Run\",\"url\":\"https:\/\/www.miomiorun.com\/es\/\",\"logo\":{\"@type\":\"ImageObject\",\"inLanguage\":\"es-ES\",\"@id\":\"https:\/\/www.miomiorun.com\/es\/#\/schema\/logo\/image\/\",\"url\":\"https:\/\/www.miomiorun.com\/app\/uploads\/2019\/12\/logomio.png\",\"contentUrl\":\"https:\/\/www.miomiorun.com\/app\/uploads\/2019\/12\/logomio.png\",\"width\":115,\"height\":82,\"caption\":\"MioMio Run\"},\"image\":{\"@id\":\"https:\/\/www.miomiorun.com\/es\/#\/schema\/logo\/image\/\"},\"sameAs\":[\"https:\/\/www.facebook.com\/miomiorun\/\",\"https:\/\/www.instagram.com\/miomiorun\/\"]}]}<\/script>\n<!-- \/ Yoast SEO plugin. -->","yoast_head_json":{"title":"Cep Calf Sleeves 4.0 mujer - Calcetines para correr- MioMioRun","description":"La estimulaci\u00f3n profunda de la musculatura de las pantorrillas que proporcionan las The Run Calf Sleeves 4.0 para mujer se basa en la innovadora compresi\u00f3n de medi.","robots":{"index":"index","follow":"follow","max-snippet":"max-snippet:-1","max-image-preview":"max-image-preview:large","max-video-preview":"max-video-preview:-1"},"canonical":"https:\/\/www.miomiorun.com\/es\/producto\/cep-calf-sleeves-4-0-mujer\/","og_locale":"es_ES","og_type":"article","og_title":"Cep Calf Sleeves 4.0 mujer - Calcetines para correr- MioMioRun","og_description":"La estimulaci\u00f3n profunda de la musculatura de las pantorrillas que proporcionan las The Run Calf Sleeves 4.0 para mujer se basa en la innovadora compresi\u00f3n de medi.","og_url":"https:\/\/www.miomiorun.com\/es\/producto\/cep-calf-sleeves-4-0-mujer\/","og_site_name":"MioMioRun","article_publisher":"https:\/\/www.facebook.com\/miomiorun\/","article_modified_time":"2026-05-05T16:26:55+00:00","og_image":[{"width":600,"height":600,"url":"https:\/\/www.miomiorun.com\/app\/uploads\/2022\/04\/cep-calf-sleeves-v4-W-pink-WS204R.jpg","type":"image\/jpeg"}],"twitter_card":"summary_large_image","twitter_misc":{"Est. reading time":"2 minutes"},"schema":{"@context":"https:\/\/schema.org","@graph":[{"@type":"WebPage","@id":"https:\/\/www.miomiorun.com\/es\/producto\/cep-calf-sleeves-4-0-mujer\/","url":"https:\/\/www.miomiorun.com\/es\/producto\/cep-calf-sleeves-4-0-mujer\/","name":"Cep Calf Sleeves 4.0 mujer - Calcetines para correr- MioMioRun","isPartOf":{"@id":"https:\/\/www.miomiorun.com\/es\/#website"},"primaryImageOfPage":{"@id":"https:\/\/www.miomiorun.com\/es\/producto\/cep-calf-sleeves-4-0-mujer\/#primaryimage"},"image":{"@id":"https:\/\/www.miomiorun.com\/es\/producto\/cep-calf-sleeves-4-0-mujer\/#primaryimage"},"thumbnailUrl":"https:\/\/www.miomiorun.com\/app\/uploads\/2022\/04\/cep-calf-sleeves-v4-W-pink-WS204R.jpg","datePublished":"2022-04-06T09:32:50+00:00","dateModified":"2026-05-05T16:26:55+00:00","description":"La estimulaci\u00f3n profunda de la musculatura de las pantorrillas que proporcionan las The Run Calf Sleeves 4.0 para mujer se basa en la innovadora compresi\u00f3n de medi.","breadcrumb":{"@id":"https:\/\/www.miomiorun.com\/es\/producto\/cep-calf-sleeves-4-0-mujer\/#breadcrumb"},"inLanguage":"es-ES","potentialAction":[{"@type":"ReadAction","target":["https:\/\/www.miomiorun.com\/es\/producto\/cep-calf-sleeves-4-0-mujer\/"]}]},{"@type":"ImageObject","inLanguage":"es-ES","@id":"https:\/\/www.miomiorun.com\/es\/producto\/cep-calf-sleeves-4-0-mujer\/#primaryimage","url":"https:\/\/www.miomiorun.com\/app\/uploads\/2022\/04\/cep-calf-sleeves-v4-W-pink-WS204R.jpg","contentUrl":"https:\/\/www.miomiorun.com\/app\/uploads\/2022\/04\/cep-calf-sleeves-v4-W-pink-WS204R.jpg","width":600,"height":600,"caption":"cep-calf-sleeves-v4-W-pink-WS204R"},{"@type":"BreadcrumbList","@id":"https:\/\/www.miomiorun.com\/es\/producto\/cep-calf-sleeves-4-0-mujer\/#breadcrumb","itemListElement":[{"@type":"ListItem","position":1,"name":"Home","item":"https:\/\/www.miomiorun.com\/es\/"},{"@type":"ListItem","position":2,"name":"Shop","item":"https:\/\/www.miomiorun.com\/shop\/"},{"@type":"ListItem","position":3,"name":"Calf Sleeves 4.0 mujer"}]},{"@type":"WebSite","@id":"https:\/\/www.miomiorun.com\/es\/#website","url":"https:\/\/www.miomiorun.com\/es\/","name":"MioMioRun","description":"Tienda 100% running y trail","publisher":{"@id":"https:\/\/www.miomiorun.com\/es\/#organization"},"potentialAction":[{"@type":"SearchAction","target":{"@type":"EntryPoint","urlTemplate":"https:\/\/www.miomiorun.com\/es\/?s={search_term_string}"},"query-input":{"@type":"PropertyValueSpecification","valueRequired":true,"valueName":"search_term_string"}}],"inLanguage":"es-ES"},{"@type":"Organization","@id":"https:\/\/www.miomiorun.com\/es\/#organization","name":"MioMio Run","url":"https:\/\/www.miomiorun.com\/es\/","logo":{"@type":"ImageObject","inLanguage":"es-ES","@id":"https:\/\/www.miomiorun.com\/es\/#\/schema\/logo\/image\/","url":"https:\/\/www.miomiorun.com\/app\/uploads\/2019\/12\/logomio.png","contentUrl":"https:\/\/www.miomiorun.com\/app\/uploads\/2019\/12\/logomio.png","width":115,"height":82,"caption":"MioMio Run"},"image":{"@id":"https:\/\/www.miomiorun.com\/es\/#\/schema\/logo\/image\/"},"sameAs":["https:\/\/www.facebook.com\/miomiorun\/","https:\/\/www.instagram.com\/miomiorun\/"]}]}},"_links":{"self":[{"href":"https:\/\/www.miomiorun.com\/es\/wp-json\/wp\/v2\/product\/282825","targetHints":{"allow":["GET"]}}],"collection":[{"href":"https:\/\/www.miomiorun.com\/es\/wp-json\/wp\/v2\/product"}],"about":[{"href":"https:\/\/www.miomiorun.com\/es\/wp-json\/wp\/v2\/types\/product"}],"wp:featuredmedia":[{"embeddable":true,"href":"https:\/\/www.miomiorun.com\/es\/wp-json\/wp\/v2\/media\/236057"}],"wp:attachment":[{"href":"https:\/\/www.miomiorun.com\/es\/wp-json\/wp\/v2\/media?parent=282825"}],"wp:term":[{"taxonomy":"product_brand","embeddable":true,"href":"https:\/\/www.miomiorun.com\/es\/wp-json\/wp\/v2\/product_brand?post=282825"},{"taxonomy":"product_cat","embeddable":true,"href":"https:\/\/www.miomiorun.com\/es\/wp-json\/wp\/v2\/product_cat?post=282825"},{"taxonomy":"product_tag","embeddable":true,"href":"https:\/\/www.miomiorun.com\/es\/wp-json\/wp\/v2\/product_tag?post=282825"}],"curies":[{"name":"wp","href":"https:\/\/api.w.org\/{rel}","templated":true}]}}