{"id":282801,"date":"2022-04-07T12:00:02","date_gmt":"2022-04-07T10:00:02","guid":{"rendered":"https:\/\/miomiorun.com\/prodotto\/raidlight-activ-trail-6-litri-uomo\/"},"modified":"2026-05-05T18:30:20","modified_gmt":"2026-05-05T16:30:20","slug":"raidlight-activ-trail-6-litri-hombre","status":"publish","type":"product","link":"https:\/\/www.miomiorun.com\/es\/producto\/raidlight-activ-trail-6-litri-hombre\/","title":{"rendered":"Activ Trail 6 litri hombre"},"content":{"rendered":"<p>La mochila para hombre <strong>&#8216;Activ 6L<\/strong> es una mochila para trail running todoterreno casi perfecta. Esta versi\u00f3n cuenta con una distribuci\u00f3n de bolsillos renovada para hacerla a\u00fan m\u00e1s vers\u00e1til y con bolsillos m\u00e1s accesibles.<\/p>\n<p>Como primer modelo Race Vest para trail running y uso polivalente, esta mochila es realmente vers\u00e1til, perfecta tanto para esas salidas en las que solo necesitas llevar agua y una chaqueta, como para tu primera ultra con el equipamiento obligatorio y mucho m\u00e1s.<\/p>\n<p><strong>Caracter\u00edsticas:<\/strong><\/p>\n<ul>\n<li>2 bolsillos delanteros el\u00e1sticos con cremallera<\/li>\n<li>\u00a0Bolsillo trasero y inferior con cremallera, accesible mientras te mueves<\/li>\n<li>\u00a02 bolsillos delanteros para botellas<\/li>\n<li>\u00a0Bolsillo principal trasero con cremallera, compatible con una bolsa de agua<\/li>\n<li>\u00a0Bolsillo trasero el\u00e1stico para llevar objetos adicionales<\/li>\n<li>\u00a0Funda para el m\u00f3vil resistente al agua<\/li>\n<li>\u00a0Porta-p\u00e1los delantero<\/li>\n<li>\u00a0Correas pectorales dobles el\u00e1sticas, con silbato en la correa superior<\/li>\n<li>\u00a0Ajuste r\u00e1pido de la estabilidad lateral mediante cord\u00f3n<\/li>\n<li>\u00a0Se entrega con 2 botellas EazyFlask de 600 ml<\/li>\n<li>\u00a0Compresi\u00f3n del volumen trasero para una estabilidad \u00f3ptima de la carga<\/li>\n<li>\u00a0Compatibles con Trail Faretra<\/li>\n<li>\u00a0Tallas para hombre (contorno de pecho\/cm): SM (86-102) L-XL (102-110)<\/li>\n<\/ul>\n<p>Composici\u00f3n: 23 % poliamida, 70 % poli\u00e9ster, 7 % elastano<\/p>\n<p><strong>DISE\u00d1O DEL CHALECO DE COMPETICI\u00d3N<\/strong><\/p>\n<p>El Activ 6L se lleva como un chaleco, no como una \u00abmochila\u00bb. Este dise\u00f1o de \u00abchaleco de competici\u00f3n\u00bb reduce al m\u00ednimo las sacudidas durante la carrera.<\/p>\n<p><strong>BOLSILLOS PR\u00c1CTICOS<\/strong><\/p>\n<p>Con dos bolsillos para botellas y dos bolsillos el\u00e1sticos con cremallera en la parte delantera, podr\u00e1s comer y beber mientras te desplazas.<\/p>\n<p>Adem\u00e1s, hemos a\u00f1adido un bolsillo trasero con cremallera al que se puede acceder sin detener la marcha, \u00a1perfecto para hacerse selfies en la monta\u00f1a!<\/p>\n<p>Los bolsillos portaobjetos son de tejido el\u00e1stico y tienen cierre de cremallera, por lo que puedes guardar en ellos mucho m\u00e1s que comida y barritas energ\u00e9ticas, ya que son muy accesibles.<\/p>\n<p><strong>COMODIDAD<\/strong><\/p>\n<p>El ajuste lateral del cord\u00f3n r\u00e1pido te permite adaptar perfectamente el ajuste y reducir al m\u00ednimo el rebote sin que te apriete en el pecho.<\/p>\n<p>El tejido de malla 3D del chaleco, en contacto con el cuerpo, ofrece una excelente transpirabilidad y elimina r\u00e1pidamente el sudor.<\/p>\n<p><strong>Instrucciones de cuidado:<\/strong><\/p>\n<ul>\n<li>Lavar a una temperatura que no supere los 30 \u00b0C<\/li>\n<li>No secar en secadora<\/li>\n<li>No utilices suavizante<\/li>\n<li>No planchar<\/li>\n<li>No limpiar en seco<\/li>\n<\/ul>\n<p>&nbsp;<\/p>\n","protected":false},"excerpt":{"rendered":"<p>La mochila para hombre &#8216;Activ 6L es una mochila para trail running todoterreno casi perfecta. Esta versi\u00f3n cuenta con una distribuci\u00f3n de bolsillos renovada para hacerla a\u00fan m\u00e1s vers\u00e1til y con bolsillos m\u00e1s accesibles. Como primer modelo Race Vest para trail running y uso polivalente, esta mochila es realmente vers\u00e1til, perfecta tanto para esas salidas &hellip; <a href=\"https:\/\/www.miomiorun.com\/es\/producto\/raidlight-activ-trail-6-litri-hombre\/\">Continued<\/a><\/p>\n","protected":false},"featured_media":235987,"template":"","meta":{"_acf_changed":false,"inline_featured_image":false},"product_brand":[],"product_cat":[24205,24408,24426],"product_tag":[23502,23588],"class_list":{"0":"post-282801","1":"product","2":"type-product","3":"status-publish","4":"has-post-thumbnail","6":"product_cat-accesorios","7":"product_cat-mochilas-es","8":"product_cat-mochilas-y-cinturones-es","9":"product_tag-raidlight-es","10":"product_tag-raidlight-hombre","11":"pa_attivita-caminar","12":"pa_attivita-outdoor-es","13":"pa_attivita-trail-es","14":"pa_marca-raidlight-es","15":"pa_sesso-hombre","16":"pa_size-s-m-es","17":"pa_size-l-xl-es","19":"first","20":"instock","21":"sale","22":"taxable","23":"shipping-taxable","24":"purchasable","25":"product-type-variable","26":"wvs-archive-product-wrapper"},"acf":[],"yoast_head":"<!-- This site is optimized with the Yoast SEO plugin v26.8 - https:\/\/yoast.com\/product\/yoast-seo-wordpress\/ -->\n<title>Raidlight Activ Trail 6 litri hombre - Mochila de senderoMioMioRun<\/title>\n<meta name=\"description\" content=\"La Activ 6L para hombre es una mochila de trail running todoterreno casi perfecta. Esta versi\u00f3n cuenta con una distribuci\u00f3n de bolsillos renovada.\" \/>\n<meta name=\"robots\" content=\"index, follow, max-snippet:-1, max-image-preview:large, max-video-preview:-1\" \/>\n<link rel=\"canonical\" href=\"https:\/\/www.miomiorun.com\/es\/producto\/raidlight-activ-trail-6-litri-hombre\/\" \/>\n<meta property=\"og:locale\" content=\"es_ES\" \/>\n<meta property=\"og:type\" content=\"article\" \/>\n<meta property=\"og:title\" content=\"Raidlight Activ Trail 6 litri hombre - Mochila de senderoMioMioRun\" \/>\n<meta property=\"og:description\" content=\"La Activ 6L para hombre es una mochila de trail running todoterreno casi perfecta. Esta versi\u00f3n cuenta con una distribuci\u00f3n de bolsillos renovada.\" \/>\n<meta property=\"og:url\" content=\"https:\/\/www.miomiorun.com\/es\/producto\/raidlight-activ-trail-6-litri-hombre\/\" \/>\n<meta property=\"og:site_name\" content=\"MioMioRun\" \/>\n<meta property=\"article:publisher\" content=\"https:\/\/www.facebook.com\/miomiorun\/\" \/>\n<meta property=\"article:modified_time\" content=\"2026-05-05T16:30:20+00:00\" \/>\n<meta property=\"og:image\" content=\"https:\/\/www.miomiorun.com\/app\/uploads\/2022\/04\/raidlight-activ-trail-6L-pack-M-GRKMB50.jpg\" \/>\n\t<meta property=\"og:image:width\" content=\"600\" \/>\n\t<meta property=\"og:image:height\" content=\"600\" \/>\n\t<meta property=\"og:image:type\" content=\"image\/jpeg\" \/>\n<meta name=\"twitter:card\" content=\"summary_large_image\" \/>\n<meta name=\"twitter:label1\" content=\"Est. reading time\" \/>\n\t<meta name=\"twitter:data1\" content=\"2 minutes\" \/>\n<script type=\"application\/ld+json\" class=\"yoast-schema-graph\">{\"@context\":\"https:\/\/schema.org\",\"@graph\":[{\"@type\":\"WebPage\",\"@id\":\"https:\/\/www.miomiorun.com\/es\/producto\/raidlight-activ-trail-6-litri-hombre\/\",\"url\":\"https:\/\/www.miomiorun.com\/es\/producto\/raidlight-activ-trail-6-litri-hombre\/\",\"name\":\"Raidlight Activ Trail 6 litri hombre - Mochila de senderoMioMioRun\",\"isPartOf\":{\"@id\":\"https:\/\/www.miomiorun.com\/es\/#website\"},\"primaryImageOfPage\":{\"@id\":\"https:\/\/www.miomiorun.com\/es\/producto\/raidlight-activ-trail-6-litri-hombre\/#primaryimage\"},\"image\":{\"@id\":\"https:\/\/www.miomiorun.com\/es\/producto\/raidlight-activ-trail-6-litri-hombre\/#primaryimage\"},\"thumbnailUrl\":\"https:\/\/www.miomiorun.com\/app\/uploads\/2022\/04\/raidlight-activ-trail-6L-pack-M-GRKMB50.jpg\",\"datePublished\":\"2022-04-07T10:00:02+00:00\",\"dateModified\":\"2026-05-05T16:30:20+00:00\",\"description\":\"La Activ 6L para hombre es una mochila de trail running todoterreno casi perfecta. Esta versi\u00f3n cuenta con una distribuci\u00f3n de bolsillos renovada.\",\"breadcrumb\":{\"@id\":\"https:\/\/www.miomiorun.com\/es\/producto\/raidlight-activ-trail-6-litri-hombre\/#breadcrumb\"},\"inLanguage\":\"es-ES\",\"potentialAction\":[{\"@type\":\"ReadAction\",\"target\":[\"https:\/\/www.miomiorun.com\/es\/producto\/raidlight-activ-trail-6-litri-hombre\/\"]}]},{\"@type\":\"ImageObject\",\"inLanguage\":\"es-ES\",\"@id\":\"https:\/\/www.miomiorun.com\/es\/producto\/raidlight-activ-trail-6-litri-hombre\/#primaryimage\",\"url\":\"https:\/\/www.miomiorun.com\/app\/uploads\/2022\/04\/raidlight-activ-trail-6L-pack-M-GRKMB50.jpg\",\"contentUrl\":\"https:\/\/www.miomiorun.com\/app\/uploads\/2022\/04\/raidlight-activ-trail-6L-pack-M-GRKMB50.jpg\",\"width\":600,\"height\":600,\"caption\":\"raidlight-activ-trail-6L-pack-M-GRKMB50\"},{\"@type\":\"BreadcrumbList\",\"@id\":\"https:\/\/www.miomiorun.com\/es\/producto\/raidlight-activ-trail-6-litri-hombre\/#breadcrumb\",\"itemListElement\":[{\"@type\":\"ListItem\",\"position\":1,\"name\":\"Home\",\"item\":\"https:\/\/www.miomiorun.com\/es\/\"},{\"@type\":\"ListItem\",\"position\":2,\"name\":\"Shop\",\"item\":\"https:\/\/www.miomiorun.com\/shop\/\"},{\"@type\":\"ListItem\",\"position\":3,\"name\":\"Activ Trail 6 litri hombre\"}]},{\"@type\":\"WebSite\",\"@id\":\"https:\/\/www.miomiorun.com\/es\/#website\",\"url\":\"https:\/\/www.miomiorun.com\/es\/\",\"name\":\"MioMioRun\",\"description\":\"Tienda 100% running y trail\",\"publisher\":{\"@id\":\"https:\/\/www.miomiorun.com\/es\/#organization\"},\"potentialAction\":[{\"@type\":\"SearchAction\",\"target\":{\"@type\":\"EntryPoint\",\"urlTemplate\":\"https:\/\/www.miomiorun.com\/es\/?s={search_term_string}\"},\"query-input\":{\"@type\":\"PropertyValueSpecification\",\"valueRequired\":true,\"valueName\":\"search_term_string\"}}],\"inLanguage\":\"es-ES\"},{\"@type\":\"Organization\",\"@id\":\"https:\/\/www.miomiorun.com\/es\/#organization\",\"name\":\"MioMio Run\",\"url\":\"https:\/\/www.miomiorun.com\/es\/\",\"logo\":{\"@type\":\"ImageObject\",\"inLanguage\":\"es-ES\",\"@id\":\"https:\/\/www.miomiorun.com\/es\/#\/schema\/logo\/image\/\",\"url\":\"https:\/\/www.miomiorun.com\/app\/uploads\/2019\/12\/logomio.png\",\"contentUrl\":\"https:\/\/www.miomiorun.com\/app\/uploads\/2019\/12\/logomio.png\",\"width\":115,\"height\":82,\"caption\":\"MioMio Run\"},\"image\":{\"@id\":\"https:\/\/www.miomiorun.com\/es\/#\/schema\/logo\/image\/\"},\"sameAs\":[\"https:\/\/www.facebook.com\/miomiorun\/\",\"https:\/\/www.instagram.com\/miomiorun\/\"]}]}<\/script>\n<!-- \/ Yoast SEO plugin. -->","yoast_head_json":{"title":"Raidlight Activ Trail 6 litri hombre - Mochila de senderoMioMioRun","description":"La Activ 6L para hombre es una mochila de trail running todoterreno casi perfecta. Esta versi\u00f3n cuenta con una distribuci\u00f3n de bolsillos renovada.","robots":{"index":"index","follow":"follow","max-snippet":"max-snippet:-1","max-image-preview":"max-image-preview:large","max-video-preview":"max-video-preview:-1"},"canonical":"https:\/\/www.miomiorun.com\/es\/producto\/raidlight-activ-trail-6-litri-hombre\/","og_locale":"es_ES","og_type":"article","og_title":"Raidlight Activ Trail 6 litri hombre - Mochila de senderoMioMioRun","og_description":"La Activ 6L para hombre es una mochila de trail running todoterreno casi perfecta. Esta versi\u00f3n cuenta con una distribuci\u00f3n de bolsillos renovada.","og_url":"https:\/\/www.miomiorun.com\/es\/producto\/raidlight-activ-trail-6-litri-hombre\/","og_site_name":"MioMioRun","article_publisher":"https:\/\/www.facebook.com\/miomiorun\/","article_modified_time":"2026-05-05T16:30:20+00:00","og_image":[{"width":600,"height":600,"url":"https:\/\/www.miomiorun.com\/app\/uploads\/2022\/04\/raidlight-activ-trail-6L-pack-M-GRKMB50.jpg","type":"image\/jpeg"}],"twitter_card":"summary_large_image","twitter_misc":{"Est. reading time":"2 minutes"},"schema":{"@context":"https:\/\/schema.org","@graph":[{"@type":"WebPage","@id":"https:\/\/www.miomiorun.com\/es\/producto\/raidlight-activ-trail-6-litri-hombre\/","url":"https:\/\/www.miomiorun.com\/es\/producto\/raidlight-activ-trail-6-litri-hombre\/","name":"Raidlight Activ Trail 6 litri hombre - Mochila de senderoMioMioRun","isPartOf":{"@id":"https:\/\/www.miomiorun.com\/es\/#website"},"primaryImageOfPage":{"@id":"https:\/\/www.miomiorun.com\/es\/producto\/raidlight-activ-trail-6-litri-hombre\/#primaryimage"},"image":{"@id":"https:\/\/www.miomiorun.com\/es\/producto\/raidlight-activ-trail-6-litri-hombre\/#primaryimage"},"thumbnailUrl":"https:\/\/www.miomiorun.com\/app\/uploads\/2022\/04\/raidlight-activ-trail-6L-pack-M-GRKMB50.jpg","datePublished":"2022-04-07T10:00:02+00:00","dateModified":"2026-05-05T16:30:20+00:00","description":"La Activ 6L para hombre es una mochila de trail running todoterreno casi perfecta. Esta versi\u00f3n cuenta con una distribuci\u00f3n de bolsillos renovada.","breadcrumb":{"@id":"https:\/\/www.miomiorun.com\/es\/producto\/raidlight-activ-trail-6-litri-hombre\/#breadcrumb"},"inLanguage":"es-ES","potentialAction":[{"@type":"ReadAction","target":["https:\/\/www.miomiorun.com\/es\/producto\/raidlight-activ-trail-6-litri-hombre\/"]}]},{"@type":"ImageObject","inLanguage":"es-ES","@id":"https:\/\/www.miomiorun.com\/es\/producto\/raidlight-activ-trail-6-litri-hombre\/#primaryimage","url":"https:\/\/www.miomiorun.com\/app\/uploads\/2022\/04\/raidlight-activ-trail-6L-pack-M-GRKMB50.jpg","contentUrl":"https:\/\/www.miomiorun.com\/app\/uploads\/2022\/04\/raidlight-activ-trail-6L-pack-M-GRKMB50.jpg","width":600,"height":600,"caption":"raidlight-activ-trail-6L-pack-M-GRKMB50"},{"@type":"BreadcrumbList","@id":"https:\/\/www.miomiorun.com\/es\/producto\/raidlight-activ-trail-6-litri-hombre\/#breadcrumb","itemListElement":[{"@type":"ListItem","position":1,"name":"Home","item":"https:\/\/www.miomiorun.com\/es\/"},{"@type":"ListItem","position":2,"name":"Shop","item":"https:\/\/www.miomiorun.com\/shop\/"},{"@type":"ListItem","position":3,"name":"Activ Trail 6 litri hombre"}]},{"@type":"WebSite","@id":"https:\/\/www.miomiorun.com\/es\/#website","url":"https:\/\/www.miomiorun.com\/es\/","name":"MioMioRun","description":"Tienda 100% running y trail","publisher":{"@id":"https:\/\/www.miomiorun.com\/es\/#organization"},"potentialAction":[{"@type":"SearchAction","target":{"@type":"EntryPoint","urlTemplate":"https:\/\/www.miomiorun.com\/es\/?s={search_term_string}"},"query-input":{"@type":"PropertyValueSpecification","valueRequired":true,"valueName":"search_term_string"}}],"inLanguage":"es-ES"},{"@type":"Organization","@id":"https:\/\/www.miomiorun.com\/es\/#organization","name":"MioMio Run","url":"https:\/\/www.miomiorun.com\/es\/","logo":{"@type":"ImageObject","inLanguage":"es-ES","@id":"https:\/\/www.miomiorun.com\/es\/#\/schema\/logo\/image\/","url":"https:\/\/www.miomiorun.com\/app\/uploads\/2019\/12\/logomio.png","contentUrl":"https:\/\/www.miomiorun.com\/app\/uploads\/2019\/12\/logomio.png","width":115,"height":82,"caption":"MioMio Run"},"image":{"@id":"https:\/\/www.miomiorun.com\/es\/#\/schema\/logo\/image\/"},"sameAs":["https:\/\/www.facebook.com\/miomiorun\/","https:\/\/www.instagram.com\/miomiorun\/"]}]}},"_links":{"self":[{"href":"https:\/\/www.miomiorun.com\/es\/wp-json\/wp\/v2\/product\/282801","targetHints":{"allow":["GET"]}}],"collection":[{"href":"https:\/\/www.miomiorun.com\/es\/wp-json\/wp\/v2\/product"}],"about":[{"href":"https:\/\/www.miomiorun.com\/es\/wp-json\/wp\/v2\/types\/product"}],"wp:featuredmedia":[{"embeddable":true,"href":"https:\/\/www.miomiorun.com\/es\/wp-json\/wp\/v2\/media\/235987"}],"wp:attachment":[{"href":"https:\/\/www.miomiorun.com\/es\/wp-json\/wp\/v2\/media?parent=282801"}],"wp:term":[{"taxonomy":"product_brand","embeddable":true,"href":"https:\/\/www.miomiorun.com\/es\/wp-json\/wp\/v2\/product_brand?post=282801"},{"taxonomy":"product_cat","embeddable":true,"href":"https:\/\/www.miomiorun.com\/es\/wp-json\/wp\/v2\/product_cat?post=282801"},{"taxonomy":"product_tag","embeddable":true,"href":"https:\/\/www.miomiorun.com\/es\/wp-json\/wp\/v2\/product_tag?post=282801"}],"curies":[{"name":"wp","href":"https:\/\/api.w.org\/{rel}","templated":true}]}}