{"id":282797,"date":"2022-04-07T11:55:59","date_gmt":"2022-04-07T09:55:59","guid":{"rendered":"https:\/\/miomiorun.com\/prodotto\/raidlight-activ-trail-3-litri-donna\/"},"modified":"2026-05-05T18:29:08","modified_gmt":"2026-05-05T16:29:08","slug":"raidlight-activ-trail-3-litri-mujer","status":"publish","type":"product","link":"https:\/\/www.miomiorun.com\/es\/producto\/raidlight-activ-trail-3-litri-mujer\/","title":{"rendered":"Activ Trail 3 litri mujer"},"content":{"rendered":"<p>La <strong>Activ 3L<\/strong> para mujer es una mochila de trail running casi perfecta para entrenar o para carreras cortas en las que no hay que llevar mucho material obligatorio. La versi\u00f3n V2 cuenta con una distribuci\u00f3n de los bolsillos renovada para hacerla a\u00fan m\u00e1s vers\u00e1til, con bolsillos con cremallera m\u00e1s accesibles.<\/p>\n<p>Como primer modelo Race Vest para trail running y uso polivalente, esta mochila es realmente vers\u00e1til, perfecta tanto para entrenamientos en los que solo llevas una cantimplora y una chaqueta, como para carreras de trail con poco equipamiento obligatorio.<\/p>\n<p><strong>Caracter\u00edsticas:<\/strong><\/p>\n<ul>\n<li>2 bolsillos delanteros el\u00e1sticos con cremallera<\/li>\n<li>Bolsillo trasero inferior con cremallera, accesible mientras te mueves<\/li>\n<li>2 bolsillos delanteros para botellas<\/li>\n<li>Compartimento trasero principal de malla el\u00e1stica, compatible con una bolsa de agua<\/li>\n<li>Funda para el m\u00f3vil resistente al agua<\/li>\n<li>Porta-palos delantero<\/li>\n<li>Correas pectorales dobles el\u00e1sticas, con silbato en la correa superior<\/li>\n<li>Ajuste r\u00e1pido de la estabilidad lateral mediante cord\u00f3n<\/li>\n<li>Se entrega con 2 botellas EazyFlask de 600 ml<\/li>\n<li>Compresi\u00f3n del volumen trasero para una estabilidad \u00f3ptima de la carga<\/li>\n<li>Compatible con Trail Faretra<\/li>\n<li>Tallas para mujer (contorno de pecho\/cm): SM (86-102), L-XL (102-110)<\/li>\n<\/ul>\n<p>Composici\u00f3n: 25 % poliamida, 67 % poli\u00e9ster, 8 % elastano<\/p>\n<p>&nbsp;<\/p>\n<p><strong>DISE\u00d1O DEL CHALECO DE COMPETICI\u00d3N<\/strong><\/p>\n<p>El Activ 3L es como un chaleco a medida, no como una \u00abmochila\u00bb. Este dise\u00f1o de \u00abchaleco de competici\u00f3n\u00bb reduce al m\u00ednimo las sacudidas durante la carrera.<\/p>\n<p>Los bolsillos delanteros son de tejido el\u00e1stico y tienen cierre de cremallera, por lo que puedes guardar mucha comida y barritas energ\u00e9ticas y tenerlas siempre a mano.<\/p>\n<p><strong>COMODIDAD<\/strong><\/p>\n<p>El ajuste r\u00e1pido y lateral mediante cord\u00f3n te permite adaptar perfectamente el ajuste y reducir al m\u00ednimo el rebote sin que te apriete en el pecho.<\/p>\n<p>El tejido de malla 3D del chaleco, en contacto con el cuerpo, ofrece una excelente transpirabilidad y elimina r\u00e1pidamente el sudor.<\/p>\n<p><strong>BOLSILLOS PR\u00c1CTICOS<\/strong><\/p>\n<p>Con 2 bolsillos para botellas y 2 bolsillos el\u00e1sticos con cremallera en la parte delantera, podr\u00e1s comer y beber mientras te desplazas.<\/p>\n<p>Adem\u00e1s, hemos a\u00f1adido un bolsillo trasero con cremallera al que se puede acceder sin detener la marcha, \u00a1perfecto para sacar r\u00e1pidamente el m\u00f3vil y hacerse selfies mientras se recorre el sendero!<\/p>\n<p>&nbsp;<\/p>\n<p><strong>Instrucciones de cuidado:<\/strong><\/p>\n<ul>\n<li>Lavar a una temperatura que no supere los 30 \u00b0C<\/li>\n<li>No secar en secadora<\/li>\n<li>No utilices suavizante<\/li>\n<li>No planchar<\/li>\n<li>No limpiar en seco<\/li>\n<\/ul>\n","protected":false},"excerpt":{"rendered":"<p>La Activ 3L para mujer es una mochila de trail running casi perfecta para entrenar o para carreras cortas en las que no hay que llevar mucho material obligatorio. La versi\u00f3n V2 cuenta con una distribuci\u00f3n de los bolsillos renovada para hacerla a\u00fan m\u00e1s vers\u00e1til, con bolsillos con cremallera m\u00e1s accesibles. Como primer modelo Race &hellip; <a href=\"https:\/\/www.miomiorun.com\/es\/producto\/raidlight-activ-trail-3-litri-mujer\/\">Continued<\/a><\/p>\n","protected":false},"featured_media":235985,"template":"","meta":{"_acf_changed":false,"inline_featured_image":false},"product_brand":[],"product_cat":[24205,24408,24426],"product_tag":[23502,23633],"class_list":{"0":"post-282797","1":"product","2":"type-product","3":"status-publish","4":"has-post-thumbnail","6":"product_cat-accesorios","7":"product_cat-mochilas-es","8":"product_cat-mochilas-y-cinturones-es","9":"product_tag-raidlight-es","10":"product_tag-raidlight-mujer","11":"pa_attivita-caminar","12":"pa_attivita-outdoor-es","13":"pa_attivita-trail-es","14":"pa_marca-raidlight-es","15":"pa_sesso-mujer","16":"pa_size-s-m-es","18":"first","19":"instock","20":"sale","21":"taxable","22":"shipping-taxable","23":"purchasable","24":"product-type-variable","25":"wvs-archive-product-wrapper"},"acf":[],"yoast_head":"<!-- This site is optimized with the Yoast SEO plugin v26.8 - https:\/\/yoast.com\/product\/yoast-seo-wordpress\/ -->\n<title>Raidlight Activ Trail 3 litri mujer - Mochila de sendero MioMioRun<\/title>\n<meta name=\"description\" content=\"La Activ 3L para mujer es una mochila de trail running casi perfecta para entrenar o para carreras cortas en las que no hay que llevar mucho material obligatorio.\" \/>\n<meta name=\"robots\" content=\"index, follow, max-snippet:-1, max-image-preview:large, max-video-preview:-1\" \/>\n<link rel=\"canonical\" href=\"https:\/\/www.miomiorun.com\/es\/producto\/raidlight-activ-trail-3-litri-mujer\/\" \/>\n<meta property=\"og:locale\" content=\"es_ES\" \/>\n<meta property=\"og:type\" content=\"article\" \/>\n<meta property=\"og:title\" content=\"Raidlight Activ Trail 3 litri mujer - Mochila de sendero MioMioRun\" \/>\n<meta property=\"og:description\" content=\"La Activ 3L para mujer es una mochila de trail running casi perfecta para entrenar o para carreras cortas en las que no hay que llevar mucho material obligatorio.\" \/>\n<meta property=\"og:url\" content=\"https:\/\/www.miomiorun.com\/es\/producto\/raidlight-activ-trail-3-litri-mujer\/\" \/>\n<meta property=\"og:site_name\" content=\"MioMioRun\" \/>\n<meta property=\"article:publisher\" content=\"https:\/\/www.facebook.com\/miomiorun\/\" \/>\n<meta property=\"article:modified_time\" content=\"2026-05-05T16:29:08+00:00\" \/>\n<meta property=\"og:image\" content=\"https:\/\/www.miomiorun.com\/app\/uploads\/2022\/04\/raidlight-activ-trail-3L-pack-W-GRKWB49.jpg\" \/>\n\t<meta property=\"og:image:width\" content=\"600\" \/>\n\t<meta property=\"og:image:height\" content=\"600\" \/>\n\t<meta property=\"og:image:type\" content=\"image\/jpeg\" \/>\n<meta name=\"twitter:card\" content=\"summary_large_image\" \/>\n<meta name=\"twitter:label1\" content=\"Est. reading time\" \/>\n\t<meta name=\"twitter:data1\" content=\"2 minutes\" \/>\n<script type=\"application\/ld+json\" class=\"yoast-schema-graph\">{\"@context\":\"https:\/\/schema.org\",\"@graph\":[{\"@type\":\"WebPage\",\"@id\":\"https:\/\/www.miomiorun.com\/es\/producto\/raidlight-activ-trail-3-litri-mujer\/\",\"url\":\"https:\/\/www.miomiorun.com\/es\/producto\/raidlight-activ-trail-3-litri-mujer\/\",\"name\":\"Raidlight Activ Trail 3 litri mujer - Mochila de sendero MioMioRun\",\"isPartOf\":{\"@id\":\"https:\/\/www.miomiorun.com\/es\/#website\"},\"primaryImageOfPage\":{\"@id\":\"https:\/\/www.miomiorun.com\/es\/producto\/raidlight-activ-trail-3-litri-mujer\/#primaryimage\"},\"image\":{\"@id\":\"https:\/\/www.miomiorun.com\/es\/producto\/raidlight-activ-trail-3-litri-mujer\/#primaryimage\"},\"thumbnailUrl\":\"https:\/\/www.miomiorun.com\/app\/uploads\/2022\/04\/raidlight-activ-trail-3L-pack-W-GRKWB49.jpg\",\"datePublished\":\"2022-04-07T09:55:59+00:00\",\"dateModified\":\"2026-05-05T16:29:08+00:00\",\"description\":\"La Activ 3L para mujer es una mochila de trail running casi perfecta para entrenar o para carreras cortas en las que no hay que llevar mucho material obligatorio.\",\"breadcrumb\":{\"@id\":\"https:\/\/www.miomiorun.com\/es\/producto\/raidlight-activ-trail-3-litri-mujer\/#breadcrumb\"},\"inLanguage\":\"es-ES\",\"potentialAction\":[{\"@type\":\"ReadAction\",\"target\":[\"https:\/\/www.miomiorun.com\/es\/producto\/raidlight-activ-trail-3-litri-mujer\/\"]}]},{\"@type\":\"ImageObject\",\"inLanguage\":\"es-ES\",\"@id\":\"https:\/\/www.miomiorun.com\/es\/producto\/raidlight-activ-trail-3-litri-mujer\/#primaryimage\",\"url\":\"https:\/\/www.miomiorun.com\/app\/uploads\/2022\/04\/raidlight-activ-trail-3L-pack-W-GRKWB49.jpg\",\"contentUrl\":\"https:\/\/www.miomiorun.com\/app\/uploads\/2022\/04\/raidlight-activ-trail-3L-pack-W-GRKWB49.jpg\",\"width\":600,\"height\":600,\"caption\":\"raidlight-activ-trail-3L-pack-W-GRKWB49\"},{\"@type\":\"BreadcrumbList\",\"@id\":\"https:\/\/www.miomiorun.com\/es\/producto\/raidlight-activ-trail-3-litri-mujer\/#breadcrumb\",\"itemListElement\":[{\"@type\":\"ListItem\",\"position\":1,\"name\":\"Home\",\"item\":\"https:\/\/www.miomiorun.com\/es\/\"},{\"@type\":\"ListItem\",\"position\":2,\"name\":\"Shop\",\"item\":\"https:\/\/www.miomiorun.com\/shop\/\"},{\"@type\":\"ListItem\",\"position\":3,\"name\":\"Activ Trail 3 litri mujer\"}]},{\"@type\":\"WebSite\",\"@id\":\"https:\/\/www.miomiorun.com\/es\/#website\",\"url\":\"https:\/\/www.miomiorun.com\/es\/\",\"name\":\"MioMioRun\",\"description\":\"Tienda 100% running y trail\",\"publisher\":{\"@id\":\"https:\/\/www.miomiorun.com\/es\/#organization\"},\"potentialAction\":[{\"@type\":\"SearchAction\",\"target\":{\"@type\":\"EntryPoint\",\"urlTemplate\":\"https:\/\/www.miomiorun.com\/es\/?s={search_term_string}\"},\"query-input\":{\"@type\":\"PropertyValueSpecification\",\"valueRequired\":true,\"valueName\":\"search_term_string\"}}],\"inLanguage\":\"es-ES\"},{\"@type\":\"Organization\",\"@id\":\"https:\/\/www.miomiorun.com\/es\/#organization\",\"name\":\"MioMio Run\",\"url\":\"https:\/\/www.miomiorun.com\/es\/\",\"logo\":{\"@type\":\"ImageObject\",\"inLanguage\":\"es-ES\",\"@id\":\"https:\/\/www.miomiorun.com\/es\/#\/schema\/logo\/image\/\",\"url\":\"https:\/\/www.miomiorun.com\/app\/uploads\/2019\/12\/logomio.png\",\"contentUrl\":\"https:\/\/www.miomiorun.com\/app\/uploads\/2019\/12\/logomio.png\",\"width\":115,\"height\":82,\"caption\":\"MioMio Run\"},\"image\":{\"@id\":\"https:\/\/www.miomiorun.com\/es\/#\/schema\/logo\/image\/\"},\"sameAs\":[\"https:\/\/www.facebook.com\/miomiorun\/\",\"https:\/\/www.instagram.com\/miomiorun\/\"]}]}<\/script>\n<!-- \/ Yoast SEO plugin. -->","yoast_head_json":{"title":"Raidlight Activ Trail 3 litri mujer - Mochila de sendero MioMioRun","description":"La Activ 3L para mujer es una mochila de trail running casi perfecta para entrenar o para carreras cortas en las que no hay que llevar mucho material obligatorio.","robots":{"index":"index","follow":"follow","max-snippet":"max-snippet:-1","max-image-preview":"max-image-preview:large","max-video-preview":"max-video-preview:-1"},"canonical":"https:\/\/www.miomiorun.com\/es\/producto\/raidlight-activ-trail-3-litri-mujer\/","og_locale":"es_ES","og_type":"article","og_title":"Raidlight Activ Trail 3 litri mujer - Mochila de sendero MioMioRun","og_description":"La Activ 3L para mujer es una mochila de trail running casi perfecta para entrenar o para carreras cortas en las que no hay que llevar mucho material obligatorio.","og_url":"https:\/\/www.miomiorun.com\/es\/producto\/raidlight-activ-trail-3-litri-mujer\/","og_site_name":"MioMioRun","article_publisher":"https:\/\/www.facebook.com\/miomiorun\/","article_modified_time":"2026-05-05T16:29:08+00:00","og_image":[{"width":600,"height":600,"url":"https:\/\/www.miomiorun.com\/app\/uploads\/2022\/04\/raidlight-activ-trail-3L-pack-W-GRKWB49.jpg","type":"image\/jpeg"}],"twitter_card":"summary_large_image","twitter_misc":{"Est. reading time":"2 minutes"},"schema":{"@context":"https:\/\/schema.org","@graph":[{"@type":"WebPage","@id":"https:\/\/www.miomiorun.com\/es\/producto\/raidlight-activ-trail-3-litri-mujer\/","url":"https:\/\/www.miomiorun.com\/es\/producto\/raidlight-activ-trail-3-litri-mujer\/","name":"Raidlight Activ Trail 3 litri mujer - Mochila de sendero MioMioRun","isPartOf":{"@id":"https:\/\/www.miomiorun.com\/es\/#website"},"primaryImageOfPage":{"@id":"https:\/\/www.miomiorun.com\/es\/producto\/raidlight-activ-trail-3-litri-mujer\/#primaryimage"},"image":{"@id":"https:\/\/www.miomiorun.com\/es\/producto\/raidlight-activ-trail-3-litri-mujer\/#primaryimage"},"thumbnailUrl":"https:\/\/www.miomiorun.com\/app\/uploads\/2022\/04\/raidlight-activ-trail-3L-pack-W-GRKWB49.jpg","datePublished":"2022-04-07T09:55:59+00:00","dateModified":"2026-05-05T16:29:08+00:00","description":"La Activ 3L para mujer es una mochila de trail running casi perfecta para entrenar o para carreras cortas en las que no hay que llevar mucho material obligatorio.","breadcrumb":{"@id":"https:\/\/www.miomiorun.com\/es\/producto\/raidlight-activ-trail-3-litri-mujer\/#breadcrumb"},"inLanguage":"es-ES","potentialAction":[{"@type":"ReadAction","target":["https:\/\/www.miomiorun.com\/es\/producto\/raidlight-activ-trail-3-litri-mujer\/"]}]},{"@type":"ImageObject","inLanguage":"es-ES","@id":"https:\/\/www.miomiorun.com\/es\/producto\/raidlight-activ-trail-3-litri-mujer\/#primaryimage","url":"https:\/\/www.miomiorun.com\/app\/uploads\/2022\/04\/raidlight-activ-trail-3L-pack-W-GRKWB49.jpg","contentUrl":"https:\/\/www.miomiorun.com\/app\/uploads\/2022\/04\/raidlight-activ-trail-3L-pack-W-GRKWB49.jpg","width":600,"height":600,"caption":"raidlight-activ-trail-3L-pack-W-GRKWB49"},{"@type":"BreadcrumbList","@id":"https:\/\/www.miomiorun.com\/es\/producto\/raidlight-activ-trail-3-litri-mujer\/#breadcrumb","itemListElement":[{"@type":"ListItem","position":1,"name":"Home","item":"https:\/\/www.miomiorun.com\/es\/"},{"@type":"ListItem","position":2,"name":"Shop","item":"https:\/\/www.miomiorun.com\/shop\/"},{"@type":"ListItem","position":3,"name":"Activ Trail 3 litri mujer"}]},{"@type":"WebSite","@id":"https:\/\/www.miomiorun.com\/es\/#website","url":"https:\/\/www.miomiorun.com\/es\/","name":"MioMioRun","description":"Tienda 100% running y trail","publisher":{"@id":"https:\/\/www.miomiorun.com\/es\/#organization"},"potentialAction":[{"@type":"SearchAction","target":{"@type":"EntryPoint","urlTemplate":"https:\/\/www.miomiorun.com\/es\/?s={search_term_string}"},"query-input":{"@type":"PropertyValueSpecification","valueRequired":true,"valueName":"search_term_string"}}],"inLanguage":"es-ES"},{"@type":"Organization","@id":"https:\/\/www.miomiorun.com\/es\/#organization","name":"MioMio Run","url":"https:\/\/www.miomiorun.com\/es\/","logo":{"@type":"ImageObject","inLanguage":"es-ES","@id":"https:\/\/www.miomiorun.com\/es\/#\/schema\/logo\/image\/","url":"https:\/\/www.miomiorun.com\/app\/uploads\/2019\/12\/logomio.png","contentUrl":"https:\/\/www.miomiorun.com\/app\/uploads\/2019\/12\/logomio.png","width":115,"height":82,"caption":"MioMio Run"},"image":{"@id":"https:\/\/www.miomiorun.com\/es\/#\/schema\/logo\/image\/"},"sameAs":["https:\/\/www.facebook.com\/miomiorun\/","https:\/\/www.instagram.com\/miomiorun\/"]}]}},"_links":{"self":[{"href":"https:\/\/www.miomiorun.com\/es\/wp-json\/wp\/v2\/product\/282797","targetHints":{"allow":["GET"]}}],"collection":[{"href":"https:\/\/www.miomiorun.com\/es\/wp-json\/wp\/v2\/product"}],"about":[{"href":"https:\/\/www.miomiorun.com\/es\/wp-json\/wp\/v2\/types\/product"}],"wp:featuredmedia":[{"embeddable":true,"href":"https:\/\/www.miomiorun.com\/es\/wp-json\/wp\/v2\/media\/235985"}],"wp:attachment":[{"href":"https:\/\/www.miomiorun.com\/es\/wp-json\/wp\/v2\/media?parent=282797"}],"wp:term":[{"taxonomy":"product_brand","embeddable":true,"href":"https:\/\/www.miomiorun.com\/es\/wp-json\/wp\/v2\/product_brand?post=282797"},{"taxonomy":"product_cat","embeddable":true,"href":"https:\/\/www.miomiorun.com\/es\/wp-json\/wp\/v2\/product_cat?post=282797"},{"taxonomy":"product_tag","embeddable":true,"href":"https:\/\/www.miomiorun.com\/es\/wp-json\/wp\/v2\/product_tag?post=282797"}],"curies":[{"name":"wp","href":"https:\/\/api.w.org\/{rel}","templated":true}]}}