{"id":282777,"date":"2022-04-07T12:13:33","date_gmt":"2022-04-07T10:13:33","guid":{"rendered":"https:\/\/miomiorun.com\/prodotto\/raidlight-responsiv-12-litri-donna\/"},"modified":"2026-05-05T18:31:17","modified_gmt":"2026-05-05T16:31:17","slug":"raidlight-responsiv-12-litri-mujer","status":"publish","type":"product","link":"https:\/\/www.miomiorun.com\/es\/producto\/raidlight-responsiv-12-litri-mujer\/","title":{"rendered":"Responsiv 12 litri mujer"},"content":{"rendered":"<p>El buque insignia de la gama Responsiv. El <strong>Responsiv 12L Race Vest<\/strong> para mujer es una mochila\/chaleco de trail running ergon\u00f3mico y ligero. En ella podr\u00e1s llevar tus accesorios imprescindibles para la mayor\u00eda de tus carreras y competiciones con una gran comodidad y ligereza. Este chaleco de competici\u00f3n ha estado presente en los podios de muchas carreras cl\u00e1sicas de 100 millas en todo el mundo.<\/p>\n<p>Siempre intentamos mejorar, pero en este caso estamos alcanzando la perfecci\u00f3n gracias a los comentarios de los deportistas. La Responsiv 12 ha sido objeto de un desarrollo continuo durante a\u00f1os. Primero la 8, luego la 10, despu\u00e9s la 12 y ahora la V2 ha actualizado la Responsiv 12. Cada vez evoluciona hacia una versi\u00f3n mejor. Hemos a\u00f1adido bolsillos de f\u00e1cil acceso y esta versi\u00f3n V2 es totalmente compatible con nuestro Trail Quiver.<\/p>\n<p>Con una capacidad de entre 2 y 12 litros, este chaleco de competici\u00f3n ofrece una versatilidad sorprendente. Las 4 cuerdas de compresi\u00f3n de la parte trasera estabilizan la carga y ofrecen una opci\u00f3n adicional para guardar los bastones; los 2 bolsillos el\u00e1sticos y el bolsillo con cremallera de la parte delantera pueden albergar un poco m\u00e1s de energ\u00eda y te permiten llevar toda la hidrataci\u00f3n que puedas necesitar. Si necesitas m\u00e1s espacio, hemos a\u00f1adido un bolsillo trasero con cremallera de f\u00e1cil acceso. El arn\u00e9s de malla de monofilamento distribuye la carga de manera uniforme para ofrecer la m\u00e1xima comodidad, sin ning\u00fan acolchado grueso que absorba la humedad y a\u00f1ada peso. Las correas el\u00e1sticas en el pecho y las ruedas microm\u00e9tricas FreeLock permiten un ajuste perfecto a tu cuerpo y evitan los temidos rebotes durante el movimiento. Nuestro dise\u00f1o actualizado del portabastones delantero es m\u00e1s f\u00e1cil de usar en movimiento.<\/p>\n<p><strong>Caracter\u00edsticas<\/strong>:<\/p>\n<ul>\n<li>Malla de monofilamento de poli\u00e9ster para una mayor transpirabilidad y mayor durabilidad<\/li>\n<li>Tejido el\u00e1stico para mayor estabilidad y comodidad<\/li>\n<li>Ruedas microm\u00e9tricas Freelock\u00ae ajustables para un ajuste perfecto<\/li>\n<li>Chaleco de competici\u00f3n con 9 bolsillos<\/li>\n<li>Bolsillos delanteros: 2 para botellas, 2 el\u00e1sticos, 1 con cremallera<\/li>\n<li>Bolsillos traseros: bolsillo principal (compatible con bolsa de agua) con cremallera de seguridad interior, 1 bolsillo con cremallera al que se puede acceder mientras se est\u00e1 en movimiento, bolsillo el\u00e1stico<\/li>\n<li>Capacidad total de 12 litros<\/li>\n<li>Porta-bastones delantero<\/li>\n<li>Dise\u00f1o con doble banda tor\u00e1cica<\/li>\n<li>Adhesivos reflectantes delanteros y traseros<\/li>\n<li>Diadema a juego con el modelo para mujer<\/li>\n<li>Compatible con Trail Faretra<\/li>\n<li>Se entrega con 2 botellas EazyFlask de 600 ml<\/li>\n<li>Tallas para mujer (contorno de pecho\/cm): S (84-90), M (90-96), L (96-104)<\/li>\n<li>Composici\u00f3n: 65 % poliamida, 35 % poli\u00e9ster<\/li>\n<\/ul>\n<p><strong>COMODIDAD<\/strong><\/p>\n<p>\u00a1El dise\u00f1o envolvente del chaleco de competici\u00f3n se ajusta perfectamente a la espalda! Las dos correas el\u00e1sticas en el pecho permiten respirar con libertad y evitan al mismo tiempo los rebotes. La parte del chaleco que cubre la mochila est\u00e1 confeccionada con una malla de monofilamento altamente transpirable, que permite que el calor y el sudor se evac\u00faen.<\/p>\n<p><strong>AJUSTE DE LA MEDIDA PERFECTA<\/strong><\/p>\n<p>El sistema de ajuste mediante ruedas microm\u00e9tricas Freelock situadas a los lados de la mochila te permite conseguir un ajuste perfecto, incluso mientras te mueves, ya que, a medida que las botellas frontales se van vaciando al beber, las ruedas se pueden ajustar para mantener la tensi\u00f3n ideal. Ajusta las correas frontales a la anchura que desees y, a continuaci\u00f3n, utiliza las ruedas para ajustar el ajuste.<\/p>\n<p><strong>ALMACENAMIENTO ACCESIBLE<\/strong><\/p>\n<p>Con un total de 9 bolsillos, 6 de los cuales son accesibles sobre la marcha, puedes guardar muchos objetos al alcance de la mano: 2 para la hidrataci\u00f3n en la parte delantera, 2 bolsillos el\u00e1sticos para comida y otros objetos, 1 bolsillo delantero con cremallera y 1 bolsillo trasero inferior con cremallera para mayor seguridad. El compartimento principal trasero es compatible con una bolsa de agua, y tambi\u00e9n hay un bolsillo interior de seguridad con cremallera. El bolsillo trasero exterior el\u00e1stico puede albergar f\u00e1cilmente una chaqueta y otros objetos. Adem\u00e1s, cuenta con portabastones delanteros y traseros, as\u00ed como la posibilidad de utilizar nuestro TRAIL QUIVER para disponer de m\u00e1s espacio de almacenamiento. Se trata de una mochila de trail running de 12 litros realmente vers\u00e1til.<\/p>\n<p><strong>Instrucciones de cuidado:<\/strong><\/p>\n<ul>\n<li>\u00a0Lavar a una temperatura que no supere los 30 \u00b0C<\/li>\n<li>No secar en secadora<\/li>\n<li>No utilices suavizante<\/li>\n<li>No planchar<\/li>\n<li>No limpiar en seco<\/li>\n<\/ul>\n<p>&nbsp;<\/p>\n","protected":false},"excerpt":{"rendered":"<p>El buque insignia de la gama Responsiv. El Responsiv 12L Race Vest para mujer es una mochila\/chaleco de trail running ergon\u00f3mico y ligero. En ella podr\u00e1s llevar tus accesorios imprescindibles para la mayor\u00eda de tus carreras y competiciones con una gran comodidad y ligereza. Este chaleco de competici\u00f3n ha estado presente en los podios de &hellip; <a href=\"https:\/\/www.miomiorun.com\/es\/producto\/raidlight-responsiv-12-litri-mujer\/\">Continued<\/a><\/p>\n","protected":false},"featured_media":235975,"template":"","meta":{"_acf_changed":false,"inline_featured_image":false},"product_brand":[],"product_cat":[24205,24408,24426],"product_tag":[23502,23633],"class_list":{"0":"post-282777","1":"product","2":"type-product","3":"status-publish","4":"has-post-thumbnail","6":"product_cat-accesorios","7":"product_cat-mochilas-es","8":"product_cat-mochilas-y-cinturones-es","9":"product_tag-raidlight-es","10":"product_tag-raidlight-mujer","11":"pa_attivita-caminar","12":"pa_attivita-outdoor-es","13":"pa_attivita-trail-es","14":"pa_colore-responsiv-12l-trail-pack-w-black-light-blue-es","15":"pa_colore-responsiv-12l-trail-pack-w-blue-pink-es","16":"pa_marca-raidlight-es","17":"pa_sesso-mujer","18":"pa_size-small-es","19":"pa_size-medium-es","20":"pa_size-large-es","22":"first","23":"instock","24":"sale","25":"taxable","26":"shipping-taxable","27":"purchasable","28":"product-type-variable","29":"wvs-archive-product-wrapper"},"acf":[],"yoast_head":"<!-- This site is optimized with the Yoast SEO plugin v26.8 - https:\/\/yoast.com\/product\/yoast-seo-wordpress\/ -->\n<title>Raidlight Responsiv 12 litri mujer - Mochila de trail MioMioRun<\/title>\n<meta name=\"description\" content=\"El buque insignia de la gama Responsiv. La Responsiv 12L Race Vest para mujer es una mochila\/chaleco ergon\u00f3mica y ligera para trail running.\" \/>\n<meta name=\"robots\" content=\"index, follow, max-snippet:-1, max-image-preview:large, max-video-preview:-1\" \/>\n<link rel=\"canonical\" href=\"https:\/\/www.miomiorun.com\/es\/producto\/raidlight-responsiv-12-litri-mujer\/\" \/>\n<meta property=\"og:locale\" content=\"es_ES\" \/>\n<meta property=\"og:type\" content=\"article\" \/>\n<meta property=\"og:title\" content=\"Raidlight Responsiv 12 litri mujer - Mochila de trail MioMioRun\" \/>\n<meta property=\"og:description\" content=\"El buque insignia de la gama Responsiv. La Responsiv 12L Race Vest para mujer es una mochila\/chaleco ergon\u00f3mica y ligera para trail running.\" \/>\n<meta property=\"og:url\" content=\"https:\/\/www.miomiorun.com\/es\/producto\/raidlight-responsiv-12-litri-mujer\/\" \/>\n<meta property=\"og:site_name\" content=\"MioMioRun\" \/>\n<meta property=\"article:publisher\" content=\"https:\/\/www.facebook.com\/miomiorun\/\" \/>\n<meta property=\"article:modified_time\" content=\"2026-05-05T16:31:17+00:00\" \/>\n<meta property=\"og:image\" content=\"https:\/\/www.miomiorun.com\/app\/uploads\/2022\/04\/raidlight-responsiv-12L-trail-pack-W-black-ice-blue-GRJWB51.jpg\" \/>\n\t<meta property=\"og:image:width\" content=\"600\" \/>\n\t<meta property=\"og:image:height\" content=\"600\" \/>\n\t<meta property=\"og:image:type\" content=\"image\/jpeg\" \/>\n<meta name=\"twitter:card\" content=\"summary_large_image\" \/>\n<meta name=\"twitter:label1\" content=\"Est. reading time\" \/>\n\t<meta name=\"twitter:data1\" content=\"4 minutes\" \/>\n<script type=\"application\/ld+json\" class=\"yoast-schema-graph\">{\"@context\":\"https:\/\/schema.org\",\"@graph\":[{\"@type\":\"WebPage\",\"@id\":\"https:\/\/www.miomiorun.com\/es\/producto\/raidlight-responsiv-12-litri-mujer\/\",\"url\":\"https:\/\/www.miomiorun.com\/es\/producto\/raidlight-responsiv-12-litri-mujer\/\",\"name\":\"Raidlight Responsiv 12 litri mujer - Mochila de trail MioMioRun\",\"isPartOf\":{\"@id\":\"https:\/\/www.miomiorun.com\/es\/#website\"},\"primaryImageOfPage\":{\"@id\":\"https:\/\/www.miomiorun.com\/es\/producto\/raidlight-responsiv-12-litri-mujer\/#primaryimage\"},\"image\":{\"@id\":\"https:\/\/www.miomiorun.com\/es\/producto\/raidlight-responsiv-12-litri-mujer\/#primaryimage\"},\"thumbnailUrl\":\"https:\/\/www.miomiorun.com\/app\/uploads\/2022\/04\/raidlight-responsiv-12L-trail-pack-W-black-ice-blue-GRJWB51.jpg\",\"datePublished\":\"2022-04-07T10:13:33+00:00\",\"dateModified\":\"2026-05-05T16:31:17+00:00\",\"description\":\"El buque insignia de la gama Responsiv. La Responsiv 12L Race Vest para mujer es una mochila\/chaleco ergon\u00f3mica y ligera para trail running.\",\"breadcrumb\":{\"@id\":\"https:\/\/www.miomiorun.com\/es\/producto\/raidlight-responsiv-12-litri-mujer\/#breadcrumb\"},\"inLanguage\":\"es-ES\",\"potentialAction\":[{\"@type\":\"ReadAction\",\"target\":[\"https:\/\/www.miomiorun.com\/es\/producto\/raidlight-responsiv-12-litri-mujer\/\"]}]},{\"@type\":\"ImageObject\",\"inLanguage\":\"es-ES\",\"@id\":\"https:\/\/www.miomiorun.com\/es\/producto\/raidlight-responsiv-12-litri-mujer\/#primaryimage\",\"url\":\"https:\/\/www.miomiorun.com\/app\/uploads\/2022\/04\/raidlight-responsiv-12L-trail-pack-W-black-ice-blue-GRJWB51.jpg\",\"contentUrl\":\"https:\/\/www.miomiorun.com\/app\/uploads\/2022\/04\/raidlight-responsiv-12L-trail-pack-W-black-ice-blue-GRJWB51.jpg\",\"width\":600,\"height\":600,\"caption\":\"raidlight-responsiv-12L-trail-pack-W-black-ice-blue-GRJWB51\"},{\"@type\":\"BreadcrumbList\",\"@id\":\"https:\/\/www.miomiorun.com\/es\/producto\/raidlight-responsiv-12-litri-mujer\/#breadcrumb\",\"itemListElement\":[{\"@type\":\"ListItem\",\"position\":1,\"name\":\"Home\",\"item\":\"https:\/\/www.miomiorun.com\/es\/\"},{\"@type\":\"ListItem\",\"position\":2,\"name\":\"Shop\",\"item\":\"https:\/\/www.miomiorun.com\/shop\/\"},{\"@type\":\"ListItem\",\"position\":3,\"name\":\"Responsiv 12 litri mujer\"}]},{\"@type\":\"WebSite\",\"@id\":\"https:\/\/www.miomiorun.com\/es\/#website\",\"url\":\"https:\/\/www.miomiorun.com\/es\/\",\"name\":\"MioMioRun\",\"description\":\"Tienda 100% running y trail\",\"publisher\":{\"@id\":\"https:\/\/www.miomiorun.com\/es\/#organization\"},\"potentialAction\":[{\"@type\":\"SearchAction\",\"target\":{\"@type\":\"EntryPoint\",\"urlTemplate\":\"https:\/\/www.miomiorun.com\/es\/?s={search_term_string}\"},\"query-input\":{\"@type\":\"PropertyValueSpecification\",\"valueRequired\":true,\"valueName\":\"search_term_string\"}}],\"inLanguage\":\"es-ES\"},{\"@type\":\"Organization\",\"@id\":\"https:\/\/www.miomiorun.com\/es\/#organization\",\"name\":\"MioMio Run\",\"url\":\"https:\/\/www.miomiorun.com\/es\/\",\"logo\":{\"@type\":\"ImageObject\",\"inLanguage\":\"es-ES\",\"@id\":\"https:\/\/www.miomiorun.com\/es\/#\/schema\/logo\/image\/\",\"url\":\"https:\/\/www.miomiorun.com\/app\/uploads\/2019\/12\/logomio.png\",\"contentUrl\":\"https:\/\/www.miomiorun.com\/app\/uploads\/2019\/12\/logomio.png\",\"width\":115,\"height\":82,\"caption\":\"MioMio Run\"},\"image\":{\"@id\":\"https:\/\/www.miomiorun.com\/es\/#\/schema\/logo\/image\/\"},\"sameAs\":[\"https:\/\/www.facebook.com\/miomiorun\/\",\"https:\/\/www.instagram.com\/miomiorun\/\"]}]}<\/script>\n<!-- \/ Yoast SEO plugin. -->","yoast_head_json":{"title":"Raidlight Responsiv 12 litri mujer - Mochila de trail MioMioRun","description":"El buque insignia de la gama Responsiv. La Responsiv 12L Race Vest para mujer es una mochila\/chaleco ergon\u00f3mica y ligera para trail running.","robots":{"index":"index","follow":"follow","max-snippet":"max-snippet:-1","max-image-preview":"max-image-preview:large","max-video-preview":"max-video-preview:-1"},"canonical":"https:\/\/www.miomiorun.com\/es\/producto\/raidlight-responsiv-12-litri-mujer\/","og_locale":"es_ES","og_type":"article","og_title":"Raidlight Responsiv 12 litri mujer - Mochila de trail MioMioRun","og_description":"El buque insignia de la gama Responsiv. La Responsiv 12L Race Vest para mujer es una mochila\/chaleco ergon\u00f3mica y ligera para trail running.","og_url":"https:\/\/www.miomiorun.com\/es\/producto\/raidlight-responsiv-12-litri-mujer\/","og_site_name":"MioMioRun","article_publisher":"https:\/\/www.facebook.com\/miomiorun\/","article_modified_time":"2026-05-05T16:31:17+00:00","og_image":[{"width":600,"height":600,"url":"https:\/\/www.miomiorun.com\/app\/uploads\/2022\/04\/raidlight-responsiv-12L-trail-pack-W-black-ice-blue-GRJWB51.jpg","type":"image\/jpeg"}],"twitter_card":"summary_large_image","twitter_misc":{"Est. reading time":"4 minutes"},"schema":{"@context":"https:\/\/schema.org","@graph":[{"@type":"WebPage","@id":"https:\/\/www.miomiorun.com\/es\/producto\/raidlight-responsiv-12-litri-mujer\/","url":"https:\/\/www.miomiorun.com\/es\/producto\/raidlight-responsiv-12-litri-mujer\/","name":"Raidlight Responsiv 12 litri mujer - Mochila de trail MioMioRun","isPartOf":{"@id":"https:\/\/www.miomiorun.com\/es\/#website"},"primaryImageOfPage":{"@id":"https:\/\/www.miomiorun.com\/es\/producto\/raidlight-responsiv-12-litri-mujer\/#primaryimage"},"image":{"@id":"https:\/\/www.miomiorun.com\/es\/producto\/raidlight-responsiv-12-litri-mujer\/#primaryimage"},"thumbnailUrl":"https:\/\/www.miomiorun.com\/app\/uploads\/2022\/04\/raidlight-responsiv-12L-trail-pack-W-black-ice-blue-GRJWB51.jpg","datePublished":"2022-04-07T10:13:33+00:00","dateModified":"2026-05-05T16:31:17+00:00","description":"El buque insignia de la gama Responsiv. La Responsiv 12L Race Vest para mujer es una mochila\/chaleco ergon\u00f3mica y ligera para trail running.","breadcrumb":{"@id":"https:\/\/www.miomiorun.com\/es\/producto\/raidlight-responsiv-12-litri-mujer\/#breadcrumb"},"inLanguage":"es-ES","potentialAction":[{"@type":"ReadAction","target":["https:\/\/www.miomiorun.com\/es\/producto\/raidlight-responsiv-12-litri-mujer\/"]}]},{"@type":"ImageObject","inLanguage":"es-ES","@id":"https:\/\/www.miomiorun.com\/es\/producto\/raidlight-responsiv-12-litri-mujer\/#primaryimage","url":"https:\/\/www.miomiorun.com\/app\/uploads\/2022\/04\/raidlight-responsiv-12L-trail-pack-W-black-ice-blue-GRJWB51.jpg","contentUrl":"https:\/\/www.miomiorun.com\/app\/uploads\/2022\/04\/raidlight-responsiv-12L-trail-pack-W-black-ice-blue-GRJWB51.jpg","width":600,"height":600,"caption":"raidlight-responsiv-12L-trail-pack-W-black-ice-blue-GRJWB51"},{"@type":"BreadcrumbList","@id":"https:\/\/www.miomiorun.com\/es\/producto\/raidlight-responsiv-12-litri-mujer\/#breadcrumb","itemListElement":[{"@type":"ListItem","position":1,"name":"Home","item":"https:\/\/www.miomiorun.com\/es\/"},{"@type":"ListItem","position":2,"name":"Shop","item":"https:\/\/www.miomiorun.com\/shop\/"},{"@type":"ListItem","position":3,"name":"Responsiv 12 litri mujer"}]},{"@type":"WebSite","@id":"https:\/\/www.miomiorun.com\/es\/#website","url":"https:\/\/www.miomiorun.com\/es\/","name":"MioMioRun","description":"Tienda 100% running y trail","publisher":{"@id":"https:\/\/www.miomiorun.com\/es\/#organization"},"potentialAction":[{"@type":"SearchAction","target":{"@type":"EntryPoint","urlTemplate":"https:\/\/www.miomiorun.com\/es\/?s={search_term_string}"},"query-input":{"@type":"PropertyValueSpecification","valueRequired":true,"valueName":"search_term_string"}}],"inLanguage":"es-ES"},{"@type":"Organization","@id":"https:\/\/www.miomiorun.com\/es\/#organization","name":"MioMio Run","url":"https:\/\/www.miomiorun.com\/es\/","logo":{"@type":"ImageObject","inLanguage":"es-ES","@id":"https:\/\/www.miomiorun.com\/es\/#\/schema\/logo\/image\/","url":"https:\/\/www.miomiorun.com\/app\/uploads\/2019\/12\/logomio.png","contentUrl":"https:\/\/www.miomiorun.com\/app\/uploads\/2019\/12\/logomio.png","width":115,"height":82,"caption":"MioMio Run"},"image":{"@id":"https:\/\/www.miomiorun.com\/es\/#\/schema\/logo\/image\/"},"sameAs":["https:\/\/www.facebook.com\/miomiorun\/","https:\/\/www.instagram.com\/miomiorun\/"]}]}},"_links":{"self":[{"href":"https:\/\/www.miomiorun.com\/es\/wp-json\/wp\/v2\/product\/282777","targetHints":{"allow":["GET"]}}],"collection":[{"href":"https:\/\/www.miomiorun.com\/es\/wp-json\/wp\/v2\/product"}],"about":[{"href":"https:\/\/www.miomiorun.com\/es\/wp-json\/wp\/v2\/types\/product"}],"wp:featuredmedia":[{"embeddable":true,"href":"https:\/\/www.miomiorun.com\/es\/wp-json\/wp\/v2\/media\/235975"}],"wp:attachment":[{"href":"https:\/\/www.miomiorun.com\/es\/wp-json\/wp\/v2\/media?parent=282777"}],"wp:term":[{"taxonomy":"product_brand","embeddable":true,"href":"https:\/\/www.miomiorun.com\/es\/wp-json\/wp\/v2\/product_brand?post=282777"},{"taxonomy":"product_cat","embeddable":true,"href":"https:\/\/www.miomiorun.com\/es\/wp-json\/wp\/v2\/product_cat?post=282777"},{"taxonomy":"product_tag","embeddable":true,"href":"https:\/\/www.miomiorun.com\/es\/wp-json\/wp\/v2\/product_tag?post=282777"}],"curies":[{"name":"wp","href":"https:\/\/api.w.org\/{rel}","templated":true}]}}