{"id":282729,"date":"2022-04-08T16:36:26","date_gmt":"2022-04-08T14:36:26","guid":{"rendered":"https:\/\/miomiorun.com\/prodotto\/raidlight-revolutiv-ultralight-3-litri-donna\/"},"modified":"2026-05-05T18:33:41","modified_gmt":"2026-05-05T16:33:41","slug":"raidlight-revolutiv-ultralight-3-litri-mujer","status":"publish","type":"product","link":"https:\/\/www.miomiorun.com\/es\/producto\/raidlight-revolutiv-ultralight-3-litri-mujer\/","title":{"rendered":"Revolutiv Ultralight 3 litri mujer"},"content":{"rendered":"<p>Mochila <strong>Revolutiv Ultralight de 3 litros<\/strong> para mujer. El arn\u00e9s est\u00e1 fabricado en material PolyMono, lo que garantiza una excelente transpirabilidad y regulaci\u00f3n de la temperatura. Se trata de una malla de monofilamento ultraligera, no absorbente y de baja elasticidad, que se adapta a la forma del cuerpo y distribuye eficazmente la carga. El sistema de almacenamiento en bolsillos utiliza tejido el\u00e1stico reciclado, que ofrece una elasticidad de alta tenacidad, un secado ultrarr\u00e1pido y aporta estabilidad y comodidad. Para el transporte, cuenta con un bolsillo trasero con cremallera de 2 litros y, en la parte delantera, hay 2 bolsillos con cremallera y 2 bolsillos para botellas. Es lo mejor en cuanto a chalecos de competici\u00f3n ligeros sin funcionalidades adicionales innecesarias. No hemos incluido nuestros populares reguladores microm\u00e9tricos de dial en este chaleco de competici\u00f3n para ahorrar peso; todo el ajuste del ajuste se basa en las dos correas el\u00e1sticas delanteras.<\/p>\n<p><strong>Caracter\u00edsticas:<\/strong><\/p>\n<ul>\n<li>Capacidad: 3 litros<\/li>\n<li>Peso: 75 g<\/li>\n<li>Paneles cortados con l\u00e1ser, costuras planas<\/li>\n<li>Tejido el\u00e1stico de poli\u00e9ster reciclado muy transpirable para una comodidad m\u00e1xima<\/li>\n<li>Orificios cortados con l\u00e1ser en el pecho y la espalda para una mejor ventilaci\u00f3n<\/li>\n<li>2 portabidones y 2 bolsillos con cremallera en la parte delantera<\/li>\n<li>Se entrega con 2 botellas blandas EazyFlask de 600 ml<\/li>\n<li>Bolsillo trasero con cremallera<\/li>\n<li>Silbato de seguridad incluido<\/li>\n<li>Elaborado en los Alpes franceses<\/li>\n<li>Composici\u00f3n: Arn\u00e9s: 100 % poli\u00e9ster; Tejido del bolsillo: 80 % poli\u00e9ster reciclado; 20 % elastano<\/li>\n<\/ul>\n<div class=\"txt-box\">\n<h3>ULTRA LIGERO<\/h3>\n<p>75 g para esta mochila\/chaleco ultraligero y c\u00f3modo, con capacidad para 1,2 litros de l\u00edquido, comida, chaqueta, tel\u00e9fono, accesorios de emergencia y mucho m\u00e1s. El chaleco de carrera perfecto para pruebas cortas o ultramaratones con avituallamientos regulares.<\/p>\n<div class=\"txt-box\">\n<h3>AJUSTE<\/h3>\n<p>Las correas el\u00e1sticas dobles delanteras permiten ajustar r\u00e1pidamente la tensi\u00f3n y el ajuste del chaleco. Los bolsillos de gran elasticidad garantizan una carga estable, tanto si est\u00e1n vac\u00edos como llenos.<\/p>\n<div class=\"txt-box\">\n<h3 data-ly-mutation-count=\"1\">Comodidad<\/h3>\n<p>La malla de monofilamento ofrece la m\u00e1xima transpirabilidad y, al mismo tiempo, soporta la carga sobre tu cuerpo, ayudando a distribuir el peso gracias al arn\u00e9s tipo chaleco de competici\u00f3n. Deber\u00eda pegarse a tu espalda como una lapa.<\/p>\n<div class=\"txt-box\">\n<h3>RESPETUOSO CON EL MEDIO AMBIENTE<\/h3>\n<p>En consonancia con nuestro compromiso con la responsabilidad medioambiental, el tejido de este producto cumple con los est\u00e1ndares de la certificaci\u00f3n Oeko-Tex. La certificaci\u00f3n STANDARD 100 de OEKO-TEX\u00ae es una de las etiquetas m\u00e1s reconocidas del mundo para tejidos sometidos a pruebas de sustancias nocivas.<\/p>\n<p><strong>Instrucciones de cuidado:<\/strong><\/p>\n<\/div>\n<\/div>\n<\/div>\n<\/div>\n<div class=\"panel-p\">\n<p>&#8211; Lavar a una temperatura inferior a 30 \u00b0C. &#8211; No usar secadoras<\/p>\n<p>&#8211; No utilices suavizantes<\/p>\n<p>&#8211; No planchar<\/p>\n<p>&#8211; No limpiar en seco<\/p>\n<\/div>\n<p>&nbsp;<\/p>\n","protected":false},"excerpt":{"rendered":"<p>Mochila Revolutiv Ultralight de 3 litros para mujer. El arn\u00e9s est\u00e1 fabricado en material PolyMono, lo que garantiza una excelente transpirabilidad y regulaci\u00f3n de la temperatura. Se trata de una malla de monofilamento ultraligera, no absorbente y de baja elasticidad, que se adapta a la forma del cuerpo y distribuye eficazmente la carga. El sistema &hellip; <a href=\"https:\/\/www.miomiorun.com\/es\/producto\/raidlight-revolutiv-ultralight-3-litri-mujer\/\">Continued<\/a><\/p>\n","protected":false},"featured_media":236003,"template":"","meta":{"_acf_changed":false,"inline_featured_image":false},"product_brand":[],"product_cat":[24205,24408,24426],"product_tag":[23502,23633],"class_list":{"0":"post-282729","1":"product","2":"type-product","3":"status-publish","4":"has-post-thumbnail","6":"product_cat-accesorios","7":"product_cat-mochilas-es","8":"product_cat-mochilas-y-cinturones-es","9":"product_tag-raidlight-es","10":"product_tag-raidlight-mujer","11":"pa_attivita-caminar","12":"pa_attivita-outdoor-es","13":"pa_attivita-trail-es","14":"pa_marca-raidlight-es","15":"pa_sesso-mujer","16":"pa_size-medium-es","17":"pa_size-large-es","19":"first","20":"instock","21":"sale","22":"taxable","23":"shipping-taxable","24":"purchasable","25":"product-type-variable","26":"wvs-archive-product-wrapper"},"acf":[],"yoast_head":"<!-- This site is optimized with the Yoast SEO plugin v26.8 - https:\/\/yoast.com\/product\/yoast-seo-wordpress\/ -->\n<title>Raidlight Revolutiv Ultralight 3 litri mujer - Mochila de senderoMioMioRun<\/title>\n<meta name=\"description\" content=\"El arn\u00e9s est\u00e1 fabricado en material PolyMono, lo que garantiza una excelente transpirabilidad y regulaci\u00f3n de la temperatura.\" \/>\n<meta name=\"robots\" content=\"index, follow, max-snippet:-1, max-image-preview:large, max-video-preview:-1\" \/>\n<link rel=\"canonical\" href=\"https:\/\/www.miomiorun.com\/es\/producto\/raidlight-revolutiv-ultralight-3-litri-mujer\/\" \/>\n<meta property=\"og:locale\" content=\"es_ES\" \/>\n<meta property=\"og:type\" content=\"article\" \/>\n<meta property=\"og:title\" content=\"Raidlight Revolutiv Ultralight 3 litri mujer - Mochila de senderoMioMioRun\" \/>\n<meta property=\"og:description\" content=\"El arn\u00e9s est\u00e1 fabricado en material PolyMono, lo que garantiza una excelente transpirabilidad y regulaci\u00f3n de la temperatura.\" \/>\n<meta property=\"og:url\" content=\"https:\/\/www.miomiorun.com\/es\/producto\/raidlight-revolutiv-ultralight-3-litri-mujer\/\" \/>\n<meta property=\"og:site_name\" content=\"MioMioRun\" \/>\n<meta property=\"article:publisher\" content=\"https:\/\/www.facebook.com\/miomiorun\/\" \/>\n<meta property=\"article:modified_time\" content=\"2026-05-05T16:33:41+00:00\" \/>\n<meta property=\"og:image\" content=\"https:\/\/www.miomiorun.com\/app\/uploads\/2022\/04\/raidlight-ultralight-3L-trail-pack-W-GRKWB88.jpg\" \/>\n\t<meta property=\"og:image:width\" content=\"600\" \/>\n\t<meta property=\"og:image:height\" content=\"600\" \/>\n\t<meta property=\"og:image:type\" content=\"image\/jpeg\" \/>\n<meta name=\"twitter:card\" content=\"summary_large_image\" \/>\n<meta name=\"twitter:label1\" content=\"Est. reading time\" \/>\n\t<meta name=\"twitter:data1\" content=\"2 minutes\" \/>\n<script type=\"application\/ld+json\" class=\"yoast-schema-graph\">{\"@context\":\"https:\/\/schema.org\",\"@graph\":[{\"@type\":\"WebPage\",\"@id\":\"https:\/\/www.miomiorun.com\/es\/producto\/raidlight-revolutiv-ultralight-3-litri-mujer\/\",\"url\":\"https:\/\/www.miomiorun.com\/es\/producto\/raidlight-revolutiv-ultralight-3-litri-mujer\/\",\"name\":\"Raidlight Revolutiv Ultralight 3 litri mujer - Mochila de senderoMioMioRun\",\"isPartOf\":{\"@id\":\"https:\/\/www.miomiorun.com\/es\/#website\"},\"primaryImageOfPage\":{\"@id\":\"https:\/\/www.miomiorun.com\/es\/producto\/raidlight-revolutiv-ultralight-3-litri-mujer\/#primaryimage\"},\"image\":{\"@id\":\"https:\/\/www.miomiorun.com\/es\/producto\/raidlight-revolutiv-ultralight-3-litri-mujer\/#primaryimage\"},\"thumbnailUrl\":\"https:\/\/www.miomiorun.com\/app\/uploads\/2022\/04\/raidlight-ultralight-3L-trail-pack-W-GRKWB88.jpg\",\"datePublished\":\"2022-04-08T14:36:26+00:00\",\"dateModified\":\"2026-05-05T16:33:41+00:00\",\"description\":\"El arn\u00e9s est\u00e1 fabricado en material PolyMono, lo que garantiza una excelente transpirabilidad y regulaci\u00f3n de la temperatura.\",\"breadcrumb\":{\"@id\":\"https:\/\/www.miomiorun.com\/es\/producto\/raidlight-revolutiv-ultralight-3-litri-mujer\/#breadcrumb\"},\"inLanguage\":\"es-ES\",\"potentialAction\":[{\"@type\":\"ReadAction\",\"target\":[\"https:\/\/www.miomiorun.com\/es\/producto\/raidlight-revolutiv-ultralight-3-litri-mujer\/\"]}]},{\"@type\":\"ImageObject\",\"inLanguage\":\"es-ES\",\"@id\":\"https:\/\/www.miomiorun.com\/es\/producto\/raidlight-revolutiv-ultralight-3-litri-mujer\/#primaryimage\",\"url\":\"https:\/\/www.miomiorun.com\/app\/uploads\/2022\/04\/raidlight-ultralight-3L-trail-pack-W-GRKWB88.jpg\",\"contentUrl\":\"https:\/\/www.miomiorun.com\/app\/uploads\/2022\/04\/raidlight-ultralight-3L-trail-pack-W-GRKWB88.jpg\",\"width\":600,\"height\":600,\"caption\":\"raidlight-ultralight-3L-trail-pack-W-GRKWB88\"},{\"@type\":\"BreadcrumbList\",\"@id\":\"https:\/\/www.miomiorun.com\/es\/producto\/raidlight-revolutiv-ultralight-3-litri-mujer\/#breadcrumb\",\"itemListElement\":[{\"@type\":\"ListItem\",\"position\":1,\"name\":\"Home\",\"item\":\"https:\/\/www.miomiorun.com\/es\/\"},{\"@type\":\"ListItem\",\"position\":2,\"name\":\"Shop\",\"item\":\"https:\/\/www.miomiorun.com\/shop\/\"},{\"@type\":\"ListItem\",\"position\":3,\"name\":\"Revolutiv Ultralight 3 litri mujer\"}]},{\"@type\":\"WebSite\",\"@id\":\"https:\/\/www.miomiorun.com\/es\/#website\",\"url\":\"https:\/\/www.miomiorun.com\/es\/\",\"name\":\"MioMioRun\",\"description\":\"Tienda 100% running y trail\",\"publisher\":{\"@id\":\"https:\/\/www.miomiorun.com\/es\/#organization\"},\"potentialAction\":[{\"@type\":\"SearchAction\",\"target\":{\"@type\":\"EntryPoint\",\"urlTemplate\":\"https:\/\/www.miomiorun.com\/es\/?s={search_term_string}\"},\"query-input\":{\"@type\":\"PropertyValueSpecification\",\"valueRequired\":true,\"valueName\":\"search_term_string\"}}],\"inLanguage\":\"es-ES\"},{\"@type\":\"Organization\",\"@id\":\"https:\/\/www.miomiorun.com\/es\/#organization\",\"name\":\"MioMio Run\",\"url\":\"https:\/\/www.miomiorun.com\/es\/\",\"logo\":{\"@type\":\"ImageObject\",\"inLanguage\":\"es-ES\",\"@id\":\"https:\/\/www.miomiorun.com\/es\/#\/schema\/logo\/image\/\",\"url\":\"https:\/\/www.miomiorun.com\/app\/uploads\/2019\/12\/logomio.png\",\"contentUrl\":\"https:\/\/www.miomiorun.com\/app\/uploads\/2019\/12\/logomio.png\",\"width\":115,\"height\":82,\"caption\":\"MioMio Run\"},\"image\":{\"@id\":\"https:\/\/www.miomiorun.com\/es\/#\/schema\/logo\/image\/\"},\"sameAs\":[\"https:\/\/www.facebook.com\/miomiorun\/\",\"https:\/\/www.instagram.com\/miomiorun\/\"]}]}<\/script>\n<!-- \/ Yoast SEO plugin. -->","yoast_head_json":{"title":"Raidlight Revolutiv Ultralight 3 litri mujer - Mochila de senderoMioMioRun","description":"El arn\u00e9s est\u00e1 fabricado en material PolyMono, lo que garantiza una excelente transpirabilidad y regulaci\u00f3n de la temperatura.","robots":{"index":"index","follow":"follow","max-snippet":"max-snippet:-1","max-image-preview":"max-image-preview:large","max-video-preview":"max-video-preview:-1"},"canonical":"https:\/\/www.miomiorun.com\/es\/producto\/raidlight-revolutiv-ultralight-3-litri-mujer\/","og_locale":"es_ES","og_type":"article","og_title":"Raidlight Revolutiv Ultralight 3 litri mujer - Mochila de senderoMioMioRun","og_description":"El arn\u00e9s est\u00e1 fabricado en material PolyMono, lo que garantiza una excelente transpirabilidad y regulaci\u00f3n de la temperatura.","og_url":"https:\/\/www.miomiorun.com\/es\/producto\/raidlight-revolutiv-ultralight-3-litri-mujer\/","og_site_name":"MioMioRun","article_publisher":"https:\/\/www.facebook.com\/miomiorun\/","article_modified_time":"2026-05-05T16:33:41+00:00","og_image":[{"width":600,"height":600,"url":"https:\/\/www.miomiorun.com\/app\/uploads\/2022\/04\/raidlight-ultralight-3L-trail-pack-W-GRKWB88.jpg","type":"image\/jpeg"}],"twitter_card":"summary_large_image","twitter_misc":{"Est. reading time":"2 minutes"},"schema":{"@context":"https:\/\/schema.org","@graph":[{"@type":"WebPage","@id":"https:\/\/www.miomiorun.com\/es\/producto\/raidlight-revolutiv-ultralight-3-litri-mujer\/","url":"https:\/\/www.miomiorun.com\/es\/producto\/raidlight-revolutiv-ultralight-3-litri-mujer\/","name":"Raidlight Revolutiv Ultralight 3 litri mujer - Mochila de senderoMioMioRun","isPartOf":{"@id":"https:\/\/www.miomiorun.com\/es\/#website"},"primaryImageOfPage":{"@id":"https:\/\/www.miomiorun.com\/es\/producto\/raidlight-revolutiv-ultralight-3-litri-mujer\/#primaryimage"},"image":{"@id":"https:\/\/www.miomiorun.com\/es\/producto\/raidlight-revolutiv-ultralight-3-litri-mujer\/#primaryimage"},"thumbnailUrl":"https:\/\/www.miomiorun.com\/app\/uploads\/2022\/04\/raidlight-ultralight-3L-trail-pack-W-GRKWB88.jpg","datePublished":"2022-04-08T14:36:26+00:00","dateModified":"2026-05-05T16:33:41+00:00","description":"El arn\u00e9s est\u00e1 fabricado en material PolyMono, lo que garantiza una excelente transpirabilidad y regulaci\u00f3n de la temperatura.","breadcrumb":{"@id":"https:\/\/www.miomiorun.com\/es\/producto\/raidlight-revolutiv-ultralight-3-litri-mujer\/#breadcrumb"},"inLanguage":"es-ES","potentialAction":[{"@type":"ReadAction","target":["https:\/\/www.miomiorun.com\/es\/producto\/raidlight-revolutiv-ultralight-3-litri-mujer\/"]}]},{"@type":"ImageObject","inLanguage":"es-ES","@id":"https:\/\/www.miomiorun.com\/es\/producto\/raidlight-revolutiv-ultralight-3-litri-mujer\/#primaryimage","url":"https:\/\/www.miomiorun.com\/app\/uploads\/2022\/04\/raidlight-ultralight-3L-trail-pack-W-GRKWB88.jpg","contentUrl":"https:\/\/www.miomiorun.com\/app\/uploads\/2022\/04\/raidlight-ultralight-3L-trail-pack-W-GRKWB88.jpg","width":600,"height":600,"caption":"raidlight-ultralight-3L-trail-pack-W-GRKWB88"},{"@type":"BreadcrumbList","@id":"https:\/\/www.miomiorun.com\/es\/producto\/raidlight-revolutiv-ultralight-3-litri-mujer\/#breadcrumb","itemListElement":[{"@type":"ListItem","position":1,"name":"Home","item":"https:\/\/www.miomiorun.com\/es\/"},{"@type":"ListItem","position":2,"name":"Shop","item":"https:\/\/www.miomiorun.com\/shop\/"},{"@type":"ListItem","position":3,"name":"Revolutiv Ultralight 3 litri mujer"}]},{"@type":"WebSite","@id":"https:\/\/www.miomiorun.com\/es\/#website","url":"https:\/\/www.miomiorun.com\/es\/","name":"MioMioRun","description":"Tienda 100% running y trail","publisher":{"@id":"https:\/\/www.miomiorun.com\/es\/#organization"},"potentialAction":[{"@type":"SearchAction","target":{"@type":"EntryPoint","urlTemplate":"https:\/\/www.miomiorun.com\/es\/?s={search_term_string}"},"query-input":{"@type":"PropertyValueSpecification","valueRequired":true,"valueName":"search_term_string"}}],"inLanguage":"es-ES"},{"@type":"Organization","@id":"https:\/\/www.miomiorun.com\/es\/#organization","name":"MioMio Run","url":"https:\/\/www.miomiorun.com\/es\/","logo":{"@type":"ImageObject","inLanguage":"es-ES","@id":"https:\/\/www.miomiorun.com\/es\/#\/schema\/logo\/image\/","url":"https:\/\/www.miomiorun.com\/app\/uploads\/2019\/12\/logomio.png","contentUrl":"https:\/\/www.miomiorun.com\/app\/uploads\/2019\/12\/logomio.png","width":115,"height":82,"caption":"MioMio Run"},"image":{"@id":"https:\/\/www.miomiorun.com\/es\/#\/schema\/logo\/image\/"},"sameAs":["https:\/\/www.facebook.com\/miomiorun\/","https:\/\/www.instagram.com\/miomiorun\/"]}]}},"_links":{"self":[{"href":"https:\/\/www.miomiorun.com\/es\/wp-json\/wp\/v2\/product\/282729","targetHints":{"allow":["GET"]}}],"collection":[{"href":"https:\/\/www.miomiorun.com\/es\/wp-json\/wp\/v2\/product"}],"about":[{"href":"https:\/\/www.miomiorun.com\/es\/wp-json\/wp\/v2\/types\/product"}],"wp:featuredmedia":[{"embeddable":true,"href":"https:\/\/www.miomiorun.com\/es\/wp-json\/wp\/v2\/media\/236003"}],"wp:attachment":[{"href":"https:\/\/www.miomiorun.com\/es\/wp-json\/wp\/v2\/media?parent=282729"}],"wp:term":[{"taxonomy":"product_brand","embeddable":true,"href":"https:\/\/www.miomiorun.com\/es\/wp-json\/wp\/v2\/product_brand?post=282729"},{"taxonomy":"product_cat","embeddable":true,"href":"https:\/\/www.miomiorun.com\/es\/wp-json\/wp\/v2\/product_cat?post=282729"},{"taxonomy":"product_tag","embeddable":true,"href":"https:\/\/www.miomiorun.com\/es\/wp-json\/wp\/v2\/product_tag?post=282729"}],"curies":[{"name":"wp","href":"https:\/\/api.w.org\/{rel}","templated":true}]}}