{"id":282725,"date":"2022-04-08T16:46:38","date_gmt":"2022-04-08T14:46:38","guid":{"rendered":"https:\/\/miomiorun.com\/prodotto\/raidlight-revolutiv-ultralight-12l-donna\/"},"modified":"2026-05-05T18:35:25","modified_gmt":"2026-05-05T16:35:25","slug":"raidlight-revolutiv-ultralight-12l-mujer","status":"publish","type":"product","link":"https:\/\/www.miomiorun.com\/es\/producto\/raidlight-revolutiv-ultralight-12l-mujer\/","title":{"rendered":"Revolutiv Ultralight 12L mujer"},"content":{"rendered":"<p>La mochila\/chaleco de competici\u00f3n <strong>Ultralight 12L<\/strong> para mujer (versi\u00f3n renombrada y actualizada del Revolutiv 12L V2). \u00a1Solo 170 g para una mochila de trail running de 12 litros, dise\u00f1ada para tus carreras de ultrafondo!<\/p>\n<p>El chaleco de competici\u00f3n ultraligero de 12 litros. Solo 170 g para una mochila de trail running de 12 litros. El chaleco est\u00e1 confeccionado con un tejido de monofilamento para ofrecer un enorme ahorro de peso y una mayor transpirabilidad. El sistema de almacenamiento en bolsillos utiliza un tejido reciclado de alta elasticidad, que ofrece una gran resistencia y un secado muy r\u00e1pido, aportando estabilidad y comodidad. El bolsillo trasero con cierre de cremallera es resistente al agua y cuenta adem\u00e1s con un bolsillo inferior adicional, tambi\u00e9n con cierre de cremallera.<\/p>\n<p><strong>Caracter\u00edsticas:<\/strong><\/p>\n<ul>\n<li>Capacidad: 12 litros<\/li>\n<li>Peso: 170 g<\/li>\n<li>Bolsillo trasero de 10 litros, resistente al agua y con cierre de cremallera<\/li>\n<li>Bolsillo trasero inferior con cremallera<\/li>\n<li>2 portabotellas y 2 bolsillos con cremallera en la parte delantera<\/li>\n<li>Ruedas microm\u00e9tricas Freelock ajustables para un ajuste perfecto<\/li>\n<li>Compatible con la Faretra Trail<\/li>\n<li>Se entrega con 2 botellas blandas EazyFlask de 600 ml<\/li>\n<li>Elaborado en los Alpes franceses<\/li>\n<li>Tallas para mujer (contorno de pecho): S (84-90); M (90-96); L (96-104)<\/li>\n<\/ul>\n<h3>Composici\u00f3n:<\/h3>\n<p>Arn\u00e9s: 100 % poli\u00e9ster; Tejido del bolsillo: 80 % poli\u00e9ster reciclado, 20 % elastano<\/p>\n<div class=\"txt-box\">\n<h3>UNA MOCHILA DE TRAIL PR\u00c1CTICA<\/h3>\n<p>Con sus m\u00faltiples bolsillos con cremallera, la mochila de trail ULTRALIGHT 12L te permite guardar todo lo necesario para una ruta de trail como prefieras. \u00bfNecesitas llevar las barritas energ\u00e9ticas en la parte delantera? Hay un bolsillo con cremallera para eso. \u00bfLas prefieres en la espalda? Sorpresa, tambi\u00e9n hay uno ah\u00ed. La mochila se adapta a las necesidades que te llevaron a comprarla, y no al rev\u00e9s.<\/p>\n<div class=\"txt-box\">\n<h3>UNA MOCHILA MUY LIGERA<\/h3>\n<p>Con un peso de 170 g, \u00a1la ULTRALIGHT 12L es realmente un peso pluma! A modo de comparaci\u00f3n, ese es el peso de algunas camisetas de trail.<\/p>\n<div class=\"txt-box\">\n<h3>SE ADAPTA A VUESTRAS FORMAS<\/h3>\n<p>Los distintos sistemas de ajuste de la mochila te permiten adaptarla completamente a tu complexi\u00f3n. Las ruedas microm\u00e9tricas situadas a ambos lados permiten ajustarla al mil\u00edmetro. En la parte delantera, las correas permiten ajustar la anchura al pecho.<\/p>\n<div class=\"txt-box\">\n<h3>RESPETUOSO CON EL MEDIO AMBIENTE<\/h3>\n<p>En consonancia con nuestro compromiso con la responsabilidad medioambiental, el tejido de este producto cumple con los est\u00e1ndares de la certificaci\u00f3n Oeko-Tex. La certificaci\u00f3n STANDARD 100 de OEKO-TEX\u00ae es una de las etiquetas m\u00e1s reconocidas del mundo para tejidos sometidos a pruebas de sustancias nocivas.<\/p>\n<p><strong>Instrucciones de cuidado:<\/strong><\/p>\n<ul>\n<li>\u00a0Lavar a una temperatura que no supere los 30 \u00b0C<\/li>\n<li>No secar en secadora<\/li>\n<li>No utilices suavizante<\/li>\n<li>No planchar<\/li>\n<li>No limpiar en seco<\/li>\n<\/ul>\n<p>&nbsp;<\/p>\n<\/div>\n<\/div>\n<\/div>\n<\/div>\n","protected":false},"excerpt":{"rendered":"<p>La mochila\/chaleco de competici\u00f3n Ultralight 12L para mujer (versi\u00f3n renombrada y actualizada del Revolutiv 12L V2). \u00a1Solo 170 g para una mochila de trail running de 12 litros, dise\u00f1ada para tus carreras de ultrafondo! El chaleco de competici\u00f3n ultraligero de 12 litros. Solo 170 g para una mochila de trail running de 12 litros. El &hellip; <a href=\"https:\/\/www.miomiorun.com\/es\/producto\/raidlight-revolutiv-ultralight-12l-mujer\/\">Continued<\/a><\/p>\n","protected":false},"featured_media":236007,"template":"","meta":{"_acf_changed":false,"inline_featured_image":false},"product_brand":[],"product_cat":[24205,24408,24426],"product_tag":[23502,23633],"class_list":{"0":"post-282725","1":"product","2":"type-product","3":"status-publish","4":"has-post-thumbnail","6":"product_cat-accesorios","7":"product_cat-mochilas-es","8":"product_cat-mochilas-y-cinturones-es","9":"product_tag-raidlight-es","10":"product_tag-raidlight-mujer","11":"pa_attivita-caminar","12":"pa_attivita-outdoor-es","13":"pa_attivita-trail-es","14":"pa_marca-raidlight-es","15":"pa_sesso-mujer","16":"pa_size-small-es","17":"pa_size-medium-es","18":"pa_size-large-es","20":"first","21":"instock","22":"sale","23":"taxable","24":"shipping-taxable","25":"purchasable","26":"product-type-variable","27":"wvs-archive-product-wrapper"},"acf":[],"yoast_head":"<!-- This site is optimized with the Yoast SEO plugin v26.8 - https:\/\/yoast.com\/product\/yoast-seo-wordpress\/ -->\n<title>Raidlight Revolutiv Ultralight 12L mujer - Mochila de sendero MioMioRun .com<\/title>\n<meta name=\"description\" content=\"La mochila\/chaleco de competici\u00f3n Ultralight 12L para mujer. \u00a1Solo 170 g para una mochila de trail running de 12 litros, dise\u00f1ada para tus carreras ultra!\" \/>\n<meta name=\"robots\" content=\"index, follow, max-snippet:-1, max-image-preview:large, max-video-preview:-1\" \/>\n<link rel=\"canonical\" href=\"https:\/\/www.miomiorun.com\/es\/producto\/raidlight-revolutiv-ultralight-12l-mujer\/\" \/>\n<meta property=\"og:locale\" content=\"es_ES\" \/>\n<meta property=\"og:type\" content=\"article\" \/>\n<meta property=\"og:title\" content=\"Raidlight Revolutiv Ultralight 12L mujer - Mochila de sendero MioMioRun .com\" \/>\n<meta property=\"og:description\" content=\"La mochila\/chaleco de competici\u00f3n Ultralight 12L para mujer. \u00a1Solo 170 g para una mochila de trail running de 12 litros, dise\u00f1ada para tus carreras ultra!\" \/>\n<meta property=\"og:url\" content=\"https:\/\/www.miomiorun.com\/es\/producto\/raidlight-revolutiv-ultralight-12l-mujer\/\" \/>\n<meta property=\"og:site_name\" content=\"MioMioRun\" \/>\n<meta property=\"article:publisher\" content=\"https:\/\/www.facebook.com\/miomiorun\/\" \/>\n<meta property=\"article:modified_time\" content=\"2026-05-05T16:35:25+00:00\" \/>\n<meta property=\"og:image\" content=\"https:\/\/www.miomiorun.com\/app\/uploads\/2022\/04\/raidlight-ultralight-12L-trail-pack-W-GRKWB86.jpg\" \/>\n\t<meta property=\"og:image:width\" content=\"600\" \/>\n\t<meta property=\"og:image:height\" content=\"600\" \/>\n\t<meta property=\"og:image:type\" content=\"image\/jpeg\" \/>\n<meta name=\"twitter:card\" content=\"summary_large_image\" \/>\n<meta name=\"twitter:label1\" content=\"Est. reading time\" \/>\n\t<meta name=\"twitter:data1\" content=\"2 minutes\" \/>\n<script type=\"application\/ld+json\" class=\"yoast-schema-graph\">{\"@context\":\"https:\/\/schema.org\",\"@graph\":[{\"@type\":\"WebPage\",\"@id\":\"https:\/\/www.miomiorun.com\/es\/producto\/raidlight-revolutiv-ultralight-12l-mujer\/\",\"url\":\"https:\/\/www.miomiorun.com\/es\/producto\/raidlight-revolutiv-ultralight-12l-mujer\/\",\"name\":\"Raidlight Revolutiv Ultralight 12L mujer - Mochila de sendero MioMioRun .com\",\"isPartOf\":{\"@id\":\"https:\/\/www.miomiorun.com\/es\/#website\"},\"primaryImageOfPage\":{\"@id\":\"https:\/\/www.miomiorun.com\/es\/producto\/raidlight-revolutiv-ultralight-12l-mujer\/#primaryimage\"},\"image\":{\"@id\":\"https:\/\/www.miomiorun.com\/es\/producto\/raidlight-revolutiv-ultralight-12l-mujer\/#primaryimage\"},\"thumbnailUrl\":\"https:\/\/www.miomiorun.com\/app\/uploads\/2022\/04\/raidlight-ultralight-12L-trail-pack-W-GRKWB86.jpg\",\"datePublished\":\"2022-04-08T14:46:38+00:00\",\"dateModified\":\"2026-05-05T16:35:25+00:00\",\"description\":\"La mochila\/chaleco de competici\u00f3n Ultralight 12L para mujer. \u00a1Solo 170 g para una mochila de trail running de 12 litros, dise\u00f1ada para tus carreras ultra!\",\"breadcrumb\":{\"@id\":\"https:\/\/www.miomiorun.com\/es\/producto\/raidlight-revolutiv-ultralight-12l-mujer\/#breadcrumb\"},\"inLanguage\":\"es-ES\",\"potentialAction\":[{\"@type\":\"ReadAction\",\"target\":[\"https:\/\/www.miomiorun.com\/es\/producto\/raidlight-revolutiv-ultralight-12l-mujer\/\"]}]},{\"@type\":\"ImageObject\",\"inLanguage\":\"es-ES\",\"@id\":\"https:\/\/www.miomiorun.com\/es\/producto\/raidlight-revolutiv-ultralight-12l-mujer\/#primaryimage\",\"url\":\"https:\/\/www.miomiorun.com\/app\/uploads\/2022\/04\/raidlight-ultralight-12L-trail-pack-W-GRKWB86.jpg\",\"contentUrl\":\"https:\/\/www.miomiorun.com\/app\/uploads\/2022\/04\/raidlight-ultralight-12L-trail-pack-W-GRKWB86.jpg\",\"width\":600,\"height\":600,\"caption\":\"raidlight-ultralight-12L-trail-pack-W-GRKWB86\"},{\"@type\":\"BreadcrumbList\",\"@id\":\"https:\/\/www.miomiorun.com\/es\/producto\/raidlight-revolutiv-ultralight-12l-mujer\/#breadcrumb\",\"itemListElement\":[{\"@type\":\"ListItem\",\"position\":1,\"name\":\"Home\",\"item\":\"https:\/\/www.miomiorun.com\/es\/\"},{\"@type\":\"ListItem\",\"position\":2,\"name\":\"Shop\",\"item\":\"https:\/\/www.miomiorun.com\/shop\/\"},{\"@type\":\"ListItem\",\"position\":3,\"name\":\"Revolutiv Ultralight 12L mujer\"}]},{\"@type\":\"WebSite\",\"@id\":\"https:\/\/www.miomiorun.com\/es\/#website\",\"url\":\"https:\/\/www.miomiorun.com\/es\/\",\"name\":\"MioMioRun\",\"description\":\"Tienda 100% running y trail\",\"publisher\":{\"@id\":\"https:\/\/www.miomiorun.com\/es\/#organization\"},\"potentialAction\":[{\"@type\":\"SearchAction\",\"target\":{\"@type\":\"EntryPoint\",\"urlTemplate\":\"https:\/\/www.miomiorun.com\/es\/?s={search_term_string}\"},\"query-input\":{\"@type\":\"PropertyValueSpecification\",\"valueRequired\":true,\"valueName\":\"search_term_string\"}}],\"inLanguage\":\"es-ES\"},{\"@type\":\"Organization\",\"@id\":\"https:\/\/www.miomiorun.com\/es\/#organization\",\"name\":\"MioMio Run\",\"url\":\"https:\/\/www.miomiorun.com\/es\/\",\"logo\":{\"@type\":\"ImageObject\",\"inLanguage\":\"es-ES\",\"@id\":\"https:\/\/www.miomiorun.com\/es\/#\/schema\/logo\/image\/\",\"url\":\"https:\/\/www.miomiorun.com\/app\/uploads\/2019\/12\/logomio.png\",\"contentUrl\":\"https:\/\/www.miomiorun.com\/app\/uploads\/2019\/12\/logomio.png\",\"width\":115,\"height\":82,\"caption\":\"MioMio Run\"},\"image\":{\"@id\":\"https:\/\/www.miomiorun.com\/es\/#\/schema\/logo\/image\/\"},\"sameAs\":[\"https:\/\/www.facebook.com\/miomiorun\/\",\"https:\/\/www.instagram.com\/miomiorun\/\"]}]}<\/script>\n<!-- \/ Yoast SEO plugin. -->","yoast_head_json":{"title":"Raidlight Revolutiv Ultralight 12L mujer - Mochila de sendero MioMioRun .com","description":"La mochila\/chaleco de competici\u00f3n Ultralight 12L para mujer. \u00a1Solo 170 g para una mochila de trail running de 12 litros, dise\u00f1ada para tus carreras ultra!","robots":{"index":"index","follow":"follow","max-snippet":"max-snippet:-1","max-image-preview":"max-image-preview:large","max-video-preview":"max-video-preview:-1"},"canonical":"https:\/\/www.miomiorun.com\/es\/producto\/raidlight-revolutiv-ultralight-12l-mujer\/","og_locale":"es_ES","og_type":"article","og_title":"Raidlight Revolutiv Ultralight 12L mujer - Mochila de sendero MioMioRun .com","og_description":"La mochila\/chaleco de competici\u00f3n Ultralight 12L para mujer. \u00a1Solo 170 g para una mochila de trail running de 12 litros, dise\u00f1ada para tus carreras ultra!","og_url":"https:\/\/www.miomiorun.com\/es\/producto\/raidlight-revolutiv-ultralight-12l-mujer\/","og_site_name":"MioMioRun","article_publisher":"https:\/\/www.facebook.com\/miomiorun\/","article_modified_time":"2026-05-05T16:35:25+00:00","og_image":[{"width":600,"height":600,"url":"https:\/\/www.miomiorun.com\/app\/uploads\/2022\/04\/raidlight-ultralight-12L-trail-pack-W-GRKWB86.jpg","type":"image\/jpeg"}],"twitter_card":"summary_large_image","twitter_misc":{"Est. reading time":"2 minutes"},"schema":{"@context":"https:\/\/schema.org","@graph":[{"@type":"WebPage","@id":"https:\/\/www.miomiorun.com\/es\/producto\/raidlight-revolutiv-ultralight-12l-mujer\/","url":"https:\/\/www.miomiorun.com\/es\/producto\/raidlight-revolutiv-ultralight-12l-mujer\/","name":"Raidlight Revolutiv Ultralight 12L mujer - Mochila de sendero MioMioRun .com","isPartOf":{"@id":"https:\/\/www.miomiorun.com\/es\/#website"},"primaryImageOfPage":{"@id":"https:\/\/www.miomiorun.com\/es\/producto\/raidlight-revolutiv-ultralight-12l-mujer\/#primaryimage"},"image":{"@id":"https:\/\/www.miomiorun.com\/es\/producto\/raidlight-revolutiv-ultralight-12l-mujer\/#primaryimage"},"thumbnailUrl":"https:\/\/www.miomiorun.com\/app\/uploads\/2022\/04\/raidlight-ultralight-12L-trail-pack-W-GRKWB86.jpg","datePublished":"2022-04-08T14:46:38+00:00","dateModified":"2026-05-05T16:35:25+00:00","description":"La mochila\/chaleco de competici\u00f3n Ultralight 12L para mujer. \u00a1Solo 170 g para una mochila de trail running de 12 litros, dise\u00f1ada para tus carreras ultra!","breadcrumb":{"@id":"https:\/\/www.miomiorun.com\/es\/producto\/raidlight-revolutiv-ultralight-12l-mujer\/#breadcrumb"},"inLanguage":"es-ES","potentialAction":[{"@type":"ReadAction","target":["https:\/\/www.miomiorun.com\/es\/producto\/raidlight-revolutiv-ultralight-12l-mujer\/"]}]},{"@type":"ImageObject","inLanguage":"es-ES","@id":"https:\/\/www.miomiorun.com\/es\/producto\/raidlight-revolutiv-ultralight-12l-mujer\/#primaryimage","url":"https:\/\/www.miomiorun.com\/app\/uploads\/2022\/04\/raidlight-ultralight-12L-trail-pack-W-GRKWB86.jpg","contentUrl":"https:\/\/www.miomiorun.com\/app\/uploads\/2022\/04\/raidlight-ultralight-12L-trail-pack-W-GRKWB86.jpg","width":600,"height":600,"caption":"raidlight-ultralight-12L-trail-pack-W-GRKWB86"},{"@type":"BreadcrumbList","@id":"https:\/\/www.miomiorun.com\/es\/producto\/raidlight-revolutiv-ultralight-12l-mujer\/#breadcrumb","itemListElement":[{"@type":"ListItem","position":1,"name":"Home","item":"https:\/\/www.miomiorun.com\/es\/"},{"@type":"ListItem","position":2,"name":"Shop","item":"https:\/\/www.miomiorun.com\/shop\/"},{"@type":"ListItem","position":3,"name":"Revolutiv Ultralight 12L mujer"}]},{"@type":"WebSite","@id":"https:\/\/www.miomiorun.com\/es\/#website","url":"https:\/\/www.miomiorun.com\/es\/","name":"MioMioRun","description":"Tienda 100% running y trail","publisher":{"@id":"https:\/\/www.miomiorun.com\/es\/#organization"},"potentialAction":[{"@type":"SearchAction","target":{"@type":"EntryPoint","urlTemplate":"https:\/\/www.miomiorun.com\/es\/?s={search_term_string}"},"query-input":{"@type":"PropertyValueSpecification","valueRequired":true,"valueName":"search_term_string"}}],"inLanguage":"es-ES"},{"@type":"Organization","@id":"https:\/\/www.miomiorun.com\/es\/#organization","name":"MioMio Run","url":"https:\/\/www.miomiorun.com\/es\/","logo":{"@type":"ImageObject","inLanguage":"es-ES","@id":"https:\/\/www.miomiorun.com\/es\/#\/schema\/logo\/image\/","url":"https:\/\/www.miomiorun.com\/app\/uploads\/2019\/12\/logomio.png","contentUrl":"https:\/\/www.miomiorun.com\/app\/uploads\/2019\/12\/logomio.png","width":115,"height":82,"caption":"MioMio Run"},"image":{"@id":"https:\/\/www.miomiorun.com\/es\/#\/schema\/logo\/image\/"},"sameAs":["https:\/\/www.facebook.com\/miomiorun\/","https:\/\/www.instagram.com\/miomiorun\/"]}]}},"_links":{"self":[{"href":"https:\/\/www.miomiorun.com\/es\/wp-json\/wp\/v2\/product\/282725","targetHints":{"allow":["GET"]}}],"collection":[{"href":"https:\/\/www.miomiorun.com\/es\/wp-json\/wp\/v2\/product"}],"about":[{"href":"https:\/\/www.miomiorun.com\/es\/wp-json\/wp\/v2\/types\/product"}],"wp:featuredmedia":[{"embeddable":true,"href":"https:\/\/www.miomiorun.com\/es\/wp-json\/wp\/v2\/media\/236007"}],"wp:attachment":[{"href":"https:\/\/www.miomiorun.com\/es\/wp-json\/wp\/v2\/media?parent=282725"}],"wp:term":[{"taxonomy":"product_brand","embeddable":true,"href":"https:\/\/www.miomiorun.com\/es\/wp-json\/wp\/v2\/product_brand?post=282725"},{"taxonomy":"product_cat","embeddable":true,"href":"https:\/\/www.miomiorun.com\/es\/wp-json\/wp\/v2\/product_cat?post=282725"},{"taxonomy":"product_tag","embeddable":true,"href":"https:\/\/www.miomiorun.com\/es\/wp-json\/wp\/v2\/product_tag?post=282725"}],"curies":[{"name":"wp","href":"https:\/\/api.w.org\/{rel}","templated":true}]}}