{"id":282698,"date":"2022-04-19T16:45:41","date_gmt":"2022-04-19T14:45:41","guid":{"rendered":"https:\/\/miomiorun.com\/prodotto\/leki-evotrail-fx-one-ta\/"},"modified":"2026-05-08T21:26:07","modified_gmt":"2026-05-08T19:26:07","slug":"leki-evotrail-fx-one-ta","status":"publish","type":"product","link":"https:\/\/www.miomiorun.com\/es\/producto\/leki-evotrail-fx-one-ta\/","title":{"rendered":"Evotrail FX.One TA"},"content":{"rendered":"<p><strong>Evotrail FX.One TA<\/strong> es un bast\u00f3n de trail running estable para todo tipo de necesidades. Destaca por sus numerosos detalles. La varilla de <strong>aluminio<\/strong> de alta resistencia cuenta con un mango de <strong>corcho<\/strong> y el Trigger Shark 2.0. Esto permite enganchar y desenganchar r\u00e1pidamente la correa del bast\u00f3n. La correa Trigger Shark mantiene la mano firmemente sujeta al bast\u00f3n. Gracias al mecanismo Push Button Release, se puede plegar hasta un tama\u00f1o de 38 cm con solo pulsar un bot\u00f3n.<\/p>\n<h3>Sistema de agarre<\/h3>\n<p><img loading=\"lazy\" decoding=\"async\" class=\"\" src=\"https:\/\/res.cloudinary.com\/leki-lenhart-gmbh\/iu\/c_fit,h_1050,w_750\/f_auto\/q_auto\/media\/0b\/33\/57\/1645628634\/Shark%20System_Icon?_a=AAAH2AI\" width=\"144\" height=\"144\" \/><\/p>\n<p><img loading=\"lazy\" decoding=\"async\" class=\"\" src=\"https:\/\/res.cloudinary.com\/leki-lenhart-gmbh\/iu\/c_fit,h_1050,w_750\/f_auto\/q_auto\/media\/d7\/57\/d9\/1643288579\/Shark%20System%20Schwarz_Logo?_a=AAAH2AI\" width=\"256\" height=\"15\" \/><\/p>\n<p>El <strong>sistema Shark<\/strong> ofrece una transmisi\u00f3n \u00f3ptima de la fuerza, ya que conecta la mano directamente con el bast\u00f3n. Permite acoplar y desacoplar r\u00e1pidamente la empu\u00f1adura. Todas las correas y guantes Shark son compatibles con los bastones Shark.<\/p>\n<h3>Empu\u00f1adura<\/h3>\n<p><img loading=\"lazy\" decoding=\"async\" class=\"\" src=\"https:\/\/res.cloudinary.com\/leki-lenhart-gmbh\/iu\/c_fit,h_1050,w_750\/f_auto\/q_auto\/media\/a9\/46\/63\/1637918551\/Shark%202.0_Icon?_a=AAAH2AI\" width=\"130\" height=\"130\" \/><\/p>\n<p class=\"product-headline\"><strong>Tibur\u00f3n 2.0<\/strong><\/p>\n<p>Un mango vers\u00e1til para diversas actividades deportivas. Ofrece una transmisi\u00f3n perfecta de la fuerza y un manejo sencillo. Ideal para practicar esqu\u00ed de fondo y marcha n\u00f3rdica. Pero tambi\u00e9n en el esqu\u00ed sobre ruedas y en el trail running, este todoterreno ha dado excelentes resultados.<\/p>\n<h3>Lacciolo<\/h3>\n<p><img loading=\"lazy\" decoding=\"async\" class=\"\" src=\"https:\/\/res.cloudinary.com\/leki-lenhart-gmbh\/iu\/c_fit,h_1050,w_750\/f_auto\/q_auto\/media\/f8\/78\/22\/1643642465\/Shark%20Frame%20Strap_Icon?_a=AAAH2AI\" width=\"120\" height=\"120\" \/><\/p>\n<p class=\"product-headline\"><strong>Correa de malla Shark Frame<\/strong><\/p>\n<p>Correa de ajuste continuo, regulable individualmente. Permite acoplar y desacoplar el bast\u00f3n de forma r\u00e1pida y sencilla, y es compatible con todos los bastones Shark.<\/p>\n<h3>Material del tubo<\/h3>\n<p><img loading=\"lazy\" decoding=\"async\" class=\"\" src=\"https:\/\/res.cloudinary.com\/leki-lenhart-gmbh\/iu\/c_fit,h_1050,w_750\/f_auto\/q_auto\/media\/cb\/91\/d1\/1642586379\/Material_Icon?_a=AAAH2AI\" width=\"122\" height=\"122\" \/><\/p>\n<p class=\"product-headline\"><strong>Aluminio<\/strong><\/p>\n<p>Aluminio HTS (eje tratado t\u00e9rmicamente) 6,5<\/p>\n<h3>Sistema de plegado<\/h3>\n<p><img loading=\"lazy\" decoding=\"async\" class=\"\" src=\"https:\/\/res.cloudinary.com\/leki-lenhart-gmbh\/iu\/c_fit,h_1050,w_750\/f_auto\/q_auto\/media\/07\/b5\/dc\/1642579033\/PB_Icon?_a=AAAH2AI\" width=\"122\" height=\"122\" \/><\/p>\n<p class=\"product-headline\"><strong>Bot\u00f3n<\/strong><\/p>\n<p>El sistema Push Button permite abrir y cerrar r\u00e1pidamente los bastones plegables con solo pulsar un bot\u00f3n.<\/p>\n<h3>Plancha<\/h3>\n<p><img loading=\"lazy\" decoding=\"async\" class=\"\" src=\"https:\/\/res.cloudinary.com\/leki-lenhart-gmbh\/iu\/c_fit,h_1050,w_750\/f_auto\/q_auto\/media\/5b\/2d\/9a\/1645612654\/Nordic%20Teller_Icon?_a=AAAH2AI\" width=\"121\" height=\"121\" \/><\/p>\n<p class=\"product-headline\"><strong>Placa Nordic<\/strong><\/p>\n<p>Placa compacta para marcha n\u00f3rdica. Evita que el pie se hunda en terrenos h\u00famedos y se puede cambiar f\u00e1cilmente a mano.<\/p>\n<h3>Inicio<\/h3>\n<p><img loading=\"lazy\" decoding=\"async\" class=\"\" src=\"https:\/\/res.cloudinary.com\/leki-lenhart-gmbh\/iu\/c_fit,h_1050,w_750\/f_auto\/q_auto\/media\/47\/db\/81\/1647001478\/Flex%20Tip_Icon?_a=AAAH2AI\" width=\"120\" height=\"120\" \/><\/p>\n<p class=\"product-headline\"><strong>Flex Tip<\/strong><\/p>\n<p>Punta resistente para un uso preciso del bast\u00f3n y un agarre perfecto en casi cualquier tipo de terreno.<\/p>\n<h3>Bolso portaobjetos<\/h3>\n<p><img loading=\"lazy\" decoding=\"async\" class=\"\" src=\"https:\/\/res.cloudinary.com\/leki-lenhart-gmbh\/iu\/c_fit,h_1050,w_750\/f_auto\/q_auto\/media\/05\/dd\/d1\/1648716329\/Foldingpole%20Bag_Icon?_a=AAAH2AI\" width=\"119\" height=\"119\" \/><\/p>\n<p class=\"product-headline\"><strong>Bolsa para bastones plegables<\/strong><\/p>\n<p>Pr\u00e1ctica bolsa ultraligera para guardar los bastones plegables.<\/p>\n<h3><\/h3>\n<h3>Caracter\u00edsticas:<\/h3>\n<table class=\"table product-detail-properties-table\">\n<tbody>\n<tr class=\"properties-row\">\n<th class=\"properties-label\">Actividades:<\/th>\n<td class=\"properties-value\">Carrera de monta\u00f1a, marcha n\u00f3rdica<\/td>\n<\/tr>\n<tr class=\"properties-row\">\n<th class=\"properties-label\">Edad:<\/th>\n<td class=\"properties-value\">Adultos<\/td>\n<\/tr>\n<tr class=\"properties-row\">\n<th class=\"properties-label\">G\u00e9nero:<\/th>\n<td class=\"properties-value\">Unisex<\/td>\n<\/tr>\n<tr class=\"properties-row\">\n<th class=\"properties-label\">Sizerun:<\/th>\n<td class=\"properties-value\">110 &#8211; 130 cm (en intervalos de 5 cm)<\/td>\n<\/tr>\n<tr class=\"properties-row\">\n<th class=\"properties-label\">Construcci\u00f3n:<\/th>\n<td class=\"properties-value\">Longitud fija | Plegable<\/td>\n<\/tr>\n<tr class=\"properties-row\">\n<th class=\"properties-label\">Dimensiones del embalaje:<\/th>\n<td class=\"properties-value\">35 cm<\/td>\n<\/tr>\n<tr class=\"properties-row\">\n<th class=\"properties-label\">Peso:<\/th>\n<td class=\"properties-value\">234 g<\/td>\n<\/tr>\n<tr class=\"properties-row\">\n<th class=\"properties-label\">Segmentos:<\/th>\n<td class=\"properties-value\">4<\/td>\n<\/tr>\n<tr class=\"properties-row\">\n<th class=\"properties-label\">Di\u00e1metro:<\/th>\n<td class=\"properties-value\">16 \u00d7 14 \u00d7 14 \u00d7 14 mm<\/td>\n<\/tr>\n<tr class=\"properties-row\">\n<th class=\"properties-label\">Sistema de agarre:<\/th>\n<td class=\"properties-value\">Sistema Shark<\/td>\n<\/tr>\n<tr class=\"properties-row\">\n<th class=\"properties-label\">Geometr\u00eda del tubo:<\/th>\n<td class=\"properties-value\">Sin doblez<\/td>\n<\/tr>\n<tr class=\"properties-row\">\n<th class=\"properties-label\">Forma del tubo:<\/th>\n<td class=\"properties-value\">Cil\u00edndrica<\/td>\n<\/tr>\n<tr class=\"properties-row\">\n<th class=\"properties-label\">Empu\u00f1adura:<\/th>\n<td class=\"properties-value\">Tibur\u00f3n 2.0<\/td>\n<\/tr>\n<tr class=\"properties-row\">\n<th class=\"properties-label\">Lacciolo:<\/th>\n<td class=\"properties-value\">Correa de malla Shark Frame<\/td>\n<\/tr>\n<tr class=\"properties-row\">\n<th class=\"properties-label\">Material del tubo:<\/th>\n<td class=\"properties-value\">Aluminio (HTS 6.5)<\/td>\n<\/tr>\n<tr class=\"properties-row\">\n<th class=\"properties-label\">Parte superior del tubo:<\/th>\n<td class=\"properties-value\">Aluminio<\/td>\n<\/tr>\n<tr class=\"properties-row\">\n<th class=\"properties-label\">Secci\u00f3n central del tubo (1):<\/th>\n<td class=\"properties-value\">Aluminio<\/td>\n<\/tr>\n<tr class=\"properties-row\">\n<th class=\"properties-label\">Secci\u00f3n central del tubo (2):<\/th>\n<td class=\"properties-value\">Aluminio<\/td>\n<\/tr>\n<tr class=\"properties-row\">\n<th class=\"properties-label\">Parte inferior del tubo:<\/th>\n<td class=\"properties-value\">Aluminio<\/td>\n<\/tr>\n<tr class=\"properties-row\">\n<th class=\"properties-label\">Sistema de plegado:<\/th>\n<td class=\"properties-value\">Bot\u00f3n<\/td>\n<\/tr>\n<tr class=\"properties-row\">\n<th class=\"properties-label\">Placa:<\/th>\n<td class=\"properties-value\">N\u00f3rdico<\/td>\n<\/tr>\n<tr class=\"properties-row\">\n<th class=\"properties-label\">Arriba:<\/th>\n<td class=\"properties-value\">Flex Tip<\/td>\n<\/tr>\n<tr class=\"properties-row\">\n<th class=\"properties-label\">Bolsa portaobjetos:<\/th>\n<td class=\"properties-value\">Funda para bast\u00f3n plegable<\/td>\n<\/tr>\n<\/tbody>\n<\/table>\n","protected":false},"excerpt":{"rendered":"<p>Evotrail FX.One TA es un bast\u00f3n de trail running estable para todo tipo de necesidades. Destaca por sus numerosos detalles. La varilla de aluminio de alta resistencia cuenta con un mango de corcho y el Trigger Shark 2.0. Esto permite enganchar y desenganchar r\u00e1pidamente la correa del bast\u00f3n. La correa Trigger Shark mantiene la mano &hellip; <a href=\"https:\/\/www.miomiorun.com\/es\/producto\/leki-evotrail-fx-one-ta\/\">Continued<\/a><\/p>\n","protected":false},"featured_media":428116,"template":"","meta":{"_acf_changed":false,"inline_featured_image":false},"product_brand":[],"product_cat":[24205,24206],"product_tag":[23595],"class_list":{"0":"post-282698","1":"product","2":"type-product","3":"status-publish","4":"has-post-thumbnail","6":"product_cat-accesorios","7":"product_cat-bastones","8":"product_tag-leki-es","9":"pa_attivita-outdoor-es","10":"pa_attivita-trail-es","11":"pa_marca-leki-es","12":"pa_misura-115-cm-es","13":"pa_misura-120-cm-es","14":"pa_misura-125-cm-es","15":"pa_misura-130-cm-es","16":"pa_sesso-hombre","17":"pa_sesso-mujer","19":"first","20":"instock","21":"sale","22":"taxable","23":"shipping-taxable","24":"purchasable","25":"product-type-variable","26":"wvs-archive-product-wrapper"},"acf":[],"yoast_head":"<!-- This site is optimized with the Yoast SEO plugin v26.8 - https:\/\/yoast.com\/product\/yoast-seo-wordpress\/ -->\n<title>Leki Evotrail FX.One TA - bast\u00f3n para correr - MioMioRun.com<\/title>\n<meta name=\"description\" content=\"El Evotrail FX.One TA es un bast\u00f3n de trail running estable para todo tipo de necesidades. Destaca por sus numerosos detalles.\" \/>\n<meta name=\"robots\" content=\"index, follow, max-snippet:-1, max-image-preview:large, max-video-preview:-1\" \/>\n<link rel=\"canonical\" href=\"https:\/\/www.miomiorun.com\/es\/producto\/leki-evotrail-fx-one-ta\/\" \/>\n<meta property=\"og:locale\" content=\"es_ES\" \/>\n<meta property=\"og:type\" content=\"article\" \/>\n<meta property=\"og:title\" content=\"Leki Evotrail FX.One TA - bast\u00f3n para correr - MioMioRun.com\" \/>\n<meta property=\"og:description\" content=\"El Evotrail FX.One TA es un bast\u00f3n de trail running estable para todo tipo de necesidades. Destaca por sus numerosos detalles.\" \/>\n<meta property=\"og:url\" content=\"https:\/\/www.miomiorun.com\/es\/producto\/leki-evotrail-fx-one-ta\/\" \/>\n<meta property=\"og:site_name\" content=\"MioMioRun\" \/>\n<meta property=\"article:publisher\" content=\"https:\/\/www.facebook.com\/miomiorun\/\" \/>\n<meta property=\"article:modified_time\" content=\"2026-05-08T19:26:07+00:00\" \/>\n<meta property=\"og:image\" content=\"https:\/\/www.miomiorun.com\/app\/uploads\/2026\/04\/leki-Evotrail-FX.ONE-TA-black-dark-anthracite-65625751-alta.webp\" \/>\n\t<meta property=\"og:image:width\" content=\"720\" \/>\n\t<meta property=\"og:image:height\" content=\"720\" \/>\n\t<meta property=\"og:image:type\" content=\"image\/webp\" \/>\n<meta name=\"twitter:card\" content=\"summary_large_image\" \/>\n<meta name=\"twitter:label1\" content=\"Est. reading time\" \/>\n\t<meta name=\"twitter:data1\" content=\"2 minutes\" \/>\n<script type=\"application\/ld+json\" class=\"yoast-schema-graph\">{\"@context\":\"https:\/\/schema.org\",\"@graph\":[{\"@type\":\"WebPage\",\"@id\":\"https:\/\/www.miomiorun.com\/es\/producto\/leki-evotrail-fx-one-ta\/\",\"url\":\"https:\/\/www.miomiorun.com\/es\/producto\/leki-evotrail-fx-one-ta\/\",\"name\":\"Leki Evotrail FX.One TA - bast\u00f3n para correr - MioMioRun.com\",\"isPartOf\":{\"@id\":\"https:\/\/www.miomiorun.com\/es\/#website\"},\"primaryImageOfPage\":{\"@id\":\"https:\/\/www.miomiorun.com\/es\/producto\/leki-evotrail-fx-one-ta\/#primaryimage\"},\"image\":{\"@id\":\"https:\/\/www.miomiorun.com\/es\/producto\/leki-evotrail-fx-one-ta\/#primaryimage\"},\"thumbnailUrl\":\"https:\/\/www.miomiorun.com\/app\/uploads\/2026\/04\/leki-Evotrail-FX.ONE-TA-black-dark-anthracite-65625751-alta.webp\",\"datePublished\":\"2022-04-19T14:45:41+00:00\",\"dateModified\":\"2026-05-08T19:26:07+00:00\",\"description\":\"El Evotrail FX.One TA es un bast\u00f3n de trail running estable para todo tipo de necesidades. Destaca por sus numerosos detalles.\",\"breadcrumb\":{\"@id\":\"https:\/\/www.miomiorun.com\/es\/producto\/leki-evotrail-fx-one-ta\/#breadcrumb\"},\"inLanguage\":\"es-ES\",\"potentialAction\":[{\"@type\":\"ReadAction\",\"target\":[\"https:\/\/www.miomiorun.com\/es\/producto\/leki-evotrail-fx-one-ta\/\"]}]},{\"@type\":\"ImageObject\",\"inLanguage\":\"es-ES\",\"@id\":\"https:\/\/www.miomiorun.com\/es\/producto\/leki-evotrail-fx-one-ta\/#primaryimage\",\"url\":\"https:\/\/www.miomiorun.com\/app\/uploads\/2026\/04\/leki-Evotrail-FX.ONE-TA-black-dark-anthracite-65625751-alta.webp\",\"contentUrl\":\"https:\/\/www.miomiorun.com\/app\/uploads\/2026\/04\/leki-Evotrail-FX.ONE-TA-black-dark-anthracite-65625751-alta.webp\",\"width\":720,\"height\":720,\"caption\":\"leki Evotrail FX.ONE TA black dark anthracite 65625751 alta\"},{\"@type\":\"BreadcrumbList\",\"@id\":\"https:\/\/www.miomiorun.com\/es\/producto\/leki-evotrail-fx-one-ta\/#breadcrumb\",\"itemListElement\":[{\"@type\":\"ListItem\",\"position\":1,\"name\":\"Home\",\"item\":\"https:\/\/www.miomiorun.com\/es\/\"},{\"@type\":\"ListItem\",\"position\":2,\"name\":\"Shop\",\"item\":\"https:\/\/www.miomiorun.com\/shop\/\"},{\"@type\":\"ListItem\",\"position\":3,\"name\":\"Evotrail FX.One TA\"}]},{\"@type\":\"WebSite\",\"@id\":\"https:\/\/www.miomiorun.com\/es\/#website\",\"url\":\"https:\/\/www.miomiorun.com\/es\/\",\"name\":\"MioMioRun\",\"description\":\"Tienda 100% running y trail\",\"publisher\":{\"@id\":\"https:\/\/www.miomiorun.com\/es\/#organization\"},\"potentialAction\":[{\"@type\":\"SearchAction\",\"target\":{\"@type\":\"EntryPoint\",\"urlTemplate\":\"https:\/\/www.miomiorun.com\/es\/?s={search_term_string}\"},\"query-input\":{\"@type\":\"PropertyValueSpecification\",\"valueRequired\":true,\"valueName\":\"search_term_string\"}}],\"inLanguage\":\"es-ES\"},{\"@type\":\"Organization\",\"@id\":\"https:\/\/www.miomiorun.com\/es\/#organization\",\"name\":\"MioMio Run\",\"url\":\"https:\/\/www.miomiorun.com\/es\/\",\"logo\":{\"@type\":\"ImageObject\",\"inLanguage\":\"es-ES\",\"@id\":\"https:\/\/www.miomiorun.com\/es\/#\/schema\/logo\/image\/\",\"url\":\"https:\/\/www.miomiorun.com\/app\/uploads\/2019\/12\/logomio.png\",\"contentUrl\":\"https:\/\/www.miomiorun.com\/app\/uploads\/2019\/12\/logomio.png\",\"width\":115,\"height\":82,\"caption\":\"MioMio Run\"},\"image\":{\"@id\":\"https:\/\/www.miomiorun.com\/es\/#\/schema\/logo\/image\/\"},\"sameAs\":[\"https:\/\/www.facebook.com\/miomiorun\/\",\"https:\/\/www.instagram.com\/miomiorun\/\"]}]}<\/script>\n<!-- \/ Yoast SEO plugin. -->","yoast_head_json":{"title":"Leki Evotrail FX.One TA - bast\u00f3n para correr - MioMioRun.com","description":"El Evotrail FX.One TA es un bast\u00f3n de trail running estable para todo tipo de necesidades. Destaca por sus numerosos detalles.","robots":{"index":"index","follow":"follow","max-snippet":"max-snippet:-1","max-image-preview":"max-image-preview:large","max-video-preview":"max-video-preview:-1"},"canonical":"https:\/\/www.miomiorun.com\/es\/producto\/leki-evotrail-fx-one-ta\/","og_locale":"es_ES","og_type":"article","og_title":"Leki Evotrail FX.One TA - bast\u00f3n para correr - MioMioRun.com","og_description":"El Evotrail FX.One TA es un bast\u00f3n de trail running estable para todo tipo de necesidades. Destaca por sus numerosos detalles.","og_url":"https:\/\/www.miomiorun.com\/es\/producto\/leki-evotrail-fx-one-ta\/","og_site_name":"MioMioRun","article_publisher":"https:\/\/www.facebook.com\/miomiorun\/","article_modified_time":"2026-05-08T19:26:07+00:00","og_image":[{"width":720,"height":720,"url":"https:\/\/www.miomiorun.com\/app\/uploads\/2026\/04\/leki-Evotrail-FX.ONE-TA-black-dark-anthracite-65625751-alta.webp","type":"image\/webp"}],"twitter_card":"summary_large_image","twitter_misc":{"Est. reading time":"2 minutes"},"schema":{"@context":"https:\/\/schema.org","@graph":[{"@type":"WebPage","@id":"https:\/\/www.miomiorun.com\/es\/producto\/leki-evotrail-fx-one-ta\/","url":"https:\/\/www.miomiorun.com\/es\/producto\/leki-evotrail-fx-one-ta\/","name":"Leki Evotrail FX.One TA - bast\u00f3n para correr - MioMioRun.com","isPartOf":{"@id":"https:\/\/www.miomiorun.com\/es\/#website"},"primaryImageOfPage":{"@id":"https:\/\/www.miomiorun.com\/es\/producto\/leki-evotrail-fx-one-ta\/#primaryimage"},"image":{"@id":"https:\/\/www.miomiorun.com\/es\/producto\/leki-evotrail-fx-one-ta\/#primaryimage"},"thumbnailUrl":"https:\/\/www.miomiorun.com\/app\/uploads\/2026\/04\/leki-Evotrail-FX.ONE-TA-black-dark-anthracite-65625751-alta.webp","datePublished":"2022-04-19T14:45:41+00:00","dateModified":"2026-05-08T19:26:07+00:00","description":"El Evotrail FX.One TA es un bast\u00f3n de trail running estable para todo tipo de necesidades. Destaca por sus numerosos detalles.","breadcrumb":{"@id":"https:\/\/www.miomiorun.com\/es\/producto\/leki-evotrail-fx-one-ta\/#breadcrumb"},"inLanguage":"es-ES","potentialAction":[{"@type":"ReadAction","target":["https:\/\/www.miomiorun.com\/es\/producto\/leki-evotrail-fx-one-ta\/"]}]},{"@type":"ImageObject","inLanguage":"es-ES","@id":"https:\/\/www.miomiorun.com\/es\/producto\/leki-evotrail-fx-one-ta\/#primaryimage","url":"https:\/\/www.miomiorun.com\/app\/uploads\/2026\/04\/leki-Evotrail-FX.ONE-TA-black-dark-anthracite-65625751-alta.webp","contentUrl":"https:\/\/www.miomiorun.com\/app\/uploads\/2026\/04\/leki-Evotrail-FX.ONE-TA-black-dark-anthracite-65625751-alta.webp","width":720,"height":720,"caption":"leki Evotrail FX.ONE TA black dark anthracite 65625751 alta"},{"@type":"BreadcrumbList","@id":"https:\/\/www.miomiorun.com\/es\/producto\/leki-evotrail-fx-one-ta\/#breadcrumb","itemListElement":[{"@type":"ListItem","position":1,"name":"Home","item":"https:\/\/www.miomiorun.com\/es\/"},{"@type":"ListItem","position":2,"name":"Shop","item":"https:\/\/www.miomiorun.com\/shop\/"},{"@type":"ListItem","position":3,"name":"Evotrail FX.One TA"}]},{"@type":"WebSite","@id":"https:\/\/www.miomiorun.com\/es\/#website","url":"https:\/\/www.miomiorun.com\/es\/","name":"MioMioRun","description":"Tienda 100% running y trail","publisher":{"@id":"https:\/\/www.miomiorun.com\/es\/#organization"},"potentialAction":[{"@type":"SearchAction","target":{"@type":"EntryPoint","urlTemplate":"https:\/\/www.miomiorun.com\/es\/?s={search_term_string}"},"query-input":{"@type":"PropertyValueSpecification","valueRequired":true,"valueName":"search_term_string"}}],"inLanguage":"es-ES"},{"@type":"Organization","@id":"https:\/\/www.miomiorun.com\/es\/#organization","name":"MioMio Run","url":"https:\/\/www.miomiorun.com\/es\/","logo":{"@type":"ImageObject","inLanguage":"es-ES","@id":"https:\/\/www.miomiorun.com\/es\/#\/schema\/logo\/image\/","url":"https:\/\/www.miomiorun.com\/app\/uploads\/2019\/12\/logomio.png","contentUrl":"https:\/\/www.miomiorun.com\/app\/uploads\/2019\/12\/logomio.png","width":115,"height":82,"caption":"MioMio Run"},"image":{"@id":"https:\/\/www.miomiorun.com\/es\/#\/schema\/logo\/image\/"},"sameAs":["https:\/\/www.facebook.com\/miomiorun\/","https:\/\/www.instagram.com\/miomiorun\/"]}]}},"_links":{"self":[{"href":"https:\/\/www.miomiorun.com\/es\/wp-json\/wp\/v2\/product\/282698","targetHints":{"allow":["GET"]}}],"collection":[{"href":"https:\/\/www.miomiorun.com\/es\/wp-json\/wp\/v2\/product"}],"about":[{"href":"https:\/\/www.miomiorun.com\/es\/wp-json\/wp\/v2\/types\/product"}],"wp:featuredmedia":[{"embeddable":true,"href":"https:\/\/www.miomiorun.com\/es\/wp-json\/wp\/v2\/media\/428116"}],"wp:attachment":[{"href":"https:\/\/www.miomiorun.com\/es\/wp-json\/wp\/v2\/media?parent=282698"}],"wp:term":[{"taxonomy":"product_brand","embeddable":true,"href":"https:\/\/www.miomiorun.com\/es\/wp-json\/wp\/v2\/product_brand?post=282698"},{"taxonomy":"product_cat","embeddable":true,"href":"https:\/\/www.miomiorun.com\/es\/wp-json\/wp\/v2\/product_cat?post=282698"},{"taxonomy":"product_tag","embeddable":true,"href":"https:\/\/www.miomiorun.com\/es\/wp-json\/wp\/v2\/product_tag?post=282698"}],"curies":[{"name":"wp","href":"https:\/\/api.w.org\/{rel}","templated":true}]}}