{"id":282667,"date":"2022-04-19T18:35:46","date_gmt":"2022-04-19T16:35:46","guid":{"rendered":"https:\/\/miomiorun.com\/prodotto\/leki-ultratrail-fx-one\/"},"modified":"2026-05-08T21:26:02","modified_gmt":"2026-05-08T19:26:02","slug":"leki-ultratrail-fx-one","status":"publish","type":"product","link":"https:\/\/www.miomiorun.com\/es\/producto\/leki-ultratrail-fx-one\/","title":{"rendered":"Ultratrail FX. One"},"content":{"rendered":"<p>Secci\u00f3n central del tubo (2): Carbono. Parte inferior del tubo: Carbono. Sistema de plegado: Push-Button. Placa: Trail Running Teller. Extremo superior: Trail Running Tip. Bolsa de transporte: Faltstocktasche.<\/p>\n<p>&nbsp;<\/p>\n<div class=\"row\">\n<div class=\"col-sm-12 clickbox\">\n<div class=\"row\">\n<div class=\"col-sm-7 clickbox\">\n<div class=\"row\">\n<div class=\"col-sm-12 clickbox\">\n<div class=\"height-1\">\n<div class=\"neom-emotion-element only-text no-title\"><\/div>\n<\/div>\n<\/div>\n<\/div>\n<\/div>\n<\/div>\n<\/div>\n<\/div>\n<div class=\"emotion-sorter\">\n<div id=\"\" class=\"emotion\">\n<div class=\"row\">\n<div class=\"col-sm-12 clickbox\">\n<div class=\"row\">\n<div class=\"col-sm-7 clickbox\">\n<div class=\"row\">\n<div class=\"col-sm-12 clickbox\">\n<div class=\"height-1\">\n<div class=\"neom-emotion-element only-text title\">\n<p>\u00a1El Ultratrail FX.One es un compa\u00f1ero indispensable para tu pr\u00f3xima carrera de trail running! Est\u00e1 equipado con el nuevo <strong>Trail Shark,<\/strong> el primer sistema de asa y cord\u00f3n dise\u00f1ado para el trail running. Los nuevos canales de ventilaci\u00f3n permiten reducir el peso del mango en un 30 % en comparaci\u00f3n con el ya conocido sistema Shark. La malla de la correa Shark Frame Strap se ajusta y transmite la fuerza hacia el centro del bast\u00f3n. La forma c\u00f3nica de la punta del Shark permite enganchar la hebilla con los ojos cerrados. Una protuberancia adicional en el mango alargado ofrece m\u00e1s opciones de agarre. Con un tama\u00f1o embalado de 36 cm, un peso de 182 g y una longitud de 120 cm, te acompa\u00f1a kil\u00f3metro tras kil\u00f3metro.<\/p>\n<h3>Sistema de asas<\/h3>\n<p><img loading=\"lazy\" decoding=\"async\" class=\"\" src=\"https:\/\/res.cloudinary.com\/leki-lenhart-gmbh\/iu\/c_fit,h_1050,w_750\/f_auto\/q_auto\/media\/0b\/33\/57\/1645628634\/Shark%20System_Icon?_a=AAAH2AI\" width=\"144\" height=\"144\" \/><\/p>\n<p><img loading=\"lazy\" decoding=\"async\" class=\"\" src=\"https:\/\/res.cloudinary.com\/leki-lenhart-gmbh\/iu\/c_fit,h_1050,w_750\/f_auto\/q_auto\/media\/d7\/57\/d9\/1643288579\/Shark%20System%20Schwarz_Logo?_a=AAAH2AI\" width=\"256\" height=\"15\" \/><\/p>\n<p>El <strong>sistema Shark<\/strong> ofrece una transmisi\u00f3n \u00f3ptima de la fuerza, ya que conecta la mano directamente con el bast\u00f3n. Permite enganchar y desenganchar r\u00e1pidamente la empu\u00f1adura. Todas las correas y guantes Shark son compatibles con los bastones Shark.<\/p>\n<h3>Asa<\/h3>\n<p><img loading=\"lazy\" decoding=\"async\" class=\"\" src=\"https:\/\/res.cloudinary.com\/leki-lenhart-gmbh\/iu\/c_fit,h_1050,w_750\/f_auto\/q_auto\/media\/61\/15\/9a\/1642580354\/Trail%20Shark_Icon?_a=AAAH2AI\" width=\"122\" height=\"122\" \/><\/p>\n<p class=\"product-headline\"><strong>Trail Shark<\/strong><\/p>\n<p>Este mango, dise\u00f1ado espec\u00edficamente para el trail running, combina un peso muy ligero con la m\u00e1xima estabilidad gracias a su estructura Air Channel. El sistema Shark permite acoplar y desacoplar r\u00e1pidamente el mango con un simple clic.<\/p>\n<h3>Correa<\/h3>\n<p><img loading=\"lazy\" decoding=\"async\" class=\"\" src=\"https:\/\/res.cloudinary.com\/leki-lenhart-gmbh\/iu\/c_fit,h_1050,w_750\/f_auto\/q_auto\/media\/f8\/78\/22\/1643642465\/Shark%20Frame%20Strap_Icon?_a=AAAH2AI\" width=\"120\" height=\"120\" \/><\/p>\n<p class=\"product-headline\"><strong>Correa de malla Shark Frame<\/strong><\/p>\n<p>Correa infinitamente ajustable, regulable individualmente. Permite acoplar y desacoplar el bast\u00f3n de forma r\u00e1pida y sencilla, y es compatible con todos los bastones Shark.<\/p>\n<h3>Extensi\u00f3n del tirador<\/h3>\n<p><img loading=\"lazy\" decoding=\"async\" class=\"\" src=\"https:\/\/res.cloudinary.com\/leki-lenhart-gmbh\/iu\/c_fit,h_1050,w_750\/f_auto\/q_auto\/media\/b3\/g0\/3b\/1648716296\/Grip%20Extension_Icon?_a=AAAH2AI\" width=\"120\" height=\"120\" \/><\/p>\n<div class=\"col-7 col-lg-6 product-highlight-content-container\">\n<div class=\"product-highlight-headline\">\n<p class=\"product-headline\"><strong>Extensi\u00f3n del tirador<\/strong><\/p>\n<\/div>\n<div class=\"product-highlight-content\">\n<p>Extensi\u00f3n del mango para un agarre m\u00e1s c\u00f3modo en terrenos escarpados o laderas.<\/p>\n<\/div>\n<\/div>\n<h3>Material del tubo<\/h3>\n<p><img loading=\"lazy\" decoding=\"async\" class=\"\" src=\"https:\/\/res.cloudinary.com\/leki-lenhart-gmbh\/iu\/c_fit,h_1050,w_750\/f_auto\/q_auto\/media\/cb\/91\/d1\/1642586379\/Material_Icon?_a=AAAH2AI\" width=\"122\" height=\"122\" \/><\/p>\n<div class=\"col-7 col-lg-6 product-highlight-content-container\">\n<div class=\"product-highlight-headline\">\n<p class=\"product-headline\"><strong>Carbono<\/strong><\/p>\n<\/div>\n<div class=\"product-highlight-content\">\n<p>Carbone HRC (carbono de competici\u00f3n de m\u00e1xima calidad)<\/p>\n<h3>Placa<\/h3>\n<p><img loading=\"lazy\" decoding=\"async\" class=\"\" src=\"https:\/\/res.cloudinary.com\/leki-lenhart-gmbh\/iu\/c_fit,h_1050,w_750\/f_auto\/q_auto\/media\/30\/f6\/c9\/1645612656\/Trail%20Running%20Teller_Icon?_a=AAAH2AI\" width=\"120\" height=\"120\" \/><\/p>\n<div class=\"col-7 col-lg-6 product-highlight-content-container\">\n<div class=\"product-highlight-headline\">\n<p class=\"product-headline\"><strong>Ruta de la placa de trail running<\/strong><\/p>\n<\/div>\n<div class=\"product-highlight-content\">\n<p>Placa minimalista ultraligera.<\/p>\n<\/div>\n<\/div>\n<\/div>\n<\/div>\n<h3>Sistema de plegado<\/h3>\n<p><img loading=\"lazy\" decoding=\"async\" class=\"\" src=\"https:\/\/res.cloudinary.com\/leki-lenhart-gmbh\/iu\/c_fit,h_1050,w_750\/f_auto\/q_auto\/media\/07\/b5\/dc\/1642579033\/PB_Icon?_a=AAAH2AI\" width=\"122\" height=\"122\" \/><\/p>\n<p class=\"product-headline\"><strong>Bot\u00f3n<\/strong><\/p>\n<p>El sistema Push Button permite abrir y cerrar r\u00e1pidamente los bastones plegables con solo pulsar un bot\u00f3n.<\/p>\n<h3>Inicio<\/h3>\n<p><img loading=\"lazy\" decoding=\"async\" class=\"\" src=\"https:\/\/res.cloudinary.com\/leki-lenhart-gmbh\/iu\/c_fit,h_1050,w_750\/f_auto\/q_auto\/media\/20\/e1\/81\/1637918587\/Trail%20Tip_Icon?_a=AAAH2AI\" width=\"120\" height=\"120\" \/><\/p>\n<p class=\"product-headline\"><strong>Consejo para la ruta<\/strong><\/p>\n<p>Punta resistente para un manejo preciso del bast\u00f3n y un agarre perfecto en casi cualquier tipo de terreno.<\/p>\n<h3>Bolsa de almacenamiento<\/h3>\n<p><img loading=\"lazy\" decoding=\"async\" class=\"\" src=\"https:\/\/res.cloudinary.com\/leki-lenhart-gmbh\/iu\/c_fit,h_1050,w_750\/f_auto\/q_auto\/media\/05\/dd\/d1\/1648716329\/Foldingpole%20Bag_Icon?_a=AAAH2AI\" width=\"119\" height=\"119\" \/><\/p>\n<p class=\"product-headline\"><strong>Bolsa para bastones plegables<\/strong><\/p>\n<p>Bolsa ultraligera y pr\u00e1ctica para guardar los bastones plegables.<\/p>\n<h2 class=\"headline-beta\">Caracter\u00edsticas:<\/h2>\n<table class=\"table product-detail-properties-table\">\n<tbody>\n<tr class=\"properties-row\">\n<th class=\"properties-label\">Actividad:<\/th>\n<td class=\"properties-value\">Carrera de monta\u00f1a<\/td>\n<\/tr>\n<tr class=\"properties-row\">\n<th class=\"properties-label\">Edad recomendada:<\/th>\n<td class=\"properties-value\">Adultos<\/td>\n<\/tr>\n<tr class=\"properties-row\">\n<th class=\"properties-label\">G\u00e9nero:<\/th>\n<td class=\"properties-value\">Unisex<\/td>\n<\/tr>\n<tr class=\"properties-row\">\n<th class=\"properties-label\">Sizerun :<\/th>\n<td class=\"properties-value\">105 &#8211; 135 cm (en intervalos de 5 cm)<\/td>\n<\/tr>\n<tr class=\"properties-row\">\n<th class=\"properties-label\">Construcci\u00f3n:<\/th>\n<td class=\"properties-value\">Longitud fija | Plegable<\/td>\n<\/tr>\n<tr class=\"properties-row\">\n<th class=\"properties-label\">Dimensiones del embalaje:<\/th>\n<td class=\"properties-value\">36 cm<\/td>\n<\/tr>\n<tr class=\"properties-row\">\n<th class=\"properties-label\">Peso:<\/th>\n<td class=\"properties-value\">182 g<\/td>\n<\/tr>\n<tr class=\"properties-row\">\n<th class=\"properties-label\">Sectores:<\/th>\n<td class=\"properties-value\">4<\/td>\n<\/tr>\n<tr class=\"properties-row\">\n<th class=\"properties-label\">Di\u00e1metro:<\/th>\n<td class=\"properties-value\">16 \u00d7 14 \u00d7 14 \u00d7 14 mm<\/td>\n<\/tr>\n<tr class=\"properties-row\">\n<th class=\"properties-label\">Sistema de asas:<\/th>\n<td class=\"properties-value\">Sistema Shark<\/td>\n<\/tr>\n<tr class=\"properties-row\">\n<th class=\"properties-label\">Geometr\u00eda del tubo:<\/th>\n<td class=\"properties-value\">Sin doblez<\/td>\n<\/tr>\n<tr class=\"properties-row\">\n<th class=\"properties-label\">Forma del tubo:<\/th>\n<td class=\"properties-value\">Cil\u00edndrico<\/td>\n<\/tr>\n<tr class=\"properties-row\">\n<th class=\"properties-label\">Asa:<\/th>\n<td class=\"properties-value\">Tibur\u00f3n de los senderos<\/td>\n<\/tr>\n<tr class=\"properties-row\">\n<th class=\"properties-label\">Correa:<\/th>\n<td class=\"properties-value\">Correa de malla Shark Frame<\/td>\n<\/tr>\n<tr class=\"properties-row\">\n<th class=\"properties-label\">Extensi\u00f3n del mango:<\/th>\n<td class=\"properties-value\">Espuma 1K<\/td>\n<\/tr>\n<tr class=\"properties-row\">\n<th class=\"properties-label\">Material del tubo:<\/th>\n<td class=\"properties-value\">Carbono (HRC)<\/td>\n<\/tr>\n<tr class=\"properties-row\">\n<th class=\"properties-label\">Parte superior del tubo:<\/th>\n<td class=\"properties-value\">Carbono<\/td>\n<\/tr>\n<tr class=\"properties-row\">\n<th class=\"properties-label\">Secci\u00f3n central del tubo (1):<\/th>\n<td class=\"properties-value\">Carbono<\/td>\n<\/tr>\n<\/tbody>\n<\/table>\n<\/div>\n<\/div>\n<\/div>\n<\/div>\n<\/div>\n<\/div>\n<\/div>\n<\/div>\n<\/div>\n<\/div>\n","protected":false},"excerpt":{"rendered":"<p>Secci\u00f3n central del tubo (2): Carbono. Parte inferior del tubo: Carbono. Sistema de plegado: Push-Button. Placa: Trail Running Teller. Extremo superior: Trail Running Tip. Bolsa de transporte: Faltstocktasche. &nbsp; \u00a1El Ultratrail FX.One es un compa\u00f1ero indispensable para tu pr\u00f3xima carrera de trail running! Est\u00e1 equipado con el nuevo Trail Shark, el primer sistema de asa &hellip; <a href=\"https:\/\/www.miomiorun.com\/es\/producto\/leki-ultratrail-fx-one\/\">Continued<\/a><\/p>\n","protected":false},"featured_media":236212,"template":"","meta":{"_acf_changed":false,"inline_featured_image":false},"product_brand":[],"product_cat":[24205,24206],"product_tag":[23595],"class_list":{"0":"post-282667","1":"product","2":"type-product","3":"status-publish","4":"has-post-thumbnail","6":"product_cat-accesorios","7":"product_cat-bastones","8":"product_tag-leki-es","9":"pa_attivita-outdoor-es","10":"pa_attivita-trail-es","11":"pa_colore-ultratrail-fx-one-bright-red-violet-neon","12":"pa_colore-ultratrail-fx-one-neonpink-es","13":"pa_colore-ultratrail-fx-one-red-es","14":"pa_marca-leki-es","15":"pa_misura-105-cm-es","16":"pa_misura-110-cm-es","17":"pa_misura-115-cm-es","18":"pa_misura-120-cm-es","19":"pa_misura-125-cm-es","20":"pa_misura-130-cm-es","21":"pa_sesso-hombre","22":"pa_sesso-mujer","24":"first","25":"instock","26":"sale","27":"taxable","28":"shipping-taxable","29":"purchasable","30":"product-type-variable","31":"wvs-archive-product-wrapper"},"acf":[],"yoast_head":"<!-- This site is optimized with the Yoast SEO plugin v26.8 - https:\/\/yoast.com\/product\/yoast-seo-wordpress\/ -->\n<title>Leki Ultratrail FX. One - bast\u00f3n para correr- MioMioRun.com<\/title>\n<meta name=\"description\" content=\"\u00a1Las Ultratrail FX.One son unas zapatillas imprescindibles para tu pr\u00f3xima carrera de trail! Cuentan con la nueva suela Trail Shark.\" \/>\n<meta name=\"robots\" content=\"index, follow, max-snippet:-1, max-image-preview:large, max-video-preview:-1\" \/>\n<link rel=\"canonical\" href=\"https:\/\/www.miomiorun.com\/es\/producto\/leki-ultratrail-fx-one\/\" \/>\n<meta property=\"og:locale\" content=\"es_ES\" \/>\n<meta property=\"og:type\" content=\"article\" \/>\n<meta property=\"og:title\" content=\"Leki Ultratrail FX. One - bast\u00f3n para correr- MioMioRun.com\" \/>\n<meta property=\"og:description\" content=\"\u00a1Las Ultratrail FX.One son unas zapatillas imprescindibles para tu pr\u00f3xima carrera de trail! Cuentan con la nueva suela Trail Shark.\" \/>\n<meta property=\"og:url\" content=\"https:\/\/www.miomiorun.com\/es\/producto\/leki-ultratrail-fx-one\/\" \/>\n<meta property=\"og:site_name\" content=\"MioMioRun\" \/>\n<meta property=\"article:publisher\" content=\"https:\/\/www.facebook.com\/miomiorun\/\" \/>\n<meta property=\"article:modified_time\" content=\"2026-05-08T19:26:02+00:00\" \/>\n<meta property=\"og:image\" content=\"https:\/\/www.miomiorun.com\/app\/uploads\/2022\/04\/leki-ultratrail-FX.one-65225851.jpg\" \/>\n\t<meta property=\"og:image:width\" content=\"600\" \/>\n\t<meta property=\"og:image:height\" content=\"600\" \/>\n\t<meta property=\"og:image:type\" content=\"image\/jpeg\" \/>\n<meta name=\"twitter:card\" content=\"summary_large_image\" \/>\n<meta name=\"twitter:label1\" content=\"Est. reading time\" \/>\n\t<meta name=\"twitter:data1\" content=\"2 minutes\" \/>\n<script type=\"application\/ld+json\" class=\"yoast-schema-graph\">{\"@context\":\"https:\/\/schema.org\",\"@graph\":[{\"@type\":\"WebPage\",\"@id\":\"https:\/\/www.miomiorun.com\/es\/producto\/leki-ultratrail-fx-one\/\",\"url\":\"https:\/\/www.miomiorun.com\/es\/producto\/leki-ultratrail-fx-one\/\",\"name\":\"Leki Ultratrail FX. One - bast\u00f3n para correr- MioMioRun.com\",\"isPartOf\":{\"@id\":\"https:\/\/www.miomiorun.com\/es\/#website\"},\"primaryImageOfPage\":{\"@id\":\"https:\/\/www.miomiorun.com\/es\/producto\/leki-ultratrail-fx-one\/#primaryimage\"},\"image\":{\"@id\":\"https:\/\/www.miomiorun.com\/es\/producto\/leki-ultratrail-fx-one\/#primaryimage\"},\"thumbnailUrl\":\"https:\/\/www.miomiorun.com\/app\/uploads\/2022\/04\/leki-ultratrail-FX.one-65225851.jpg\",\"datePublished\":\"2022-04-19T16:35:46+00:00\",\"dateModified\":\"2026-05-08T19:26:02+00:00\",\"description\":\"\u00a1Las Ultratrail FX.One son unas zapatillas imprescindibles para tu pr\u00f3xima carrera de trail! Cuentan con la nueva suela Trail Shark.\",\"breadcrumb\":{\"@id\":\"https:\/\/www.miomiorun.com\/es\/producto\/leki-ultratrail-fx-one\/#breadcrumb\"},\"inLanguage\":\"es-ES\",\"potentialAction\":[{\"@type\":\"ReadAction\",\"target\":[\"https:\/\/www.miomiorun.com\/es\/producto\/leki-ultratrail-fx-one\/\"]}]},{\"@type\":\"ImageObject\",\"inLanguage\":\"es-ES\",\"@id\":\"https:\/\/www.miomiorun.com\/es\/producto\/leki-ultratrail-fx-one\/#primaryimage\",\"url\":\"https:\/\/www.miomiorun.com\/app\/uploads\/2022\/04\/leki-ultratrail-FX.one-65225851.jpg\",\"contentUrl\":\"https:\/\/www.miomiorun.com\/app\/uploads\/2022\/04\/leki-ultratrail-FX.one-65225851.jpg\",\"width\":600,\"height\":600,\"caption\":\"leki-ultratrail-FX.one-65225851\"},{\"@type\":\"BreadcrumbList\",\"@id\":\"https:\/\/www.miomiorun.com\/es\/producto\/leki-ultratrail-fx-one\/#breadcrumb\",\"itemListElement\":[{\"@type\":\"ListItem\",\"position\":1,\"name\":\"Home\",\"item\":\"https:\/\/www.miomiorun.com\/es\/\"},{\"@type\":\"ListItem\",\"position\":2,\"name\":\"Shop\",\"item\":\"https:\/\/www.miomiorun.com\/shop\/\"},{\"@type\":\"ListItem\",\"position\":3,\"name\":\"Ultratrail FX. One\"}]},{\"@type\":\"WebSite\",\"@id\":\"https:\/\/www.miomiorun.com\/es\/#website\",\"url\":\"https:\/\/www.miomiorun.com\/es\/\",\"name\":\"MioMioRun\",\"description\":\"Tienda 100% running y trail\",\"publisher\":{\"@id\":\"https:\/\/www.miomiorun.com\/es\/#organization\"},\"potentialAction\":[{\"@type\":\"SearchAction\",\"target\":{\"@type\":\"EntryPoint\",\"urlTemplate\":\"https:\/\/www.miomiorun.com\/es\/?s={search_term_string}\"},\"query-input\":{\"@type\":\"PropertyValueSpecification\",\"valueRequired\":true,\"valueName\":\"search_term_string\"}}],\"inLanguage\":\"es-ES\"},{\"@type\":\"Organization\",\"@id\":\"https:\/\/www.miomiorun.com\/es\/#organization\",\"name\":\"MioMio Run\",\"url\":\"https:\/\/www.miomiorun.com\/es\/\",\"logo\":{\"@type\":\"ImageObject\",\"inLanguage\":\"es-ES\",\"@id\":\"https:\/\/www.miomiorun.com\/es\/#\/schema\/logo\/image\/\",\"url\":\"https:\/\/www.miomiorun.com\/app\/uploads\/2019\/12\/logomio.png\",\"contentUrl\":\"https:\/\/www.miomiorun.com\/app\/uploads\/2019\/12\/logomio.png\",\"width\":115,\"height\":82,\"caption\":\"MioMio Run\"},\"image\":{\"@id\":\"https:\/\/www.miomiorun.com\/es\/#\/schema\/logo\/image\/\"},\"sameAs\":[\"https:\/\/www.facebook.com\/miomiorun\/\",\"https:\/\/www.instagram.com\/miomiorun\/\"]}]}<\/script>\n<!-- \/ Yoast SEO plugin. -->","yoast_head_json":{"title":"Leki Ultratrail FX. One - bast\u00f3n para correr- MioMioRun.com","description":"\u00a1Las Ultratrail FX.One son unas zapatillas imprescindibles para tu pr\u00f3xima carrera de trail! Cuentan con la nueva suela Trail Shark.","robots":{"index":"index","follow":"follow","max-snippet":"max-snippet:-1","max-image-preview":"max-image-preview:large","max-video-preview":"max-video-preview:-1"},"canonical":"https:\/\/www.miomiorun.com\/es\/producto\/leki-ultratrail-fx-one\/","og_locale":"es_ES","og_type":"article","og_title":"Leki Ultratrail FX. One - bast\u00f3n para correr- MioMioRun.com","og_description":"\u00a1Las Ultratrail FX.One son unas zapatillas imprescindibles para tu pr\u00f3xima carrera de trail! Cuentan con la nueva suela Trail Shark.","og_url":"https:\/\/www.miomiorun.com\/es\/producto\/leki-ultratrail-fx-one\/","og_site_name":"MioMioRun","article_publisher":"https:\/\/www.facebook.com\/miomiorun\/","article_modified_time":"2026-05-08T19:26:02+00:00","og_image":[{"width":600,"height":600,"url":"https:\/\/www.miomiorun.com\/app\/uploads\/2022\/04\/leki-ultratrail-FX.one-65225851.jpg","type":"image\/jpeg"}],"twitter_card":"summary_large_image","twitter_misc":{"Est. reading time":"2 minutes"},"schema":{"@context":"https:\/\/schema.org","@graph":[{"@type":"WebPage","@id":"https:\/\/www.miomiorun.com\/es\/producto\/leki-ultratrail-fx-one\/","url":"https:\/\/www.miomiorun.com\/es\/producto\/leki-ultratrail-fx-one\/","name":"Leki Ultratrail FX. One - bast\u00f3n para correr- MioMioRun.com","isPartOf":{"@id":"https:\/\/www.miomiorun.com\/es\/#website"},"primaryImageOfPage":{"@id":"https:\/\/www.miomiorun.com\/es\/producto\/leki-ultratrail-fx-one\/#primaryimage"},"image":{"@id":"https:\/\/www.miomiorun.com\/es\/producto\/leki-ultratrail-fx-one\/#primaryimage"},"thumbnailUrl":"https:\/\/www.miomiorun.com\/app\/uploads\/2022\/04\/leki-ultratrail-FX.one-65225851.jpg","datePublished":"2022-04-19T16:35:46+00:00","dateModified":"2026-05-08T19:26:02+00:00","description":"\u00a1Las Ultratrail FX.One son unas zapatillas imprescindibles para tu pr\u00f3xima carrera de trail! Cuentan con la nueva suela Trail Shark.","breadcrumb":{"@id":"https:\/\/www.miomiorun.com\/es\/producto\/leki-ultratrail-fx-one\/#breadcrumb"},"inLanguage":"es-ES","potentialAction":[{"@type":"ReadAction","target":["https:\/\/www.miomiorun.com\/es\/producto\/leki-ultratrail-fx-one\/"]}]},{"@type":"ImageObject","inLanguage":"es-ES","@id":"https:\/\/www.miomiorun.com\/es\/producto\/leki-ultratrail-fx-one\/#primaryimage","url":"https:\/\/www.miomiorun.com\/app\/uploads\/2022\/04\/leki-ultratrail-FX.one-65225851.jpg","contentUrl":"https:\/\/www.miomiorun.com\/app\/uploads\/2022\/04\/leki-ultratrail-FX.one-65225851.jpg","width":600,"height":600,"caption":"leki-ultratrail-FX.one-65225851"},{"@type":"BreadcrumbList","@id":"https:\/\/www.miomiorun.com\/es\/producto\/leki-ultratrail-fx-one\/#breadcrumb","itemListElement":[{"@type":"ListItem","position":1,"name":"Home","item":"https:\/\/www.miomiorun.com\/es\/"},{"@type":"ListItem","position":2,"name":"Shop","item":"https:\/\/www.miomiorun.com\/shop\/"},{"@type":"ListItem","position":3,"name":"Ultratrail FX. One"}]},{"@type":"WebSite","@id":"https:\/\/www.miomiorun.com\/es\/#website","url":"https:\/\/www.miomiorun.com\/es\/","name":"MioMioRun","description":"Tienda 100% running y trail","publisher":{"@id":"https:\/\/www.miomiorun.com\/es\/#organization"},"potentialAction":[{"@type":"SearchAction","target":{"@type":"EntryPoint","urlTemplate":"https:\/\/www.miomiorun.com\/es\/?s={search_term_string}"},"query-input":{"@type":"PropertyValueSpecification","valueRequired":true,"valueName":"search_term_string"}}],"inLanguage":"es-ES"},{"@type":"Organization","@id":"https:\/\/www.miomiorun.com\/es\/#organization","name":"MioMio Run","url":"https:\/\/www.miomiorun.com\/es\/","logo":{"@type":"ImageObject","inLanguage":"es-ES","@id":"https:\/\/www.miomiorun.com\/es\/#\/schema\/logo\/image\/","url":"https:\/\/www.miomiorun.com\/app\/uploads\/2019\/12\/logomio.png","contentUrl":"https:\/\/www.miomiorun.com\/app\/uploads\/2019\/12\/logomio.png","width":115,"height":82,"caption":"MioMio Run"},"image":{"@id":"https:\/\/www.miomiorun.com\/es\/#\/schema\/logo\/image\/"},"sameAs":["https:\/\/www.facebook.com\/miomiorun\/","https:\/\/www.instagram.com\/miomiorun\/"]}]}},"_links":{"self":[{"href":"https:\/\/www.miomiorun.com\/es\/wp-json\/wp\/v2\/product\/282667","targetHints":{"allow":["GET"]}}],"collection":[{"href":"https:\/\/www.miomiorun.com\/es\/wp-json\/wp\/v2\/product"}],"about":[{"href":"https:\/\/www.miomiorun.com\/es\/wp-json\/wp\/v2\/types\/product"}],"wp:featuredmedia":[{"embeddable":true,"href":"https:\/\/www.miomiorun.com\/es\/wp-json\/wp\/v2\/media\/236212"}],"wp:attachment":[{"href":"https:\/\/www.miomiorun.com\/es\/wp-json\/wp\/v2\/media?parent=282667"}],"wp:term":[{"taxonomy":"product_brand","embeddable":true,"href":"https:\/\/www.miomiorun.com\/es\/wp-json\/wp\/v2\/product_brand?post=282667"},{"taxonomy":"product_cat","embeddable":true,"href":"https:\/\/www.miomiorun.com\/es\/wp-json\/wp\/v2\/product_cat?post=282667"},{"taxonomy":"product_tag","embeddable":true,"href":"https:\/\/www.miomiorun.com\/es\/wp-json\/wp\/v2\/product_tag?post=282667"}],"curies":[{"name":"wp","href":"https:\/\/api.w.org\/{rel}","templated":true}]}}