{"id":282654,"date":"2022-04-20T11:27:23","date_gmt":"2022-04-20T09:27:23","guid":{"rendered":"https:\/\/miomiorun.com\/prodotto\/craft-core-charge-sport-top-donna\/"},"modified":"2026-05-05T18:53:26","modified_gmt":"2026-05-05T16:53:26","slug":"craft-core-charge-sport-top-mujer","status":"publish","type":"product","link":"https:\/\/www.miomiorun.com\/es\/producto\/craft-core-charge-sport-top-mujer\/","title":{"rendered":"Core Charge Sport Top mujer"},"content":{"rendered":"<p><strong>Core Charge Sport Top<\/strong> para mujer es un top deportivo funcional con sujeci\u00f3n ligera, ideal para la mayor\u00eda de los tipos de entrenamiento.<\/p>\n<p>La parte superior est\u00e1 confeccionada en un tejido de punto de poli\u00e9ster reciclado y elast\u00e1n, suave y funcional, y cuenta con un el\u00e1stico en la parte inferior, tirantes cruzados en la espalda y forro en la parte delantera para evitar que se transparente.<\/p>\n<p><strong>Concepto de entrenamiento m\u00faltiple:<\/strong><br \/>\nCharge es un concepto de entrenamiento m\u00faltiple que combina sesiones de alta intensidad con la moda urbana para marcar un estilo atrevido en el gimnasio, en el entorno urbano y en cualquier otro lugar.<\/p>\n<p><strong>Caracter\u00edsticas:<\/strong><\/p>\n<ul>\n<li>Jersey de poli\u00e9ster y elastano reciclado.<\/li>\n<li>Soporte ligero.<\/li>\n<li>Parte delantera forrada.<\/li>\n<li>Correas cruzadas en la espalda.<\/li>\n<li>El\u00e1stico en la parte inferior para mayor sujeci\u00f3n y comodidad<\/li>\n<\/ul>\n","protected":false},"excerpt":{"rendered":"<p>Core Charge Sport Top para mujer es un top deportivo funcional con sujeci\u00f3n ligera, ideal para la mayor\u00eda de los tipos de entrenamiento. La parte superior est\u00e1 confeccionada en un tejido de punto de poli\u00e9ster reciclado y elast\u00e1n, suave y funcional, y cuenta con un el\u00e1stico en la parte inferior, tirantes cruzados en la espalda &hellip; <a href=\"https:\/\/www.miomiorun.com\/es\/producto\/craft-core-charge-sport-top-mujer\/\">Continued<\/a><\/p>\n","protected":false},"featured_media":236178,"template":"","meta":{"_acf_changed":false,"inline_featured_image":false},"product_brand":[],"product_cat":[24401,24397,24402],"product_tag":[23553,23659],"class_list":{"0":"post-282654","1":"product","2":"type-product","3":"status-publish","4":"has-post-thumbnail","6":"product_cat-ropa-de-mujer","7":"product_cat-ropa-interior","8":"product_cat-mujer","9":"product_tag-craft-es","10":"product_tag-craft-mujer","11":"pa_attivita-caminar","12":"pa_attivita-fitness-es","13":"pa_attivita-running-es","14":"pa_colore-core-charge-sport-top-w-burgundy-es","15":"pa_colore-core-charge-sport-top-w-solo-multi-es","16":"pa_marca-craft-es","17":"pa_sesso-mujer","18":"pa_size-extra-small-es","19":"pa_size-small-es","20":"pa_size-medium-es","21":"pa_size-large-es","23":"first","24":"instock","25":"sale","26":"taxable","27":"shipping-taxable","28":"purchasable","29":"product-type-variable","30":"wvs-archive-product-wrapper"},"acf":[],"yoast_head":"<!-- This site is optimized with the Yoast SEO plugin v26.8 - https:\/\/yoast.com\/product\/yoast-seo-wordpress\/ -->\n<title>Craft Core Charge Sport Top mujer - sujetador deportivo- MioMioRun<\/title>\n<meta name=\"description\" content=\"El Core Charge Sport Top para mujer es un top deportivo funcional con sujeci\u00f3n ligera, ideal para la mayor\u00eda de los tipos de entrenamiento.\" \/>\n<meta name=\"robots\" content=\"index, follow, max-snippet:-1, max-image-preview:large, max-video-preview:-1\" \/>\n<link rel=\"canonical\" href=\"https:\/\/www.miomiorun.com\/es\/producto\/craft-core-charge-sport-top-mujer\/\" \/>\n<meta property=\"og:locale\" content=\"es_ES\" \/>\n<meta property=\"og:type\" content=\"article\" \/>\n<meta property=\"og:title\" content=\"Craft Core Charge Sport Top mujer - sujetador deportivo- MioMioRun\" \/>\n<meta property=\"og:description\" content=\"El Core Charge Sport Top para mujer es un top deportivo funcional con sujeci\u00f3n ligera, ideal para la mayor\u00eda de los tipos de entrenamiento.\" \/>\n<meta property=\"og:url\" content=\"https:\/\/www.miomiorun.com\/es\/producto\/craft-core-charge-sport-top-mujer\/\" \/>\n<meta property=\"og:site_name\" content=\"MioMioRun\" \/>\n<meta property=\"article:publisher\" content=\"https:\/\/www.facebook.com\/miomiorun\/\" \/>\n<meta property=\"article:modified_time\" content=\"2026-05-05T16:53:26+00:00\" \/>\n<meta property=\"og:image\" content=\"https:\/\/www.miomiorun.com\/app\/uploads\/2022\/04\/craft-core-charge-sport-top-W-burgundy-1910502-435721.jpg\" \/>\n\t<meta property=\"og:image:width\" content=\"600\" \/>\n\t<meta property=\"og:image:height\" content=\"600\" \/>\n\t<meta property=\"og:image:type\" content=\"image\/jpeg\" \/>\n<meta name=\"twitter:card\" content=\"summary_large_image\" \/>\n<meta name=\"twitter:label1\" content=\"Est. reading time\" \/>\n\t<meta name=\"twitter:data1\" content=\"1 minute\" \/>\n<script type=\"application\/ld+json\" class=\"yoast-schema-graph\">{\"@context\":\"https:\/\/schema.org\",\"@graph\":[{\"@type\":\"WebPage\",\"@id\":\"https:\/\/www.miomiorun.com\/es\/producto\/craft-core-charge-sport-top-mujer\/\",\"url\":\"https:\/\/www.miomiorun.com\/es\/producto\/craft-core-charge-sport-top-mujer\/\",\"name\":\"Craft Core Charge Sport Top mujer - sujetador deportivo- MioMioRun\",\"isPartOf\":{\"@id\":\"https:\/\/www.miomiorun.com\/es\/#website\"},\"primaryImageOfPage\":{\"@id\":\"https:\/\/www.miomiorun.com\/es\/producto\/craft-core-charge-sport-top-mujer\/#primaryimage\"},\"image\":{\"@id\":\"https:\/\/www.miomiorun.com\/es\/producto\/craft-core-charge-sport-top-mujer\/#primaryimage\"},\"thumbnailUrl\":\"https:\/\/www.miomiorun.com\/app\/uploads\/2022\/04\/craft-core-charge-sport-top-W-burgundy-1910502-435721.jpg\",\"datePublished\":\"2022-04-20T09:27:23+00:00\",\"dateModified\":\"2026-05-05T16:53:26+00:00\",\"description\":\"El Core Charge Sport Top para mujer es un top deportivo funcional con sujeci\u00f3n ligera, ideal para la mayor\u00eda de los tipos de entrenamiento.\",\"breadcrumb\":{\"@id\":\"https:\/\/www.miomiorun.com\/es\/producto\/craft-core-charge-sport-top-mujer\/#breadcrumb\"},\"inLanguage\":\"es-ES\",\"potentialAction\":[{\"@type\":\"ReadAction\",\"target\":[\"https:\/\/www.miomiorun.com\/es\/producto\/craft-core-charge-sport-top-mujer\/\"]}]},{\"@type\":\"ImageObject\",\"inLanguage\":\"es-ES\",\"@id\":\"https:\/\/www.miomiorun.com\/es\/producto\/craft-core-charge-sport-top-mujer\/#primaryimage\",\"url\":\"https:\/\/www.miomiorun.com\/app\/uploads\/2022\/04\/craft-core-charge-sport-top-W-burgundy-1910502-435721.jpg\",\"contentUrl\":\"https:\/\/www.miomiorun.com\/app\/uploads\/2022\/04\/craft-core-charge-sport-top-W-burgundy-1910502-435721.jpg\",\"width\":600,\"height\":600,\"caption\":\"craft-core-charge-sport-top-W-burgundy-1910502-435721\"},{\"@type\":\"BreadcrumbList\",\"@id\":\"https:\/\/www.miomiorun.com\/es\/producto\/craft-core-charge-sport-top-mujer\/#breadcrumb\",\"itemListElement\":[{\"@type\":\"ListItem\",\"position\":1,\"name\":\"Home\",\"item\":\"https:\/\/www.miomiorun.com\/es\/\"},{\"@type\":\"ListItem\",\"position\":2,\"name\":\"Shop\",\"item\":\"https:\/\/www.miomiorun.com\/shop\/\"},{\"@type\":\"ListItem\",\"position\":3,\"name\":\"Core Charge Sport Top mujer\"}]},{\"@type\":\"WebSite\",\"@id\":\"https:\/\/www.miomiorun.com\/es\/#website\",\"url\":\"https:\/\/www.miomiorun.com\/es\/\",\"name\":\"MioMioRun\",\"description\":\"Tienda 100% running y trail\",\"publisher\":{\"@id\":\"https:\/\/www.miomiorun.com\/es\/#organization\"},\"potentialAction\":[{\"@type\":\"SearchAction\",\"target\":{\"@type\":\"EntryPoint\",\"urlTemplate\":\"https:\/\/www.miomiorun.com\/es\/?s={search_term_string}\"},\"query-input\":{\"@type\":\"PropertyValueSpecification\",\"valueRequired\":true,\"valueName\":\"search_term_string\"}}],\"inLanguage\":\"es-ES\"},{\"@type\":\"Organization\",\"@id\":\"https:\/\/www.miomiorun.com\/es\/#organization\",\"name\":\"MioMio Run\",\"url\":\"https:\/\/www.miomiorun.com\/es\/\",\"logo\":{\"@type\":\"ImageObject\",\"inLanguage\":\"es-ES\",\"@id\":\"https:\/\/www.miomiorun.com\/es\/#\/schema\/logo\/image\/\",\"url\":\"https:\/\/www.miomiorun.com\/app\/uploads\/2019\/12\/logomio.png\",\"contentUrl\":\"https:\/\/www.miomiorun.com\/app\/uploads\/2019\/12\/logomio.png\",\"width\":115,\"height\":82,\"caption\":\"MioMio Run\"},\"image\":{\"@id\":\"https:\/\/www.miomiorun.com\/es\/#\/schema\/logo\/image\/\"},\"sameAs\":[\"https:\/\/www.facebook.com\/miomiorun\/\",\"https:\/\/www.instagram.com\/miomiorun\/\"]}]}<\/script>\n<!-- \/ Yoast SEO plugin. -->","yoast_head_json":{"title":"Craft Core Charge Sport Top mujer - sujetador deportivo- MioMioRun","description":"El Core Charge Sport Top para mujer es un top deportivo funcional con sujeci\u00f3n ligera, ideal para la mayor\u00eda de los tipos de entrenamiento.","robots":{"index":"index","follow":"follow","max-snippet":"max-snippet:-1","max-image-preview":"max-image-preview:large","max-video-preview":"max-video-preview:-1"},"canonical":"https:\/\/www.miomiorun.com\/es\/producto\/craft-core-charge-sport-top-mujer\/","og_locale":"es_ES","og_type":"article","og_title":"Craft Core Charge Sport Top mujer - sujetador deportivo- MioMioRun","og_description":"El Core Charge Sport Top para mujer es un top deportivo funcional con sujeci\u00f3n ligera, ideal para la mayor\u00eda de los tipos de entrenamiento.","og_url":"https:\/\/www.miomiorun.com\/es\/producto\/craft-core-charge-sport-top-mujer\/","og_site_name":"MioMioRun","article_publisher":"https:\/\/www.facebook.com\/miomiorun\/","article_modified_time":"2026-05-05T16:53:26+00:00","og_image":[{"width":600,"height":600,"url":"https:\/\/www.miomiorun.com\/app\/uploads\/2022\/04\/craft-core-charge-sport-top-W-burgundy-1910502-435721.jpg","type":"image\/jpeg"}],"twitter_card":"summary_large_image","twitter_misc":{"Est. reading time":"1 minute"},"schema":{"@context":"https:\/\/schema.org","@graph":[{"@type":"WebPage","@id":"https:\/\/www.miomiorun.com\/es\/producto\/craft-core-charge-sport-top-mujer\/","url":"https:\/\/www.miomiorun.com\/es\/producto\/craft-core-charge-sport-top-mujer\/","name":"Craft Core Charge Sport Top mujer - sujetador deportivo- MioMioRun","isPartOf":{"@id":"https:\/\/www.miomiorun.com\/es\/#website"},"primaryImageOfPage":{"@id":"https:\/\/www.miomiorun.com\/es\/producto\/craft-core-charge-sport-top-mujer\/#primaryimage"},"image":{"@id":"https:\/\/www.miomiorun.com\/es\/producto\/craft-core-charge-sport-top-mujer\/#primaryimage"},"thumbnailUrl":"https:\/\/www.miomiorun.com\/app\/uploads\/2022\/04\/craft-core-charge-sport-top-W-burgundy-1910502-435721.jpg","datePublished":"2022-04-20T09:27:23+00:00","dateModified":"2026-05-05T16:53:26+00:00","description":"El Core Charge Sport Top para mujer es un top deportivo funcional con sujeci\u00f3n ligera, ideal para la mayor\u00eda de los tipos de entrenamiento.","breadcrumb":{"@id":"https:\/\/www.miomiorun.com\/es\/producto\/craft-core-charge-sport-top-mujer\/#breadcrumb"},"inLanguage":"es-ES","potentialAction":[{"@type":"ReadAction","target":["https:\/\/www.miomiorun.com\/es\/producto\/craft-core-charge-sport-top-mujer\/"]}]},{"@type":"ImageObject","inLanguage":"es-ES","@id":"https:\/\/www.miomiorun.com\/es\/producto\/craft-core-charge-sport-top-mujer\/#primaryimage","url":"https:\/\/www.miomiorun.com\/app\/uploads\/2022\/04\/craft-core-charge-sport-top-W-burgundy-1910502-435721.jpg","contentUrl":"https:\/\/www.miomiorun.com\/app\/uploads\/2022\/04\/craft-core-charge-sport-top-W-burgundy-1910502-435721.jpg","width":600,"height":600,"caption":"craft-core-charge-sport-top-W-burgundy-1910502-435721"},{"@type":"BreadcrumbList","@id":"https:\/\/www.miomiorun.com\/es\/producto\/craft-core-charge-sport-top-mujer\/#breadcrumb","itemListElement":[{"@type":"ListItem","position":1,"name":"Home","item":"https:\/\/www.miomiorun.com\/es\/"},{"@type":"ListItem","position":2,"name":"Shop","item":"https:\/\/www.miomiorun.com\/shop\/"},{"@type":"ListItem","position":3,"name":"Core Charge Sport Top mujer"}]},{"@type":"WebSite","@id":"https:\/\/www.miomiorun.com\/es\/#website","url":"https:\/\/www.miomiorun.com\/es\/","name":"MioMioRun","description":"Tienda 100% running y trail","publisher":{"@id":"https:\/\/www.miomiorun.com\/es\/#organization"},"potentialAction":[{"@type":"SearchAction","target":{"@type":"EntryPoint","urlTemplate":"https:\/\/www.miomiorun.com\/es\/?s={search_term_string}"},"query-input":{"@type":"PropertyValueSpecification","valueRequired":true,"valueName":"search_term_string"}}],"inLanguage":"es-ES"},{"@type":"Organization","@id":"https:\/\/www.miomiorun.com\/es\/#organization","name":"MioMio Run","url":"https:\/\/www.miomiorun.com\/es\/","logo":{"@type":"ImageObject","inLanguage":"es-ES","@id":"https:\/\/www.miomiorun.com\/es\/#\/schema\/logo\/image\/","url":"https:\/\/www.miomiorun.com\/app\/uploads\/2019\/12\/logomio.png","contentUrl":"https:\/\/www.miomiorun.com\/app\/uploads\/2019\/12\/logomio.png","width":115,"height":82,"caption":"MioMio Run"},"image":{"@id":"https:\/\/www.miomiorun.com\/es\/#\/schema\/logo\/image\/"},"sameAs":["https:\/\/www.facebook.com\/miomiorun\/","https:\/\/www.instagram.com\/miomiorun\/"]}]}},"_links":{"self":[{"href":"https:\/\/www.miomiorun.com\/es\/wp-json\/wp\/v2\/product\/282654","targetHints":{"allow":["GET"]}}],"collection":[{"href":"https:\/\/www.miomiorun.com\/es\/wp-json\/wp\/v2\/product"}],"about":[{"href":"https:\/\/www.miomiorun.com\/es\/wp-json\/wp\/v2\/types\/product"}],"wp:featuredmedia":[{"embeddable":true,"href":"https:\/\/www.miomiorun.com\/es\/wp-json\/wp\/v2\/media\/236178"}],"wp:attachment":[{"href":"https:\/\/www.miomiorun.com\/es\/wp-json\/wp\/v2\/media?parent=282654"}],"wp:term":[{"taxonomy":"product_brand","embeddable":true,"href":"https:\/\/www.miomiorun.com\/es\/wp-json\/wp\/v2\/product_brand?post=282654"},{"taxonomy":"product_cat","embeddable":true,"href":"https:\/\/www.miomiorun.com\/es\/wp-json\/wp\/v2\/product_cat?post=282654"},{"taxonomy":"product_tag","embeddable":true,"href":"https:\/\/www.miomiorun.com\/es\/wp-json\/wp\/v2\/product_tag?post=282654"}],"curies":[{"name":"wp","href":"https:\/\/api.w.org\/{rel}","templated":true}]}}