{"id":282643,"date":"2022-04-19T18:55:23","date_gmt":"2022-04-19T16:55:23","guid":{"rendered":"https:\/\/miomiorun.com\/prodotto\/leki-neotrail-fx-one-superlite\/"},"modified":"2026-05-05T18:52:42","modified_gmt":"2026-05-05T16:52:42","slug":"leki-neotrail-fx-one-superlite","status":"publish","type":"product","link":"https:\/\/www.miomiorun.com\/es\/producto\/leki-neotrail-fx-one-superlite\/","title":{"rendered":"Neotrail Fx.One Superlite"},"content":{"rendered":"<p>\u00a1El Neotrail FX.One Superlite es tu compa\u00f1ero ultraligero para la pr\u00f3xima carrera de trail running! Porque no podr\u00eda ser m\u00e1s ligero: el Neotrail FX.One Superlite mide 120 cm de largo y pesa solo 131 gramos, lo que lo convierte en un aut\u00e9ntico arma secreta en la carrera. Este estable bast\u00f3n plegable de carbono destaca por su peso ultraligero y su perfecto movimiento de oscilaci\u00f3n. El mango Thermo alargado con cabeza redondeada permite muchas posiciones de agarre y, por lo tanto, proporciona un apoyo completo incluso en terrenos exigentes. Gracias al mecanismo Push Button Release, basta con pulsar un bot\u00f3n para plegarlo hasta 35 cm. El Neotrail FX.One Superlite est\u00e1 dise\u00f1ado para ser m\u00e1s ligero y m\u00e1s r\u00e1pido.<\/p>\n<div class=\"col-7 col-lg-6 product-highlight-content-container\">\n<div class=\"product-highlight-headline\">\n<h3>Empu\u00f1adura<\/h3>\n<\/div>\n<\/div>\n<p>&nbsp;<\/p>\n<p><img loading=\"lazy\" decoding=\"async\" class=\"\" src=\"https:\/\/res.cloudinary.com\/leki-lenhart-gmbh\/iu\/c_fit,h_1050,w_750\/f_auto\/q_auto\/media\/2c\/92\/65\/1643633991\/RTC%20Lite_Icon?_a=AAAH2AI\" width=\"120\" height=\"120\" \/><\/p>\n<p class=\"product-headline\"><strong>RTC Lite<\/strong><\/p>\n<p>El RTC es un mango ultraligero para el trail running. Gracias a su superficie de apoyo redondeada y sin bordes, ofrece la m\u00e1xima comodidad.<\/p>\n<h3>Lacciolo<\/h3>\n<p><img loading=\"lazy\" decoding=\"async\" class=\"\" src=\"https:\/\/res.cloudinary.com\/leki-lenhart-gmbh\/iu\/c_fit,h_1050,w_750\/f_auto\/q_auto\/media\/e1\/72\/f1\/1643896000\/Lock%20Security%20Strap_Icon?_a=AAAH2AI\" width=\"120\" height=\"120\" \/><\/p>\n<p class=\"product-headline\"><strong>Funda con correa de seguridad Lock 4.0<\/strong><\/p>\n<p>Correa ajustable con cierre de seguridad. Ultraligera y transpirable, garantiza la m\u00e1xima comodidad.<\/p>\n<h3>Extensi\u00f3n del mango<\/h3>\n<p><img loading=\"lazy\" decoding=\"async\" class=\"\" src=\"https:\/\/res.cloudinary.com\/leki-lenhart-gmbh\/iu\/c_fit,h_1050,w_750\/f_auto\/q_auto\/media\/b3\/g0\/3b\/1648716296\/Grip%20Extension_Icon?_a=AAAH2AI\" width=\"120\" height=\"120\" \/><\/p>\n<div class=\"col-7 col-lg-6 product-highlight-content-container\">\n<div class=\"product-highlight-headline\">\n<p class=\"product-headline\"><strong>Extensi\u00f3n del mango<\/strong><\/p>\n<\/div>\n<div class=\"product-highlight-content\">\n<p>Extensi\u00f3n del mango para un agarre m\u00e1s c\u00f3modo en terrenos empinados o laderas.<\/p>\n<\/div>\n<\/div>\n<h3>Material del tubo<\/h3>\n<p><img loading=\"lazy\" decoding=\"async\" class=\"\" src=\"https:\/\/res.cloudinary.com\/leki-lenhart-gmbh\/iu\/c_fit,h_1050,w_750\/f_auto\/q_auto\/media\/cb\/91\/d1\/1642586379\/Material_Icon?_a=AAAH2AI\" width=\"122\" height=\"122\" \/><\/p>\n<div class=\"col-7 col-lg-6 product-highlight-content-container\">\n<div class=\"product-highlight-headline\">\n<p class=\"product-headline\"><strong>Carbono<\/strong><\/p>\n<\/div>\n<div class=\"product-highlight-content\">\n<p>Carbonio HRC (Highest Racing Carbon) Max<\/p>\n<h3>Plancha<\/h3>\n<p><img loading=\"lazy\" decoding=\"async\" class=\"\" src=\"https:\/\/res.cloudinary.com\/leki-lenhart-gmbh\/iu\/c_fit,h_1050,w_750\/f_auto\/q_auto\/media\/30\/f6\/c9\/1645612656\/Trail%20Running%20Teller_Icon?_a=AAAH2AI\" width=\"120\" height=\"120\" \/><\/p>\n<div class=\"col-7 col-lg-6 product-highlight-content-container\">\n<div class=\"product-highlight-headline\">\n<p class=\"product-headline\"><strong>Placa para trail running<\/strong><\/p>\n<\/div>\n<div class=\"product-highlight-content\">\n<p>Plancha minimalista y muy ligera.<\/p>\n<\/div>\n<\/div>\n<\/div>\n<\/div>\n<h3>Sistema de plegado<\/h3>\n<p><img loading=\"lazy\" decoding=\"async\" class=\"\" src=\"https:\/\/res.cloudinary.com\/leki-lenhart-gmbh\/iu\/c_fit,h_1050,w_750\/f_auto\/q_auto\/media\/07\/b5\/dc\/1642579033\/PB_Icon?_a=AAAH2AI\" width=\"122\" height=\"122\" \/><\/p>\n<p class=\"product-headline\"><strong>Bot\u00f3n<\/strong><\/p>\n<p>El sistema Push Button permite abrir y cerrar r\u00e1pidamente los bastones plegables con solo pulsar un bot\u00f3n.<\/p>\n<h3>Inicio<\/h3>\n<p><img loading=\"lazy\" decoding=\"async\" class=\"\" src=\"https:\/\/res.cloudinary.com\/leki-lenhart-gmbh\/iu\/c_fit,h_1050,w_750\/f_auto\/q_auto\/media\/20\/e1\/81\/1637918587\/Trail%20Tip_Icon?_a=AAAH2AI\" width=\"120\" height=\"120\" \/><\/p>\n<p class=\"product-headline\"><strong>Consejo para la ruta<\/strong><\/p>\n<p>Punta resistente para un uso preciso del bast\u00f3n y un agarre perfecto en casi cualquier tipo de terreno.<\/p>\n<h3>Bolso portaobjetos<\/h3>\n<p><img loading=\"lazy\" decoding=\"async\" class=\"\" src=\"https:\/\/res.cloudinary.com\/leki-lenhart-gmbh\/iu\/c_fit,h_1050,w_750\/f_auto\/q_auto\/media\/05\/dd\/d1\/1648716329\/Foldingpole%20Bag_Icon?_a=AAAH2AI\" width=\"119\" height=\"119\" \/><\/p>\n<p class=\"product-headline\"><strong>Bolsa para bastones plegables<\/strong><\/p>\n<p>Pr\u00e1ctica bolsa ultraligera para guardar los bastones plegables.<\/p>\n<h2 class=\"headline-beta\">Todas las caracter\u00edsticas<\/h2>\n<table class=\"table product-detail-properties-table\">\n<tbody>\n<tr class=\"properties-row\">\n<th class=\"properties-label\">Actividades:<\/th>\n<td class=\"properties-value\">Carrera de monta\u00f1a, Senderismo<\/td>\n<\/tr>\n<tr class=\"properties-row\">\n<th class=\"properties-label\">Edad:<\/th>\n<td class=\"properties-value\">Adultos<\/td>\n<\/tr>\n<tr class=\"properties-row\">\n<th class=\"properties-label\">G\u00e9nero:<\/th>\n<td class=\"properties-value\">Unisex<\/td>\n<\/tr>\n<tr class=\"properties-row\">\n<th class=\"properties-label\">Sizerun:<\/th>\n<td class=\"properties-value\">110 &#8211; 135 cm (en intervalos de 5 cm)<\/td>\n<\/tr>\n<tr class=\"properties-row\">\n<th class=\"properties-label\">Construcci\u00f3n:<\/th>\n<td class=\"properties-value\">Longitud fija | Plegable<\/td>\n<\/tr>\n<tr class=\"properties-row\">\n<th class=\"properties-label\">Dimensiones del embalaje:<\/th>\n<td class=\"properties-value\">35 cm<\/td>\n<\/tr>\n<tr class=\"properties-row\">\n<th class=\"properties-label\">Peso:<\/th>\n<td class=\"properties-value\">131 g<\/td>\n<\/tr>\n<tr class=\"properties-row\">\n<th class=\"properties-label\">Segmentos:<\/th>\n<td class=\"properties-value\">4<\/td>\n<\/tr>\n<tr class=\"properties-row\">\n<th class=\"properties-label\">Di\u00e1metro:<\/th>\n<td class=\"properties-value\">14 \u00d7 12 \u00d7 12 \u00d7 12 mm<\/td>\n<\/tr>\n<tr class=\"properties-row\">\n<th class=\"properties-label\">Geometr\u00eda del tubo:<\/th>\n<td class=\"properties-value\">Sin doblez<\/td>\n<\/tr>\n<tr class=\"properties-row\">\n<th class=\"properties-label\">Forma del tubo:<\/th>\n<td class=\"properties-value\">Cil\u00edndrica<\/td>\n<\/tr>\n<tr class=\"properties-row\">\n<th class=\"properties-label\">Empu\u00f1adura:<\/th>\n<td class=\"properties-value\">RTC Lite<\/td>\n<\/tr>\n<tr class=\"properties-row\">\n<th class=\"properties-label\">Lacciolo:<\/th>\n<td class=\"properties-value\">Funda con correa de seguridad Lock 4.0<\/td>\n<\/tr>\n<tr class=\"properties-row\">\n<th class=\"properties-label\">Alcance del recurso:<\/th>\n<td class=\"properties-value\">Espuma 1K<\/td>\n<\/tr>\n<tr class=\"properties-row\">\n<th class=\"properties-label\">Material del tubo:<\/th>\n<td class=\"properties-value\">Carbono (HRC m\u00e1x.)<\/td>\n<\/tr>\n<tr class=\"properties-row\">\n<th class=\"properties-label\">Parte superior del tubo:<\/th>\n<td class=\"properties-value\">Carbono<\/td>\n<\/tr>\n<tr class=\"properties-row\">\n<th class=\"properties-label\">Secci\u00f3n central del tubo (1):<\/th>\n<td class=\"properties-value\">Carbono<\/td>\n<\/tr>\n<tr class=\"properties-row\">\n<th class=\"properties-label\">Secci\u00f3n central del tubo (2):<\/th>\n<td class=\"properties-value\">Carbono<\/td>\n<\/tr>\n<tr class=\"properties-row\">\n<th class=\"properties-label\">Parte inferior del tubo:<\/th>\n<td class=\"properties-value\">Carbono<\/td>\n<\/tr>\n<tr class=\"properties-row\">\n<th class=\"properties-label\">Sistema de plegado:<\/th>\n<td class=\"properties-value\">Bot\u00f3n<\/td>\n<\/tr>\n<tr class=\"properties-row\">\n<th class=\"properties-label\">Placa:<\/th>\n<td class=\"properties-value\">Teller de trail running<\/td>\n<\/tr>\n<tr class=\"properties-row\">\n<th class=\"properties-label\">Arriba:<\/th>\n<td class=\"properties-value\">Consejo para correr por monta\u00f1a<\/td>\n<\/tr>\n<tr class=\"properties-row\">\n<th class=\"properties-label\">Bolsa portaobjetos:<\/th>\n<td class=\"properties-value\">Funda para bast\u00f3n plegable<\/td>\n<\/tr>\n<\/tbody>\n<\/table>\n","protected":false},"excerpt":{"rendered":"<p>\u00a1El Neotrail FX.One Superlite es tu compa\u00f1ero ultraligero para la pr\u00f3xima carrera de trail running! Porque no podr\u00eda ser m\u00e1s ligero: el Neotrail FX.One Superlite mide 120 cm de largo y pesa solo 131 gramos, lo que lo convierte en un aut\u00e9ntico arma secreta en la carrera. Este estable bast\u00f3n plegable de carbono destaca por &hellip; <a href=\"https:\/\/www.miomiorun.com\/es\/producto\/leki-neotrail-fx-one-superlite\/\">Continued<\/a><\/p>\n","protected":false},"featured_media":236218,"template":"","meta":{"_acf_changed":false,"inline_featured_image":false},"product_brand":[],"product_cat":[24205,24206],"product_tag":[23595],"class_list":{"0":"post-282643","1":"product","2":"type-product","3":"status-publish","4":"has-post-thumbnail","6":"product_cat-accesorios","7":"product_cat-bastones","8":"product_tag-leki-es","9":"pa_attivita-outdoor-es","10":"pa_attivita-trail-es","11":"pa_marca-leki-es","12":"pa_misura-115-cm-es","13":"pa_misura-120-cm-es","14":"pa_misura-125-cm-es","15":"pa_sesso-hombre","16":"pa_sesso-mujer","18":"first","19":"instock","20":"sale","21":"taxable","22":"shipping-taxable","23":"purchasable","24":"product-type-variable","25":"wvs-archive-product-wrapper"},"acf":[],"yoast_head":"<!-- This site is optimized with the Yoast SEO plugin v26.8 - https:\/\/yoast.com\/product\/yoast-seo-wordpress\/ -->\n<title>Leki Neotrail Fx.One Superlite - bast\u00f3n para correr - MioMioRun.com<\/title>\n<meta name=\"description\" content=\"\u00a1El Neotrail FX.One Superlite es tu compa\u00f1ero ultraligero para la pr\u00f3xima carrera de trail running! Es un bast\u00f3n de carbono muy estable.\" \/>\n<meta name=\"robots\" content=\"index, follow, max-snippet:-1, max-image-preview:large, max-video-preview:-1\" \/>\n<link rel=\"canonical\" href=\"https:\/\/www.miomiorun.com\/es\/producto\/leki-neotrail-fx-one-superlite\/\" \/>\n<meta property=\"og:locale\" content=\"es_ES\" \/>\n<meta property=\"og:type\" content=\"article\" \/>\n<meta property=\"og:title\" content=\"Leki Neotrail Fx.One Superlite - bast\u00f3n para correr - MioMioRun.com\" \/>\n<meta property=\"og:description\" content=\"\u00a1El Neotrail FX.One Superlite es tu compa\u00f1ero ultraligero para la pr\u00f3xima carrera de trail running! Es un bast\u00f3n de carbono muy estable.\" \/>\n<meta property=\"og:url\" content=\"https:\/\/www.miomiorun.com\/es\/producto\/leki-neotrail-fx-one-superlite\/\" \/>\n<meta property=\"og:site_name\" content=\"MioMioRun\" \/>\n<meta property=\"article:publisher\" content=\"https:\/\/www.facebook.com\/miomiorun\/\" \/>\n<meta property=\"article:modified_time\" content=\"2026-05-05T16:52:42+00:00\" \/>\n<meta property=\"og:image\" content=\"https:\/\/www.miomiorun.com\/app\/uploads\/2022\/04\/leki-neotrail-FX.one-superlite-65225861.jpg\" \/>\n\t<meta property=\"og:image:width\" content=\"600\" \/>\n\t<meta property=\"og:image:height\" content=\"600\" \/>\n\t<meta property=\"og:image:type\" content=\"image\/jpeg\" \/>\n<meta name=\"twitter:card\" content=\"summary_large_image\" \/>\n<meta name=\"twitter:label1\" content=\"Est. reading time\" \/>\n\t<meta name=\"twitter:data1\" content=\"2 minutes\" \/>\n<script type=\"application\/ld+json\" class=\"yoast-schema-graph\">{\"@context\":\"https:\/\/schema.org\",\"@graph\":[{\"@type\":\"WebPage\",\"@id\":\"https:\/\/www.miomiorun.com\/es\/producto\/leki-neotrail-fx-one-superlite\/\",\"url\":\"https:\/\/www.miomiorun.com\/es\/producto\/leki-neotrail-fx-one-superlite\/\",\"name\":\"Leki Neotrail Fx.One Superlite - bast\u00f3n para correr - MioMioRun.com\",\"isPartOf\":{\"@id\":\"https:\/\/www.miomiorun.com\/es\/#website\"},\"primaryImageOfPage\":{\"@id\":\"https:\/\/www.miomiorun.com\/es\/producto\/leki-neotrail-fx-one-superlite\/#primaryimage\"},\"image\":{\"@id\":\"https:\/\/www.miomiorun.com\/es\/producto\/leki-neotrail-fx-one-superlite\/#primaryimage\"},\"thumbnailUrl\":\"https:\/\/www.miomiorun.com\/app\/uploads\/2022\/04\/leki-neotrail-FX.one-superlite-65225861.jpg\",\"datePublished\":\"2022-04-19T16:55:23+00:00\",\"dateModified\":\"2026-05-05T16:52:42+00:00\",\"description\":\"\u00a1El Neotrail FX.One Superlite es tu compa\u00f1ero ultraligero para la pr\u00f3xima carrera de trail running! Es un bast\u00f3n de carbono muy estable.\",\"breadcrumb\":{\"@id\":\"https:\/\/www.miomiorun.com\/es\/producto\/leki-neotrail-fx-one-superlite\/#breadcrumb\"},\"inLanguage\":\"es-ES\",\"potentialAction\":[{\"@type\":\"ReadAction\",\"target\":[\"https:\/\/www.miomiorun.com\/es\/producto\/leki-neotrail-fx-one-superlite\/\"]}]},{\"@type\":\"ImageObject\",\"inLanguage\":\"es-ES\",\"@id\":\"https:\/\/www.miomiorun.com\/es\/producto\/leki-neotrail-fx-one-superlite\/#primaryimage\",\"url\":\"https:\/\/www.miomiorun.com\/app\/uploads\/2022\/04\/leki-neotrail-FX.one-superlite-65225861.jpg\",\"contentUrl\":\"https:\/\/www.miomiorun.com\/app\/uploads\/2022\/04\/leki-neotrail-FX.one-superlite-65225861.jpg\",\"width\":600,\"height\":600,\"caption\":\"leki-neotrail-FX.one-superlite-65225861\"},{\"@type\":\"BreadcrumbList\",\"@id\":\"https:\/\/www.miomiorun.com\/es\/producto\/leki-neotrail-fx-one-superlite\/#breadcrumb\",\"itemListElement\":[{\"@type\":\"ListItem\",\"position\":1,\"name\":\"Home\",\"item\":\"https:\/\/www.miomiorun.com\/es\/\"},{\"@type\":\"ListItem\",\"position\":2,\"name\":\"Shop\",\"item\":\"https:\/\/www.miomiorun.com\/shop\/\"},{\"@type\":\"ListItem\",\"position\":3,\"name\":\"Neotrail Fx.One Superlite\"}]},{\"@type\":\"WebSite\",\"@id\":\"https:\/\/www.miomiorun.com\/es\/#website\",\"url\":\"https:\/\/www.miomiorun.com\/es\/\",\"name\":\"MioMioRun\",\"description\":\"Tienda 100% running y trail\",\"publisher\":{\"@id\":\"https:\/\/www.miomiorun.com\/es\/#organization\"},\"potentialAction\":[{\"@type\":\"SearchAction\",\"target\":{\"@type\":\"EntryPoint\",\"urlTemplate\":\"https:\/\/www.miomiorun.com\/es\/?s={search_term_string}\"},\"query-input\":{\"@type\":\"PropertyValueSpecification\",\"valueRequired\":true,\"valueName\":\"search_term_string\"}}],\"inLanguage\":\"es-ES\"},{\"@type\":\"Organization\",\"@id\":\"https:\/\/www.miomiorun.com\/es\/#organization\",\"name\":\"MioMio Run\",\"url\":\"https:\/\/www.miomiorun.com\/es\/\",\"logo\":{\"@type\":\"ImageObject\",\"inLanguage\":\"es-ES\",\"@id\":\"https:\/\/www.miomiorun.com\/es\/#\/schema\/logo\/image\/\",\"url\":\"https:\/\/www.miomiorun.com\/app\/uploads\/2019\/12\/logomio.png\",\"contentUrl\":\"https:\/\/www.miomiorun.com\/app\/uploads\/2019\/12\/logomio.png\",\"width\":115,\"height\":82,\"caption\":\"MioMio Run\"},\"image\":{\"@id\":\"https:\/\/www.miomiorun.com\/es\/#\/schema\/logo\/image\/\"},\"sameAs\":[\"https:\/\/www.facebook.com\/miomiorun\/\",\"https:\/\/www.instagram.com\/miomiorun\/\"]}]}<\/script>\n<!-- \/ Yoast SEO plugin. -->","yoast_head_json":{"title":"Leki Neotrail Fx.One Superlite - bast\u00f3n para correr - MioMioRun.com","description":"\u00a1El Neotrail FX.One Superlite es tu compa\u00f1ero ultraligero para la pr\u00f3xima carrera de trail running! Es un bast\u00f3n de carbono muy estable.","robots":{"index":"index","follow":"follow","max-snippet":"max-snippet:-1","max-image-preview":"max-image-preview:large","max-video-preview":"max-video-preview:-1"},"canonical":"https:\/\/www.miomiorun.com\/es\/producto\/leki-neotrail-fx-one-superlite\/","og_locale":"es_ES","og_type":"article","og_title":"Leki Neotrail Fx.One Superlite - bast\u00f3n para correr - MioMioRun.com","og_description":"\u00a1El Neotrail FX.One Superlite es tu compa\u00f1ero ultraligero para la pr\u00f3xima carrera de trail running! Es un bast\u00f3n de carbono muy estable.","og_url":"https:\/\/www.miomiorun.com\/es\/producto\/leki-neotrail-fx-one-superlite\/","og_site_name":"MioMioRun","article_publisher":"https:\/\/www.facebook.com\/miomiorun\/","article_modified_time":"2026-05-05T16:52:42+00:00","og_image":[{"width":600,"height":600,"url":"https:\/\/www.miomiorun.com\/app\/uploads\/2022\/04\/leki-neotrail-FX.one-superlite-65225861.jpg","type":"image\/jpeg"}],"twitter_card":"summary_large_image","twitter_misc":{"Est. reading time":"2 minutes"},"schema":{"@context":"https:\/\/schema.org","@graph":[{"@type":"WebPage","@id":"https:\/\/www.miomiorun.com\/es\/producto\/leki-neotrail-fx-one-superlite\/","url":"https:\/\/www.miomiorun.com\/es\/producto\/leki-neotrail-fx-one-superlite\/","name":"Leki Neotrail Fx.One Superlite - bast\u00f3n para correr - MioMioRun.com","isPartOf":{"@id":"https:\/\/www.miomiorun.com\/es\/#website"},"primaryImageOfPage":{"@id":"https:\/\/www.miomiorun.com\/es\/producto\/leki-neotrail-fx-one-superlite\/#primaryimage"},"image":{"@id":"https:\/\/www.miomiorun.com\/es\/producto\/leki-neotrail-fx-one-superlite\/#primaryimage"},"thumbnailUrl":"https:\/\/www.miomiorun.com\/app\/uploads\/2022\/04\/leki-neotrail-FX.one-superlite-65225861.jpg","datePublished":"2022-04-19T16:55:23+00:00","dateModified":"2026-05-05T16:52:42+00:00","description":"\u00a1El Neotrail FX.One Superlite es tu compa\u00f1ero ultraligero para la pr\u00f3xima carrera de trail running! Es un bast\u00f3n de carbono muy estable.","breadcrumb":{"@id":"https:\/\/www.miomiorun.com\/es\/producto\/leki-neotrail-fx-one-superlite\/#breadcrumb"},"inLanguage":"es-ES","potentialAction":[{"@type":"ReadAction","target":["https:\/\/www.miomiorun.com\/es\/producto\/leki-neotrail-fx-one-superlite\/"]}]},{"@type":"ImageObject","inLanguage":"es-ES","@id":"https:\/\/www.miomiorun.com\/es\/producto\/leki-neotrail-fx-one-superlite\/#primaryimage","url":"https:\/\/www.miomiorun.com\/app\/uploads\/2022\/04\/leki-neotrail-FX.one-superlite-65225861.jpg","contentUrl":"https:\/\/www.miomiorun.com\/app\/uploads\/2022\/04\/leki-neotrail-FX.one-superlite-65225861.jpg","width":600,"height":600,"caption":"leki-neotrail-FX.one-superlite-65225861"},{"@type":"BreadcrumbList","@id":"https:\/\/www.miomiorun.com\/es\/producto\/leki-neotrail-fx-one-superlite\/#breadcrumb","itemListElement":[{"@type":"ListItem","position":1,"name":"Home","item":"https:\/\/www.miomiorun.com\/es\/"},{"@type":"ListItem","position":2,"name":"Shop","item":"https:\/\/www.miomiorun.com\/shop\/"},{"@type":"ListItem","position":3,"name":"Neotrail Fx.One Superlite"}]},{"@type":"WebSite","@id":"https:\/\/www.miomiorun.com\/es\/#website","url":"https:\/\/www.miomiorun.com\/es\/","name":"MioMioRun","description":"Tienda 100% running y trail","publisher":{"@id":"https:\/\/www.miomiorun.com\/es\/#organization"},"potentialAction":[{"@type":"SearchAction","target":{"@type":"EntryPoint","urlTemplate":"https:\/\/www.miomiorun.com\/es\/?s={search_term_string}"},"query-input":{"@type":"PropertyValueSpecification","valueRequired":true,"valueName":"search_term_string"}}],"inLanguage":"es-ES"},{"@type":"Organization","@id":"https:\/\/www.miomiorun.com\/es\/#organization","name":"MioMio Run","url":"https:\/\/www.miomiorun.com\/es\/","logo":{"@type":"ImageObject","inLanguage":"es-ES","@id":"https:\/\/www.miomiorun.com\/es\/#\/schema\/logo\/image\/","url":"https:\/\/www.miomiorun.com\/app\/uploads\/2019\/12\/logomio.png","contentUrl":"https:\/\/www.miomiorun.com\/app\/uploads\/2019\/12\/logomio.png","width":115,"height":82,"caption":"MioMio Run"},"image":{"@id":"https:\/\/www.miomiorun.com\/es\/#\/schema\/logo\/image\/"},"sameAs":["https:\/\/www.facebook.com\/miomiorun\/","https:\/\/www.instagram.com\/miomiorun\/"]}]}},"_links":{"self":[{"href":"https:\/\/www.miomiorun.com\/es\/wp-json\/wp\/v2\/product\/282643","targetHints":{"allow":["GET"]}}],"collection":[{"href":"https:\/\/www.miomiorun.com\/es\/wp-json\/wp\/v2\/product"}],"about":[{"href":"https:\/\/www.miomiorun.com\/es\/wp-json\/wp\/v2\/types\/product"}],"wp:featuredmedia":[{"embeddable":true,"href":"https:\/\/www.miomiorun.com\/es\/wp-json\/wp\/v2\/media\/236218"}],"wp:attachment":[{"href":"https:\/\/www.miomiorun.com\/es\/wp-json\/wp\/v2\/media?parent=282643"}],"wp:term":[{"taxonomy":"product_brand","embeddable":true,"href":"https:\/\/www.miomiorun.com\/es\/wp-json\/wp\/v2\/product_brand?post=282643"},{"taxonomy":"product_cat","embeddable":true,"href":"https:\/\/www.miomiorun.com\/es\/wp-json\/wp\/v2\/product_cat?post=282643"},{"taxonomy":"product_tag","embeddable":true,"href":"https:\/\/www.miomiorun.com\/es\/wp-json\/wp\/v2\/product_tag?post=282643"}],"curies":[{"name":"wp","href":"https:\/\/api.w.org\/{rel}","templated":true}]}}