{"id":282602,"date":"2022-04-22T11:36:25","date_gmt":"2022-04-22T09:36:25","guid":{"rendered":"https:\/\/miomiorun.com\/prodotto\/lurbel-tifon-pro-donna\/"},"modified":"2026-05-05T18:54:38","modified_gmt":"2026-05-05T16:54:38","slug":"lurbel-tifon-pro-mujer","status":"publish","type":"product","link":"https:\/\/www.miomiorun.com\/es\/producto\/lurbel-tifon-pro-mujer\/","title":{"rendered":"Tifon Pro mujer"},"content":{"rendered":"<div class=\"gral\">\n<div class=\"col-xs-10\">\n<p>Mallas cortas con un dise\u00f1o ergon\u00f3mico espec\u00edfico para mujeres, creadas especialmente para corredoras de monta\u00f1a de alto rendimiento.<br \/>\nDesarrolladas con la tecnolog\u00eda <strong>iDT Neo<\/strong>, que destaca por sus m\u00faltiples caracter\u00edsticas: gran capacidad termorreguladora, r\u00e1pida evaporaci\u00f3n del sudor y secado r\u00e1pido. Adem\u00e1s, previene la aparici\u00f3n de malos olores gracias a su alto efecto antibacteriano.<\/p>\n<p>Esta camiseta incorpora por primera vez el sistema Adaptability + A en su cintura, para mejorar el ajuste y la sujeci\u00f3n de la prenda.\u00a0Este sistema optimizado consiste en una banda el\u00e1stica de gran adaptabilidad, m\u00e1s ancha que la anterior, con una ergonom\u00eda exclusiva en la que la parte trasera es ligeramente m\u00e1s alta que la delantera para proporcionar un ajuste perfecto, adapt\u00e1ndose a los movimientos del atleta durante la competici\u00f3n.<br \/>\nCuenta con tres bolsillos: uno central trasero con cierre de velcro y dos laterales.<\/p>\n<p>Est\u00e1 confeccionado sin costuras en el per\u00edmetro y con costuras planas para ofrecer una comodidad total; adem\u00e1s, gracias al sistema de tejido bidireccional, se adapta en todo momento al corredor, acompa\u00f1\u00e1ndolo en cada zancada. Recomendado: Running, Trail running<\/p>\n<\/div>\n<\/div>\n<div class=\"comp\">\n<div class=\"col-md-10\">\n<p><strong>COMPOSICI\u00d3N<\/strong>: 37 % carb\u00f3n de bamb\u00fa, 37 % tejido de secado r\u00e1pido, 18 % iones de poliamida, 8 % licra<\/p>\n<\/div>\n<\/div>\n<div class=\"peso\">\n<div class=\"col-md-10\">\n<p><strong>PESO<\/strong>: 136 g.<\/p>\n<\/div>\n<\/div>\n<p><img decoding=\"async\" src=\"https:\/\/www.lurbel.es\/images\/tecnologias2\/logos\/184x54_logoIDTneo.png\" alt=\"iDT Neo\" \/><\/p>\n<div class=\"col-md-10\">\n<p>Cuando hablamos de comodidad para el deportista, la gesti\u00f3n de la humedad es fundamental.\u00a0Por eso, la nueva versi\u00f3n de la tecnolog\u00eda iDT combina ahora el hilo de bamb\u00fa carbonizado con un poli\u00e9ster de secci\u00f3n transversal.\u00a0 Gracias a sus cinco canales, su estructura aumenta la cantidad de sudor que se expulsa hacia el exterior y lo seca m\u00e1s r\u00e1pidamente, manteniendo tu cuerpo a una temperatura \u00f3ptima. \u00a1Se acabaron las prendas pesadas y mojadas y la sensaci\u00f3n pegajosa de llevar el sudor sobre la piel!<\/p>\n<p><strong>Propiedades optimizadas:<\/strong><\/p>\n<ul>\n<li>Regulaci\u00f3n t\u00e9rmica personalizada: expulsa m\u00e1s humedad hacia el exterior y la seca m\u00e1s r\u00e1pido.<\/li>\n<li>Doble barrera contra los olores: el hilo de bamb\u00fa ionizado y la malla de plata act\u00faan conjuntamente para prevenir la proliferaci\u00f3n de las bacterias que causan el olor.<\/li>\n<li>Termorreguladores: aislamiento t\u00e9rmico<\/li>\n<li>Factor de protecci\u00f3n UPF 50+.<\/li>\n<\/ul>\n<p><strong>Ahora tambi\u00e9n los detalles marcan la diferencia:<\/strong><\/p>\n<ul>\n<li>\n<ul>\n<li>Tacto m\u00e1s natural y suave: su estructura en zigzag permite doblarlo y estirarlo f\u00e1cilmente gracias a su particular forma de 5 canales (esta propiedad se percibe como una textura m\u00e1s suave y mullida).<\/li>\n<li>Colores m\u00e1s vivos: la mayor superficie del nuevo hilo de poli\u00e9ster permite una mejor absorci\u00f3n de los tintes, lo que realza el color de la prenda.<\/li>\n<li>Efecto de estiramiento: independientemente de tus movimientos, el tejido iDT neo recupera su forma sin problemas en cuanto dejas de ejercer presi\u00f3n sobre \u00e9l.<\/li>\n<\/ul>\n<\/li>\n<\/ul>\n<p><b>Las prendas de alta gama Feel Cool est\u00e1n dise\u00f1adas para su uso a altas temperaturas.<\/b>Su inteligente dise\u00f1o ergon\u00f3mico cuenta con zonas de mayor transpirabilidad en los puntos donde m\u00e1s se suda, mientras que sus zonas de ajuste sin presi\u00f3n y sus costuras planas proporcionan una adaptabilidad y una comodidad sin l\u00edmites. Propiedades bactericidas, inodoras y de m\u00e1xima transpirabilidad.\u00a0Uso muy espec\u00edfico en deportes a altas temperaturas.<img decoding=\"async\" class=\"iconoExigencia\" src=\"https:\/\/www.lurbel.es\/images\/exigencias\/icon-plusD.png\" \/> (Alta densidad) Estructura m\u00e1s densa y mayor grosor.\u00a0El rango de uso t\u00e9rmico es m\u00e1s amplio (condiciones m\u00e1s fr\u00edas).<\/p>\n<ul>\n<li>\n<ul class=\"prop col-xs-12 nopadding\">\n<li class=\"prop col-xs-12 col-md-3\"><img decoding=\"async\" title=\"ADATTABILIT\u00c0\" src=\"https:\/\/www.lurbel.es\/images\/propiedades\/adaptabilidad.png\" alt=\"ADATTABILIT\u00c0\" \/><br \/>\n<h4>CAPACIDAD DE ADAPTACI\u00d3N<\/h4>\n<p>Se adapta a la superficie del cuerpo.<\/li>\n<li class=\"prop col-xs-12 col-md-3\"><img decoding=\"async\" title=\"ALTE PRESTAZIONI\" src=\"https:\/\/www.lurbel.es\/images\/propiedades\/alto-rendimiento.png\" alt=\"ALTE PRESTAZIONI\" \/><br \/>\n<h4>ALTO RENDIMIENTO<\/h4>\n<p>Dise\u00f1ado para situaciones extremas.<\/li>\n<li class=\"prop col-xs-12 col-md-3\"><img decoding=\"async\" title=\"ANTI RUGHE\" src=\"https:\/\/www.lurbel.es\/images\/propiedades\/antiarrugas.png\" alt=\"ANTI RUGHE\" \/><br \/>\n<h4>ANTIRRUGAS<\/h4>\n<p>Tejido especial que evita que se formen arrugas al doblarlo.<\/li>\n<li class=\"prop col-xs-12 col-md-3\"><img decoding=\"async\" title=\"ANTIBATTERI\" src=\"https:\/\/www.lurbel.es\/images\/propiedades\/antibacterias.png\" alt=\"ANTIBATTERI\" \/><br \/>\n<h4>ANTIBACTERIANO<\/h4>\n<p>Impide la entrada o la proliferaci\u00f3n de microbios.<\/li>\n<li class=\"prop col-xs-12 col-md-3\"><img decoding=\"async\" title=\"ERGONOMICO\" src=\"https:\/\/www.lurbel.es\/images\/propiedades\/ergonomico.png\" alt=\"ERGONOMICO\" \/><br \/>\n<h4>ERGON\u00d3MICO<\/h4>\n<p>Pieza con estructura ergon\u00f3mica diferenciada para el pie derecho y el izquierdo.<\/li>\n<li class=\"prop col-xs-12 col-md-3\"><img decoding=\"async\" title=\"Fit +\" src=\"https:\/\/www.lurbel.es\/images\/propiedades\/a+.png\" alt=\"Fit +\" \/><br \/>\n<h4>FIT +<\/h4>\n<p>M\u00e1xima adaptabilidad<\/li>\n<li class=\"prop col-xs-12 col-md-3\"><img decoding=\"async\" title=\"PESO LEGGERO\" src=\"https:\/\/www.lurbel.es\/images\/propiedades\/peso-ligero.png\" alt=\"PESO LEGGERO\" \/><br \/>\n<h4>PESO LIGERO<\/h4>\n<p>Prendas ligeras.<\/li>\n<li class=\"prop col-xs-12 col-md-3\"><img decoding=\"async\" title=\"RINFORZATI\" src=\"https:\/\/www.lurbel.es\/images\/propiedades\/reforzado.png\" alt=\"RINFORZATI\" \/><br \/>\n<h4>REFORZADOS<\/h4>\n<p>Refuerzos en las zonas de mayor desgaste para proporcionar mayor comodidad y durabilidad a la prenda.<\/li>\n<li class=\"prop col-xs-12 col-md-3\"><img decoding=\"async\" title=\"SENZA PUNTI\" src=\"https:\/\/www.lurbel.es\/images\/propiedades\/sin-costuras.png\" alt=\"SENZA PUNTI\" \/><br \/>\n<h4>SIN PUNTOS<\/h4>\n<p>El cierre punto a punto de la punta evita las rozaduras<\/li>\n<li class=\"prop col-xs-12 col-md-3\"><img decoding=\"async\" title=\"Tessuto bidirezionale\" src=\"https:\/\/www.lurbel.es\/images\/propiedades\/tejido%20bidireccional_2-01.png\" alt=\"Tessuto bidirezionale\" \/><br \/>\n<h4>TEJIDO BIDIRECCIONAL<\/h4>\n<p>Estructura de tejido bidireccional, libertad de movimiento.<\/li>\n<li class=\"prop col-xs-12 col-md-3\"><img decoding=\"async\" title=\"Traspirante\" src=\"https:\/\/www.lurbel.es\/images\/propiedades\/transpirable.png\" alt=\"Traspirante\" \/><br \/>\n<h4>TRANSPIRABLE<\/h4>\n<p>El tejido se abre en zonas espec\u00edficas para mejorar la ventilaci\u00f3n de la piel.<\/li>\n<li class=\"prop col-xs-12 col-md-3\"><img decoding=\"async\" title=\"UNISEX\" src=\"https:\/\/www.lurbel.es\/images\/propiedades\/unisex.png\" alt=\"UNISEX\" \/><br \/>\n<h4>UNISEX<\/h4>\n<p>&nbsp;<\/li>\n<li class=\"prop col-xs-12 col-md-3\"><img decoding=\"async\" title=\"Protezione UV UPF 50+\" src=\"https:\/\/www.lurbel.es\/images\/propiedades\/UPF+50_41X43-01-01.png\" alt=\"Protezione UV UPF 50+\" \/><br \/>\n<h4>PROTECCI\u00d3N UV UPF 50+<\/h4>\n<p>Protege tu piel del sol.<\/li>\n<\/ul>\n<\/li>\n<\/ul>\n<\/div>\n","protected":false},"excerpt":{"rendered":"<p>Mallas cortas con un dise\u00f1o ergon\u00f3mico espec\u00edfico para mujeres, creadas especialmente para corredoras de monta\u00f1a de alto rendimiento. Desarrolladas con la tecnolog\u00eda iDT Neo, que destaca por sus m\u00faltiples caracter\u00edsticas: gran capacidad termorreguladora, r\u00e1pida evaporaci\u00f3n del sudor y secado r\u00e1pido. Adem\u00e1s, previene la aparici\u00f3n de malos olores gracias a su alto efecto antibacteriano. Esta camiseta &hellip; <a href=\"https:\/\/www.miomiorun.com\/es\/producto\/lurbel-tifon-pro-mujer\/\">Continued<\/a><\/p>\n","protected":false},"featured_media":236224,"template":"","meta":{"_acf_changed":false,"inline_featured_image":false},"product_brand":[],"product_cat":[24395,24401,24402],"product_tag":[23551,23629],"class_list":{"0":"post-282602","1":"product","2":"type-product","3":"status-publish","4":"has-post-thumbnail","6":"product_cat-pantalones-cortos","7":"product_cat-ropa-de-mujer","8":"product_cat-mujer","9":"product_tag-lurbel-es","10":"product_tag-lurbel-mujer","11":"pa_attivita-trail-es","12":"pa_colore-tifon-pro-w-black-red-es","13":"pa_marca-lurbel-es","14":"pa_sesso-mujer","15":"pa_size-extra-small-es","17":"first","18":"instock","19":"sale","20":"taxable","21":"shipping-taxable","22":"purchasable","23":"product-type-variable","24":"wvs-archive-product-wrapper"},"acf":[],"yoast_head":"<!-- This site is optimized with the Yoast SEO plugin v26.8 - https:\/\/yoast.com\/product\/yoast-seo-wordpress\/ -->\n<title>Lurbel Tifon Pro mujer - pantalones cortos para correr - MioMioRun<\/title>\n<meta name=\"description\" content=\"Mallas cortas con un dise\u00f1o ergon\u00f3mico espec\u00edfico para mujeres, pensadas especialmente para corredoras de monta\u00f1a de alto rendimiento.\" \/>\n<meta name=\"robots\" content=\"index, follow, max-snippet:-1, max-image-preview:large, max-video-preview:-1\" \/>\n<link rel=\"canonical\" href=\"https:\/\/www.miomiorun.com\/es\/producto\/lurbel-tifon-pro-mujer\/\" \/>\n<meta property=\"og:locale\" content=\"es_ES\" \/>\n<meta property=\"og:type\" content=\"article\" \/>\n<meta property=\"og:title\" content=\"Lurbel Tifon Pro mujer - pantalones cortos para correr - MioMioRun\" \/>\n<meta property=\"og:description\" content=\"Mallas cortas con un dise\u00f1o ergon\u00f3mico espec\u00edfico para mujeres, pensadas especialmente para corredoras de monta\u00f1a de alto rendimiento.\" \/>\n<meta property=\"og:url\" content=\"https:\/\/www.miomiorun.com\/es\/producto\/lurbel-tifon-pro-mujer\/\" \/>\n<meta property=\"og:site_name\" content=\"MioMioRun\" \/>\n<meta property=\"article:publisher\" content=\"https:\/\/www.facebook.com\/miomiorun\/\" \/>\n<meta property=\"article:modified_time\" content=\"2026-05-05T16:54:38+00:00\" \/>\n<meta property=\"og:image\" content=\"https:\/\/www.miomiorun.com\/app\/uploads\/2022\/04\/lurbel-tifon-pro-W-black-red-00A2.409W.0005.jpg\" \/>\n\t<meta property=\"og:image:width\" content=\"600\" \/>\n\t<meta property=\"og:image:height\" content=\"600\" \/>\n\t<meta property=\"og:image:type\" content=\"image\/jpeg\" \/>\n<meta name=\"twitter:card\" content=\"summary_large_image\" \/>\n<meta name=\"twitter:label1\" content=\"Est. reading time\" \/>\n\t<meta name=\"twitter:data1\" content=\"3 minutes\" \/>\n<script type=\"application\/ld+json\" class=\"yoast-schema-graph\">{\"@context\":\"https:\/\/schema.org\",\"@graph\":[{\"@type\":\"WebPage\",\"@id\":\"https:\/\/www.miomiorun.com\/es\/producto\/lurbel-tifon-pro-mujer\/\",\"url\":\"https:\/\/www.miomiorun.com\/es\/producto\/lurbel-tifon-pro-mujer\/\",\"name\":\"Lurbel Tifon Pro mujer - pantalones cortos para correr - MioMioRun\",\"isPartOf\":{\"@id\":\"https:\/\/www.miomiorun.com\/es\/#website\"},\"primaryImageOfPage\":{\"@id\":\"https:\/\/www.miomiorun.com\/es\/producto\/lurbel-tifon-pro-mujer\/#primaryimage\"},\"image\":{\"@id\":\"https:\/\/www.miomiorun.com\/es\/producto\/lurbel-tifon-pro-mujer\/#primaryimage\"},\"thumbnailUrl\":\"https:\/\/www.miomiorun.com\/app\/uploads\/2022\/04\/lurbel-tifon-pro-W-black-red-00A2.409W.0005.jpg\",\"datePublished\":\"2022-04-22T09:36:25+00:00\",\"dateModified\":\"2026-05-05T16:54:38+00:00\",\"description\":\"Mallas cortas con un dise\u00f1o ergon\u00f3mico espec\u00edfico para mujeres, pensadas especialmente para corredoras de monta\u00f1a de alto rendimiento.\",\"breadcrumb\":{\"@id\":\"https:\/\/www.miomiorun.com\/es\/producto\/lurbel-tifon-pro-mujer\/#breadcrumb\"},\"inLanguage\":\"es-ES\",\"potentialAction\":[{\"@type\":\"ReadAction\",\"target\":[\"https:\/\/www.miomiorun.com\/es\/producto\/lurbel-tifon-pro-mujer\/\"]}]},{\"@type\":\"ImageObject\",\"inLanguage\":\"es-ES\",\"@id\":\"https:\/\/www.miomiorun.com\/es\/producto\/lurbel-tifon-pro-mujer\/#primaryimage\",\"url\":\"https:\/\/www.miomiorun.com\/app\/uploads\/2022\/04\/lurbel-tifon-pro-W-black-red-00A2.409W.0005.jpg\",\"contentUrl\":\"https:\/\/www.miomiorun.com\/app\/uploads\/2022\/04\/lurbel-tifon-pro-W-black-red-00A2.409W.0005.jpg\",\"width\":600,\"height\":600,\"caption\":\"lurbel-tifon-pro-W-black-red-00A2.409W.0005\"},{\"@type\":\"BreadcrumbList\",\"@id\":\"https:\/\/www.miomiorun.com\/es\/producto\/lurbel-tifon-pro-mujer\/#breadcrumb\",\"itemListElement\":[{\"@type\":\"ListItem\",\"position\":1,\"name\":\"Home\",\"item\":\"https:\/\/www.miomiorun.com\/es\/\"},{\"@type\":\"ListItem\",\"position\":2,\"name\":\"Shop\",\"item\":\"https:\/\/www.miomiorun.com\/shop\/\"},{\"@type\":\"ListItem\",\"position\":3,\"name\":\"Tifon Pro mujer\"}]},{\"@type\":\"WebSite\",\"@id\":\"https:\/\/www.miomiorun.com\/es\/#website\",\"url\":\"https:\/\/www.miomiorun.com\/es\/\",\"name\":\"MioMioRun\",\"description\":\"Tienda 100% running y trail\",\"publisher\":{\"@id\":\"https:\/\/www.miomiorun.com\/es\/#organization\"},\"potentialAction\":[{\"@type\":\"SearchAction\",\"target\":{\"@type\":\"EntryPoint\",\"urlTemplate\":\"https:\/\/www.miomiorun.com\/es\/?s={search_term_string}\"},\"query-input\":{\"@type\":\"PropertyValueSpecification\",\"valueRequired\":true,\"valueName\":\"search_term_string\"}}],\"inLanguage\":\"es-ES\"},{\"@type\":\"Organization\",\"@id\":\"https:\/\/www.miomiorun.com\/es\/#organization\",\"name\":\"MioMio Run\",\"url\":\"https:\/\/www.miomiorun.com\/es\/\",\"logo\":{\"@type\":\"ImageObject\",\"inLanguage\":\"es-ES\",\"@id\":\"https:\/\/www.miomiorun.com\/es\/#\/schema\/logo\/image\/\",\"url\":\"https:\/\/www.miomiorun.com\/app\/uploads\/2019\/12\/logomio.png\",\"contentUrl\":\"https:\/\/www.miomiorun.com\/app\/uploads\/2019\/12\/logomio.png\",\"width\":115,\"height\":82,\"caption\":\"MioMio Run\"},\"image\":{\"@id\":\"https:\/\/www.miomiorun.com\/es\/#\/schema\/logo\/image\/\"},\"sameAs\":[\"https:\/\/www.facebook.com\/miomiorun\/\",\"https:\/\/www.instagram.com\/miomiorun\/\"]}]}<\/script>\n<!-- \/ Yoast SEO plugin. -->","yoast_head_json":{"title":"Lurbel Tifon Pro mujer - pantalones cortos para correr - MioMioRun","description":"Mallas cortas con un dise\u00f1o ergon\u00f3mico espec\u00edfico para mujeres, pensadas especialmente para corredoras de monta\u00f1a de alto rendimiento.","robots":{"index":"index","follow":"follow","max-snippet":"max-snippet:-1","max-image-preview":"max-image-preview:large","max-video-preview":"max-video-preview:-1"},"canonical":"https:\/\/www.miomiorun.com\/es\/producto\/lurbel-tifon-pro-mujer\/","og_locale":"es_ES","og_type":"article","og_title":"Lurbel Tifon Pro mujer - pantalones cortos para correr - MioMioRun","og_description":"Mallas cortas con un dise\u00f1o ergon\u00f3mico espec\u00edfico para mujeres, pensadas especialmente para corredoras de monta\u00f1a de alto rendimiento.","og_url":"https:\/\/www.miomiorun.com\/es\/producto\/lurbel-tifon-pro-mujer\/","og_site_name":"MioMioRun","article_publisher":"https:\/\/www.facebook.com\/miomiorun\/","article_modified_time":"2026-05-05T16:54:38+00:00","og_image":[{"width":600,"height":600,"url":"https:\/\/www.miomiorun.com\/app\/uploads\/2022\/04\/lurbel-tifon-pro-W-black-red-00A2.409W.0005.jpg","type":"image\/jpeg"}],"twitter_card":"summary_large_image","twitter_misc":{"Est. reading time":"3 minutes"},"schema":{"@context":"https:\/\/schema.org","@graph":[{"@type":"WebPage","@id":"https:\/\/www.miomiorun.com\/es\/producto\/lurbel-tifon-pro-mujer\/","url":"https:\/\/www.miomiorun.com\/es\/producto\/lurbel-tifon-pro-mujer\/","name":"Lurbel Tifon Pro mujer - pantalones cortos para correr - MioMioRun","isPartOf":{"@id":"https:\/\/www.miomiorun.com\/es\/#website"},"primaryImageOfPage":{"@id":"https:\/\/www.miomiorun.com\/es\/producto\/lurbel-tifon-pro-mujer\/#primaryimage"},"image":{"@id":"https:\/\/www.miomiorun.com\/es\/producto\/lurbel-tifon-pro-mujer\/#primaryimage"},"thumbnailUrl":"https:\/\/www.miomiorun.com\/app\/uploads\/2022\/04\/lurbel-tifon-pro-W-black-red-00A2.409W.0005.jpg","datePublished":"2022-04-22T09:36:25+00:00","dateModified":"2026-05-05T16:54:38+00:00","description":"Mallas cortas con un dise\u00f1o ergon\u00f3mico espec\u00edfico para mujeres, pensadas especialmente para corredoras de monta\u00f1a de alto rendimiento.","breadcrumb":{"@id":"https:\/\/www.miomiorun.com\/es\/producto\/lurbel-tifon-pro-mujer\/#breadcrumb"},"inLanguage":"es-ES","potentialAction":[{"@type":"ReadAction","target":["https:\/\/www.miomiorun.com\/es\/producto\/lurbel-tifon-pro-mujer\/"]}]},{"@type":"ImageObject","inLanguage":"es-ES","@id":"https:\/\/www.miomiorun.com\/es\/producto\/lurbel-tifon-pro-mujer\/#primaryimage","url":"https:\/\/www.miomiorun.com\/app\/uploads\/2022\/04\/lurbel-tifon-pro-W-black-red-00A2.409W.0005.jpg","contentUrl":"https:\/\/www.miomiorun.com\/app\/uploads\/2022\/04\/lurbel-tifon-pro-W-black-red-00A2.409W.0005.jpg","width":600,"height":600,"caption":"lurbel-tifon-pro-W-black-red-00A2.409W.0005"},{"@type":"BreadcrumbList","@id":"https:\/\/www.miomiorun.com\/es\/producto\/lurbel-tifon-pro-mujer\/#breadcrumb","itemListElement":[{"@type":"ListItem","position":1,"name":"Home","item":"https:\/\/www.miomiorun.com\/es\/"},{"@type":"ListItem","position":2,"name":"Shop","item":"https:\/\/www.miomiorun.com\/shop\/"},{"@type":"ListItem","position":3,"name":"Tifon Pro mujer"}]},{"@type":"WebSite","@id":"https:\/\/www.miomiorun.com\/es\/#website","url":"https:\/\/www.miomiorun.com\/es\/","name":"MioMioRun","description":"Tienda 100% running y trail","publisher":{"@id":"https:\/\/www.miomiorun.com\/es\/#organization"},"potentialAction":[{"@type":"SearchAction","target":{"@type":"EntryPoint","urlTemplate":"https:\/\/www.miomiorun.com\/es\/?s={search_term_string}"},"query-input":{"@type":"PropertyValueSpecification","valueRequired":true,"valueName":"search_term_string"}}],"inLanguage":"es-ES"},{"@type":"Organization","@id":"https:\/\/www.miomiorun.com\/es\/#organization","name":"MioMio Run","url":"https:\/\/www.miomiorun.com\/es\/","logo":{"@type":"ImageObject","inLanguage":"es-ES","@id":"https:\/\/www.miomiorun.com\/es\/#\/schema\/logo\/image\/","url":"https:\/\/www.miomiorun.com\/app\/uploads\/2019\/12\/logomio.png","contentUrl":"https:\/\/www.miomiorun.com\/app\/uploads\/2019\/12\/logomio.png","width":115,"height":82,"caption":"MioMio Run"},"image":{"@id":"https:\/\/www.miomiorun.com\/es\/#\/schema\/logo\/image\/"},"sameAs":["https:\/\/www.facebook.com\/miomiorun\/","https:\/\/www.instagram.com\/miomiorun\/"]}]}},"_links":{"self":[{"href":"https:\/\/www.miomiorun.com\/es\/wp-json\/wp\/v2\/product\/282602","targetHints":{"allow":["GET"]}}],"collection":[{"href":"https:\/\/www.miomiorun.com\/es\/wp-json\/wp\/v2\/product"}],"about":[{"href":"https:\/\/www.miomiorun.com\/es\/wp-json\/wp\/v2\/types\/product"}],"wp:featuredmedia":[{"embeddable":true,"href":"https:\/\/www.miomiorun.com\/es\/wp-json\/wp\/v2\/media\/236224"}],"wp:attachment":[{"href":"https:\/\/www.miomiorun.com\/es\/wp-json\/wp\/v2\/media?parent=282602"}],"wp:term":[{"taxonomy":"product_brand","embeddable":true,"href":"https:\/\/www.miomiorun.com\/es\/wp-json\/wp\/v2\/product_brand?post=282602"},{"taxonomy":"product_cat","embeddable":true,"href":"https:\/\/www.miomiorun.com\/es\/wp-json\/wp\/v2\/product_cat?post=282602"},{"taxonomy":"product_tag","embeddable":true,"href":"https:\/\/www.miomiorun.com\/es\/wp-json\/wp\/v2\/product_tag?post=282602"}],"curies":[{"name":"wp","href":"https:\/\/api.w.org\/{rel}","templated":true}]}}