{"id":282599,"date":"2022-04-22T12:03:24","date_gmt":"2022-04-22T10:03:24","guid":{"rendered":"https:\/\/miomiorun.com\/prodotto\/lurbel-bib-pro\/"},"modified":"2026-05-05T18:55:42","modified_gmt":"2026-05-05T16:55:42","slug":"lurbel-bib-pro","status":"publish","type":"product","link":"https:\/\/www.miomiorun.com\/es\/producto\/lurbel-bib-pro\/","title":{"rendered":"Bib Pro"},"content":{"rendered":"<p id=\"tw-target-text\" class=\"tw-data-text tw-text-large tw-ta\" dir=\"ltr\" data-placeholder=\"Traduzione\"><span class=\"Y2IQFc\" lang=\"it\">Porta dorsales unisex. Este accesorio minimalista incluye dos cierres el\u00e1sticos para sujetar el dorsal y dos tiradores para ajustar los cierres.<\/span><\/p>\n<p dir=\"ltr\" data-placeholder=\"Traduzione\"><strong>Tecnolog\u00edas utilizadas:<\/strong><\/p>\n<p dir=\"ltr\" data-placeholder=\"Traduzione\"><img decoding=\"async\" class=\"img-responsive\" src=\"https:\/\/www.lurbel.ch\/images\/tecnologias2\/logos\/184_logoIDTneo_recycled.png\" \/><\/p>\n<p>Cuando se trata del confort del deportista, el control de la humedad es fundamental.<\/p>\n<p>No queremos ser una marca m\u00e1s. Por eso, adem\u00e1s de ofrecer a los deportistas un rendimiento t\u00e9cnico \u00f3ptimo, nos esforzamos por poner en marcha iniciativas y procedimientos que nos permitan ser m\u00e1s respetuosos con el medio ambiente.<br \/>\nPor ello, la tecnolog\u00eda iDT Neo Recycled, adem\u00e1s de combinarse con un poli\u00e9ster de secci\u00f3n transversal, utiliza poli\u00e9ster reciclado en el hilo que sostiene las part\u00edculas de bamb\u00fa carbonizado i\u00f3nico.<\/p>\n<p>Mayor absorci\u00f3n de la humedad y mayor superficie de evaporaci\u00f3n. Gracias a sus cinco canales, su estructura aumenta la cantidad de sudor que se expulsa al exterior y lo seca m\u00e1s r\u00e1pidamente, manteniendo tu cuerpo a una temperatura \u00f3ptima.<\/p>\n<p>iDT Neo Recycled incorpora poli\u00e9ster procedente de fuentes recicladas.<\/p>\n<p>El poli\u00e9ster reciclado en el que se basan las part\u00edculas i\u00f3nicas de bamb\u00fa carbonizado se obtiene a partir de residuos industriales de la industria textil, junto con envases de PET seleccionados que se trituran y extruen antes de ser reelaborados y convertidos en nuevos pol\u00edmeros.<\/p>\n<p>Gracias a nuestro riguroso proceso de selecci\u00f3n de proveedores, nuestro proveedor de poli\u00e9ster reciclado es una empresa de origen espa\u00f1ol que cuenta con la certificaci\u00f3n GRS (Global Recycled Standard). Esta certificaci\u00f3n garantiza que, adem\u00e1s de ser un hilo m\u00e1s respetuoso con el medio ambiente, cumple todos los requisitos de rendimiento del pol\u00edmero virgen utilizado hasta ahora en la tecnolog\u00eda iDT Neo.<\/p>\n<p><strong>Caracter\u00edsticas:<\/strong><\/p>\n<ul>\n<li>Regulaci\u00f3n t\u00e9rmica personalizada: expulsa m\u00e1s humedad hacia el exterior y se seca m\u00e1s r\u00e1pido.<\/li>\n<li>Doble barrera antiolor: el hilo de bamb\u00fa ionizado y una rejilla de plata act\u00faan conjuntamente para prevenir la proliferaci\u00f3n de las bacterias que causan los malos olores.<\/li>\n<li>Termorreguladores: aislamiento t\u00e9rmico.<\/li>\n<li>Factor de protecci\u00f3n solar SPF 50+.<\/li>\n<\/ul>\n<p><strong>Ahora tambi\u00e9n los detalles marcan la diferencia:<\/strong><\/p>\n<ul>\n<li>M\u00e1s natural y suave al tacto:<\/li>\n<\/ul>\n<p>La estructura en zigzag permite doblar y estirar f\u00e1cilmente el material gracias a su forma especial, que incorpora 5 canales (esto se percibe como una textura m\u00e1s esponjosa y suave).<\/p>\n<ul>\n<li>Colores m\u00e1s vivos:<\/li>\n<\/ul>\n<p>La mayor superficie del nuevo hilo de poli\u00e9ster permite una mejor absorci\u00f3n de los colorantes, lo que realza el color de la prenda.<\/p>\n<ul>\n<li>Efecto planchado:<\/li>\n<\/ul>\n<p>Independientemente del movimiento que realices, el tejido iDT neo recupera su forma sin problemas en cuanto dejas de ejercer presi\u00f3n sobre \u00e9l.<\/p>\n","protected":false},"excerpt":{"rendered":"<p>Porta dorsales unisex. Este accesorio minimalista incluye dos cierres el\u00e1sticos para sujetar el dorsal y dos tiradores para ajustar los cierres. Tecnolog\u00edas utilizadas: Cuando se trata del confort del deportista, el control de la humedad es fundamental. No queremos ser una marca m\u00e1s. Por eso, adem\u00e1s de ofrecer a los deportistas un rendimiento t\u00e9cnico \u00f3ptimo, &hellip; <a href=\"https:\/\/www.miomiorun.com\/es\/producto\/lurbel-bib-pro\/\">Continued<\/a><\/p>\n","protected":false},"featured_media":236230,"template":"","meta":{"_acf_changed":false,"inline_featured_image":false},"product_brand":[],"product_cat":[24205,24419],"product_tag":[23551,23677,23629],"class_list":{"0":"post-282599","1":"product","2":"type-product","3":"status-publish","4":"has-post-thumbnail","6":"product_cat-accesorios","7":"product_cat-varios","8":"product_tag-lurbel-es","9":"product_tag-lurbel-hombre","10":"product_tag-lurbel-mujer","11":"pa_attivita-running-es","12":"pa_marca-lurbel-es","13":"pa_sesso-hombre","14":"pa_sesso-mujer","15":"pa_size-medium-es","16":"pa_size-large-es","18":"first","19":"instock","20":"sale","21":"taxable","22":"shipping-taxable","23":"purchasable","24":"product-type-variable","25":"wvs-archive-product-wrapper"},"acf":[],"yoast_head":"<!-- This site is optimized with the Yoast SEO plugin v26.8 - https:\/\/yoast.com\/product\/yoast-seo-wordpress\/ -->\n<title>Lurbel Bib Pro - Porta babero - MioMioRun<\/title>\n<meta name=\"description\" content=\"Porta dorsales unisex. Este accesorio minimalista incluye dos cierres el\u00e1sticos para sujetar el dorsal.\" \/>\n<meta name=\"robots\" content=\"index, follow, max-snippet:-1, max-image-preview:large, max-video-preview:-1\" \/>\n<link rel=\"canonical\" href=\"https:\/\/www.miomiorun.com\/es\/producto\/lurbel-bib-pro\/\" \/>\n<meta property=\"og:locale\" content=\"es_ES\" \/>\n<meta property=\"og:type\" content=\"article\" \/>\n<meta property=\"og:title\" content=\"Lurbel Bib Pro - Porta babero - MioMioRun\" \/>\n<meta property=\"og:description\" content=\"Porta dorsales unisex. Este accesorio minimalista incluye dos cierres el\u00e1sticos para sujetar el dorsal.\" \/>\n<meta property=\"og:url\" content=\"https:\/\/www.miomiorun.com\/es\/producto\/lurbel-bib-pro\/\" \/>\n<meta property=\"og:site_name\" content=\"MioMioRun\" \/>\n<meta property=\"article:publisher\" content=\"https:\/\/www.facebook.com\/miomiorun\/\" \/>\n<meta property=\"article:modified_time\" content=\"2026-05-05T16:55:42+00:00\" \/>\n<meta property=\"og:image\" content=\"https:\/\/www.miomiorun.com\/app\/uploads\/2022\/04\/lurbel-bib-pro-00A7.729U.0000.jpg\" \/>\n\t<meta property=\"og:image:width\" content=\"600\" \/>\n\t<meta property=\"og:image:height\" content=\"600\" \/>\n\t<meta property=\"og:image:type\" content=\"image\/jpeg\" \/>\n<meta name=\"twitter:card\" content=\"summary_large_image\" \/>\n<meta name=\"twitter:label1\" content=\"Est. reading time\" \/>\n\t<meta name=\"twitter:data1\" content=\"2 minutes\" \/>\n<script type=\"application\/ld+json\" class=\"yoast-schema-graph\">{\"@context\":\"https:\/\/schema.org\",\"@graph\":[{\"@type\":\"WebPage\",\"@id\":\"https:\/\/www.miomiorun.com\/es\/producto\/lurbel-bib-pro\/\",\"url\":\"https:\/\/www.miomiorun.com\/es\/producto\/lurbel-bib-pro\/\",\"name\":\"Lurbel Bib Pro - Porta babero - MioMioRun\",\"isPartOf\":{\"@id\":\"https:\/\/www.miomiorun.com\/es\/#website\"},\"primaryImageOfPage\":{\"@id\":\"https:\/\/www.miomiorun.com\/es\/producto\/lurbel-bib-pro\/#primaryimage\"},\"image\":{\"@id\":\"https:\/\/www.miomiorun.com\/es\/producto\/lurbel-bib-pro\/#primaryimage\"},\"thumbnailUrl\":\"https:\/\/www.miomiorun.com\/app\/uploads\/2022\/04\/lurbel-bib-pro-00A7.729U.0000.jpg\",\"datePublished\":\"2022-04-22T10:03:24+00:00\",\"dateModified\":\"2026-05-05T16:55:42+00:00\",\"description\":\"Porta dorsales unisex. Este accesorio minimalista incluye dos cierres el\u00e1sticos para sujetar el dorsal.\",\"breadcrumb\":{\"@id\":\"https:\/\/www.miomiorun.com\/es\/producto\/lurbel-bib-pro\/#breadcrumb\"},\"inLanguage\":\"es-ES\",\"potentialAction\":[{\"@type\":\"ReadAction\",\"target\":[\"https:\/\/www.miomiorun.com\/es\/producto\/lurbel-bib-pro\/\"]}]},{\"@type\":\"ImageObject\",\"inLanguage\":\"es-ES\",\"@id\":\"https:\/\/www.miomiorun.com\/es\/producto\/lurbel-bib-pro\/#primaryimage\",\"url\":\"https:\/\/www.miomiorun.com\/app\/uploads\/2022\/04\/lurbel-bib-pro-00A7.729U.0000.jpg\",\"contentUrl\":\"https:\/\/www.miomiorun.com\/app\/uploads\/2022\/04\/lurbel-bib-pro-00A7.729U.0000.jpg\",\"width\":600,\"height\":600,\"caption\":\"lurbel-bib-pro-00A7.729U.0000\"},{\"@type\":\"BreadcrumbList\",\"@id\":\"https:\/\/www.miomiorun.com\/es\/producto\/lurbel-bib-pro\/#breadcrumb\",\"itemListElement\":[{\"@type\":\"ListItem\",\"position\":1,\"name\":\"Home\",\"item\":\"https:\/\/www.miomiorun.com\/es\/\"},{\"@type\":\"ListItem\",\"position\":2,\"name\":\"Shop\",\"item\":\"https:\/\/www.miomiorun.com\/shop\/\"},{\"@type\":\"ListItem\",\"position\":3,\"name\":\"Bib Pro\"}]},{\"@type\":\"WebSite\",\"@id\":\"https:\/\/www.miomiorun.com\/es\/#website\",\"url\":\"https:\/\/www.miomiorun.com\/es\/\",\"name\":\"MioMioRun\",\"description\":\"Tienda 100% running y trail\",\"publisher\":{\"@id\":\"https:\/\/www.miomiorun.com\/es\/#organization\"},\"potentialAction\":[{\"@type\":\"SearchAction\",\"target\":{\"@type\":\"EntryPoint\",\"urlTemplate\":\"https:\/\/www.miomiorun.com\/es\/?s={search_term_string}\"},\"query-input\":{\"@type\":\"PropertyValueSpecification\",\"valueRequired\":true,\"valueName\":\"search_term_string\"}}],\"inLanguage\":\"es-ES\"},{\"@type\":\"Organization\",\"@id\":\"https:\/\/www.miomiorun.com\/es\/#organization\",\"name\":\"MioMio Run\",\"url\":\"https:\/\/www.miomiorun.com\/es\/\",\"logo\":{\"@type\":\"ImageObject\",\"inLanguage\":\"es-ES\",\"@id\":\"https:\/\/www.miomiorun.com\/es\/#\/schema\/logo\/image\/\",\"url\":\"https:\/\/www.miomiorun.com\/app\/uploads\/2019\/12\/logomio.png\",\"contentUrl\":\"https:\/\/www.miomiorun.com\/app\/uploads\/2019\/12\/logomio.png\",\"width\":115,\"height\":82,\"caption\":\"MioMio Run\"},\"image\":{\"@id\":\"https:\/\/www.miomiorun.com\/es\/#\/schema\/logo\/image\/\"},\"sameAs\":[\"https:\/\/www.facebook.com\/miomiorun\/\",\"https:\/\/www.instagram.com\/miomiorun\/\"]}]}<\/script>\n<!-- \/ Yoast SEO plugin. -->","yoast_head_json":{"title":"Lurbel Bib Pro - Porta babero - MioMioRun","description":"Porta dorsales unisex. Este accesorio minimalista incluye dos cierres el\u00e1sticos para sujetar el dorsal.","robots":{"index":"index","follow":"follow","max-snippet":"max-snippet:-1","max-image-preview":"max-image-preview:large","max-video-preview":"max-video-preview:-1"},"canonical":"https:\/\/www.miomiorun.com\/es\/producto\/lurbel-bib-pro\/","og_locale":"es_ES","og_type":"article","og_title":"Lurbel Bib Pro - Porta babero - MioMioRun","og_description":"Porta dorsales unisex. Este accesorio minimalista incluye dos cierres el\u00e1sticos para sujetar el dorsal.","og_url":"https:\/\/www.miomiorun.com\/es\/producto\/lurbel-bib-pro\/","og_site_name":"MioMioRun","article_publisher":"https:\/\/www.facebook.com\/miomiorun\/","article_modified_time":"2026-05-05T16:55:42+00:00","og_image":[{"width":600,"height":600,"url":"https:\/\/www.miomiorun.com\/app\/uploads\/2022\/04\/lurbel-bib-pro-00A7.729U.0000.jpg","type":"image\/jpeg"}],"twitter_card":"summary_large_image","twitter_misc":{"Est. reading time":"2 minutes"},"schema":{"@context":"https:\/\/schema.org","@graph":[{"@type":"WebPage","@id":"https:\/\/www.miomiorun.com\/es\/producto\/lurbel-bib-pro\/","url":"https:\/\/www.miomiorun.com\/es\/producto\/lurbel-bib-pro\/","name":"Lurbel Bib Pro - Porta babero - MioMioRun","isPartOf":{"@id":"https:\/\/www.miomiorun.com\/es\/#website"},"primaryImageOfPage":{"@id":"https:\/\/www.miomiorun.com\/es\/producto\/lurbel-bib-pro\/#primaryimage"},"image":{"@id":"https:\/\/www.miomiorun.com\/es\/producto\/lurbel-bib-pro\/#primaryimage"},"thumbnailUrl":"https:\/\/www.miomiorun.com\/app\/uploads\/2022\/04\/lurbel-bib-pro-00A7.729U.0000.jpg","datePublished":"2022-04-22T10:03:24+00:00","dateModified":"2026-05-05T16:55:42+00:00","description":"Porta dorsales unisex. Este accesorio minimalista incluye dos cierres el\u00e1sticos para sujetar el dorsal.","breadcrumb":{"@id":"https:\/\/www.miomiorun.com\/es\/producto\/lurbel-bib-pro\/#breadcrumb"},"inLanguage":"es-ES","potentialAction":[{"@type":"ReadAction","target":["https:\/\/www.miomiorun.com\/es\/producto\/lurbel-bib-pro\/"]}]},{"@type":"ImageObject","inLanguage":"es-ES","@id":"https:\/\/www.miomiorun.com\/es\/producto\/lurbel-bib-pro\/#primaryimage","url":"https:\/\/www.miomiorun.com\/app\/uploads\/2022\/04\/lurbel-bib-pro-00A7.729U.0000.jpg","contentUrl":"https:\/\/www.miomiorun.com\/app\/uploads\/2022\/04\/lurbel-bib-pro-00A7.729U.0000.jpg","width":600,"height":600,"caption":"lurbel-bib-pro-00A7.729U.0000"},{"@type":"BreadcrumbList","@id":"https:\/\/www.miomiorun.com\/es\/producto\/lurbel-bib-pro\/#breadcrumb","itemListElement":[{"@type":"ListItem","position":1,"name":"Home","item":"https:\/\/www.miomiorun.com\/es\/"},{"@type":"ListItem","position":2,"name":"Shop","item":"https:\/\/www.miomiorun.com\/shop\/"},{"@type":"ListItem","position":3,"name":"Bib Pro"}]},{"@type":"WebSite","@id":"https:\/\/www.miomiorun.com\/es\/#website","url":"https:\/\/www.miomiorun.com\/es\/","name":"MioMioRun","description":"Tienda 100% running y trail","publisher":{"@id":"https:\/\/www.miomiorun.com\/es\/#organization"},"potentialAction":[{"@type":"SearchAction","target":{"@type":"EntryPoint","urlTemplate":"https:\/\/www.miomiorun.com\/es\/?s={search_term_string}"},"query-input":{"@type":"PropertyValueSpecification","valueRequired":true,"valueName":"search_term_string"}}],"inLanguage":"es-ES"},{"@type":"Organization","@id":"https:\/\/www.miomiorun.com\/es\/#organization","name":"MioMio Run","url":"https:\/\/www.miomiorun.com\/es\/","logo":{"@type":"ImageObject","inLanguage":"es-ES","@id":"https:\/\/www.miomiorun.com\/es\/#\/schema\/logo\/image\/","url":"https:\/\/www.miomiorun.com\/app\/uploads\/2019\/12\/logomio.png","contentUrl":"https:\/\/www.miomiorun.com\/app\/uploads\/2019\/12\/logomio.png","width":115,"height":82,"caption":"MioMio Run"},"image":{"@id":"https:\/\/www.miomiorun.com\/es\/#\/schema\/logo\/image\/"},"sameAs":["https:\/\/www.facebook.com\/miomiorun\/","https:\/\/www.instagram.com\/miomiorun\/"]}]}},"_links":{"self":[{"href":"https:\/\/www.miomiorun.com\/es\/wp-json\/wp\/v2\/product\/282599","targetHints":{"allow":["GET"]}}],"collection":[{"href":"https:\/\/www.miomiorun.com\/es\/wp-json\/wp\/v2\/product"}],"about":[{"href":"https:\/\/www.miomiorun.com\/es\/wp-json\/wp\/v2\/types\/product"}],"wp:featuredmedia":[{"embeddable":true,"href":"https:\/\/www.miomiorun.com\/es\/wp-json\/wp\/v2\/media\/236230"}],"wp:attachment":[{"href":"https:\/\/www.miomiorun.com\/es\/wp-json\/wp\/v2\/media?parent=282599"}],"wp:term":[{"taxonomy":"product_brand","embeddable":true,"href":"https:\/\/www.miomiorun.com\/es\/wp-json\/wp\/v2\/product_brand?post=282599"},{"taxonomy":"product_cat","embeddable":true,"href":"https:\/\/www.miomiorun.com\/es\/wp-json\/wp\/v2\/product_cat?post=282599"},{"taxonomy":"product_tag","embeddable":true,"href":"https:\/\/www.miomiorun.com\/es\/wp-json\/wp\/v2\/product_tag?post=282599"}],"curies":[{"name":"wp","href":"https:\/\/api.w.org\/{rel}","templated":true}]}}