{"id":282553,"date":"2022-04-26T17:59:00","date_gmt":"2022-04-26T15:59:00","guid":{"rendered":"https:\/\/miomiorun.com\/prodotto\/falke-ru5-lightweight-short-uomo\/"},"modified":"2026-05-05T19:02:29","modified_gmt":"2026-05-05T17:02:29","slug":"falke-ru5-lightweight-short-hombre","status":"publish","type":"product","link":"https:\/\/www.miomiorun.com\/es\/producto\/falke-ru5-lightweight-short-hombre\/","title":{"rendered":"RU5 Lightweight Short hombre"},"content":{"rendered":"<p><div class=\"vc-row container\"><div class=\"vc-column\"><div class=\"vc-column-text\"><\/p>\n<div class=\"product-section product-detailed-page__section product-detailed-page__section--details\">\n<div>\n<div>\n<div class=\"product-section__content\">Gracias a su ligero acolchado, que permite una transmisi\u00f3n directa de la energ\u00eda y una respuesta inmediata, el <strong>RU5 Lightweight short<\/strong> para hombre es el calcet\u00edn de running tobillero perfecto para los atletas. Adem\u00e1s, el acolchado garantiza protecci\u00f3n contra las ampollas, ya que reduce las zonas de presi\u00f3n. Las zonas de malla en el empeine refrescan agradablemente el pie. La eficaz evacuaci\u00f3n de la humedad y el ajuste perfecto garantizan el \u00e9xito en las competiciones.<\/div>\n<\/div>\n<\/div>\n<\/div>\n<div><\/div>\n<div><strong>Caracter\u00edsticas:<\/strong><\/div>\n<div>\n<div class=\"product-section product-detailed-page__section product-detailed-page__section--details\">\n<div>\n<div>\n<div class=\"product-section__content\">\n<div class=\"product-features\">\n<ul class=\"product-features__list\">\n<li class=\"product-features__item\">Acolchado ultraligero para una transmisi\u00f3n directa de la energ\u00eda y un contacto directo con la zapatilla<\/li>\n<li class=\"product-features__item\">Zonas de malla en la parte posterior del empeine para una m\u00e1xima ventilaci\u00f3n<\/li>\n<li class=\"product-features__item\">Mayor absorci\u00f3n de la humedad y secado m\u00e1s r\u00e1pido gracias a su estructura de tres capas<\/li>\n<li class=\"product-features__item\">Protege contra las ampollas al reducir las zonas de presi\u00f3n<\/li>\n<li class=\"product-features__item\">Ajuste perfecto gracias al acolchado en ambos lados y al dise\u00f1o anat\u00f3mico de los dedos<\/li>\n<\/ul>\n<\/div>\n<\/div>\n<\/div>\n<\/div>\n<\/div>\n<div class=\"product-section product-detailed-page__section product-detailed-page__section--description\">\n<div>\n<div>\n<div class=\"product-section__content\">\n<div class=\"product-description\">\n<div class=\"product-description__content\"><\/div>\n<\/div>\n<\/div>\n<\/div>\n<\/div>\n<\/div>\n<\/div>\n<div><\/div>\n<div class=\"product-section product-detailed-page__section product-detailed-page__section--description\">\n<div>\n<div>\n<div class=\"product-section__content\"><\/div>\n<\/div>\n<\/div>\n<\/div>\n<p><\/div><\/div><\/div><div class=\"vc-row container\"><div class=\"vc-column\"><div class=\"vc-column-text\"><\/p>\n<div class=\"product-functional-symbols__image-container\"><img decoding=\"async\" class=\"product-functional-symbols__image aligncenter\" src=\"https:\/\/www.falke.com\/it_it\/9dd393d722265eb755772abd698b837041098075\/assets\/base\/staticImages\/functionalsymbols\/icon_feuchtigkeitsregulierend.svg\" \/><\/div>\n<div class=\"product-functional-symbols__name\" style=\"text-align: center\">Regula la humedad<\/div>\n<p><\/div><\/div><div class=\"vc-column\"><div class=\"vc-column-text\"><\/p>\n<div class=\"product-functional-symbols__image-container\"><img decoding=\"async\" class=\"product-functional-symbols__image aligncenter\" src=\"https:\/\/www.falke.com\/it_it\/9dd393d722265eb755772abd698b837041098075\/assets\/base\/staticImages\/functionalsymbols\/icon_direkter-schuhkontakt.svg\" \/><\/div>\n<div class=\"product-functional-symbols__name\" style=\"text-align: center\">Contacto directo con el calzado<\/div>\n<div class=\"product-functional-symbols__tooltip\">\n<div class=\"product-functional-symbols__tooltip-content\"><\/div>\n<\/div>\n<p><\/div><\/div><div class=\"vc-column\"><div class=\"vc-column-text\"><\/p>\n<div class=\"product-functional-symbols__image-container\"><img decoding=\"async\" class=\"product-functional-symbols__image aligncenter\" src=\"https:\/\/www.falke.com\/it_it\/9dd393d722265eb755772abd698b837041098075\/assets\/base\/staticImages\/functionalsymbols\/icon_schnellste_ruecktrocknung.svg\" \/><\/div>\n<div class=\"product-functional-symbols__name\" style=\"text-align: center\">Secado m\u00e1s r\u00e1pido<\/div>\n<p><\/div><\/div><div class=\"vc-column\"><div class=\"vc-column-text\"><\/p>\n<div class=\"product-functional-symbols__image-container\"><img decoding=\"async\" class=\"product-functional-symbols__image aligncenter\" src=\"https:\/\/www.falke.com\/it_it\/9dd393d722265eb755772abd698b837041098075\/assets\/base\/staticImages\/functionalsymbols\/icon_cooling-effect.svg\" \/><\/div>\n<div class=\"product-functional-symbols__name\" style=\"text-align: center\">Efecto refrescante<\/div>\n<p><\/div><\/div><\/div><div class=\"vc-row container\"><div class=\"vc-column\"><div class=\"vc-column-text\"><strong>Material<\/strong>: 50 % polipropileno, 48 % poliamida, 2 % elastano<\/p>\n<p><strong>Longitud de la pierna:\u00a0<\/strong>Hasta el tobillo<\/p>\n<p><strong>Relleno<\/strong>: ultraligero<\/p>\n<p><strong>Ajuste:<\/strong> Anat\u00f3mico<\/p>\n<p><strong>Suela<\/strong>: Normal.<\/p>\n<p><strong>Estilo<\/strong>: Deportivo.<\/div><\/div><\/div><\/p>\n","protected":false},"excerpt":{"rendered":"","protected":false},"featured_media":236272,"template":"","meta":{"_acf_changed":false,"inline_featured_image":false},"product_brand":[],"product_cat":[24462,24463,24464],"product_tag":[23483,23607],"class_list":{"0":"post-282553","1":"product","2":"type-product","3":"status-publish","4":"has-post-thumbnail","6":"product_cat-calcetines-es-2","7":"product_cat-ropa-de-hombre-es","8":"product_cat-hombre","9":"product_tag-falke-es","10":"product_tag-falke-hombre","11":"pa_attivita-caminar","12":"pa_attivita-fitness-es","13":"pa_attivita-running-es","14":"pa_colore-ru5-lightweight-short-black-mix-es","15":"pa_colore-ru5-lightweight-short-cobalt-es","16":"pa_colore-ru5-lightweight-short-sulfur-es","17":"pa_colore-ru5-race-short-m-neon-red","18":"pa_colore-ru5-race-short-m-turquoise","19":"pa_marca-falke-es","20":"pa_sesso-hombre","21":"pa_size-39-41-es","22":"pa_size-42-43-es","23":"pa_size-44-45-es","24":"pa_size-46-48-es","26":"first","27":"instock","28":"sale","29":"taxable","30":"shipping-taxable","31":"purchasable","32":"product-type-variable","33":"wvs-archive-product-wrapper"},"acf":[],"yoast_head":"<!-- This site is optimized with the Yoast SEO plugin v26.8 - https:\/\/yoast.com\/product\/yoast-seo-wordpress\/ -->\n<title>Falke RU5 Lightweight Short hombre - Calcetines para correr - MioMioRun.com<\/title>\n<meta name=\"description\" content=\"RU5 Lightweight cuenta con un acolchado ligero que permite una transmisi\u00f3n directa de la energ\u00eda y una respuesta inmediata\" \/>\n<meta name=\"robots\" content=\"index, follow, max-snippet:-1, max-image-preview:large, max-video-preview:-1\" \/>\n<link rel=\"canonical\" href=\"https:\/\/www.miomiorun.com\/es\/producto\/falke-ru5-lightweight-short-hombre\/\" \/>\n<meta property=\"og:locale\" content=\"es_ES\" \/>\n<meta property=\"og:type\" content=\"article\" \/>\n<meta property=\"og:title\" content=\"Falke RU5 Lightweight Short hombre - Calcetines para correr - MioMioRun.com\" \/>\n<meta property=\"og:description\" content=\"RU5 Lightweight cuenta con un acolchado ligero que permite una transmisi\u00f3n directa de la energ\u00eda y una respuesta inmediata\" \/>\n<meta property=\"og:url\" content=\"https:\/\/www.miomiorun.com\/es\/producto\/falke-ru5-lightweight-short-hombre\/\" \/>\n<meta property=\"og:site_name\" content=\"MioMioRun\" \/>\n<meta property=\"article:publisher\" content=\"https:\/\/www.facebook.com\/miomiorun\/\" \/>\n<meta property=\"article:modified_time\" content=\"2026-05-05T17:02:29+00:00\" \/>\n<meta property=\"og:image\" content=\"https:\/\/www.miomiorun.com\/app\/uploads\/2022\/04\/falke-RU5-lightweight-Short-black-mix-16729-3010.jpg\" \/>\n\t<meta property=\"og:image:width\" content=\"600\" \/>\n\t<meta property=\"og:image:height\" content=\"600\" \/>\n\t<meta property=\"og:image:type\" content=\"image\/jpeg\" \/>\n<meta name=\"twitter:card\" content=\"summary_large_image\" \/>\n<meta name=\"twitter:label1\" content=\"Est. reading time\" \/>\n\t<meta name=\"twitter:data1\" content=\"1 minute\" \/>\n<script type=\"application\/ld+json\" class=\"yoast-schema-graph\">{\"@context\":\"https:\/\/schema.org\",\"@graph\":[{\"@type\":\"WebPage\",\"@id\":\"https:\/\/www.miomiorun.com\/es\/producto\/falke-ru5-lightweight-short-hombre\/\",\"url\":\"https:\/\/www.miomiorun.com\/es\/producto\/falke-ru5-lightweight-short-hombre\/\",\"name\":\"Falke RU5 Lightweight Short hombre - Calcetines para correr - MioMioRun.com\",\"isPartOf\":{\"@id\":\"https:\/\/www.miomiorun.com\/es\/#website\"},\"primaryImageOfPage\":{\"@id\":\"https:\/\/www.miomiorun.com\/es\/producto\/falke-ru5-lightweight-short-hombre\/#primaryimage\"},\"image\":{\"@id\":\"https:\/\/www.miomiorun.com\/es\/producto\/falke-ru5-lightweight-short-hombre\/#primaryimage\"},\"thumbnailUrl\":\"https:\/\/www.miomiorun.com\/app\/uploads\/2022\/04\/falke-RU5-lightweight-Short-black-mix-16729-3010.jpg\",\"datePublished\":\"2022-04-26T15:59:00+00:00\",\"dateModified\":\"2026-05-05T17:02:29+00:00\",\"description\":\"RU5 Lightweight cuenta con un acolchado ligero que permite una transmisi\u00f3n directa de la energ\u00eda y una respuesta inmediata\",\"breadcrumb\":{\"@id\":\"https:\/\/www.miomiorun.com\/es\/producto\/falke-ru5-lightweight-short-hombre\/#breadcrumb\"},\"inLanguage\":\"es-ES\",\"potentialAction\":[{\"@type\":\"ReadAction\",\"target\":[\"https:\/\/www.miomiorun.com\/es\/producto\/falke-ru5-lightweight-short-hombre\/\"]}]},{\"@type\":\"ImageObject\",\"inLanguage\":\"es-ES\",\"@id\":\"https:\/\/www.miomiorun.com\/es\/producto\/falke-ru5-lightweight-short-hombre\/#primaryimage\",\"url\":\"https:\/\/www.miomiorun.com\/app\/uploads\/2022\/04\/falke-RU5-lightweight-Short-black-mix-16729-3010.jpg\",\"contentUrl\":\"https:\/\/www.miomiorun.com\/app\/uploads\/2022\/04\/falke-RU5-lightweight-Short-black-mix-16729-3010.jpg\",\"width\":600,\"height\":600,\"caption\":\"falke-RU5-lightweight-Short-black-mix-16729-3010\"},{\"@type\":\"BreadcrumbList\",\"@id\":\"https:\/\/www.miomiorun.com\/es\/producto\/falke-ru5-lightweight-short-hombre\/#breadcrumb\",\"itemListElement\":[{\"@type\":\"ListItem\",\"position\":1,\"name\":\"Home\",\"item\":\"https:\/\/www.miomiorun.com\/es\/\"},{\"@type\":\"ListItem\",\"position\":2,\"name\":\"Shop\",\"item\":\"https:\/\/www.miomiorun.com\/shop\/\"},{\"@type\":\"ListItem\",\"position\":3,\"name\":\"RU5 Lightweight Short hombre\"}]},{\"@type\":\"WebSite\",\"@id\":\"https:\/\/www.miomiorun.com\/es\/#website\",\"url\":\"https:\/\/www.miomiorun.com\/es\/\",\"name\":\"MioMioRun\",\"description\":\"Tienda 100% running y trail\",\"publisher\":{\"@id\":\"https:\/\/www.miomiorun.com\/es\/#organization\"},\"potentialAction\":[{\"@type\":\"SearchAction\",\"target\":{\"@type\":\"EntryPoint\",\"urlTemplate\":\"https:\/\/www.miomiorun.com\/es\/?s={search_term_string}\"},\"query-input\":{\"@type\":\"PropertyValueSpecification\",\"valueRequired\":true,\"valueName\":\"search_term_string\"}}],\"inLanguage\":\"es-ES\"},{\"@type\":\"Organization\",\"@id\":\"https:\/\/www.miomiorun.com\/es\/#organization\",\"name\":\"MioMio Run\",\"url\":\"https:\/\/www.miomiorun.com\/es\/\",\"logo\":{\"@type\":\"ImageObject\",\"inLanguage\":\"es-ES\",\"@id\":\"https:\/\/www.miomiorun.com\/es\/#\/schema\/logo\/image\/\",\"url\":\"https:\/\/www.miomiorun.com\/app\/uploads\/2019\/12\/logomio.png\",\"contentUrl\":\"https:\/\/www.miomiorun.com\/app\/uploads\/2019\/12\/logomio.png\",\"width\":115,\"height\":82,\"caption\":\"MioMio Run\"},\"image\":{\"@id\":\"https:\/\/www.miomiorun.com\/es\/#\/schema\/logo\/image\/\"},\"sameAs\":[\"https:\/\/www.facebook.com\/miomiorun\/\",\"https:\/\/www.instagram.com\/miomiorun\/\"]}]}<\/script>\n<!-- \/ Yoast SEO plugin. -->","yoast_head_json":{"title":"Falke RU5 Lightweight Short hombre - Calcetines para correr - MioMioRun.com","description":"RU5 Lightweight cuenta con un acolchado ligero que permite una transmisi\u00f3n directa de la energ\u00eda y una respuesta inmediata","robots":{"index":"index","follow":"follow","max-snippet":"max-snippet:-1","max-image-preview":"max-image-preview:large","max-video-preview":"max-video-preview:-1"},"canonical":"https:\/\/www.miomiorun.com\/es\/producto\/falke-ru5-lightweight-short-hombre\/","og_locale":"es_ES","og_type":"article","og_title":"Falke RU5 Lightweight Short hombre - Calcetines para correr - MioMioRun.com","og_description":"RU5 Lightweight cuenta con un acolchado ligero que permite una transmisi\u00f3n directa de la energ\u00eda y una respuesta inmediata","og_url":"https:\/\/www.miomiorun.com\/es\/producto\/falke-ru5-lightweight-short-hombre\/","og_site_name":"MioMioRun","article_publisher":"https:\/\/www.facebook.com\/miomiorun\/","article_modified_time":"2026-05-05T17:02:29+00:00","og_image":[{"width":600,"height":600,"url":"https:\/\/www.miomiorun.com\/app\/uploads\/2022\/04\/falke-RU5-lightweight-Short-black-mix-16729-3010.jpg","type":"image\/jpeg"}],"twitter_card":"summary_large_image","twitter_misc":{"Est. reading time":"1 minute"},"schema":{"@context":"https:\/\/schema.org","@graph":[{"@type":"WebPage","@id":"https:\/\/www.miomiorun.com\/es\/producto\/falke-ru5-lightweight-short-hombre\/","url":"https:\/\/www.miomiorun.com\/es\/producto\/falke-ru5-lightweight-short-hombre\/","name":"Falke RU5 Lightweight Short hombre - Calcetines para correr - MioMioRun.com","isPartOf":{"@id":"https:\/\/www.miomiorun.com\/es\/#website"},"primaryImageOfPage":{"@id":"https:\/\/www.miomiorun.com\/es\/producto\/falke-ru5-lightweight-short-hombre\/#primaryimage"},"image":{"@id":"https:\/\/www.miomiorun.com\/es\/producto\/falke-ru5-lightweight-short-hombre\/#primaryimage"},"thumbnailUrl":"https:\/\/www.miomiorun.com\/app\/uploads\/2022\/04\/falke-RU5-lightweight-Short-black-mix-16729-3010.jpg","datePublished":"2022-04-26T15:59:00+00:00","dateModified":"2026-05-05T17:02:29+00:00","description":"RU5 Lightweight cuenta con un acolchado ligero que permite una transmisi\u00f3n directa de la energ\u00eda y una respuesta inmediata","breadcrumb":{"@id":"https:\/\/www.miomiorun.com\/es\/producto\/falke-ru5-lightweight-short-hombre\/#breadcrumb"},"inLanguage":"es-ES","potentialAction":[{"@type":"ReadAction","target":["https:\/\/www.miomiorun.com\/es\/producto\/falke-ru5-lightweight-short-hombre\/"]}]},{"@type":"ImageObject","inLanguage":"es-ES","@id":"https:\/\/www.miomiorun.com\/es\/producto\/falke-ru5-lightweight-short-hombre\/#primaryimage","url":"https:\/\/www.miomiorun.com\/app\/uploads\/2022\/04\/falke-RU5-lightweight-Short-black-mix-16729-3010.jpg","contentUrl":"https:\/\/www.miomiorun.com\/app\/uploads\/2022\/04\/falke-RU5-lightweight-Short-black-mix-16729-3010.jpg","width":600,"height":600,"caption":"falke-RU5-lightweight-Short-black-mix-16729-3010"},{"@type":"BreadcrumbList","@id":"https:\/\/www.miomiorun.com\/es\/producto\/falke-ru5-lightweight-short-hombre\/#breadcrumb","itemListElement":[{"@type":"ListItem","position":1,"name":"Home","item":"https:\/\/www.miomiorun.com\/es\/"},{"@type":"ListItem","position":2,"name":"Shop","item":"https:\/\/www.miomiorun.com\/shop\/"},{"@type":"ListItem","position":3,"name":"RU5 Lightweight Short hombre"}]},{"@type":"WebSite","@id":"https:\/\/www.miomiorun.com\/es\/#website","url":"https:\/\/www.miomiorun.com\/es\/","name":"MioMioRun","description":"Tienda 100% running y trail","publisher":{"@id":"https:\/\/www.miomiorun.com\/es\/#organization"},"potentialAction":[{"@type":"SearchAction","target":{"@type":"EntryPoint","urlTemplate":"https:\/\/www.miomiorun.com\/es\/?s={search_term_string}"},"query-input":{"@type":"PropertyValueSpecification","valueRequired":true,"valueName":"search_term_string"}}],"inLanguage":"es-ES"},{"@type":"Organization","@id":"https:\/\/www.miomiorun.com\/es\/#organization","name":"MioMio Run","url":"https:\/\/www.miomiorun.com\/es\/","logo":{"@type":"ImageObject","inLanguage":"es-ES","@id":"https:\/\/www.miomiorun.com\/es\/#\/schema\/logo\/image\/","url":"https:\/\/www.miomiorun.com\/app\/uploads\/2019\/12\/logomio.png","contentUrl":"https:\/\/www.miomiorun.com\/app\/uploads\/2019\/12\/logomio.png","width":115,"height":82,"caption":"MioMio Run"},"image":{"@id":"https:\/\/www.miomiorun.com\/es\/#\/schema\/logo\/image\/"},"sameAs":["https:\/\/www.facebook.com\/miomiorun\/","https:\/\/www.instagram.com\/miomiorun\/"]}]}},"_links":{"self":[{"href":"https:\/\/www.miomiorun.com\/es\/wp-json\/wp\/v2\/product\/282553","targetHints":{"allow":["GET"]}}],"collection":[{"href":"https:\/\/www.miomiorun.com\/es\/wp-json\/wp\/v2\/product"}],"about":[{"href":"https:\/\/www.miomiorun.com\/es\/wp-json\/wp\/v2\/types\/product"}],"wp:featuredmedia":[{"embeddable":true,"href":"https:\/\/www.miomiorun.com\/es\/wp-json\/wp\/v2\/media\/236272"}],"wp:attachment":[{"href":"https:\/\/www.miomiorun.com\/es\/wp-json\/wp\/v2\/media?parent=282553"}],"wp:term":[{"taxonomy":"product_brand","embeddable":true,"href":"https:\/\/www.miomiorun.com\/es\/wp-json\/wp\/v2\/product_brand?post=282553"},{"taxonomy":"product_cat","embeddable":true,"href":"https:\/\/www.miomiorun.com\/es\/wp-json\/wp\/v2\/product_cat?post=282553"},{"taxonomy":"product_tag","embeddable":true,"href":"https:\/\/www.miomiorun.com\/es\/wp-json\/wp\/v2\/product_tag?post=282553"}],"curies":[{"name":"wp","href":"https:\/\/api.w.org\/{rel}","templated":true}]}}