{"id":282433,"date":"2022-04-27T10:22:24","date_gmt":"2022-04-27T08:22:24","guid":{"rendered":"https:\/\/miomiorun.com\/prodotto\/falke-tk2-trekking-donna\/"},"modified":"2026-05-05T19:03:52","modified_gmt":"2026-05-05T17:03:52","slug":"falke-tk2-trekking-mujer","status":"publish","type":"product","link":"https:\/\/www.miomiorun.com\/es\/producto\/falke-tk2-trekking-mujer\/","title":{"rendered":"TK2 Trekking mujer"},"content":{"rendered":"<p><div class=\"vc-row container\"><div class=\"vc-column\"><div class=\"vc-column-text\"><\/p>\n<div class=\"product-section product-detailed-page__section product-detailed-page__section--details\">\n<div>\n<div>\n<div class=\"product-section__content\">\n<div>\n<div class=\"product-section product-detailed-page__section product-detailed-page__section--description\">\n<div>\n<div>\n<div class=\"product-section__content\">\n<div class=\"product-description\">\n<div class=\"product-description__content\">Gracias a su acolchado medio y a la combinaci\u00f3n de lana merina, los calcetines de senderismo <strong>TK2<\/strong> para mujer garantizan la m\u00e1xima comodidad y un buen aislamiento t\u00e9rmico durante las excursiones por terrenos de baja dificultad en cualquier condici\u00f3n meteorol\u00f3gica. La eficaz evacuaci\u00f3n de la humedad y el ajuste perfecto garantizan al pie una temperatura ideal y la m\u00e1xima comodidad.<\/div>\n<\/div>\n<\/div>\n<\/div>\n<\/div>\n<\/div>\n<\/div>\n<div><\/div>\n<div><strong>Caracter\u00edsticas:<\/strong><\/div>\n<div>\n<div class=\"product-section product-detailed-page__section product-detailed-page__section--details\">\n<div>\n<div>\n<div class=\"product-section__content\">\n<div class=\"product-features\">\n<ul class=\"product-features__list\">\n<li class=\"product-features__item\">M\u00e1ximo confort durante las caminatas por terrenos de baja dificultad, independientemente de las condiciones meteorol\u00f3gicas<\/li>\n<li class=\"product-features__item\">Mezcla de lana merina para un buen aislamiento t\u00e9rmico<\/li>\n<li class=\"product-features__item\">Relleno medio para una protecci\u00f3n adecuada y un buen contacto con el calzado<\/li>\n<li class=\"product-features__item\">Temperatura ideal y evacuaci\u00f3n de la humedad gracias a su estructura de tres capas<\/li>\n<li class=\"product-features__item\">Ajuste perfecto gracias al acolchado en ambos lados y al dise\u00f1o anat\u00f3mico de los dedos<\/li>\n<\/ul>\n<\/div>\n<\/div>\n<\/div>\n<\/div>\n<\/div>\n<div class=\"product-section product-detailed-page__section product-detailed-page__section--description\">\n<div>\n<div>\n<div class=\"product-section__content\">\n<div class=\"product-description\">\n<div class=\"product-description__content\"><\/div>\n<\/div>\n<\/div>\n<\/div>\n<\/div>\n<\/div>\n<\/div>\n<div><\/div>\n<\/div>\n<\/div>\n<\/div>\n<\/div>\n<div class=\"product-section product-detailed-page__section product-detailed-page__section--description\">\n<div>\n<div>\n<div class=\"product-section__content\"><\/div>\n<\/div>\n<\/div>\n<\/div>\n<p><\/div><\/div><\/div><div class=\"vc-row container\"><div class=\"vc-column\"><div class=\"vc-column-text\"><\/p>\n<div class=\"product-functional-symbols__image-container\"><img decoding=\"async\" class=\"product-functional-symbols__image aligncenter\" src=\"https:\/\/www.falke.com\/it_it\/9dd393d722265eb755772abd698b837041098075\/assets\/base\/staticImages\/functionalsymbols\/icon_feuchtigkeitsregulierend.svg\" \/><\/div>\n<div class=\"product-functional-symbols__name\" style=\"text-align: center\">Regula la humedad<\/div>\n<p><\/div><\/div><div class=\"vc-column\"><div class=\"vc-column-text\"><\/p>\n<div class=\"product-functional-symbols__image-container\"><img decoding=\"async\" class=\"product-functional-symbols__image\" src=\"https:\/\/www.falke.com\/it_it\/7ce8ae0e8382e27e767d55937b0805f5f19ef321\/assets\/base\/staticImages\/functionalsymbols\/icon_daempfende-wirkung.svg\" \/><\/div>\n<div class=\"product-functional-symbols__image-container\">Efecto amortiguador<\/div>\n<div class=\"product-functional-symbols__tooltip\">\n<div class=\"product-functional-symbols__tooltip-content\"><\/div>\n<\/div>\n<p><\/div><\/div><div class=\"vc-column\"><div class=\"vc-column-text\"><\/p>\n<div class=\"product-functional-symbols__image-container\"><img decoding=\"async\" class=\"product-functional-symbols__image aligncenter\" src=\"https:\/\/www.falke.com\/it_it\/9dd393d722265eb755772abd698b837041098075\/assets\/base\/staticImages\/functionalsymbols\/icon_schnellste_ruecktrocknung.svg\" \/><\/div>\n<div class=\"product-functional-symbols__name\" style=\"text-align: center\">Secado m\u00e1s r\u00e1pido<\/div>\n<p><\/div><\/div><\/div><div class=\"vc-row container\"><div class=\"vc-column\"><div class=\"vc-column-text\"><strong>Material<\/strong>: 40 % polipropileno, 28 % acr\u00edlico, 22 % lana, 9 % poliamida, 1 % elastano<\/p>\n<p><strong>Longitud de la pierna:\u00a0<\/strong>Pantorrilla<\/p>\n<p><strong>Relleno<\/strong>: Medio-grueso<\/p>\n<p><strong>Ajuste:<\/strong> Anat\u00f3mico<\/p>\n<p><strong>Suela<\/strong>: Normal.<\/p>\n<p><strong>Estilo<\/strong> : Deportivo.<\/div><\/div><\/div><\/p>\n","protected":false},"excerpt":{"rendered":"","protected":false},"featured_media":236722,"template":"","meta":{"_acf_changed":false,"inline_featured_image":false},"product_brand":[],"product_cat":[24400,24401,24402],"product_tag":[23483,23642],"class_list":{"0":"post-282433","1":"product","2":"type-product","3":"status-publish","4":"has-post-thumbnail","6":"product_cat-calcetines","7":"product_cat-ropa-de-mujer","8":"product_cat-mujer","9":"product_tag-falke-es","10":"product_tag-falke-mujer","11":"pa_attivita-outdoor-es","12":"pa_colore-tk2-w-black-mix-es","13":"pa_colore-tk2-w-merlot-es","14":"pa_colore-tk2-w-radiant-orchid-es","15":"pa_colore-tk2-w-vendetta-es","16":"pa_marca-falke-es","17":"pa_sesso-mujer","18":"pa_size-37-38-es","19":"pa_size-39-40-es","20":"pa_size-41-42-es","22":"first","23":"instock","24":"sale","25":"taxable","26":"shipping-taxable","27":"purchasable","28":"product-type-variable","29":"wvs-archive-product-wrapper"},"acf":[],"yoast_head":"<!-- This site is optimized with the Yoast SEO plugin v26.8 - https:\/\/yoast.com\/product\/yoast-seo-wordpress\/ -->\n<title>Falke TK2 Trekking mujer - Calcetines de senderismo - MioMioRun.com<\/title>\n<meta name=\"description\" content=\"Gracias a su acolchado medio y a la combinaci\u00f3n de lana merina, los calcetines de senderismo TK2 para mujer garantizan la m\u00e1xima comodidad.\" \/>\n<meta name=\"robots\" content=\"index, follow, max-snippet:-1, max-image-preview:large, max-video-preview:-1\" \/>\n<link rel=\"canonical\" href=\"https:\/\/www.miomiorun.com\/es\/producto\/falke-tk2-trekking-mujer\/\" \/>\n<meta property=\"og:locale\" content=\"es_ES\" \/>\n<meta property=\"og:type\" content=\"article\" \/>\n<meta property=\"og:title\" content=\"Falke TK2 Trekking mujer - Calcetines de senderismo - MioMioRun.com\" \/>\n<meta property=\"og:description\" content=\"Gracias a su acolchado medio y a la combinaci\u00f3n de lana merina, los calcetines de senderismo TK2 para mujer garantizan la m\u00e1xima comodidad.\" \/>\n<meta property=\"og:url\" content=\"https:\/\/www.miomiorun.com\/es\/producto\/falke-tk2-trekking-mujer\/\" \/>\n<meta property=\"og:site_name\" content=\"MioMioRun\" \/>\n<meta property=\"article:publisher\" content=\"https:\/\/www.facebook.com\/miomiorun\/\" \/>\n<meta property=\"article:modified_time\" content=\"2026-05-05T17:03:52+00:00\" \/>\n<meta property=\"og:image\" content=\"https:\/\/www.miomiorun.com\/app\/uploads\/2022\/05\/falke-tk2-W-black-mix-16445-3010.jpg\" \/>\n\t<meta property=\"og:image:width\" content=\"600\" \/>\n\t<meta property=\"og:image:height\" content=\"600\" \/>\n\t<meta property=\"og:image:type\" content=\"image\/jpeg\" \/>\n<meta name=\"twitter:card\" content=\"summary_large_image\" \/>\n<meta name=\"twitter:label1\" content=\"Est. reading time\" \/>\n\t<meta name=\"twitter:data1\" content=\"1 minute\" \/>\n<script type=\"application\/ld+json\" class=\"yoast-schema-graph\">{\"@context\":\"https:\/\/schema.org\",\"@graph\":[{\"@type\":\"WebPage\",\"@id\":\"https:\/\/www.miomiorun.com\/es\/producto\/falke-tk2-trekking-mujer\/\",\"url\":\"https:\/\/www.miomiorun.com\/es\/producto\/falke-tk2-trekking-mujer\/\",\"name\":\"Falke TK2 Trekking mujer - Calcetines de senderismo - MioMioRun.com\",\"isPartOf\":{\"@id\":\"https:\/\/www.miomiorun.com\/es\/#website\"},\"primaryImageOfPage\":{\"@id\":\"https:\/\/www.miomiorun.com\/es\/producto\/falke-tk2-trekking-mujer\/#primaryimage\"},\"image\":{\"@id\":\"https:\/\/www.miomiorun.com\/es\/producto\/falke-tk2-trekking-mujer\/#primaryimage\"},\"thumbnailUrl\":\"https:\/\/www.miomiorun.com\/app\/uploads\/2022\/05\/falke-tk2-W-black-mix-16445-3010.jpg\",\"datePublished\":\"2022-04-27T08:22:24+00:00\",\"dateModified\":\"2026-05-05T17:03:52+00:00\",\"description\":\"Gracias a su acolchado medio y a la combinaci\u00f3n de lana merina, los calcetines de senderismo TK2 para mujer garantizan la m\u00e1xima comodidad.\",\"breadcrumb\":{\"@id\":\"https:\/\/www.miomiorun.com\/es\/producto\/falke-tk2-trekking-mujer\/#breadcrumb\"},\"inLanguage\":\"es-ES\",\"potentialAction\":[{\"@type\":\"ReadAction\",\"target\":[\"https:\/\/www.miomiorun.com\/es\/producto\/falke-tk2-trekking-mujer\/\"]}]},{\"@type\":\"ImageObject\",\"inLanguage\":\"es-ES\",\"@id\":\"https:\/\/www.miomiorun.com\/es\/producto\/falke-tk2-trekking-mujer\/#primaryimage\",\"url\":\"https:\/\/www.miomiorun.com\/app\/uploads\/2022\/05\/falke-tk2-W-black-mix-16445-3010.jpg\",\"contentUrl\":\"https:\/\/www.miomiorun.com\/app\/uploads\/2022\/05\/falke-tk2-W-black-mix-16445-3010.jpg\",\"width\":600,\"height\":600,\"caption\":\"falke-tk2-W-black-mix-16445-3010\"},{\"@type\":\"BreadcrumbList\",\"@id\":\"https:\/\/www.miomiorun.com\/es\/producto\/falke-tk2-trekking-mujer\/#breadcrumb\",\"itemListElement\":[{\"@type\":\"ListItem\",\"position\":1,\"name\":\"Home\",\"item\":\"https:\/\/www.miomiorun.com\/es\/\"},{\"@type\":\"ListItem\",\"position\":2,\"name\":\"Shop\",\"item\":\"https:\/\/www.miomiorun.com\/shop\/\"},{\"@type\":\"ListItem\",\"position\":3,\"name\":\"TK2 Trekking mujer\"}]},{\"@type\":\"WebSite\",\"@id\":\"https:\/\/www.miomiorun.com\/es\/#website\",\"url\":\"https:\/\/www.miomiorun.com\/es\/\",\"name\":\"MioMioRun\",\"description\":\"Tienda 100% running y trail\",\"publisher\":{\"@id\":\"https:\/\/www.miomiorun.com\/es\/#organization\"},\"potentialAction\":[{\"@type\":\"SearchAction\",\"target\":{\"@type\":\"EntryPoint\",\"urlTemplate\":\"https:\/\/www.miomiorun.com\/es\/?s={search_term_string}\"},\"query-input\":{\"@type\":\"PropertyValueSpecification\",\"valueRequired\":true,\"valueName\":\"search_term_string\"}}],\"inLanguage\":\"es-ES\"},{\"@type\":\"Organization\",\"@id\":\"https:\/\/www.miomiorun.com\/es\/#organization\",\"name\":\"MioMio Run\",\"url\":\"https:\/\/www.miomiorun.com\/es\/\",\"logo\":{\"@type\":\"ImageObject\",\"inLanguage\":\"es-ES\",\"@id\":\"https:\/\/www.miomiorun.com\/es\/#\/schema\/logo\/image\/\",\"url\":\"https:\/\/www.miomiorun.com\/app\/uploads\/2019\/12\/logomio.png\",\"contentUrl\":\"https:\/\/www.miomiorun.com\/app\/uploads\/2019\/12\/logomio.png\",\"width\":115,\"height\":82,\"caption\":\"MioMio Run\"},\"image\":{\"@id\":\"https:\/\/www.miomiorun.com\/es\/#\/schema\/logo\/image\/\"},\"sameAs\":[\"https:\/\/www.facebook.com\/miomiorun\/\",\"https:\/\/www.instagram.com\/miomiorun\/\"]}]}<\/script>\n<!-- \/ Yoast SEO plugin. -->","yoast_head_json":{"title":"Falke TK2 Trekking mujer - Calcetines de senderismo - MioMioRun.com","description":"Gracias a su acolchado medio y a la combinaci\u00f3n de lana merina, los calcetines de senderismo TK2 para mujer garantizan la m\u00e1xima comodidad.","robots":{"index":"index","follow":"follow","max-snippet":"max-snippet:-1","max-image-preview":"max-image-preview:large","max-video-preview":"max-video-preview:-1"},"canonical":"https:\/\/www.miomiorun.com\/es\/producto\/falke-tk2-trekking-mujer\/","og_locale":"es_ES","og_type":"article","og_title":"Falke TK2 Trekking mujer - Calcetines de senderismo - MioMioRun.com","og_description":"Gracias a su acolchado medio y a la combinaci\u00f3n de lana merina, los calcetines de senderismo TK2 para mujer garantizan la m\u00e1xima comodidad.","og_url":"https:\/\/www.miomiorun.com\/es\/producto\/falke-tk2-trekking-mujer\/","og_site_name":"MioMioRun","article_publisher":"https:\/\/www.facebook.com\/miomiorun\/","article_modified_time":"2026-05-05T17:03:52+00:00","og_image":[{"width":600,"height":600,"url":"https:\/\/www.miomiorun.com\/app\/uploads\/2022\/05\/falke-tk2-W-black-mix-16445-3010.jpg","type":"image\/jpeg"}],"twitter_card":"summary_large_image","twitter_misc":{"Est. reading time":"1 minute"},"schema":{"@context":"https:\/\/schema.org","@graph":[{"@type":"WebPage","@id":"https:\/\/www.miomiorun.com\/es\/producto\/falke-tk2-trekking-mujer\/","url":"https:\/\/www.miomiorun.com\/es\/producto\/falke-tk2-trekking-mujer\/","name":"Falke TK2 Trekking mujer - Calcetines de senderismo - MioMioRun.com","isPartOf":{"@id":"https:\/\/www.miomiorun.com\/es\/#website"},"primaryImageOfPage":{"@id":"https:\/\/www.miomiorun.com\/es\/producto\/falke-tk2-trekking-mujer\/#primaryimage"},"image":{"@id":"https:\/\/www.miomiorun.com\/es\/producto\/falke-tk2-trekking-mujer\/#primaryimage"},"thumbnailUrl":"https:\/\/www.miomiorun.com\/app\/uploads\/2022\/05\/falke-tk2-W-black-mix-16445-3010.jpg","datePublished":"2022-04-27T08:22:24+00:00","dateModified":"2026-05-05T17:03:52+00:00","description":"Gracias a su acolchado medio y a la combinaci\u00f3n de lana merina, los calcetines de senderismo TK2 para mujer garantizan la m\u00e1xima comodidad.","breadcrumb":{"@id":"https:\/\/www.miomiorun.com\/es\/producto\/falke-tk2-trekking-mujer\/#breadcrumb"},"inLanguage":"es-ES","potentialAction":[{"@type":"ReadAction","target":["https:\/\/www.miomiorun.com\/es\/producto\/falke-tk2-trekking-mujer\/"]}]},{"@type":"ImageObject","inLanguage":"es-ES","@id":"https:\/\/www.miomiorun.com\/es\/producto\/falke-tk2-trekking-mujer\/#primaryimage","url":"https:\/\/www.miomiorun.com\/app\/uploads\/2022\/05\/falke-tk2-W-black-mix-16445-3010.jpg","contentUrl":"https:\/\/www.miomiorun.com\/app\/uploads\/2022\/05\/falke-tk2-W-black-mix-16445-3010.jpg","width":600,"height":600,"caption":"falke-tk2-W-black-mix-16445-3010"},{"@type":"BreadcrumbList","@id":"https:\/\/www.miomiorun.com\/es\/producto\/falke-tk2-trekking-mujer\/#breadcrumb","itemListElement":[{"@type":"ListItem","position":1,"name":"Home","item":"https:\/\/www.miomiorun.com\/es\/"},{"@type":"ListItem","position":2,"name":"Shop","item":"https:\/\/www.miomiorun.com\/shop\/"},{"@type":"ListItem","position":3,"name":"TK2 Trekking mujer"}]},{"@type":"WebSite","@id":"https:\/\/www.miomiorun.com\/es\/#website","url":"https:\/\/www.miomiorun.com\/es\/","name":"MioMioRun","description":"Tienda 100% running y trail","publisher":{"@id":"https:\/\/www.miomiorun.com\/es\/#organization"},"potentialAction":[{"@type":"SearchAction","target":{"@type":"EntryPoint","urlTemplate":"https:\/\/www.miomiorun.com\/es\/?s={search_term_string}"},"query-input":{"@type":"PropertyValueSpecification","valueRequired":true,"valueName":"search_term_string"}}],"inLanguage":"es-ES"},{"@type":"Organization","@id":"https:\/\/www.miomiorun.com\/es\/#organization","name":"MioMio Run","url":"https:\/\/www.miomiorun.com\/es\/","logo":{"@type":"ImageObject","inLanguage":"es-ES","@id":"https:\/\/www.miomiorun.com\/es\/#\/schema\/logo\/image\/","url":"https:\/\/www.miomiorun.com\/app\/uploads\/2019\/12\/logomio.png","contentUrl":"https:\/\/www.miomiorun.com\/app\/uploads\/2019\/12\/logomio.png","width":115,"height":82,"caption":"MioMio Run"},"image":{"@id":"https:\/\/www.miomiorun.com\/es\/#\/schema\/logo\/image\/"},"sameAs":["https:\/\/www.facebook.com\/miomiorun\/","https:\/\/www.instagram.com\/miomiorun\/"]}]}},"_links":{"self":[{"href":"https:\/\/www.miomiorun.com\/es\/wp-json\/wp\/v2\/product\/282433","targetHints":{"allow":["GET"]}}],"collection":[{"href":"https:\/\/www.miomiorun.com\/es\/wp-json\/wp\/v2\/product"}],"about":[{"href":"https:\/\/www.miomiorun.com\/es\/wp-json\/wp\/v2\/types\/product"}],"wp:featuredmedia":[{"embeddable":true,"href":"https:\/\/www.miomiorun.com\/es\/wp-json\/wp\/v2\/media\/236722"}],"wp:attachment":[{"href":"https:\/\/www.miomiorun.com\/es\/wp-json\/wp\/v2\/media?parent=282433"}],"wp:term":[{"taxonomy":"product_brand","embeddable":true,"href":"https:\/\/www.miomiorun.com\/es\/wp-json\/wp\/v2\/product_brand?post=282433"},{"taxonomy":"product_cat","embeddable":true,"href":"https:\/\/www.miomiorun.com\/es\/wp-json\/wp\/v2\/product_cat?post=282433"},{"taxonomy":"product_tag","embeddable":true,"href":"https:\/\/www.miomiorun.com\/es\/wp-json\/wp\/v2\/product_tag?post=282433"}],"curies":[{"name":"wp","href":"https:\/\/api.w.org\/{rel}","templated":true}]}}