{"id":282150,"date":"2022-03-05T16:39:03","date_gmt":"2022-03-05T15:39:03","guid":{"rendered":"https:\/\/miomiorun.com\/prodotto\/brooks-dare-crossback-run-bra-2-donna\/"},"modified":"2026-05-04T19:07:42","modified_gmt":"2026-05-04T17:07:42","slug":"brooks-dare-crossback-run-bra-2-mujer","status":"publish","type":"product","link":"https:\/\/www.miomiorun.com\/es\/producto\/brooks-dare-crossback-run-bra-2-mujer\/","title":{"rendered":"Dare crossback Run bra 2 mujer"},"content":{"rendered":"<div class=\"single-product-description\">Renueva tu sujetador deportivo con cruce en la espalda. Este sujetador, de estilo sencillo y minimalista, ofrece una sujeci\u00f3n de alta resistencia para correr; al fin y al cabo, se corre mejor si el pecho no se mueve. Las copas preformadas realzan y sujetan el pecho, con un dise\u00f1o sin tirantes que reduce al m\u00ednimo las molestias.<\/div>\n<div><\/div>\n<div>\n<h3 class=\"a-type-h4 m-long-description__label\">Ideal para:<\/h3>\n<div class=\"m-long-description__best-for-icon\" aria-hidden=\"true\"><img loading=\"lazy\" decoding=\"async\" class=\"a-responsive-image__img alignleft\" src=\"https:\/\/www.brooksrunning.com\/on\/demandware.static\/-\/Sites-brooks-master-catalog\/default\/dw3b544e99\/specs\/PDP-BestFor-BRA-Run-Ready-Molded-Support.svg\" alt=\"\" width=\"100\" height=\"100\" \/><\/div>\n<p>&nbsp;<\/p>\n<p>Soporte<\/p>\n<\/div>\n<p>&nbsp;<\/p>\n<p>&nbsp;<\/p>\n<p>&nbsp;<\/p>\n<div>\n<div class=\"m-long-description__best-for-icon\" aria-hidden=\"true\"><img loading=\"lazy\" decoding=\"async\" class=\"a-responsive-image__img alignleft\" src=\"https:\/\/www.brooksrunning.com\/on\/demandware.static\/-\/Sites-brooks-master-catalog\/default\/dw84afb706\/specs\/PDP-BestFor-BRA-Nearly-Seamless-Design.svg\" alt=\"\" width=\"115\" height=\"115\" \/><\/div>\n<p>&nbsp;<\/p>\n<p>Sensaci\u00f3n de suavidad<\/p>\n<\/div>\n<p>&nbsp;<\/p>\n<p>&nbsp;<\/p>\n<div>\n<div class=\"m-long-description__best-for-icon\" aria-hidden=\"true\"><img loading=\"lazy\" decoding=\"async\" class=\"a-responsive-image__img alignleft\" src=\"https:\/\/www.brooksrunning.com\/on\/demandware.static\/-\/Sites-brooks-master-catalog\/default\/dw4fc42e57\/specs\/PDP-BestFor-FTW-APP-BRA-Breathability.svg\" alt=\"\" width=\"115\" height=\"115\" \/><\/div>\n<p>&nbsp;<\/p>\n<p>Transpirabilidad<\/p>\n<\/div>\n<p>&nbsp;<\/p>\n<p>&nbsp;<\/p>\n<div>\n<div class=\"m-long-description__best-for-icon\" aria-hidden=\"true\"><img loading=\"lazy\" decoding=\"async\" class=\"a-responsive-image__img alignleft\" src=\"https:\/\/www.brooksrunning.com\/on\/demandware.static\/-\/Sites-brooks-master-catalog\/default\/dw90e0d184\/specs\/PDP-BestFor-APP-BRA-New-Fit.svg\" alt=\"\" width=\"115\" height=\"115\" \/><\/div>\n<p>&nbsp;<\/p>\n<p>Carrera de alto impacto<\/p>\n<\/div>\n<p>&nbsp;<\/p>\n<p>&nbsp;<\/p>\n<div class=\"m-features-widget m-features-widget--accent-circle\">\n<div class=\"m-info-label\">\n<h3 class=\"m-info-label__headline a-type-h4\">Practicidad<\/h3>\n<\/div>\n<ul>\n<li>Me apoya<\/li>\n<li>Tipo de ajuste: banda y copa &#8211; Dual<\/li>\n<\/ul>\n<\/div>\n<p>&nbsp;<\/p>\n<div class=\"o-feature-callout__feature-copy\">\n<h3 class=\"a-type-h4 o-feature-callout__feature-eyebrow\">Corre m\u00e1s. Rebota menos.<\/h3>\n<p class=\"a-type-h3--big o-feature-callout__feature-header\">Alta resistencia a los impactos, soporte preformado<\/p>\n<p class=\"a-type-p o-feature-callout__feature-body\">Corre m\u00e1s. M\u00ednimo rebote<\/p>\n<ul class=\"o-feature-callout__feature-list\">\n<li class=\"a-type-p o-feature-callout__feature-list-item\"><span class=\"a-type-p o-feature-callout__feature-list-item-text\">Dise\u00f1ado en colaboraci\u00f3n con nuestros socios de investigaci\u00f3n del Instituto para la Salud Mamaria de la Universidad de Portsmouth.<\/span><\/li>\n<li class=\"a-type-p o-feature-callout__feature-list-item\"><span class=\"a-type-p o-feature-callout__feature-list-item-text\">Las pruebas biomec\u00e1nicas demuestran que nuestros sujetadores est\u00e1n dise\u00f1ados con una sujeci\u00f3n espec\u00edfica para correr.<\/span><\/li>\n<li class=\"a-type-p o-feature-callout__feature-list-item\"><span class=\"a-type-p o-feature-callout__feature-list-item-text\">Probamos los sujetadores en mujeres como t\u00fa, porque los datos de laboratorio solo son v\u00e1lidos cuando se aplican al mundo real.<\/span><\/li>\n<\/ul>\n<div class=\"o-feature-callout__feature-copy\">\n<h3 class=\"a-type-h4 o-feature-callout__feature-eyebrow\">Ha vuelto, y est\u00e1 a\u00fan mejor.<\/h3>\n<p class=\"a-type-h3--big o-feature-callout__feature-header\">Dise\u00f1o mejorado de gran impacto<\/p>\n<p class=\"a-type-p o-feature-callout__feature-body\">Hemos alargado la banda inferior integrada para aumentar la seguridad y la sujeci\u00f3n. Adem\u00e1s, los refuerzos de tejido en las zonas m\u00e1s sometidas a esfuerzo, como los tirantes y la banda, aportan mayor seguridad.<\/p>\n<div class=\"o-feature-callout__feature-copy\">\n<h3 class=\"a-type-h4 o-feature-callout__feature-eyebrow\">Un momento para pon\u00e9rselo. Un momento para quit\u00e1rselo.<\/h3>\n<p class=\"a-type-h3--big o-feature-callout__feature-header\">Suave y seguro<\/p>\n<p class=\"a-type-p o-feature-callout__feature-body\">Las costuras minimalistas y el tejido transpirable garantizan una sensaci\u00f3n de suave comodidad que reduce las irritaciones y las rozaduras.<\/p>\n<\/div>\n<\/div>\n<\/div>\n","protected":false},"excerpt":{"rendered":"<p>Renueva tu sujetador deportivo con cruce en la espalda. Este sujetador, de estilo sencillo y minimalista, ofrece una sujeci\u00f3n de alta resistencia para correr; al fin y al cabo, se corre mejor si el pecho no se mueve. Las copas preformadas realzan y sujetan el pecho, con un dise\u00f1o sin tirantes que reduce al m\u00ednimo &hellip; <a href=\"https:\/\/www.miomiorun.com\/es\/producto\/brooks-dare-crossback-run-bra-2-mujer\/\">Continued<\/a><\/p>\n","protected":false},"featured_media":235540,"template":"","meta":{"_acf_changed":false,"inline_featured_image":false},"product_brand":[],"product_cat":[24401,24397,24402],"product_tag":[23463,23664],"class_list":{"0":"post-282150","1":"product","2":"type-product","3":"status-publish","4":"has-post-thumbnail","6":"product_cat-ropa-de-mujer","7":"product_cat-ropa-interior","8":"product_cat-mujer","9":"product_tag-brooks-es","10":"product_tag-brooks-mujer","11":"pa_attivita-caminar","12":"pa_attivita-fitness-es","13":"pa_attivita-running-es","14":"pa_colore-dare-crossback-run-bra-2-0-black-es","15":"pa_colore-dare-crossback-run-bra-2-0-lt-lavender-es","16":"pa_colore-dare-crossback-run-bra-2-0-nightlife-asphalt-es","17":"pa_colore-dare-crossback-run-bra-violet-dash-es","18":"pa_marca-brooks-es","19":"pa_sesso-mujer","20":"pa_size-32ab-es","21":"pa_size-32cd-es","22":"pa_size-34cd-es","23":"pa_size-36cd-es","25":"first","26":"instock","27":"sale","28":"taxable","29":"shipping-taxable","30":"purchasable","31":"product-type-variable","32":"wvs-archive-product-wrapper"},"acf":[],"yoast_head":"<!-- This site is optimized with the Yoast SEO plugin v26.8 - https:\/\/yoast.com\/product\/yoast-seo-wordpress\/ -->\n<title>Brooks Dare crossback Run bra 2 mujer - Sujetadores - MioMioRun<\/title>\n<meta name=\"description\" content=\"Con un estilo sencillo y minimalista, ofrece una sujeci\u00f3n eficaz para correr; las copas preformadas realzan y sostienen el pecho.\" \/>\n<meta name=\"robots\" content=\"index, follow, max-snippet:-1, max-image-preview:large, max-video-preview:-1\" \/>\n<link rel=\"canonical\" href=\"https:\/\/www.miomiorun.com\/es\/producto\/brooks-dare-crossback-run-bra-2-mujer\/\" \/>\n<meta property=\"og:locale\" content=\"es_ES\" \/>\n<meta property=\"og:type\" content=\"article\" \/>\n<meta property=\"og:title\" content=\"Brooks Dare crossback Run bra 2 mujer - Sujetadores - MioMioRun\" \/>\n<meta property=\"og:description\" content=\"Con un estilo sencillo y minimalista, ofrece una sujeci\u00f3n eficaz para correr; las copas preformadas realzan y sostienen el pecho.\" \/>\n<meta property=\"og:url\" content=\"https:\/\/www.miomiorun.com\/es\/producto\/brooks-dare-crossback-run-bra-2-mujer\/\" \/>\n<meta property=\"og:site_name\" content=\"MioMioRun\" \/>\n<meta property=\"article:publisher\" content=\"https:\/\/www.facebook.com\/miomiorun\/\" \/>\n<meta property=\"article:modified_time\" content=\"2026-05-04T17:07:42+00:00\" \/>\n<meta property=\"og:image\" content=\"https:\/\/www.miomiorun.com\/app\/uploads\/2022\/03\/brooks-dare-crossback-2-350084554.jpg\" \/>\n\t<meta property=\"og:image:width\" content=\"600\" \/>\n\t<meta property=\"og:image:height\" content=\"600\" \/>\n\t<meta property=\"og:image:type\" content=\"image\/jpeg\" \/>\n<meta name=\"twitter:card\" content=\"summary_large_image\" \/>\n<meta name=\"twitter:label1\" content=\"Est. reading time\" \/>\n\t<meta name=\"twitter:data1\" content=\"1 minute\" \/>\n<script type=\"application\/ld+json\" class=\"yoast-schema-graph\">{\"@context\":\"https:\/\/schema.org\",\"@graph\":[{\"@type\":\"WebPage\",\"@id\":\"https:\/\/www.miomiorun.com\/es\/producto\/brooks-dare-crossback-run-bra-2-mujer\/\",\"url\":\"https:\/\/www.miomiorun.com\/es\/producto\/brooks-dare-crossback-run-bra-2-mujer\/\",\"name\":\"Brooks Dare crossback Run bra 2 mujer - Sujetadores - MioMioRun\",\"isPartOf\":{\"@id\":\"https:\/\/www.miomiorun.com\/es\/#website\"},\"primaryImageOfPage\":{\"@id\":\"https:\/\/www.miomiorun.com\/es\/producto\/brooks-dare-crossback-run-bra-2-mujer\/#primaryimage\"},\"image\":{\"@id\":\"https:\/\/www.miomiorun.com\/es\/producto\/brooks-dare-crossback-run-bra-2-mujer\/#primaryimage\"},\"thumbnailUrl\":\"https:\/\/www.miomiorun.com\/app\/uploads\/2022\/03\/brooks-dare-crossback-2-350084554.jpg\",\"datePublished\":\"2022-03-05T15:39:03+00:00\",\"dateModified\":\"2026-05-04T17:07:42+00:00\",\"description\":\"Con un estilo sencillo y minimalista, ofrece una sujeci\u00f3n eficaz para correr; las copas preformadas realzan y sostienen el pecho.\",\"breadcrumb\":{\"@id\":\"https:\/\/www.miomiorun.com\/es\/producto\/brooks-dare-crossback-run-bra-2-mujer\/#breadcrumb\"},\"inLanguage\":\"es-ES\",\"potentialAction\":[{\"@type\":\"ReadAction\",\"target\":[\"https:\/\/www.miomiorun.com\/es\/producto\/brooks-dare-crossback-run-bra-2-mujer\/\"]}]},{\"@type\":\"ImageObject\",\"inLanguage\":\"es-ES\",\"@id\":\"https:\/\/www.miomiorun.com\/es\/producto\/brooks-dare-crossback-run-bra-2-mujer\/#primaryimage\",\"url\":\"https:\/\/www.miomiorun.com\/app\/uploads\/2022\/03\/brooks-dare-crossback-2-350084554.jpg\",\"contentUrl\":\"https:\/\/www.miomiorun.com\/app\/uploads\/2022\/03\/brooks-dare-crossback-2-350084554.jpg\",\"width\":600,\"height\":600,\"caption\":\"brooks-dare-crossback-2-350084554\"},{\"@type\":\"BreadcrumbList\",\"@id\":\"https:\/\/www.miomiorun.com\/es\/producto\/brooks-dare-crossback-run-bra-2-mujer\/#breadcrumb\",\"itemListElement\":[{\"@type\":\"ListItem\",\"position\":1,\"name\":\"Home\",\"item\":\"https:\/\/www.miomiorun.com\/es\/\"},{\"@type\":\"ListItem\",\"position\":2,\"name\":\"Shop\",\"item\":\"https:\/\/www.miomiorun.com\/shop\/\"},{\"@type\":\"ListItem\",\"position\":3,\"name\":\"Dare crossback Run bra 2 mujer\"}]},{\"@type\":\"WebSite\",\"@id\":\"https:\/\/www.miomiorun.com\/es\/#website\",\"url\":\"https:\/\/www.miomiorun.com\/es\/\",\"name\":\"MioMioRun\",\"description\":\"Tienda 100% running y trail\",\"publisher\":{\"@id\":\"https:\/\/www.miomiorun.com\/es\/#organization\"},\"potentialAction\":[{\"@type\":\"SearchAction\",\"target\":{\"@type\":\"EntryPoint\",\"urlTemplate\":\"https:\/\/www.miomiorun.com\/es\/?s={search_term_string}\"},\"query-input\":{\"@type\":\"PropertyValueSpecification\",\"valueRequired\":true,\"valueName\":\"search_term_string\"}}],\"inLanguage\":\"es-ES\"},{\"@type\":\"Organization\",\"@id\":\"https:\/\/www.miomiorun.com\/es\/#organization\",\"name\":\"MioMio Run\",\"url\":\"https:\/\/www.miomiorun.com\/es\/\",\"logo\":{\"@type\":\"ImageObject\",\"inLanguage\":\"es-ES\",\"@id\":\"https:\/\/www.miomiorun.com\/es\/#\/schema\/logo\/image\/\",\"url\":\"https:\/\/www.miomiorun.com\/app\/uploads\/2019\/12\/logomio.png\",\"contentUrl\":\"https:\/\/www.miomiorun.com\/app\/uploads\/2019\/12\/logomio.png\",\"width\":115,\"height\":82,\"caption\":\"MioMio Run\"},\"image\":{\"@id\":\"https:\/\/www.miomiorun.com\/es\/#\/schema\/logo\/image\/\"},\"sameAs\":[\"https:\/\/www.facebook.com\/miomiorun\/\",\"https:\/\/www.instagram.com\/miomiorun\/\"]}]}<\/script>\n<!-- \/ Yoast SEO plugin. -->","yoast_head_json":{"title":"Brooks Dare crossback Run bra 2 mujer - Sujetadores - MioMioRun","description":"Con un estilo sencillo y minimalista, ofrece una sujeci\u00f3n eficaz para correr; las copas preformadas realzan y sostienen el pecho.","robots":{"index":"index","follow":"follow","max-snippet":"max-snippet:-1","max-image-preview":"max-image-preview:large","max-video-preview":"max-video-preview:-1"},"canonical":"https:\/\/www.miomiorun.com\/es\/producto\/brooks-dare-crossback-run-bra-2-mujer\/","og_locale":"es_ES","og_type":"article","og_title":"Brooks Dare crossback Run bra 2 mujer - Sujetadores - MioMioRun","og_description":"Con un estilo sencillo y minimalista, ofrece una sujeci\u00f3n eficaz para correr; las copas preformadas realzan y sostienen el pecho.","og_url":"https:\/\/www.miomiorun.com\/es\/producto\/brooks-dare-crossback-run-bra-2-mujer\/","og_site_name":"MioMioRun","article_publisher":"https:\/\/www.facebook.com\/miomiorun\/","article_modified_time":"2026-05-04T17:07:42+00:00","og_image":[{"width":600,"height":600,"url":"https:\/\/www.miomiorun.com\/app\/uploads\/2022\/03\/brooks-dare-crossback-2-350084554.jpg","type":"image\/jpeg"}],"twitter_card":"summary_large_image","twitter_misc":{"Est. reading time":"1 minute"},"schema":{"@context":"https:\/\/schema.org","@graph":[{"@type":"WebPage","@id":"https:\/\/www.miomiorun.com\/es\/producto\/brooks-dare-crossback-run-bra-2-mujer\/","url":"https:\/\/www.miomiorun.com\/es\/producto\/brooks-dare-crossback-run-bra-2-mujer\/","name":"Brooks Dare crossback Run bra 2 mujer - Sujetadores - MioMioRun","isPartOf":{"@id":"https:\/\/www.miomiorun.com\/es\/#website"},"primaryImageOfPage":{"@id":"https:\/\/www.miomiorun.com\/es\/producto\/brooks-dare-crossback-run-bra-2-mujer\/#primaryimage"},"image":{"@id":"https:\/\/www.miomiorun.com\/es\/producto\/brooks-dare-crossback-run-bra-2-mujer\/#primaryimage"},"thumbnailUrl":"https:\/\/www.miomiorun.com\/app\/uploads\/2022\/03\/brooks-dare-crossback-2-350084554.jpg","datePublished":"2022-03-05T15:39:03+00:00","dateModified":"2026-05-04T17:07:42+00:00","description":"Con un estilo sencillo y minimalista, ofrece una sujeci\u00f3n eficaz para correr; las copas preformadas realzan y sostienen el pecho.","breadcrumb":{"@id":"https:\/\/www.miomiorun.com\/es\/producto\/brooks-dare-crossback-run-bra-2-mujer\/#breadcrumb"},"inLanguage":"es-ES","potentialAction":[{"@type":"ReadAction","target":["https:\/\/www.miomiorun.com\/es\/producto\/brooks-dare-crossback-run-bra-2-mujer\/"]}]},{"@type":"ImageObject","inLanguage":"es-ES","@id":"https:\/\/www.miomiorun.com\/es\/producto\/brooks-dare-crossback-run-bra-2-mujer\/#primaryimage","url":"https:\/\/www.miomiorun.com\/app\/uploads\/2022\/03\/brooks-dare-crossback-2-350084554.jpg","contentUrl":"https:\/\/www.miomiorun.com\/app\/uploads\/2022\/03\/brooks-dare-crossback-2-350084554.jpg","width":600,"height":600,"caption":"brooks-dare-crossback-2-350084554"},{"@type":"BreadcrumbList","@id":"https:\/\/www.miomiorun.com\/es\/producto\/brooks-dare-crossback-run-bra-2-mujer\/#breadcrumb","itemListElement":[{"@type":"ListItem","position":1,"name":"Home","item":"https:\/\/www.miomiorun.com\/es\/"},{"@type":"ListItem","position":2,"name":"Shop","item":"https:\/\/www.miomiorun.com\/shop\/"},{"@type":"ListItem","position":3,"name":"Dare crossback Run bra 2 mujer"}]},{"@type":"WebSite","@id":"https:\/\/www.miomiorun.com\/es\/#website","url":"https:\/\/www.miomiorun.com\/es\/","name":"MioMioRun","description":"Tienda 100% running y trail","publisher":{"@id":"https:\/\/www.miomiorun.com\/es\/#organization"},"potentialAction":[{"@type":"SearchAction","target":{"@type":"EntryPoint","urlTemplate":"https:\/\/www.miomiorun.com\/es\/?s={search_term_string}"},"query-input":{"@type":"PropertyValueSpecification","valueRequired":true,"valueName":"search_term_string"}}],"inLanguage":"es-ES"},{"@type":"Organization","@id":"https:\/\/www.miomiorun.com\/es\/#organization","name":"MioMio Run","url":"https:\/\/www.miomiorun.com\/es\/","logo":{"@type":"ImageObject","inLanguage":"es-ES","@id":"https:\/\/www.miomiorun.com\/es\/#\/schema\/logo\/image\/","url":"https:\/\/www.miomiorun.com\/app\/uploads\/2019\/12\/logomio.png","contentUrl":"https:\/\/www.miomiorun.com\/app\/uploads\/2019\/12\/logomio.png","width":115,"height":82,"caption":"MioMio Run"},"image":{"@id":"https:\/\/www.miomiorun.com\/es\/#\/schema\/logo\/image\/"},"sameAs":["https:\/\/www.facebook.com\/miomiorun\/","https:\/\/www.instagram.com\/miomiorun\/"]}]}},"_links":{"self":[{"href":"https:\/\/www.miomiorun.com\/es\/wp-json\/wp\/v2\/product\/282150","targetHints":{"allow":["GET"]}}],"collection":[{"href":"https:\/\/www.miomiorun.com\/es\/wp-json\/wp\/v2\/product"}],"about":[{"href":"https:\/\/www.miomiorun.com\/es\/wp-json\/wp\/v2\/types\/product"}],"wp:featuredmedia":[{"embeddable":true,"href":"https:\/\/www.miomiorun.com\/es\/wp-json\/wp\/v2\/media\/235540"}],"wp:attachment":[{"href":"https:\/\/www.miomiorun.com\/es\/wp-json\/wp\/v2\/media?parent=282150"}],"wp:term":[{"taxonomy":"product_brand","embeddable":true,"href":"https:\/\/www.miomiorun.com\/es\/wp-json\/wp\/v2\/product_brand?post=282150"},{"taxonomy":"product_cat","embeddable":true,"href":"https:\/\/www.miomiorun.com\/es\/wp-json\/wp\/v2\/product_cat?post=282150"},{"taxonomy":"product_tag","embeddable":true,"href":"https:\/\/www.miomiorun.com\/es\/wp-json\/wp\/v2\/product_tag?post=282150"}],"curies":[{"name":"wp","href":"https:\/\/api.w.org\/{rel}","templated":true}]}}