{"id":282110,"date":"2022-03-05T17:45:01","date_gmt":"2022-03-05T16:45:01","guid":{"rendered":"https:\/\/miomiorun.com\/prodotto\/brooks-drive-plunge-run-bra\/"},"modified":"2026-05-04T19:11:38","modified_gmt":"2026-05-04T17:11:38","slug":"brooks-drive-plunge-run-bra","status":"publish","type":"product","link":"https:\/\/www.miomiorun.com\/es\/producto\/brooks-drive-plunge-run-bra\/","title":{"rendered":"Drive Plunge Run Bra"},"content":{"rendered":"<div class=\"single-product-description\">Disfruta de una combinaci\u00f3n perfecta de sujeci\u00f3n para carreras de alto impacto y transpirabilidad gracias a la combinaci\u00f3n de una compresi\u00f3n c\u00f3moda, inserciones de malla estrat\u00e9gicamente situadas en la parte delantera y un dise\u00f1o cruzado en la espalda.<\/div>\n<div><\/div>\n<div>\n<h3 class=\"a-type-h4 m-long-description__label\">Ideal para:<\/h3>\n<p><img loading=\"lazy\" decoding=\"async\" class=\"a-responsive-image__img\" src=\"https:\/\/www.brooksrunning.com\/on\/demandware.static\/-\/Sites-brooks-master-catalog\/default\/dwc4f791c6\/specs\/PDP-BestFor-BRA-Run-Ready-Compression-Support.svg\" alt=\"\" width=\"40\" height=\"40\" \/> Asistencia.<\/p>\n<p><img loading=\"lazy\" decoding=\"async\" class=\"a-responsive-image__img\" src=\"https:\/\/www.brooksrunning.com\/on\/demandware.static\/-\/Sites-brooks-master-catalog\/default\/dw3df01096\/specs\/PDP-BestFor-BRA-Removeable-Cups.svg\" alt=\"\" width=\"40\" height=\"40\" \/> Amplia gama de copas.<\/p>\n<p><img loading=\"lazy\" decoding=\"async\" class=\"a-responsive-image__img\" src=\"https:\/\/www.brooksrunning.com\/on\/demandware.static\/-\/Sites-brooks-master-catalog\/default\/dwa6ab674a\/specs\/PDP-BestFor-FTW-Outdoor-Training.svg\" alt=\"\" width=\"40\" height=\"40\" \/>Carrera diaria.<\/p>\n<p><img loading=\"lazy\" decoding=\"async\" class=\"a-responsive-image__img\" src=\"https:\/\/www.brooksrunning.com\/on\/demandware.static\/-\/Sites-brooks-master-catalog\/default\/dw76b37672\/specs\/PDP-BestFor-APP-BRA-Confident-Style-&amp;-Fit.svg\" alt=\"\" width=\"40\" height=\"40\" \/>Un look atrevido.<\/p>\n<\/div>\n<div class=\"m-features-widget m-features-widget--accent-circle\">\n<div class=\"m-info-label\"><\/div>\n<h3>Caracter\u00edsticas:<\/h3>\n<ul class=\"m-long-description__features\">\n<li class=\"m-long-description__feature\">Soporte para carreras de alto impacto.<\/li>\n<li class=\"m-long-description__feature\">Copas extra\u00edbles.<\/li>\n<li class=\"m-long-description__feature\">Transpirable.<\/li>\n<\/ul>\n<\/div>\n","protected":false},"excerpt":{"rendered":"<p>Disfruta de una combinaci\u00f3n perfecta de sujeci\u00f3n para carreras de alto impacto y transpirabilidad gracias a la combinaci\u00f3n de una compresi\u00f3n c\u00f3moda, inserciones de malla estrat\u00e9gicamente situadas en la parte delantera y un dise\u00f1o cruzado en la espalda. Ideal para: Asistencia. Amplia gama de copas. Carrera diaria. Un look atrevido. Caracter\u00edsticas: Soporte para carreras de &hellip; <a href=\"https:\/\/www.miomiorun.com\/es\/producto\/brooks-drive-plunge-run-bra\/\">Continued<\/a><\/p>\n","protected":false},"featured_media":235562,"template":"","meta":{"_acf_changed":false,"inline_featured_image":false},"product_brand":[],"product_cat":[24401,24397,24402],"product_tag":[23463,23664],"class_list":{"0":"post-282110","1":"product","2":"type-product","3":"status-publish","4":"has-post-thumbnail","6":"product_cat-ropa-de-mujer","7":"product_cat-ropa-interior","8":"product_cat-mujer","9":"product_tag-brooks-es","10":"product_tag-brooks-mujer","11":"pa_attivita-caminar","12":"pa_attivita-fitness-es","13":"pa_attivita-running-es","14":"pa_marca-brooks-es","15":"pa_sesso-mujer","16":"pa_size-small-es","17":"pa_size-medium-es","18":"pa_size-large-es","20":"first","21":"instock","22":"sale","23":"taxable","24":"shipping-taxable","25":"purchasable","26":"product-type-variable","27":"wvs-archive-product-wrapper"},"acf":[],"yoast_head":"<!-- This site is optimized with the Yoast SEO plugin v26.8 - https:\/\/yoast.com\/product\/yoast-seo-wordpress\/ -->\n<title>Brooks Drive Plunge Run Bra - sujetadores - MioMioRun<\/title>\n<meta name=\"description\" content=\"Disfruta de una combinaci\u00f3n perfecta de sujeci\u00f3n para carreras de alto impacto y transpirabilidad gracias a su c\u00f3moda compresi\u00f3n.\" \/>\n<meta name=\"robots\" content=\"index, follow, max-snippet:-1, max-image-preview:large, max-video-preview:-1\" \/>\n<link rel=\"canonical\" href=\"https:\/\/www.miomiorun.com\/es\/producto\/brooks-drive-plunge-run-bra\/\" \/>\n<meta property=\"og:locale\" content=\"es_ES\" \/>\n<meta property=\"og:type\" content=\"article\" \/>\n<meta property=\"og:title\" content=\"Brooks Drive Plunge Run Bra - sujetadores - MioMioRun\" \/>\n<meta property=\"og:description\" content=\"Disfruta de una combinaci\u00f3n perfecta de sujeci\u00f3n para carreras de alto impacto y transpirabilidad gracias a su c\u00f3moda compresi\u00f3n.\" \/>\n<meta property=\"og:url\" content=\"https:\/\/www.miomiorun.com\/es\/producto\/brooks-drive-plunge-run-bra\/\" \/>\n<meta property=\"og:site_name\" content=\"MioMioRun\" \/>\n<meta property=\"article:publisher\" content=\"https:\/\/www.facebook.com\/miomiorun\/\" \/>\n<meta property=\"article:modified_time\" content=\"2026-05-04T17:11:38+00:00\" \/>\n<meta property=\"og:image\" content=\"https:\/\/www.miomiorun.com\/app\/uploads\/2022\/03\/brooks-drive-plunge-run-bra-300642001.jpg\" \/>\n\t<meta property=\"og:image:width\" content=\"600\" \/>\n\t<meta property=\"og:image:height\" content=\"600\" \/>\n\t<meta property=\"og:image:type\" content=\"image\/jpeg\" \/>\n<meta name=\"twitter:card\" content=\"summary_large_image\" \/>\n<script type=\"application\/ld+json\" class=\"yoast-schema-graph\">{\"@context\":\"https:\/\/schema.org\",\"@graph\":[{\"@type\":\"WebPage\",\"@id\":\"https:\/\/www.miomiorun.com\/es\/producto\/brooks-drive-plunge-run-bra\/\",\"url\":\"https:\/\/www.miomiorun.com\/es\/producto\/brooks-drive-plunge-run-bra\/\",\"name\":\"Brooks Drive Plunge Run Bra - sujetadores - MioMioRun\",\"isPartOf\":{\"@id\":\"https:\/\/www.miomiorun.com\/es\/#website\"},\"primaryImageOfPage\":{\"@id\":\"https:\/\/www.miomiorun.com\/es\/producto\/brooks-drive-plunge-run-bra\/#primaryimage\"},\"image\":{\"@id\":\"https:\/\/www.miomiorun.com\/es\/producto\/brooks-drive-plunge-run-bra\/#primaryimage\"},\"thumbnailUrl\":\"https:\/\/www.miomiorun.com\/app\/uploads\/2022\/03\/brooks-drive-plunge-run-bra-300642001.jpg\",\"datePublished\":\"2022-03-05T16:45:01+00:00\",\"dateModified\":\"2026-05-04T17:11:38+00:00\",\"description\":\"Disfruta de una combinaci\u00f3n perfecta de sujeci\u00f3n para carreras de alto impacto y transpirabilidad gracias a su c\u00f3moda compresi\u00f3n.\",\"breadcrumb\":{\"@id\":\"https:\/\/www.miomiorun.com\/es\/producto\/brooks-drive-plunge-run-bra\/#breadcrumb\"},\"inLanguage\":\"es-ES\",\"potentialAction\":[{\"@type\":\"ReadAction\",\"target\":[\"https:\/\/www.miomiorun.com\/es\/producto\/brooks-drive-plunge-run-bra\/\"]}]},{\"@type\":\"ImageObject\",\"inLanguage\":\"es-ES\",\"@id\":\"https:\/\/www.miomiorun.com\/es\/producto\/brooks-drive-plunge-run-bra\/#primaryimage\",\"url\":\"https:\/\/www.miomiorun.com\/app\/uploads\/2022\/03\/brooks-drive-plunge-run-bra-300642001.jpg\",\"contentUrl\":\"https:\/\/www.miomiorun.com\/app\/uploads\/2022\/03\/brooks-drive-plunge-run-bra-300642001.jpg\",\"width\":600,\"height\":600,\"caption\":\"brooks-drive-plunge-run-bra-300642001\"},{\"@type\":\"BreadcrumbList\",\"@id\":\"https:\/\/www.miomiorun.com\/es\/producto\/brooks-drive-plunge-run-bra\/#breadcrumb\",\"itemListElement\":[{\"@type\":\"ListItem\",\"position\":1,\"name\":\"Home\",\"item\":\"https:\/\/www.miomiorun.com\/es\/\"},{\"@type\":\"ListItem\",\"position\":2,\"name\":\"Shop\",\"item\":\"https:\/\/www.miomiorun.com\/shop\/\"},{\"@type\":\"ListItem\",\"position\":3,\"name\":\"Drive Plunge Run Bra\"}]},{\"@type\":\"WebSite\",\"@id\":\"https:\/\/www.miomiorun.com\/es\/#website\",\"url\":\"https:\/\/www.miomiorun.com\/es\/\",\"name\":\"MioMioRun\",\"description\":\"Tienda 100% running y trail\",\"publisher\":{\"@id\":\"https:\/\/www.miomiorun.com\/es\/#organization\"},\"potentialAction\":[{\"@type\":\"SearchAction\",\"target\":{\"@type\":\"EntryPoint\",\"urlTemplate\":\"https:\/\/www.miomiorun.com\/es\/?s={search_term_string}\"},\"query-input\":{\"@type\":\"PropertyValueSpecification\",\"valueRequired\":true,\"valueName\":\"search_term_string\"}}],\"inLanguage\":\"es-ES\"},{\"@type\":\"Organization\",\"@id\":\"https:\/\/www.miomiorun.com\/es\/#organization\",\"name\":\"MioMio Run\",\"url\":\"https:\/\/www.miomiorun.com\/es\/\",\"logo\":{\"@type\":\"ImageObject\",\"inLanguage\":\"es-ES\",\"@id\":\"https:\/\/www.miomiorun.com\/es\/#\/schema\/logo\/image\/\",\"url\":\"https:\/\/www.miomiorun.com\/app\/uploads\/2019\/12\/logomio.png\",\"contentUrl\":\"https:\/\/www.miomiorun.com\/app\/uploads\/2019\/12\/logomio.png\",\"width\":115,\"height\":82,\"caption\":\"MioMio Run\"},\"image\":{\"@id\":\"https:\/\/www.miomiorun.com\/es\/#\/schema\/logo\/image\/\"},\"sameAs\":[\"https:\/\/www.facebook.com\/miomiorun\/\",\"https:\/\/www.instagram.com\/miomiorun\/\"]}]}<\/script>\n<!-- \/ Yoast SEO plugin. -->","yoast_head_json":{"title":"Brooks Drive Plunge Run Bra - sujetadores - MioMioRun","description":"Disfruta de una combinaci\u00f3n perfecta de sujeci\u00f3n para carreras de alto impacto y transpirabilidad gracias a su c\u00f3moda compresi\u00f3n.","robots":{"index":"index","follow":"follow","max-snippet":"max-snippet:-1","max-image-preview":"max-image-preview:large","max-video-preview":"max-video-preview:-1"},"canonical":"https:\/\/www.miomiorun.com\/es\/producto\/brooks-drive-plunge-run-bra\/","og_locale":"es_ES","og_type":"article","og_title":"Brooks Drive Plunge Run Bra - sujetadores - MioMioRun","og_description":"Disfruta de una combinaci\u00f3n perfecta de sujeci\u00f3n para carreras de alto impacto y transpirabilidad gracias a su c\u00f3moda compresi\u00f3n.","og_url":"https:\/\/www.miomiorun.com\/es\/producto\/brooks-drive-plunge-run-bra\/","og_site_name":"MioMioRun","article_publisher":"https:\/\/www.facebook.com\/miomiorun\/","article_modified_time":"2026-05-04T17:11:38+00:00","og_image":[{"width":600,"height":600,"url":"https:\/\/www.miomiorun.com\/app\/uploads\/2022\/03\/brooks-drive-plunge-run-bra-300642001.jpg","type":"image\/jpeg"}],"twitter_card":"summary_large_image","schema":{"@context":"https:\/\/schema.org","@graph":[{"@type":"WebPage","@id":"https:\/\/www.miomiorun.com\/es\/producto\/brooks-drive-plunge-run-bra\/","url":"https:\/\/www.miomiorun.com\/es\/producto\/brooks-drive-plunge-run-bra\/","name":"Brooks Drive Plunge Run Bra - sujetadores - MioMioRun","isPartOf":{"@id":"https:\/\/www.miomiorun.com\/es\/#website"},"primaryImageOfPage":{"@id":"https:\/\/www.miomiorun.com\/es\/producto\/brooks-drive-plunge-run-bra\/#primaryimage"},"image":{"@id":"https:\/\/www.miomiorun.com\/es\/producto\/brooks-drive-plunge-run-bra\/#primaryimage"},"thumbnailUrl":"https:\/\/www.miomiorun.com\/app\/uploads\/2022\/03\/brooks-drive-plunge-run-bra-300642001.jpg","datePublished":"2022-03-05T16:45:01+00:00","dateModified":"2026-05-04T17:11:38+00:00","description":"Disfruta de una combinaci\u00f3n perfecta de sujeci\u00f3n para carreras de alto impacto y transpirabilidad gracias a su c\u00f3moda compresi\u00f3n.","breadcrumb":{"@id":"https:\/\/www.miomiorun.com\/es\/producto\/brooks-drive-plunge-run-bra\/#breadcrumb"},"inLanguage":"es-ES","potentialAction":[{"@type":"ReadAction","target":["https:\/\/www.miomiorun.com\/es\/producto\/brooks-drive-plunge-run-bra\/"]}]},{"@type":"ImageObject","inLanguage":"es-ES","@id":"https:\/\/www.miomiorun.com\/es\/producto\/brooks-drive-plunge-run-bra\/#primaryimage","url":"https:\/\/www.miomiorun.com\/app\/uploads\/2022\/03\/brooks-drive-plunge-run-bra-300642001.jpg","contentUrl":"https:\/\/www.miomiorun.com\/app\/uploads\/2022\/03\/brooks-drive-plunge-run-bra-300642001.jpg","width":600,"height":600,"caption":"brooks-drive-plunge-run-bra-300642001"},{"@type":"BreadcrumbList","@id":"https:\/\/www.miomiorun.com\/es\/producto\/brooks-drive-plunge-run-bra\/#breadcrumb","itemListElement":[{"@type":"ListItem","position":1,"name":"Home","item":"https:\/\/www.miomiorun.com\/es\/"},{"@type":"ListItem","position":2,"name":"Shop","item":"https:\/\/www.miomiorun.com\/shop\/"},{"@type":"ListItem","position":3,"name":"Drive Plunge Run Bra"}]},{"@type":"WebSite","@id":"https:\/\/www.miomiorun.com\/es\/#website","url":"https:\/\/www.miomiorun.com\/es\/","name":"MioMioRun","description":"Tienda 100% running y trail","publisher":{"@id":"https:\/\/www.miomiorun.com\/es\/#organization"},"potentialAction":[{"@type":"SearchAction","target":{"@type":"EntryPoint","urlTemplate":"https:\/\/www.miomiorun.com\/es\/?s={search_term_string}"},"query-input":{"@type":"PropertyValueSpecification","valueRequired":true,"valueName":"search_term_string"}}],"inLanguage":"es-ES"},{"@type":"Organization","@id":"https:\/\/www.miomiorun.com\/es\/#organization","name":"MioMio Run","url":"https:\/\/www.miomiorun.com\/es\/","logo":{"@type":"ImageObject","inLanguage":"es-ES","@id":"https:\/\/www.miomiorun.com\/es\/#\/schema\/logo\/image\/","url":"https:\/\/www.miomiorun.com\/app\/uploads\/2019\/12\/logomio.png","contentUrl":"https:\/\/www.miomiorun.com\/app\/uploads\/2019\/12\/logomio.png","width":115,"height":82,"caption":"MioMio Run"},"image":{"@id":"https:\/\/www.miomiorun.com\/es\/#\/schema\/logo\/image\/"},"sameAs":["https:\/\/www.facebook.com\/miomiorun\/","https:\/\/www.instagram.com\/miomiorun\/"]}]}},"_links":{"self":[{"href":"https:\/\/www.miomiorun.com\/es\/wp-json\/wp\/v2\/product\/282110","targetHints":{"allow":["GET"]}}],"collection":[{"href":"https:\/\/www.miomiorun.com\/es\/wp-json\/wp\/v2\/product"}],"about":[{"href":"https:\/\/www.miomiorun.com\/es\/wp-json\/wp\/v2\/types\/product"}],"wp:featuredmedia":[{"embeddable":true,"href":"https:\/\/www.miomiorun.com\/es\/wp-json\/wp\/v2\/media\/235562"}],"wp:attachment":[{"href":"https:\/\/www.miomiorun.com\/es\/wp-json\/wp\/v2\/media?parent=282110"}],"wp:term":[{"taxonomy":"product_brand","embeddable":true,"href":"https:\/\/www.miomiorun.com\/es\/wp-json\/wp\/v2\/product_brand?post=282110"},{"taxonomy":"product_cat","embeddable":true,"href":"https:\/\/www.miomiorun.com\/es\/wp-json\/wp\/v2\/product_cat?post=282110"},{"taxonomy":"product_tag","embeddable":true,"href":"https:\/\/www.miomiorun.com\/es\/wp-json\/wp\/v2\/product_tag?post=282110"}],"curies":[{"name":"wp","href":"https:\/\/api.w.org\/{rel}","templated":true}]}}