{"id":282109,"date":"2022-03-05T18:05:25","date_gmt":"2022-03-05T17:05:25","guid":{"rendered":"https:\/\/miomiorun.com\/prodotto\/brooks-dare-strappy-run-bra\/"},"modified":"2026-05-04T19:12:45","modified_gmt":"2026-05-04T17:12:45","slug":"brooks-dare-strappy-run-bra","status":"publish","type":"product","link":"https:\/\/www.miomiorun.com\/es\/producto\/brooks-dare-strappy-run-bra\/","title":{"rendered":"Dare Strappy Run Bra"},"content":{"rendered":"<div class=\"single-product-description\">La transpirabilidad y la sujeci\u00f3n son fundamentales a la hora de elegir el sujetador deportivo adecuado: un sujetador con tirantes est\u00e1ndar puede no ser la opci\u00f3n m\u00e1s adecuada. El sujetador para correr Dare Strappy ofrece ambas ventajas, gracias a su sujeci\u00f3n para carreras de alto impacto y a sus tirantes. El tejido de secado r\u00e1pido garantiza la m\u00e1xima comodidad.<\/div>\n<div class=\"o-feature-callout__feature-copy\">\n<div class=\"o-feature-callout__feature-copy\">\n<div class=\"o-feature-callout__feature-copy\">\n<h3 class=\"a-type-h4 m-long-description__label\">Ideal para:<\/h3>\n<p><img loading=\"lazy\" decoding=\"async\" class=\"a-responsive-image__img\" src=\"https:\/\/www.brooksrunning.com\/on\/demandware.static\/-\/Sites-brooks-master-catalog\/default\/dw3b544e99\/specs\/PDP-BestFor-BRA-Run-Ready-Molded-Support.svg\" alt=\"\" width=\"40\" height=\"40\" \/> Asistencia.<\/p>\n<p><img loading=\"lazy\" decoding=\"async\" class=\"a-responsive-image__img\" src=\"https:\/\/www.brooksrunning.com\/on\/demandware.static\/-\/Sites-brooks-master-catalog\/default\/dwe3490683\/specs\/PDP-BestFor-APP-BRA-Unrestricted-Movement.svg\" alt=\"\" width=\"38\" height=\"38\" \/> Libertad de movimiento.<\/p>\n<p><img loading=\"lazy\" decoding=\"async\" class=\"a-responsive-image__img\" src=\"https:\/\/www.brooksrunning.com\/on\/demandware.static\/-\/Sites-brooks-master-catalog\/default\/dw84afb706\/specs\/PDP-BestFor-BRA-Nearly-Seamless-Design.svg\" alt=\"\" width=\"40\" height=\"40\" \/> Sensaci\u00f3n de suavidad.<\/p>\n<p><img loading=\"lazy\" decoding=\"async\" class=\"a-responsive-image__img\" src=\"https:\/\/www.brooksrunning.com\/on\/demandware.static\/-\/Sites-brooks-master-catalog\/default\/dwa6ab674a\/specs\/PDP-BestFor-FTW-Outdoor-Training.svg\" alt=\"\" width=\"40\" height=\"40\" \/> Carrera diaria.<\/p>\n<h3>Caracter\u00edsticas:<\/h3>\n<ul class=\"m-long-description__features\">\n<li class=\"m-long-description__feature\">Soporte para carreras de alto impacto.<\/li>\n<li class=\"m-long-description__feature\">Suave y seguro.<\/li>\n<li class=\"m-long-description__feature\">Comodidad optimizada.<\/li>\n<\/ul>\n<div class=\"o-feature-callout__feature-copy\">\n<h2 class=\"a-type-h4 o-feature-callout__feature-eyebrow\">Corre m\u00e1s. Rebota menos.<\/h2>\n<p class=\"a-type-h3--big o-feature-callout__feature-header\">Alta resistencia a los impactos, soporte preformado<\/p>\n<p class=\"a-type-p o-feature-callout__feature-body\">Corre m\u00e1s. M\u00ednimo rebote<\/p>\n<ul class=\"o-feature-callout__feature-list\">\n<li class=\"a-type-p o-feature-callout__feature-list-item\"><span class=\"a-type-p o-feature-callout__feature-list-item-text\">Dise\u00f1ado en colaboraci\u00f3n con nuestros socios de investigaci\u00f3n del Instituto para la Salud Mamaria de la Universidad de Portsmouth.<\/span><\/li>\n<li class=\"a-type-p o-feature-callout__feature-list-item\"><span class=\"a-type-p o-feature-callout__feature-list-item-text\">Las pruebas biomec\u00e1nicas demuestran que nuestros sujetadores est\u00e1n dise\u00f1ados con una sujeci\u00f3n espec\u00edfica para correr.<\/span><\/li>\n<li class=\"a-type-p o-feature-callout__feature-list-item\"><span class=\"a-type-p o-feature-callout__feature-list-item-text\">Probamos los sujetadores en mujeres como t\u00fa, porque los datos de laboratorio solo son v\u00e1lidos cuando se aplican al mundo real.<\/span><\/li>\n<\/ul>\n<div class=\"o-feature-callout__feature-copy\">\n<h2 class=\"a-type-h4 o-feature-callout__feature-eyebrow\">Suave al tacto<\/h2>\n<p class=\"a-type-h3--big o-feature-callout__feature-header\">Suave y seguro<\/p>\n<p class=\"a-type-p o-feature-callout__feature-body\">Las costuras minimalistas y el tejido transpirable garantizan una sensaci\u00f3n de suave comodidad que reduce las irritaciones y las rozaduras.<\/p>\n<ul class=\"o-feature-callout__feature-list\">\n<li class=\"a-type-p o-feature-callout__feature-list-item\"><span class=\"a-type-p o-feature-callout__feature-list-item-text\">El tejido transpirable DriLayer\u00ae HorsePower evacua el sudor para mantener la frescura y la comodidad durante la carrera.<\/span><\/li>\n<\/ul>\n<div class=\"o-feature-callout__feature-copy\">\n<h2 class=\"a-type-h4 o-feature-callout__feature-eyebrow\">Un momento para pon\u00e9rselo. Un momento para quit\u00e1rselo.<\/h2>\n<p class=\"a-type-h3--big o-feature-callout__feature-header\">Comodidad optimizada<\/p>\n<p class=\"a-type-p o-feature-callout__feature-body\">El elegante dise\u00f1o tipo jersey abierto por la espalda ofrece una cobertura m\u00ednima y una elegancia m\u00e1xima.<\/p>\n<\/div>\n<\/div>\n<\/div>\n<p>&nbsp;<\/p>\n<\/div>\n<\/div>\n<\/div>\n","protected":false},"excerpt":{"rendered":"<p>La transpirabilidad y la sujeci\u00f3n son fundamentales a la hora de elegir el sujetador deportivo adecuado: un sujetador con tirantes est\u00e1ndar puede no ser la opci\u00f3n m\u00e1s adecuada. El sujetador para correr Dare Strappy ofrece ambas ventajas, gracias a su sujeci\u00f3n para carreras de alto impacto y a sus tirantes. El tejido de secado r\u00e1pido &hellip; <a href=\"https:\/\/www.miomiorun.com\/es\/producto\/brooks-dare-strappy-run-bra\/\">Continued<\/a><\/p>\n","protected":false},"featured_media":235564,"template":"","meta":{"_acf_changed":false,"inline_featured_image":false},"product_brand":[],"product_cat":[24401,24397,24402],"product_tag":[23463,23664],"class_list":{"0":"post-282109","1":"product","2":"type-product","3":"status-publish","4":"has-post-thumbnail","6":"product_cat-ropa-de-mujer","7":"product_cat-ropa-interior","8":"product_cat-mujer","9":"product_tag-brooks-es","10":"product_tag-brooks-mujer","11":"pa_attivita-caminar","12":"pa_attivita-fitness-es","13":"pa_attivita-running-es","14":"pa_colore-dare-strappy-run-bra-black-es","15":"pa_colore-dare-strappy-run-bra-copper-ice-blue-es","16":"pa_marca-brooks-es","17":"pa_sesso-mujer","18":"pa_size-32ab-es","19":"pa_size-36ab-es","21":"first","22":"instock","23":"sale","24":"taxable","25":"shipping-taxable","26":"purchasable","27":"product-type-variable","28":"wvs-archive-product-wrapper"},"acf":[],"yoast_head":"<!-- This site is optimized with the Yoast SEO plugin v26.8 - https:\/\/yoast.com\/product\/yoast-seo-wordpress\/ -->\n<title>Brooks Dare Strappy Run Bra -sujetadores- MioMioRun<\/title>\n<meta name=\"description\" content=\"La transpirabilidad y la sujeci\u00f3n son fundamentales a la hora de elegir el sujetador deportivo adecuado: un sujetador con tirantes es la elecci\u00f3n acertada.\" \/>\n<meta name=\"robots\" content=\"index, follow, max-snippet:-1, max-image-preview:large, max-video-preview:-1\" \/>\n<link rel=\"canonical\" href=\"https:\/\/www.miomiorun.com\/es\/producto\/brooks-dare-strappy-run-bra\/\" \/>\n<meta property=\"og:locale\" content=\"es_ES\" \/>\n<meta property=\"og:type\" content=\"article\" \/>\n<meta property=\"og:title\" content=\"Brooks Dare Strappy Run Bra -sujetadores- MioMioRun\" \/>\n<meta property=\"og:description\" content=\"La transpirabilidad y la sujeci\u00f3n son fundamentales a la hora de elegir el sujetador deportivo adecuado: un sujetador con tirantes es la elecci\u00f3n acertada.\" \/>\n<meta property=\"og:url\" content=\"https:\/\/www.miomiorun.com\/es\/producto\/brooks-dare-strappy-run-bra\/\" \/>\n<meta property=\"og:site_name\" content=\"MioMioRun\" \/>\n<meta property=\"article:publisher\" content=\"https:\/\/www.facebook.com\/miomiorun\/\" \/>\n<meta property=\"article:modified_time\" content=\"2026-05-04T17:12:45+00:00\" \/>\n<meta property=\"og:image\" content=\"https:\/\/www.miomiorun.com\/app\/uploads\/2022\/03\/brooks-Dre-strappy-run-bra-350087001.jpg\" \/>\n\t<meta property=\"og:image:width\" content=\"600\" \/>\n\t<meta property=\"og:image:height\" content=\"600\" \/>\n\t<meta property=\"og:image:type\" content=\"image\/jpeg\" \/>\n<meta name=\"twitter:card\" content=\"summary_large_image\" \/>\n<meta name=\"twitter:label1\" content=\"Est. reading time\" \/>\n\t<meta name=\"twitter:data1\" content=\"1 minute\" \/>\n<script type=\"application\/ld+json\" class=\"yoast-schema-graph\">{\"@context\":\"https:\/\/schema.org\",\"@graph\":[{\"@type\":\"WebPage\",\"@id\":\"https:\/\/www.miomiorun.com\/es\/producto\/brooks-dare-strappy-run-bra\/\",\"url\":\"https:\/\/www.miomiorun.com\/es\/producto\/brooks-dare-strappy-run-bra\/\",\"name\":\"Brooks Dare Strappy Run Bra -sujetadores- MioMioRun\",\"isPartOf\":{\"@id\":\"https:\/\/www.miomiorun.com\/es\/#website\"},\"primaryImageOfPage\":{\"@id\":\"https:\/\/www.miomiorun.com\/es\/producto\/brooks-dare-strappy-run-bra\/#primaryimage\"},\"image\":{\"@id\":\"https:\/\/www.miomiorun.com\/es\/producto\/brooks-dare-strappy-run-bra\/#primaryimage\"},\"thumbnailUrl\":\"https:\/\/www.miomiorun.com\/app\/uploads\/2022\/03\/brooks-Dre-strappy-run-bra-350087001.jpg\",\"datePublished\":\"2022-03-05T17:05:25+00:00\",\"dateModified\":\"2026-05-04T17:12:45+00:00\",\"description\":\"La transpirabilidad y la sujeci\u00f3n son fundamentales a la hora de elegir el sujetador deportivo adecuado: un sujetador con tirantes es la elecci\u00f3n acertada.\",\"breadcrumb\":{\"@id\":\"https:\/\/www.miomiorun.com\/es\/producto\/brooks-dare-strappy-run-bra\/#breadcrumb\"},\"inLanguage\":\"es-ES\",\"potentialAction\":[{\"@type\":\"ReadAction\",\"target\":[\"https:\/\/www.miomiorun.com\/es\/producto\/brooks-dare-strappy-run-bra\/\"]}]},{\"@type\":\"ImageObject\",\"inLanguage\":\"es-ES\",\"@id\":\"https:\/\/www.miomiorun.com\/es\/producto\/brooks-dare-strappy-run-bra\/#primaryimage\",\"url\":\"https:\/\/www.miomiorun.com\/app\/uploads\/2022\/03\/brooks-Dre-strappy-run-bra-350087001.jpg\",\"contentUrl\":\"https:\/\/www.miomiorun.com\/app\/uploads\/2022\/03\/brooks-Dre-strappy-run-bra-350087001.jpg\",\"width\":600,\"height\":600,\"caption\":\"brooks-Dre-strappy-run-bra-350087001\"},{\"@type\":\"BreadcrumbList\",\"@id\":\"https:\/\/www.miomiorun.com\/es\/producto\/brooks-dare-strappy-run-bra\/#breadcrumb\",\"itemListElement\":[{\"@type\":\"ListItem\",\"position\":1,\"name\":\"Home\",\"item\":\"https:\/\/www.miomiorun.com\/es\/\"},{\"@type\":\"ListItem\",\"position\":2,\"name\":\"Shop\",\"item\":\"https:\/\/www.miomiorun.com\/shop\/\"},{\"@type\":\"ListItem\",\"position\":3,\"name\":\"Dare Strappy Run Bra\"}]},{\"@type\":\"WebSite\",\"@id\":\"https:\/\/www.miomiorun.com\/es\/#website\",\"url\":\"https:\/\/www.miomiorun.com\/es\/\",\"name\":\"MioMioRun\",\"description\":\"Tienda 100% running y trail\",\"publisher\":{\"@id\":\"https:\/\/www.miomiorun.com\/es\/#organization\"},\"potentialAction\":[{\"@type\":\"SearchAction\",\"target\":{\"@type\":\"EntryPoint\",\"urlTemplate\":\"https:\/\/www.miomiorun.com\/es\/?s={search_term_string}\"},\"query-input\":{\"@type\":\"PropertyValueSpecification\",\"valueRequired\":true,\"valueName\":\"search_term_string\"}}],\"inLanguage\":\"es-ES\"},{\"@type\":\"Organization\",\"@id\":\"https:\/\/www.miomiorun.com\/es\/#organization\",\"name\":\"MioMio Run\",\"url\":\"https:\/\/www.miomiorun.com\/es\/\",\"logo\":{\"@type\":\"ImageObject\",\"inLanguage\":\"es-ES\",\"@id\":\"https:\/\/www.miomiorun.com\/es\/#\/schema\/logo\/image\/\",\"url\":\"https:\/\/www.miomiorun.com\/app\/uploads\/2019\/12\/logomio.png\",\"contentUrl\":\"https:\/\/www.miomiorun.com\/app\/uploads\/2019\/12\/logomio.png\",\"width\":115,\"height\":82,\"caption\":\"MioMio Run\"},\"image\":{\"@id\":\"https:\/\/www.miomiorun.com\/es\/#\/schema\/logo\/image\/\"},\"sameAs\":[\"https:\/\/www.facebook.com\/miomiorun\/\",\"https:\/\/www.instagram.com\/miomiorun\/\"]}]}<\/script>\n<!-- \/ Yoast SEO plugin. -->","yoast_head_json":{"title":"Brooks Dare Strappy Run Bra -sujetadores- MioMioRun","description":"La transpirabilidad y la sujeci\u00f3n son fundamentales a la hora de elegir el sujetador deportivo adecuado: un sujetador con tirantes es la elecci\u00f3n acertada.","robots":{"index":"index","follow":"follow","max-snippet":"max-snippet:-1","max-image-preview":"max-image-preview:large","max-video-preview":"max-video-preview:-1"},"canonical":"https:\/\/www.miomiorun.com\/es\/producto\/brooks-dare-strappy-run-bra\/","og_locale":"es_ES","og_type":"article","og_title":"Brooks Dare Strappy Run Bra -sujetadores- MioMioRun","og_description":"La transpirabilidad y la sujeci\u00f3n son fundamentales a la hora de elegir el sujetador deportivo adecuado: un sujetador con tirantes es la elecci\u00f3n acertada.","og_url":"https:\/\/www.miomiorun.com\/es\/producto\/brooks-dare-strappy-run-bra\/","og_site_name":"MioMioRun","article_publisher":"https:\/\/www.facebook.com\/miomiorun\/","article_modified_time":"2026-05-04T17:12:45+00:00","og_image":[{"width":600,"height":600,"url":"https:\/\/www.miomiorun.com\/app\/uploads\/2022\/03\/brooks-Dre-strappy-run-bra-350087001.jpg","type":"image\/jpeg"}],"twitter_card":"summary_large_image","twitter_misc":{"Est. reading time":"1 minute"},"schema":{"@context":"https:\/\/schema.org","@graph":[{"@type":"WebPage","@id":"https:\/\/www.miomiorun.com\/es\/producto\/brooks-dare-strappy-run-bra\/","url":"https:\/\/www.miomiorun.com\/es\/producto\/brooks-dare-strappy-run-bra\/","name":"Brooks Dare Strappy Run Bra -sujetadores- MioMioRun","isPartOf":{"@id":"https:\/\/www.miomiorun.com\/es\/#website"},"primaryImageOfPage":{"@id":"https:\/\/www.miomiorun.com\/es\/producto\/brooks-dare-strappy-run-bra\/#primaryimage"},"image":{"@id":"https:\/\/www.miomiorun.com\/es\/producto\/brooks-dare-strappy-run-bra\/#primaryimage"},"thumbnailUrl":"https:\/\/www.miomiorun.com\/app\/uploads\/2022\/03\/brooks-Dre-strappy-run-bra-350087001.jpg","datePublished":"2022-03-05T17:05:25+00:00","dateModified":"2026-05-04T17:12:45+00:00","description":"La transpirabilidad y la sujeci\u00f3n son fundamentales a la hora de elegir el sujetador deportivo adecuado: un sujetador con tirantes es la elecci\u00f3n acertada.","breadcrumb":{"@id":"https:\/\/www.miomiorun.com\/es\/producto\/brooks-dare-strappy-run-bra\/#breadcrumb"},"inLanguage":"es-ES","potentialAction":[{"@type":"ReadAction","target":["https:\/\/www.miomiorun.com\/es\/producto\/brooks-dare-strappy-run-bra\/"]}]},{"@type":"ImageObject","inLanguage":"es-ES","@id":"https:\/\/www.miomiorun.com\/es\/producto\/brooks-dare-strappy-run-bra\/#primaryimage","url":"https:\/\/www.miomiorun.com\/app\/uploads\/2022\/03\/brooks-Dre-strappy-run-bra-350087001.jpg","contentUrl":"https:\/\/www.miomiorun.com\/app\/uploads\/2022\/03\/brooks-Dre-strappy-run-bra-350087001.jpg","width":600,"height":600,"caption":"brooks-Dre-strappy-run-bra-350087001"},{"@type":"BreadcrumbList","@id":"https:\/\/www.miomiorun.com\/es\/producto\/brooks-dare-strappy-run-bra\/#breadcrumb","itemListElement":[{"@type":"ListItem","position":1,"name":"Home","item":"https:\/\/www.miomiorun.com\/es\/"},{"@type":"ListItem","position":2,"name":"Shop","item":"https:\/\/www.miomiorun.com\/shop\/"},{"@type":"ListItem","position":3,"name":"Dare Strappy Run Bra"}]},{"@type":"WebSite","@id":"https:\/\/www.miomiorun.com\/es\/#website","url":"https:\/\/www.miomiorun.com\/es\/","name":"MioMioRun","description":"Tienda 100% running y trail","publisher":{"@id":"https:\/\/www.miomiorun.com\/es\/#organization"},"potentialAction":[{"@type":"SearchAction","target":{"@type":"EntryPoint","urlTemplate":"https:\/\/www.miomiorun.com\/es\/?s={search_term_string}"},"query-input":{"@type":"PropertyValueSpecification","valueRequired":true,"valueName":"search_term_string"}}],"inLanguage":"es-ES"},{"@type":"Organization","@id":"https:\/\/www.miomiorun.com\/es\/#organization","name":"MioMio Run","url":"https:\/\/www.miomiorun.com\/es\/","logo":{"@type":"ImageObject","inLanguage":"es-ES","@id":"https:\/\/www.miomiorun.com\/es\/#\/schema\/logo\/image\/","url":"https:\/\/www.miomiorun.com\/app\/uploads\/2019\/12\/logomio.png","contentUrl":"https:\/\/www.miomiorun.com\/app\/uploads\/2019\/12\/logomio.png","width":115,"height":82,"caption":"MioMio Run"},"image":{"@id":"https:\/\/www.miomiorun.com\/es\/#\/schema\/logo\/image\/"},"sameAs":["https:\/\/www.facebook.com\/miomiorun\/","https:\/\/www.instagram.com\/miomiorun\/"]}]}},"_links":{"self":[{"href":"https:\/\/www.miomiorun.com\/es\/wp-json\/wp\/v2\/product\/282109","targetHints":{"allow":["GET"]}}],"collection":[{"href":"https:\/\/www.miomiorun.com\/es\/wp-json\/wp\/v2\/product"}],"about":[{"href":"https:\/\/www.miomiorun.com\/es\/wp-json\/wp\/v2\/types\/product"}],"wp:featuredmedia":[{"embeddable":true,"href":"https:\/\/www.miomiorun.com\/es\/wp-json\/wp\/v2\/media\/235564"}],"wp:attachment":[{"href":"https:\/\/www.miomiorun.com\/es\/wp-json\/wp\/v2\/media?parent=282109"}],"wp:term":[{"taxonomy":"product_brand","embeddable":true,"href":"https:\/\/www.miomiorun.com\/es\/wp-json\/wp\/v2\/product_brand?post=282109"},{"taxonomy":"product_cat","embeddable":true,"href":"https:\/\/www.miomiorun.com\/es\/wp-json\/wp\/v2\/product_cat?post=282109"},{"taxonomy":"product_tag","embeddable":true,"href":"https:\/\/www.miomiorun.com\/es\/wp-json\/wp\/v2\/product_tag?post=282109"}],"curies":[{"name":"wp","href":"https:\/\/api.w.org\/{rel}","templated":true}]}}