{"id":282096,"date":"2022-03-08T12:10:41","date_gmt":"2022-03-08T11:10:41","guid":{"rendered":"https:\/\/miomiorun.com\/prodotto\/brooks-sprint-free-tank-donna\/"},"modified":"2026-05-04T19:15:39","modified_gmt":"2026-05-04T17:15:39","slug":"brooks-sprint-free-tank-mujer","status":"publish","type":"product","link":"https:\/\/www.miomiorun.com\/es\/producto\/brooks-sprint-free-tank-mujer\/","title":{"rendered":"Sprint Free Tank mujer"},"content":{"rendered":"<p>Hay muchas camisetas transpirables, pero estamos aqu\u00ed para facilitarte la elecci\u00f3n. La camiseta sin mangas <strong>Sprint Free<\/strong> para mujer, nuestra prenda m\u00e1s ligera, combina un estilo moderno con un acabado que repele los olores para proporcionarte frescor y hacerte sentir c\u00f3moda en cada salida.<\/p>\n<h3 class=\"a-type-h4 m-long-description__label\">Ideal para:<\/h3>\n<ul class=\"m-long-description__best-for\">\n<li class=\"m-long-description__best-for-item\">\n<div class=\"m-long-description__best-for-icon\" aria-hidden=\"true\"><img loading=\"lazy\" decoding=\"async\" class=\"a-responsive-image__img\" src=\"https:\/\/www.brooksrunning.com\/on\/demandware.static\/-\/Sites-brooks-master-catalog\/default\/dwd365409a\/specs\/PDP-BestFor-APP-Beat-The-Heat.svg\" alt=\"\" width=\"41\" height=\"41\" \/> Altas temperaturas.<\/div>\n<\/li>\n<li class=\"m-long-description__best-for-item\">\n<div class=\"m-long-description__best-for-icon\" aria-hidden=\"true\"><img loading=\"lazy\" decoding=\"async\" class=\"a-responsive-image__img\" src=\"https:\/\/www.brooksrunning.com\/on\/demandware.static\/-\/Sites-brooks-master-catalog\/default\/dw4fc42e57\/specs\/PDP-BestFor-FTW-APP-BRA-Breathability.svg\" alt=\"\" width=\"40\" height=\"40\" \/> Transpirabilidad.<\/div>\n<\/li>\n<li class=\"m-long-description__best-for-item\">\n<div class=\"m-long-description__best-for-icon\" aria-hidden=\"true\"><img loading=\"lazy\" decoding=\"async\" class=\"a-responsive-image__img\" src=\"https:\/\/www.brooksrunning.com\/on\/demandware.static\/-\/Sites-brooks-master-catalog\/default\/dweb5c0570\/specs\/PDP-BestFor-APP-Oder-Resistant.svg\" alt=\"\" width=\"40\" height=\"40\" \/> Resistente a los olores.<\/div>\n<\/li>\n<li class=\"m-long-description__best-for-item\">\n<div class=\"m-long-description__best-for-icon\" aria-hidden=\"true\"><img loading=\"lazy\" decoding=\"async\" class=\"a-responsive-image__img\" src=\"https:\/\/www.brooksrunning.com\/on\/demandware.static\/-\/Sites-brooks-master-catalog\/default\/dw90e0d184\/specs\/PDP-BestFor-APP-BRA-New-Fit.svg\" alt=\"\" width=\"40\" height=\"40\" \/> Corte moderno.<\/div>\n<\/li>\n<\/ul>\n<p><strong>Caracter\u00edsticas:<\/strong><\/p>\n<ul class=\"m-long-description__features\">\n<li class=\"m-long-description__feature\">Aberturas laterales<\/li>\n<li class=\"m-long-description__feature\">Resistente a los olores<\/li>\n<li class=\"m-long-description__feature\">Ultratranspirable<\/li>\n<li class=\"m-long-description__feature\">Ecosostenible<\/li>\n<\/ul>\n<div class=\"o-feature-callout__feature-copy\">\n<h2 class=\"a-type-h4 o-feature-callout__feature-eyebrow\">Listo ya<\/h2>\n<p class=\"a-type-h3--big o-feature-callout__feature-header\">Corte moderno<\/p>\n<p class=\"a-type-p o-feature-callout__feature-body\">El dise\u00f1o de cuello alto y las aberturas laterales crean una prenda de aspecto moderno, para que puedas salir con total seguridad.<\/p>\n<h2>Nuevo acabado<\/h2>\n<\/div>\n<div class=\"o-feature-callout__feature-copy\">\n<p class=\"a-type-h3--big o-feature-callout__feature-header\">Resistente a los olores<\/p>\n<p class=\"a-type-p o-feature-callout__feature-body\">Frescura garantizada gracias al acabado antimicrobiano que se mantiene lavado tras lavado.<\/p>\n<div class=\"o-feature-callout__feature-copy\">\n<h2 class=\"a-type-h4 o-feature-callout__feature-eyebrow\">Pasamuros integrado<\/h2>\n<p class=\"a-type-h3--big o-feature-callout__feature-header\">Ultratranspirable<\/p>\n<p class=\"a-type-p o-feature-callout__feature-body\">Nuestro nuevo tejido de malla ultraligero con elasticidad en cuatro direcciones ofrece la m\u00e1xima transpirabilidad.<\/p>\n<\/div>\n<\/div>\n","protected":false},"excerpt":{"rendered":"<p>Hay muchas camisetas transpirables, pero estamos aqu\u00ed para facilitarte la elecci\u00f3n. La camiseta sin mangas Sprint Free para mujer, nuestra prenda m\u00e1s ligera, combina un estilo moderno con un acabado que repele los olores para proporcionarte frescor y hacerte sentir c\u00f3moda en cada salida. Ideal para: Altas temperaturas. Transpirabilidad. Resistente a los olores. Corte moderno. &hellip; <a href=\"https:\/\/www.miomiorun.com\/es\/producto\/brooks-sprint-free-tank-mujer\/\">Continued<\/a><\/p>\n","protected":false},"featured_media":235548,"template":"","meta":{"_acf_changed":false,"inline_featured_image":false},"product_brand":[],"product_cat":[24421,24420],"product_tag":[23463,23664],"class_list":{"0":"post-282096","1":"product","2":"type-product","3":"status-publish","4":"has-post-thumbnail","6":"product_cat-chalecos-es","7":"product_cat-ropa-de-mujer-es","8":"product_tag-brooks-es","9":"product_tag-brooks-mujer","10":"pa_attivita-caminar","11":"pa_attivita-running-es","12":"pa_colore-sprint-free-tank-w-violet-dash-es","13":"pa_marca-brooks-es","14":"pa_sesso-mujer","15":"pa_size-small-es","17":"first","18":"instock","19":"sale","20":"taxable","21":"shipping-taxable","22":"purchasable","23":"product-type-variable","24":"wvs-archive-product-wrapper"},"acf":[],"yoast_head":"<!-- This site is optimized with the Yoast SEO plugin v26.8 - https:\/\/yoast.com\/product\/yoast-seo-wordpress\/ -->\n<title>Brooks Sprint Free Tank mujer - Camiseta sin mangas para correr- MioMioRun<\/title>\n<meta name=\"description\" content=\"Hay muchas camisetas transpirables, pero estamos aqu\u00ed para facilitarte la elecci\u00f3n. La camiseta sin mangas Sprint Free es nuestra prenda m\u00e1s ligera.\" \/>\n<meta name=\"robots\" content=\"index, follow, max-snippet:-1, max-image-preview:large, max-video-preview:-1\" \/>\n<link rel=\"canonical\" href=\"https:\/\/www.miomiorun.com\/es\/producto\/brooks-sprint-free-tank-mujer\/\" \/>\n<meta property=\"og:locale\" content=\"es_ES\" \/>\n<meta property=\"og:type\" content=\"article\" \/>\n<meta property=\"og:title\" content=\"Brooks Sprint Free Tank mujer - Camiseta sin mangas para correr- MioMioRun\" \/>\n<meta property=\"og:description\" content=\"Hay muchas camisetas transpirables, pero estamos aqu\u00ed para facilitarte la elecci\u00f3n. La camiseta sin mangas Sprint Free es nuestra prenda m\u00e1s ligera.\" \/>\n<meta property=\"og:url\" content=\"https:\/\/www.miomiorun.com\/es\/producto\/brooks-sprint-free-tank-mujer\/\" \/>\n<meta property=\"og:site_name\" content=\"MioMioRun\" \/>\n<meta property=\"article:publisher\" content=\"https:\/\/www.facebook.com\/miomiorun\/\" \/>\n<meta property=\"article:modified_time\" content=\"2026-05-04T17:15:39+00:00\" \/>\n<meta property=\"og:image\" content=\"https:\/\/www.miomiorun.com\/app\/uploads\/2022\/03\/brooks-Sprint-Free-Tank-221535554.jpg\" \/>\n\t<meta property=\"og:image:width\" content=\"600\" \/>\n\t<meta property=\"og:image:height\" content=\"600\" \/>\n\t<meta property=\"og:image:type\" content=\"image\/jpeg\" \/>\n<meta name=\"twitter:card\" content=\"summary_large_image\" \/>\n<meta name=\"twitter:label1\" content=\"Est. reading time\" \/>\n\t<meta name=\"twitter:data1\" content=\"1 minute\" \/>\n<script type=\"application\/ld+json\" class=\"yoast-schema-graph\">{\"@context\":\"https:\/\/schema.org\",\"@graph\":[{\"@type\":\"WebPage\",\"@id\":\"https:\/\/www.miomiorun.com\/es\/producto\/brooks-sprint-free-tank-mujer\/\",\"url\":\"https:\/\/www.miomiorun.com\/es\/producto\/brooks-sprint-free-tank-mujer\/\",\"name\":\"Brooks Sprint Free Tank mujer - Camiseta sin mangas para correr- MioMioRun\",\"isPartOf\":{\"@id\":\"https:\/\/www.miomiorun.com\/es\/#website\"},\"primaryImageOfPage\":{\"@id\":\"https:\/\/www.miomiorun.com\/es\/producto\/brooks-sprint-free-tank-mujer\/#primaryimage\"},\"image\":{\"@id\":\"https:\/\/www.miomiorun.com\/es\/producto\/brooks-sprint-free-tank-mujer\/#primaryimage\"},\"thumbnailUrl\":\"https:\/\/www.miomiorun.com\/app\/uploads\/2022\/03\/brooks-Sprint-Free-Tank-221535554.jpg\",\"datePublished\":\"2022-03-08T11:10:41+00:00\",\"dateModified\":\"2026-05-04T17:15:39+00:00\",\"description\":\"Hay muchas camisetas transpirables, pero estamos aqu\u00ed para facilitarte la elecci\u00f3n. La camiseta sin mangas Sprint Free es nuestra prenda m\u00e1s ligera.\",\"breadcrumb\":{\"@id\":\"https:\/\/www.miomiorun.com\/es\/producto\/brooks-sprint-free-tank-mujer\/#breadcrumb\"},\"inLanguage\":\"es-ES\",\"potentialAction\":[{\"@type\":\"ReadAction\",\"target\":[\"https:\/\/www.miomiorun.com\/es\/producto\/brooks-sprint-free-tank-mujer\/\"]}]},{\"@type\":\"ImageObject\",\"inLanguage\":\"es-ES\",\"@id\":\"https:\/\/www.miomiorun.com\/es\/producto\/brooks-sprint-free-tank-mujer\/#primaryimage\",\"url\":\"https:\/\/www.miomiorun.com\/app\/uploads\/2022\/03\/brooks-Sprint-Free-Tank-221535554.jpg\",\"contentUrl\":\"https:\/\/www.miomiorun.com\/app\/uploads\/2022\/03\/brooks-Sprint-Free-Tank-221535554.jpg\",\"width\":600,\"height\":600,\"caption\":\"brooks-Sprint-Free-Tank-221535554\"},{\"@type\":\"BreadcrumbList\",\"@id\":\"https:\/\/www.miomiorun.com\/es\/producto\/brooks-sprint-free-tank-mujer\/#breadcrumb\",\"itemListElement\":[{\"@type\":\"ListItem\",\"position\":1,\"name\":\"Home\",\"item\":\"https:\/\/www.miomiorun.com\/es\/\"},{\"@type\":\"ListItem\",\"position\":2,\"name\":\"Shop\",\"item\":\"https:\/\/www.miomiorun.com\/shop\/\"},{\"@type\":\"ListItem\",\"position\":3,\"name\":\"Sprint Free Tank mujer\"}]},{\"@type\":\"WebSite\",\"@id\":\"https:\/\/www.miomiorun.com\/es\/#website\",\"url\":\"https:\/\/www.miomiorun.com\/es\/\",\"name\":\"MioMioRun\",\"description\":\"Tienda 100% running y trail\",\"publisher\":{\"@id\":\"https:\/\/www.miomiorun.com\/es\/#organization\"},\"potentialAction\":[{\"@type\":\"SearchAction\",\"target\":{\"@type\":\"EntryPoint\",\"urlTemplate\":\"https:\/\/www.miomiorun.com\/es\/?s={search_term_string}\"},\"query-input\":{\"@type\":\"PropertyValueSpecification\",\"valueRequired\":true,\"valueName\":\"search_term_string\"}}],\"inLanguage\":\"es-ES\"},{\"@type\":\"Organization\",\"@id\":\"https:\/\/www.miomiorun.com\/es\/#organization\",\"name\":\"MioMio Run\",\"url\":\"https:\/\/www.miomiorun.com\/es\/\",\"logo\":{\"@type\":\"ImageObject\",\"inLanguage\":\"es-ES\",\"@id\":\"https:\/\/www.miomiorun.com\/es\/#\/schema\/logo\/image\/\",\"url\":\"https:\/\/www.miomiorun.com\/app\/uploads\/2019\/12\/logomio.png\",\"contentUrl\":\"https:\/\/www.miomiorun.com\/app\/uploads\/2019\/12\/logomio.png\",\"width\":115,\"height\":82,\"caption\":\"MioMio Run\"},\"image\":{\"@id\":\"https:\/\/www.miomiorun.com\/es\/#\/schema\/logo\/image\/\"},\"sameAs\":[\"https:\/\/www.facebook.com\/miomiorun\/\",\"https:\/\/www.instagram.com\/miomiorun\/\"]}]}<\/script>\n<!-- \/ Yoast SEO plugin. -->","yoast_head_json":{"title":"Brooks Sprint Free Tank mujer - Camiseta sin mangas para correr- MioMioRun","description":"Hay muchas camisetas transpirables, pero estamos aqu\u00ed para facilitarte la elecci\u00f3n. La camiseta sin mangas Sprint Free es nuestra prenda m\u00e1s ligera.","robots":{"index":"index","follow":"follow","max-snippet":"max-snippet:-1","max-image-preview":"max-image-preview:large","max-video-preview":"max-video-preview:-1"},"canonical":"https:\/\/www.miomiorun.com\/es\/producto\/brooks-sprint-free-tank-mujer\/","og_locale":"es_ES","og_type":"article","og_title":"Brooks Sprint Free Tank mujer - Camiseta sin mangas para correr- MioMioRun","og_description":"Hay muchas camisetas transpirables, pero estamos aqu\u00ed para facilitarte la elecci\u00f3n. La camiseta sin mangas Sprint Free es nuestra prenda m\u00e1s ligera.","og_url":"https:\/\/www.miomiorun.com\/es\/producto\/brooks-sprint-free-tank-mujer\/","og_site_name":"MioMioRun","article_publisher":"https:\/\/www.facebook.com\/miomiorun\/","article_modified_time":"2026-05-04T17:15:39+00:00","og_image":[{"width":600,"height":600,"url":"https:\/\/www.miomiorun.com\/app\/uploads\/2022\/03\/brooks-Sprint-Free-Tank-221535554.jpg","type":"image\/jpeg"}],"twitter_card":"summary_large_image","twitter_misc":{"Est. reading time":"1 minute"},"schema":{"@context":"https:\/\/schema.org","@graph":[{"@type":"WebPage","@id":"https:\/\/www.miomiorun.com\/es\/producto\/brooks-sprint-free-tank-mujer\/","url":"https:\/\/www.miomiorun.com\/es\/producto\/brooks-sprint-free-tank-mujer\/","name":"Brooks Sprint Free Tank mujer - Camiseta sin mangas para correr- MioMioRun","isPartOf":{"@id":"https:\/\/www.miomiorun.com\/es\/#website"},"primaryImageOfPage":{"@id":"https:\/\/www.miomiorun.com\/es\/producto\/brooks-sprint-free-tank-mujer\/#primaryimage"},"image":{"@id":"https:\/\/www.miomiorun.com\/es\/producto\/brooks-sprint-free-tank-mujer\/#primaryimage"},"thumbnailUrl":"https:\/\/www.miomiorun.com\/app\/uploads\/2022\/03\/brooks-Sprint-Free-Tank-221535554.jpg","datePublished":"2022-03-08T11:10:41+00:00","dateModified":"2026-05-04T17:15:39+00:00","description":"Hay muchas camisetas transpirables, pero estamos aqu\u00ed para facilitarte la elecci\u00f3n. La camiseta sin mangas Sprint Free es nuestra prenda m\u00e1s ligera.","breadcrumb":{"@id":"https:\/\/www.miomiorun.com\/es\/producto\/brooks-sprint-free-tank-mujer\/#breadcrumb"},"inLanguage":"es-ES","potentialAction":[{"@type":"ReadAction","target":["https:\/\/www.miomiorun.com\/es\/producto\/brooks-sprint-free-tank-mujer\/"]}]},{"@type":"ImageObject","inLanguage":"es-ES","@id":"https:\/\/www.miomiorun.com\/es\/producto\/brooks-sprint-free-tank-mujer\/#primaryimage","url":"https:\/\/www.miomiorun.com\/app\/uploads\/2022\/03\/brooks-Sprint-Free-Tank-221535554.jpg","contentUrl":"https:\/\/www.miomiorun.com\/app\/uploads\/2022\/03\/brooks-Sprint-Free-Tank-221535554.jpg","width":600,"height":600,"caption":"brooks-Sprint-Free-Tank-221535554"},{"@type":"BreadcrumbList","@id":"https:\/\/www.miomiorun.com\/es\/producto\/brooks-sprint-free-tank-mujer\/#breadcrumb","itemListElement":[{"@type":"ListItem","position":1,"name":"Home","item":"https:\/\/www.miomiorun.com\/es\/"},{"@type":"ListItem","position":2,"name":"Shop","item":"https:\/\/www.miomiorun.com\/shop\/"},{"@type":"ListItem","position":3,"name":"Sprint Free Tank mujer"}]},{"@type":"WebSite","@id":"https:\/\/www.miomiorun.com\/es\/#website","url":"https:\/\/www.miomiorun.com\/es\/","name":"MioMioRun","description":"Tienda 100% running y trail","publisher":{"@id":"https:\/\/www.miomiorun.com\/es\/#organization"},"potentialAction":[{"@type":"SearchAction","target":{"@type":"EntryPoint","urlTemplate":"https:\/\/www.miomiorun.com\/es\/?s={search_term_string}"},"query-input":{"@type":"PropertyValueSpecification","valueRequired":true,"valueName":"search_term_string"}}],"inLanguage":"es-ES"},{"@type":"Organization","@id":"https:\/\/www.miomiorun.com\/es\/#organization","name":"MioMio Run","url":"https:\/\/www.miomiorun.com\/es\/","logo":{"@type":"ImageObject","inLanguage":"es-ES","@id":"https:\/\/www.miomiorun.com\/es\/#\/schema\/logo\/image\/","url":"https:\/\/www.miomiorun.com\/app\/uploads\/2019\/12\/logomio.png","contentUrl":"https:\/\/www.miomiorun.com\/app\/uploads\/2019\/12\/logomio.png","width":115,"height":82,"caption":"MioMio Run"},"image":{"@id":"https:\/\/www.miomiorun.com\/es\/#\/schema\/logo\/image\/"},"sameAs":["https:\/\/www.facebook.com\/miomiorun\/","https:\/\/www.instagram.com\/miomiorun\/"]}]}},"_links":{"self":[{"href":"https:\/\/www.miomiorun.com\/es\/wp-json\/wp\/v2\/product\/282096","targetHints":{"allow":["GET"]}}],"collection":[{"href":"https:\/\/www.miomiorun.com\/es\/wp-json\/wp\/v2\/product"}],"about":[{"href":"https:\/\/www.miomiorun.com\/es\/wp-json\/wp\/v2\/types\/product"}],"wp:featuredmedia":[{"embeddable":true,"href":"https:\/\/www.miomiorun.com\/es\/wp-json\/wp\/v2\/media\/235548"}],"wp:attachment":[{"href":"https:\/\/www.miomiorun.com\/es\/wp-json\/wp\/v2\/media?parent=282096"}],"wp:term":[{"taxonomy":"product_brand","embeddable":true,"href":"https:\/\/www.miomiorun.com\/es\/wp-json\/wp\/v2\/product_brand?post=282096"},{"taxonomy":"product_cat","embeddable":true,"href":"https:\/\/www.miomiorun.com\/es\/wp-json\/wp\/v2\/product_cat?post=282096"},{"taxonomy":"product_tag","embeddable":true,"href":"https:\/\/www.miomiorun.com\/es\/wp-json\/wp\/v2\/product_tag?post=282096"}],"curies":[{"name":"wp","href":"https:\/\/api.w.org\/{rel}","templated":true}]}}