{"id":282042,"date":"2022-03-09T17:05:57","date_gmt":"2022-03-09T16:05:57","guid":{"rendered":"https:\/\/miomiorun.com\/prodotto\/garmin-inreach-mini-2\/"},"modified":"2026-03-18T12:29:09","modified_gmt":"2026-03-18T11:29:09","slug":"garmin-inreach-mini-2","status":"publish","type":"product","link":"https:\/\/www.miomiorun.com\/es\/producto\/garmin-inreach-mini-2\/","title":{"rendered":"Inreach mini 2"},"content":{"rendered":"<p><div class=\"vc-row container\"><div class=\"vc-column\"><div class=\"vc-column-text\"><\/p>\n<h2 style=\"text-align: center\">TU CASA EST\u00c1 M\u00c1S CERCA DE LO QUE CREES<\/h2>\n<p>Con este compacto comunicador por sat\u00e9lite, tu casa siempre estar\u00e1 cerca, incluso cuando no tengas cobertura, para que disfrutes de mayor tranquilidad en cada aventura sin a\u00f1adir peso a tu equipaje.<\/p>\n<p><\/div><\/div><\/div><div class=\"vc-row container\"><div class=\"vc-column\"> <\/div><\/p>\n<p><\/div><div class=\"vc-row container\"><div class=\"vc-column\"><div class=\"vc-column-text\"><\/p>\n<p style=\"text-align: center\"><img decoding=\"async\" class=\"app__feature__card__image aligncenter\" src=\"https:\/\/static.garmincdn.com\/gdc\/Product_Pages\/ICONS\/GPS_tracking.svg\" alt=\"\" \/><br \/>\nGracias a la cobertura satelital global, puedes mantenerte conectado cuando los tel\u00e9fonos m\u00f3viles no te lo permiten.<\/p>\n<p><\/div><\/div><div class=\"vc-column\"><div class=\"vc-column-text\"><\/p>\n<p style=\"text-align: center\"><img decoding=\"async\" class=\"app__feature__card__image aligncenter\" src=\"https:\/\/static.garmincdn.com\/gdc\/Product_Pages\/ICONS\/SOS.svg\" alt=\"\" \/><br \/>\nEn caso de emergencia, puedes enviar un mensaje SOS interactivo a nuestro centro de coordinaci\u00f3n.<\/p>\n<p><\/div><\/div><div class=\"vc-column\"><div class=\"vc-column-text\"><\/p>\n<p style=\"text-align: center\"><img decoding=\"async\" class=\"app__feature__card__image aligncenter\" src=\"https:\/\/static.garmincdn.com\/gdc\/Product_Pages\/ICONS\/Connected_Featured.svg\" alt=\"\" \/><br \/>\nAdem\u00e1s, siempre puedes conectarte con las personas que te importan, incluso si no hay cobertura para el m\u00f3vil.<\/p>\n<p><\/div><\/div><div class=\"vc-column\"><div class=\"vc-column-text\"><\/p>\n<p style=\"text-align: center\"><img decoding=\"async\" class=\"app__feature__card__image aligncenter\" src=\"https:\/\/static.garmincdn.com\/gdc\/Product_Pages\/ICONS\/Garmin-Adventurous-Routing.svg\" alt=\"\" \/><br \/>\nCon el sistema de rutas TracBack\u00ae encontrar\u00e1s el camino de vuelta si te pierdes.<\/p>\n<p><\/div><\/div><div class=\"vc-column\"><div class=\"vc-column-text\"><\/p>\n<p style=\"text-align: center\"><img decoding=\"async\" class=\"app__feature__card__image aligncenter\" src=\"https:\/\/static.garmincdn.com\/gdc\/Product_Pages\/ICONS\/Gamin_Explore_App.svg\" alt=\"\" \/><br \/>\nAmpl\u00eda las funciones de tu dispositivo inReach con la aplicaci\u00f3n Garmin Explore\u2122.<\/p>\n<p><\/div><\/div><div class=\"vc-column\"><div class=\"vc-column-text\"><\/p>\n<p style=\"text-align: center\"><img decoding=\"async\" class=\"app__feature__card__image aligncenter\" src=\"https:\/\/static.garmincdn.com\/gdc\/Product_Pages\/ICONS\/Battery_Life.svg\" alt=\"\" \/><br \/>\nDisfruta m\u00e1s tiempo de tus aventuras con una bater\u00eda que dura hasta 14 d\u00edas con la frecuencia de registro establecida en 10 minutos.<\/p>\n<p><\/div><\/div><\/div><div class=\"vc-row container\"><div class=\"vc-column\"><div style=\"height:32px\" class=\"vc-empty-space\"><\/div><\/div><\/div><div class=\"vc-row container\"><div class=\"vc-column\"><div class=\"vc-column-text\"><\/p>\n<p>&nbsp;<\/p>\n<p>&nbsp;<\/p>\n<h3>MENSAJER\u00cdA BIDIRECCIONAL<\/h3>\n<p>Intercambia mensajes de texto con amigos y familiares que se han quedado en casa, publica en redes sociales o comun\u00edcate con otro dispositivo inReach sobre el terreno.<\/p>\n<p><\/div><\/div><div class=\"vc-column\"><div class=\"vc-column-text\"><\/p>\n<h3>ALERTAS SOS INTERACTIVAS<\/h3>\n<p>En caso de emergencia, activa un mensaje SOS interactivo dirigido a Garmin IERCC, un centro de coordinaci\u00f3n profesional de respuesta a emergencias, operativo todos los d\u00edas, las 24 horas del d\u00eda.<\/p>\n<p><\/div><\/div><div class=\"vc-column\"><div class=\"vc-column-text\"><\/p>\n<h3>COMPARTIR LA UBICACI\u00d3N<\/h3>\n<p>Comparte tu ubicaci\u00f3n con tus seres queridos que se han quedado en casa en cualquier momento utilizando la p\u00e1gina MapShare\u2122 o las coordenadas incluidas en tus mensajes.<\/p>\n<p><\/div><\/div><div class=\"vc-column\"><div class=\"vc-column-text\"><\/p>\n<h3>RED SATELITAL GLOBAL<\/h3>\n<p>En lugar de a trav\u00e9s de la red m\u00f3vil, tus mensajes, alertas SOS y registros de ubicaci\u00f3n se transmiten a trav\u00e9s de la red satelital global Iridium\u00ae.<\/p>\n<p><\/div><\/div><div class=\"vc-column\"><div class=\"vc-column-text\"><\/p>\n<h3>PLANES DE TRANSMISI\u00d3N SATELITAL FLEXIBLES<\/h3>\n<p>Para acceder a la red Iridium y comunicarte con tu dispositivo inReach Mini 2, necesitas una suscripci\u00f3n satelital activa. Puedes elegir un paquete anual o un plan mensual flexible.<\/p>\n<p><\/div><\/div><div class=\"vc-column\"><div class=\"vc-column-text\"><\/p>\n<h3>DISE\u00d1O COMPACTO Y RESISTENTE<\/h3>\n<p>No te dejes enga\u00f1ar por sus dimensiones de 4\u2033 x 2\u2033 y su peso de 100 g. El inReach Mini 2 es resistente, duradero, a prueba de golpes (MIL-STD-810) y cuenta con la clasificaci\u00f3n de resistencia al agua IPX7.<\/p>\n<p><\/div><\/div><\/div><div class=\"vc-row container\"><div class=\"vc-column\"> <div style=\"height:32px\" class=\"vc-empty-space\"><\/div><\/div><\/div><div class=\"vc-row container\"><div class=\"vc-column\"><div class=\"vc-column-text\"><\/p>\n<h3>TRACBACK<\/h3>\n<p>La funci\u00f3n TracBack te muestra el camino de vuelta al punto de partida siguiendo la ruta de ida, en caso de que te pierdas, directamente en el dispositivo.<\/p>\n<p><\/div><\/div><div class=\"vc-column\"><div class=\"vc-column-text\"><\/p>\n<h3>BR\u00daJULA DIGITAL<\/h3>\n<p>Obt\u00e9n informaci\u00f3n precisa sobre la direcci\u00f3n, incluso cuando no est\u00e9s en movimiento.<\/p>\n<p><\/div><\/div><div class=\"vc-column\"><div class=\"vc-column-text\"><\/p>\n<h3>DURACI\u00d3N DE LA BATER\u00cdA<\/h3>\n<p>La bater\u00eda interna recargable de litio dura hasta 14 d\u00edas en el modo predeterminado de registro cada 10 minutos y hasta 30 d\u00edas en el modo de ahorro de energ\u00eda.<\/p>\n<p><\/div><\/div><div class=\"vc-column\"><div class=\"vc-column-text\"><\/p>\n<h3>SERVICIO DE PREVISI\u00d3N METEOROL\u00d3GICA INREACH<\/h3>\n<p>Recibe actualizaciones meteorol\u00f3gicas detalladas en el inReach Mini 2 o en un dispositivo compatible emparejado. Tambi\u00e9n puedes solicitar previsiones para tu ubicaci\u00f3n actual u otros waypoints o destinos de la ruta.<\/p>\n<p><\/div><\/div><div class=\"vc-column\"> <div class=\"vc-column-text\"><\/p>\n<h3>ALMACENAMIENTO EN LA NUBE ILIMITADO Y PLANIFICACI\u00d3N<\/h3>\n<p>Accede de forma gratuita al sitio web Garmin Explore basado en la nube desde tu ordenador para planificar viajes, crear mensajes predefinidos y textos r\u00e1pidos, sincronizar y gestionar la configuraci\u00f3n de tu dispositivo y mucho m\u00e1s.<\/p>\n<p><\/div><\/div><\/div><div class=\"vc-row container\"><div class=\"vc-column\"><div style=\"height:32px\" class=\"vc-empty-space\"><\/div><\/div><\/div><div class=\"vc-row container\"><div class=\"vc-column\"><div class=\"vc-column-text\"><\/p>\n<h3>Garmin Explore<\/h3>\n<p>Sincroniza con el sitio web de Garmin Explore o con la aplicaci\u00f3n m\u00f3vil en tu smartphone compatible para navegaci\u00f3n, waypoints, rutas, actividades y colecciones. Adem\u00e1s, puedes acceder a la planificaci\u00f3n de viajes y a mapas topogr\u00e1ficos.<\/p>\n<p><\/div><\/div><div class=\"vc-column\"><div class=\"vc-column-text\"><\/p>\n<h3>OTROS DISPOSITIVOS GARMIN<\/h3>\n<p>Controla de forma remota el inReach Mini 2 para enviar y recibir mensajes, iniciar y detener el rastreo y activar un SOS interactivo utilizando dispositivos port\u00e1tiles, wearables u otros dispositivos m\u00f3viles Garmin compatibles.<\/p>\n<p><\/div><\/div><div class=\"vc-column\"><div class=\"vc-column-text\"><\/p>\n<h3>APLICACI\u00d3N GARMIN PILOT\u2122<\/h3>\n<p>Comb\u00ednalo con el comunicador satelital Garmin Pilot para enviar y recibir f\u00e1cilmente mensajes de texto desde la cabina de pilotaje, incluso en zonas sin cobertura de red m\u00f3vil. La aplicaci\u00f3n puede utilizar la posici\u00f3n GPS y las funciones de uso compartido de la ubicaci\u00f3n del dispositivo inReach Mini 2 para el vuelo.<\/p>\n<p><\/div><\/div><\/div><\/p>\n<div class=\"app__feature__card\" style=\"text-align: center\" data-translate=\"\"><\/div>\n<div class=\"app__feature__card\" style=\"text-align: center\" data-translate=\"\"><\/div>\n<div class=\"app__feature__card\" style=\"text-align: center\" data-translate=\"\"><\/div>\n<div class=\"app__feature__card\" style=\"text-align: center\" data-translate=\"\"><\/div>\n<div class=\"app__feature__card\" style=\"text-align: center\" data-translate=\"\"><\/div>\n<div class=\"app__feature__card\" style=\"text-align: center\" data-translate=\"\"><\/div>\n<p>&nbsp;<\/p>\n","protected":false},"excerpt":{"rendered":"<ul>\n<li>Cobertura satelital global, enrutamiento TracBack\n<li>Funciones SOS y mensajer\u00eda 24\/7<\/li>\n<li>Autonom\u00eda de la bater\u00eda de hasta 14 d\u00edas con localizaci\u00f3n activada<\/li>\n<\/ul>\n","protected":false},"featured_media":235587,"template":"","meta":{"_acf_changed":false,"inline_featured_image":false},"product_brand":[],"product_cat":[22536,24211],"product_tag":[],"class_list":{"0":"post-282042","1":"product","2":"type-product","3":"status-publish","4":"has-post-thumbnail","6":"product_cat-garmin-es","7":"product_cat-outdoor-es","8":"pa_colore-inreach-mini-2-black-es","9":"pa_colore-inreach-mini-2-flame-red-es","10":"pa_marca-garmin-es","12":"first","13":"instock","14":"sale","15":"taxable","16":"shipping-taxable","17":"purchasable","18":"product-type-variable","19":"wvs-archive-product-wrapper"},"acf":[],"yoast_head":"<!-- This site is optimized with the Yoast SEO plugin v26.8 - https:\/\/yoast.com\/product\/yoast-seo-wordpress\/ -->\n<title>Garmin Inreach mini 2 -dispositivos Garmin - MioMioRun.com<\/title>\n<meta name=\"description\" content=\"Comunicador satelital compacto, para mayor tranquilidad en cada aventura y sin a\u00f1adir peso a tu equipaje.\" \/>\n<meta name=\"robots\" content=\"index, follow, max-snippet:-1, max-image-preview:large, max-video-preview:-1\" \/>\n<link rel=\"canonical\" href=\"https:\/\/www.miomiorun.com\/es\/producto\/garmin-inreach-mini-2\/\" \/>\n<meta property=\"og:locale\" content=\"es_ES\" \/>\n<meta property=\"og:type\" content=\"article\" \/>\n<meta property=\"og:title\" content=\"Garmin Inreach mini 2 -dispositivos Garmin - MioMioRun.com\" \/>\n<meta property=\"og:description\" content=\"Comunicador satelital compacto, para mayor tranquilidad en cada aventura y sin a\u00f1adir peso a tu equipaje.\" \/>\n<meta property=\"og:url\" content=\"https:\/\/www.miomiorun.com\/es\/producto\/garmin-inreach-mini-2\/\" \/>\n<meta property=\"og:site_name\" content=\"MioMioRun\" \/>\n<meta property=\"article:publisher\" content=\"https:\/\/www.facebook.com\/miomiorun\/\" \/>\n<meta property=\"article:modified_time\" content=\"2026-03-18T11:29:09+00:00\" \/>\n<meta property=\"og:image\" content=\"https:\/\/www.miomiorun.com\/app\/uploads\/2022\/03\/garmin-inreach-mini-2-010-02602-03.jpg\" \/>\n\t<meta property=\"og:image:width\" content=\"600\" \/>\n\t<meta property=\"og:image:height\" content=\"600\" \/>\n\t<meta property=\"og:image:type\" content=\"image\/jpeg\" \/>\n<meta name=\"twitter:card\" content=\"summary_large_image\" \/>\n<meta name=\"twitter:label1\" content=\"Est. reading time\" \/>\n\t<meta name=\"twitter:data1\" content=\"5 minutes\" \/>\n<script type=\"application\/ld+json\" class=\"yoast-schema-graph\">{\"@context\":\"https:\/\/schema.org\",\"@graph\":[{\"@type\":\"WebPage\",\"@id\":\"https:\/\/www.miomiorun.com\/es\/producto\/garmin-inreach-mini-2\/\",\"url\":\"https:\/\/www.miomiorun.com\/es\/producto\/garmin-inreach-mini-2\/\",\"name\":\"Garmin Inreach mini 2 -dispositivos Garmin - MioMioRun.com\",\"isPartOf\":{\"@id\":\"https:\/\/www.miomiorun.com\/es\/#website\"},\"primaryImageOfPage\":{\"@id\":\"https:\/\/www.miomiorun.com\/es\/producto\/garmin-inreach-mini-2\/#primaryimage\"},\"image\":{\"@id\":\"https:\/\/www.miomiorun.com\/es\/producto\/garmin-inreach-mini-2\/#primaryimage\"},\"thumbnailUrl\":\"https:\/\/www.miomiorun.com\/app\/uploads\/2022\/03\/garmin-inreach-mini-2-010-02602-03.jpg\",\"datePublished\":\"2022-03-09T16:05:57+00:00\",\"dateModified\":\"2026-03-18T11:29:09+00:00\",\"description\":\"Comunicador satelital compacto, para mayor tranquilidad en cada aventura y sin a\u00f1adir peso a tu equipaje.\",\"breadcrumb\":{\"@id\":\"https:\/\/www.miomiorun.com\/es\/producto\/garmin-inreach-mini-2\/#breadcrumb\"},\"inLanguage\":\"es-ES\",\"potentialAction\":[{\"@type\":\"ReadAction\",\"target\":[\"https:\/\/www.miomiorun.com\/es\/producto\/garmin-inreach-mini-2\/\"]}]},{\"@type\":\"ImageObject\",\"inLanguage\":\"es-ES\",\"@id\":\"https:\/\/www.miomiorun.com\/es\/producto\/garmin-inreach-mini-2\/#primaryimage\",\"url\":\"https:\/\/www.miomiorun.com\/app\/uploads\/2022\/03\/garmin-inreach-mini-2-010-02602-03.jpg\",\"contentUrl\":\"https:\/\/www.miomiorun.com\/app\/uploads\/2022\/03\/garmin-inreach-mini-2-010-02602-03.jpg\",\"width\":600,\"height\":600,\"caption\":\"garmin-inreach-mini-2-010-02602-03\"},{\"@type\":\"BreadcrumbList\",\"@id\":\"https:\/\/www.miomiorun.com\/es\/producto\/garmin-inreach-mini-2\/#breadcrumb\",\"itemListElement\":[{\"@type\":\"ListItem\",\"position\":1,\"name\":\"Home\",\"item\":\"https:\/\/www.miomiorun.com\/es\/\"},{\"@type\":\"ListItem\",\"position\":2,\"name\":\"Shop\",\"item\":\"https:\/\/www.miomiorun.com\/shop\/\"},{\"@type\":\"ListItem\",\"position\":3,\"name\":\"Inreach mini 2\"}]},{\"@type\":\"WebSite\",\"@id\":\"https:\/\/www.miomiorun.com\/es\/#website\",\"url\":\"https:\/\/www.miomiorun.com\/es\/\",\"name\":\"MioMioRun\",\"description\":\"Tienda 100% running y trail\",\"publisher\":{\"@id\":\"https:\/\/www.miomiorun.com\/es\/#organization\"},\"potentialAction\":[{\"@type\":\"SearchAction\",\"target\":{\"@type\":\"EntryPoint\",\"urlTemplate\":\"https:\/\/www.miomiorun.com\/es\/?s={search_term_string}\"},\"query-input\":{\"@type\":\"PropertyValueSpecification\",\"valueRequired\":true,\"valueName\":\"search_term_string\"}}],\"inLanguage\":\"es-ES\"},{\"@type\":\"Organization\",\"@id\":\"https:\/\/www.miomiorun.com\/es\/#organization\",\"name\":\"MioMio Run\",\"url\":\"https:\/\/www.miomiorun.com\/es\/\",\"logo\":{\"@type\":\"ImageObject\",\"inLanguage\":\"es-ES\",\"@id\":\"https:\/\/www.miomiorun.com\/es\/#\/schema\/logo\/image\/\",\"url\":\"https:\/\/www.miomiorun.com\/app\/uploads\/2019\/12\/logomio.png\",\"contentUrl\":\"https:\/\/www.miomiorun.com\/app\/uploads\/2019\/12\/logomio.png\",\"width\":115,\"height\":82,\"caption\":\"MioMio Run\"},\"image\":{\"@id\":\"https:\/\/www.miomiorun.com\/es\/#\/schema\/logo\/image\/\"},\"sameAs\":[\"https:\/\/www.facebook.com\/miomiorun\/\",\"https:\/\/www.instagram.com\/miomiorun\/\"]}]}<\/script>\n<!-- \/ Yoast SEO plugin. -->","yoast_head_json":{"title":"Garmin Inreach mini 2 -dispositivos Garmin - MioMioRun.com","description":"Comunicador satelital compacto, para mayor tranquilidad en cada aventura y sin a\u00f1adir peso a tu equipaje.","robots":{"index":"index","follow":"follow","max-snippet":"max-snippet:-1","max-image-preview":"max-image-preview:large","max-video-preview":"max-video-preview:-1"},"canonical":"https:\/\/www.miomiorun.com\/es\/producto\/garmin-inreach-mini-2\/","og_locale":"es_ES","og_type":"article","og_title":"Garmin Inreach mini 2 -dispositivos Garmin - MioMioRun.com","og_description":"Comunicador satelital compacto, para mayor tranquilidad en cada aventura y sin a\u00f1adir peso a tu equipaje.","og_url":"https:\/\/www.miomiorun.com\/es\/producto\/garmin-inreach-mini-2\/","og_site_name":"MioMioRun","article_publisher":"https:\/\/www.facebook.com\/miomiorun\/","article_modified_time":"2026-03-18T11:29:09+00:00","og_image":[{"width":600,"height":600,"url":"https:\/\/www.miomiorun.com\/app\/uploads\/2022\/03\/garmin-inreach-mini-2-010-02602-03.jpg","type":"image\/jpeg"}],"twitter_card":"summary_large_image","twitter_misc":{"Est. reading time":"5 minutes"},"schema":{"@context":"https:\/\/schema.org","@graph":[{"@type":"WebPage","@id":"https:\/\/www.miomiorun.com\/es\/producto\/garmin-inreach-mini-2\/","url":"https:\/\/www.miomiorun.com\/es\/producto\/garmin-inreach-mini-2\/","name":"Garmin Inreach mini 2 -dispositivos Garmin - MioMioRun.com","isPartOf":{"@id":"https:\/\/www.miomiorun.com\/es\/#website"},"primaryImageOfPage":{"@id":"https:\/\/www.miomiorun.com\/es\/producto\/garmin-inreach-mini-2\/#primaryimage"},"image":{"@id":"https:\/\/www.miomiorun.com\/es\/producto\/garmin-inreach-mini-2\/#primaryimage"},"thumbnailUrl":"https:\/\/www.miomiorun.com\/app\/uploads\/2022\/03\/garmin-inreach-mini-2-010-02602-03.jpg","datePublished":"2022-03-09T16:05:57+00:00","dateModified":"2026-03-18T11:29:09+00:00","description":"Comunicador satelital compacto, para mayor tranquilidad en cada aventura y sin a\u00f1adir peso a tu equipaje.","breadcrumb":{"@id":"https:\/\/www.miomiorun.com\/es\/producto\/garmin-inreach-mini-2\/#breadcrumb"},"inLanguage":"es-ES","potentialAction":[{"@type":"ReadAction","target":["https:\/\/www.miomiorun.com\/es\/producto\/garmin-inreach-mini-2\/"]}]},{"@type":"ImageObject","inLanguage":"es-ES","@id":"https:\/\/www.miomiorun.com\/es\/producto\/garmin-inreach-mini-2\/#primaryimage","url":"https:\/\/www.miomiorun.com\/app\/uploads\/2022\/03\/garmin-inreach-mini-2-010-02602-03.jpg","contentUrl":"https:\/\/www.miomiorun.com\/app\/uploads\/2022\/03\/garmin-inreach-mini-2-010-02602-03.jpg","width":600,"height":600,"caption":"garmin-inreach-mini-2-010-02602-03"},{"@type":"BreadcrumbList","@id":"https:\/\/www.miomiorun.com\/es\/producto\/garmin-inreach-mini-2\/#breadcrumb","itemListElement":[{"@type":"ListItem","position":1,"name":"Home","item":"https:\/\/www.miomiorun.com\/es\/"},{"@type":"ListItem","position":2,"name":"Shop","item":"https:\/\/www.miomiorun.com\/shop\/"},{"@type":"ListItem","position":3,"name":"Inreach mini 2"}]},{"@type":"WebSite","@id":"https:\/\/www.miomiorun.com\/es\/#website","url":"https:\/\/www.miomiorun.com\/es\/","name":"MioMioRun","description":"Tienda 100% running y trail","publisher":{"@id":"https:\/\/www.miomiorun.com\/es\/#organization"},"potentialAction":[{"@type":"SearchAction","target":{"@type":"EntryPoint","urlTemplate":"https:\/\/www.miomiorun.com\/es\/?s={search_term_string}"},"query-input":{"@type":"PropertyValueSpecification","valueRequired":true,"valueName":"search_term_string"}}],"inLanguage":"es-ES"},{"@type":"Organization","@id":"https:\/\/www.miomiorun.com\/es\/#organization","name":"MioMio Run","url":"https:\/\/www.miomiorun.com\/es\/","logo":{"@type":"ImageObject","inLanguage":"es-ES","@id":"https:\/\/www.miomiorun.com\/es\/#\/schema\/logo\/image\/","url":"https:\/\/www.miomiorun.com\/app\/uploads\/2019\/12\/logomio.png","contentUrl":"https:\/\/www.miomiorun.com\/app\/uploads\/2019\/12\/logomio.png","width":115,"height":82,"caption":"MioMio Run"},"image":{"@id":"https:\/\/www.miomiorun.com\/es\/#\/schema\/logo\/image\/"},"sameAs":["https:\/\/www.facebook.com\/miomiorun\/","https:\/\/www.instagram.com\/miomiorun\/"]}]}},"_links":{"self":[{"href":"https:\/\/www.miomiorun.com\/es\/wp-json\/wp\/v2\/product\/282042","targetHints":{"allow":["GET"]}}],"collection":[{"href":"https:\/\/www.miomiorun.com\/es\/wp-json\/wp\/v2\/product"}],"about":[{"href":"https:\/\/www.miomiorun.com\/es\/wp-json\/wp\/v2\/types\/product"}],"wp:featuredmedia":[{"embeddable":true,"href":"https:\/\/www.miomiorun.com\/es\/wp-json\/wp\/v2\/media\/235587"}],"wp:attachment":[{"href":"https:\/\/www.miomiorun.com\/es\/wp-json\/wp\/v2\/media?parent=282042"}],"wp:term":[{"taxonomy":"product_brand","embeddable":true,"href":"https:\/\/www.miomiorun.com\/es\/wp-json\/wp\/v2\/product_brand?post=282042"},{"taxonomy":"product_cat","embeddable":true,"href":"https:\/\/www.miomiorun.com\/es\/wp-json\/wp\/v2\/product_cat?post=282042"},{"taxonomy":"product_tag","embeddable":true,"href":"https:\/\/www.miomiorun.com\/es\/wp-json\/wp\/v2\/product_tag?post=282042"}],"curies":[{"name":"wp","href":"https:\/\/api.w.org\/{rel}","templated":true}]}}