{"id":281953,"date":"2022-03-15T11:30:24","date_gmt":"2022-03-15T10:30:24","guid":{"rendered":"https:\/\/miomiorun.com\/prodotto\/la-sportiva-akasha-ii-uomo\/"},"modified":"2026-03-03T18:22:58","modified_gmt":"2026-03-03T17:22:58","slug":"la-sportiva-akasha-ii-hombre","status":"publish","type":"product","link":"https:\/\/www.miomiorun.com\/es\/producto\/la-sportiva-akasha-ii-hombre\/","title":{"rendered":"Akasha II hombre"},"content":{"rendered":"<div class=\"vc-row container\"><div class=\"vc-column\"><div class=\"vc-column-text\"><\/p>\n<p><strong>Especificaciones t\u00e9cnicas<\/strong><\/p>\n<p>Categor\u00eda: amortiguaci\u00f3n superior.<br \/>\nOffset: 6 mm.<br \/>\nPeso: 310 g.<br \/>\nIdeal para: amantes del running y el senderismo de monta\u00f1a que buscan un modelo vers\u00e1til capaz de garantizar tracci\u00f3n, protecci\u00f3n y comodidad, tanto en distancias largas como medias.<br \/>\nPeso del atleta: 70-80 kg.<br \/>\nRitmo de carrera: medio-lento (&gt;5,00 min\/km).<br \/>\n<a href=\"https:\/\/miomiorun.com\/es\/guia-especifica\/\">Gu\u00eda de especificaciones t\u00e9cnicas<\/a><\/p>\n<p><\/div><\/div><div class=\"vc-column\"><div class=\"vc-column-text\"> Con la combinaci\u00f3n perfecta de amortiguaci\u00f3n, reactividad y tracci\u00f3n de la suela, las <strong>Akasha II <\/strong>para hombre son las zapatillas preferidas de los corredores de trail que buscan terrenos t\u00e9cnicos o salidas de muchos kil\u00f3metros. Adem\u00e1s de los cambios est\u00e9ticos, las actualizaciones de 2022 de las Akasha II se centran en una mayor durabilidad, protecci\u00f3n y transpirabilidad.<\/p>\n<p><strong>Caracter\u00edsticas:<\/strong><\/p>\n<p>\u2022 La parte superior 3D AirMesh, altamente transpirable, es muy adaptable y se ajusta a cualquier volumen del pie.<br \/>\n\u2022 Las capas exteriores Dynamic ProTechTion\u2122 HF en la parte delantera del pie ofrecen una protecci\u00f3n ligera y flexible.<br \/>\n\u2022 La doble inyecci\u00f3n de MEMlex EVA reduce los impactos al correr por terrenos rocosos y dif\u00edciles, mientras que la plataforma acolchada garantiza una sensaci\u00f3n el\u00e1stica bajo los pies kil\u00f3metro tras kil\u00f3metro.<br \/>\n\u2022 La suela FriXion\u00ae XT y el trail rocker no solo proporcionan tracci\u00f3n, sino que tambi\u00e9n favorecen un movimiento fluido y suave desde el tal\u00f3n hasta la puntera para una zancada sin obst\u00e1culos.<br \/>\n\u2022 La tecnolog\u00eda de estabilizaci\u00f3n STB a ambos lados de la entresuela reduce la torsi\u00f3n y aumenta la estabilidad para un control preciso en cualquier terreno. <\/div><\/div><\/div>\n","protected":false},"excerpt":{"rendered":"","protected":false},"featured_media":236428,"template":"","meta":{"_acf_changed":false,"inline_featured_image":false},"product_brand":[],"product_cat":[24454,24451],"product_tag":[23598,23600],"class_list":{"0":"post-281953","1":"product","2":"type-product","3":"status-publish","4":"has-post-thumbnail","6":"product_cat-calzado-para-hombre","7":"product_cat-trail-es-3","8":"product_tag-la-sportiva-es","9":"product_tag-la-sportiva-hombre","10":"pa_attivita-outdoor-es","11":"pa_attivita-trail-es","12":"pa_colore-akasha-ii-antique-white-es","13":"pa_colore-akasha-ii-black-chalk","14":"pa_colore-akasha-ii-black-yellow-es","15":"pa_colore-akasha-ii-carbon-flame-es","16":"pa_colore-akasha-ii-cypress-mountain-red-es","17":"pa_colore-akasha-ii-hawaiian-sun-redwood-es","18":"pa_colore-akasha-ii-lime-punch-hawaiian-sun-es","19":"pa_colore-akasha-ii-storm-blue-lime-punch-es","20":"pa_marca-la-sportiva-es","21":"pa_sesso-hombre","22":"pa_size-41-5-es","23":"pa_size-42-es","24":"pa_size-42-5-es","25":"pa_size-43-es","26":"pa_size-43-5-es","27":"pa_size-44-es","28":"pa_size-44-5-es","29":"pa_size-45-es","30":"pa_size-45-5-es","31":"pa_size-46-es","32":"pa_size-46-5-es","33":"pa_size-47-es","35":"first","36":"instock","37":"sale","38":"taxable","39":"shipping-taxable","40":"purchasable","41":"product-type-variable","42":"wvs-archive-product-wrapper"},"acf":[],"yoast_head":"<!-- This site is optimized with the Yoast SEO plugin v26.8 - https:\/\/yoast.com\/product\/yoast-seo-wordpress\/ -->\n<title>La sportiva Akasha II hombre - zapatillas de trail hombre - MioMioRun .com<\/title>\n<meta name=\"description\" content=\"Con una combinaci\u00f3n de amortiguaci\u00f3n, reactividad y tracci\u00f3n en la suela, las Akasha II son las zapatillas favoritas de los corredores de trail.\" \/>\n<meta name=\"robots\" content=\"index, follow, max-snippet:-1, max-image-preview:large, max-video-preview:-1\" \/>\n<link rel=\"canonical\" href=\"https:\/\/www.miomiorun.com\/es\/producto\/la-sportiva-akasha-ii-hombre\/\" \/>\n<meta property=\"og:locale\" content=\"es_ES\" \/>\n<meta property=\"og:type\" content=\"article\" \/>\n<meta property=\"og:title\" content=\"La sportiva Akasha II hombre - zapatillas de trail hombre - MioMioRun .com\" \/>\n<meta property=\"og:description\" content=\"Con una combinaci\u00f3n de amortiguaci\u00f3n, reactividad y tracci\u00f3n en la suela, las Akasha II son las zapatillas favoritas de los corredores de trail.\" \/>\n<meta property=\"og:url\" content=\"https:\/\/www.miomiorun.com\/es\/producto\/la-sportiva-akasha-ii-hombre\/\" \/>\n<meta property=\"og:site_name\" content=\"MioMioRun\" \/>\n<meta property=\"article:publisher\" content=\"https:\/\/www.facebook.com\/miomiorun\/\" \/>\n<meta property=\"article:modified_time\" content=\"2026-03-03T17:22:58+00:00\" \/>\n<meta property=\"og:image\" content=\"https:\/\/www.miomiorun.com\/app\/uploads\/2022\/05\/la-sportiva-akasha-II-flash-green-metal-56A724917.jpg\" \/>\n\t<meta property=\"og:image:width\" content=\"600\" \/>\n\t<meta property=\"og:image:height\" content=\"600\" \/>\n\t<meta property=\"og:image:type\" content=\"image\/jpeg\" \/>\n<meta name=\"twitter:card\" content=\"summary_large_image\" \/>\n<meta name=\"twitter:label1\" content=\"Est. reading time\" \/>\n\t<meta name=\"twitter:data1\" content=\"2 minutes\" \/>\n<script type=\"application\/ld+json\" class=\"yoast-schema-graph\">{\"@context\":\"https:\/\/schema.org\",\"@graph\":[{\"@type\":\"WebPage\",\"@id\":\"https:\/\/www.miomiorun.com\/es\/producto\/la-sportiva-akasha-ii-hombre\/\",\"url\":\"https:\/\/www.miomiorun.com\/es\/producto\/la-sportiva-akasha-ii-hombre\/\",\"name\":\"La sportiva Akasha II hombre - zapatillas de trail hombre - MioMioRun .com\",\"isPartOf\":{\"@id\":\"https:\/\/www.miomiorun.com\/es\/#website\"},\"primaryImageOfPage\":{\"@id\":\"https:\/\/www.miomiorun.com\/es\/producto\/la-sportiva-akasha-ii-hombre\/#primaryimage\"},\"image\":{\"@id\":\"https:\/\/www.miomiorun.com\/es\/producto\/la-sportiva-akasha-ii-hombre\/#primaryimage\"},\"thumbnailUrl\":\"https:\/\/www.miomiorun.com\/app\/uploads\/2022\/05\/la-sportiva-akasha-II-flash-green-metal-56A724917.jpg\",\"datePublished\":\"2022-03-15T10:30:24+00:00\",\"dateModified\":\"2026-03-03T17:22:58+00:00\",\"description\":\"Con una combinaci\u00f3n de amortiguaci\u00f3n, reactividad y tracci\u00f3n en la suela, las Akasha II son las zapatillas favoritas de los corredores de trail.\",\"breadcrumb\":{\"@id\":\"https:\/\/www.miomiorun.com\/es\/producto\/la-sportiva-akasha-ii-hombre\/#breadcrumb\"},\"inLanguage\":\"es-ES\",\"potentialAction\":[{\"@type\":\"ReadAction\",\"target\":[\"https:\/\/www.miomiorun.com\/es\/producto\/la-sportiva-akasha-ii-hombre\/\"]}]},{\"@type\":\"ImageObject\",\"inLanguage\":\"es-ES\",\"@id\":\"https:\/\/www.miomiorun.com\/es\/producto\/la-sportiva-akasha-ii-hombre\/#primaryimage\",\"url\":\"https:\/\/www.miomiorun.com\/app\/uploads\/2022\/05\/la-sportiva-akasha-II-flash-green-metal-56A724917.jpg\",\"contentUrl\":\"https:\/\/www.miomiorun.com\/app\/uploads\/2022\/05\/la-sportiva-akasha-II-flash-green-metal-56A724917.jpg\",\"width\":600,\"height\":600,\"caption\":\"la-sportiva-akasha-II-flash-green-metal-56A724917\"},{\"@type\":\"BreadcrumbList\",\"@id\":\"https:\/\/www.miomiorun.com\/es\/producto\/la-sportiva-akasha-ii-hombre\/#breadcrumb\",\"itemListElement\":[{\"@type\":\"ListItem\",\"position\":1,\"name\":\"Home\",\"item\":\"https:\/\/www.miomiorun.com\/es\/\"},{\"@type\":\"ListItem\",\"position\":2,\"name\":\"Shop\",\"item\":\"https:\/\/www.miomiorun.com\/shop\/\"},{\"@type\":\"ListItem\",\"position\":3,\"name\":\"Akasha II hombre\"}]},{\"@type\":\"WebSite\",\"@id\":\"https:\/\/www.miomiorun.com\/es\/#website\",\"url\":\"https:\/\/www.miomiorun.com\/es\/\",\"name\":\"MioMioRun\",\"description\":\"Tienda 100% running y trail\",\"publisher\":{\"@id\":\"https:\/\/www.miomiorun.com\/es\/#organization\"},\"potentialAction\":[{\"@type\":\"SearchAction\",\"target\":{\"@type\":\"EntryPoint\",\"urlTemplate\":\"https:\/\/www.miomiorun.com\/es\/?s={search_term_string}\"},\"query-input\":{\"@type\":\"PropertyValueSpecification\",\"valueRequired\":true,\"valueName\":\"search_term_string\"}}],\"inLanguage\":\"es-ES\"},{\"@type\":\"Organization\",\"@id\":\"https:\/\/www.miomiorun.com\/es\/#organization\",\"name\":\"MioMio Run\",\"url\":\"https:\/\/www.miomiorun.com\/es\/\",\"logo\":{\"@type\":\"ImageObject\",\"inLanguage\":\"es-ES\",\"@id\":\"https:\/\/www.miomiorun.com\/es\/#\/schema\/logo\/image\/\",\"url\":\"https:\/\/www.miomiorun.com\/app\/uploads\/2019\/12\/logomio.png\",\"contentUrl\":\"https:\/\/www.miomiorun.com\/app\/uploads\/2019\/12\/logomio.png\",\"width\":115,\"height\":82,\"caption\":\"MioMio Run\"},\"image\":{\"@id\":\"https:\/\/www.miomiorun.com\/es\/#\/schema\/logo\/image\/\"},\"sameAs\":[\"https:\/\/www.facebook.com\/miomiorun\/\",\"https:\/\/www.instagram.com\/miomiorun\/\"]}]}<\/script>\n<!-- \/ Yoast SEO plugin. -->","yoast_head_json":{"title":"La sportiva Akasha II hombre - zapatillas de trail hombre - MioMioRun .com","description":"Con una combinaci\u00f3n de amortiguaci\u00f3n, reactividad y tracci\u00f3n en la suela, las Akasha II son las zapatillas favoritas de los corredores de trail.","robots":{"index":"index","follow":"follow","max-snippet":"max-snippet:-1","max-image-preview":"max-image-preview:large","max-video-preview":"max-video-preview:-1"},"canonical":"https:\/\/www.miomiorun.com\/es\/producto\/la-sportiva-akasha-ii-hombre\/","og_locale":"es_ES","og_type":"article","og_title":"La sportiva Akasha II hombre - zapatillas de trail hombre - MioMioRun .com","og_description":"Con una combinaci\u00f3n de amortiguaci\u00f3n, reactividad y tracci\u00f3n en la suela, las Akasha II son las zapatillas favoritas de los corredores de trail.","og_url":"https:\/\/www.miomiorun.com\/es\/producto\/la-sportiva-akasha-ii-hombre\/","og_site_name":"MioMioRun","article_publisher":"https:\/\/www.facebook.com\/miomiorun\/","article_modified_time":"2026-03-03T17:22:58+00:00","og_image":[{"width":600,"height":600,"url":"https:\/\/www.miomiorun.com\/app\/uploads\/2022\/05\/la-sportiva-akasha-II-flash-green-metal-56A724917.jpg","type":"image\/jpeg"}],"twitter_card":"summary_large_image","twitter_misc":{"Est. reading time":"2 minutes"},"schema":{"@context":"https:\/\/schema.org","@graph":[{"@type":"WebPage","@id":"https:\/\/www.miomiorun.com\/es\/producto\/la-sportiva-akasha-ii-hombre\/","url":"https:\/\/www.miomiorun.com\/es\/producto\/la-sportiva-akasha-ii-hombre\/","name":"La sportiva Akasha II hombre - zapatillas de trail hombre - MioMioRun .com","isPartOf":{"@id":"https:\/\/www.miomiorun.com\/es\/#website"},"primaryImageOfPage":{"@id":"https:\/\/www.miomiorun.com\/es\/producto\/la-sportiva-akasha-ii-hombre\/#primaryimage"},"image":{"@id":"https:\/\/www.miomiorun.com\/es\/producto\/la-sportiva-akasha-ii-hombre\/#primaryimage"},"thumbnailUrl":"https:\/\/www.miomiorun.com\/app\/uploads\/2022\/05\/la-sportiva-akasha-II-flash-green-metal-56A724917.jpg","datePublished":"2022-03-15T10:30:24+00:00","dateModified":"2026-03-03T17:22:58+00:00","description":"Con una combinaci\u00f3n de amortiguaci\u00f3n, reactividad y tracci\u00f3n en la suela, las Akasha II son las zapatillas favoritas de los corredores de trail.","breadcrumb":{"@id":"https:\/\/www.miomiorun.com\/es\/producto\/la-sportiva-akasha-ii-hombre\/#breadcrumb"},"inLanguage":"es-ES","potentialAction":[{"@type":"ReadAction","target":["https:\/\/www.miomiorun.com\/es\/producto\/la-sportiva-akasha-ii-hombre\/"]}]},{"@type":"ImageObject","inLanguage":"es-ES","@id":"https:\/\/www.miomiorun.com\/es\/producto\/la-sportiva-akasha-ii-hombre\/#primaryimage","url":"https:\/\/www.miomiorun.com\/app\/uploads\/2022\/05\/la-sportiva-akasha-II-flash-green-metal-56A724917.jpg","contentUrl":"https:\/\/www.miomiorun.com\/app\/uploads\/2022\/05\/la-sportiva-akasha-II-flash-green-metal-56A724917.jpg","width":600,"height":600,"caption":"la-sportiva-akasha-II-flash-green-metal-56A724917"},{"@type":"BreadcrumbList","@id":"https:\/\/www.miomiorun.com\/es\/producto\/la-sportiva-akasha-ii-hombre\/#breadcrumb","itemListElement":[{"@type":"ListItem","position":1,"name":"Home","item":"https:\/\/www.miomiorun.com\/es\/"},{"@type":"ListItem","position":2,"name":"Shop","item":"https:\/\/www.miomiorun.com\/shop\/"},{"@type":"ListItem","position":3,"name":"Akasha II hombre"}]},{"@type":"WebSite","@id":"https:\/\/www.miomiorun.com\/es\/#website","url":"https:\/\/www.miomiorun.com\/es\/","name":"MioMioRun","description":"Tienda 100% running y trail","publisher":{"@id":"https:\/\/www.miomiorun.com\/es\/#organization"},"potentialAction":[{"@type":"SearchAction","target":{"@type":"EntryPoint","urlTemplate":"https:\/\/www.miomiorun.com\/es\/?s={search_term_string}"},"query-input":{"@type":"PropertyValueSpecification","valueRequired":true,"valueName":"search_term_string"}}],"inLanguage":"es-ES"},{"@type":"Organization","@id":"https:\/\/www.miomiorun.com\/es\/#organization","name":"MioMio Run","url":"https:\/\/www.miomiorun.com\/es\/","logo":{"@type":"ImageObject","inLanguage":"es-ES","@id":"https:\/\/www.miomiorun.com\/es\/#\/schema\/logo\/image\/","url":"https:\/\/www.miomiorun.com\/app\/uploads\/2019\/12\/logomio.png","contentUrl":"https:\/\/www.miomiorun.com\/app\/uploads\/2019\/12\/logomio.png","width":115,"height":82,"caption":"MioMio Run"},"image":{"@id":"https:\/\/www.miomiorun.com\/es\/#\/schema\/logo\/image\/"},"sameAs":["https:\/\/www.facebook.com\/miomiorun\/","https:\/\/www.instagram.com\/miomiorun\/"]}]}},"_links":{"self":[{"href":"https:\/\/www.miomiorun.com\/es\/wp-json\/wp\/v2\/product\/281953","targetHints":{"allow":["GET"]}}],"collection":[{"href":"https:\/\/www.miomiorun.com\/es\/wp-json\/wp\/v2\/product"}],"about":[{"href":"https:\/\/www.miomiorun.com\/es\/wp-json\/wp\/v2\/types\/product"}],"wp:featuredmedia":[{"embeddable":true,"href":"https:\/\/www.miomiorun.com\/es\/wp-json\/wp\/v2\/media\/236428"}],"wp:attachment":[{"href":"https:\/\/www.miomiorun.com\/es\/wp-json\/wp\/v2\/media?parent=281953"}],"wp:term":[{"taxonomy":"product_brand","embeddable":true,"href":"https:\/\/www.miomiorun.com\/es\/wp-json\/wp\/v2\/product_brand?post=281953"},{"taxonomy":"product_cat","embeddable":true,"href":"https:\/\/www.miomiorun.com\/es\/wp-json\/wp\/v2\/product_cat?post=281953"},{"taxonomy":"product_tag","embeddable":true,"href":"https:\/\/www.miomiorun.com\/es\/wp-json\/wp\/v2\/product_tag?post=281953"}],"curies":[{"name":"wp","href":"https:\/\/api.w.org\/{rel}","templated":true}]}}