{"id":281803,"date":"2022-03-16T17:27:49","date_gmt":"2022-03-16T16:27:49","guid":{"rendered":"https:\/\/miomiorun.com\/prodotto\/la-sportiva-hover-top-donna\/"},"modified":"2026-05-05T17:59:03","modified_gmt":"2026-05-05T15:59:03","slug":"la-sportiva-hover-top-mujer","status":"publish","type":"product","link":"https:\/\/www.miomiorun.com\/es\/producto\/la-sportiva-hover-top-mujer\/","title":{"rendered":"Hover Top mujer"},"content":{"rendered":"<p>Centrarse en el objetivo es el primer paso hacia el \u00e9xito, tanto en la vida como en el deporte.<\/p>\n<p>Para que todas las mujeres puedan concentrarse en cada entrenamiento, presentamos <strong>Hover Top<\/strong>, el sujetador deportivo sin costuras que ofrece un ajuste c\u00f3modo.<\/p>\n<p id=\"tw-target-text\" class=\"tw-data-text tw-text-large tw-ta\" dir=\"ltr\" data-placeholder=\"Traduzione\"><span class=\"Y2IQFc\" lang=\"it\">Dise\u00f1ado para ofrecer sujeci\u00f3n en recorridos de media y larga distancia. Con este sujetador te sentir\u00e1s libre y recorrer\u00e1s kil\u00f3metros por los senderos sin distracciones.<br \/>\n<\/span><\/p>\n<p dir=\"ltr\" data-placeholder=\"Traduzione\"><strong>Caracter\u00edsticas:<\/strong><\/p>\n<ul>\n<li><span class=\"Y2IQFc\" lang=\"it\">Tirantes anchos y resistentes<\/span><span class=\"Y2IQFc\" lang=\"it\">para una sujeci\u00f3n \u00f3ptima.<\/span><\/li>\n<li><span class=\"Y2IQFc\" lang=\"it\">Estructura de doble capa.<\/span><\/li>\n<li><span class=\"Y2IQFc\" lang=\"it\">Bolsillo interior delantero.<\/span><\/li>\n<li><span class=\"Y2IQFc\" lang=\"it\">Bolsillo trasero para el tel\u00e9fono.<\/span><\/li>\n<li><span class=\"Y2IQFc\" lang=\"it\">Borde inferior el\u00e1stico y transpirable.<\/span><\/li>\n<\/ul>\n","protected":false},"excerpt":{"rendered":"<p>Centrarse en el objetivo es el primer paso hacia el \u00e9xito, tanto en la vida como en el deporte. Para que todas las mujeres puedan concentrarse en cada entrenamiento, presentamos Hover Top, el sujetador deportivo sin costuras que ofrece un ajuste c\u00f3modo. Dise\u00f1ado para ofrecer sujeci\u00f3n en recorridos de media y larga distancia. Con este &hellip; <a href=\"https:\/\/www.miomiorun.com\/es\/producto\/la-sportiva-hover-top-mujer\/\">Continued<\/a><\/p>\n","protected":false},"featured_media":240536,"template":"","meta":{"_acf_changed":false,"inline_featured_image":false},"product_brand":[],"product_cat":[24401,24397,24402],"product_tag":[23598,23640],"class_list":{"0":"post-281803","1":"product","2":"type-product","3":"status-publish","4":"has-post-thumbnail","6":"product_cat-ropa-de-mujer","7":"product_cat-ropa-interior","8":"product_cat-mujer","9":"product_tag-la-sportiva-es","10":"product_tag-la-sportiva-mujer","11":"pa_attivita-outdoor-es","12":"pa_attivita-trail-es","13":"pa_colore-hover-top-w-blush-red-plum-es","14":"pa_colore-hover-top-w-hibiscus-white-es","15":"pa_colore-hover-top-w-velvet-cherry-tomato-es","16":"pa_marca-la-sportiva-es","17":"pa_sesso-mujer","18":"pa_size-extra-small-es","19":"pa_size-small-es","20":"pa_size-medium-es","22":"first","23":"instock","24":"sale","25":"taxable","26":"shipping-taxable","27":"purchasable","28":"product-type-variable","29":"wvs-archive-product-wrapper"},"acf":[],"yoast_head":"<!-- This site is optimized with the Yoast SEO plugin v26.8 - https:\/\/yoast.com\/product\/yoast-seo-wordpress\/ -->\n<title>La Sportiva Hover Top mujer - Sujetadores - MioMioRun<\/title>\n<meta name=\"description\" content=\"Para que todas las mujeres puedan concentrarse en cada entrenamiento, nace Hover Top, el sujetador deportivo sin costuras.\" \/>\n<meta name=\"robots\" content=\"index, follow, max-snippet:-1, max-image-preview:large, max-video-preview:-1\" \/>\n<link rel=\"canonical\" href=\"https:\/\/www.miomiorun.com\/es\/producto\/la-sportiva-hover-top-mujer\/\" \/>\n<meta property=\"og:locale\" content=\"es_ES\" \/>\n<meta property=\"og:type\" content=\"article\" \/>\n<meta property=\"og:title\" content=\"La Sportiva Hover Top mujer - Sujetadores - MioMioRun\" \/>\n<meta property=\"og:description\" content=\"Para que todas las mujeres puedan concentrarse en cada entrenamiento, nace Hover Top, el sujetador deportivo sin costuras.\" \/>\n<meta property=\"og:url\" content=\"https:\/\/www.miomiorun.com\/es\/producto\/la-sportiva-hover-top-mujer\/\" \/>\n<meta property=\"og:site_name\" content=\"MioMioRun\" \/>\n<meta property=\"article:publisher\" content=\"https:\/\/www.facebook.com\/miomiorun\/\" \/>\n<meta property=\"article:modified_time\" content=\"2026-05-05T15:59:03+00:00\" \/>\n<meta property=\"og:image\" content=\"https:\/\/www.miomiorun.com\/app\/uploads\/2023\/05\/la-sportiva-hover-top-W-velvet-cherry-tomato-Q25323322.jpg\" \/>\n\t<meta property=\"og:image:width\" content=\"600\" \/>\n\t<meta property=\"og:image:height\" content=\"600\" \/>\n\t<meta property=\"og:image:type\" content=\"image\/jpeg\" \/>\n<meta name=\"twitter:card\" content=\"summary_large_image\" \/>\n<meta name=\"twitter:label1\" content=\"Est. reading time\" \/>\n\t<meta name=\"twitter:data1\" content=\"1 minute\" \/>\n<script type=\"application\/ld+json\" class=\"yoast-schema-graph\">{\"@context\":\"https:\/\/schema.org\",\"@graph\":[{\"@type\":\"WebPage\",\"@id\":\"https:\/\/www.miomiorun.com\/es\/producto\/la-sportiva-hover-top-mujer\/\",\"url\":\"https:\/\/www.miomiorun.com\/es\/producto\/la-sportiva-hover-top-mujer\/\",\"name\":\"La Sportiva Hover Top mujer - Sujetadores - MioMioRun\",\"isPartOf\":{\"@id\":\"https:\/\/www.miomiorun.com\/es\/#website\"},\"primaryImageOfPage\":{\"@id\":\"https:\/\/www.miomiorun.com\/es\/producto\/la-sportiva-hover-top-mujer\/#primaryimage\"},\"image\":{\"@id\":\"https:\/\/www.miomiorun.com\/es\/producto\/la-sportiva-hover-top-mujer\/#primaryimage\"},\"thumbnailUrl\":\"https:\/\/www.miomiorun.com\/app\/uploads\/2023\/05\/la-sportiva-hover-top-W-velvet-cherry-tomato-Q25323322.jpg\",\"datePublished\":\"2022-03-16T16:27:49+00:00\",\"dateModified\":\"2026-05-05T15:59:03+00:00\",\"description\":\"Para que todas las mujeres puedan concentrarse en cada entrenamiento, nace Hover Top, el sujetador deportivo sin costuras.\",\"breadcrumb\":{\"@id\":\"https:\/\/www.miomiorun.com\/es\/producto\/la-sportiva-hover-top-mujer\/#breadcrumb\"},\"inLanguage\":\"es-ES\",\"potentialAction\":[{\"@type\":\"ReadAction\",\"target\":[\"https:\/\/www.miomiorun.com\/es\/producto\/la-sportiva-hover-top-mujer\/\"]}]},{\"@type\":\"ImageObject\",\"inLanguage\":\"es-ES\",\"@id\":\"https:\/\/www.miomiorun.com\/es\/producto\/la-sportiva-hover-top-mujer\/#primaryimage\",\"url\":\"https:\/\/www.miomiorun.com\/app\/uploads\/2023\/05\/la-sportiva-hover-top-W-velvet-cherry-tomato-Q25323322.jpg\",\"contentUrl\":\"https:\/\/www.miomiorun.com\/app\/uploads\/2023\/05\/la-sportiva-hover-top-W-velvet-cherry-tomato-Q25323322.jpg\",\"width\":600,\"height\":600,\"caption\":\"la-sportiva-hover-top-W-velvet-cherry-tomato-Q25323322\"},{\"@type\":\"BreadcrumbList\",\"@id\":\"https:\/\/www.miomiorun.com\/es\/producto\/la-sportiva-hover-top-mujer\/#breadcrumb\",\"itemListElement\":[{\"@type\":\"ListItem\",\"position\":1,\"name\":\"Home\",\"item\":\"https:\/\/www.miomiorun.com\/es\/\"},{\"@type\":\"ListItem\",\"position\":2,\"name\":\"Shop\",\"item\":\"https:\/\/www.miomiorun.com\/shop\/\"},{\"@type\":\"ListItem\",\"position\":3,\"name\":\"Hover Top mujer\"}]},{\"@type\":\"WebSite\",\"@id\":\"https:\/\/www.miomiorun.com\/es\/#website\",\"url\":\"https:\/\/www.miomiorun.com\/es\/\",\"name\":\"MioMioRun\",\"description\":\"Tienda 100% running y trail\",\"publisher\":{\"@id\":\"https:\/\/www.miomiorun.com\/es\/#organization\"},\"potentialAction\":[{\"@type\":\"SearchAction\",\"target\":{\"@type\":\"EntryPoint\",\"urlTemplate\":\"https:\/\/www.miomiorun.com\/es\/?s={search_term_string}\"},\"query-input\":{\"@type\":\"PropertyValueSpecification\",\"valueRequired\":true,\"valueName\":\"search_term_string\"}}],\"inLanguage\":\"es-ES\"},{\"@type\":\"Organization\",\"@id\":\"https:\/\/www.miomiorun.com\/es\/#organization\",\"name\":\"MioMio Run\",\"url\":\"https:\/\/www.miomiorun.com\/es\/\",\"logo\":{\"@type\":\"ImageObject\",\"inLanguage\":\"es-ES\",\"@id\":\"https:\/\/www.miomiorun.com\/es\/#\/schema\/logo\/image\/\",\"url\":\"https:\/\/www.miomiorun.com\/app\/uploads\/2019\/12\/logomio.png\",\"contentUrl\":\"https:\/\/www.miomiorun.com\/app\/uploads\/2019\/12\/logomio.png\",\"width\":115,\"height\":82,\"caption\":\"MioMio Run\"},\"image\":{\"@id\":\"https:\/\/www.miomiorun.com\/es\/#\/schema\/logo\/image\/\"},\"sameAs\":[\"https:\/\/www.facebook.com\/miomiorun\/\",\"https:\/\/www.instagram.com\/miomiorun\/\"]}]}<\/script>\n<!-- \/ Yoast SEO plugin. -->","yoast_head_json":{"title":"La Sportiva Hover Top mujer - Sujetadores - MioMioRun","description":"Para que todas las mujeres puedan concentrarse en cada entrenamiento, nace Hover Top, el sujetador deportivo sin costuras.","robots":{"index":"index","follow":"follow","max-snippet":"max-snippet:-1","max-image-preview":"max-image-preview:large","max-video-preview":"max-video-preview:-1"},"canonical":"https:\/\/www.miomiorun.com\/es\/producto\/la-sportiva-hover-top-mujer\/","og_locale":"es_ES","og_type":"article","og_title":"La Sportiva Hover Top mujer - Sujetadores - MioMioRun","og_description":"Para que todas las mujeres puedan concentrarse en cada entrenamiento, nace Hover Top, el sujetador deportivo sin costuras.","og_url":"https:\/\/www.miomiorun.com\/es\/producto\/la-sportiva-hover-top-mujer\/","og_site_name":"MioMioRun","article_publisher":"https:\/\/www.facebook.com\/miomiorun\/","article_modified_time":"2026-05-05T15:59:03+00:00","og_image":[{"width":600,"height":600,"url":"https:\/\/www.miomiorun.com\/app\/uploads\/2023\/05\/la-sportiva-hover-top-W-velvet-cherry-tomato-Q25323322.jpg","type":"image\/jpeg"}],"twitter_card":"summary_large_image","twitter_misc":{"Est. reading time":"1 minute"},"schema":{"@context":"https:\/\/schema.org","@graph":[{"@type":"WebPage","@id":"https:\/\/www.miomiorun.com\/es\/producto\/la-sportiva-hover-top-mujer\/","url":"https:\/\/www.miomiorun.com\/es\/producto\/la-sportiva-hover-top-mujer\/","name":"La Sportiva Hover Top mujer - Sujetadores - MioMioRun","isPartOf":{"@id":"https:\/\/www.miomiorun.com\/es\/#website"},"primaryImageOfPage":{"@id":"https:\/\/www.miomiorun.com\/es\/producto\/la-sportiva-hover-top-mujer\/#primaryimage"},"image":{"@id":"https:\/\/www.miomiorun.com\/es\/producto\/la-sportiva-hover-top-mujer\/#primaryimage"},"thumbnailUrl":"https:\/\/www.miomiorun.com\/app\/uploads\/2023\/05\/la-sportiva-hover-top-W-velvet-cherry-tomato-Q25323322.jpg","datePublished":"2022-03-16T16:27:49+00:00","dateModified":"2026-05-05T15:59:03+00:00","description":"Para que todas las mujeres puedan concentrarse en cada entrenamiento, nace Hover Top, el sujetador deportivo sin costuras.","breadcrumb":{"@id":"https:\/\/www.miomiorun.com\/es\/producto\/la-sportiva-hover-top-mujer\/#breadcrumb"},"inLanguage":"es-ES","potentialAction":[{"@type":"ReadAction","target":["https:\/\/www.miomiorun.com\/es\/producto\/la-sportiva-hover-top-mujer\/"]}]},{"@type":"ImageObject","inLanguage":"es-ES","@id":"https:\/\/www.miomiorun.com\/es\/producto\/la-sportiva-hover-top-mujer\/#primaryimage","url":"https:\/\/www.miomiorun.com\/app\/uploads\/2023\/05\/la-sportiva-hover-top-W-velvet-cherry-tomato-Q25323322.jpg","contentUrl":"https:\/\/www.miomiorun.com\/app\/uploads\/2023\/05\/la-sportiva-hover-top-W-velvet-cherry-tomato-Q25323322.jpg","width":600,"height":600,"caption":"la-sportiva-hover-top-W-velvet-cherry-tomato-Q25323322"},{"@type":"BreadcrumbList","@id":"https:\/\/www.miomiorun.com\/es\/producto\/la-sportiva-hover-top-mujer\/#breadcrumb","itemListElement":[{"@type":"ListItem","position":1,"name":"Home","item":"https:\/\/www.miomiorun.com\/es\/"},{"@type":"ListItem","position":2,"name":"Shop","item":"https:\/\/www.miomiorun.com\/shop\/"},{"@type":"ListItem","position":3,"name":"Hover Top mujer"}]},{"@type":"WebSite","@id":"https:\/\/www.miomiorun.com\/es\/#website","url":"https:\/\/www.miomiorun.com\/es\/","name":"MioMioRun","description":"Tienda 100% running y trail","publisher":{"@id":"https:\/\/www.miomiorun.com\/es\/#organization"},"potentialAction":[{"@type":"SearchAction","target":{"@type":"EntryPoint","urlTemplate":"https:\/\/www.miomiorun.com\/es\/?s={search_term_string}"},"query-input":{"@type":"PropertyValueSpecification","valueRequired":true,"valueName":"search_term_string"}}],"inLanguage":"es-ES"},{"@type":"Organization","@id":"https:\/\/www.miomiorun.com\/es\/#organization","name":"MioMio Run","url":"https:\/\/www.miomiorun.com\/es\/","logo":{"@type":"ImageObject","inLanguage":"es-ES","@id":"https:\/\/www.miomiorun.com\/es\/#\/schema\/logo\/image\/","url":"https:\/\/www.miomiorun.com\/app\/uploads\/2019\/12\/logomio.png","contentUrl":"https:\/\/www.miomiorun.com\/app\/uploads\/2019\/12\/logomio.png","width":115,"height":82,"caption":"MioMio Run"},"image":{"@id":"https:\/\/www.miomiorun.com\/es\/#\/schema\/logo\/image\/"},"sameAs":["https:\/\/www.facebook.com\/miomiorun\/","https:\/\/www.instagram.com\/miomiorun\/"]}]}},"_links":{"self":[{"href":"https:\/\/www.miomiorun.com\/es\/wp-json\/wp\/v2\/product\/281803","targetHints":{"allow":["GET"]}}],"collection":[{"href":"https:\/\/www.miomiorun.com\/es\/wp-json\/wp\/v2\/product"}],"about":[{"href":"https:\/\/www.miomiorun.com\/es\/wp-json\/wp\/v2\/types\/product"}],"wp:featuredmedia":[{"embeddable":true,"href":"https:\/\/www.miomiorun.com\/es\/wp-json\/wp\/v2\/media\/240536"}],"wp:attachment":[{"href":"https:\/\/www.miomiorun.com\/es\/wp-json\/wp\/v2\/media?parent=281803"}],"wp:term":[{"taxonomy":"product_brand","embeddable":true,"href":"https:\/\/www.miomiorun.com\/es\/wp-json\/wp\/v2\/product_brand?post=281803"},{"taxonomy":"product_cat","embeddable":true,"href":"https:\/\/www.miomiorun.com\/es\/wp-json\/wp\/v2\/product_cat?post=281803"},{"taxonomy":"product_tag","embeddable":true,"href":"https:\/\/www.miomiorun.com\/es\/wp-json\/wp\/v2\/product_tag?post=281803"}],"curies":[{"name":"wp","href":"https:\/\/api.w.org\/{rel}","templated":true}]}}