{"id":281768,"date":"2022-03-23T12:18:10","date_gmt":"2022-03-23T11:18:10","guid":{"rendered":"https:\/\/miomiorun.com\/prodotto\/uyn-running-exceleration-ow-shirt-donna\/"},"modified":"2026-05-05T18:02:09","modified_gmt":"2026-05-05T16:02:09","slug":"uyn-running-exceleration-ow-shirt-mujer","status":"publish","type":"product","link":"https:\/\/www.miomiorun.com\/es\/producto\/uyn-running-exceleration-ow-shirt-mujer\/","title":{"rendered":"Running Exceleration OW Shirt mujer"},"content":{"rendered":"<div class=\"tab-custom-inner-max content-wysiwyg\"><\/div>\n<div class=\"tab-custom-inner-max content-wysiwyg\">\n<div class=\"product-line\">\n<p>Dise\u00f1ada para corredoras exigentes que buscan comodidad y rendimiento. La camiseta <strong>Uyn Exceleration<\/strong> para mujer es una prenda altamente t\u00e9cnica que combina prestaciones avanzadas con materiales de primera calidad para garantizar una ventilaci\u00f3n perfecta, una gesti\u00f3n \u00f3ptima de la transpiraci\u00f3n y libertad de movimiento.<\/p>\n<p><strong>Caracter\u00edsticas:<\/strong><\/p>\n<ul>\n<li class=\"mb-2\">\u00a0El sistema <strong>4-WAYS VENTILATION<\/strong> situado en la zona del pecho garantiza una ventilaci\u00f3n perfecta del cuerpo.<\/li>\n<li>El sistema <strong>COOLVENT<\/strong> en la zona de la espalda garantiza una termorregulaci\u00f3n adecuada y elimina r\u00e1pidamente el sudor.<\/li>\n<li><strong>FLEXY RIBS<\/strong> en los hombros para una mayor comodidad.<\/li>\n<li>Menor n\u00famero de costuras para eliminar cualquier punto de roce.<\/li>\n<li>Logotipo UYN reflectante en la espalda para condiciones de poca luz.<\/li>\n<\/ul>\n<h3>Tecnolog\u00edas<\/h3>\n<div id=\"tab-technology\" class=\"tab-pane active\" role=\"tabpanel\">\n<div class=\"tab-custom\">\n<div class=\"tab-items\">\n<div class=\"row\">\n<div class=\"col-xs-12 col-sm-4\">\n<div class=\"tab-item\">\n<div class=\"media media-md\">\n<div class=\"media-left\"><img loading=\"lazy\" decoding=\"async\" class=\"\" src=\"https:\/\/images.prismic.io\/uynsports\/558d27668629dc0d13a92787903add7452ef943d_coolvent.jpg?auto=compress,format\" alt=\"Coolvent\" width=\"88\" height=\"88\" \/><\/div>\n<div class=\"media-body\">\n<div class=\"title\"><strong>Coolvent<\/strong><\/div>\n<p>El concepto Coolvent es sin\u00f3nimo de confort absoluto. Se basa en la estructura abierta del tejido: la superficie interior est\u00e1 atravesada por canales que favorecen un flujo constante de aire. Absorbe r\u00e1pidamente el sudor, refresca el cuerpo durante la actividad f\u00edsica y mantiene la piel siempre seca.<\/p>\n<\/div>\n<\/div>\n<\/div>\n<\/div>\n<div class=\"col-xs-12 col-sm-4\">\n<div class=\"tab-item\">\n<div class=\"media media-md\">\n<div class=\"media-left\"><img loading=\"lazy\" decoding=\"async\" class=\"\" src=\"https:\/\/images.prismic.io\/uynsports\/527a70652da805d4a951d23b1d682161e9f97dcf_drylight.jpg?auto=compress,format\" alt=\"Drylight\" width=\"88\" height=\"88\" \/><\/div>\n<div class=\"media-body\">\n<div class=\"title\"><strong>Drylight<\/strong><\/div>\n<p>La tecnolog\u00eda Drylight de UYN\u00ae proporciona comodidad en todas las partes del cuerpo donde se acumula el sudor. Gracias a un tejido m\u00e1s transpirable y altamente absorbente, la humedad se expulsa r\u00e1pidamente hacia el exterior.<\/p>\n<\/div>\n<\/div>\n<\/div>\n<\/div>\n<div class=\"col-xs-12 col-sm-4\">\n<div class=\"tab-item\">\n<div class=\"media media-md\">\n<div class=\"media-body\">\n<p>&nbsp;<\/p>\n<\/div>\n<\/div>\n<\/div>\n<\/div>\n<div class=\"col-xs-12 col-sm-4\">\n<div class=\"tab-item\">\n<div class=\"media media-md\">\n<div class=\"media-left\"><strong><img loading=\"lazy\" decoding=\"async\" class=\"\" src=\"https:\/\/images.prismic.io\/uynsports\/1304e00edf5a78c715bdc0f15cac1cece3921fad_meta-ribs-top.jpg?auto=compress,format\" alt=\"Meta-Ribs\" width=\"88\" height=\"88\" \/><\/strong><\/div>\n<div class=\"media-body\">\n<div class=\"title\"><strong>Meta-Ribs<\/strong><\/div>\n<p>Gracias a las Meta-Ribs integradas y estabilizadoras, el sistema Hypermotion\u00b2 favorece una postura ideal, lo que permite que la caja tor\u00e1cica se expanda y facilite as\u00ed la respiraci\u00f3n.<\/p>\n<\/div>\n<\/div>\n<\/div>\n<\/div>\n<div class=\"col-xs-12 col-sm-4\">\n<div class=\"tab-item\">\n<div class=\"media media-md\">\n<p>COMPOSICI\u00d3N:<span class=\"text-gray-400\">72 % POLIAMIDA <\/span><span class=\"text-gray-400\">19 % POLI\u00c9STER <\/span><span class=\"text-gray-400\">7 % ELASTANO <\/span><span class=\"text-gray-400\">2 % POLIPROPILENO <\/span><\/p>\n<\/div>\n<\/div>\n<\/div>\n<\/div>\n<\/div>\n<\/div>\n<\/div>\n<\/div>\n<\/div>\n","protected":false},"excerpt":{"rendered":"<p>Dise\u00f1ada para corredoras exigentes que buscan comodidad y rendimiento. La camiseta Uyn Exceleration para mujer es una prenda altamente t\u00e9cnica que combina prestaciones avanzadas con materiales de primera calidad para garantizar una ventilaci\u00f3n perfecta, una gesti\u00f3n \u00f3ptima de la transpiraci\u00f3n y libertad de movimiento. Caracter\u00edsticas: \u00a0El sistema 4-WAYS VENTILATION situado en la zona del pecho &hellip; <a href=\"https:\/\/www.miomiorun.com\/es\/producto\/uyn-running-exceleration-ow-shirt-mujer\/\">Continued<\/a><\/p>\n","protected":false},"featured_media":236021,"template":"","meta":{"_acf_changed":false,"inline_featured_image":false},"product_brand":[],"product_cat":[24226,24401,24397,24402],"product_tag":[23525,23621],"class_list":{"0":"post-281768","1":"product","2":"type-product","3":"status-publish","4":"has-post-thumbnail","6":"product_cat-camiseta","7":"product_cat-ropa-de-mujer","8":"product_cat-ropa-interior","9":"product_cat-mujer","10":"product_tag-uyn-es","11":"product_tag-uyn-mujer","12":"pa_colore-exceleration-ow-shirt-w-rose-sunny-es","13":"pa_colore-exceleration-ow-shirt-w-turquoise-ash-es","14":"pa_marca-uyn-es","15":"pa_sesso-mujer","16":"pa_size-extra-small-es","17":"pa_size-medium-es","19":"first","20":"instock","21":"sale","22":"taxable","23":"shipping-taxable","24":"purchasable","25":"product-type-variable","26":"wvs-archive-product-wrapper"},"acf":[],"yoast_head":"<!-- This site is optimized with the Yoast SEO plugin v26.8 - https:\/\/yoast.com\/product\/yoast-seo-wordpress\/ -->\n<title>Running Exceleration OW Shirt mujer - Camiseta interior- MioMioRun<\/title>\n<meta name=\"description\" content=\"Dise\u00f1ada para corredoras exigentes que buscan comodidad y rendimiento, la Uyn Exceleration para mujer es una camiseta de alta tecnolog\u00eda.\" \/>\n<meta name=\"robots\" content=\"index, follow, max-snippet:-1, max-image-preview:large, max-video-preview:-1\" \/>\n<link rel=\"canonical\" href=\"https:\/\/www.miomiorun.com\/es\/producto\/uyn-running-exceleration-ow-shirt-mujer\/\" \/>\n<meta property=\"og:locale\" content=\"es_ES\" \/>\n<meta property=\"og:type\" content=\"article\" \/>\n<meta property=\"og:title\" content=\"Running Exceleration OW Shirt mujer - Camiseta interior- MioMioRun\" \/>\n<meta property=\"og:description\" content=\"Dise\u00f1ada para corredoras exigentes que buscan comodidad y rendimiento, la Uyn Exceleration para mujer es una camiseta de alta tecnolog\u00eda.\" \/>\n<meta property=\"og:url\" content=\"https:\/\/www.miomiorun.com\/es\/producto\/uyn-running-exceleration-ow-shirt-mujer\/\" \/>\n<meta property=\"og:site_name\" content=\"MioMioRun\" \/>\n<meta property=\"article:publisher\" content=\"https:\/\/www.facebook.com\/miomiorun\/\" \/>\n<meta property=\"article:modified_time\" content=\"2026-05-05T16:02:09+00:00\" \/>\n<meta property=\"og:image\" content=\"https:\/\/www.miomiorun.com\/app\/uploads\/2022\/04\/uyn-exceleration-ow-shirt-W-turquoise-ash-O102338-93K699.jpg\" \/>\n\t<meta property=\"og:image:width\" content=\"600\" \/>\n\t<meta property=\"og:image:height\" content=\"600\" \/>\n\t<meta property=\"og:image:type\" content=\"image\/jpeg\" \/>\n<meta name=\"twitter:card\" content=\"summary_large_image\" \/>\n<meta name=\"twitter:label1\" content=\"Est. reading time\" \/>\n\t<meta name=\"twitter:data1\" content=\"1 minute\" \/>\n<script type=\"application\/ld+json\" class=\"yoast-schema-graph\">{\"@context\":\"https:\/\/schema.org\",\"@graph\":[{\"@type\":\"WebPage\",\"@id\":\"https:\/\/www.miomiorun.com\/es\/producto\/uyn-running-exceleration-ow-shirt-mujer\/\",\"url\":\"https:\/\/www.miomiorun.com\/es\/producto\/uyn-running-exceleration-ow-shirt-mujer\/\",\"name\":\"Running Exceleration OW Shirt mujer - Camiseta interior- MioMioRun\",\"isPartOf\":{\"@id\":\"https:\/\/www.miomiorun.com\/es\/#website\"},\"primaryImageOfPage\":{\"@id\":\"https:\/\/www.miomiorun.com\/es\/producto\/uyn-running-exceleration-ow-shirt-mujer\/#primaryimage\"},\"image\":{\"@id\":\"https:\/\/www.miomiorun.com\/es\/producto\/uyn-running-exceleration-ow-shirt-mujer\/#primaryimage\"},\"thumbnailUrl\":\"https:\/\/www.miomiorun.com\/app\/uploads\/2022\/04\/uyn-exceleration-ow-shirt-W-turquoise-ash-O102338-93K699.jpg\",\"datePublished\":\"2022-03-23T11:18:10+00:00\",\"dateModified\":\"2026-05-05T16:02:09+00:00\",\"description\":\"Dise\u00f1ada para corredoras exigentes que buscan comodidad y rendimiento, la Uyn Exceleration para mujer es una camiseta de alta tecnolog\u00eda.\",\"breadcrumb\":{\"@id\":\"https:\/\/www.miomiorun.com\/es\/producto\/uyn-running-exceleration-ow-shirt-mujer\/#breadcrumb\"},\"inLanguage\":\"es-ES\",\"potentialAction\":[{\"@type\":\"ReadAction\",\"target\":[\"https:\/\/www.miomiorun.com\/es\/producto\/uyn-running-exceleration-ow-shirt-mujer\/\"]}]},{\"@type\":\"ImageObject\",\"inLanguage\":\"es-ES\",\"@id\":\"https:\/\/www.miomiorun.com\/es\/producto\/uyn-running-exceleration-ow-shirt-mujer\/#primaryimage\",\"url\":\"https:\/\/www.miomiorun.com\/app\/uploads\/2022\/04\/uyn-exceleration-ow-shirt-W-turquoise-ash-O102338-93K699.jpg\",\"contentUrl\":\"https:\/\/www.miomiorun.com\/app\/uploads\/2022\/04\/uyn-exceleration-ow-shirt-W-turquoise-ash-O102338-93K699.jpg\",\"width\":600,\"height\":600,\"caption\":\"uyn-exceleration-ow-shirt-W-turquoise-ash-O102338-93K699\"},{\"@type\":\"BreadcrumbList\",\"@id\":\"https:\/\/www.miomiorun.com\/es\/producto\/uyn-running-exceleration-ow-shirt-mujer\/#breadcrumb\",\"itemListElement\":[{\"@type\":\"ListItem\",\"position\":1,\"name\":\"Home\",\"item\":\"https:\/\/www.miomiorun.com\/es\/\"},{\"@type\":\"ListItem\",\"position\":2,\"name\":\"Shop\",\"item\":\"https:\/\/www.miomiorun.com\/shop\/\"},{\"@type\":\"ListItem\",\"position\":3,\"name\":\"Running Exceleration OW Shirt mujer\"}]},{\"@type\":\"WebSite\",\"@id\":\"https:\/\/www.miomiorun.com\/es\/#website\",\"url\":\"https:\/\/www.miomiorun.com\/es\/\",\"name\":\"MioMioRun\",\"description\":\"Tienda 100% running y trail\",\"publisher\":{\"@id\":\"https:\/\/www.miomiorun.com\/es\/#organization\"},\"potentialAction\":[{\"@type\":\"SearchAction\",\"target\":{\"@type\":\"EntryPoint\",\"urlTemplate\":\"https:\/\/www.miomiorun.com\/es\/?s={search_term_string}\"},\"query-input\":{\"@type\":\"PropertyValueSpecification\",\"valueRequired\":true,\"valueName\":\"search_term_string\"}}],\"inLanguage\":\"es-ES\"},{\"@type\":\"Organization\",\"@id\":\"https:\/\/www.miomiorun.com\/es\/#organization\",\"name\":\"MioMio Run\",\"url\":\"https:\/\/www.miomiorun.com\/es\/\",\"logo\":{\"@type\":\"ImageObject\",\"inLanguage\":\"es-ES\",\"@id\":\"https:\/\/www.miomiorun.com\/es\/#\/schema\/logo\/image\/\",\"url\":\"https:\/\/www.miomiorun.com\/app\/uploads\/2019\/12\/logomio.png\",\"contentUrl\":\"https:\/\/www.miomiorun.com\/app\/uploads\/2019\/12\/logomio.png\",\"width\":115,\"height\":82,\"caption\":\"MioMio Run\"},\"image\":{\"@id\":\"https:\/\/www.miomiorun.com\/es\/#\/schema\/logo\/image\/\"},\"sameAs\":[\"https:\/\/www.facebook.com\/miomiorun\/\",\"https:\/\/www.instagram.com\/miomiorun\/\"]}]}<\/script>\n<!-- \/ Yoast SEO plugin. -->","yoast_head_json":{"title":"Running Exceleration OW Shirt mujer - Camiseta interior- MioMioRun","description":"Dise\u00f1ada para corredoras exigentes que buscan comodidad y rendimiento, la Uyn Exceleration para mujer es una camiseta de alta tecnolog\u00eda.","robots":{"index":"index","follow":"follow","max-snippet":"max-snippet:-1","max-image-preview":"max-image-preview:large","max-video-preview":"max-video-preview:-1"},"canonical":"https:\/\/www.miomiorun.com\/es\/producto\/uyn-running-exceleration-ow-shirt-mujer\/","og_locale":"es_ES","og_type":"article","og_title":"Running Exceleration OW Shirt mujer - Camiseta interior- MioMioRun","og_description":"Dise\u00f1ada para corredoras exigentes que buscan comodidad y rendimiento, la Uyn Exceleration para mujer es una camiseta de alta tecnolog\u00eda.","og_url":"https:\/\/www.miomiorun.com\/es\/producto\/uyn-running-exceleration-ow-shirt-mujer\/","og_site_name":"MioMioRun","article_publisher":"https:\/\/www.facebook.com\/miomiorun\/","article_modified_time":"2026-05-05T16:02:09+00:00","og_image":[{"width":600,"height":600,"url":"https:\/\/www.miomiorun.com\/app\/uploads\/2022\/04\/uyn-exceleration-ow-shirt-W-turquoise-ash-O102338-93K699.jpg","type":"image\/jpeg"}],"twitter_card":"summary_large_image","twitter_misc":{"Est. reading time":"1 minute"},"schema":{"@context":"https:\/\/schema.org","@graph":[{"@type":"WebPage","@id":"https:\/\/www.miomiorun.com\/es\/producto\/uyn-running-exceleration-ow-shirt-mujer\/","url":"https:\/\/www.miomiorun.com\/es\/producto\/uyn-running-exceleration-ow-shirt-mujer\/","name":"Running Exceleration OW Shirt mujer - Camiseta interior- MioMioRun","isPartOf":{"@id":"https:\/\/www.miomiorun.com\/es\/#website"},"primaryImageOfPage":{"@id":"https:\/\/www.miomiorun.com\/es\/producto\/uyn-running-exceleration-ow-shirt-mujer\/#primaryimage"},"image":{"@id":"https:\/\/www.miomiorun.com\/es\/producto\/uyn-running-exceleration-ow-shirt-mujer\/#primaryimage"},"thumbnailUrl":"https:\/\/www.miomiorun.com\/app\/uploads\/2022\/04\/uyn-exceleration-ow-shirt-W-turquoise-ash-O102338-93K699.jpg","datePublished":"2022-03-23T11:18:10+00:00","dateModified":"2026-05-05T16:02:09+00:00","description":"Dise\u00f1ada para corredoras exigentes que buscan comodidad y rendimiento, la Uyn Exceleration para mujer es una camiseta de alta tecnolog\u00eda.","breadcrumb":{"@id":"https:\/\/www.miomiorun.com\/es\/producto\/uyn-running-exceleration-ow-shirt-mujer\/#breadcrumb"},"inLanguage":"es-ES","potentialAction":[{"@type":"ReadAction","target":["https:\/\/www.miomiorun.com\/es\/producto\/uyn-running-exceleration-ow-shirt-mujer\/"]}]},{"@type":"ImageObject","inLanguage":"es-ES","@id":"https:\/\/www.miomiorun.com\/es\/producto\/uyn-running-exceleration-ow-shirt-mujer\/#primaryimage","url":"https:\/\/www.miomiorun.com\/app\/uploads\/2022\/04\/uyn-exceleration-ow-shirt-W-turquoise-ash-O102338-93K699.jpg","contentUrl":"https:\/\/www.miomiorun.com\/app\/uploads\/2022\/04\/uyn-exceleration-ow-shirt-W-turquoise-ash-O102338-93K699.jpg","width":600,"height":600,"caption":"uyn-exceleration-ow-shirt-W-turquoise-ash-O102338-93K699"},{"@type":"BreadcrumbList","@id":"https:\/\/www.miomiorun.com\/es\/producto\/uyn-running-exceleration-ow-shirt-mujer\/#breadcrumb","itemListElement":[{"@type":"ListItem","position":1,"name":"Home","item":"https:\/\/www.miomiorun.com\/es\/"},{"@type":"ListItem","position":2,"name":"Shop","item":"https:\/\/www.miomiorun.com\/shop\/"},{"@type":"ListItem","position":3,"name":"Running Exceleration OW Shirt mujer"}]},{"@type":"WebSite","@id":"https:\/\/www.miomiorun.com\/es\/#website","url":"https:\/\/www.miomiorun.com\/es\/","name":"MioMioRun","description":"Tienda 100% running y trail","publisher":{"@id":"https:\/\/www.miomiorun.com\/es\/#organization"},"potentialAction":[{"@type":"SearchAction","target":{"@type":"EntryPoint","urlTemplate":"https:\/\/www.miomiorun.com\/es\/?s={search_term_string}"},"query-input":{"@type":"PropertyValueSpecification","valueRequired":true,"valueName":"search_term_string"}}],"inLanguage":"es-ES"},{"@type":"Organization","@id":"https:\/\/www.miomiorun.com\/es\/#organization","name":"MioMio Run","url":"https:\/\/www.miomiorun.com\/es\/","logo":{"@type":"ImageObject","inLanguage":"es-ES","@id":"https:\/\/www.miomiorun.com\/es\/#\/schema\/logo\/image\/","url":"https:\/\/www.miomiorun.com\/app\/uploads\/2019\/12\/logomio.png","contentUrl":"https:\/\/www.miomiorun.com\/app\/uploads\/2019\/12\/logomio.png","width":115,"height":82,"caption":"MioMio Run"},"image":{"@id":"https:\/\/www.miomiorun.com\/es\/#\/schema\/logo\/image\/"},"sameAs":["https:\/\/www.facebook.com\/miomiorun\/","https:\/\/www.instagram.com\/miomiorun\/"]}]}},"_links":{"self":[{"href":"https:\/\/www.miomiorun.com\/es\/wp-json\/wp\/v2\/product\/281768","targetHints":{"allow":["GET"]}}],"collection":[{"href":"https:\/\/www.miomiorun.com\/es\/wp-json\/wp\/v2\/product"}],"about":[{"href":"https:\/\/www.miomiorun.com\/es\/wp-json\/wp\/v2\/types\/product"}],"wp:featuredmedia":[{"embeddable":true,"href":"https:\/\/www.miomiorun.com\/es\/wp-json\/wp\/v2\/media\/236021"}],"wp:attachment":[{"href":"https:\/\/www.miomiorun.com\/es\/wp-json\/wp\/v2\/media?parent=281768"}],"wp:term":[{"taxonomy":"product_brand","embeddable":true,"href":"https:\/\/www.miomiorun.com\/es\/wp-json\/wp\/v2\/product_brand?post=281768"},{"taxonomy":"product_cat","embeddable":true,"href":"https:\/\/www.miomiorun.com\/es\/wp-json\/wp\/v2\/product_cat?post=281768"},{"taxonomy":"product_tag","embeddable":true,"href":"https:\/\/www.miomiorun.com\/es\/wp-json\/wp\/v2\/product_tag?post=281768"}],"curies":[{"name":"wp","href":"https:\/\/api.w.org\/{rel}","templated":true}]}}