{"id":281766,"date":"2022-03-23T10:08:58","date_gmt":"2022-03-23T09:08:58","guid":{"rendered":"https:\/\/miomiorun.com\/prodotto\/uyn-lady-running-pb42-ow-shirt-donna\/"},"modified":"2026-05-05T18:01:15","modified_gmt":"2026-05-05T16:01:15","slug":"uyn-lady-running-pb42-ow-shirt-mujer","status":"publish","type":"product","link":"https:\/\/www.miomiorun.com\/es\/producto\/uyn-lady-running-pb42-ow-shirt-mujer\/","title":{"rendered":"Lady Running PB42 OW Shirt mujer"},"content":{"rendered":"<div class=\"tab-custom-inner-max content-wysiwyg\">Dise\u00f1ada para ayudarte a alcanzar tu mejor marca personal. Anat\u00f3mica, transpirable y con un corte pensado para que consigas el m\u00e1ximo rendimiento en carreras de larga distancia. La <strong>UYN PB42<\/strong> para mujer es una camiseta dedicada al mundo del running que hace de la simplicidad su punto fuerte. En las zonas donde se acumula el sudor, el tejido presenta una estructura tridimensional que permite una mayor circulaci\u00f3n del aire, manteniendo el cuerpo fresco y seco. La tecnolog\u00eda HYPERMOTION en la zona de los hombros y los brazos garantiza una gran libertad de movimiento y permite que el cuerpo mantenga la postura de carrera m\u00e1s correcta.<\/div>\n<div class=\"tab-custom-inner-max content-wysiwyg\">\n<div class=\"product-line\">\n<p><strong>Caracter\u00edsticas:<\/strong><\/p>\n<ul>\n<li>\n<p class=\"mb-2\">El sistema COOLVENT en la zona del pecho y la espalda garantiza una termorregulaci\u00f3n adecuada y elimina r\u00e1pidamente el sudor.<\/p>\n<\/li>\n<li>\n<p class=\"mb-2\">Camiseta con tecnolog\u00eda DRYLIGHT para una mayor ventilaci\u00f3n.<\/p>\n<\/li>\n<li>\n<p class=\"mb-2\">Tecnolog\u00eda HYPERMOTION en hombros y mangas sin costuras verticales. Reduce los puntos de roce, favorece la postura y ofrece libertad de movimiento.<\/p>\n<\/li>\n<li>\n<p class=\"mb-2\">Dise\u00f1o tridimensional del tejido en la zona abdominal y la parte baja de la espalda que permite la circulaci\u00f3n del aire.<\/p>\n<\/li>\n<li>\n<p class=\"mb-2\">Logotipo UYN reflectante en la espalda para condiciones de poca luz.<\/p>\n<\/li>\n<\/ul>\n<\/div>\n<\/div>\n","protected":false},"excerpt":{"rendered":"<p>Dise\u00f1ada para ayudarte a alcanzar tu mejor marca personal. Anat\u00f3mica, transpirable y con un corte pensado para que consigas el m\u00e1ximo rendimiento en carreras de larga distancia. La UYN PB42 para mujer es una camiseta dedicada al mundo del running que hace de la simplicidad su punto fuerte. En las zonas donde se acumula el &hellip; <a href=\"https:\/\/www.miomiorun.com\/es\/producto\/uyn-lady-running-pb42-ow-shirt-mujer\/\">Continued<\/a><\/p>\n","protected":false},"featured_media":235760,"template":"","meta":{"_acf_changed":false,"inline_featured_image":false},"product_brand":[],"product_cat":[24226,24401,24397,24402],"product_tag":[23525,23621],"class_list":{"0":"post-281766","1":"product","2":"type-product","3":"status-publish","4":"has-post-thumbnail","6":"product_cat-camiseta","7":"product_cat-ropa-de-mujer","8":"product_cat-ropa-interior","9":"product_cat-mujer","10":"product_tag-uyn-es","11":"product_tag-uyn-mujer","12":"pa_attivita-running-es","13":"pa_colore-running-pb42-ow-shirt-purple-true-navy-es","14":"pa_colore-running-pb42-ow-shirt-w-blue-radiance-pe-es","15":"pa_marca-uyn-es","16":"pa_sesso-mujer","17":"pa_size-extra-small-es","18":"pa_size-small-es","20":"first","21":"instock","22":"sale","23":"taxable","24":"shipping-taxable","25":"purchasable","26":"product-type-variable","27":"wvs-archive-product-wrapper"},"acf":[],"yoast_head":"<!-- This site is optimized with the Yoast SEO plugin v26.8 - https:\/\/yoast.com\/product\/yoast-seo-wordpress\/ -->\n<title>Uyn Lady Running PB42 OW Shirt mujer - Camiseta interior - MioMioRun.com<\/title>\n<meta name=\"description\" content=\"La UYN PB42 para mujer es una camiseta dise\u00f1ada para el mundo del running que hace de la sencillez su punto fuerte. Incorpora la tecnolog\u00eda HYPERMOTION en las mangas.\" \/>\n<meta name=\"robots\" content=\"index, follow, max-snippet:-1, max-image-preview:large, max-video-preview:-1\" \/>\n<link rel=\"canonical\" href=\"https:\/\/www.miomiorun.com\/es\/producto\/uyn-lady-running-pb42-ow-shirt-mujer\/\" \/>\n<meta property=\"og:locale\" content=\"es_ES\" \/>\n<meta property=\"og:type\" content=\"article\" \/>\n<meta property=\"og:title\" content=\"Uyn Lady Running PB42 OW Shirt mujer - Camiseta interior - MioMioRun.com\" \/>\n<meta property=\"og:description\" content=\"La UYN PB42 para mujer es una camiseta dise\u00f1ada para el mundo del running que hace de la sencillez su punto fuerte. Incorpora la tecnolog\u00eda HYPERMOTION en las mangas.\" \/>\n<meta property=\"og:url\" content=\"https:\/\/www.miomiorun.com\/es\/producto\/uyn-lady-running-pb42-ow-shirt-mujer\/\" \/>\n<meta property=\"og:site_name\" content=\"MioMioRun\" \/>\n<meta property=\"article:publisher\" content=\"https:\/\/www.facebook.com\/miomiorun\/\" \/>\n<meta property=\"article:modified_time\" content=\"2026-05-05T16:01:15+00:00\" \/>\n<meta property=\"og:image\" content=\"https:\/\/www.miomiorun.com\/app\/uploads\/2022\/03\/uyn-running-PB42-OW-shirt-purple-true-navy-O102301-93V199.jpg\" \/>\n\t<meta property=\"og:image:width\" content=\"600\" \/>\n\t<meta property=\"og:image:height\" content=\"600\" \/>\n\t<meta property=\"og:image:type\" content=\"image\/jpeg\" \/>\n<meta name=\"twitter:card\" content=\"summary_large_image\" \/>\n<meta name=\"twitter:label1\" content=\"Est. reading time\" \/>\n\t<meta name=\"twitter:data1\" content=\"1 minute\" \/>\n<script type=\"application\/ld+json\" class=\"yoast-schema-graph\">{\"@context\":\"https:\/\/schema.org\",\"@graph\":[{\"@type\":\"WebPage\",\"@id\":\"https:\/\/www.miomiorun.com\/es\/producto\/uyn-lady-running-pb42-ow-shirt-mujer\/\",\"url\":\"https:\/\/www.miomiorun.com\/es\/producto\/uyn-lady-running-pb42-ow-shirt-mujer\/\",\"name\":\"Uyn Lady Running PB42 OW Shirt mujer - Camiseta interior - MioMioRun.com\",\"isPartOf\":{\"@id\":\"https:\/\/www.miomiorun.com\/es\/#website\"},\"primaryImageOfPage\":{\"@id\":\"https:\/\/www.miomiorun.com\/es\/producto\/uyn-lady-running-pb42-ow-shirt-mujer\/#primaryimage\"},\"image\":{\"@id\":\"https:\/\/www.miomiorun.com\/es\/producto\/uyn-lady-running-pb42-ow-shirt-mujer\/#primaryimage\"},\"thumbnailUrl\":\"https:\/\/www.miomiorun.com\/app\/uploads\/2022\/03\/uyn-running-PB42-OW-shirt-purple-true-navy-O102301-93V199.jpg\",\"datePublished\":\"2022-03-23T09:08:58+00:00\",\"dateModified\":\"2026-05-05T16:01:15+00:00\",\"description\":\"La UYN PB42 para mujer es una camiseta dise\u00f1ada para el mundo del running que hace de la sencillez su punto fuerte. Incorpora la tecnolog\u00eda HYPERMOTION en las mangas.\",\"breadcrumb\":{\"@id\":\"https:\/\/www.miomiorun.com\/es\/producto\/uyn-lady-running-pb42-ow-shirt-mujer\/#breadcrumb\"},\"inLanguage\":\"es-ES\",\"potentialAction\":[{\"@type\":\"ReadAction\",\"target\":[\"https:\/\/www.miomiorun.com\/es\/producto\/uyn-lady-running-pb42-ow-shirt-mujer\/\"]}]},{\"@type\":\"ImageObject\",\"inLanguage\":\"es-ES\",\"@id\":\"https:\/\/www.miomiorun.com\/es\/producto\/uyn-lady-running-pb42-ow-shirt-mujer\/#primaryimage\",\"url\":\"https:\/\/www.miomiorun.com\/app\/uploads\/2022\/03\/uyn-running-PB42-OW-shirt-purple-true-navy-O102301-93V199.jpg\",\"contentUrl\":\"https:\/\/www.miomiorun.com\/app\/uploads\/2022\/03\/uyn-running-PB42-OW-shirt-purple-true-navy-O102301-93V199.jpg\",\"width\":600,\"height\":600,\"caption\":\"uyn-running-PB42-OW-shirt-purple-true-navy-O102301-93V199\"},{\"@type\":\"BreadcrumbList\",\"@id\":\"https:\/\/www.miomiorun.com\/es\/producto\/uyn-lady-running-pb42-ow-shirt-mujer\/#breadcrumb\",\"itemListElement\":[{\"@type\":\"ListItem\",\"position\":1,\"name\":\"Home\",\"item\":\"https:\/\/www.miomiorun.com\/es\/\"},{\"@type\":\"ListItem\",\"position\":2,\"name\":\"Shop\",\"item\":\"https:\/\/www.miomiorun.com\/shop\/\"},{\"@type\":\"ListItem\",\"position\":3,\"name\":\"Lady Running PB42 OW Shirt mujer\"}]},{\"@type\":\"WebSite\",\"@id\":\"https:\/\/www.miomiorun.com\/es\/#website\",\"url\":\"https:\/\/www.miomiorun.com\/es\/\",\"name\":\"MioMioRun\",\"description\":\"Tienda 100% running y trail\",\"publisher\":{\"@id\":\"https:\/\/www.miomiorun.com\/es\/#organization\"},\"potentialAction\":[{\"@type\":\"SearchAction\",\"target\":{\"@type\":\"EntryPoint\",\"urlTemplate\":\"https:\/\/www.miomiorun.com\/es\/?s={search_term_string}\"},\"query-input\":{\"@type\":\"PropertyValueSpecification\",\"valueRequired\":true,\"valueName\":\"search_term_string\"}}],\"inLanguage\":\"es-ES\"},{\"@type\":\"Organization\",\"@id\":\"https:\/\/www.miomiorun.com\/es\/#organization\",\"name\":\"MioMio Run\",\"url\":\"https:\/\/www.miomiorun.com\/es\/\",\"logo\":{\"@type\":\"ImageObject\",\"inLanguage\":\"es-ES\",\"@id\":\"https:\/\/www.miomiorun.com\/es\/#\/schema\/logo\/image\/\",\"url\":\"https:\/\/www.miomiorun.com\/app\/uploads\/2019\/12\/logomio.png\",\"contentUrl\":\"https:\/\/www.miomiorun.com\/app\/uploads\/2019\/12\/logomio.png\",\"width\":115,\"height\":82,\"caption\":\"MioMio Run\"},\"image\":{\"@id\":\"https:\/\/www.miomiorun.com\/es\/#\/schema\/logo\/image\/\"},\"sameAs\":[\"https:\/\/www.facebook.com\/miomiorun\/\",\"https:\/\/www.instagram.com\/miomiorun\/\"]}]}<\/script>\n<!-- \/ Yoast SEO plugin. -->","yoast_head_json":{"title":"Uyn Lady Running PB42 OW Shirt mujer - Camiseta interior - MioMioRun.com","description":"La UYN PB42 para mujer es una camiseta dise\u00f1ada para el mundo del running que hace de la sencillez su punto fuerte. Incorpora la tecnolog\u00eda HYPERMOTION en las mangas.","robots":{"index":"index","follow":"follow","max-snippet":"max-snippet:-1","max-image-preview":"max-image-preview:large","max-video-preview":"max-video-preview:-1"},"canonical":"https:\/\/www.miomiorun.com\/es\/producto\/uyn-lady-running-pb42-ow-shirt-mujer\/","og_locale":"es_ES","og_type":"article","og_title":"Uyn Lady Running PB42 OW Shirt mujer - Camiseta interior - MioMioRun.com","og_description":"La UYN PB42 para mujer es una camiseta dise\u00f1ada para el mundo del running que hace de la sencillez su punto fuerte. Incorpora la tecnolog\u00eda HYPERMOTION en las mangas.","og_url":"https:\/\/www.miomiorun.com\/es\/producto\/uyn-lady-running-pb42-ow-shirt-mujer\/","og_site_name":"MioMioRun","article_publisher":"https:\/\/www.facebook.com\/miomiorun\/","article_modified_time":"2026-05-05T16:01:15+00:00","og_image":[{"width":600,"height":600,"url":"https:\/\/www.miomiorun.com\/app\/uploads\/2022\/03\/uyn-running-PB42-OW-shirt-purple-true-navy-O102301-93V199.jpg","type":"image\/jpeg"}],"twitter_card":"summary_large_image","twitter_misc":{"Est. reading time":"1 minute"},"schema":{"@context":"https:\/\/schema.org","@graph":[{"@type":"WebPage","@id":"https:\/\/www.miomiorun.com\/es\/producto\/uyn-lady-running-pb42-ow-shirt-mujer\/","url":"https:\/\/www.miomiorun.com\/es\/producto\/uyn-lady-running-pb42-ow-shirt-mujer\/","name":"Uyn Lady Running PB42 OW Shirt mujer - Camiseta interior - MioMioRun.com","isPartOf":{"@id":"https:\/\/www.miomiorun.com\/es\/#website"},"primaryImageOfPage":{"@id":"https:\/\/www.miomiorun.com\/es\/producto\/uyn-lady-running-pb42-ow-shirt-mujer\/#primaryimage"},"image":{"@id":"https:\/\/www.miomiorun.com\/es\/producto\/uyn-lady-running-pb42-ow-shirt-mujer\/#primaryimage"},"thumbnailUrl":"https:\/\/www.miomiorun.com\/app\/uploads\/2022\/03\/uyn-running-PB42-OW-shirt-purple-true-navy-O102301-93V199.jpg","datePublished":"2022-03-23T09:08:58+00:00","dateModified":"2026-05-05T16:01:15+00:00","description":"La UYN PB42 para mujer es una camiseta dise\u00f1ada para el mundo del running que hace de la sencillez su punto fuerte. Incorpora la tecnolog\u00eda HYPERMOTION en las mangas.","breadcrumb":{"@id":"https:\/\/www.miomiorun.com\/es\/producto\/uyn-lady-running-pb42-ow-shirt-mujer\/#breadcrumb"},"inLanguage":"es-ES","potentialAction":[{"@type":"ReadAction","target":["https:\/\/www.miomiorun.com\/es\/producto\/uyn-lady-running-pb42-ow-shirt-mujer\/"]}]},{"@type":"ImageObject","inLanguage":"es-ES","@id":"https:\/\/www.miomiorun.com\/es\/producto\/uyn-lady-running-pb42-ow-shirt-mujer\/#primaryimage","url":"https:\/\/www.miomiorun.com\/app\/uploads\/2022\/03\/uyn-running-PB42-OW-shirt-purple-true-navy-O102301-93V199.jpg","contentUrl":"https:\/\/www.miomiorun.com\/app\/uploads\/2022\/03\/uyn-running-PB42-OW-shirt-purple-true-navy-O102301-93V199.jpg","width":600,"height":600,"caption":"uyn-running-PB42-OW-shirt-purple-true-navy-O102301-93V199"},{"@type":"BreadcrumbList","@id":"https:\/\/www.miomiorun.com\/es\/producto\/uyn-lady-running-pb42-ow-shirt-mujer\/#breadcrumb","itemListElement":[{"@type":"ListItem","position":1,"name":"Home","item":"https:\/\/www.miomiorun.com\/es\/"},{"@type":"ListItem","position":2,"name":"Shop","item":"https:\/\/www.miomiorun.com\/shop\/"},{"@type":"ListItem","position":3,"name":"Lady Running PB42 OW Shirt mujer"}]},{"@type":"WebSite","@id":"https:\/\/www.miomiorun.com\/es\/#website","url":"https:\/\/www.miomiorun.com\/es\/","name":"MioMioRun","description":"Tienda 100% running y trail","publisher":{"@id":"https:\/\/www.miomiorun.com\/es\/#organization"},"potentialAction":[{"@type":"SearchAction","target":{"@type":"EntryPoint","urlTemplate":"https:\/\/www.miomiorun.com\/es\/?s={search_term_string}"},"query-input":{"@type":"PropertyValueSpecification","valueRequired":true,"valueName":"search_term_string"}}],"inLanguage":"es-ES"},{"@type":"Organization","@id":"https:\/\/www.miomiorun.com\/es\/#organization","name":"MioMio Run","url":"https:\/\/www.miomiorun.com\/es\/","logo":{"@type":"ImageObject","inLanguage":"es-ES","@id":"https:\/\/www.miomiorun.com\/es\/#\/schema\/logo\/image\/","url":"https:\/\/www.miomiorun.com\/app\/uploads\/2019\/12\/logomio.png","contentUrl":"https:\/\/www.miomiorun.com\/app\/uploads\/2019\/12\/logomio.png","width":115,"height":82,"caption":"MioMio Run"},"image":{"@id":"https:\/\/www.miomiorun.com\/es\/#\/schema\/logo\/image\/"},"sameAs":["https:\/\/www.facebook.com\/miomiorun\/","https:\/\/www.instagram.com\/miomiorun\/"]}]}},"_links":{"self":[{"href":"https:\/\/www.miomiorun.com\/es\/wp-json\/wp\/v2\/product\/281766","targetHints":{"allow":["GET"]}}],"collection":[{"href":"https:\/\/www.miomiorun.com\/es\/wp-json\/wp\/v2\/product"}],"about":[{"href":"https:\/\/www.miomiorun.com\/es\/wp-json\/wp\/v2\/types\/product"}],"wp:featuredmedia":[{"embeddable":true,"href":"https:\/\/www.miomiorun.com\/es\/wp-json\/wp\/v2\/media\/235760"}],"wp:attachment":[{"href":"https:\/\/www.miomiorun.com\/es\/wp-json\/wp\/v2\/media?parent=281766"}],"wp:term":[{"taxonomy":"product_brand","embeddable":true,"href":"https:\/\/www.miomiorun.com\/es\/wp-json\/wp\/v2\/product_brand?post=281766"},{"taxonomy":"product_cat","embeddable":true,"href":"https:\/\/www.miomiorun.com\/es\/wp-json\/wp\/v2\/product_cat?post=281766"},{"taxonomy":"product_tag","embeddable":true,"href":"https:\/\/www.miomiorun.com\/es\/wp-json\/wp\/v2\/product_tag?post=281766"}],"curies":[{"name":"wp","href":"https:\/\/api.w.org\/{rel}","templated":true}]}}