{"id":281752,"date":"2022-03-25T18:48:07","date_gmt":"2022-03-25T17:48:07","guid":{"rendered":"https:\/\/miomiorun.com\/prodotto\/uyn-running-pb42-ow-shirt-uomo\/"},"modified":"2026-05-05T18:03:03","modified_gmt":"2026-05-05T16:03:03","slug":"uyn-running-pb42-ow-shirt-hombre","status":"publish","type":"product","link":"https:\/\/www.miomiorun.com\/es\/producto\/uyn-running-pb42-ow-shirt-hombre\/","title":{"rendered":"Running PB42 OW Shirt hombre"},"content":{"rendered":"<div class=\"tab-custom-inner-max content-wysiwyg\"><\/div>\n<div class=\"tab-custom-inner-max content-wysiwyg\">\n<div class=\"product-line\">Dise\u00f1ada para ayudarte a alcanzar tu mejor marca personal. Anat\u00f3mica, transpirable y con un corte pensado para que consigas el m\u00e1ximo rendimiento en las carreras de larga distancia. <strong>UYN PB42<\/strong> para hombre es la camiseta dedicada al mundo del running que hace de la sencillez su punto fuerte.<\/div>\n<div class=\"product-line\">En las zonas donde se acumula el sudor, el tejido presenta una estructura tridimensional que permite una mayor circulaci\u00f3n del aire, manteniendo el cuerpo fresco y seco. La tecnolog\u00eda <strong>HYPERMOTION<\/strong> en la zona de los hombros y los brazos garantiza una gran libertad de movimiento y permite que el cuerpo mantenga la postura m\u00e1s correcta al correr<\/div>\n<div><\/div>\n<div class=\"product-line\"><strong>Caracter\u00edsticas:<\/strong><\/div>\n<div class=\"product-line\">\n<ul>\n<li class=\"mb-2\">\u00a0El sistema <strong>COOLVENT<\/strong> en la zona del pecho y la espalda garantiza una termorregulaci\u00f3n adecuada y elimina r\u00e1pidamente el sudor.<\/li>\n<li>Camiseta con tecnolog\u00eda <strong>DRYLIGHT<\/strong> para una mayor ventilaci\u00f3n.<\/li>\n<li>Tecnolog\u00eda <strong>HYPERMOTION<\/strong> en hombros y brazos, sin costuras verticales. Reduce los puntos de roce, favorece una buena postura y ofrece libertad de movimiento.<\/li>\n<li>Dise\u00f1o tridimensional del tejido en la zona abdominal y en la parte baja de la espalda que permite la circulaci\u00f3n del aire.<\/li>\n<li>Logotipo UYN reflectante en la espalda para condiciones de poca luz.<\/li>\n<\/ul>\n<h3>Tecnolog\u00edas<\/h3>\n<div id=\"tab-technology\" class=\"tab-pane active\" role=\"tabpanel\">\n<div class=\"tab-custom\">\n<div class=\"tab-items\">\n<div class=\"row\">\n<div class=\"col-xs-12 col-sm-4\">\n<div class=\"tab-item\">\n<div class=\"media media-md\">\n<div class=\"media-left\"><img loading=\"lazy\" decoding=\"async\" class=\"\" src=\"https:\/\/images.prismic.io\/uynsports\/558d27668629dc0d13a92787903add7452ef943d_coolvent.jpg?auto=compress,format\" alt=\"Coolvent\" width=\"88\" height=\"88\" \/><\/div>\n<div class=\"media-body\">\n<div class=\"title\"><strong>Coolvent<\/strong><\/div>\n<p>El concepto Coolvent es sin\u00f3nimo de confort absoluto. Se basa en la estructura abierta del tejido: la superficie interior est\u00e1 atravesada por canales que favorecen un flujo constante de aire. Absorbe r\u00e1pidamente el sudor, refresca el cuerpo durante la actividad f\u00edsica y mantiene la piel siempre seca.<\/p>\n<\/div>\n<\/div>\n<\/div>\n<\/div>\n<div class=\"col-xs-12 col-sm-4\">\n<div class=\"tab-item\">\n<div class=\"media media-md\">\n<div class=\"media-left\"><img loading=\"lazy\" decoding=\"async\" class=\"\" src=\"https:\/\/images.prismic.io\/uynsports\/527a70652da805d4a951d23b1d682161e9f97dcf_drylight.jpg?auto=compress,format\" alt=\"Drylight\" width=\"88\" height=\"88\" \/><\/div>\n<div class=\"media-body\">\n<div class=\"title\"><strong>Drylight<\/strong><\/div>\n<p>La tecnolog\u00eda Drylight de UYN\u00ae proporciona comodidad en todas las partes del cuerpo donde se acumula el sudor. Gracias a un tejido m\u00e1s transpirable y altamente absorbente, la humedad se expulsa r\u00e1pidamente hacia el exterior.<\/p>\n<\/div>\n<\/div>\n<\/div>\n<\/div>\n<div class=\"col-xs-12 col-sm-4\">\n<div class=\"tab-item\">\n<div class=\"media media-md\">\n<div class=\"media-left\"><img loading=\"lazy\" decoding=\"async\" class=\"\" src=\"https:\/\/images.prismic.io\/uynsports\/89800456c6e9adddef3efa4e70bf25dcbd6b6aab_hypermotion2.jpg?auto=compress,format\" alt=\"Hypermotion\u00b2\" width=\"88\" height=\"88\" \/><\/div>\n<div class=\"media-body\">\n<div class=\"title\"><strong>Hypermotion\u00b2<\/strong><\/div>\n<p>Hypermotion\u00b2 ofrece una libertad de movimiento a\u00fan mayor. No hay costuras verticales, ni en los hombros ni en el pecho. Nada que pueda limitar el movimiento de los brazos.<\/p>\n<\/div>\n<\/div>\n<\/div>\n<\/div>\n<div class=\"col-xs-12 col-sm-4\">\n<div class=\"tab-item\">\n<div class=\"media media-md\"><\/div>\n<\/div>\n<\/div>\n<div class=\"col-xs-12 col-sm-4\">\n<div class=\"tab-item\">\n<div class=\"media media-md\">\n<div class=\"media-body\">\n<p>Composici\u00f3n: <span class=\"text-gray-400\">82 % POLIAMIDA <\/span><span class=\"text-gray-400\">11 % POLI\u00c9STER <\/span><span class=\"text-gray-400\">6 % ELASTANO <\/span><span class=\"text-gray-400\">1 % POLIPROPILENO <\/span><\/p>\n<\/div>\n<\/div>\n<\/div>\n<\/div>\n<\/div>\n<\/div>\n<\/div>\n<\/div>\n<\/div>\n<\/div>\n","protected":false},"excerpt":{"rendered":"<p>Dise\u00f1ada para ayudarte a alcanzar tu mejor marca personal. Anat\u00f3mica, transpirable y con un corte pensado para que consigas el m\u00e1ximo rendimiento en las carreras de larga distancia. UYN PB42 para hombre es la camiseta dedicada al mundo del running que hace de la sencillez su punto fuerte. En las zonas donde se acumula el &hellip; <a href=\"https:\/\/www.miomiorun.com\/es\/producto\/uyn-running-pb42-ow-shirt-hombre\/\">Continued<\/a><\/p>\n","protected":false},"featured_media":233920,"template":"","meta":{"_acf_changed":false,"inline_featured_image":false},"product_brand":[],"product_cat":[24455,24463,24459,24464],"product_tag":[23525,23572],"class_list":{"0":"post-281752","1":"product","2":"type-product","3":"status-publish","4":"has-post-thumbnail","6":"product_cat-camiseta-es-2","7":"product_cat-ropa-de-hombre-es","8":"product_cat-ropa-interior-es-2","9":"product_cat-hombre","10":"product_tag-uyn-es","11":"product_tag-uyn-hombre","12":"pa_attivita-running-es","13":"pa_colore-running-pb42-ow-shirt-m-black-beauty-iro-2-es","14":"pa_marca-uyn-es","15":"pa_sesso-hombre","16":"pa_size-small-es","17":"pa_size-large-es","19":"first","20":"instock","21":"sale","22":"taxable","23":"shipping-taxable","24":"purchasable","25":"product-type-variable","26":"wvs-archive-product-wrapper"},"acf":[],"yoast_head":"<!-- This site is optimized with the Yoast SEO plugin v26.8 - https:\/\/yoast.com\/product\/yoast-seo-wordpress\/ -->\n<title>Uyn Running PB42 OW Shirt hombre - Ropa interior t\u00e9rmica - MioMioRun.com<\/title>\n<meta name=\"description\" content=\"La camiseta UYN PB42 para hombre es una prenda dise\u00f1ada para el mundo del running que hace de la sencillez su punto fuerte. El tejido presenta una estructura tridimensional.\" \/>\n<meta name=\"robots\" content=\"index, follow, max-snippet:-1, max-image-preview:large, max-video-preview:-1\" \/>\n<link rel=\"canonical\" href=\"https:\/\/www.miomiorun.com\/es\/producto\/uyn-running-pb42-ow-shirt-hombre\/\" \/>\n<meta property=\"og:locale\" content=\"es_ES\" \/>\n<meta property=\"og:type\" content=\"article\" \/>\n<meta property=\"og:title\" content=\"Uyn Running PB42 OW Shirt hombre - Ropa interior t\u00e9rmica - MioMioRun.com\" \/>\n<meta property=\"og:description\" content=\"La camiseta UYN PB42 para hombre es una prenda dise\u00f1ada para el mundo del running que hace de la sencillez su punto fuerte. El tejido presenta una estructura tridimensional.\" \/>\n<meta property=\"og:url\" content=\"https:\/\/www.miomiorun.com\/es\/producto\/uyn-running-pb42-ow-shirt-hombre\/\" \/>\n<meta property=\"og:site_name\" content=\"MioMioRun\" \/>\n<meta property=\"article:publisher\" content=\"https:\/\/www.facebook.com\/miomiorun\/\" \/>\n<meta property=\"article:modified_time\" content=\"2026-05-05T16:03:03+00:00\" \/>\n<meta property=\"og:image\" content=\"https:\/\/www.miomiorun.com\/app\/uploads\/2021\/10\/uyn-Man-marathon-OW-shirt-O101951-93B754.jpg\" \/>\n\t<meta property=\"og:image:width\" content=\"600\" \/>\n\t<meta property=\"og:image:height\" content=\"600\" \/>\n\t<meta property=\"og:image:type\" content=\"image\/jpeg\" \/>\n<meta name=\"twitter:card\" content=\"summary_large_image\" \/>\n<meta name=\"twitter:label1\" content=\"Est. reading time\" \/>\n\t<meta name=\"twitter:data1\" content=\"2 minutes\" \/>\n<script type=\"application\/ld+json\" class=\"yoast-schema-graph\">{\"@context\":\"https:\/\/schema.org\",\"@graph\":[{\"@type\":\"WebPage\",\"@id\":\"https:\/\/www.miomiorun.com\/es\/producto\/uyn-running-pb42-ow-shirt-hombre\/\",\"url\":\"https:\/\/www.miomiorun.com\/es\/producto\/uyn-running-pb42-ow-shirt-hombre\/\",\"name\":\"Uyn Running PB42 OW Shirt hombre - Ropa interior t\u00e9rmica - MioMioRun.com\",\"isPartOf\":{\"@id\":\"https:\/\/www.miomiorun.com\/es\/#website\"},\"primaryImageOfPage\":{\"@id\":\"https:\/\/www.miomiorun.com\/es\/producto\/uyn-running-pb42-ow-shirt-hombre\/#primaryimage\"},\"image\":{\"@id\":\"https:\/\/www.miomiorun.com\/es\/producto\/uyn-running-pb42-ow-shirt-hombre\/#primaryimage\"},\"thumbnailUrl\":\"https:\/\/www.miomiorun.com\/app\/uploads\/2021\/10\/uyn-Man-marathon-OW-shirt-O101951-93B754.jpg\",\"datePublished\":\"2022-03-25T17:48:07+00:00\",\"dateModified\":\"2026-05-05T16:03:03+00:00\",\"description\":\"La camiseta UYN PB42 para hombre es una prenda dise\u00f1ada para el mundo del running que hace de la sencillez su punto fuerte. El tejido presenta una estructura tridimensional.\",\"breadcrumb\":{\"@id\":\"https:\/\/www.miomiorun.com\/es\/producto\/uyn-running-pb42-ow-shirt-hombre\/#breadcrumb\"},\"inLanguage\":\"es-ES\",\"potentialAction\":[{\"@type\":\"ReadAction\",\"target\":[\"https:\/\/www.miomiorun.com\/es\/producto\/uyn-running-pb42-ow-shirt-hombre\/\"]}]},{\"@type\":\"ImageObject\",\"inLanguage\":\"es-ES\",\"@id\":\"https:\/\/www.miomiorun.com\/es\/producto\/uyn-running-pb42-ow-shirt-hombre\/#primaryimage\",\"url\":\"https:\/\/www.miomiorun.com\/app\/uploads\/2021\/10\/uyn-Man-marathon-OW-shirt-O101951-93B754.jpg\",\"contentUrl\":\"https:\/\/www.miomiorun.com\/app\/uploads\/2021\/10\/uyn-Man-marathon-OW-shirt-O101951-93B754.jpg\",\"width\":600,\"height\":600,\"caption\":\"uyn man marathon ow shirt\"},{\"@type\":\"BreadcrumbList\",\"@id\":\"https:\/\/www.miomiorun.com\/es\/producto\/uyn-running-pb42-ow-shirt-hombre\/#breadcrumb\",\"itemListElement\":[{\"@type\":\"ListItem\",\"position\":1,\"name\":\"Home\",\"item\":\"https:\/\/www.miomiorun.com\/es\/\"},{\"@type\":\"ListItem\",\"position\":2,\"name\":\"Shop\",\"item\":\"https:\/\/www.miomiorun.com\/shop\/\"},{\"@type\":\"ListItem\",\"position\":3,\"name\":\"Running PB42 OW Shirt hombre\"}]},{\"@type\":\"WebSite\",\"@id\":\"https:\/\/www.miomiorun.com\/es\/#website\",\"url\":\"https:\/\/www.miomiorun.com\/es\/\",\"name\":\"MioMioRun\",\"description\":\"Tienda 100% running y trail\",\"publisher\":{\"@id\":\"https:\/\/www.miomiorun.com\/es\/#organization\"},\"potentialAction\":[{\"@type\":\"SearchAction\",\"target\":{\"@type\":\"EntryPoint\",\"urlTemplate\":\"https:\/\/www.miomiorun.com\/es\/?s={search_term_string}\"},\"query-input\":{\"@type\":\"PropertyValueSpecification\",\"valueRequired\":true,\"valueName\":\"search_term_string\"}}],\"inLanguage\":\"es-ES\"},{\"@type\":\"Organization\",\"@id\":\"https:\/\/www.miomiorun.com\/es\/#organization\",\"name\":\"MioMio Run\",\"url\":\"https:\/\/www.miomiorun.com\/es\/\",\"logo\":{\"@type\":\"ImageObject\",\"inLanguage\":\"es-ES\",\"@id\":\"https:\/\/www.miomiorun.com\/es\/#\/schema\/logo\/image\/\",\"url\":\"https:\/\/www.miomiorun.com\/app\/uploads\/2019\/12\/logomio.png\",\"contentUrl\":\"https:\/\/www.miomiorun.com\/app\/uploads\/2019\/12\/logomio.png\",\"width\":115,\"height\":82,\"caption\":\"MioMio Run\"},\"image\":{\"@id\":\"https:\/\/www.miomiorun.com\/es\/#\/schema\/logo\/image\/\"},\"sameAs\":[\"https:\/\/www.facebook.com\/miomiorun\/\",\"https:\/\/www.instagram.com\/miomiorun\/\"]}]}<\/script>\n<!-- \/ Yoast SEO plugin. -->","yoast_head_json":{"title":"Uyn Running PB42 OW Shirt hombre - Ropa interior t\u00e9rmica - MioMioRun.com","description":"La camiseta UYN PB42 para hombre es una prenda dise\u00f1ada para el mundo del running que hace de la sencillez su punto fuerte. El tejido presenta una estructura tridimensional.","robots":{"index":"index","follow":"follow","max-snippet":"max-snippet:-1","max-image-preview":"max-image-preview:large","max-video-preview":"max-video-preview:-1"},"canonical":"https:\/\/www.miomiorun.com\/es\/producto\/uyn-running-pb42-ow-shirt-hombre\/","og_locale":"es_ES","og_type":"article","og_title":"Uyn Running PB42 OW Shirt hombre - Ropa interior t\u00e9rmica - MioMioRun.com","og_description":"La camiseta UYN PB42 para hombre es una prenda dise\u00f1ada para el mundo del running que hace de la sencillez su punto fuerte. El tejido presenta una estructura tridimensional.","og_url":"https:\/\/www.miomiorun.com\/es\/producto\/uyn-running-pb42-ow-shirt-hombre\/","og_site_name":"MioMioRun","article_publisher":"https:\/\/www.facebook.com\/miomiorun\/","article_modified_time":"2026-05-05T16:03:03+00:00","og_image":[{"width":600,"height":600,"url":"https:\/\/www.miomiorun.com\/app\/uploads\/2021\/10\/uyn-Man-marathon-OW-shirt-O101951-93B754.jpg","type":"image\/jpeg"}],"twitter_card":"summary_large_image","twitter_misc":{"Est. reading time":"2 minutes"},"schema":{"@context":"https:\/\/schema.org","@graph":[{"@type":"WebPage","@id":"https:\/\/www.miomiorun.com\/es\/producto\/uyn-running-pb42-ow-shirt-hombre\/","url":"https:\/\/www.miomiorun.com\/es\/producto\/uyn-running-pb42-ow-shirt-hombre\/","name":"Uyn Running PB42 OW Shirt hombre - Ropa interior t\u00e9rmica - MioMioRun.com","isPartOf":{"@id":"https:\/\/www.miomiorun.com\/es\/#website"},"primaryImageOfPage":{"@id":"https:\/\/www.miomiorun.com\/es\/producto\/uyn-running-pb42-ow-shirt-hombre\/#primaryimage"},"image":{"@id":"https:\/\/www.miomiorun.com\/es\/producto\/uyn-running-pb42-ow-shirt-hombre\/#primaryimage"},"thumbnailUrl":"https:\/\/www.miomiorun.com\/app\/uploads\/2021\/10\/uyn-Man-marathon-OW-shirt-O101951-93B754.jpg","datePublished":"2022-03-25T17:48:07+00:00","dateModified":"2026-05-05T16:03:03+00:00","description":"La camiseta UYN PB42 para hombre es una prenda dise\u00f1ada para el mundo del running que hace de la sencillez su punto fuerte. El tejido presenta una estructura tridimensional.","breadcrumb":{"@id":"https:\/\/www.miomiorun.com\/es\/producto\/uyn-running-pb42-ow-shirt-hombre\/#breadcrumb"},"inLanguage":"es-ES","potentialAction":[{"@type":"ReadAction","target":["https:\/\/www.miomiorun.com\/es\/producto\/uyn-running-pb42-ow-shirt-hombre\/"]}]},{"@type":"ImageObject","inLanguage":"es-ES","@id":"https:\/\/www.miomiorun.com\/es\/producto\/uyn-running-pb42-ow-shirt-hombre\/#primaryimage","url":"https:\/\/www.miomiorun.com\/app\/uploads\/2021\/10\/uyn-Man-marathon-OW-shirt-O101951-93B754.jpg","contentUrl":"https:\/\/www.miomiorun.com\/app\/uploads\/2021\/10\/uyn-Man-marathon-OW-shirt-O101951-93B754.jpg","width":600,"height":600,"caption":"uyn man marathon ow shirt"},{"@type":"BreadcrumbList","@id":"https:\/\/www.miomiorun.com\/es\/producto\/uyn-running-pb42-ow-shirt-hombre\/#breadcrumb","itemListElement":[{"@type":"ListItem","position":1,"name":"Home","item":"https:\/\/www.miomiorun.com\/es\/"},{"@type":"ListItem","position":2,"name":"Shop","item":"https:\/\/www.miomiorun.com\/shop\/"},{"@type":"ListItem","position":3,"name":"Running PB42 OW Shirt hombre"}]},{"@type":"WebSite","@id":"https:\/\/www.miomiorun.com\/es\/#website","url":"https:\/\/www.miomiorun.com\/es\/","name":"MioMioRun","description":"Tienda 100% running y trail","publisher":{"@id":"https:\/\/www.miomiorun.com\/es\/#organization"},"potentialAction":[{"@type":"SearchAction","target":{"@type":"EntryPoint","urlTemplate":"https:\/\/www.miomiorun.com\/es\/?s={search_term_string}"},"query-input":{"@type":"PropertyValueSpecification","valueRequired":true,"valueName":"search_term_string"}}],"inLanguage":"es-ES"},{"@type":"Organization","@id":"https:\/\/www.miomiorun.com\/es\/#organization","name":"MioMio Run","url":"https:\/\/www.miomiorun.com\/es\/","logo":{"@type":"ImageObject","inLanguage":"es-ES","@id":"https:\/\/www.miomiorun.com\/es\/#\/schema\/logo\/image\/","url":"https:\/\/www.miomiorun.com\/app\/uploads\/2019\/12\/logomio.png","contentUrl":"https:\/\/www.miomiorun.com\/app\/uploads\/2019\/12\/logomio.png","width":115,"height":82,"caption":"MioMio Run"},"image":{"@id":"https:\/\/www.miomiorun.com\/es\/#\/schema\/logo\/image\/"},"sameAs":["https:\/\/www.facebook.com\/miomiorun\/","https:\/\/www.instagram.com\/miomiorun\/"]}]}},"_links":{"self":[{"href":"https:\/\/www.miomiorun.com\/es\/wp-json\/wp\/v2\/product\/281752","targetHints":{"allow":["GET"]}}],"collection":[{"href":"https:\/\/www.miomiorun.com\/es\/wp-json\/wp\/v2\/product"}],"about":[{"href":"https:\/\/www.miomiorun.com\/es\/wp-json\/wp\/v2\/types\/product"}],"wp:featuredmedia":[{"embeddable":true,"href":"https:\/\/www.miomiorun.com\/es\/wp-json\/wp\/v2\/media\/233920"}],"wp:attachment":[{"href":"https:\/\/www.miomiorun.com\/es\/wp-json\/wp\/v2\/media?parent=281752"}],"wp:term":[{"taxonomy":"product_brand","embeddable":true,"href":"https:\/\/www.miomiorun.com\/es\/wp-json\/wp\/v2\/product_brand?post=281752"},{"taxonomy":"product_cat","embeddable":true,"href":"https:\/\/www.miomiorun.com\/es\/wp-json\/wp\/v2\/product_cat?post=281752"},{"taxonomy":"product_tag","embeddable":true,"href":"https:\/\/www.miomiorun.com\/es\/wp-json\/wp\/v2\/product_tag?post=281752"}],"curies":[{"name":"wp","href":"https:\/\/api.w.org\/{rel}","templated":true}]}}