{"id":281656,"date":"2022-03-29T16:39:51","date_gmt":"2022-03-29T14:39:51","guid":{"rendered":"https:\/\/miomiorun.com\/prodotto\/craft-adv-essence-sl-tee-uomo\/"},"modified":"2026-05-05T18:15:33","modified_gmt":"2026-05-05T16:15:33","slug":"craft-adv-essence-sl-tee-hombre","status":"publish","type":"product","link":"https:\/\/www.miomiorun.com\/es\/producto\/craft-adv-essence-sl-tee-hombre\/","title":{"rendered":"ADV Essence Sl Tee hombre"},"content":{"rendered":"<p><strong>ADV Essence SL Tee<\/strong> para hombre es una camiseta sin mangas suave y funcional, confeccionada en poli\u00e9ster reciclado con una excelente capacidad de evacuaci\u00f3n de la humedad, ideal para el entrenamiento diario. Adem\u00e1s, esta camiseta de entrenamiento avanzada cuenta con un dise\u00f1o ergon\u00f3mico que garantiza un ajuste \u00f3ptimo, libertad de movimiento y comodidad.<\/p>\n<p><strong>Caracter\u00edsticas:<\/strong><\/p>\n<ul>\n<li>Poli\u00e9ster reciclado.<\/li>\n<li>Detalles de malla para una mayor ventilaci\u00f3n.<\/li>\n<li>Bolsillo oculto con cremallera en el lado derecho.<\/li>\n<li>Corte regular.<\/li>\n<\/ul>\n<p><img loading=\"lazy\" decoding=\"async\" class=\"css-1w257c5\" title=\"MoistureTransport\" src=\"https:\/\/www.craftsportswear.com\/static\/media\/moisture_transport.27f437d8.svg?q=70&amp;fit=clip&amp;w=72&amp;fm=jpg&amp;auto=format\" alt=\"MoistureTransport\" width=\"87\" height=\"87\" \/><\/p>\n<p>Transporte de humedad.<\/p>\n<p><img loading=\"lazy\" decoding=\"async\" class=\"css-1w257c5\" title=\"Stretch\" src=\"https:\/\/www.craftsportswear.com\/static\/media\/stretch.b10adc40.svg?q=70&amp;fit=clip&amp;w=72&amp;fm=jpg&amp;auto=format\" alt=\"Stretch\" width=\"85\" height=\"85\" \/><\/p>\n<p>Tejido el\u00e1stico.<\/p>\n<p>Material: Cuerpo: 95 % poli\u00e9ster reciclado, 5 % elastano. Parte superior de la espalda: 100 % poli\u00e9ster reciclado.<\/p>\n","protected":false},"excerpt":{"rendered":"<p>ADV Essence SL Tee para hombre es una camiseta sin mangas suave y funcional, confeccionada en poli\u00e9ster reciclado con una excelente capacidad de evacuaci\u00f3n de la humedad, ideal para el entrenamiento diario. Adem\u00e1s, esta camiseta de entrenamiento avanzada cuenta con un dise\u00f1o ergon\u00f3mico que garantiza un ajuste \u00f3ptimo, libertad de movimiento y comodidad. Caracter\u00edsticas: Poli\u00e9ster &hellip; <a href=\"https:\/\/www.miomiorun.com\/es\/producto\/craft-adv-essence-sl-tee-hombre\/\">Continued<\/a><\/p>\n","protected":false},"featured_media":235818,"template":"","meta":{"_acf_changed":false,"inline_featured_image":false},"product_brand":[],"product_cat":[24461,24463],"product_tag":[23553,23663],"class_list":{"0":"post-281656","1":"product","2":"type-product","3":"status-publish","4":"has-post-thumbnail","6":"product_cat-chalecos-es-2","7":"product_cat-ropa-de-hombre-es","8":"product_tag-craft-es","9":"product_tag-craft-hombre","10":"pa_attivita-caminar","11":"pa_attivita-running-es","12":"pa_colore-adv-essence-sl-tee-asphalt-es","13":"pa_colore-adv-essence-sl-tee-m-black-es","14":"pa_colore-adv-essence-sl-tee-m-flumino-es","15":"pa_colore-adv-essence-sl-tee-m-rift-es","16":"pa_colore-adv-essence-sl-tee-m-sour-es","17":"pa_marca-craft-es","18":"pa_sesso-hombre","19":"pa_size-medium-es","20":"pa_size-large-es","21":"pa_size-extra-large-es","23":"first","24":"instock","25":"sale","26":"taxable","27":"shipping-taxable","28":"purchasable","29":"product-type-variable","30":"wvs-archive-product-wrapper"},"acf":[],"yoast_head":"<!-- This site is optimized with the Yoast SEO plugin v26.8 - https:\/\/yoast.com\/product\/yoast-seo-wordpress\/ -->\n<title>Craft ADV Essence Sl Tee hombre -camisetas sin mangas para correr- MioMioRun.com<\/title>\n<meta name=\"description\" content=\"La camiseta sin mangas ADV Essence SL para hombre es una prenda suave y funcional confeccionada en poli\u00e9ster reciclado que ofrece una excelente transpirabilidad.\" \/>\n<meta name=\"robots\" content=\"index, follow, max-snippet:-1, max-image-preview:large, max-video-preview:-1\" \/>\n<link rel=\"canonical\" href=\"https:\/\/www.miomiorun.com\/es\/producto\/craft-adv-essence-sl-tee-hombre\/\" \/>\n<meta property=\"og:locale\" content=\"es_ES\" \/>\n<meta property=\"og:type\" content=\"article\" \/>\n<meta property=\"og:title\" content=\"Craft ADV Essence Sl Tee hombre -camisetas sin mangas para correr- MioMioRun.com\" \/>\n<meta property=\"og:description\" content=\"La camiseta sin mangas ADV Essence SL para hombre es una prenda suave y funcional confeccionada en poli\u00e9ster reciclado que ofrece una excelente transpirabilidad.\" \/>\n<meta property=\"og:url\" content=\"https:\/\/www.miomiorun.com\/es\/producto\/craft-adv-essence-sl-tee-hombre\/\" \/>\n<meta property=\"og:site_name\" content=\"MioMioRun\" \/>\n<meta property=\"article:publisher\" content=\"https:\/\/www.facebook.com\/miomiorun\/\" \/>\n<meta property=\"article:modified_time\" content=\"2026-05-05T16:15:33+00:00\" \/>\n<meta property=\"og:image\" content=\"https:\/\/www.miomiorun.com\/app\/uploads\/2022\/03\/craft-adv-essence-sl-tee-asphalt-1908752-995000.jpg\" \/>\n\t<meta property=\"og:image:width\" content=\"600\" \/>\n\t<meta property=\"og:image:height\" content=\"600\" \/>\n\t<meta property=\"og:image:type\" content=\"image\/jpeg\" \/>\n<meta name=\"twitter:card\" content=\"summary_large_image\" \/>\n<meta name=\"twitter:label1\" content=\"Est. reading time\" \/>\n\t<meta name=\"twitter:data1\" content=\"1 minute\" \/>\n<script type=\"application\/ld+json\" class=\"yoast-schema-graph\">{\"@context\":\"https:\/\/schema.org\",\"@graph\":[{\"@type\":\"WebPage\",\"@id\":\"https:\/\/www.miomiorun.com\/es\/producto\/craft-adv-essence-sl-tee-hombre\/\",\"url\":\"https:\/\/www.miomiorun.com\/es\/producto\/craft-adv-essence-sl-tee-hombre\/\",\"name\":\"Craft ADV Essence Sl Tee hombre -camisetas sin mangas para correr- MioMioRun.com\",\"isPartOf\":{\"@id\":\"https:\/\/www.miomiorun.com\/es\/#website\"},\"primaryImageOfPage\":{\"@id\":\"https:\/\/www.miomiorun.com\/es\/producto\/craft-adv-essence-sl-tee-hombre\/#primaryimage\"},\"image\":{\"@id\":\"https:\/\/www.miomiorun.com\/es\/producto\/craft-adv-essence-sl-tee-hombre\/#primaryimage\"},\"thumbnailUrl\":\"https:\/\/www.miomiorun.com\/app\/uploads\/2022\/03\/craft-adv-essence-sl-tee-asphalt-1908752-995000.jpg\",\"datePublished\":\"2022-03-29T14:39:51+00:00\",\"dateModified\":\"2026-05-05T16:15:33+00:00\",\"description\":\"La camiseta sin mangas ADV Essence SL para hombre es una prenda suave y funcional confeccionada en poli\u00e9ster reciclado que ofrece una excelente transpirabilidad.\",\"breadcrumb\":{\"@id\":\"https:\/\/www.miomiorun.com\/es\/producto\/craft-adv-essence-sl-tee-hombre\/#breadcrumb\"},\"inLanguage\":\"es-ES\",\"potentialAction\":[{\"@type\":\"ReadAction\",\"target\":[\"https:\/\/www.miomiorun.com\/es\/producto\/craft-adv-essence-sl-tee-hombre\/\"]}]},{\"@type\":\"ImageObject\",\"inLanguage\":\"es-ES\",\"@id\":\"https:\/\/www.miomiorun.com\/es\/producto\/craft-adv-essence-sl-tee-hombre\/#primaryimage\",\"url\":\"https:\/\/www.miomiorun.com\/app\/uploads\/2022\/03\/craft-adv-essence-sl-tee-asphalt-1908752-995000.jpg\",\"contentUrl\":\"https:\/\/www.miomiorun.com\/app\/uploads\/2022\/03\/craft-adv-essence-sl-tee-asphalt-1908752-995000.jpg\",\"width\":600,\"height\":600,\"caption\":\"craft-adv-essence-sl-tee-asphalt-1908752-995000\"},{\"@type\":\"BreadcrumbList\",\"@id\":\"https:\/\/www.miomiorun.com\/es\/producto\/craft-adv-essence-sl-tee-hombre\/#breadcrumb\",\"itemListElement\":[{\"@type\":\"ListItem\",\"position\":1,\"name\":\"Home\",\"item\":\"https:\/\/www.miomiorun.com\/es\/\"},{\"@type\":\"ListItem\",\"position\":2,\"name\":\"Shop\",\"item\":\"https:\/\/www.miomiorun.com\/shop\/\"},{\"@type\":\"ListItem\",\"position\":3,\"name\":\"ADV Essence Sl Tee hombre\"}]},{\"@type\":\"WebSite\",\"@id\":\"https:\/\/www.miomiorun.com\/es\/#website\",\"url\":\"https:\/\/www.miomiorun.com\/es\/\",\"name\":\"MioMioRun\",\"description\":\"Tienda 100% running y trail\",\"publisher\":{\"@id\":\"https:\/\/www.miomiorun.com\/es\/#organization\"},\"potentialAction\":[{\"@type\":\"SearchAction\",\"target\":{\"@type\":\"EntryPoint\",\"urlTemplate\":\"https:\/\/www.miomiorun.com\/es\/?s={search_term_string}\"},\"query-input\":{\"@type\":\"PropertyValueSpecification\",\"valueRequired\":true,\"valueName\":\"search_term_string\"}}],\"inLanguage\":\"es-ES\"},{\"@type\":\"Organization\",\"@id\":\"https:\/\/www.miomiorun.com\/es\/#organization\",\"name\":\"MioMio Run\",\"url\":\"https:\/\/www.miomiorun.com\/es\/\",\"logo\":{\"@type\":\"ImageObject\",\"inLanguage\":\"es-ES\",\"@id\":\"https:\/\/www.miomiorun.com\/es\/#\/schema\/logo\/image\/\",\"url\":\"https:\/\/www.miomiorun.com\/app\/uploads\/2019\/12\/logomio.png\",\"contentUrl\":\"https:\/\/www.miomiorun.com\/app\/uploads\/2019\/12\/logomio.png\",\"width\":115,\"height\":82,\"caption\":\"MioMio Run\"},\"image\":{\"@id\":\"https:\/\/www.miomiorun.com\/es\/#\/schema\/logo\/image\/\"},\"sameAs\":[\"https:\/\/www.facebook.com\/miomiorun\/\",\"https:\/\/www.instagram.com\/miomiorun\/\"]}]}<\/script>\n<!-- \/ Yoast SEO plugin. -->","yoast_head_json":{"title":"Craft ADV Essence Sl Tee hombre -camisetas sin mangas para correr- MioMioRun.com","description":"La camiseta sin mangas ADV Essence SL para hombre es una prenda suave y funcional confeccionada en poli\u00e9ster reciclado que ofrece una excelente transpirabilidad.","robots":{"index":"index","follow":"follow","max-snippet":"max-snippet:-1","max-image-preview":"max-image-preview:large","max-video-preview":"max-video-preview:-1"},"canonical":"https:\/\/www.miomiorun.com\/es\/producto\/craft-adv-essence-sl-tee-hombre\/","og_locale":"es_ES","og_type":"article","og_title":"Craft ADV Essence Sl Tee hombre -camisetas sin mangas para correr- MioMioRun.com","og_description":"La camiseta sin mangas ADV Essence SL para hombre es una prenda suave y funcional confeccionada en poli\u00e9ster reciclado que ofrece una excelente transpirabilidad.","og_url":"https:\/\/www.miomiorun.com\/es\/producto\/craft-adv-essence-sl-tee-hombre\/","og_site_name":"MioMioRun","article_publisher":"https:\/\/www.facebook.com\/miomiorun\/","article_modified_time":"2026-05-05T16:15:33+00:00","og_image":[{"width":600,"height":600,"url":"https:\/\/www.miomiorun.com\/app\/uploads\/2022\/03\/craft-adv-essence-sl-tee-asphalt-1908752-995000.jpg","type":"image\/jpeg"}],"twitter_card":"summary_large_image","twitter_misc":{"Est. reading time":"1 minute"},"schema":{"@context":"https:\/\/schema.org","@graph":[{"@type":"WebPage","@id":"https:\/\/www.miomiorun.com\/es\/producto\/craft-adv-essence-sl-tee-hombre\/","url":"https:\/\/www.miomiorun.com\/es\/producto\/craft-adv-essence-sl-tee-hombre\/","name":"Craft ADV Essence Sl Tee hombre -camisetas sin mangas para correr- MioMioRun.com","isPartOf":{"@id":"https:\/\/www.miomiorun.com\/es\/#website"},"primaryImageOfPage":{"@id":"https:\/\/www.miomiorun.com\/es\/producto\/craft-adv-essence-sl-tee-hombre\/#primaryimage"},"image":{"@id":"https:\/\/www.miomiorun.com\/es\/producto\/craft-adv-essence-sl-tee-hombre\/#primaryimage"},"thumbnailUrl":"https:\/\/www.miomiorun.com\/app\/uploads\/2022\/03\/craft-adv-essence-sl-tee-asphalt-1908752-995000.jpg","datePublished":"2022-03-29T14:39:51+00:00","dateModified":"2026-05-05T16:15:33+00:00","description":"La camiseta sin mangas ADV Essence SL para hombre es una prenda suave y funcional confeccionada en poli\u00e9ster reciclado que ofrece una excelente transpirabilidad.","breadcrumb":{"@id":"https:\/\/www.miomiorun.com\/es\/producto\/craft-adv-essence-sl-tee-hombre\/#breadcrumb"},"inLanguage":"es-ES","potentialAction":[{"@type":"ReadAction","target":["https:\/\/www.miomiorun.com\/es\/producto\/craft-adv-essence-sl-tee-hombre\/"]}]},{"@type":"ImageObject","inLanguage":"es-ES","@id":"https:\/\/www.miomiorun.com\/es\/producto\/craft-adv-essence-sl-tee-hombre\/#primaryimage","url":"https:\/\/www.miomiorun.com\/app\/uploads\/2022\/03\/craft-adv-essence-sl-tee-asphalt-1908752-995000.jpg","contentUrl":"https:\/\/www.miomiorun.com\/app\/uploads\/2022\/03\/craft-adv-essence-sl-tee-asphalt-1908752-995000.jpg","width":600,"height":600,"caption":"craft-adv-essence-sl-tee-asphalt-1908752-995000"},{"@type":"BreadcrumbList","@id":"https:\/\/www.miomiorun.com\/es\/producto\/craft-adv-essence-sl-tee-hombre\/#breadcrumb","itemListElement":[{"@type":"ListItem","position":1,"name":"Home","item":"https:\/\/www.miomiorun.com\/es\/"},{"@type":"ListItem","position":2,"name":"Shop","item":"https:\/\/www.miomiorun.com\/shop\/"},{"@type":"ListItem","position":3,"name":"ADV Essence Sl Tee hombre"}]},{"@type":"WebSite","@id":"https:\/\/www.miomiorun.com\/es\/#website","url":"https:\/\/www.miomiorun.com\/es\/","name":"MioMioRun","description":"Tienda 100% running y trail","publisher":{"@id":"https:\/\/www.miomiorun.com\/es\/#organization"},"potentialAction":[{"@type":"SearchAction","target":{"@type":"EntryPoint","urlTemplate":"https:\/\/www.miomiorun.com\/es\/?s={search_term_string}"},"query-input":{"@type":"PropertyValueSpecification","valueRequired":true,"valueName":"search_term_string"}}],"inLanguage":"es-ES"},{"@type":"Organization","@id":"https:\/\/www.miomiorun.com\/es\/#organization","name":"MioMio Run","url":"https:\/\/www.miomiorun.com\/es\/","logo":{"@type":"ImageObject","inLanguage":"es-ES","@id":"https:\/\/www.miomiorun.com\/es\/#\/schema\/logo\/image\/","url":"https:\/\/www.miomiorun.com\/app\/uploads\/2019\/12\/logomio.png","contentUrl":"https:\/\/www.miomiorun.com\/app\/uploads\/2019\/12\/logomio.png","width":115,"height":82,"caption":"MioMio Run"},"image":{"@id":"https:\/\/www.miomiorun.com\/es\/#\/schema\/logo\/image\/"},"sameAs":["https:\/\/www.facebook.com\/miomiorun\/","https:\/\/www.instagram.com\/miomiorun\/"]}]}},"_links":{"self":[{"href":"https:\/\/www.miomiorun.com\/es\/wp-json\/wp\/v2\/product\/281656","targetHints":{"allow":["GET"]}}],"collection":[{"href":"https:\/\/www.miomiorun.com\/es\/wp-json\/wp\/v2\/product"}],"about":[{"href":"https:\/\/www.miomiorun.com\/es\/wp-json\/wp\/v2\/types\/product"}],"wp:featuredmedia":[{"embeddable":true,"href":"https:\/\/www.miomiorun.com\/es\/wp-json\/wp\/v2\/media\/235818"}],"wp:attachment":[{"href":"https:\/\/www.miomiorun.com\/es\/wp-json\/wp\/v2\/media?parent=281656"}],"wp:term":[{"taxonomy":"product_brand","embeddable":true,"href":"https:\/\/www.miomiorun.com\/es\/wp-json\/wp\/v2\/product_brand?post=281656"},{"taxonomy":"product_cat","embeddable":true,"href":"https:\/\/www.miomiorun.com\/es\/wp-json\/wp\/v2\/product_cat?post=281656"},{"taxonomy":"product_tag","embeddable":true,"href":"https:\/\/www.miomiorun.com\/es\/wp-json\/wp\/v2\/product_tag?post=281656"}],"curies":[{"name":"wp","href":"https:\/\/api.w.org\/{rel}","templated":true}]}}