{"id":281643,"date":"2022-03-29T16:22:16","date_gmt":"2022-03-29T14:22:16","guid":{"rendered":"https:\/\/miomiorun.com\/prodotto\/compressport-performance-ss-t-shirt-donna\/"},"modified":"2026-05-05T18:08:06","modified_gmt":"2026-05-05T16:08:06","slug":"compressport-performance-ss-t-shirt-mujer","status":"publish","type":"product","link":"https:\/\/www.miomiorun.com\/es\/producto\/compressport-performance-ss-t-shirt-mujer\/","title":{"rendered":"Performance SS T-Shirt mujer"},"content":{"rendered":"<div class=\"vc-row container\"><div class=\"vc-column\"><div class=\"vc-column-text\">La <strong>Performance SS T-Shirt<\/strong> de Compressport para mujer es una camiseta de running ligera y de alto rendimiento que ofrece un dise\u00f1o ultrasuave y sin costuras, con paneles de ventilaci\u00f3n integrados y un corte femenino.<\/p>\n<p>Esta es una l\u00ednea dise\u00f1ada por mujeres que se han inspirado en otras mujeres, atletas profesionales.<\/p>\n<p>No se deja nada al azar en el camino hacia el \u00e9xito y no hay motivo para conformarse con una prenda deportiva inadecuada. Dise\u00f1ada espec\u00edficamente para ofrecer una comodidad y una suavidad extremas, la camiseta de manga corta <strong>Performance SS Tshirt<\/strong> es tan ligera que apenas notar\u00e1s que la llevas puesta. El tejido de <strong>microfibra<\/strong> y el dise\u00f1o sin costuras han demostrado que no causan rozaduras ni irritaciones. El material tambi\u00e9n permite controlar los olores indeseados derivados de la pr\u00e1ctica deportiva: \u00a1una ventaja adicional!<\/p>\n<p>Las l\u00edneas de <strong>ventilaci\u00f3n<\/strong> de tejido fino est\u00e1n integradas en la parte delantera y entre los om\u00f3platos para una ventilaci\u00f3n \u00f3ptima, lo que significa que el sudor y la humedad se eliminan r\u00e1pidamente. El corte <strong>regular<\/strong> ofrece un ajuste ce\u00f1ido pero en absoluto opresivo, que no se queda peque\u00f1o ni molesta a medida que aumenta la intensidad.<\/p>\n<p>La cintura est\u00e1 ligeramente ajustada para adaptarse a las curvas del cuerpo, mientras que el cuello en V poco pronunciado resulta plano y c\u00f3modo sobre la piel. Las mangas cortas no solo aportan un toque femenino, sino que tambi\u00e9n dejan al descubierto los hombros, lo que permite una gran libertad de movimientos. Las costuras suaves y planas en la zona de las axilas evitan las irritaciones.<\/p>\n<p>El estampado de rayas asim\u00e9tricas en la manga y la cadera le da un aire decididamente deportivo.<\/p>\n<p><strong>Caracter\u00edsticas:<\/strong><\/p>\n<ul>\n<li>Camiseta de running de alto rendimiento, dise\u00f1ada por mujeres para mujeres.<\/li>\n<li>Muy ligera y sin costuras.<\/li>\n<li>Tejido de microfibra que evita el roce y la irritaci\u00f3n.<\/li>\n<li>Canales de ventilaci\u00f3n integrados en varios puntos.<\/li>\n<li>Corte regular.<\/li>\n<li>Cuello en V.<\/li>\n<\/ul>\n<div class=\"key_benefit_content\">Corte dise\u00f1ado para mujeres, ergon\u00f3mico, con cintura ajustada y mangas cortas para una comodidad m\u00e1xima y un toque de estilo.<\/div>\n<div class=\"key_benefit_content\"><strong>Termorregulaci\u00f3n<\/strong> de alto rendimiento gracias a un tejido de microfibra altamente funcional que elimina r\u00e1pidamente el sudor y la humedad.<\/div>\n<div class=\"key_benefit_content\">Muy vers\u00e1til para un uso intensivo en m\u00faltiples deportes, ofrece un rendimiento excelente con un dise\u00f1o elegante.<\/div>\n<p>Peso: 49 g.<\/p>\n<p>Composici\u00f3n: 92 % poli\u00e9ster, 8 % elastano<\/p>\n<div id=\"techno_322\" class=\"col-lg-4 col-12 collapse show\" data-parent=\"#feat_table_10\" data-bck-image=\"https:\/\/www.compressport.com\/it\/img\/feature_values\/2_322.png\">\n<div class=\"col-lg-8\">\n<section id=\"content\" class=\"page-content--product\">\n<div class=\"images-container\">\n<div class=\"js-qv-mask mask1\">\n<p>&nbsp;<\/p>\n<\/div>\n<\/div>\n<\/section>\n<\/div>\n<div class=\"product-variants\">\n<div class=\"form-group product-variants-item\">\n<p>&nbsp;<\/p>\n<\/div>\n<\/div>\n<div class=\"product-add-to-cart\">\n<div class=\"product-quantity row align-items-center no-gutters mb-3 p-0 col-md-12\">\n<div class=\"add col mt-2\" data-product-attribute=\"2815\"><\/div>\n<\/div>\n<\/div>\n<div class=\"product-actions pb-4\">\n<div class=\"product-add-to-cart\">\n<p class=\"product-minimal-quantity\">\n<\/div>\n<\/div>\n<div id=\"collapseTwo\" class=\"collapse show\" aria-labelledby=\"headingTwo\" data-parent=\"#accordion\">\n<div class=\"card-body\"><\/div>\n<\/div>\n<p>&nbsp;<\/p>\n<\/div>\n<p><\/div><\/div><div class=\"vc-column\"><div class=\"vc-column-text\"><\/p>\n<p><div style=\"width: 1024px;\" class=\"wp-video\"><video class=\"wp-video-shortcode\" id=\"video-281643-1\" width=\"1024\" height=\"576\" loop autoplay preload=\"metadata\" controls=\"controls\"><source type=\"video\/mp4\" src=\"https:\/\/miomiorun.com\/wp-content\/uploads\/2022\/03\/compressport-performance-ss-t-shirt-AW00094B.mp4?_=1\" \/><a href=\"https:\/\/miomiorun.com\/wp-content\/uploads\/2022\/03\/compressport-performance-ss-t-shirt-AW00094B.mp4\">https:\/\/miomiorun.com\/wp-content\/uploads\/2022\/03\/compressport-performance-ss-t-shirt-AW00094B.mp4<\/a><\/video><\/div><\/p>\n<p><\/div><\/div><\/div>\n","protected":false},"excerpt":{"rendered":"","protected":false},"featured_media":235929,"template":"","meta":{"_acf_changed":false,"inline_featured_image":false},"product_brand":[],"product_cat":[24226,24401],"product_tag":[23471,23658],"class_list":{"0":"post-281643","1":"product","2":"type-product","3":"status-publish","4":"has-post-thumbnail","6":"product_cat-camiseta","7":"product_cat-ropa-de-mujer","8":"product_tag-compressport-es","9":"product_tag-compressport-mujer","10":"pa_attivita-running-es","11":"pa_attivita-trail-es","12":"pa_colore-performance-ss-t-shirt-w-orchid-petal-purple-es","13":"pa_marca-compressport-es","14":"pa_sesso-mujer","15":"pa_size-small-es","17":"first","18":"instock","19":"sale","20":"taxable","21":"shipping-taxable","22":"purchasable","23":"product-type-variable","24":"wvs-archive-product-wrapper"},"acf":[],"yoast_head":"<!-- This site is optimized with the Yoast SEO plugin v26.8 - https:\/\/yoast.com\/product\/yoast-seo-wordpress\/ -->\n<title>Compressport Performance SS T-Shirt mujer - correr - MioMioRun.com<\/title>\n<meta name=\"description\" content=\"La camiseta Performance SS de Compressport para mujer es una camiseta de running ligera y de alto rendimiento con un dise\u00f1o ultrasuave.\" \/>\n<meta name=\"robots\" content=\"index, follow, max-snippet:-1, max-image-preview:large, max-video-preview:-1\" \/>\n<link rel=\"canonical\" href=\"https:\/\/www.miomiorun.com\/es\/producto\/compressport-performance-ss-t-shirt-mujer\/\" \/>\n<meta property=\"og:locale\" content=\"es_ES\" \/>\n<meta property=\"og:type\" content=\"article\" \/>\n<meta property=\"og:title\" content=\"Compressport Performance SS T-Shirt mujer - correr - MioMioRun.com\" \/>\n<meta property=\"og:description\" content=\"La camiseta Performance SS de Compressport para mujer es una camiseta de running ligera y de alto rendimiento con un dise\u00f1o ultrasuave.\" \/>\n<meta property=\"og:url\" content=\"https:\/\/www.miomiorun.com\/es\/producto\/compressport-performance-ss-t-shirt-mujer\/\" \/>\n<meta property=\"og:site_name\" content=\"MioMioRun\" \/>\n<meta property=\"article:publisher\" content=\"https:\/\/www.facebook.com\/miomiorun\/\" \/>\n<meta property=\"article:modified_time\" content=\"2026-05-05T16:08:06+00:00\" \/>\n<meta property=\"og:image\" content=\"https:\/\/www.miomiorun.com\/app\/uploads\/2022\/04\/compressport-performance-ss-t-shirt-W-orchid-petal-purple-AW00094B-Orcpur.jpg\" \/>\n\t<meta property=\"og:image:width\" content=\"600\" \/>\n\t<meta property=\"og:image:height\" content=\"600\" \/>\n\t<meta property=\"og:image:type\" content=\"image\/jpeg\" \/>\n<meta name=\"twitter:card\" content=\"summary_large_image\" \/>\n<meta name=\"twitter:label1\" content=\"Est. reading time\" \/>\n\t<meta name=\"twitter:data1\" content=\"2 minutes\" \/>\n<script type=\"application\/ld+json\" class=\"yoast-schema-graph\">{\"@context\":\"https:\/\/schema.org\",\"@graph\":[{\"@type\":\"WebPage\",\"@id\":\"https:\/\/www.miomiorun.com\/es\/producto\/compressport-performance-ss-t-shirt-mujer\/\",\"url\":\"https:\/\/www.miomiorun.com\/es\/producto\/compressport-performance-ss-t-shirt-mujer\/\",\"name\":\"Compressport Performance SS T-Shirt mujer - correr - MioMioRun.com\",\"isPartOf\":{\"@id\":\"https:\/\/www.miomiorun.com\/es\/#website\"},\"primaryImageOfPage\":{\"@id\":\"https:\/\/www.miomiorun.com\/es\/producto\/compressport-performance-ss-t-shirt-mujer\/#primaryimage\"},\"image\":{\"@id\":\"https:\/\/www.miomiorun.com\/es\/producto\/compressport-performance-ss-t-shirt-mujer\/#primaryimage\"},\"thumbnailUrl\":\"https:\/\/www.miomiorun.com\/app\/uploads\/2022\/04\/compressport-performance-ss-t-shirt-W-orchid-petal-purple-AW00094B-Orcpur.jpg\",\"datePublished\":\"2022-03-29T14:22:16+00:00\",\"dateModified\":\"2026-05-05T16:08:06+00:00\",\"description\":\"La camiseta Performance SS de Compressport para mujer es una camiseta de running ligera y de alto rendimiento con un dise\u00f1o ultrasuave.\",\"breadcrumb\":{\"@id\":\"https:\/\/www.miomiorun.com\/es\/producto\/compressport-performance-ss-t-shirt-mujer\/#breadcrumb\"},\"inLanguage\":\"es-ES\",\"potentialAction\":[{\"@type\":\"ReadAction\",\"target\":[\"https:\/\/www.miomiorun.com\/es\/producto\/compressport-performance-ss-t-shirt-mujer\/\"]}]},{\"@type\":\"ImageObject\",\"inLanguage\":\"es-ES\",\"@id\":\"https:\/\/www.miomiorun.com\/es\/producto\/compressport-performance-ss-t-shirt-mujer\/#primaryimage\",\"url\":\"https:\/\/www.miomiorun.com\/app\/uploads\/2022\/04\/compressport-performance-ss-t-shirt-W-orchid-petal-purple-AW00094B-Orcpur.jpg\",\"contentUrl\":\"https:\/\/www.miomiorun.com\/app\/uploads\/2022\/04\/compressport-performance-ss-t-shirt-W-orchid-petal-purple-AW00094B-Orcpur.jpg\",\"width\":600,\"height\":600,\"caption\":\"compressport-performance-ss-t-shirt-W-orchid-petal-purple-AW00094B-Orcpur\"},{\"@type\":\"BreadcrumbList\",\"@id\":\"https:\/\/www.miomiorun.com\/es\/producto\/compressport-performance-ss-t-shirt-mujer\/#breadcrumb\",\"itemListElement\":[{\"@type\":\"ListItem\",\"position\":1,\"name\":\"Home\",\"item\":\"https:\/\/www.miomiorun.com\/es\/\"},{\"@type\":\"ListItem\",\"position\":2,\"name\":\"Shop\",\"item\":\"https:\/\/www.miomiorun.com\/shop\/\"},{\"@type\":\"ListItem\",\"position\":3,\"name\":\"Performance SS T-Shirt mujer\"}]},{\"@type\":\"WebSite\",\"@id\":\"https:\/\/www.miomiorun.com\/es\/#website\",\"url\":\"https:\/\/www.miomiorun.com\/es\/\",\"name\":\"MioMioRun\",\"description\":\"Tienda 100% running y trail\",\"publisher\":{\"@id\":\"https:\/\/www.miomiorun.com\/es\/#organization\"},\"potentialAction\":[{\"@type\":\"SearchAction\",\"target\":{\"@type\":\"EntryPoint\",\"urlTemplate\":\"https:\/\/www.miomiorun.com\/es\/?s={search_term_string}\"},\"query-input\":{\"@type\":\"PropertyValueSpecification\",\"valueRequired\":true,\"valueName\":\"search_term_string\"}}],\"inLanguage\":\"es-ES\"},{\"@type\":\"Organization\",\"@id\":\"https:\/\/www.miomiorun.com\/es\/#organization\",\"name\":\"MioMio Run\",\"url\":\"https:\/\/www.miomiorun.com\/es\/\",\"logo\":{\"@type\":\"ImageObject\",\"inLanguage\":\"es-ES\",\"@id\":\"https:\/\/www.miomiorun.com\/es\/#\/schema\/logo\/image\/\",\"url\":\"https:\/\/www.miomiorun.com\/app\/uploads\/2019\/12\/logomio.png\",\"contentUrl\":\"https:\/\/www.miomiorun.com\/app\/uploads\/2019\/12\/logomio.png\",\"width\":115,\"height\":82,\"caption\":\"MioMio Run\"},\"image\":{\"@id\":\"https:\/\/www.miomiorun.com\/es\/#\/schema\/logo\/image\/\"},\"sameAs\":[\"https:\/\/www.facebook.com\/miomiorun\/\",\"https:\/\/www.instagram.com\/miomiorun\/\"]}]}<\/script>\n<!-- \/ Yoast SEO plugin. -->","yoast_head_json":{"title":"Compressport Performance SS T-Shirt mujer - correr - MioMioRun.com","description":"La camiseta Performance SS de Compressport para mujer es una camiseta de running ligera y de alto rendimiento con un dise\u00f1o ultrasuave.","robots":{"index":"index","follow":"follow","max-snippet":"max-snippet:-1","max-image-preview":"max-image-preview:large","max-video-preview":"max-video-preview:-1"},"canonical":"https:\/\/www.miomiorun.com\/es\/producto\/compressport-performance-ss-t-shirt-mujer\/","og_locale":"es_ES","og_type":"article","og_title":"Compressport Performance SS T-Shirt mujer - correr - MioMioRun.com","og_description":"La camiseta Performance SS de Compressport para mujer es una camiseta de running ligera y de alto rendimiento con un dise\u00f1o ultrasuave.","og_url":"https:\/\/www.miomiorun.com\/es\/producto\/compressport-performance-ss-t-shirt-mujer\/","og_site_name":"MioMioRun","article_publisher":"https:\/\/www.facebook.com\/miomiorun\/","article_modified_time":"2026-05-05T16:08:06+00:00","og_image":[{"width":600,"height":600,"url":"https:\/\/www.miomiorun.com\/app\/uploads\/2022\/04\/compressport-performance-ss-t-shirt-W-orchid-petal-purple-AW00094B-Orcpur.jpg","type":"image\/jpeg"}],"twitter_card":"summary_large_image","twitter_misc":{"Est. reading time":"2 minutes"},"schema":{"@context":"https:\/\/schema.org","@graph":[{"@type":"WebPage","@id":"https:\/\/www.miomiorun.com\/es\/producto\/compressport-performance-ss-t-shirt-mujer\/","url":"https:\/\/www.miomiorun.com\/es\/producto\/compressport-performance-ss-t-shirt-mujer\/","name":"Compressport Performance SS T-Shirt mujer - correr - MioMioRun.com","isPartOf":{"@id":"https:\/\/www.miomiorun.com\/es\/#website"},"primaryImageOfPage":{"@id":"https:\/\/www.miomiorun.com\/es\/producto\/compressport-performance-ss-t-shirt-mujer\/#primaryimage"},"image":{"@id":"https:\/\/www.miomiorun.com\/es\/producto\/compressport-performance-ss-t-shirt-mujer\/#primaryimage"},"thumbnailUrl":"https:\/\/www.miomiorun.com\/app\/uploads\/2022\/04\/compressport-performance-ss-t-shirt-W-orchid-petal-purple-AW00094B-Orcpur.jpg","datePublished":"2022-03-29T14:22:16+00:00","dateModified":"2026-05-05T16:08:06+00:00","description":"La camiseta Performance SS de Compressport para mujer es una camiseta de running ligera y de alto rendimiento con un dise\u00f1o ultrasuave.","breadcrumb":{"@id":"https:\/\/www.miomiorun.com\/es\/producto\/compressport-performance-ss-t-shirt-mujer\/#breadcrumb"},"inLanguage":"es-ES","potentialAction":[{"@type":"ReadAction","target":["https:\/\/www.miomiorun.com\/es\/producto\/compressport-performance-ss-t-shirt-mujer\/"]}]},{"@type":"ImageObject","inLanguage":"es-ES","@id":"https:\/\/www.miomiorun.com\/es\/producto\/compressport-performance-ss-t-shirt-mujer\/#primaryimage","url":"https:\/\/www.miomiorun.com\/app\/uploads\/2022\/04\/compressport-performance-ss-t-shirt-W-orchid-petal-purple-AW00094B-Orcpur.jpg","contentUrl":"https:\/\/www.miomiorun.com\/app\/uploads\/2022\/04\/compressport-performance-ss-t-shirt-W-orchid-petal-purple-AW00094B-Orcpur.jpg","width":600,"height":600,"caption":"compressport-performance-ss-t-shirt-W-orchid-petal-purple-AW00094B-Orcpur"},{"@type":"BreadcrumbList","@id":"https:\/\/www.miomiorun.com\/es\/producto\/compressport-performance-ss-t-shirt-mujer\/#breadcrumb","itemListElement":[{"@type":"ListItem","position":1,"name":"Home","item":"https:\/\/www.miomiorun.com\/es\/"},{"@type":"ListItem","position":2,"name":"Shop","item":"https:\/\/www.miomiorun.com\/shop\/"},{"@type":"ListItem","position":3,"name":"Performance SS T-Shirt mujer"}]},{"@type":"WebSite","@id":"https:\/\/www.miomiorun.com\/es\/#website","url":"https:\/\/www.miomiorun.com\/es\/","name":"MioMioRun","description":"Tienda 100% running y trail","publisher":{"@id":"https:\/\/www.miomiorun.com\/es\/#organization"},"potentialAction":[{"@type":"SearchAction","target":{"@type":"EntryPoint","urlTemplate":"https:\/\/www.miomiorun.com\/es\/?s={search_term_string}"},"query-input":{"@type":"PropertyValueSpecification","valueRequired":true,"valueName":"search_term_string"}}],"inLanguage":"es-ES"},{"@type":"Organization","@id":"https:\/\/www.miomiorun.com\/es\/#organization","name":"MioMio Run","url":"https:\/\/www.miomiorun.com\/es\/","logo":{"@type":"ImageObject","inLanguage":"es-ES","@id":"https:\/\/www.miomiorun.com\/es\/#\/schema\/logo\/image\/","url":"https:\/\/www.miomiorun.com\/app\/uploads\/2019\/12\/logomio.png","contentUrl":"https:\/\/www.miomiorun.com\/app\/uploads\/2019\/12\/logomio.png","width":115,"height":82,"caption":"MioMio Run"},"image":{"@id":"https:\/\/www.miomiorun.com\/es\/#\/schema\/logo\/image\/"},"sameAs":["https:\/\/www.facebook.com\/miomiorun\/","https:\/\/www.instagram.com\/miomiorun\/"]}]}},"_links":{"self":[{"href":"https:\/\/www.miomiorun.com\/es\/wp-json\/wp\/v2\/product\/281643","targetHints":{"allow":["GET"]}}],"collection":[{"href":"https:\/\/www.miomiorun.com\/es\/wp-json\/wp\/v2\/product"}],"about":[{"href":"https:\/\/www.miomiorun.com\/es\/wp-json\/wp\/v2\/types\/product"}],"wp:featuredmedia":[{"embeddable":true,"href":"https:\/\/www.miomiorun.com\/es\/wp-json\/wp\/v2\/media\/235929"}],"wp:attachment":[{"href":"https:\/\/www.miomiorun.com\/es\/wp-json\/wp\/v2\/media?parent=281643"}],"wp:term":[{"taxonomy":"product_brand","embeddable":true,"href":"https:\/\/www.miomiorun.com\/es\/wp-json\/wp\/v2\/product_brand?post=281643"},{"taxonomy":"product_cat","embeddable":true,"href":"https:\/\/www.miomiorun.com\/es\/wp-json\/wp\/v2\/product_cat?post=281643"},{"taxonomy":"product_tag","embeddable":true,"href":"https:\/\/www.miomiorun.com\/es\/wp-json\/wp\/v2\/product_tag?post=281643"}],"curies":[{"name":"wp","href":"https:\/\/api.w.org\/{rel}","templated":true}]}}