{"id":281622,"date":"2022-04-05T11:34:29","date_gmt":"2022-04-05T09:34:29","guid":{"rendered":"https:\/\/miomiorun.com\/prodotto\/cep-run-socks-tall-4-0-donna\/"},"modified":"2026-05-05T18:18:29","modified_gmt":"2026-05-05T16:18:29","slug":"cep-run-socks-tall-4-0-mujer","status":"publish","type":"product","link":"https:\/\/www.miomiorun.com\/es\/producto\/cep-run-socks-tall-4-0-mujer\/","title":{"rendered":"Run Socks Tall 4.0 mujer"},"content":{"rendered":"<p>Las medias de compresi\u00f3n <strong>Run Tall 4.0 de CEP<\/strong> para mujer incorporan todas las ventajas de nuestras medias de compresi\u00f3n altas 3.0 m\u00e1s vendidas, pero con a\u00fan m\u00e1s avances tecnol\u00f3gicos para ayudarte a mejorar tu rendimiento. Este perfil de compresi\u00f3n redise\u00f1ado es m\u00e1s preciso para activar eficazmente el aporte de nutrientes en los pies y las pantorrillas, haciendo que las piernas se sientan m\u00e1s fuertes y ligeras. La estructura de malla en las pantorrillas, los innovadores canales de aire en la planta del pie y las zonas de ventilaci\u00f3n en la puntera ofrecen una mayor transpirabilidad y el m\u00e1ximo confort.<\/p>\n<p><strong>Caracter\u00edsticas:<\/strong><\/p>\n<ul>\n<li>La tecnolog\u00eda Smart Dry Extreme Air se adapta a las condiciones clim\u00e1ticas para que te mantengas fresco y seco cuando hace calor, y abrigado y c\u00f3modo cuando hace fr\u00edo.<\/li>\n<li>El sistema de climatizaci\u00f3n HEIQ refresca la piel<\/li>\n<li>Compresi\u00f3n espec\u00edfica en el arco plantar y el tobillo para una pisada segura<\/li>\n<li>La recuperaci\u00f3n comienza durante la actividad gracias a la eliminaci\u00f3n acelerada del \u00e1cido l\u00e1ctico<\/li>\n<li>El dise\u00f1o de estructura abierta y los innovadores canales de aire a lo largo de la pantorrilla y la planta del pie mejoran la ventilaci\u00f3n para una transpiraci\u00f3n \u00f3ptima<\/li>\n<li>Alivia el dolor causado por la fascitis plantar, los calambres en las piernas y el tend\u00f3n de Aquiles<\/li>\n<li>Tratado con plata para reducir los olores desagradables y eliminar las bacterias<\/li>\n<li>Garantizado sin ampollas<\/li>\n<\/ul>\n<p id=\"tw-target-text\" class=\"tw-data-text tw-text-large tw-ta\" dir=\"ltr\" data-placeholder=\"Traduzione\"><span class=\"Y2IQFc\" lang=\"it\"><strong>Nivel de compresi\u00f3n:<\/strong> 16-18 mmHg en el m\u00fasculo de la pantorrilla; 22-24 mmHg en el tobillo<\/span><\/p>\n<p dir=\"ltr\" data-placeholder=\"Traduzione\"><strong>Composici\u00f3n: <\/strong>83 % poliamida, 17 % elastano<\/p>\n","protected":false},"excerpt":{"rendered":"<p>Las medias de compresi\u00f3n Run Tall 4.0 de CEP para mujer incorporan todas las ventajas de nuestras medias de compresi\u00f3n altas 3.0 m\u00e1s vendidas, pero con a\u00fan m\u00e1s avances tecnol\u00f3gicos para ayudarte a mejorar tu rendimiento. Este perfil de compresi\u00f3n redise\u00f1ado es m\u00e1s preciso para activar eficazmente el aporte de nutrientes en los pies y &hellip; <a href=\"https:\/\/www.miomiorun.com\/es\/producto\/cep-run-socks-tall-4-0-mujer\/\">Continued<\/a><\/p>\n","protected":false},"featured_media":236011,"template":"","meta":{"_acf_changed":false,"inline_featured_image":false},"product_brand":[],"product_cat":[24400,24401,24402],"product_tag":[23468,23666],"class_list":{"0":"post-281622","1":"product","2":"type-product","3":"status-publish","4":"has-post-thumbnail","6":"product_cat-calcetines","7":"product_cat-ropa-de-mujer","8":"product_cat-mujer","9":"product_tag-cep-es","10":"product_tag-cep-mujer","11":"pa_attivita-running-es","12":"pa_attivita-trail-es","13":"pa_circonferenza-polpaccio-24-31-es","14":"pa_circonferenza-polpaccio-32-38-es","15":"pa_marca-cep-es","16":"pa_sesso-mujer","18":"first","19":"instock","20":"sale","21":"taxable","22":"shipping-taxable","23":"purchasable","24":"product-type-variable","25":"wvs-archive-product-wrapper"},"acf":[],"yoast_head":"<!-- This site is optimized with the Yoast SEO plugin v26.8 - https:\/\/yoast.com\/product\/yoast-seo-wordpress\/ -->\n<title>Cep Run Socks Tall 4.0 mujer - Calcetines para correr - MioMioRun<\/title>\n<meta name=\"description\" content=\"Las medias de compresi\u00f3n Run Tall 4.0 de CEP para mujer incorporan todas las ventajas de nuestras medias de compresi\u00f3n.\" \/>\n<meta name=\"robots\" content=\"index, follow, max-snippet:-1, max-image-preview:large, max-video-preview:-1\" \/>\n<link rel=\"canonical\" href=\"https:\/\/www.miomiorun.com\/es\/producto\/cep-run-socks-tall-4-0-mujer\/\" \/>\n<meta property=\"og:locale\" content=\"es_ES\" \/>\n<meta property=\"og:type\" content=\"article\" \/>\n<meta property=\"og:title\" content=\"Cep Run Socks Tall 4.0 mujer - Calcetines para correr - MioMioRun\" \/>\n<meta property=\"og:description\" content=\"Las medias de compresi\u00f3n Run Tall 4.0 de CEP para mujer incorporan todas las ventajas de nuestras medias de compresi\u00f3n.\" \/>\n<meta property=\"og:url\" content=\"https:\/\/www.miomiorun.com\/es\/producto\/cep-run-socks-tall-4-0-mujer\/\" \/>\n<meta property=\"og:site_name\" content=\"MioMioRun\" \/>\n<meta property=\"article:publisher\" content=\"https:\/\/www.facebook.com\/miomiorun\/\" \/>\n<meta property=\"article:modified_time\" content=\"2026-05-05T16:18:29+00:00\" \/>\n<meta property=\"og:image\" content=\"https:\/\/www.miomiorun.com\/app\/uploads\/2022\/04\/cep-run-socks-tall-v4-W-pink-black-WP204R.jpg\" \/>\n\t<meta property=\"og:image:width\" content=\"600\" \/>\n\t<meta property=\"og:image:height\" content=\"600\" \/>\n\t<meta property=\"og:image:type\" content=\"image\/jpeg\" \/>\n<meta name=\"twitter:card\" content=\"summary_large_image\" \/>\n<meta name=\"twitter:label1\" content=\"Est. reading time\" \/>\n\t<meta name=\"twitter:data1\" content=\"1 minute\" \/>\n<script type=\"application\/ld+json\" class=\"yoast-schema-graph\">{\"@context\":\"https:\/\/schema.org\",\"@graph\":[{\"@type\":\"WebPage\",\"@id\":\"https:\/\/www.miomiorun.com\/es\/producto\/cep-run-socks-tall-4-0-mujer\/\",\"url\":\"https:\/\/www.miomiorun.com\/es\/producto\/cep-run-socks-tall-4-0-mujer\/\",\"name\":\"Cep Run Socks Tall 4.0 mujer - Calcetines para correr - MioMioRun\",\"isPartOf\":{\"@id\":\"https:\/\/www.miomiorun.com\/es\/#website\"},\"primaryImageOfPage\":{\"@id\":\"https:\/\/www.miomiorun.com\/es\/producto\/cep-run-socks-tall-4-0-mujer\/#primaryimage\"},\"image\":{\"@id\":\"https:\/\/www.miomiorun.com\/es\/producto\/cep-run-socks-tall-4-0-mujer\/#primaryimage\"},\"thumbnailUrl\":\"https:\/\/www.miomiorun.com\/app\/uploads\/2022\/04\/cep-run-socks-tall-v4-W-pink-black-WP204R.jpg\",\"datePublished\":\"2022-04-05T09:34:29+00:00\",\"dateModified\":\"2026-05-05T16:18:29+00:00\",\"description\":\"Las medias de compresi\u00f3n Run Tall 4.0 de CEP para mujer incorporan todas las ventajas de nuestras medias de compresi\u00f3n.\",\"breadcrumb\":{\"@id\":\"https:\/\/www.miomiorun.com\/es\/producto\/cep-run-socks-tall-4-0-mujer\/#breadcrumb\"},\"inLanguage\":\"es-ES\",\"potentialAction\":[{\"@type\":\"ReadAction\",\"target\":[\"https:\/\/www.miomiorun.com\/es\/producto\/cep-run-socks-tall-4-0-mujer\/\"]}]},{\"@type\":\"ImageObject\",\"inLanguage\":\"es-ES\",\"@id\":\"https:\/\/www.miomiorun.com\/es\/producto\/cep-run-socks-tall-4-0-mujer\/#primaryimage\",\"url\":\"https:\/\/www.miomiorun.com\/app\/uploads\/2022\/04\/cep-run-socks-tall-v4-W-pink-black-WP204R.jpg\",\"contentUrl\":\"https:\/\/www.miomiorun.com\/app\/uploads\/2022\/04\/cep-run-socks-tall-v4-W-pink-black-WP204R.jpg\",\"width\":600,\"height\":600,\"caption\":\"cep-run-socks-tall-v4-W-pink-black-WP204R\"},{\"@type\":\"BreadcrumbList\",\"@id\":\"https:\/\/www.miomiorun.com\/es\/producto\/cep-run-socks-tall-4-0-mujer\/#breadcrumb\",\"itemListElement\":[{\"@type\":\"ListItem\",\"position\":1,\"name\":\"Home\",\"item\":\"https:\/\/www.miomiorun.com\/es\/\"},{\"@type\":\"ListItem\",\"position\":2,\"name\":\"Shop\",\"item\":\"https:\/\/www.miomiorun.com\/shop\/\"},{\"@type\":\"ListItem\",\"position\":3,\"name\":\"Run Socks Tall 4.0 mujer\"}]},{\"@type\":\"WebSite\",\"@id\":\"https:\/\/www.miomiorun.com\/es\/#website\",\"url\":\"https:\/\/www.miomiorun.com\/es\/\",\"name\":\"MioMioRun\",\"description\":\"Tienda 100% running y trail\",\"publisher\":{\"@id\":\"https:\/\/www.miomiorun.com\/es\/#organization\"},\"potentialAction\":[{\"@type\":\"SearchAction\",\"target\":{\"@type\":\"EntryPoint\",\"urlTemplate\":\"https:\/\/www.miomiorun.com\/es\/?s={search_term_string}\"},\"query-input\":{\"@type\":\"PropertyValueSpecification\",\"valueRequired\":true,\"valueName\":\"search_term_string\"}}],\"inLanguage\":\"es-ES\"},{\"@type\":\"Organization\",\"@id\":\"https:\/\/www.miomiorun.com\/es\/#organization\",\"name\":\"MioMio Run\",\"url\":\"https:\/\/www.miomiorun.com\/es\/\",\"logo\":{\"@type\":\"ImageObject\",\"inLanguage\":\"es-ES\",\"@id\":\"https:\/\/www.miomiorun.com\/es\/#\/schema\/logo\/image\/\",\"url\":\"https:\/\/www.miomiorun.com\/app\/uploads\/2019\/12\/logomio.png\",\"contentUrl\":\"https:\/\/www.miomiorun.com\/app\/uploads\/2019\/12\/logomio.png\",\"width\":115,\"height\":82,\"caption\":\"MioMio Run\"},\"image\":{\"@id\":\"https:\/\/www.miomiorun.com\/es\/#\/schema\/logo\/image\/\"},\"sameAs\":[\"https:\/\/www.facebook.com\/miomiorun\/\",\"https:\/\/www.instagram.com\/miomiorun\/\"]}]}<\/script>\n<!-- \/ Yoast SEO plugin. -->","yoast_head_json":{"title":"Cep Run Socks Tall 4.0 mujer - Calcetines para correr - MioMioRun","description":"Las medias de compresi\u00f3n Run Tall 4.0 de CEP para mujer incorporan todas las ventajas de nuestras medias de compresi\u00f3n.","robots":{"index":"index","follow":"follow","max-snippet":"max-snippet:-1","max-image-preview":"max-image-preview:large","max-video-preview":"max-video-preview:-1"},"canonical":"https:\/\/www.miomiorun.com\/es\/producto\/cep-run-socks-tall-4-0-mujer\/","og_locale":"es_ES","og_type":"article","og_title":"Cep Run Socks Tall 4.0 mujer - Calcetines para correr - MioMioRun","og_description":"Las medias de compresi\u00f3n Run Tall 4.0 de CEP para mujer incorporan todas las ventajas de nuestras medias de compresi\u00f3n.","og_url":"https:\/\/www.miomiorun.com\/es\/producto\/cep-run-socks-tall-4-0-mujer\/","og_site_name":"MioMioRun","article_publisher":"https:\/\/www.facebook.com\/miomiorun\/","article_modified_time":"2026-05-05T16:18:29+00:00","og_image":[{"width":600,"height":600,"url":"https:\/\/www.miomiorun.com\/app\/uploads\/2022\/04\/cep-run-socks-tall-v4-W-pink-black-WP204R.jpg","type":"image\/jpeg"}],"twitter_card":"summary_large_image","twitter_misc":{"Est. reading time":"1 minute"},"schema":{"@context":"https:\/\/schema.org","@graph":[{"@type":"WebPage","@id":"https:\/\/www.miomiorun.com\/es\/producto\/cep-run-socks-tall-4-0-mujer\/","url":"https:\/\/www.miomiorun.com\/es\/producto\/cep-run-socks-tall-4-0-mujer\/","name":"Cep Run Socks Tall 4.0 mujer - Calcetines para correr - MioMioRun","isPartOf":{"@id":"https:\/\/www.miomiorun.com\/es\/#website"},"primaryImageOfPage":{"@id":"https:\/\/www.miomiorun.com\/es\/producto\/cep-run-socks-tall-4-0-mujer\/#primaryimage"},"image":{"@id":"https:\/\/www.miomiorun.com\/es\/producto\/cep-run-socks-tall-4-0-mujer\/#primaryimage"},"thumbnailUrl":"https:\/\/www.miomiorun.com\/app\/uploads\/2022\/04\/cep-run-socks-tall-v4-W-pink-black-WP204R.jpg","datePublished":"2022-04-05T09:34:29+00:00","dateModified":"2026-05-05T16:18:29+00:00","description":"Las medias de compresi\u00f3n Run Tall 4.0 de CEP para mujer incorporan todas las ventajas de nuestras medias de compresi\u00f3n.","breadcrumb":{"@id":"https:\/\/www.miomiorun.com\/es\/producto\/cep-run-socks-tall-4-0-mujer\/#breadcrumb"},"inLanguage":"es-ES","potentialAction":[{"@type":"ReadAction","target":["https:\/\/www.miomiorun.com\/es\/producto\/cep-run-socks-tall-4-0-mujer\/"]}]},{"@type":"ImageObject","inLanguage":"es-ES","@id":"https:\/\/www.miomiorun.com\/es\/producto\/cep-run-socks-tall-4-0-mujer\/#primaryimage","url":"https:\/\/www.miomiorun.com\/app\/uploads\/2022\/04\/cep-run-socks-tall-v4-W-pink-black-WP204R.jpg","contentUrl":"https:\/\/www.miomiorun.com\/app\/uploads\/2022\/04\/cep-run-socks-tall-v4-W-pink-black-WP204R.jpg","width":600,"height":600,"caption":"cep-run-socks-tall-v4-W-pink-black-WP204R"},{"@type":"BreadcrumbList","@id":"https:\/\/www.miomiorun.com\/es\/producto\/cep-run-socks-tall-4-0-mujer\/#breadcrumb","itemListElement":[{"@type":"ListItem","position":1,"name":"Home","item":"https:\/\/www.miomiorun.com\/es\/"},{"@type":"ListItem","position":2,"name":"Shop","item":"https:\/\/www.miomiorun.com\/shop\/"},{"@type":"ListItem","position":3,"name":"Run Socks Tall 4.0 mujer"}]},{"@type":"WebSite","@id":"https:\/\/www.miomiorun.com\/es\/#website","url":"https:\/\/www.miomiorun.com\/es\/","name":"MioMioRun","description":"Tienda 100% running y trail","publisher":{"@id":"https:\/\/www.miomiorun.com\/es\/#organization"},"potentialAction":[{"@type":"SearchAction","target":{"@type":"EntryPoint","urlTemplate":"https:\/\/www.miomiorun.com\/es\/?s={search_term_string}"},"query-input":{"@type":"PropertyValueSpecification","valueRequired":true,"valueName":"search_term_string"}}],"inLanguage":"es-ES"},{"@type":"Organization","@id":"https:\/\/www.miomiorun.com\/es\/#organization","name":"MioMio Run","url":"https:\/\/www.miomiorun.com\/es\/","logo":{"@type":"ImageObject","inLanguage":"es-ES","@id":"https:\/\/www.miomiorun.com\/es\/#\/schema\/logo\/image\/","url":"https:\/\/www.miomiorun.com\/app\/uploads\/2019\/12\/logomio.png","contentUrl":"https:\/\/www.miomiorun.com\/app\/uploads\/2019\/12\/logomio.png","width":115,"height":82,"caption":"MioMio Run"},"image":{"@id":"https:\/\/www.miomiorun.com\/es\/#\/schema\/logo\/image\/"},"sameAs":["https:\/\/www.facebook.com\/miomiorun\/","https:\/\/www.instagram.com\/miomiorun\/"]}]}},"_links":{"self":[{"href":"https:\/\/www.miomiorun.com\/es\/wp-json\/wp\/v2\/product\/281622","targetHints":{"allow":["GET"]}}],"collection":[{"href":"https:\/\/www.miomiorun.com\/es\/wp-json\/wp\/v2\/product"}],"about":[{"href":"https:\/\/www.miomiorun.com\/es\/wp-json\/wp\/v2\/types\/product"}],"wp:featuredmedia":[{"embeddable":true,"href":"https:\/\/www.miomiorun.com\/es\/wp-json\/wp\/v2\/media\/236011"}],"wp:attachment":[{"href":"https:\/\/www.miomiorun.com\/es\/wp-json\/wp\/v2\/media?parent=281622"}],"wp:term":[{"taxonomy":"product_brand","embeddable":true,"href":"https:\/\/www.miomiorun.com\/es\/wp-json\/wp\/v2\/product_brand?post=281622"},{"taxonomy":"product_cat","embeddable":true,"href":"https:\/\/www.miomiorun.com\/es\/wp-json\/wp\/v2\/product_cat?post=281622"},{"taxonomy":"product_tag","embeddable":true,"href":"https:\/\/www.miomiorun.com\/es\/wp-json\/wp\/v2\/product_tag?post=281622"}],"curies":[{"name":"wp","href":"https:\/\/api.w.org\/{rel}","templated":true}]}}