{"id":281602,"date":"2022-04-05T12:12:02","date_gmt":"2022-04-05T10:12:02","guid":{"rendered":"https:\/\/miomiorun.com\/prodotto\/cep-run-mid-cut-4-0-donna\/"},"modified":"2026-05-05T18:20:42","modified_gmt":"2026-05-05T16:20:42","slug":"cep-run-mid-cut-4-0-mujer","status":"publish","type":"product","link":"https:\/\/www.miomiorun.com\/es\/producto\/cep-run-mid-cut-4-0-mujer\/","title":{"rendered":"Mid Cut Socks 4.0 mujer"},"content":{"rendered":"<p>Dise\u00f1ados pensando en el estilo y el rendimiento, los calcetines<strong> Run Mid Cut 4.0<\/strong> para mujer ofrecen la m\u00e1xima comodidad para mejorar tu resistencia y mantener tus pies en \u00f3ptimas condiciones durante y despu\u00e9s del entrenamiento. La compresi\u00f3n espec\u00edfica en el arco y el tobillo aumenta la circulaci\u00f3n sangu\u00ednea y proporciona una excelente sujeci\u00f3n para prevenir lesiones, reducir la hinchaz\u00f3n y aliviar el dolor asociado a la fascitis plantar y al tend\u00f3n de Aquiles. Esta altura vers\u00e1til combina bien con cualquier estilo de zapatilla o ropa, \u00a1as\u00ed que no hay necesidad de sacrificar el estilo por la funcionalidad!<\/p>\n<p><strong>Caracter\u00edsticas:<\/strong><\/p>\n<ul>\n<li>El tejido transpirable mantiene los pies frescos.<\/li>\n<li>Estimulaci\u00f3n sensorial profunda de las articulaciones para una mayor estabilidad, menos lesiones y alivio del dolor.<\/li>\n<li>Innovadores canales de aire en la plantilla y zonas de ventilaci\u00f3n en la puntera para una transpiraci\u00f3n \u00f3ptima y el m\u00e1ximo confort.<\/li>\n<li>Tratado con plata para reducir los olores desagradables y eliminar las bacterias.<\/li>\n<li>Garantizado sin ampollas.<\/li>\n<li>Amortiguaci\u00f3n de los impactos gracias al acolchado anat\u00f3mico perfectamente situado en el pie.<\/li>\n<\/ul>\n<p data-open-accessibility-text-original=\"17px\"><strong>Nivel de compresi\u00f3n:<\/strong>\u00a018-20 mmHg en el tobillo<\/p>\n<p><strong>Composici\u00f3n:\u00a0<\/strong>86 % poliamida, 14 % elastano<\/p>\n","protected":false},"excerpt":{"rendered":"<p>Dise\u00f1ados pensando en el estilo y el rendimiento, los calcetines Run Mid Cut 4.0 para mujer ofrecen la m\u00e1xima comodidad para mejorar tu resistencia y mantener tus pies en \u00f3ptimas condiciones durante y despu\u00e9s del entrenamiento. La compresi\u00f3n espec\u00edfica en el arco y el tobillo aumenta la circulaci\u00f3n sangu\u00ednea y proporciona una excelente sujeci\u00f3n para &hellip; <a href=\"https:\/\/www.miomiorun.com\/es\/producto\/cep-run-mid-cut-4-0-mujer\/\">Continued<\/a><\/p>\n","protected":false},"featured_media":236039,"template":"","meta":{"_acf_changed":false,"inline_featured_image":false},"product_brand":[],"product_cat":[24400,24401,24402],"product_tag":[23468,23666],"class_list":{"0":"post-281602","1":"product","2":"type-product","3":"status-publish","4":"has-post-thumbnail","6":"product_cat-calcetines","7":"product_cat-ropa-de-mujer","8":"product_cat-mujer","9":"product_tag-cep-es","10":"product_tag-cep-mujer","11":"pa_attivita-caminar","12":"pa_attivita-running-es","13":"pa_colore-mid-cut-v4-w-black-es","14":"pa_colore-mid-cut-v4-w-pink-black-es","15":"pa_marca-cep-es","16":"pa_sesso-mujer","17":"pa_size-37-40-es","18":"pa_size-40-43-es","20":"first","21":"instock","22":"sale","23":"taxable","24":"shipping-taxable","25":"purchasable","26":"product-type-variable","27":"wvs-archive-product-wrapper"},"acf":[],"yoast_head":"<!-- This site is optimized with the Yoast SEO plugin v26.8 - https:\/\/yoast.com\/product\/yoast-seo-wordpress\/ -->\n<title>Cep Mid Cut Socks 4.0 mujer - Calcetines para correr mujer- MioMioRun<\/title>\n<meta name=\"description\" content=\"Las Run Mid Cut 4.0 ofrecen la m\u00e1xima comodidad para mejorar tu resistencia y mantener tus pies en \u00f3ptimas condiciones durante y despu\u00e9s del entrenamiento.\" \/>\n<meta name=\"robots\" content=\"index, follow, max-snippet:-1, max-image-preview:large, max-video-preview:-1\" \/>\n<link rel=\"canonical\" href=\"https:\/\/www.miomiorun.com\/es\/producto\/cep-run-mid-cut-4-0-mujer\/\" \/>\n<meta property=\"og:locale\" content=\"es_ES\" \/>\n<meta property=\"og:type\" content=\"article\" \/>\n<meta property=\"og:title\" content=\"Cep Mid Cut Socks 4.0 mujer - Calcetines para correr mujer- MioMioRun\" \/>\n<meta property=\"og:description\" content=\"Las Run Mid Cut 4.0 ofrecen la m\u00e1xima comodidad para mejorar tu resistencia y mantener tus pies en \u00f3ptimas condiciones durante y despu\u00e9s del entrenamiento.\" \/>\n<meta property=\"og:url\" content=\"https:\/\/www.miomiorun.com\/es\/producto\/cep-run-mid-cut-4-0-mujer\/\" \/>\n<meta property=\"og:site_name\" content=\"MioMioRun\" \/>\n<meta property=\"article:publisher\" content=\"https:\/\/www.facebook.com\/miomiorun\/\" \/>\n<meta property=\"article:modified_time\" content=\"2026-05-05T16:20:42+00:00\" \/>\n<meta property=\"og:image\" content=\"https:\/\/www.miomiorun.com\/app\/uploads\/2022\/04\/cep-mid-cut-v4-W-pink-black-WP2C4R.jpg\" \/>\n\t<meta property=\"og:image:width\" content=\"600\" \/>\n\t<meta property=\"og:image:height\" content=\"600\" \/>\n\t<meta property=\"og:image:type\" content=\"image\/jpeg\" \/>\n<meta name=\"twitter:card\" content=\"summary_large_image\" \/>\n<meta name=\"twitter:label1\" content=\"Est. reading time\" \/>\n\t<meta name=\"twitter:data1\" content=\"1 minute\" \/>\n<script type=\"application\/ld+json\" class=\"yoast-schema-graph\">{\"@context\":\"https:\/\/schema.org\",\"@graph\":[{\"@type\":\"WebPage\",\"@id\":\"https:\/\/www.miomiorun.com\/es\/producto\/cep-run-mid-cut-4-0-mujer\/\",\"url\":\"https:\/\/www.miomiorun.com\/es\/producto\/cep-run-mid-cut-4-0-mujer\/\",\"name\":\"Cep Mid Cut Socks 4.0 mujer - Calcetines para correr mujer- MioMioRun\",\"isPartOf\":{\"@id\":\"https:\/\/www.miomiorun.com\/es\/#website\"},\"primaryImageOfPage\":{\"@id\":\"https:\/\/www.miomiorun.com\/es\/producto\/cep-run-mid-cut-4-0-mujer\/#primaryimage\"},\"image\":{\"@id\":\"https:\/\/www.miomiorun.com\/es\/producto\/cep-run-mid-cut-4-0-mujer\/#primaryimage\"},\"thumbnailUrl\":\"https:\/\/www.miomiorun.com\/app\/uploads\/2022\/04\/cep-mid-cut-v4-W-pink-black-WP2C4R.jpg\",\"datePublished\":\"2022-04-05T10:12:02+00:00\",\"dateModified\":\"2026-05-05T16:20:42+00:00\",\"description\":\"Las Run Mid Cut 4.0 ofrecen la m\u00e1xima comodidad para mejorar tu resistencia y mantener tus pies en \u00f3ptimas condiciones durante y despu\u00e9s del entrenamiento.\",\"breadcrumb\":{\"@id\":\"https:\/\/www.miomiorun.com\/es\/producto\/cep-run-mid-cut-4-0-mujer\/#breadcrumb\"},\"inLanguage\":\"es-ES\",\"potentialAction\":[{\"@type\":\"ReadAction\",\"target\":[\"https:\/\/www.miomiorun.com\/es\/producto\/cep-run-mid-cut-4-0-mujer\/\"]}]},{\"@type\":\"ImageObject\",\"inLanguage\":\"es-ES\",\"@id\":\"https:\/\/www.miomiorun.com\/es\/producto\/cep-run-mid-cut-4-0-mujer\/#primaryimage\",\"url\":\"https:\/\/www.miomiorun.com\/app\/uploads\/2022\/04\/cep-mid-cut-v4-W-pink-black-WP2C4R.jpg\",\"contentUrl\":\"https:\/\/www.miomiorun.com\/app\/uploads\/2022\/04\/cep-mid-cut-v4-W-pink-black-WP2C4R.jpg\",\"width\":600,\"height\":600,\"caption\":\"cep-mid-cut-v4-W-pink-black-WP2C4R\"},{\"@type\":\"BreadcrumbList\",\"@id\":\"https:\/\/www.miomiorun.com\/es\/producto\/cep-run-mid-cut-4-0-mujer\/#breadcrumb\",\"itemListElement\":[{\"@type\":\"ListItem\",\"position\":1,\"name\":\"Home\",\"item\":\"https:\/\/www.miomiorun.com\/es\/\"},{\"@type\":\"ListItem\",\"position\":2,\"name\":\"Shop\",\"item\":\"https:\/\/www.miomiorun.com\/shop\/\"},{\"@type\":\"ListItem\",\"position\":3,\"name\":\"Mid Cut Socks 4.0 mujer\"}]},{\"@type\":\"WebSite\",\"@id\":\"https:\/\/www.miomiorun.com\/es\/#website\",\"url\":\"https:\/\/www.miomiorun.com\/es\/\",\"name\":\"MioMioRun\",\"description\":\"Tienda 100% running y trail\",\"publisher\":{\"@id\":\"https:\/\/www.miomiorun.com\/es\/#organization\"},\"potentialAction\":[{\"@type\":\"SearchAction\",\"target\":{\"@type\":\"EntryPoint\",\"urlTemplate\":\"https:\/\/www.miomiorun.com\/es\/?s={search_term_string}\"},\"query-input\":{\"@type\":\"PropertyValueSpecification\",\"valueRequired\":true,\"valueName\":\"search_term_string\"}}],\"inLanguage\":\"es-ES\"},{\"@type\":\"Organization\",\"@id\":\"https:\/\/www.miomiorun.com\/es\/#organization\",\"name\":\"MioMio Run\",\"url\":\"https:\/\/www.miomiorun.com\/es\/\",\"logo\":{\"@type\":\"ImageObject\",\"inLanguage\":\"es-ES\",\"@id\":\"https:\/\/www.miomiorun.com\/es\/#\/schema\/logo\/image\/\",\"url\":\"https:\/\/www.miomiorun.com\/app\/uploads\/2019\/12\/logomio.png\",\"contentUrl\":\"https:\/\/www.miomiorun.com\/app\/uploads\/2019\/12\/logomio.png\",\"width\":115,\"height\":82,\"caption\":\"MioMio Run\"},\"image\":{\"@id\":\"https:\/\/www.miomiorun.com\/es\/#\/schema\/logo\/image\/\"},\"sameAs\":[\"https:\/\/www.facebook.com\/miomiorun\/\",\"https:\/\/www.instagram.com\/miomiorun\/\"]}]}<\/script>\n<!-- \/ Yoast SEO plugin. -->","yoast_head_json":{"title":"Cep Mid Cut Socks 4.0 mujer - Calcetines para correr mujer- MioMioRun","description":"Las Run Mid Cut 4.0 ofrecen la m\u00e1xima comodidad para mejorar tu resistencia y mantener tus pies en \u00f3ptimas condiciones durante y despu\u00e9s del entrenamiento.","robots":{"index":"index","follow":"follow","max-snippet":"max-snippet:-1","max-image-preview":"max-image-preview:large","max-video-preview":"max-video-preview:-1"},"canonical":"https:\/\/www.miomiorun.com\/es\/producto\/cep-run-mid-cut-4-0-mujer\/","og_locale":"es_ES","og_type":"article","og_title":"Cep Mid Cut Socks 4.0 mujer - Calcetines para correr mujer- MioMioRun","og_description":"Las Run Mid Cut 4.0 ofrecen la m\u00e1xima comodidad para mejorar tu resistencia y mantener tus pies en \u00f3ptimas condiciones durante y despu\u00e9s del entrenamiento.","og_url":"https:\/\/www.miomiorun.com\/es\/producto\/cep-run-mid-cut-4-0-mujer\/","og_site_name":"MioMioRun","article_publisher":"https:\/\/www.facebook.com\/miomiorun\/","article_modified_time":"2026-05-05T16:20:42+00:00","og_image":[{"width":600,"height":600,"url":"https:\/\/www.miomiorun.com\/app\/uploads\/2022\/04\/cep-mid-cut-v4-W-pink-black-WP2C4R.jpg","type":"image\/jpeg"}],"twitter_card":"summary_large_image","twitter_misc":{"Est. reading time":"1 minute"},"schema":{"@context":"https:\/\/schema.org","@graph":[{"@type":"WebPage","@id":"https:\/\/www.miomiorun.com\/es\/producto\/cep-run-mid-cut-4-0-mujer\/","url":"https:\/\/www.miomiorun.com\/es\/producto\/cep-run-mid-cut-4-0-mujer\/","name":"Cep Mid Cut Socks 4.0 mujer - Calcetines para correr mujer- MioMioRun","isPartOf":{"@id":"https:\/\/www.miomiorun.com\/es\/#website"},"primaryImageOfPage":{"@id":"https:\/\/www.miomiorun.com\/es\/producto\/cep-run-mid-cut-4-0-mujer\/#primaryimage"},"image":{"@id":"https:\/\/www.miomiorun.com\/es\/producto\/cep-run-mid-cut-4-0-mujer\/#primaryimage"},"thumbnailUrl":"https:\/\/www.miomiorun.com\/app\/uploads\/2022\/04\/cep-mid-cut-v4-W-pink-black-WP2C4R.jpg","datePublished":"2022-04-05T10:12:02+00:00","dateModified":"2026-05-05T16:20:42+00:00","description":"Las Run Mid Cut 4.0 ofrecen la m\u00e1xima comodidad para mejorar tu resistencia y mantener tus pies en \u00f3ptimas condiciones durante y despu\u00e9s del entrenamiento.","breadcrumb":{"@id":"https:\/\/www.miomiorun.com\/es\/producto\/cep-run-mid-cut-4-0-mujer\/#breadcrumb"},"inLanguage":"es-ES","potentialAction":[{"@type":"ReadAction","target":["https:\/\/www.miomiorun.com\/es\/producto\/cep-run-mid-cut-4-0-mujer\/"]}]},{"@type":"ImageObject","inLanguage":"es-ES","@id":"https:\/\/www.miomiorun.com\/es\/producto\/cep-run-mid-cut-4-0-mujer\/#primaryimage","url":"https:\/\/www.miomiorun.com\/app\/uploads\/2022\/04\/cep-mid-cut-v4-W-pink-black-WP2C4R.jpg","contentUrl":"https:\/\/www.miomiorun.com\/app\/uploads\/2022\/04\/cep-mid-cut-v4-W-pink-black-WP2C4R.jpg","width":600,"height":600,"caption":"cep-mid-cut-v4-W-pink-black-WP2C4R"},{"@type":"BreadcrumbList","@id":"https:\/\/www.miomiorun.com\/es\/producto\/cep-run-mid-cut-4-0-mujer\/#breadcrumb","itemListElement":[{"@type":"ListItem","position":1,"name":"Home","item":"https:\/\/www.miomiorun.com\/es\/"},{"@type":"ListItem","position":2,"name":"Shop","item":"https:\/\/www.miomiorun.com\/shop\/"},{"@type":"ListItem","position":3,"name":"Mid Cut Socks 4.0 mujer"}]},{"@type":"WebSite","@id":"https:\/\/www.miomiorun.com\/es\/#website","url":"https:\/\/www.miomiorun.com\/es\/","name":"MioMioRun","description":"Tienda 100% running y trail","publisher":{"@id":"https:\/\/www.miomiorun.com\/es\/#organization"},"potentialAction":[{"@type":"SearchAction","target":{"@type":"EntryPoint","urlTemplate":"https:\/\/www.miomiorun.com\/es\/?s={search_term_string}"},"query-input":{"@type":"PropertyValueSpecification","valueRequired":true,"valueName":"search_term_string"}}],"inLanguage":"es-ES"},{"@type":"Organization","@id":"https:\/\/www.miomiorun.com\/es\/#organization","name":"MioMio Run","url":"https:\/\/www.miomiorun.com\/es\/","logo":{"@type":"ImageObject","inLanguage":"es-ES","@id":"https:\/\/www.miomiorun.com\/es\/#\/schema\/logo\/image\/","url":"https:\/\/www.miomiorun.com\/app\/uploads\/2019\/12\/logomio.png","contentUrl":"https:\/\/www.miomiorun.com\/app\/uploads\/2019\/12\/logomio.png","width":115,"height":82,"caption":"MioMio Run"},"image":{"@id":"https:\/\/www.miomiorun.com\/es\/#\/schema\/logo\/image\/"},"sameAs":["https:\/\/www.facebook.com\/miomiorun\/","https:\/\/www.instagram.com\/miomiorun\/"]}]}},"_links":{"self":[{"href":"https:\/\/www.miomiorun.com\/es\/wp-json\/wp\/v2\/product\/281602","targetHints":{"allow":["GET"]}}],"collection":[{"href":"https:\/\/www.miomiorun.com\/es\/wp-json\/wp\/v2\/product"}],"about":[{"href":"https:\/\/www.miomiorun.com\/es\/wp-json\/wp\/v2\/types\/product"}],"wp:featuredmedia":[{"embeddable":true,"href":"https:\/\/www.miomiorun.com\/es\/wp-json\/wp\/v2\/media\/236039"}],"wp:attachment":[{"href":"https:\/\/www.miomiorun.com\/es\/wp-json\/wp\/v2\/media?parent=281602"}],"wp:term":[{"taxonomy":"product_brand","embeddable":true,"href":"https:\/\/www.miomiorun.com\/es\/wp-json\/wp\/v2\/product_brand?post=281602"},{"taxonomy":"product_cat","embeddable":true,"href":"https:\/\/www.miomiorun.com\/es\/wp-json\/wp\/v2\/product_cat?post=281602"},{"taxonomy":"product_tag","embeddable":true,"href":"https:\/\/www.miomiorun.com\/es\/wp-json\/wp\/v2\/product_tag?post=281602"}],"curies":[{"name":"wp","href":"https:\/\/api.w.org\/{rel}","templated":true}]}}