{"id":281567,"date":"2022-04-06T10:46:52","date_gmt":"2022-04-06T08:46:52","guid":{"rendered":"https:\/\/miomiorun.com\/prodotto\/cep-mid-cut-socks-4-0-uomo\/"},"modified":"2026-05-05T18:22:40","modified_gmt":"2026-05-05T16:22:40","slug":"cep-mid-cut-socks-4-0-hombre","status":"publish","type":"product","link":"https:\/\/www.miomiorun.com\/es\/producto\/cep-mid-cut-socks-4-0-hombre\/","title":{"rendered":"Mid Cut  Socks 4.0 hombre"},"content":{"rendered":"<div class=\"tab-left\">\n<div class=\"tab-description\">\n<p>Longitud media, control total: con los calcetines The Run Compression <strong>Mid Cut Socks 4.0<\/strong> para hombre, disfruta de las ventajas de unos calcetines de running perfectos para tus carreras por senderos, arena u otros terrenos irregulares. Los calcetines de running de longitud media son ahora cuatro cent\u00edmetros m\u00e1s largos que los anteriores Short Socks. La diferencia se nota cuando corres por senderos sin asfaltar: tu pisada disfruta de mayor estabilidad y sujeci\u00f3n, gracias a la compresi\u00f3n media que envuelve el aparato locomotor de tu tobillo. Aprovecha tambi\u00e9n otras ventajas sofisticadas, como las zonas de ventilaci\u00f3n para una gesti\u00f3n \u00f3ptima de la temperatura dentro de la zapatilla.<\/p>\n<h4>Mayor estabilidad y menos lesiones<\/h4>\n<p>Las medias de running estimulantes para hombre cumplen lo que prometen: la compresi\u00f3n Medi integrada genera una agradable presi\u00f3n que estabiliza y refuerza las articulaciones. Adem\u00e1s, mejora la percepci\u00f3n de los m\u00fasculos y las articulaciones, lo que se traduce en una mayor seguridad al caminar.<\/p>\n<h4>Condiciones \u00f3ptimas para los pies dentro del calzado<\/h4>\n<p>Los calcetines The Run Compression Mid Cut para hombre cuentan con varias caracter\u00edsticas de ventilaci\u00f3n que garantizan una sensaci\u00f3n de bienestar en los pies, gracias a los canales de aire en la planta del pie y a las zonas ventiladas por encima del mal\u00e9olo. La estructura del tejido, similar a una malla, asegura una buena ventilaci\u00f3n dentro de tus zapatillas de running.<\/p>\n<h4>Excelente comodidad sin ampollas<\/h4>\n<p>Adi\u00f3s a las ampollas. Estos calcetines de running para hombre, de longitud media, se ajustan como una segunda piel y no forman pliegues, gracias a su dise\u00f1o anat\u00f3mico. No importa lo irregular que sea el terreno: el acolchado, estrat\u00e9gicamente colocado, amortigua tus pasos y protege tus articulaciones.<\/p>\n<h2>Caracter\u00edsticas:<\/h2>\n<ul class=\"selling-points\">\n<li>Los calcetines de running de media ca\u00f1a estimulan las articulaciones en profundidad, estabilizan la pisada y reducen las lesiones.<\/li>\n<li>La compresi\u00f3n media, que se ajusta sin formar pliegues, y la innovadora combinaci\u00f3n de materiales evitan la aparici\u00f3n de ampollas.<\/li>\n<li>Los rellenos transpirables en la planta del pie amortiguan de forma eficaz y proporcionan un ambiente agradable, protegiendo as\u00ed tus articulaciones.<\/li>\n<\/ul>\n<p><strong>Composici\u00f3n:\u00a0<\/strong>86 % poliamida, 14 % elastano.<\/p>\n<\/div>\n<\/div>\n<div class=\"tab-quality-label product-attribute-icon-wrapper clearfix\">\n<\/div>\n","protected":false},"excerpt":{"rendered":"<p>Longitud media, control total: con los calcetines The Run Compression Mid Cut Socks 4.0 para hombre, disfruta de las ventajas de unos calcetines de running perfectos para tus carreras por senderos, arena u otros terrenos irregulares. Los calcetines de running de longitud media son ahora cuatro cent\u00edmetros m\u00e1s largos que los anteriores Short Socks. La &hellip; <a href=\"https:\/\/www.miomiorun.com\/es\/producto\/cep-mid-cut-socks-4-0-hombre\/\">Continued<\/a><\/p>\n","protected":false},"featured_media":233594,"template":"","meta":{"_acf_changed":false,"inline_featured_image":false},"product_brand":[],"product_cat":[24462,24463,24464],"product_tag":[23468,23665],"class_list":{"0":"post-281567","1":"product","2":"type-product","3":"status-publish","4":"has-post-thumbnail","6":"product_cat-calcetines-es-2","7":"product_cat-ropa-de-hombre-es","8":"product_cat-hombre","9":"product_tag-cep-es","10":"product_tag-cep-hombre","11":"pa_attivita-caminar","12":"pa_attivita-running-es","13":"pa_colore-mid-cut-socks-v4-pink-es","14":"pa_marca-cep-es","15":"pa_sesso-hombre","16":"pa_size-39-42-es","18":"first","19":"instock","20":"sale","21":"taxable","22":"shipping-taxable","23":"purchasable","24":"product-type-variable","25":"wvs-archive-product-wrapper"},"acf":[],"yoast_head":"<!-- This site is optimized with the Yoast SEO plugin v26.8 - https:\/\/yoast.com\/product\/yoast-seo-wordpress\/ -->\n<title>Cep Mid Cut Socks 4.0 hombre - Calcetines de running - MioMioRun.com<\/title>\n<meta name=\"description\" content=\"Los calcetines de corte medio para hombre cuentan con varias funciones de ventilaci\u00f3n para garantizar una sensaci\u00f3n de bienestar en los pies.\" \/>\n<meta name=\"robots\" content=\"index, follow, max-snippet:-1, max-image-preview:large, max-video-preview:-1\" \/>\n<link rel=\"canonical\" href=\"https:\/\/www.miomiorun.com\/es\/producto\/cep-mid-cut-socks-4-0-hombre\/\" \/>\n<meta property=\"og:locale\" content=\"es_ES\" \/>\n<meta property=\"og:type\" content=\"article\" \/>\n<meta property=\"og:title\" content=\"Cep Mid Cut Socks 4.0 hombre - Calcetines de running - MioMioRun.com\" \/>\n<meta property=\"og:description\" content=\"Los calcetines de corte medio para hombre cuentan con varias funciones de ventilaci\u00f3n para garantizar una sensaci\u00f3n de bienestar en los pies.\" \/>\n<meta property=\"og:url\" content=\"https:\/\/www.miomiorun.com\/es\/producto\/cep-mid-cut-socks-4-0-hombre\/\" \/>\n<meta property=\"og:site_name\" content=\"MioMioRun\" \/>\n<meta property=\"article:publisher\" content=\"https:\/\/www.facebook.com\/miomiorun\/\" \/>\n<meta property=\"article:modified_time\" content=\"2026-05-05T16:22:40+00:00\" \/>\n<meta property=\"og:image\" content=\"https:\/\/www.miomiorun.com\/app\/uploads\/2021\/10\/cep-Animal-mid-cut-WP3CBD.jpg\" \/>\n\t<meta property=\"og:image:width\" content=\"600\" \/>\n\t<meta property=\"og:image:height\" content=\"600\" \/>\n\t<meta property=\"og:image:type\" content=\"image\/jpeg\" \/>\n<meta name=\"twitter:card\" content=\"summary_large_image\" \/>\n<meta name=\"twitter:label1\" content=\"Est. reading time\" \/>\n\t<meta name=\"twitter:data1\" content=\"2 minutes\" \/>\n<script type=\"application\/ld+json\" class=\"yoast-schema-graph\">{\"@context\":\"https:\/\/schema.org\",\"@graph\":[{\"@type\":\"WebPage\",\"@id\":\"https:\/\/www.miomiorun.com\/es\/producto\/cep-mid-cut-socks-4-0-hombre\/\",\"url\":\"https:\/\/www.miomiorun.com\/es\/producto\/cep-mid-cut-socks-4-0-hombre\/\",\"name\":\"Cep Mid Cut Socks 4.0 hombre - Calcetines de running - MioMioRun.com\",\"isPartOf\":{\"@id\":\"https:\/\/www.miomiorun.com\/es\/#website\"},\"primaryImageOfPage\":{\"@id\":\"https:\/\/www.miomiorun.com\/es\/producto\/cep-mid-cut-socks-4-0-hombre\/#primaryimage\"},\"image\":{\"@id\":\"https:\/\/www.miomiorun.com\/es\/producto\/cep-mid-cut-socks-4-0-hombre\/#primaryimage\"},\"thumbnailUrl\":\"https:\/\/www.miomiorun.com\/app\/uploads\/2021\/10\/cep-Animal-mid-cut-WP3CBD.jpg\",\"datePublished\":\"2022-04-06T08:46:52+00:00\",\"dateModified\":\"2026-05-05T16:22:40+00:00\",\"description\":\"Los calcetines de corte medio para hombre cuentan con varias funciones de ventilaci\u00f3n para garantizar una sensaci\u00f3n de bienestar en los pies.\",\"breadcrumb\":{\"@id\":\"https:\/\/www.miomiorun.com\/es\/producto\/cep-mid-cut-socks-4-0-hombre\/#breadcrumb\"},\"inLanguage\":\"es-ES\",\"potentialAction\":[{\"@type\":\"ReadAction\",\"target\":[\"https:\/\/www.miomiorun.com\/es\/producto\/cep-mid-cut-socks-4-0-hombre\/\"]}]},{\"@type\":\"ImageObject\",\"inLanguage\":\"es-ES\",\"@id\":\"https:\/\/www.miomiorun.com\/es\/producto\/cep-mid-cut-socks-4-0-hombre\/#primaryimage\",\"url\":\"https:\/\/www.miomiorun.com\/app\/uploads\/2021\/10\/cep-Animal-mid-cut-WP3CBD.jpg\",\"contentUrl\":\"https:\/\/www.miomiorun.com\/app\/uploads\/2021\/10\/cep-Animal-mid-cut-WP3CBD.jpg\",\"width\":600,\"height\":600,\"caption\":\"cep-Animal-mid-cut-WP3CBD\"},{\"@type\":\"BreadcrumbList\",\"@id\":\"https:\/\/www.miomiorun.com\/es\/producto\/cep-mid-cut-socks-4-0-hombre\/#breadcrumb\",\"itemListElement\":[{\"@type\":\"ListItem\",\"position\":1,\"name\":\"Home\",\"item\":\"https:\/\/www.miomiorun.com\/es\/\"},{\"@type\":\"ListItem\",\"position\":2,\"name\":\"Shop\",\"item\":\"https:\/\/www.miomiorun.com\/shop\/\"},{\"@type\":\"ListItem\",\"position\":3,\"name\":\"Mid Cut Socks 4.0 hombre\"}]},{\"@type\":\"WebSite\",\"@id\":\"https:\/\/www.miomiorun.com\/es\/#website\",\"url\":\"https:\/\/www.miomiorun.com\/es\/\",\"name\":\"MioMioRun\",\"description\":\"Tienda 100% running y trail\",\"publisher\":{\"@id\":\"https:\/\/www.miomiorun.com\/es\/#organization\"},\"potentialAction\":[{\"@type\":\"SearchAction\",\"target\":{\"@type\":\"EntryPoint\",\"urlTemplate\":\"https:\/\/www.miomiorun.com\/es\/?s={search_term_string}\"},\"query-input\":{\"@type\":\"PropertyValueSpecification\",\"valueRequired\":true,\"valueName\":\"search_term_string\"}}],\"inLanguage\":\"es-ES\"},{\"@type\":\"Organization\",\"@id\":\"https:\/\/www.miomiorun.com\/es\/#organization\",\"name\":\"MioMio Run\",\"url\":\"https:\/\/www.miomiorun.com\/es\/\",\"logo\":{\"@type\":\"ImageObject\",\"inLanguage\":\"es-ES\",\"@id\":\"https:\/\/www.miomiorun.com\/es\/#\/schema\/logo\/image\/\",\"url\":\"https:\/\/www.miomiorun.com\/app\/uploads\/2019\/12\/logomio.png\",\"contentUrl\":\"https:\/\/www.miomiorun.com\/app\/uploads\/2019\/12\/logomio.png\",\"width\":115,\"height\":82,\"caption\":\"MioMio Run\"},\"image\":{\"@id\":\"https:\/\/www.miomiorun.com\/es\/#\/schema\/logo\/image\/\"},\"sameAs\":[\"https:\/\/www.facebook.com\/miomiorun\/\",\"https:\/\/www.instagram.com\/miomiorun\/\"]}]}<\/script>\n<!-- \/ Yoast SEO plugin. -->","yoast_head_json":{"title":"Cep Mid Cut Socks 4.0 hombre - Calcetines de running - MioMioRun.com","description":"Los calcetines de corte medio para hombre cuentan con varias funciones de ventilaci\u00f3n para garantizar una sensaci\u00f3n de bienestar en los pies.","robots":{"index":"index","follow":"follow","max-snippet":"max-snippet:-1","max-image-preview":"max-image-preview:large","max-video-preview":"max-video-preview:-1"},"canonical":"https:\/\/www.miomiorun.com\/es\/producto\/cep-mid-cut-socks-4-0-hombre\/","og_locale":"es_ES","og_type":"article","og_title":"Cep Mid Cut Socks 4.0 hombre - Calcetines de running - MioMioRun.com","og_description":"Los calcetines de corte medio para hombre cuentan con varias funciones de ventilaci\u00f3n para garantizar una sensaci\u00f3n de bienestar en los pies.","og_url":"https:\/\/www.miomiorun.com\/es\/producto\/cep-mid-cut-socks-4-0-hombre\/","og_site_name":"MioMioRun","article_publisher":"https:\/\/www.facebook.com\/miomiorun\/","article_modified_time":"2026-05-05T16:22:40+00:00","og_image":[{"width":600,"height":600,"url":"https:\/\/www.miomiorun.com\/app\/uploads\/2021\/10\/cep-Animal-mid-cut-WP3CBD.jpg","type":"image\/jpeg"}],"twitter_card":"summary_large_image","twitter_misc":{"Est. reading time":"2 minutes"},"schema":{"@context":"https:\/\/schema.org","@graph":[{"@type":"WebPage","@id":"https:\/\/www.miomiorun.com\/es\/producto\/cep-mid-cut-socks-4-0-hombre\/","url":"https:\/\/www.miomiorun.com\/es\/producto\/cep-mid-cut-socks-4-0-hombre\/","name":"Cep Mid Cut Socks 4.0 hombre - Calcetines de running - MioMioRun.com","isPartOf":{"@id":"https:\/\/www.miomiorun.com\/es\/#website"},"primaryImageOfPage":{"@id":"https:\/\/www.miomiorun.com\/es\/producto\/cep-mid-cut-socks-4-0-hombre\/#primaryimage"},"image":{"@id":"https:\/\/www.miomiorun.com\/es\/producto\/cep-mid-cut-socks-4-0-hombre\/#primaryimage"},"thumbnailUrl":"https:\/\/www.miomiorun.com\/app\/uploads\/2021\/10\/cep-Animal-mid-cut-WP3CBD.jpg","datePublished":"2022-04-06T08:46:52+00:00","dateModified":"2026-05-05T16:22:40+00:00","description":"Los calcetines de corte medio para hombre cuentan con varias funciones de ventilaci\u00f3n para garantizar una sensaci\u00f3n de bienestar en los pies.","breadcrumb":{"@id":"https:\/\/www.miomiorun.com\/es\/producto\/cep-mid-cut-socks-4-0-hombre\/#breadcrumb"},"inLanguage":"es-ES","potentialAction":[{"@type":"ReadAction","target":["https:\/\/www.miomiorun.com\/es\/producto\/cep-mid-cut-socks-4-0-hombre\/"]}]},{"@type":"ImageObject","inLanguage":"es-ES","@id":"https:\/\/www.miomiorun.com\/es\/producto\/cep-mid-cut-socks-4-0-hombre\/#primaryimage","url":"https:\/\/www.miomiorun.com\/app\/uploads\/2021\/10\/cep-Animal-mid-cut-WP3CBD.jpg","contentUrl":"https:\/\/www.miomiorun.com\/app\/uploads\/2021\/10\/cep-Animal-mid-cut-WP3CBD.jpg","width":600,"height":600,"caption":"cep-Animal-mid-cut-WP3CBD"},{"@type":"BreadcrumbList","@id":"https:\/\/www.miomiorun.com\/es\/producto\/cep-mid-cut-socks-4-0-hombre\/#breadcrumb","itemListElement":[{"@type":"ListItem","position":1,"name":"Home","item":"https:\/\/www.miomiorun.com\/es\/"},{"@type":"ListItem","position":2,"name":"Shop","item":"https:\/\/www.miomiorun.com\/shop\/"},{"@type":"ListItem","position":3,"name":"Mid Cut Socks 4.0 hombre"}]},{"@type":"WebSite","@id":"https:\/\/www.miomiorun.com\/es\/#website","url":"https:\/\/www.miomiorun.com\/es\/","name":"MioMioRun","description":"Tienda 100% running y trail","publisher":{"@id":"https:\/\/www.miomiorun.com\/es\/#organization"},"potentialAction":[{"@type":"SearchAction","target":{"@type":"EntryPoint","urlTemplate":"https:\/\/www.miomiorun.com\/es\/?s={search_term_string}"},"query-input":{"@type":"PropertyValueSpecification","valueRequired":true,"valueName":"search_term_string"}}],"inLanguage":"es-ES"},{"@type":"Organization","@id":"https:\/\/www.miomiorun.com\/es\/#organization","name":"MioMio Run","url":"https:\/\/www.miomiorun.com\/es\/","logo":{"@type":"ImageObject","inLanguage":"es-ES","@id":"https:\/\/www.miomiorun.com\/es\/#\/schema\/logo\/image\/","url":"https:\/\/www.miomiorun.com\/app\/uploads\/2019\/12\/logomio.png","contentUrl":"https:\/\/www.miomiorun.com\/app\/uploads\/2019\/12\/logomio.png","width":115,"height":82,"caption":"MioMio Run"},"image":{"@id":"https:\/\/www.miomiorun.com\/es\/#\/schema\/logo\/image\/"},"sameAs":["https:\/\/www.facebook.com\/miomiorun\/","https:\/\/www.instagram.com\/miomiorun\/"]}]}},"_links":{"self":[{"href":"https:\/\/www.miomiorun.com\/es\/wp-json\/wp\/v2\/product\/281567","targetHints":{"allow":["GET"]}}],"collection":[{"href":"https:\/\/www.miomiorun.com\/es\/wp-json\/wp\/v2\/product"}],"about":[{"href":"https:\/\/www.miomiorun.com\/es\/wp-json\/wp\/v2\/types\/product"}],"wp:featuredmedia":[{"embeddable":true,"href":"https:\/\/www.miomiorun.com\/es\/wp-json\/wp\/v2\/media\/233594"}],"wp:attachment":[{"href":"https:\/\/www.miomiorun.com\/es\/wp-json\/wp\/v2\/media?parent=281567"}],"wp:term":[{"taxonomy":"product_brand","embeddable":true,"href":"https:\/\/www.miomiorun.com\/es\/wp-json\/wp\/v2\/product_brand?post=281567"},{"taxonomy":"product_cat","embeddable":true,"href":"https:\/\/www.miomiorun.com\/es\/wp-json\/wp\/v2\/product_cat?post=281567"},{"taxonomy":"product_tag","embeddable":true,"href":"https:\/\/www.miomiorun.com\/es\/wp-json\/wp\/v2\/product_tag?post=281567"}],"curies":[{"name":"wp","href":"https:\/\/api.w.org\/{rel}","templated":true}]}}