{"id":281452,"date":"2021-11-03T10:38:35","date_gmt":"2021-11-03T09:38:35","guid":{"rendered":"https:\/\/miomiorun.com\/prodotto\/leki-hs-nordic-race-premium\/"},"modified":"2026-05-04T18:35:02","modified_gmt":"2026-05-04T16:35:02","slug":"leki-hs-nordic-race-premium","status":"publish","type":"product","link":"https:\/\/www.miomiorun.com\/es\/producto\/leki-hs-nordic-race-premium\/","title":{"rendered":"HS Nordic Race Premium"},"content":{"rendered":"<p id=\"tw-target-text\" class=\"tw-data-text tw-text-large XcVN5d tw-ta\" dir=\"ltr\" data-placeholder=\"Traduzione\"><span class=\"Y2IQFc\" lang=\"it\">Los guantes de esqu\u00ed n\u00f3rdico funcionales de Leki <strong>NORDIC RACE PREMIUM<\/strong> te ofrecen todo lo que unos guantes de esqu\u00ed n\u00f3rdico pueden ofrecer a la perfecci\u00f3n. El material de la parte superior, Soft Span, es muy el\u00e1stico gracias a su elasticidad en 4 direcciones y permite realizar cualquier movimiento de la mano sin esfuerzo. La palma es de piel de cabra premium de alta calidad. La piel es extremadamente el\u00e1stica y ofrece un agarre fiable. El forro <strong>Gore-Tex Infinium\u2122<\/strong> garantiza un clima ideal para la mano gracias a su transpirabilidad y resistencia al viento. El <strong>Flex Cuff System<\/strong> facilita pon\u00e9rselos y quit\u00e1rselos, adem\u00e1s de proporcionar un ajuste \u00f3ptimo en la mu\u00f1eca. <\/span><\/p>\n<p class=\"tw-data-text tw-text-large XcVN5d tw-ta\" dir=\"ltr\" data-placeholder=\"Traduzione\"><span class=\"Y2IQFc\" lang=\"it\">Esto hace que el Nordic Race Premium de LEKI sea ideal para deportistas ambiciosos, tanto en los entrenamientos como en la competici\u00f3n.<\/span><\/p>\n<p dir=\"ltr\" data-placeholder=\"Traduzione\"><strong>Caracter\u00edsticas:<\/strong><\/p>\n<p class=\"tw-data-text tw-text-large XcVN5d tw-ta\" dir=\"ltr\" data-placeholder=\"Traduzione\"><span class=\"Y2IQFc\" lang=\"it\"><strong>Pu\u00f1o flexible<\/strong>: m<\/span><span class=\"Y2IQFc\" lang=\"it\">pu\u00f1o de neopreno flexible que permite pon\u00e9rselo y quit\u00e1rselo f\u00e1cilmente y ofrece un ajuste individual perfecto en la zona de la mu\u00f1eca.<\/span><\/p>\n<p class=\"tw-data-text tw-text-large XcVN5d tw-ta\" dir=\"ltr\" data-placeholder=\"Traduzione\"><span class=\"Y2IQFc\" lang=\"it\"><strong> Piel de cabra de primera calidad:<\/strong> piel de cabra resistente y de alta calidad que ofrece un mejor agarre y elasticidad.<\/span><\/p>\n<p class=\"tw-data-text tw-text-large XcVN5d tw-ta\" dir=\"ltr\" data-placeholder=\"Traduzione\"><span class=\"Y2IQFc\" lang=\"it\"><strong>Gore-Tex Infinium\u2122 Windstopper\u00ae:<\/strong> forro laminado de la marca Gore, totalmente cortavientos y muy transpirable, agradablemente suave y c\u00e1lido.<\/span><\/p>\n<p class=\"tw-data-text tw-text-large XcVN5d tw-ta\" dir=\"ltr\" data-placeholder=\"Traduzione\"><span class=\"Y2IQFc\" lang=\"it\"><strong>Micro Bemberg:<\/strong> repelente al agua, de secado r\u00e1pido, agradablemente suave y c\u00e1lido.<\/span><\/p>\n<p class=\"tw-data-text tw-text-large XcVN5d tw-ta\" dir=\"ltr\" data-placeholder=\"Traduzione\"><span class=\"Y2IQFc\" lang=\"it\"><strong> Nordic Race Fit:<\/strong> corte estrecho con una marcada precurvatura para un ajuste \u00f3ptimo.<\/span><\/p>\n","protected":false},"excerpt":{"rendered":"<p><span style=\"font-weight: 400\">\u00a0<\/span><\/p>\n<p>&nbsp;<\/p>\n","protected":false},"featured_media":234330,"template":"","meta":{"_acf_changed":false,"inline_featured_image":false},"product_brand":[],"product_cat":[24205,24223],"product_tag":[23595,23627,23630],"class_list":{"0":"post-281452","1":"product","2":"type-product","3":"status-publish","4":"has-post-thumbnail","6":"product_cat-accesorios","7":"product_cat-guantes","8":"product_tag-leki-es","9":"product_tag-leki-hombre","10":"product_tag-leki-mujer","11":"pa_attivita-outdoor-es","12":"pa_marca-leki-es","13":"pa_sesso-hombre","14":"pa_sesso-mujer","15":"pa_size-7-es","16":"pa_size-7-5-es","17":"pa_size-9-es","18":"pa_size-9-5-es","19":"pa_size-10-es","21":"first","22":"instock","23":"sale","24":"taxable","25":"shipping-taxable","26":"purchasable","27":"product-type-variable","28":"wvs-archive-product-wrapper"},"acf":[],"yoast_head":"<!-- This site is optimized with the Yoast SEO plugin v26.8 - https:\/\/yoast.com\/product\/yoast-seo-wordpress\/ -->\n<title>Leki HS Nordic Race Premium - Guantes para correr - MioMioRun<\/title>\n<meta name=\"description\" content=\"Los guantes de esqu\u00ed n\u00f3rdico Leki NORDIC RACE PREMIUM te ofrecen todo lo que unos guantes de esqu\u00ed n\u00f3rdico pueden ofrecer a la perfecci\u00f3n.\" \/>\n<meta name=\"robots\" content=\"index, follow, max-snippet:-1, max-image-preview:large, max-video-preview:-1\" \/>\n<link rel=\"canonical\" href=\"https:\/\/www.miomiorun.com\/es\/producto\/leki-hs-nordic-race-premium\/\" \/>\n<meta property=\"og:locale\" content=\"es_ES\" \/>\n<meta property=\"og:type\" content=\"article\" \/>\n<meta property=\"og:title\" content=\"Leki HS Nordic Race Premium - Guantes para correr - MioMioRun\" \/>\n<meta property=\"og:description\" content=\"Los guantes de esqu\u00ed n\u00f3rdico Leki NORDIC RACE PREMIUM te ofrecen todo lo que unos guantes de esqu\u00ed n\u00f3rdico pueden ofrecer a la perfecci\u00f3n.\" \/>\n<meta property=\"og:url\" content=\"https:\/\/www.miomiorun.com\/es\/producto\/leki-hs-nordic-race-premium\/\" \/>\n<meta property=\"og:site_name\" content=\"MioMioRun\" \/>\n<meta property=\"article:publisher\" content=\"https:\/\/www.facebook.com\/miomiorun\/\" \/>\n<meta property=\"article:modified_time\" content=\"2026-05-04T16:35:02+00:00\" \/>\n<meta property=\"og:image\" content=\"https:\/\/www.miomiorun.com\/app\/uploads\/2021\/11\/leki-HS-Nordic-Race-Premium-65190330.jpg\" \/>\n\t<meta property=\"og:image:width\" content=\"600\" \/>\n\t<meta property=\"og:image:height\" content=\"600\" \/>\n\t<meta property=\"og:image:type\" content=\"image\/jpeg\" \/>\n<meta name=\"twitter:card\" content=\"summary_large_image\" \/>\n<meta name=\"twitter:label1\" content=\"Est. reading time\" \/>\n\t<meta name=\"twitter:data1\" content=\"1 minute\" \/>\n<script type=\"application\/ld+json\" class=\"yoast-schema-graph\">{\"@context\":\"https:\/\/schema.org\",\"@graph\":[{\"@type\":\"WebPage\",\"@id\":\"https:\/\/www.miomiorun.com\/es\/producto\/leki-hs-nordic-race-premium\/\",\"url\":\"https:\/\/www.miomiorun.com\/es\/producto\/leki-hs-nordic-race-premium\/\",\"name\":\"Leki HS Nordic Race Premium - Guantes para correr - MioMioRun\",\"isPartOf\":{\"@id\":\"https:\/\/www.miomiorun.com\/es\/#website\"},\"primaryImageOfPage\":{\"@id\":\"https:\/\/www.miomiorun.com\/es\/producto\/leki-hs-nordic-race-premium\/#primaryimage\"},\"image\":{\"@id\":\"https:\/\/www.miomiorun.com\/es\/producto\/leki-hs-nordic-race-premium\/#primaryimage\"},\"thumbnailUrl\":\"https:\/\/www.miomiorun.com\/app\/uploads\/2021\/11\/leki-HS-Nordic-Race-Premium-65190330.jpg\",\"datePublished\":\"2021-11-03T09:38:35+00:00\",\"dateModified\":\"2026-05-04T16:35:02+00:00\",\"description\":\"Los guantes de esqu\u00ed n\u00f3rdico Leki NORDIC RACE PREMIUM te ofrecen todo lo que unos guantes de esqu\u00ed n\u00f3rdico pueden ofrecer a la perfecci\u00f3n.\",\"breadcrumb\":{\"@id\":\"https:\/\/www.miomiorun.com\/es\/producto\/leki-hs-nordic-race-premium\/#breadcrumb\"},\"inLanguage\":\"es-ES\",\"potentialAction\":[{\"@type\":\"ReadAction\",\"target\":[\"https:\/\/www.miomiorun.com\/es\/producto\/leki-hs-nordic-race-premium\/\"]}]},{\"@type\":\"ImageObject\",\"inLanguage\":\"es-ES\",\"@id\":\"https:\/\/www.miomiorun.com\/es\/producto\/leki-hs-nordic-race-premium\/#primaryimage\",\"url\":\"https:\/\/www.miomiorun.com\/app\/uploads\/2021\/11\/leki-HS-Nordic-Race-Premium-65190330.jpg\",\"contentUrl\":\"https:\/\/www.miomiorun.com\/app\/uploads\/2021\/11\/leki-HS-Nordic-Race-Premium-65190330.jpg\",\"width\":600,\"height\":600,\"caption\":\"leki hs nordic race premium\"},{\"@type\":\"BreadcrumbList\",\"@id\":\"https:\/\/www.miomiorun.com\/es\/producto\/leki-hs-nordic-race-premium\/#breadcrumb\",\"itemListElement\":[{\"@type\":\"ListItem\",\"position\":1,\"name\":\"Home\",\"item\":\"https:\/\/www.miomiorun.com\/es\/\"},{\"@type\":\"ListItem\",\"position\":2,\"name\":\"Shop\",\"item\":\"https:\/\/www.miomiorun.com\/shop\/\"},{\"@type\":\"ListItem\",\"position\":3,\"name\":\"HS Nordic Race Premium\"}]},{\"@type\":\"WebSite\",\"@id\":\"https:\/\/www.miomiorun.com\/es\/#website\",\"url\":\"https:\/\/www.miomiorun.com\/es\/\",\"name\":\"MioMioRun\",\"description\":\"Tienda 100% running y trail\",\"publisher\":{\"@id\":\"https:\/\/www.miomiorun.com\/es\/#organization\"},\"potentialAction\":[{\"@type\":\"SearchAction\",\"target\":{\"@type\":\"EntryPoint\",\"urlTemplate\":\"https:\/\/www.miomiorun.com\/es\/?s={search_term_string}\"},\"query-input\":{\"@type\":\"PropertyValueSpecification\",\"valueRequired\":true,\"valueName\":\"search_term_string\"}}],\"inLanguage\":\"es-ES\"},{\"@type\":\"Organization\",\"@id\":\"https:\/\/www.miomiorun.com\/es\/#organization\",\"name\":\"MioMio Run\",\"url\":\"https:\/\/www.miomiorun.com\/es\/\",\"logo\":{\"@type\":\"ImageObject\",\"inLanguage\":\"es-ES\",\"@id\":\"https:\/\/www.miomiorun.com\/es\/#\/schema\/logo\/image\/\",\"url\":\"https:\/\/www.miomiorun.com\/app\/uploads\/2019\/12\/logomio.png\",\"contentUrl\":\"https:\/\/www.miomiorun.com\/app\/uploads\/2019\/12\/logomio.png\",\"width\":115,\"height\":82,\"caption\":\"MioMio Run\"},\"image\":{\"@id\":\"https:\/\/www.miomiorun.com\/es\/#\/schema\/logo\/image\/\"},\"sameAs\":[\"https:\/\/www.facebook.com\/miomiorun\/\",\"https:\/\/www.instagram.com\/miomiorun\/\"]}]}<\/script>\n<!-- \/ Yoast SEO plugin. -->","yoast_head_json":{"title":"Leki HS Nordic Race Premium - Guantes para correr - MioMioRun","description":"Los guantes de esqu\u00ed n\u00f3rdico Leki NORDIC RACE PREMIUM te ofrecen todo lo que unos guantes de esqu\u00ed n\u00f3rdico pueden ofrecer a la perfecci\u00f3n.","robots":{"index":"index","follow":"follow","max-snippet":"max-snippet:-1","max-image-preview":"max-image-preview:large","max-video-preview":"max-video-preview:-1"},"canonical":"https:\/\/www.miomiorun.com\/es\/producto\/leki-hs-nordic-race-premium\/","og_locale":"es_ES","og_type":"article","og_title":"Leki HS Nordic Race Premium - Guantes para correr - MioMioRun","og_description":"Los guantes de esqu\u00ed n\u00f3rdico Leki NORDIC RACE PREMIUM te ofrecen todo lo que unos guantes de esqu\u00ed n\u00f3rdico pueden ofrecer a la perfecci\u00f3n.","og_url":"https:\/\/www.miomiorun.com\/es\/producto\/leki-hs-nordic-race-premium\/","og_site_name":"MioMioRun","article_publisher":"https:\/\/www.facebook.com\/miomiorun\/","article_modified_time":"2026-05-04T16:35:02+00:00","og_image":[{"width":600,"height":600,"url":"https:\/\/www.miomiorun.com\/app\/uploads\/2021\/11\/leki-HS-Nordic-Race-Premium-65190330.jpg","type":"image\/jpeg"}],"twitter_card":"summary_large_image","twitter_misc":{"Est. reading time":"1 minute"},"schema":{"@context":"https:\/\/schema.org","@graph":[{"@type":"WebPage","@id":"https:\/\/www.miomiorun.com\/es\/producto\/leki-hs-nordic-race-premium\/","url":"https:\/\/www.miomiorun.com\/es\/producto\/leki-hs-nordic-race-premium\/","name":"Leki HS Nordic Race Premium - Guantes para correr - MioMioRun","isPartOf":{"@id":"https:\/\/www.miomiorun.com\/es\/#website"},"primaryImageOfPage":{"@id":"https:\/\/www.miomiorun.com\/es\/producto\/leki-hs-nordic-race-premium\/#primaryimage"},"image":{"@id":"https:\/\/www.miomiorun.com\/es\/producto\/leki-hs-nordic-race-premium\/#primaryimage"},"thumbnailUrl":"https:\/\/www.miomiorun.com\/app\/uploads\/2021\/11\/leki-HS-Nordic-Race-Premium-65190330.jpg","datePublished":"2021-11-03T09:38:35+00:00","dateModified":"2026-05-04T16:35:02+00:00","description":"Los guantes de esqu\u00ed n\u00f3rdico Leki NORDIC RACE PREMIUM te ofrecen todo lo que unos guantes de esqu\u00ed n\u00f3rdico pueden ofrecer a la perfecci\u00f3n.","breadcrumb":{"@id":"https:\/\/www.miomiorun.com\/es\/producto\/leki-hs-nordic-race-premium\/#breadcrumb"},"inLanguage":"es-ES","potentialAction":[{"@type":"ReadAction","target":["https:\/\/www.miomiorun.com\/es\/producto\/leki-hs-nordic-race-premium\/"]}]},{"@type":"ImageObject","inLanguage":"es-ES","@id":"https:\/\/www.miomiorun.com\/es\/producto\/leki-hs-nordic-race-premium\/#primaryimage","url":"https:\/\/www.miomiorun.com\/app\/uploads\/2021\/11\/leki-HS-Nordic-Race-Premium-65190330.jpg","contentUrl":"https:\/\/www.miomiorun.com\/app\/uploads\/2021\/11\/leki-HS-Nordic-Race-Premium-65190330.jpg","width":600,"height":600,"caption":"leki hs nordic race premium"},{"@type":"BreadcrumbList","@id":"https:\/\/www.miomiorun.com\/es\/producto\/leki-hs-nordic-race-premium\/#breadcrumb","itemListElement":[{"@type":"ListItem","position":1,"name":"Home","item":"https:\/\/www.miomiorun.com\/es\/"},{"@type":"ListItem","position":2,"name":"Shop","item":"https:\/\/www.miomiorun.com\/shop\/"},{"@type":"ListItem","position":3,"name":"HS Nordic Race Premium"}]},{"@type":"WebSite","@id":"https:\/\/www.miomiorun.com\/es\/#website","url":"https:\/\/www.miomiorun.com\/es\/","name":"MioMioRun","description":"Tienda 100% running y trail","publisher":{"@id":"https:\/\/www.miomiorun.com\/es\/#organization"},"potentialAction":[{"@type":"SearchAction","target":{"@type":"EntryPoint","urlTemplate":"https:\/\/www.miomiorun.com\/es\/?s={search_term_string}"},"query-input":{"@type":"PropertyValueSpecification","valueRequired":true,"valueName":"search_term_string"}}],"inLanguage":"es-ES"},{"@type":"Organization","@id":"https:\/\/www.miomiorun.com\/es\/#organization","name":"MioMio Run","url":"https:\/\/www.miomiorun.com\/es\/","logo":{"@type":"ImageObject","inLanguage":"es-ES","@id":"https:\/\/www.miomiorun.com\/es\/#\/schema\/logo\/image\/","url":"https:\/\/www.miomiorun.com\/app\/uploads\/2019\/12\/logomio.png","contentUrl":"https:\/\/www.miomiorun.com\/app\/uploads\/2019\/12\/logomio.png","width":115,"height":82,"caption":"MioMio Run"},"image":{"@id":"https:\/\/www.miomiorun.com\/es\/#\/schema\/logo\/image\/"},"sameAs":["https:\/\/www.facebook.com\/miomiorun\/","https:\/\/www.instagram.com\/miomiorun\/"]}]}},"_links":{"self":[{"href":"https:\/\/www.miomiorun.com\/es\/wp-json\/wp\/v2\/product\/281452","targetHints":{"allow":["GET"]}}],"collection":[{"href":"https:\/\/www.miomiorun.com\/es\/wp-json\/wp\/v2\/product"}],"about":[{"href":"https:\/\/www.miomiorun.com\/es\/wp-json\/wp\/v2\/types\/product"}],"wp:featuredmedia":[{"embeddable":true,"href":"https:\/\/www.miomiorun.com\/es\/wp-json\/wp\/v2\/media\/234330"}],"wp:attachment":[{"href":"https:\/\/www.miomiorun.com\/es\/wp-json\/wp\/v2\/media?parent=281452"}],"wp:term":[{"taxonomy":"product_brand","embeddable":true,"href":"https:\/\/www.miomiorun.com\/es\/wp-json\/wp\/v2\/product_brand?post=281452"},{"taxonomy":"product_cat","embeddable":true,"href":"https:\/\/www.miomiorun.com\/es\/wp-json\/wp\/v2\/product_cat?post=281452"},{"taxonomy":"product_tag","embeddable":true,"href":"https:\/\/www.miomiorun.com\/es\/wp-json\/wp\/v2\/product_tag?post=281452"}],"curies":[{"name":"wp","href":"https:\/\/api.w.org\/{rel}","templated":true}]}}