{"id":281446,"date":"2021-11-02T17:58:08","date_gmt":"2021-11-02T16:58:08","guid":{"rendered":"https:\/\/miomiorun.com\/prodotto\/uyn-exceleration-wind-pants-uomo\/"},"modified":"2026-05-04T18:34:16","modified_gmt":"2026-05-04T16:34:16","slug":"uyn-exceleration-wind-pants-hombre","status":"publish","type":"product","link":"https:\/\/www.miomiorun.com\/es\/producto\/uyn-exceleration-wind-pants-hombre\/","title":{"rendered":"Exceleration Wind Pants hombre"},"content":{"rendered":"<p>Los pantalones <strong>Exceleration Wind<\/strong> para hombre, con un panel cortavientos en la parte delantera, son ideales para correr y practicar actividades al aire libre en los d\u00edas fr\u00edos. Los dos bolsillos laterales est\u00e1n dise\u00f1ados para no limitar la libertad de movimiento. El corte recto con costuras flexibles en la parte inferior de la pierna garantiza la m\u00e1xima libertad, tanto para entrenamientos intensivos como para paseos por la naturaleza. La estructura principal de estos pantalones est\u00e1 compuesta por un tejido ligeramente felpudo y transpirable que ayuda a mantener la temperatura corporal ideal. En la zona de la pantorrilla, UYN ha incorporado la tecnolog\u00eda de memoria t\u00e9rmica, que permite que los m\u00fasculos se mantengan calientes y eficientes.<\/p>\n<p><b>Protecci\u00f3n contra el viento<\/b><br \/>\nUna t\u00e9cnica de confecci\u00f3n avanzada permite integrar paneles cortavientos en el dise\u00f1o de la prenda. Para garantizar la protecci\u00f3n contra las inclemencias del tiempo y, al mismo tiempo, aumentar la comodidad. La superficie cortavientos, combinada con la membrana ultrael\u00e1stica Membrain115-Membran, es flexible y ergon\u00f3mica, sin esa sensaci\u00f3n de rigidez del tejido que puede afectar a tu experiencia al correr.<\/p>\n<p><b>Membrana 115<\/b><br \/>\nGracias a un nuevo m\u00e9todo de fabricaci\u00f3n, se ha creado una chaqueta h\u00edbrida revolucionaria. Un nuevo material de alta inteligencia: piensa contigo y siente contigo. La membrana unida a la estructura del tejido es extremadamente el\u00e1stica y se adapta perfectamente a la elasticidad del tejido. Gracias a esta construcci\u00f3n completamente nueva, la Membrain 115 es tan impermeable como transpirable, cortavientos y, por supuesto, extremadamente resistente.<\/p>\n<p><b>Memoria t\u00e9rmica<\/b><br \/>\nTe mantiene caliente mientras descansas. Las c\u00e1maras de aire aislantes de la tecnolog\u00eda de memoria t\u00e9rmica protegen el cuerpo del enfriamiento. Esto es especialmente importante cuando los m\u00fasculos se enfr\u00edan tras la fase de ejercicio. As\u00ed, tu cuerpo se mantiene caliente y eficiente.<\/p>\n<p><b>Costillas flexibles<\/b><br \/>\nLas estructuras tridimensionales paralelas aumentan la capacidad del tejido para estirarse y recuperar su forma original, lo que garantiza un ajuste \u00f3ptimo. Adem\u00e1s, act\u00faan como separadores cuando se lleva una capa adicional, facilitando la circulaci\u00f3n del aire entre ambas capas.<\/p>\n<p><b>Texlyte Nano<\/b><br \/>\nUYN ha utilizado el hilo Texlyte Nano en zonas estrat\u00e9gicas para evacuar r\u00e1pidamente el sudor hacia el exterior y garantizar una sensaci\u00f3n de bienestar duradera. Texlyte Nano est\u00e1 fabricado en polipropileno, una de las fibras sint\u00e9ticas m\u00e1s ligeras del mercado. Es un 34 % m\u00e1s ligero que el poli\u00e9ster. Texlyte Nano tambi\u00e9n es totalmente reciclable, lo que lo convierte en un 34 % m\u00e1s ligero que el poli\u00e9ster. Texlyte Nano es, adem\u00e1s, totalmente reciclable y, por lo tanto, ecol\u00f3gico.<\/p>\n","protected":false},"excerpt":{"rendered":"<p>Los pantalones Exceleration Wind para hombre, con un panel cortavientos en la parte delantera, son ideales para correr y practicar actividades al aire libre en los d\u00edas fr\u00edos. Los dos bolsillos laterales est\u00e1n dise\u00f1ados para no limitar la libertad de movimiento. El corte recto con costuras flexibles en la parte inferior de la pierna garantiza &hellip; <a href=\"https:\/\/www.miomiorun.com\/es\/producto\/uyn-exceleration-wind-pants-hombre\/\">Continued<\/a><\/p>\n","protected":false},"featured_media":234332,"template":"","meta":{"_acf_changed":false,"inline_featured_image":false},"product_brand":[],"product_cat":[24457,24463,24459,24464],"product_tag":[23525,23572],"class_list":{"0":"post-281446","1":"product","2":"type-product","3":"status-publish","4":"has-post-thumbnail","6":"product_cat-pantalones-cortos-es-2","7":"product_cat-ropa-de-hombre-es","8":"product_cat-ropa-interior-es-2","9":"product_cat-hombre","10":"product_tag-uyn-es","11":"product_tag-uyn-hombre","12":"pa_attivita-caminar","13":"pa_attivita-running-es","14":"pa_marca-uyn-es","15":"pa_sesso-hombre","16":"pa_size-large-es","18":"first","19":"instock","20":"sale","21":"taxable","22":"shipping-taxable","23":"purchasable","24":"product-type-variable","25":"wvs-archive-product-wrapper"},"acf":[],"yoast_head":"<!-- This site is optimized with the Yoast SEO plugin v26.8 - https:\/\/yoast.com\/product\/yoast-seo-wordpress\/ -->\n<title>Uyn Exceleration Wind Pants hombre - Pantalones t\u00e9rmicos - MioMioRun<\/title>\n<meta name=\"description\" content=\"Los pantalones Exceleration Wind para hombre, con un panel cortavientos en la parte delantera, son ideales para correr y practicar actividades al aire libre.\" \/>\n<meta name=\"robots\" content=\"index, follow, max-snippet:-1, max-image-preview:large, max-video-preview:-1\" \/>\n<link rel=\"canonical\" href=\"https:\/\/www.miomiorun.com\/es\/producto\/uyn-exceleration-wind-pants-hombre\/\" \/>\n<meta property=\"og:locale\" content=\"es_ES\" \/>\n<meta property=\"og:type\" content=\"article\" \/>\n<meta property=\"og:title\" content=\"Uyn Exceleration Wind Pants hombre - Pantalones t\u00e9rmicos - MioMioRun\" \/>\n<meta property=\"og:description\" content=\"Los pantalones Exceleration Wind para hombre, con un panel cortavientos en la parte delantera, son ideales para correr y practicar actividades al aire libre.\" \/>\n<meta property=\"og:url\" content=\"https:\/\/www.miomiorun.com\/es\/producto\/uyn-exceleration-wind-pants-hombre\/\" \/>\n<meta property=\"og:site_name\" content=\"MioMioRun\" \/>\n<meta property=\"article:publisher\" content=\"https:\/\/www.facebook.com\/miomiorun\/\" \/>\n<meta property=\"article:modified_time\" content=\"2026-05-04T16:34:16+00:00\" \/>\n<meta property=\"og:image\" content=\"https:\/\/www.miomiorun.com\/app\/uploads\/2021\/11\/uyn-exceleration-wind-pants-O102170-93B646.jpg\" \/>\n\t<meta property=\"og:image:width\" content=\"600\" \/>\n\t<meta property=\"og:image:height\" content=\"600\" \/>\n\t<meta property=\"og:image:type\" content=\"image\/jpeg\" \/>\n<meta name=\"twitter:card\" content=\"summary_large_image\" \/>\n<meta name=\"twitter:label1\" content=\"Est. reading time\" \/>\n\t<meta name=\"twitter:data1\" content=\"2 minutes\" \/>\n<script type=\"application\/ld+json\" class=\"yoast-schema-graph\">{\"@context\":\"https:\/\/schema.org\",\"@graph\":[{\"@type\":\"WebPage\",\"@id\":\"https:\/\/www.miomiorun.com\/es\/producto\/uyn-exceleration-wind-pants-hombre\/\",\"url\":\"https:\/\/www.miomiorun.com\/es\/producto\/uyn-exceleration-wind-pants-hombre\/\",\"name\":\"Uyn Exceleration Wind Pants hombre - Pantalones t\u00e9rmicos - MioMioRun\",\"isPartOf\":{\"@id\":\"https:\/\/www.miomiorun.com\/es\/#website\"},\"primaryImageOfPage\":{\"@id\":\"https:\/\/www.miomiorun.com\/es\/producto\/uyn-exceleration-wind-pants-hombre\/#primaryimage\"},\"image\":{\"@id\":\"https:\/\/www.miomiorun.com\/es\/producto\/uyn-exceleration-wind-pants-hombre\/#primaryimage\"},\"thumbnailUrl\":\"https:\/\/www.miomiorun.com\/app\/uploads\/2021\/11\/uyn-exceleration-wind-pants-O102170-93B646.jpg\",\"datePublished\":\"2021-11-02T16:58:08+00:00\",\"dateModified\":\"2026-05-04T16:34:16+00:00\",\"description\":\"Los pantalones Exceleration Wind para hombre, con un panel cortavientos en la parte delantera, son ideales para correr y practicar actividades al aire libre.\",\"breadcrumb\":{\"@id\":\"https:\/\/www.miomiorun.com\/es\/producto\/uyn-exceleration-wind-pants-hombre\/#breadcrumb\"},\"inLanguage\":\"es-ES\",\"potentialAction\":[{\"@type\":\"ReadAction\",\"target\":[\"https:\/\/www.miomiorun.com\/es\/producto\/uyn-exceleration-wind-pants-hombre\/\"]}]},{\"@type\":\"ImageObject\",\"inLanguage\":\"es-ES\",\"@id\":\"https:\/\/www.miomiorun.com\/es\/producto\/uyn-exceleration-wind-pants-hombre\/#primaryimage\",\"url\":\"https:\/\/www.miomiorun.com\/app\/uploads\/2021\/11\/uyn-exceleration-wind-pants-O102170-93B646.jpg\",\"contentUrl\":\"https:\/\/www.miomiorun.com\/app\/uploads\/2021\/11\/uyn-exceleration-wind-pants-O102170-93B646.jpg\",\"width\":600,\"height\":600,\"caption\":\"uyn exceleration wind pants\"},{\"@type\":\"BreadcrumbList\",\"@id\":\"https:\/\/www.miomiorun.com\/es\/producto\/uyn-exceleration-wind-pants-hombre\/#breadcrumb\",\"itemListElement\":[{\"@type\":\"ListItem\",\"position\":1,\"name\":\"Home\",\"item\":\"https:\/\/www.miomiorun.com\/es\/\"},{\"@type\":\"ListItem\",\"position\":2,\"name\":\"Shop\",\"item\":\"https:\/\/www.miomiorun.com\/shop\/\"},{\"@type\":\"ListItem\",\"position\":3,\"name\":\"Exceleration Wind Pants hombre\"}]},{\"@type\":\"WebSite\",\"@id\":\"https:\/\/www.miomiorun.com\/es\/#website\",\"url\":\"https:\/\/www.miomiorun.com\/es\/\",\"name\":\"MioMioRun\",\"description\":\"Tienda 100% running y trail\",\"publisher\":{\"@id\":\"https:\/\/www.miomiorun.com\/es\/#organization\"},\"potentialAction\":[{\"@type\":\"SearchAction\",\"target\":{\"@type\":\"EntryPoint\",\"urlTemplate\":\"https:\/\/www.miomiorun.com\/es\/?s={search_term_string}\"},\"query-input\":{\"@type\":\"PropertyValueSpecification\",\"valueRequired\":true,\"valueName\":\"search_term_string\"}}],\"inLanguage\":\"es-ES\"},{\"@type\":\"Organization\",\"@id\":\"https:\/\/www.miomiorun.com\/es\/#organization\",\"name\":\"MioMio Run\",\"url\":\"https:\/\/www.miomiorun.com\/es\/\",\"logo\":{\"@type\":\"ImageObject\",\"inLanguage\":\"es-ES\",\"@id\":\"https:\/\/www.miomiorun.com\/es\/#\/schema\/logo\/image\/\",\"url\":\"https:\/\/www.miomiorun.com\/app\/uploads\/2019\/12\/logomio.png\",\"contentUrl\":\"https:\/\/www.miomiorun.com\/app\/uploads\/2019\/12\/logomio.png\",\"width\":115,\"height\":82,\"caption\":\"MioMio Run\"},\"image\":{\"@id\":\"https:\/\/www.miomiorun.com\/es\/#\/schema\/logo\/image\/\"},\"sameAs\":[\"https:\/\/www.facebook.com\/miomiorun\/\",\"https:\/\/www.instagram.com\/miomiorun\/\"]}]}<\/script>\n<!-- \/ Yoast SEO plugin. -->","yoast_head_json":{"title":"Uyn Exceleration Wind Pants hombre - Pantalones t\u00e9rmicos - MioMioRun","description":"Los pantalones Exceleration Wind para hombre, con un panel cortavientos en la parte delantera, son ideales para correr y practicar actividades al aire libre.","robots":{"index":"index","follow":"follow","max-snippet":"max-snippet:-1","max-image-preview":"max-image-preview:large","max-video-preview":"max-video-preview:-1"},"canonical":"https:\/\/www.miomiorun.com\/es\/producto\/uyn-exceleration-wind-pants-hombre\/","og_locale":"es_ES","og_type":"article","og_title":"Uyn Exceleration Wind Pants hombre - Pantalones t\u00e9rmicos - MioMioRun","og_description":"Los pantalones Exceleration Wind para hombre, con un panel cortavientos en la parte delantera, son ideales para correr y practicar actividades al aire libre.","og_url":"https:\/\/www.miomiorun.com\/es\/producto\/uyn-exceleration-wind-pants-hombre\/","og_site_name":"MioMioRun","article_publisher":"https:\/\/www.facebook.com\/miomiorun\/","article_modified_time":"2026-05-04T16:34:16+00:00","og_image":[{"width":600,"height":600,"url":"https:\/\/www.miomiorun.com\/app\/uploads\/2021\/11\/uyn-exceleration-wind-pants-O102170-93B646.jpg","type":"image\/jpeg"}],"twitter_card":"summary_large_image","twitter_misc":{"Est. reading time":"2 minutes"},"schema":{"@context":"https:\/\/schema.org","@graph":[{"@type":"WebPage","@id":"https:\/\/www.miomiorun.com\/es\/producto\/uyn-exceleration-wind-pants-hombre\/","url":"https:\/\/www.miomiorun.com\/es\/producto\/uyn-exceleration-wind-pants-hombre\/","name":"Uyn Exceleration Wind Pants hombre - Pantalones t\u00e9rmicos - MioMioRun","isPartOf":{"@id":"https:\/\/www.miomiorun.com\/es\/#website"},"primaryImageOfPage":{"@id":"https:\/\/www.miomiorun.com\/es\/producto\/uyn-exceleration-wind-pants-hombre\/#primaryimage"},"image":{"@id":"https:\/\/www.miomiorun.com\/es\/producto\/uyn-exceleration-wind-pants-hombre\/#primaryimage"},"thumbnailUrl":"https:\/\/www.miomiorun.com\/app\/uploads\/2021\/11\/uyn-exceleration-wind-pants-O102170-93B646.jpg","datePublished":"2021-11-02T16:58:08+00:00","dateModified":"2026-05-04T16:34:16+00:00","description":"Los pantalones Exceleration Wind para hombre, con un panel cortavientos en la parte delantera, son ideales para correr y practicar actividades al aire libre.","breadcrumb":{"@id":"https:\/\/www.miomiorun.com\/es\/producto\/uyn-exceleration-wind-pants-hombre\/#breadcrumb"},"inLanguage":"es-ES","potentialAction":[{"@type":"ReadAction","target":["https:\/\/www.miomiorun.com\/es\/producto\/uyn-exceleration-wind-pants-hombre\/"]}]},{"@type":"ImageObject","inLanguage":"es-ES","@id":"https:\/\/www.miomiorun.com\/es\/producto\/uyn-exceleration-wind-pants-hombre\/#primaryimage","url":"https:\/\/www.miomiorun.com\/app\/uploads\/2021\/11\/uyn-exceleration-wind-pants-O102170-93B646.jpg","contentUrl":"https:\/\/www.miomiorun.com\/app\/uploads\/2021\/11\/uyn-exceleration-wind-pants-O102170-93B646.jpg","width":600,"height":600,"caption":"uyn exceleration wind pants"},{"@type":"BreadcrumbList","@id":"https:\/\/www.miomiorun.com\/es\/producto\/uyn-exceleration-wind-pants-hombre\/#breadcrumb","itemListElement":[{"@type":"ListItem","position":1,"name":"Home","item":"https:\/\/www.miomiorun.com\/es\/"},{"@type":"ListItem","position":2,"name":"Shop","item":"https:\/\/www.miomiorun.com\/shop\/"},{"@type":"ListItem","position":3,"name":"Exceleration Wind Pants hombre"}]},{"@type":"WebSite","@id":"https:\/\/www.miomiorun.com\/es\/#website","url":"https:\/\/www.miomiorun.com\/es\/","name":"MioMioRun","description":"Tienda 100% running y trail","publisher":{"@id":"https:\/\/www.miomiorun.com\/es\/#organization"},"potentialAction":[{"@type":"SearchAction","target":{"@type":"EntryPoint","urlTemplate":"https:\/\/www.miomiorun.com\/es\/?s={search_term_string}"},"query-input":{"@type":"PropertyValueSpecification","valueRequired":true,"valueName":"search_term_string"}}],"inLanguage":"es-ES"},{"@type":"Organization","@id":"https:\/\/www.miomiorun.com\/es\/#organization","name":"MioMio Run","url":"https:\/\/www.miomiorun.com\/es\/","logo":{"@type":"ImageObject","inLanguage":"es-ES","@id":"https:\/\/www.miomiorun.com\/es\/#\/schema\/logo\/image\/","url":"https:\/\/www.miomiorun.com\/app\/uploads\/2019\/12\/logomio.png","contentUrl":"https:\/\/www.miomiorun.com\/app\/uploads\/2019\/12\/logomio.png","width":115,"height":82,"caption":"MioMio Run"},"image":{"@id":"https:\/\/www.miomiorun.com\/es\/#\/schema\/logo\/image\/"},"sameAs":["https:\/\/www.facebook.com\/miomiorun\/","https:\/\/www.instagram.com\/miomiorun\/"]}]}},"_links":{"self":[{"href":"https:\/\/www.miomiorun.com\/es\/wp-json\/wp\/v2\/product\/281446","targetHints":{"allow":["GET"]}}],"collection":[{"href":"https:\/\/www.miomiorun.com\/es\/wp-json\/wp\/v2\/product"}],"about":[{"href":"https:\/\/www.miomiorun.com\/es\/wp-json\/wp\/v2\/types\/product"}],"wp:featuredmedia":[{"embeddable":true,"href":"https:\/\/www.miomiorun.com\/es\/wp-json\/wp\/v2\/media\/234332"}],"wp:attachment":[{"href":"https:\/\/www.miomiorun.com\/es\/wp-json\/wp\/v2\/media?parent=281446"}],"wp:term":[{"taxonomy":"product_brand","embeddable":true,"href":"https:\/\/www.miomiorun.com\/es\/wp-json\/wp\/v2\/product_brand?post=281446"},{"taxonomy":"product_cat","embeddable":true,"href":"https:\/\/www.miomiorun.com\/es\/wp-json\/wp\/v2\/product_cat?post=281446"},{"taxonomy":"product_tag","embeddable":true,"href":"https:\/\/www.miomiorun.com\/es\/wp-json\/wp\/v2\/product_tag?post=281446"}],"curies":[{"name":"wp","href":"https:\/\/api.w.org\/{rel}","templated":true}]}}