{"id":281405,"date":"2021-11-03T11:39:31","date_gmt":"2021-11-03T10:39:31","guid":{"rendered":"https:\/\/miomiorun.com\/prodotto\/leki-hs-inner-glove\/"},"modified":"2026-04-22T12:28:46","modified_gmt":"2026-04-22T10:28:46","slug":"leki-hs-inner-glove","status":"publish","type":"product","link":"https:\/\/www.miomiorun.com\/es\/producto\/leki-hs-inner-glove\/","title":{"rendered":"HS Inner Glove"},"content":{"rendered":"<div id=\"tw-target-text-container\" class=\"tw-ta-container F0azHf tw-nfl\">\n<p id=\"tw-target-text\" class=\"tw-data-text tw-text-large XcVN5d tw-ta\" dir=\"ltr\" data-placeholder=\"Traduzione\"><span class=\"Y2IQFc\" lang=\"it\"> Estos guantes de esqu\u00ed <strong>HS Inner<\/strong> de Leki tienen la palma confeccionada en forro polar el\u00e1stico y ofrecen libertad de movimiento en cualquier situaci\u00f3n. Con un ajuste c\u00f3modo y un corte ligeramente m\u00e1s amplio, tus manos se mantendr\u00e1n siempre calientes en todo momento.<\/span><\/p>\n<p class=\"tw-data-text tw-text-large XcVN5d tw-ta\" dir=\"ltr\" data-placeholder=\"Traduzione\"><span class=\"Y2IQFc\" lang=\"it\"><strong> GUANTES SMART:<\/strong> <\/span><\/p>\n<p class=\"tw-data-text tw-text-large XcVN5d tw-ta\" dir=\"ltr\" data-placeholder=\"Traduzione\"><span class=\"Y2IQFc\" lang=\"it\">Estos guantes de esqu\u00ed Leki son compatibles con tu smartphone: gracias a la tecnolog\u00eda LEKI MF Touch en las puntas del pulgar y el \u00edndice, puedes mirar f\u00e1cilmente tu smartphone sin necesidad de quit\u00e1rtelos. <\/span><\/p>\n<p class=\"tw-data-text tw-text-large XcVN5d tw-ta\" dir=\"ltr\" data-placeholder=\"Traduzione\"><span class=\"Y2IQFc\" lang=\"it\"><strong> CALOR ASEGURADO:<\/strong> <\/span><\/p>\n<p class=\"tw-data-text tw-text-large XcVN5d tw-ta\" dir=\"ltr\" data-placeholder=\"Traduzione\"><span class=\"Y2IQFc\" lang=\"it\">Estos guantes de esqu\u00ed Leki ofrecen calor y comodidad incluso cuando las temperaturas son m\u00e1s g\u00e9lidas gracias a la presencia de materiales aislantes e hidr\u00f3fobos.<\/span><\/p>\n<\/div>\n<div id=\"tw-target-rmn-container\" class=\"tw-target-rmn tw-ta-container F0azHf tw-nfl\">\n<pre id=\"tw-target-rmn\" class=\"tw-data-placeholder tw-text-small tw-ta\" dir=\"ltr\" data-placeholder=\"\"><\/pre>\n<\/div>\n","protected":false},"excerpt":{"rendered":"<p><span style=\"font-weight: 400\">\u00a0<\/span><\/p>\n<p>&nbsp;<\/p>\n","protected":false},"featured_media":234328,"template":"","meta":{"_acf_changed":false,"inline_featured_image":false},"product_brand":[],"product_cat":[24205,24223],"product_tag":[23595,23627,23630],"class_list":{"0":"post-281405","1":"product","2":"type-product","3":"status-publish","4":"has-post-thumbnail","6":"product_cat-accesorios","7":"product_cat-guantes","8":"product_tag-leki-es","9":"product_tag-leki-hombre","10":"product_tag-leki-mujer","11":"pa_attivita-caminar","12":"pa_attivita-outdoor-es","13":"pa_attivita-running-es","14":"pa_attivita-trail-es","15":"pa_marca-leki-es","16":"pa_sesso-hombre","17":"pa_sesso-mujer","18":"pa_size-8-es","19":"pa_size-8-5-es","20":"pa_size-10-es","22":"first","23":"instock","24":"sale","25":"taxable","26":"shipping-taxable","27":"purchasable","28":"product-type-variable","29":"wvs-archive-product-wrapper"},"acf":[],"yoast_head":"<!-- This site is optimized with the Yoast SEO plugin v26.8 - https:\/\/yoast.com\/product\/yoast-seo-wordpress\/ -->\n<title>Leki HS Inner Glove -Guantes para correr - MioMioRun<\/title>\n<meta name=\"description\" content=\"Estos guantes de esqu\u00ed HS Inner de Leki tienen la palma confeccionada en forro polar el\u00e1stico y ofrecen libertad de movimiento en cualquier situaci\u00f3n.\" \/>\n<meta name=\"robots\" content=\"index, follow, max-snippet:-1, max-image-preview:large, max-video-preview:-1\" \/>\n<link rel=\"canonical\" href=\"https:\/\/www.miomiorun.com\/es\/producto\/leki-hs-inner-glove\/\" \/>\n<meta property=\"og:locale\" content=\"es_ES\" \/>\n<meta property=\"og:type\" content=\"article\" \/>\n<meta property=\"og:title\" content=\"Leki HS Inner Glove -Guantes para correr - MioMioRun\" \/>\n<meta property=\"og:description\" content=\"Estos guantes de esqu\u00ed HS Inner de Leki tienen la palma confeccionada en forro polar el\u00e1stico y ofrecen libertad de movimiento en cualquier situaci\u00f3n.\" \/>\n<meta property=\"og:url\" content=\"https:\/\/www.miomiorun.com\/es\/producto\/leki-hs-inner-glove\/\" \/>\n<meta property=\"og:site_name\" content=\"MioMioRun\" \/>\n<meta property=\"article:publisher\" content=\"https:\/\/www.facebook.com\/miomiorun\/\" \/>\n<meta property=\"article:modified_time\" content=\"2026-04-22T10:28:46+00:00\" \/>\n<meta property=\"og:image\" content=\"https:\/\/www.miomiorun.com\/app\/uploads\/2021\/11\/leki-HS-Innerg-Glove-64981430.jpg\" \/>\n\t<meta property=\"og:image:width\" content=\"600\" \/>\n\t<meta property=\"og:image:height\" content=\"600\" \/>\n\t<meta property=\"og:image:type\" content=\"image\/jpeg\" \/>\n<meta name=\"twitter:card\" content=\"summary_large_image\" \/>\n<meta name=\"twitter:label1\" content=\"Est. reading time\" \/>\n\t<meta name=\"twitter:data1\" content=\"1 minute\" \/>\n<script type=\"application\/ld+json\" class=\"yoast-schema-graph\">{\"@context\":\"https:\/\/schema.org\",\"@graph\":[{\"@type\":\"WebPage\",\"@id\":\"https:\/\/www.miomiorun.com\/es\/producto\/leki-hs-inner-glove\/\",\"url\":\"https:\/\/www.miomiorun.com\/es\/producto\/leki-hs-inner-glove\/\",\"name\":\"Leki HS Inner Glove -Guantes para correr - MioMioRun\",\"isPartOf\":{\"@id\":\"https:\/\/www.miomiorun.com\/es\/#website\"},\"primaryImageOfPage\":{\"@id\":\"https:\/\/www.miomiorun.com\/es\/producto\/leki-hs-inner-glove\/#primaryimage\"},\"image\":{\"@id\":\"https:\/\/www.miomiorun.com\/es\/producto\/leki-hs-inner-glove\/#primaryimage\"},\"thumbnailUrl\":\"https:\/\/www.miomiorun.com\/app\/uploads\/2021\/11\/leki-HS-Innerg-Glove-64981430.jpg\",\"datePublished\":\"2021-11-03T10:39:31+00:00\",\"dateModified\":\"2026-04-22T10:28:46+00:00\",\"description\":\"Estos guantes de esqu\u00ed HS Inner de Leki tienen la palma confeccionada en forro polar el\u00e1stico y ofrecen libertad de movimiento en cualquier situaci\u00f3n.\",\"breadcrumb\":{\"@id\":\"https:\/\/www.miomiorun.com\/es\/producto\/leki-hs-inner-glove\/#breadcrumb\"},\"inLanguage\":\"es-ES\",\"potentialAction\":[{\"@type\":\"ReadAction\",\"target\":[\"https:\/\/www.miomiorun.com\/es\/producto\/leki-hs-inner-glove\/\"]}]},{\"@type\":\"ImageObject\",\"inLanguage\":\"es-ES\",\"@id\":\"https:\/\/www.miomiorun.com\/es\/producto\/leki-hs-inner-glove\/#primaryimage\",\"url\":\"https:\/\/www.miomiorun.com\/app\/uploads\/2021\/11\/leki-HS-Innerg-Glove-64981430.jpg\",\"contentUrl\":\"https:\/\/www.miomiorun.com\/app\/uploads\/2021\/11\/leki-HS-Innerg-Glove-64981430.jpg\",\"width\":600,\"height\":600,\"caption\":\"leki hs inner glove\"},{\"@type\":\"BreadcrumbList\",\"@id\":\"https:\/\/www.miomiorun.com\/es\/producto\/leki-hs-inner-glove\/#breadcrumb\",\"itemListElement\":[{\"@type\":\"ListItem\",\"position\":1,\"name\":\"Home\",\"item\":\"https:\/\/www.miomiorun.com\/es\/\"},{\"@type\":\"ListItem\",\"position\":2,\"name\":\"Shop\",\"item\":\"https:\/\/www.miomiorun.com\/shop\/\"},{\"@type\":\"ListItem\",\"position\":3,\"name\":\"HS Inner Glove\"}]},{\"@type\":\"WebSite\",\"@id\":\"https:\/\/www.miomiorun.com\/es\/#website\",\"url\":\"https:\/\/www.miomiorun.com\/es\/\",\"name\":\"MioMioRun\",\"description\":\"Tienda 100% running y trail\",\"publisher\":{\"@id\":\"https:\/\/www.miomiorun.com\/es\/#organization\"},\"potentialAction\":[{\"@type\":\"SearchAction\",\"target\":{\"@type\":\"EntryPoint\",\"urlTemplate\":\"https:\/\/www.miomiorun.com\/es\/?s={search_term_string}\"},\"query-input\":{\"@type\":\"PropertyValueSpecification\",\"valueRequired\":true,\"valueName\":\"search_term_string\"}}],\"inLanguage\":\"es-ES\"},{\"@type\":\"Organization\",\"@id\":\"https:\/\/www.miomiorun.com\/es\/#organization\",\"name\":\"MioMio Run\",\"url\":\"https:\/\/www.miomiorun.com\/es\/\",\"logo\":{\"@type\":\"ImageObject\",\"inLanguage\":\"es-ES\",\"@id\":\"https:\/\/www.miomiorun.com\/es\/#\/schema\/logo\/image\/\",\"url\":\"https:\/\/www.miomiorun.com\/app\/uploads\/2019\/12\/logomio.png\",\"contentUrl\":\"https:\/\/www.miomiorun.com\/app\/uploads\/2019\/12\/logomio.png\",\"width\":115,\"height\":82,\"caption\":\"MioMio Run\"},\"image\":{\"@id\":\"https:\/\/www.miomiorun.com\/es\/#\/schema\/logo\/image\/\"},\"sameAs\":[\"https:\/\/www.facebook.com\/miomiorun\/\",\"https:\/\/www.instagram.com\/miomiorun\/\"]}]}<\/script>\n<!-- \/ Yoast SEO plugin. -->","yoast_head_json":{"title":"Leki HS Inner Glove -Guantes para correr - MioMioRun","description":"Estos guantes de esqu\u00ed HS Inner de Leki tienen la palma confeccionada en forro polar el\u00e1stico y ofrecen libertad de movimiento en cualquier situaci\u00f3n.","robots":{"index":"index","follow":"follow","max-snippet":"max-snippet:-1","max-image-preview":"max-image-preview:large","max-video-preview":"max-video-preview:-1"},"canonical":"https:\/\/www.miomiorun.com\/es\/producto\/leki-hs-inner-glove\/","og_locale":"es_ES","og_type":"article","og_title":"Leki HS Inner Glove -Guantes para correr - MioMioRun","og_description":"Estos guantes de esqu\u00ed HS Inner de Leki tienen la palma confeccionada en forro polar el\u00e1stico y ofrecen libertad de movimiento en cualquier situaci\u00f3n.","og_url":"https:\/\/www.miomiorun.com\/es\/producto\/leki-hs-inner-glove\/","og_site_name":"MioMioRun","article_publisher":"https:\/\/www.facebook.com\/miomiorun\/","article_modified_time":"2026-04-22T10:28:46+00:00","og_image":[{"width":600,"height":600,"url":"https:\/\/www.miomiorun.com\/app\/uploads\/2021\/11\/leki-HS-Innerg-Glove-64981430.jpg","type":"image\/jpeg"}],"twitter_card":"summary_large_image","twitter_misc":{"Est. reading time":"1 minute"},"schema":{"@context":"https:\/\/schema.org","@graph":[{"@type":"WebPage","@id":"https:\/\/www.miomiorun.com\/es\/producto\/leki-hs-inner-glove\/","url":"https:\/\/www.miomiorun.com\/es\/producto\/leki-hs-inner-glove\/","name":"Leki HS Inner Glove -Guantes para correr - MioMioRun","isPartOf":{"@id":"https:\/\/www.miomiorun.com\/es\/#website"},"primaryImageOfPage":{"@id":"https:\/\/www.miomiorun.com\/es\/producto\/leki-hs-inner-glove\/#primaryimage"},"image":{"@id":"https:\/\/www.miomiorun.com\/es\/producto\/leki-hs-inner-glove\/#primaryimage"},"thumbnailUrl":"https:\/\/www.miomiorun.com\/app\/uploads\/2021\/11\/leki-HS-Innerg-Glove-64981430.jpg","datePublished":"2021-11-03T10:39:31+00:00","dateModified":"2026-04-22T10:28:46+00:00","description":"Estos guantes de esqu\u00ed HS Inner de Leki tienen la palma confeccionada en forro polar el\u00e1stico y ofrecen libertad de movimiento en cualquier situaci\u00f3n.","breadcrumb":{"@id":"https:\/\/www.miomiorun.com\/es\/producto\/leki-hs-inner-glove\/#breadcrumb"},"inLanguage":"es-ES","potentialAction":[{"@type":"ReadAction","target":["https:\/\/www.miomiorun.com\/es\/producto\/leki-hs-inner-glove\/"]}]},{"@type":"ImageObject","inLanguage":"es-ES","@id":"https:\/\/www.miomiorun.com\/es\/producto\/leki-hs-inner-glove\/#primaryimage","url":"https:\/\/www.miomiorun.com\/app\/uploads\/2021\/11\/leki-HS-Innerg-Glove-64981430.jpg","contentUrl":"https:\/\/www.miomiorun.com\/app\/uploads\/2021\/11\/leki-HS-Innerg-Glove-64981430.jpg","width":600,"height":600,"caption":"leki hs inner glove"},{"@type":"BreadcrumbList","@id":"https:\/\/www.miomiorun.com\/es\/producto\/leki-hs-inner-glove\/#breadcrumb","itemListElement":[{"@type":"ListItem","position":1,"name":"Home","item":"https:\/\/www.miomiorun.com\/es\/"},{"@type":"ListItem","position":2,"name":"Shop","item":"https:\/\/www.miomiorun.com\/shop\/"},{"@type":"ListItem","position":3,"name":"HS Inner Glove"}]},{"@type":"WebSite","@id":"https:\/\/www.miomiorun.com\/es\/#website","url":"https:\/\/www.miomiorun.com\/es\/","name":"MioMioRun","description":"Tienda 100% running y trail","publisher":{"@id":"https:\/\/www.miomiorun.com\/es\/#organization"},"potentialAction":[{"@type":"SearchAction","target":{"@type":"EntryPoint","urlTemplate":"https:\/\/www.miomiorun.com\/es\/?s={search_term_string}"},"query-input":{"@type":"PropertyValueSpecification","valueRequired":true,"valueName":"search_term_string"}}],"inLanguage":"es-ES"},{"@type":"Organization","@id":"https:\/\/www.miomiorun.com\/es\/#organization","name":"MioMio Run","url":"https:\/\/www.miomiorun.com\/es\/","logo":{"@type":"ImageObject","inLanguage":"es-ES","@id":"https:\/\/www.miomiorun.com\/es\/#\/schema\/logo\/image\/","url":"https:\/\/www.miomiorun.com\/app\/uploads\/2019\/12\/logomio.png","contentUrl":"https:\/\/www.miomiorun.com\/app\/uploads\/2019\/12\/logomio.png","width":115,"height":82,"caption":"MioMio Run"},"image":{"@id":"https:\/\/www.miomiorun.com\/es\/#\/schema\/logo\/image\/"},"sameAs":["https:\/\/www.facebook.com\/miomiorun\/","https:\/\/www.instagram.com\/miomiorun\/"]}]}},"_links":{"self":[{"href":"https:\/\/www.miomiorun.com\/es\/wp-json\/wp\/v2\/product\/281405","targetHints":{"allow":["GET"]}}],"collection":[{"href":"https:\/\/www.miomiorun.com\/es\/wp-json\/wp\/v2\/product"}],"about":[{"href":"https:\/\/www.miomiorun.com\/es\/wp-json\/wp\/v2\/types\/product"}],"wp:featuredmedia":[{"embeddable":true,"href":"https:\/\/www.miomiorun.com\/es\/wp-json\/wp\/v2\/media\/234328"}],"wp:attachment":[{"href":"https:\/\/www.miomiorun.com\/es\/wp-json\/wp\/v2\/media?parent=281405"}],"wp:term":[{"taxonomy":"product_brand","embeddable":true,"href":"https:\/\/www.miomiorun.com\/es\/wp-json\/wp\/v2\/product_brand?post=281405"},{"taxonomy":"product_cat","embeddable":true,"href":"https:\/\/www.miomiorun.com\/es\/wp-json\/wp\/v2\/product_cat?post=281405"},{"taxonomy":"product_tag","embeddable":true,"href":"https:\/\/www.miomiorun.com\/es\/wp-json\/wp\/v2\/product_tag?post=281405"}],"curies":[{"name":"wp","href":"https:\/\/api.w.org\/{rel}","templated":true}]}}