{"id":281375,"date":"2021-11-05T16:27:34","date_gmt":"2021-11-05T15:27:34","guid":{"rendered":"https:\/\/miomiorun.com\/prodotto\/montura-vertigo-2-pants-uomo\/"},"modified":"2026-05-08T21:19:07","modified_gmt":"2026-05-08T19:19:07","slug":"montura-vertigo-2-pants-hombre","status":"publish","type":"product","link":"https:\/\/www.miomiorun.com\/es\/producto\/montura-vertigo-2-pants-hombre\/","title":{"rendered":"Vertigo 2 Pants hombre"},"content":{"rendered":"<div class=\"product-attribute product-attribute-featured-materials\">\n<p><strong>Vertigo 2 Pants<\/strong> para hombre son unos pantalones largos confeccionados en tejido de nailon Thermolite DWR con el rev\u00e9s cepillado, provistos de refuerzos en las rodillas de tejido de nailon el\u00e1stico Kevlar\u00ae resistente a los desgarros y a la abrasi\u00f3n. Una prenda ideal para la escalada, el esqu\u00ed de traves\u00eda, el alpinismo y las actividades al aire libre en climas fr\u00edos.<\/p>\n<h2 class=\"product-weight\">Caracter\u00edsticas:<\/h2>\n<div id=\"description\" class=\"data item content\" role=\"tabpanel\" data-role=\"content\" aria-labelledby=\"tab-label-description\" aria-hidden=\"false\">\u2022 Pantal\u00f3n largo para hombre<br \/>\n\u2022 Tejido de nailon Thermolite DWR con acabado felpudo en el rev\u00e9s<br \/>\n\u2022 Detalles en contraste de nailon<br \/>\n\u2022 Refuerzo en la rodilla de nailon el\u00e1stico con Kevlar\u00ae, resistente a los desgarros y a la abrasi\u00f3n<br \/>\n\u2022 Cintura con el\u00e1stico, ajuste mediante cord\u00f3n y abertura con solapa<br \/>\n\u2022 Bolsillos laterales con cremallera, bolsillo trasero con cremallera<br \/>\n\u2022 Ajuste del bajo con cremallera y fuelle<br \/>\n\u2022 Detalles reflectantes para mayor visibilidad<br \/>\n\u2022 Prenda ideal para escalada, esqu\u00ed de traves\u00eda, alpinismo y actividades al aire libre en climas fr\u00edos<\/p>\n<p class=\"product-weight\">Peso: 0,53 kg<\/p>\n<\/div>\n<div class=\"attribute-label\">\n<div class=\"attribute_container tw-pb-24 last-of-type:tw-pb-0\">\n<div class=\"content__image-wrapper tw-w-fit\">\n<div class=\"content__image tw-relative tw-w-[3.2rem]\"><img loading=\"lazy\" decoding=\"async\" class=\"tw-absolute tw-top-0 tw-left-0 tw-w-full tw-h-full\" src=\"https:\/\/www.montura.com\/cdn\/shop\/files\/004_Breathable_Black.svg?v=1709125473&amp;width=200\" alt=\"\" width=\"200\" height=\"200\" \/><\/div>\n<\/div>\n<h3 class=\"tw-text-s tw-pt-[1.2rem] tw-pb-[0.4rem] tw-font-medium\">Transpirable<\/h3>\n<p class=\"tw-text-greyish-brown tw-text-xs tw-pt-[0.4rem]\">Gracias a sus tejidos transpirables, esta prenda favorece la transpiraci\u00f3n natural de la piel y mantiene el cuerpo siempre a la temperatura \u00f3ptima.<\/p>\n<\/div>\n<div class=\"attribute_container tw-pb-24 last-of-type:tw-pb-0\">\n<div class=\"content__image-wrapper tw-w-fit\">\n<div class=\"content__image tw-relative tw-w-[3.2rem]\"><img loading=\"lazy\" decoding=\"async\" class=\"tw-absolute tw-top-0 tw-left-0 tw-w-full tw-h-full\" src=\"https:\/\/www.montura.com\/cdn\/shop\/files\/002_WaterResistantDWR_Black.svg?v=1709125500&amp;width=200\" alt=\"\" width=\"200\" height=\"200\" \/><\/div>\n<\/div>\n<h3 class=\"tw-text-s tw-pt-[1.2rem] tw-pb-[0.4rem] tw-font-medium\">Repelente al agua (DWR)<\/h3>\n<p class=\"tw-text-greyish-brown tw-text-xs tw-pt-[0.4rem]\">Una capa repelente al agua aplicada al tejido garantiza una ligera protecci\u00f3n contra la humedad exterior.<\/p>\n<\/div>\n<\/div>\n<h2 class=\"attribute-label\">Actividades<\/h2>\n<div class=\"attribute_container tw-pb-24 last-of-type:tw-pb-0\">\n<div class=\"content__image-wrapper tw-w-fit\">\n<div class=\"content__image tw-relative tw-w-[3.2rem]\"><img loading=\"lazy\" decoding=\"async\" class=\"tw-absolute tw-top-0 tw-left-0 tw-w-full tw-h-full\" src=\"https:\/\/www.montura.com\/cdn\/shop\/files\/019_Climbing_Black.svg?v=1709126445&amp;width=200\" alt=\"\" width=\"200\" height=\"267\" \/><\/div>\n<\/div>\n<h3 class=\"tw-text-s tw-pt-[1.2rem] tw-pb-[0.4rem] tw-font-medium\">Escalada<\/h3>\n<p class=\"tw-text-greyish-brown tw-text-wrap tw-text-xs tw-pt-[0.4rem]\">Prenda dise\u00f1ada para la escalada<\/p>\n<\/div>\n<div class=\"attribute_container tw-pb-24 last-of-type:tw-pb-0\">\n<div class=\"content__image-wrapper tw-w-fit\">\n<div class=\"content__image tw-relative tw-w-[3.2rem]\"><img loading=\"lazy\" decoding=\"async\" class=\"tw-absolute tw-top-0 tw-left-0 tw-w-full tw-h-full\" src=\"https:\/\/www.montura.com\/cdn\/shop\/files\/022_WorkwearWorkframe_Black.svg?v=1709126346&amp;width=200\" alt=\"\" width=\"200\" height=\"200\" \/><\/div>\n<\/div>\n<h3 class=\"tw-text-s tw-pt-[1.2rem] tw-pb-[0.4rem] tw-font-medium\">Marco de trabajo<\/h3>\n<p class=\"tw-text-greyish-brown tw-text-wrap tw-text-xs tw-pt-[0.4rem]\">Prenda dise\u00f1ada para los t\u00e9cnicos de rescate<\/p>\n<\/div>\n<\/div>\n","protected":false},"excerpt":{"rendered":"<p>Vertigo 2 Pants para hombre son unos pantalones largos confeccionados en tejido de nailon Thermolite DWR con el rev\u00e9s cepillado, provistos de refuerzos en las rodillas de tejido de nailon el\u00e1stico Kevlar\u00ae resistente a los desgarros y a la abrasi\u00f3n. Una prenda ideal para la escalada, el esqu\u00ed de traves\u00eda, el alpinismo y las actividades &hellip; <a href=\"https:\/\/www.miomiorun.com\/es\/producto\/montura-vertigo-2-pants-hombre\/\">Continued<\/a><\/p>\n","protected":false},"featured_media":234362,"template":"","meta":{"_acf_changed":false,"inline_featured_image":false},"product_brand":[],"product_cat":[24456,24463,24464],"product_tag":[23513,23592],"class_list":{"0":"post-281375","1":"product","2":"type-product","3":"status-publish","4":"has-post-thumbnail","6":"product_cat-pantalones-largos-es-2","7":"product_cat-ropa-de-hombre-es","8":"product_cat-hombre","9":"product_tag-montura-es","10":"product_tag-montura-hombre","11":"pa_attivita-caminar","12":"pa_attivita-outdoor-es","13":"pa_colore-vertigo-2-0-pants-nero-es","14":"pa_marca-montura-es","15":"pa_sesso-hombre","16":"pa_size-large-es","18":"first","19":"instock","20":"taxable","21":"shipping-taxable","22":"purchasable","23":"product-type-variable","24":"wvs-archive-product-wrapper"},"acf":[],"yoast_head":"<!-- This site is optimized with the Yoast SEO plugin v26.8 - https:\/\/yoast.com\/product\/yoast-seo-wordpress\/ -->\n<title>Montura Titolo Pagina Separatore Pantalones largos Separatore Titolo del sitoVertigo 2 Pants hombre - Pantalones largos - MioMioRun<\/title>\n<meta name=\"description\" content=\"Los pantalones Vertigo 2 para hombre son unos pantalones largos confeccionados en tejido de nailon Thermolite DWR con el rev\u00e9s cepillado y refuerzos en las rodillas.\" \/>\n<meta name=\"robots\" content=\"index, follow, max-snippet:-1, max-image-preview:large, max-video-preview:-1\" \/>\n<link rel=\"canonical\" href=\"https:\/\/www.miomiorun.com\/es\/producto\/montura-vertigo-2-pants-hombre\/\" \/>\n<meta property=\"og:locale\" content=\"es_ES\" \/>\n<meta property=\"og:type\" content=\"article\" \/>\n<meta property=\"og:title\" content=\"Montura Titolo Pagina Separatore Pantalones largos Separatore Titolo del sitoVertigo 2 Pants hombre - Pantalones largos - MioMioRun\" \/>\n<meta property=\"og:description\" content=\"Los pantalones Vertigo 2 para hombre son unos pantalones largos confeccionados en tejido de nailon Thermolite DWR con el rev\u00e9s cepillado y refuerzos en las rodillas.\" \/>\n<meta property=\"og:url\" content=\"https:\/\/www.miomiorun.com\/es\/producto\/montura-vertigo-2-pants-hombre\/\" \/>\n<meta property=\"og:site_name\" content=\"MioMioRun\" \/>\n<meta property=\"article:publisher\" content=\"https:\/\/www.facebook.com\/miomiorun\/\" \/>\n<meta property=\"article:modified_time\" content=\"2026-05-08T19:19:07+00:00\" \/>\n<meta property=\"og:image\" content=\"https:\/\/www.miomiorun.com\/app\/uploads\/2021\/11\/montura-vertigo-2-pants-MPLSV1X.9047.jpg\" \/>\n\t<meta property=\"og:image:width\" content=\"600\" \/>\n\t<meta property=\"og:image:height\" content=\"600\" \/>\n\t<meta property=\"og:image:type\" content=\"image\/jpeg\" \/>\n<meta name=\"twitter:card\" content=\"summary_large_image\" \/>\n<meta name=\"twitter:label1\" content=\"Est. reading time\" \/>\n\t<meta name=\"twitter:data1\" content=\"1 minute\" \/>\n<script type=\"application\/ld+json\" class=\"yoast-schema-graph\">{\"@context\":\"https:\/\/schema.org\",\"@graph\":[{\"@type\":\"WebPage\",\"@id\":\"https:\/\/www.miomiorun.com\/es\/producto\/montura-vertigo-2-pants-hombre\/\",\"url\":\"https:\/\/www.miomiorun.com\/es\/producto\/montura-vertigo-2-pants-hombre\/\",\"name\":\"Montura Titolo Pagina Separatore Pantalones largos Separatore Titolo del sitoVertigo 2 Pants hombre - Pantalones largos - MioMioRun\",\"isPartOf\":{\"@id\":\"https:\/\/www.miomiorun.com\/es\/#website\"},\"primaryImageOfPage\":{\"@id\":\"https:\/\/www.miomiorun.com\/es\/producto\/montura-vertigo-2-pants-hombre\/#primaryimage\"},\"image\":{\"@id\":\"https:\/\/www.miomiorun.com\/es\/producto\/montura-vertigo-2-pants-hombre\/#primaryimage\"},\"thumbnailUrl\":\"https:\/\/www.miomiorun.com\/app\/uploads\/2021\/11\/montura-vertigo-2-pants-MPLSV1X.9047.jpg\",\"datePublished\":\"2021-11-05T15:27:34+00:00\",\"dateModified\":\"2026-05-08T19:19:07+00:00\",\"description\":\"Los pantalones Vertigo 2 para hombre son unos pantalones largos confeccionados en tejido de nailon Thermolite DWR con el rev\u00e9s cepillado y refuerzos en las rodillas.\",\"breadcrumb\":{\"@id\":\"https:\/\/www.miomiorun.com\/es\/producto\/montura-vertigo-2-pants-hombre\/#breadcrumb\"},\"inLanguage\":\"es-ES\",\"potentialAction\":[{\"@type\":\"ReadAction\",\"target\":[\"https:\/\/www.miomiorun.com\/es\/producto\/montura-vertigo-2-pants-hombre\/\"]}]},{\"@type\":\"ImageObject\",\"inLanguage\":\"es-ES\",\"@id\":\"https:\/\/www.miomiorun.com\/es\/producto\/montura-vertigo-2-pants-hombre\/#primaryimage\",\"url\":\"https:\/\/www.miomiorun.com\/app\/uploads\/2021\/11\/montura-vertigo-2-pants-MPLSV1X.9047.jpg\",\"contentUrl\":\"https:\/\/www.miomiorun.com\/app\/uploads\/2021\/11\/montura-vertigo-2-pants-MPLSV1X.9047.jpg\",\"width\":600,\"height\":600,\"caption\":\"montura evrtigo 2 pants\"},{\"@type\":\"BreadcrumbList\",\"@id\":\"https:\/\/www.miomiorun.com\/es\/producto\/montura-vertigo-2-pants-hombre\/#breadcrumb\",\"itemListElement\":[{\"@type\":\"ListItem\",\"position\":1,\"name\":\"Home\",\"item\":\"https:\/\/www.miomiorun.com\/es\/\"},{\"@type\":\"ListItem\",\"position\":2,\"name\":\"Shop\",\"item\":\"https:\/\/www.miomiorun.com\/shop\/\"},{\"@type\":\"ListItem\",\"position\":3,\"name\":\"Vertigo 2 Pants hombre\"}]},{\"@type\":\"WebSite\",\"@id\":\"https:\/\/www.miomiorun.com\/es\/#website\",\"url\":\"https:\/\/www.miomiorun.com\/es\/\",\"name\":\"MioMioRun\",\"description\":\"Tienda 100% running y trail\",\"publisher\":{\"@id\":\"https:\/\/www.miomiorun.com\/es\/#organization\"},\"potentialAction\":[{\"@type\":\"SearchAction\",\"target\":{\"@type\":\"EntryPoint\",\"urlTemplate\":\"https:\/\/www.miomiorun.com\/es\/?s={search_term_string}\"},\"query-input\":{\"@type\":\"PropertyValueSpecification\",\"valueRequired\":true,\"valueName\":\"search_term_string\"}}],\"inLanguage\":\"es-ES\"},{\"@type\":\"Organization\",\"@id\":\"https:\/\/www.miomiorun.com\/es\/#organization\",\"name\":\"MioMio Run\",\"url\":\"https:\/\/www.miomiorun.com\/es\/\",\"logo\":{\"@type\":\"ImageObject\",\"inLanguage\":\"es-ES\",\"@id\":\"https:\/\/www.miomiorun.com\/es\/#\/schema\/logo\/image\/\",\"url\":\"https:\/\/www.miomiorun.com\/app\/uploads\/2019\/12\/logomio.png\",\"contentUrl\":\"https:\/\/www.miomiorun.com\/app\/uploads\/2019\/12\/logomio.png\",\"width\":115,\"height\":82,\"caption\":\"MioMio Run\"},\"image\":{\"@id\":\"https:\/\/www.miomiorun.com\/es\/#\/schema\/logo\/image\/\"},\"sameAs\":[\"https:\/\/www.facebook.com\/miomiorun\/\",\"https:\/\/www.instagram.com\/miomiorun\/\"]}]}<\/script>\n<!-- \/ Yoast SEO plugin. -->","yoast_head_json":{"title":"Montura Titolo Pagina Separatore Pantalones largos Separatore Titolo del sitoVertigo 2 Pants hombre - Pantalones largos - MioMioRun","description":"Los pantalones Vertigo 2 para hombre son unos pantalones largos confeccionados en tejido de nailon Thermolite DWR con el rev\u00e9s cepillado y refuerzos en las rodillas.","robots":{"index":"index","follow":"follow","max-snippet":"max-snippet:-1","max-image-preview":"max-image-preview:large","max-video-preview":"max-video-preview:-1"},"canonical":"https:\/\/www.miomiorun.com\/es\/producto\/montura-vertigo-2-pants-hombre\/","og_locale":"es_ES","og_type":"article","og_title":"Montura Titolo Pagina Separatore Pantalones largos Separatore Titolo del sitoVertigo 2 Pants hombre - Pantalones largos - MioMioRun","og_description":"Los pantalones Vertigo 2 para hombre son unos pantalones largos confeccionados en tejido de nailon Thermolite DWR con el rev\u00e9s cepillado y refuerzos en las rodillas.","og_url":"https:\/\/www.miomiorun.com\/es\/producto\/montura-vertigo-2-pants-hombre\/","og_site_name":"MioMioRun","article_publisher":"https:\/\/www.facebook.com\/miomiorun\/","article_modified_time":"2026-05-08T19:19:07+00:00","og_image":[{"width":600,"height":600,"url":"https:\/\/www.miomiorun.com\/app\/uploads\/2021\/11\/montura-vertigo-2-pants-MPLSV1X.9047.jpg","type":"image\/jpeg"}],"twitter_card":"summary_large_image","twitter_misc":{"Est. reading time":"1 minute"},"schema":{"@context":"https:\/\/schema.org","@graph":[{"@type":"WebPage","@id":"https:\/\/www.miomiorun.com\/es\/producto\/montura-vertigo-2-pants-hombre\/","url":"https:\/\/www.miomiorun.com\/es\/producto\/montura-vertigo-2-pants-hombre\/","name":"Montura Titolo Pagina Separatore Pantalones largos Separatore Titolo del sitoVertigo 2 Pants hombre - Pantalones largos - MioMioRun","isPartOf":{"@id":"https:\/\/www.miomiorun.com\/es\/#website"},"primaryImageOfPage":{"@id":"https:\/\/www.miomiorun.com\/es\/producto\/montura-vertigo-2-pants-hombre\/#primaryimage"},"image":{"@id":"https:\/\/www.miomiorun.com\/es\/producto\/montura-vertigo-2-pants-hombre\/#primaryimage"},"thumbnailUrl":"https:\/\/www.miomiorun.com\/app\/uploads\/2021\/11\/montura-vertigo-2-pants-MPLSV1X.9047.jpg","datePublished":"2021-11-05T15:27:34+00:00","dateModified":"2026-05-08T19:19:07+00:00","description":"Los pantalones Vertigo 2 para hombre son unos pantalones largos confeccionados en tejido de nailon Thermolite DWR con el rev\u00e9s cepillado y refuerzos en las rodillas.","breadcrumb":{"@id":"https:\/\/www.miomiorun.com\/es\/producto\/montura-vertigo-2-pants-hombre\/#breadcrumb"},"inLanguage":"es-ES","potentialAction":[{"@type":"ReadAction","target":["https:\/\/www.miomiorun.com\/es\/producto\/montura-vertigo-2-pants-hombre\/"]}]},{"@type":"ImageObject","inLanguage":"es-ES","@id":"https:\/\/www.miomiorun.com\/es\/producto\/montura-vertigo-2-pants-hombre\/#primaryimage","url":"https:\/\/www.miomiorun.com\/app\/uploads\/2021\/11\/montura-vertigo-2-pants-MPLSV1X.9047.jpg","contentUrl":"https:\/\/www.miomiorun.com\/app\/uploads\/2021\/11\/montura-vertigo-2-pants-MPLSV1X.9047.jpg","width":600,"height":600,"caption":"montura evrtigo 2 pants"},{"@type":"BreadcrumbList","@id":"https:\/\/www.miomiorun.com\/es\/producto\/montura-vertigo-2-pants-hombre\/#breadcrumb","itemListElement":[{"@type":"ListItem","position":1,"name":"Home","item":"https:\/\/www.miomiorun.com\/es\/"},{"@type":"ListItem","position":2,"name":"Shop","item":"https:\/\/www.miomiorun.com\/shop\/"},{"@type":"ListItem","position":3,"name":"Vertigo 2 Pants hombre"}]},{"@type":"WebSite","@id":"https:\/\/www.miomiorun.com\/es\/#website","url":"https:\/\/www.miomiorun.com\/es\/","name":"MioMioRun","description":"Tienda 100% running y trail","publisher":{"@id":"https:\/\/www.miomiorun.com\/es\/#organization"},"potentialAction":[{"@type":"SearchAction","target":{"@type":"EntryPoint","urlTemplate":"https:\/\/www.miomiorun.com\/es\/?s={search_term_string}"},"query-input":{"@type":"PropertyValueSpecification","valueRequired":true,"valueName":"search_term_string"}}],"inLanguage":"es-ES"},{"@type":"Organization","@id":"https:\/\/www.miomiorun.com\/es\/#organization","name":"MioMio Run","url":"https:\/\/www.miomiorun.com\/es\/","logo":{"@type":"ImageObject","inLanguage":"es-ES","@id":"https:\/\/www.miomiorun.com\/es\/#\/schema\/logo\/image\/","url":"https:\/\/www.miomiorun.com\/app\/uploads\/2019\/12\/logomio.png","contentUrl":"https:\/\/www.miomiorun.com\/app\/uploads\/2019\/12\/logomio.png","width":115,"height":82,"caption":"MioMio Run"},"image":{"@id":"https:\/\/www.miomiorun.com\/es\/#\/schema\/logo\/image\/"},"sameAs":["https:\/\/www.facebook.com\/miomiorun\/","https:\/\/www.instagram.com\/miomiorun\/"]}]}},"_links":{"self":[{"href":"https:\/\/www.miomiorun.com\/es\/wp-json\/wp\/v2\/product\/281375","targetHints":{"allow":["GET"]}}],"collection":[{"href":"https:\/\/www.miomiorun.com\/es\/wp-json\/wp\/v2\/product"}],"about":[{"href":"https:\/\/www.miomiorun.com\/es\/wp-json\/wp\/v2\/types\/product"}],"wp:featuredmedia":[{"embeddable":true,"href":"https:\/\/www.miomiorun.com\/es\/wp-json\/wp\/v2\/media\/234362"}],"wp:attachment":[{"href":"https:\/\/www.miomiorun.com\/es\/wp-json\/wp\/v2\/media?parent=281375"}],"wp:term":[{"taxonomy":"product_brand","embeddable":true,"href":"https:\/\/www.miomiorun.com\/es\/wp-json\/wp\/v2\/product_brand?post=281375"},{"taxonomy":"product_cat","embeddable":true,"href":"https:\/\/www.miomiorun.com\/es\/wp-json\/wp\/v2\/product_cat?post=281375"},{"taxonomy":"product_tag","embeddable":true,"href":"https:\/\/www.miomiorun.com\/es\/wp-json\/wp\/v2\/product_tag?post=281375"}],"curies":[{"name":"wp","href":"https:\/\/api.w.org\/{rel}","templated":true}]}}