{"id":281367,"date":"2021-11-05T17:14:12","date_gmt":"2021-11-05T16:14:12","guid":{"rendered":"https:\/\/miomiorun.com\/prodotto\/montura-stretch-color-hoody-jacket-donna\/"},"modified":"2026-05-04T18:44:13","modified_gmt":"2026-05-04T16:44:13","slug":"montura-stretch-color-hoody-jacket-mujer","status":"publish","type":"product","link":"https:\/\/www.miomiorun.com\/es\/producto\/montura-stretch-color-hoody-jacket-mujer\/","title":{"rendered":"Stretch Color Hoody Jacket mujer"},"content":{"rendered":"<div class=\"product-attribute product-attribute-passion\">\n<p>La chaqueta para mujer <strong>Stretch Color Hoody<\/strong> de Montura est\u00e1 confeccionada en tejido polar de poli\u00e9ster Polartec Power Grid transpirable con protecci\u00f3n UV. Contraste en tejido polar el\u00e1stico, parcialmente forrado en malla. Cierre de cremallera en el centro delantero, bolsillos laterales con cremallera, bolsillo interior abierto y capucha, pu\u00f1os y bajo con acabado el\u00e1stico. Esta prenda es ideal para llevar durante diversas actividades al aire libre y de ocio en los meses de invierno.<\/p>\n<p><strong>Caracter\u00edsticas:<\/strong><\/p>\n<p>\u2022 Jersey abierto con capucha para hombre<br \/>\n\u2022 Tejido polar de poli\u00e9ster Polartec Power Grid transpirable con protecci\u00f3n UV<br \/>\n\u2022 Detalles en tejido polar el\u00e1stico<br \/>\n\u2022 Parcialmente forrado con tejido de malla<br \/>\n\u2022 Cierre de cremallera en el centro delantero y bolsillos laterales con cremallera<br \/>\n\u2022 Capucha y bajo con ribete el\u00e1stico<br \/>\n\u2022 Prenda ideal para alpinismo y diversas actividades al aire libre<\/p>\n<p class=\"product-weight\">Peso: 0,41 kg<\/p>\n<div class=\"product-info-main\">\n<div class=\"product-attribute-season\"><img decoding=\"async\" src=\"https:\/\/www.montura.it\/pub\/media\/amasty\/shopby\/option_images\/slider\/climate.svg\" alt=\"Freddo\" \/><img decoding=\"async\" src=\"https:\/\/www.montura.it\/pub\/media\/amasty\/shopby\/option_images\/slider\/breathable_1.svg\" alt=\"breathable\" \/><\/div>\n<div class=\"product-attribute product-attribute-passion\">\n<h3 class=\"attribute-label\">Actividades<\/h3>\n<p><img decoding=\"async\" src=\"https:\/\/www.montura.it\/pub\/media\/amasty\/shopby\/option_images\/slider\/ICM103.svg\" alt=\"ICM103\" \/><\/p>\n<\/div>\n<\/div>\n<\/div>\n","protected":false},"excerpt":{"rendered":"<p>La chaqueta para mujer Stretch Color Hoody de Montura est\u00e1 confeccionada en tejido polar de poli\u00e9ster Polartec Power Grid transpirable con protecci\u00f3n UV. Contraste en tejido polar el\u00e1stico, parcialmente forrado en malla. Cierre de cremallera en el centro delantero, bolsillos laterales con cremallera, bolsillo interior abierto y capucha, pu\u00f1os y bajo con acabado el\u00e1stico. Esta &hellip; <a href=\"https:\/\/www.miomiorun.com\/es\/producto\/montura-stretch-color-hoody-jacket-mujer\/\">Continued<\/a><\/p>\n","protected":false},"featured_media":234380,"template":"","meta":{"_acf_changed":false,"inline_featured_image":false},"product_brand":[],"product_cat":[24418,24420],"product_tag":[23513,23631],"class_list":{"0":"post-281367","1":"product","2":"type-product","3":"status-publish","4":"has-post-thumbnail","6":"product_cat-chaquetas-es","7":"product_cat-ropa-de-mujer-es","8":"product_tag-montura-es","9":"product_tag-montura-mujer","10":"pa_attivita-caminar","11":"pa_attivita-outdoor-es","12":"pa_colore-stretch-color-hoody-jacket-w-rosa-sugar-blu-cenere-es","13":"pa_marca-montura-es","14":"pa_sesso-mujer","15":"pa_size-large-es","17":"first","18":"instock","19":"taxable","20":"shipping-taxable","21":"purchasable","22":"product-type-variable","23":"wvs-archive-product-wrapper"},"acf":[],"yoast_head":"<!-- This site is optimized with the Yoast SEO plugin v26.8 - https:\/\/yoast.com\/product\/yoast-seo-wordpress\/ -->\n<title>Montura Stretch Color Hoody Jacket mujer - Chaqueta de invierno - MioMioRun<\/title>\n<meta name=\"description\" content=\"La chaqueta para mujer Stretch Color Hoody de Montura est\u00e1 confeccionada con tejido polar de poli\u00e9ster Polartec Power Grid transpirable.\" \/>\n<meta name=\"robots\" content=\"index, follow, max-snippet:-1, max-image-preview:large, max-video-preview:-1\" \/>\n<link rel=\"canonical\" href=\"https:\/\/www.miomiorun.com\/es\/producto\/montura-stretch-color-hoody-jacket-mujer\/\" \/>\n<meta property=\"og:locale\" content=\"es_ES\" \/>\n<meta property=\"og:type\" content=\"article\" \/>\n<meta property=\"og:title\" content=\"Montura Stretch Color Hoody Jacket mujer - Chaqueta de invierno - MioMioRun\" \/>\n<meta property=\"og:description\" content=\"La chaqueta para mujer Stretch Color Hoody de Montura est\u00e1 confeccionada con tejido polar de poli\u00e9ster Polartec Power Grid transpirable.\" \/>\n<meta property=\"og:url\" content=\"https:\/\/www.miomiorun.com\/es\/producto\/montura-stretch-color-hoody-jacket-mujer\/\" \/>\n<meta property=\"og:site_name\" content=\"MioMioRun\" \/>\n<meta property=\"article:publisher\" content=\"https:\/\/www.facebook.com\/miomiorun\/\" \/>\n<meta property=\"article:modified_time\" content=\"2026-05-04T16:44:13+00:00\" \/>\n<meta property=\"og:image\" content=\"https:\/\/www.miomiorun.com\/app\/uploads\/2021\/11\/montura-stretch-color-hoody-jacket-MMAP09W.0486.jpg\" \/>\n\t<meta property=\"og:image:width\" content=\"600\" \/>\n\t<meta property=\"og:image:height\" content=\"600\" \/>\n\t<meta property=\"og:image:type\" content=\"image\/jpeg\" \/>\n<meta name=\"twitter:card\" content=\"summary_large_image\" \/>\n<meta name=\"twitter:label1\" content=\"Est. reading time\" \/>\n\t<meta name=\"twitter:data1\" content=\"1 minute\" \/>\n<script type=\"application\/ld+json\" class=\"yoast-schema-graph\">{\"@context\":\"https:\/\/schema.org\",\"@graph\":[{\"@type\":\"WebPage\",\"@id\":\"https:\/\/www.miomiorun.com\/es\/producto\/montura-stretch-color-hoody-jacket-mujer\/\",\"url\":\"https:\/\/www.miomiorun.com\/es\/producto\/montura-stretch-color-hoody-jacket-mujer\/\",\"name\":\"Montura Stretch Color Hoody Jacket mujer - Chaqueta de invierno - MioMioRun\",\"isPartOf\":{\"@id\":\"https:\/\/www.miomiorun.com\/es\/#website\"},\"primaryImageOfPage\":{\"@id\":\"https:\/\/www.miomiorun.com\/es\/producto\/montura-stretch-color-hoody-jacket-mujer\/#primaryimage\"},\"image\":{\"@id\":\"https:\/\/www.miomiorun.com\/es\/producto\/montura-stretch-color-hoody-jacket-mujer\/#primaryimage\"},\"thumbnailUrl\":\"https:\/\/www.miomiorun.com\/app\/uploads\/2021\/11\/montura-stretch-color-hoody-jacket-MMAP09W.0486.jpg\",\"datePublished\":\"2021-11-05T16:14:12+00:00\",\"dateModified\":\"2026-05-04T16:44:13+00:00\",\"description\":\"La chaqueta para mujer Stretch Color Hoody de Montura est\u00e1 confeccionada con tejido polar de poli\u00e9ster Polartec Power Grid transpirable.\",\"breadcrumb\":{\"@id\":\"https:\/\/www.miomiorun.com\/es\/producto\/montura-stretch-color-hoody-jacket-mujer\/#breadcrumb\"},\"inLanguage\":\"es-ES\",\"potentialAction\":[{\"@type\":\"ReadAction\",\"target\":[\"https:\/\/www.miomiorun.com\/es\/producto\/montura-stretch-color-hoody-jacket-mujer\/\"]}]},{\"@type\":\"ImageObject\",\"inLanguage\":\"es-ES\",\"@id\":\"https:\/\/www.miomiorun.com\/es\/producto\/montura-stretch-color-hoody-jacket-mujer\/#primaryimage\",\"url\":\"https:\/\/www.miomiorun.com\/app\/uploads\/2021\/11\/montura-stretch-color-hoody-jacket-MMAP09W.0486.jpg\",\"contentUrl\":\"https:\/\/www.miomiorun.com\/app\/uploads\/2021\/11\/montura-stretch-color-hoody-jacket-MMAP09W.0486.jpg\",\"width\":600,\"height\":600,\"caption\":\"montura strech color hoody jacket\"},{\"@type\":\"BreadcrumbList\",\"@id\":\"https:\/\/www.miomiorun.com\/es\/producto\/montura-stretch-color-hoody-jacket-mujer\/#breadcrumb\",\"itemListElement\":[{\"@type\":\"ListItem\",\"position\":1,\"name\":\"Home\",\"item\":\"https:\/\/www.miomiorun.com\/es\/\"},{\"@type\":\"ListItem\",\"position\":2,\"name\":\"Shop\",\"item\":\"https:\/\/www.miomiorun.com\/shop\/\"},{\"@type\":\"ListItem\",\"position\":3,\"name\":\"Stretch Color Hoody Jacket mujer\"}]},{\"@type\":\"WebSite\",\"@id\":\"https:\/\/www.miomiorun.com\/es\/#website\",\"url\":\"https:\/\/www.miomiorun.com\/es\/\",\"name\":\"MioMioRun\",\"description\":\"Tienda 100% running y trail\",\"publisher\":{\"@id\":\"https:\/\/www.miomiorun.com\/es\/#organization\"},\"potentialAction\":[{\"@type\":\"SearchAction\",\"target\":{\"@type\":\"EntryPoint\",\"urlTemplate\":\"https:\/\/www.miomiorun.com\/es\/?s={search_term_string}\"},\"query-input\":{\"@type\":\"PropertyValueSpecification\",\"valueRequired\":true,\"valueName\":\"search_term_string\"}}],\"inLanguage\":\"es-ES\"},{\"@type\":\"Organization\",\"@id\":\"https:\/\/www.miomiorun.com\/es\/#organization\",\"name\":\"MioMio Run\",\"url\":\"https:\/\/www.miomiorun.com\/es\/\",\"logo\":{\"@type\":\"ImageObject\",\"inLanguage\":\"es-ES\",\"@id\":\"https:\/\/www.miomiorun.com\/es\/#\/schema\/logo\/image\/\",\"url\":\"https:\/\/www.miomiorun.com\/app\/uploads\/2019\/12\/logomio.png\",\"contentUrl\":\"https:\/\/www.miomiorun.com\/app\/uploads\/2019\/12\/logomio.png\",\"width\":115,\"height\":82,\"caption\":\"MioMio Run\"},\"image\":{\"@id\":\"https:\/\/www.miomiorun.com\/es\/#\/schema\/logo\/image\/\"},\"sameAs\":[\"https:\/\/www.facebook.com\/miomiorun\/\",\"https:\/\/www.instagram.com\/miomiorun\/\"]}]}<\/script>\n<!-- \/ Yoast SEO plugin. -->","yoast_head_json":{"title":"Montura Stretch Color Hoody Jacket mujer - Chaqueta de invierno - MioMioRun","description":"La chaqueta para mujer Stretch Color Hoody de Montura est\u00e1 confeccionada con tejido polar de poli\u00e9ster Polartec Power Grid transpirable.","robots":{"index":"index","follow":"follow","max-snippet":"max-snippet:-1","max-image-preview":"max-image-preview:large","max-video-preview":"max-video-preview:-1"},"canonical":"https:\/\/www.miomiorun.com\/es\/producto\/montura-stretch-color-hoody-jacket-mujer\/","og_locale":"es_ES","og_type":"article","og_title":"Montura Stretch Color Hoody Jacket mujer - Chaqueta de invierno - MioMioRun","og_description":"La chaqueta para mujer Stretch Color Hoody de Montura est\u00e1 confeccionada con tejido polar de poli\u00e9ster Polartec Power Grid transpirable.","og_url":"https:\/\/www.miomiorun.com\/es\/producto\/montura-stretch-color-hoody-jacket-mujer\/","og_site_name":"MioMioRun","article_publisher":"https:\/\/www.facebook.com\/miomiorun\/","article_modified_time":"2026-05-04T16:44:13+00:00","og_image":[{"width":600,"height":600,"url":"https:\/\/www.miomiorun.com\/app\/uploads\/2021\/11\/montura-stretch-color-hoody-jacket-MMAP09W.0486.jpg","type":"image\/jpeg"}],"twitter_card":"summary_large_image","twitter_misc":{"Est. reading time":"1 minute"},"schema":{"@context":"https:\/\/schema.org","@graph":[{"@type":"WebPage","@id":"https:\/\/www.miomiorun.com\/es\/producto\/montura-stretch-color-hoody-jacket-mujer\/","url":"https:\/\/www.miomiorun.com\/es\/producto\/montura-stretch-color-hoody-jacket-mujer\/","name":"Montura Stretch Color Hoody Jacket mujer - Chaqueta de invierno - MioMioRun","isPartOf":{"@id":"https:\/\/www.miomiorun.com\/es\/#website"},"primaryImageOfPage":{"@id":"https:\/\/www.miomiorun.com\/es\/producto\/montura-stretch-color-hoody-jacket-mujer\/#primaryimage"},"image":{"@id":"https:\/\/www.miomiorun.com\/es\/producto\/montura-stretch-color-hoody-jacket-mujer\/#primaryimage"},"thumbnailUrl":"https:\/\/www.miomiorun.com\/app\/uploads\/2021\/11\/montura-stretch-color-hoody-jacket-MMAP09W.0486.jpg","datePublished":"2021-11-05T16:14:12+00:00","dateModified":"2026-05-04T16:44:13+00:00","description":"La chaqueta para mujer Stretch Color Hoody de Montura est\u00e1 confeccionada con tejido polar de poli\u00e9ster Polartec Power Grid transpirable.","breadcrumb":{"@id":"https:\/\/www.miomiorun.com\/es\/producto\/montura-stretch-color-hoody-jacket-mujer\/#breadcrumb"},"inLanguage":"es-ES","potentialAction":[{"@type":"ReadAction","target":["https:\/\/www.miomiorun.com\/es\/producto\/montura-stretch-color-hoody-jacket-mujer\/"]}]},{"@type":"ImageObject","inLanguage":"es-ES","@id":"https:\/\/www.miomiorun.com\/es\/producto\/montura-stretch-color-hoody-jacket-mujer\/#primaryimage","url":"https:\/\/www.miomiorun.com\/app\/uploads\/2021\/11\/montura-stretch-color-hoody-jacket-MMAP09W.0486.jpg","contentUrl":"https:\/\/www.miomiorun.com\/app\/uploads\/2021\/11\/montura-stretch-color-hoody-jacket-MMAP09W.0486.jpg","width":600,"height":600,"caption":"montura strech color hoody jacket"},{"@type":"BreadcrumbList","@id":"https:\/\/www.miomiorun.com\/es\/producto\/montura-stretch-color-hoody-jacket-mujer\/#breadcrumb","itemListElement":[{"@type":"ListItem","position":1,"name":"Home","item":"https:\/\/www.miomiorun.com\/es\/"},{"@type":"ListItem","position":2,"name":"Shop","item":"https:\/\/www.miomiorun.com\/shop\/"},{"@type":"ListItem","position":3,"name":"Stretch Color Hoody Jacket mujer"}]},{"@type":"WebSite","@id":"https:\/\/www.miomiorun.com\/es\/#website","url":"https:\/\/www.miomiorun.com\/es\/","name":"MioMioRun","description":"Tienda 100% running y trail","publisher":{"@id":"https:\/\/www.miomiorun.com\/es\/#organization"},"potentialAction":[{"@type":"SearchAction","target":{"@type":"EntryPoint","urlTemplate":"https:\/\/www.miomiorun.com\/es\/?s={search_term_string}"},"query-input":{"@type":"PropertyValueSpecification","valueRequired":true,"valueName":"search_term_string"}}],"inLanguage":"es-ES"},{"@type":"Organization","@id":"https:\/\/www.miomiorun.com\/es\/#organization","name":"MioMio Run","url":"https:\/\/www.miomiorun.com\/es\/","logo":{"@type":"ImageObject","inLanguage":"es-ES","@id":"https:\/\/www.miomiorun.com\/es\/#\/schema\/logo\/image\/","url":"https:\/\/www.miomiorun.com\/app\/uploads\/2019\/12\/logomio.png","contentUrl":"https:\/\/www.miomiorun.com\/app\/uploads\/2019\/12\/logomio.png","width":115,"height":82,"caption":"MioMio Run"},"image":{"@id":"https:\/\/www.miomiorun.com\/es\/#\/schema\/logo\/image\/"},"sameAs":["https:\/\/www.facebook.com\/miomiorun\/","https:\/\/www.instagram.com\/miomiorun\/"]}]}},"_links":{"self":[{"href":"https:\/\/www.miomiorun.com\/es\/wp-json\/wp\/v2\/product\/281367","targetHints":{"allow":["GET"]}}],"collection":[{"href":"https:\/\/www.miomiorun.com\/es\/wp-json\/wp\/v2\/product"}],"about":[{"href":"https:\/\/www.miomiorun.com\/es\/wp-json\/wp\/v2\/types\/product"}],"wp:featuredmedia":[{"embeddable":true,"href":"https:\/\/www.miomiorun.com\/es\/wp-json\/wp\/v2\/media\/234380"}],"wp:attachment":[{"href":"https:\/\/www.miomiorun.com\/es\/wp-json\/wp\/v2\/media?parent=281367"}],"wp:term":[{"taxonomy":"product_brand","embeddable":true,"href":"https:\/\/www.miomiorun.com\/es\/wp-json\/wp\/v2\/product_brand?post=281367"},{"taxonomy":"product_cat","embeddable":true,"href":"https:\/\/www.miomiorun.com\/es\/wp-json\/wp\/v2\/product_cat?post=281367"},{"taxonomy":"product_tag","embeddable":true,"href":"https:\/\/www.miomiorun.com\/es\/wp-json\/wp\/v2\/product_tag?post=281367"}],"curies":[{"name":"wp","href":"https:\/\/api.w.org\/{rel}","templated":true}]}}