{"id":281346,"date":"2021-11-04T10:16:46","date_gmt":"2021-11-04T09:16:46","guid":{"rendered":"https:\/\/miomiorun.com\/prodotto\/leki-mct-12-vario-carbon\/"},"modified":"2026-05-04T18:37:20","modified_gmt":"2026-05-04T16:37:20","slug":"leki-mct-12-vario-carbon","status":"publish","type":"product","link":"https:\/\/www.miomiorun.com\/es\/producto\/leki-mct-12-vario-carbon\/","title":{"rendered":"MCT 12 Vario Carbon"},"content":{"rendered":"<p>El MCT 12 Vario Carbon es un bast\u00f3n de Cross Trail de gama alta. Este bast\u00f3n plegable de carbono, extremadamente ligero, est\u00e1 equipado con la nueva empu\u00f1adura Cross Shark. El sistema ofrece la rapidez del sistema Shark y el apoyo de una empu\u00f1adura de trekking con superficie de apoyo ergon\u00f3mica. La correa de malla altamente transpirable, con un ajuste optimizado, es m\u00e1s ancha y envuelve la mano de forma segura y precisa. El mango de espuma de poro abierto con efecto de corcho tiene un dise\u00f1o redondeado y, gracias a su extensi\u00f3n corta, ofrece m\u00e1s opciones de agarre. Con el CLD Core Locking Device para un bloqueo intuitivo, puedes plegar r\u00e1pidamente el MCT 12 Vario Carbon hasta un tama\u00f1o de 42 cm. As\u00ed podr\u00e1s enfrentarte a los senderos y trails. 4 your speed.<\/p>\n<div class=\"emotion-sorter\">\n<div id=\"\" class=\"emotion\">\n<div class=\"row\">\n<div class=\"col-sm-12 clickbox\">\n<div class=\"row\">\n<div class=\"col-sm-7 clickbox\">\n<div class=\"row\">\n<div class=\"col-sm-12 clickbox\">\n<div class=\"height-1\">\n<div class=\"neom-emotion-element only-text title\">\n<h3>Tibur\u00f3n cruzado<\/h3>\n<p>Cross Shark ofrece la rapidez del sistema Shark y la sujeci\u00f3n de un mango de senderismo.<\/p>\n<\/div>\n<\/div>\n<\/div>\n<\/div>\n<\/div>\n<\/div>\n<\/div>\n<\/div>\n<div class=\"row\">\n<div class=\"col-sm-12 clickbox\">\n<div class=\"row\">\n<div class=\"col-sm-7 clickbox\">\n<div class=\"row\">\n<div class=\"col-sm-12 clickbox\">\n<div class=\"height-1\">\n<div class=\"neom-emotion-element only-text title\">\n<h3>DISPOSITIVO DE BLOQUEO DEL N\u00daCLEO (CLD)<\/h3>\n<ul>\n<li>Mecanismo de extracci\u00f3n intuitivo<\/li>\n<li>Dise\u00f1o delgado y ligero<\/li>\n<li>Sistema interior<\/li>\n<\/ul>\n<\/div>\n<\/div>\n<\/div>\n<\/div>\n<\/div>\n<\/div>\n<\/div>\n<\/div>\n<div class=\"row\">\n<div class=\"col-sm-12 clickbox\">\n<div class=\"row\">\n<div class=\"col-sm-7 clickbox\">\n<div class=\"row\">\n<div class=\"col-sm-12 clickbox\">\n<div class=\"height-1\">\n<div class=\"neom-emotion-element only-text title\">\n<h3>Correa de malla para montura<\/h3>\n<ul>\n<li>Trigger Shark: cord\u00f3n transpirable de malla<\/li>\n<li>Ajuste optimizado<\/li>\n<li>Superficie amplia y extensa<\/li>\n<li>Pieza \u00fanica &#8211; 360\u00b0 en el interior<\/li>\n<\/ul>\n<\/div>\n<\/div>\n<\/div>\n<\/div>\n<\/div>\n<\/div>\n<\/div>\n<\/div>\n<div class=\"row\">\n<div class=\"col-sm-12 clickbox\">\n<div class=\"row\">\n<div class=\"col-sm-7 clickbox\">\n<div class=\"row\">\n<div class=\"col-sm-12 clickbox\">\n<div class=\"height-1\">\n<div class=\"neom-emotion-element only-text no-title\">\n<p><img loading=\"lazy\" decoding=\"async\" src=\"https:\/\/www.leki.com\/media\/image\/SpeedLock2.jpg\" alt=\"\" width=\"150\" height=\"60\" \/><\/p>\n<p>Ajuste y fijaci\u00f3n muy r\u00e1pidos. Un 30 % m\u00e1s peque\u00f1o, un 25 % m\u00e1s ligero y una fuerza de sujeci\u00f3n un 20 % superior.<\/p>\n<\/div>\n<\/div>\n<\/div>\n<\/div>\n<\/div>\n<\/div>\n<\/div>\n<\/div>\n<div class=\"row\">\n<div class=\"col-sm-12 clickbox\">\n<div class=\"row\">\n<div class=\"col-sm-7 clickbox\">\n<div class=\"row\">\n<div class=\"col-sm-12 clickbox\">\n<div class=\"height-1\">\n<div class=\"neom-emotion-element only-text title\">\n<h3>100 % carbono HM<\/h3>\n<p>Carbono de alto m\u00f3dulo para las exigencias m\u00e1s elevadas en cuanto a peso y rigidez.<\/p>\n<\/div>\n<\/div>\n<\/div>\n<\/div>\n<\/div>\n<\/div>\n<\/div>\n<\/div>\n<div class=\"row\">\n<div class=\"col-sm-12 clickbox\">\n<div class=\"row\">\n<div class=\"col-sm-7 clickbox\">\n<div class=\"row\">\n<div class=\"col-sm-12 clickbox\">\n<div class=\"height-1\">\n<div class=\"neom-emotion-element only-text title\">\n<h3>Consejo para correr por monta\u00f1a<\/h3>\n<ul>\n<li>Punta ligera con alineaci\u00f3n libre<\/li>\n<li>La forma c\u00f3ncava de las puntas garantiza un buen agarre en cualquier \u00e1ngulo<\/li>\n<li>Equilibrio optimizado<\/li>\n<\/ul>\n<\/div>\n<\/div>\n<\/div>\n<\/div>\n<\/div>\n<\/div>\n<\/div>\n<\/div>\n<\/div>\n<\/div>\n<div class=\"emotion-sorter\">\n<div id=\"\" class=\"emotion\">\n<div class=\"row\">\n<div class=\"col-sm-12 clickbox\">\n<div class=\"row\">\n<div class=\"col-sm-7 clickbox\">\n<div class=\"row\">\n<div class=\"col-sm-12 clickbox\">\n<div class=\"height-1\">\n<div class=\"neom-emotion-element only-text title\">\n<div class=\"page-header ptm plm\">\n<h3>Caracter\u00edsticas<\/h3>\n<table class=\"table table-striped\">\n<tbody>\n<tr>\n<td class=\"light\">#<\/td>\n<td class=\"light\">4 Tu velocidad <small><\/small><\/td>\n<\/tr>\n<tr>\n<td class=\"dark\">Construcci\u00f3n<\/td>\n<td class=\"dark\">CLD (bastones plegables | CLD 65026801) <small><\/small><br \/>\nVario <small><\/small><\/td>\n<\/tr>\n<tr>\n<td class=\"light\">Empu\u00f1adura<\/td>\n<td class=\"light\">Cross Shark (65026801) <small><\/small><\/td>\n<\/tr>\n<tr>\n<td class=\"dark\">Anillo<\/td>\n<td class=\"dark\">Trigger Shark (correa de malla para el marco) <small><\/small><\/td>\n<\/tr>\n<tr>\n<td class=\"light\">Segmentos<\/td>\n<td class=\"light\">4 secciones <small><\/small><\/td>\n<\/tr>\n<tr>\n<td class=\"dark\">Di\u00e1metro del tubo<\/td>\n<td class=\"dark\">16|14|14|14 mm <small><\/small><\/td>\n<\/tr>\n<tr>\n<td class=\"light\">Material del ca\u00f1o<\/td>\n<td class=\"light\">100 % carbono (HM)<\/td>\n<\/tr>\n<tr>\n<td class=\"dark\">Inicio<\/td>\n<td class=\"dark\">100 % carbono (HM) <small><\/small><\/td>\n<\/tr>\n<tr>\n<td class=\"light\">Parte inferior<\/td>\n<td class=\"light\">100 % carbono (HM) <small><\/small><\/td>\n<\/tr>\n<tr>\n<td class=\"dark\">Sistema de regulaci\u00f3n<\/td>\n<td class=\"dark\">Speed Lock 2 (65026801) <small><\/small><\/td>\n<\/tr>\n<tr>\n<td class=\"light\">Inicio<\/td>\n<td class=\"light\">Consejo para correr por monta\u00f1a (65026801) <small><\/small><\/td>\n<\/tr>\n<tr>\n<td class=\"dark\">Longitud \/ Formato<\/td>\n<td class=\"dark\">110 &#8211; 130 cm <small>ajustable<\/small><\/td>\n<\/tr>\n<tr>\n<td class=\"light\">Rango de ajuste<\/td>\n<td class=\"light\">110 &#8211; 130 cm<\/td>\n<\/tr>\n<tr>\n<td class=\"dark\">Peso<\/td>\n<td class=\"dark testa\">200 g \/ unidad <small> <\/small><\/td>\n<\/tr>\n<tr>\n<td class=\"light\">Dimensiones<\/td>\n<td class=\"light\">42 cm<\/td>\n<\/tr>\n<\/tbody>\n<\/table>\n<\/div>\n<\/div>\n<\/div>\n<\/div>\n<\/div>\n<\/div>\n<\/div>\n<\/div>\n<\/div>\n<\/div>\n<\/div>\n","protected":false},"excerpt":{"rendered":"<p>El MCT 12 Vario Carbon es un bast\u00f3n de Cross Trail de gama alta. Este bast\u00f3n plegable de carbono, extremadamente ligero, est\u00e1 equipado con la nueva empu\u00f1adura Cross Shark. El sistema ofrece la rapidez del sistema Shark y el apoyo de una empu\u00f1adura de trekking con superficie de apoyo ergon\u00f3mica. La correa de malla altamente &hellip; <a href=\"https:\/\/www.miomiorun.com\/es\/producto\/leki-mct-12-vario-carbon\/\">Continued<\/a><\/p>\n","protected":false},"featured_media":230134,"template":"","meta":{"_acf_changed":false,"inline_featured_image":false},"product_brand":[],"product_cat":[24234,24233],"product_tag":[23595],"class_list":{"0":"post-281346","1":"product","2":"type-product","3":"status-publish","4":"has-post-thumbnail","6":"product_cat-bastones-es","7":"product_cat-ofertas-de-accesorios","8":"product_tag-leki-es","9":"pa_attivita-outdoor-es","10":"pa_attivita-trail-es","11":"pa_colore-mct-12-vario-carbon-es","12":"pa_marca-leki-es","13":"pa_sesso-hombre","14":"pa_sesso-mujer","16":"first","17":"instock","18":"taxable","19":"shipping-taxable","20":"purchasable","21":"product-type-variable","22":"wvs-archive-product-wrapper"},"acf":[],"yoast_head":"<!-- This site is optimized with the Yoast SEO plugin v26.8 - https:\/\/yoast.com\/product\/yoast-seo-wordpress\/ -->\n<title>Leki MCT 12 Vario Carbon -bast\u00f3n para correr- MioMioRun.com<\/title>\n<meta name=\"description\" content=\"El bast\u00f3n plegable de carbono, extremadamente ligero, est\u00e1 equipado con el mango Cross Shark. R\u00e1pido y ergon\u00f3mico\" \/>\n<meta name=\"robots\" content=\"index, follow, max-snippet:-1, max-image-preview:large, max-video-preview:-1\" \/>\n<link rel=\"canonical\" href=\"https:\/\/www.miomiorun.com\/es\/producto\/leki-mct-12-vario-carbon\/\" \/>\n<meta property=\"og:locale\" content=\"es_ES\" \/>\n<meta property=\"og:type\" content=\"article\" \/>\n<meta property=\"og:title\" content=\"Leki MCT 12 Vario Carbon -bast\u00f3n para correr- MioMioRun.com\" \/>\n<meta property=\"og:description\" content=\"El bast\u00f3n plegable de carbono, extremadamente ligero, est\u00e1 equipado con el mango Cross Shark. R\u00e1pido y ergon\u00f3mico\" \/>\n<meta property=\"og:url\" content=\"https:\/\/www.miomiorun.com\/es\/producto\/leki-mct-12-vario-carbon\/\" \/>\n<meta property=\"og:site_name\" content=\"MioMioRun\" \/>\n<meta property=\"article:publisher\" content=\"https:\/\/www.facebook.com\/miomiorun\/\" \/>\n<meta property=\"article:modified_time\" content=\"2026-05-04T16:37:20+00:00\" \/>\n<meta property=\"og:image\" content=\"https:\/\/www.miomiorun.com\/app\/uploads\/2020\/06\/MCT-12-Vario-Carbon-65026801.jpg\" \/>\n\t<meta property=\"og:image:width\" content=\"600\" \/>\n\t<meta property=\"og:image:height\" content=\"600\" \/>\n\t<meta property=\"og:image:type\" content=\"image\/jpeg\" \/>\n<meta name=\"twitter:card\" content=\"summary_large_image\" \/>\n<meta name=\"twitter:label1\" content=\"Est. reading time\" \/>\n\t<meta name=\"twitter:data1\" content=\"2 minutes\" \/>\n<script type=\"application\/ld+json\" class=\"yoast-schema-graph\">{\"@context\":\"https:\/\/schema.org\",\"@graph\":[{\"@type\":\"WebPage\",\"@id\":\"https:\/\/www.miomiorun.com\/es\/producto\/leki-mct-12-vario-carbon\/\",\"url\":\"https:\/\/www.miomiorun.com\/es\/producto\/leki-mct-12-vario-carbon\/\",\"name\":\"Leki MCT 12 Vario Carbon -bast\u00f3n para correr- MioMioRun.com\",\"isPartOf\":{\"@id\":\"https:\/\/www.miomiorun.com\/es\/#website\"},\"primaryImageOfPage\":{\"@id\":\"https:\/\/www.miomiorun.com\/es\/producto\/leki-mct-12-vario-carbon\/#primaryimage\"},\"image\":{\"@id\":\"https:\/\/www.miomiorun.com\/es\/producto\/leki-mct-12-vario-carbon\/#primaryimage\"},\"thumbnailUrl\":\"https:\/\/www.miomiorun.com\/app\/uploads\/2020\/06\/MCT-12-Vario-Carbon-65026801.jpg\",\"datePublished\":\"2021-11-04T09:16:46+00:00\",\"dateModified\":\"2026-05-04T16:37:20+00:00\",\"description\":\"El bast\u00f3n plegable de carbono, extremadamente ligero, est\u00e1 equipado con el mango Cross Shark. R\u00e1pido y ergon\u00f3mico\",\"breadcrumb\":{\"@id\":\"https:\/\/www.miomiorun.com\/es\/producto\/leki-mct-12-vario-carbon\/#breadcrumb\"},\"inLanguage\":\"es-ES\",\"potentialAction\":[{\"@type\":\"ReadAction\",\"target\":[\"https:\/\/www.miomiorun.com\/es\/producto\/leki-mct-12-vario-carbon\/\"]}]},{\"@type\":\"ImageObject\",\"inLanguage\":\"es-ES\",\"@id\":\"https:\/\/www.miomiorun.com\/es\/producto\/leki-mct-12-vario-carbon\/#primaryimage\",\"url\":\"https:\/\/www.miomiorun.com\/app\/uploads\/2020\/06\/MCT-12-Vario-Carbon-65026801.jpg\",\"contentUrl\":\"https:\/\/www.miomiorun.com\/app\/uploads\/2020\/06\/MCT-12-Vario-Carbon-65026801.jpg\",\"width\":600,\"height\":600,\"caption\":\"Il bastone pieghevole estremamente leggero in carbonio \u00e8 dotato del'impugnatura Cross Shark. La velocit\u00e0 del sistema Shark e il supporto di una da trekking\"},{\"@type\":\"BreadcrumbList\",\"@id\":\"https:\/\/www.miomiorun.com\/es\/producto\/leki-mct-12-vario-carbon\/#breadcrumb\",\"itemListElement\":[{\"@type\":\"ListItem\",\"position\":1,\"name\":\"Home\",\"item\":\"https:\/\/www.miomiorun.com\/es\/\"},{\"@type\":\"ListItem\",\"position\":2,\"name\":\"Shop\",\"item\":\"https:\/\/www.miomiorun.com\/shop\/\"},{\"@type\":\"ListItem\",\"position\":3,\"name\":\"MCT 12 Vario Carbon\"}]},{\"@type\":\"WebSite\",\"@id\":\"https:\/\/www.miomiorun.com\/es\/#website\",\"url\":\"https:\/\/www.miomiorun.com\/es\/\",\"name\":\"MioMioRun\",\"description\":\"Tienda 100% running y trail\",\"publisher\":{\"@id\":\"https:\/\/www.miomiorun.com\/es\/#organization\"},\"potentialAction\":[{\"@type\":\"SearchAction\",\"target\":{\"@type\":\"EntryPoint\",\"urlTemplate\":\"https:\/\/www.miomiorun.com\/es\/?s={search_term_string}\"},\"query-input\":{\"@type\":\"PropertyValueSpecification\",\"valueRequired\":true,\"valueName\":\"search_term_string\"}}],\"inLanguage\":\"es-ES\"},{\"@type\":\"Organization\",\"@id\":\"https:\/\/www.miomiorun.com\/es\/#organization\",\"name\":\"MioMio Run\",\"url\":\"https:\/\/www.miomiorun.com\/es\/\",\"logo\":{\"@type\":\"ImageObject\",\"inLanguage\":\"es-ES\",\"@id\":\"https:\/\/www.miomiorun.com\/es\/#\/schema\/logo\/image\/\",\"url\":\"https:\/\/www.miomiorun.com\/app\/uploads\/2019\/12\/logomio.png\",\"contentUrl\":\"https:\/\/www.miomiorun.com\/app\/uploads\/2019\/12\/logomio.png\",\"width\":115,\"height\":82,\"caption\":\"MioMio Run\"},\"image\":{\"@id\":\"https:\/\/www.miomiorun.com\/es\/#\/schema\/logo\/image\/\"},\"sameAs\":[\"https:\/\/www.facebook.com\/miomiorun\/\",\"https:\/\/www.instagram.com\/miomiorun\/\"]}]}<\/script>\n<!-- \/ Yoast SEO plugin. -->","yoast_head_json":{"title":"Leki MCT 12 Vario Carbon -bast\u00f3n para correr- MioMioRun.com","description":"El bast\u00f3n plegable de carbono, extremadamente ligero, est\u00e1 equipado con el mango Cross Shark. R\u00e1pido y ergon\u00f3mico","robots":{"index":"index","follow":"follow","max-snippet":"max-snippet:-1","max-image-preview":"max-image-preview:large","max-video-preview":"max-video-preview:-1"},"canonical":"https:\/\/www.miomiorun.com\/es\/producto\/leki-mct-12-vario-carbon\/","og_locale":"es_ES","og_type":"article","og_title":"Leki MCT 12 Vario Carbon -bast\u00f3n para correr- MioMioRun.com","og_description":"El bast\u00f3n plegable de carbono, extremadamente ligero, est\u00e1 equipado con el mango Cross Shark. R\u00e1pido y ergon\u00f3mico","og_url":"https:\/\/www.miomiorun.com\/es\/producto\/leki-mct-12-vario-carbon\/","og_site_name":"MioMioRun","article_publisher":"https:\/\/www.facebook.com\/miomiorun\/","article_modified_time":"2026-05-04T16:37:20+00:00","og_image":[{"width":600,"height":600,"url":"https:\/\/www.miomiorun.com\/app\/uploads\/2020\/06\/MCT-12-Vario-Carbon-65026801.jpg","type":"image\/jpeg"}],"twitter_card":"summary_large_image","twitter_misc":{"Est. reading time":"2 minutes"},"schema":{"@context":"https:\/\/schema.org","@graph":[{"@type":"WebPage","@id":"https:\/\/www.miomiorun.com\/es\/producto\/leki-mct-12-vario-carbon\/","url":"https:\/\/www.miomiorun.com\/es\/producto\/leki-mct-12-vario-carbon\/","name":"Leki MCT 12 Vario Carbon -bast\u00f3n para correr- MioMioRun.com","isPartOf":{"@id":"https:\/\/www.miomiorun.com\/es\/#website"},"primaryImageOfPage":{"@id":"https:\/\/www.miomiorun.com\/es\/producto\/leki-mct-12-vario-carbon\/#primaryimage"},"image":{"@id":"https:\/\/www.miomiorun.com\/es\/producto\/leki-mct-12-vario-carbon\/#primaryimage"},"thumbnailUrl":"https:\/\/www.miomiorun.com\/app\/uploads\/2020\/06\/MCT-12-Vario-Carbon-65026801.jpg","datePublished":"2021-11-04T09:16:46+00:00","dateModified":"2026-05-04T16:37:20+00:00","description":"El bast\u00f3n plegable de carbono, extremadamente ligero, est\u00e1 equipado con el mango Cross Shark. R\u00e1pido y ergon\u00f3mico","breadcrumb":{"@id":"https:\/\/www.miomiorun.com\/es\/producto\/leki-mct-12-vario-carbon\/#breadcrumb"},"inLanguage":"es-ES","potentialAction":[{"@type":"ReadAction","target":["https:\/\/www.miomiorun.com\/es\/producto\/leki-mct-12-vario-carbon\/"]}]},{"@type":"ImageObject","inLanguage":"es-ES","@id":"https:\/\/www.miomiorun.com\/es\/producto\/leki-mct-12-vario-carbon\/#primaryimage","url":"https:\/\/www.miomiorun.com\/app\/uploads\/2020\/06\/MCT-12-Vario-Carbon-65026801.jpg","contentUrl":"https:\/\/www.miomiorun.com\/app\/uploads\/2020\/06\/MCT-12-Vario-Carbon-65026801.jpg","width":600,"height":600,"caption":"Il bastone pieghevole estremamente leggero in carbonio \u00e8 dotato del'impugnatura Cross Shark. La velocit\u00e0 del sistema Shark e il supporto di una da trekking"},{"@type":"BreadcrumbList","@id":"https:\/\/www.miomiorun.com\/es\/producto\/leki-mct-12-vario-carbon\/#breadcrumb","itemListElement":[{"@type":"ListItem","position":1,"name":"Home","item":"https:\/\/www.miomiorun.com\/es\/"},{"@type":"ListItem","position":2,"name":"Shop","item":"https:\/\/www.miomiorun.com\/shop\/"},{"@type":"ListItem","position":3,"name":"MCT 12 Vario Carbon"}]},{"@type":"WebSite","@id":"https:\/\/www.miomiorun.com\/es\/#website","url":"https:\/\/www.miomiorun.com\/es\/","name":"MioMioRun","description":"Tienda 100% running y trail","publisher":{"@id":"https:\/\/www.miomiorun.com\/es\/#organization"},"potentialAction":[{"@type":"SearchAction","target":{"@type":"EntryPoint","urlTemplate":"https:\/\/www.miomiorun.com\/es\/?s={search_term_string}"},"query-input":{"@type":"PropertyValueSpecification","valueRequired":true,"valueName":"search_term_string"}}],"inLanguage":"es-ES"},{"@type":"Organization","@id":"https:\/\/www.miomiorun.com\/es\/#organization","name":"MioMio Run","url":"https:\/\/www.miomiorun.com\/es\/","logo":{"@type":"ImageObject","inLanguage":"es-ES","@id":"https:\/\/www.miomiorun.com\/es\/#\/schema\/logo\/image\/","url":"https:\/\/www.miomiorun.com\/app\/uploads\/2019\/12\/logomio.png","contentUrl":"https:\/\/www.miomiorun.com\/app\/uploads\/2019\/12\/logomio.png","width":115,"height":82,"caption":"MioMio Run"},"image":{"@id":"https:\/\/www.miomiorun.com\/es\/#\/schema\/logo\/image\/"},"sameAs":["https:\/\/www.facebook.com\/miomiorun\/","https:\/\/www.instagram.com\/miomiorun\/"]}]}},"_links":{"self":[{"href":"https:\/\/www.miomiorun.com\/es\/wp-json\/wp\/v2\/product\/281346","targetHints":{"allow":["GET"]}}],"collection":[{"href":"https:\/\/www.miomiorun.com\/es\/wp-json\/wp\/v2\/product"}],"about":[{"href":"https:\/\/www.miomiorun.com\/es\/wp-json\/wp\/v2\/types\/product"}],"wp:featuredmedia":[{"embeddable":true,"href":"https:\/\/www.miomiorun.com\/es\/wp-json\/wp\/v2\/media\/230134"}],"wp:attachment":[{"href":"https:\/\/www.miomiorun.com\/es\/wp-json\/wp\/v2\/media?parent=281346"}],"wp:term":[{"taxonomy":"product_brand","embeddable":true,"href":"https:\/\/www.miomiorun.com\/es\/wp-json\/wp\/v2\/product_brand?post=281346"},{"taxonomy":"product_cat","embeddable":true,"href":"https:\/\/www.miomiorun.com\/es\/wp-json\/wp\/v2\/product_cat?post=281346"},{"taxonomy":"product_tag","embeddable":true,"href":"https:\/\/www.miomiorun.com\/es\/wp-json\/wp\/v2\/product_tag?post=281346"}],"curies":[{"name":"wp","href":"https:\/\/api.w.org\/{rel}","templated":true}]}}