{"id":281240,"date":"2021-12-17T10:26:14","date_gmt":"2021-12-17T09:26:14","guid":{"rendered":"https:\/\/miomiorun.com\/prodotto\/craft-active-extreme-x-cn-ls-donna\/"},"modified":"2026-05-04T18:52:22","modified_gmt":"2026-05-04T16:52:22","slug":"craft-active-extreme-x-cn-ls-mujer","status":"publish","type":"product","link":"https:\/\/www.miomiorun.com\/es\/producto\/craft-active-extreme-x-cn-ls-mujer\/","title":{"rendered":"Active Extreme X CN LS mujer"},"content":{"rendered":"<p id=\"tw-target-text\" class=\"tw-data-text tw-text-large tw-ta\" dir=\"ltr\" data-placeholder=\"Traduzione\"><span class=\"Y2IQFc\" lang=\"it\"><strong>Active Extreme X CN LS<\/strong> para mujer es una camiseta interior de manga larga dise\u00f1ada para correr y entrenar a alta intensidad en condiciones invernales, desde templadas hasta fr\u00edas. <\/span><\/p>\n<p class=\"tw-data-text tw-text-large tw-ta\" dir=\"ltr\" data-placeholder=\"Traduzione\"><span class=\"Y2IQFc\" lang=\"it\">Esta prenda de alto rendimiento combina poli\u00e9ster SEAQUAL ligero, tecnolog\u00eda Coolmax Air y poli\u00e9ster reciclado para ofrecer una gesti\u00f3n excepcional de la temperatura corporal durante las actividades de alta intensidad. Adem\u00e1s, la prenda cuenta con un dise\u00f1o de punto waffle que mejora la evacuaci\u00f3n de la humedad y aumenta la comodidad.<\/span><\/p>\n<p class=\"tw-data-text tw-text-large tw-ta\" dir=\"ltr\" data-placeholder=\"Traduzione\"><span class=\"Y2IQFc\" lang=\"it\">Su gran elasticidad y su corte ergon\u00f3mico garantizan una libertad de movimiento \u00f3ptima, mientras que los paneles de malla estrat\u00e9gicamente situados proporcionan una ventilaci\u00f3n adicional justo donde m\u00e1s se necesita. Un favorito indiscutible entre los deportistas de \u00e9lite y los h\u00e9roes cotidianos.<\/span><\/p>\n<h3 class=\"tw-data-text tw-text-large tw-ta\" dir=\"ltr\" data-placeholder=\"Traduzione\"><span class=\"Y2IQFc\" lang=\"it\"><strong>Tejido ecol\u00f3gico SEAQUAL<\/strong><\/span><\/h3>\n<p class=\"tw-data-text tw-text-large tw-ta\" dir=\"ltr\" data-placeholder=\"Traduzione\"><span class=\"Y2IQFc\" lang=\"it\">La iniciativa SEAQUAL combate la contaminaci\u00f3n por pl\u00e1sticos y ayuda a limpiar nuestros oc\u00e9anos de residuos marinos, impulsando a la sociedad hacia la econom\u00eda circular. Fruto de nuestro compromiso de asumir la plena responsabilidad de toda la cadena de valor, el modelo Active Extreme X CN LS est\u00e1 fabricado con pl\u00e1stico marino reciclado, un material 100 % reciclado. El tejido reciclado SEAQUAL no solo es ecol\u00f3gico, sino que tambi\u00e9n ofrece una excelente transpirabilidad y ventilaci\u00f3n. <\/span><\/p>\n<h3 class=\"tw-data-text tw-text-large tw-ta\" dir=\"ltr\" data-placeholder=\"Traduzione\"><span class=\"Y2IQFc\" lang=\"it\">Tecnolog\u00eda Coolmax Air<\/span><\/h3>\n<p class=\"tw-data-text tw-text-large tw-ta\" dir=\"ltr\" data-placeholder=\"Traduzione\"><span class=\"Y2IQFc\" lang=\"it\">Los tejidos Coolmax Air Technology est\u00e1n dise\u00f1ados para optimizar la regulaci\u00f3n natural de la temperatura corporal tanto en condiciones de fr\u00edo como de calor. Caracterizado por fibras de poli\u00e9ster con una secci\u00f3n transversal \u00fanica en forma de h\u00e9lice, el tejido ofrece una excelente termorregulaci\u00f3n para un rendimiento \u00f3ptimo. Las pruebas han demostrado que las prendas confeccionadas con Coolmax Air Technology ofrecen una gesti\u00f3n superior de la temperatura corporal, una gran comodidad y un excelente efecto de secado r\u00e1pido.<\/span><\/p>\n<p dir=\"ltr\" data-placeholder=\"Traduzione\"><strong>Caracter\u00edsticas:<\/strong><\/p>\n<ul>\n<li id=\"tw-target-text\" class=\"tw-data-text tw-text-large tw-ta\" dir=\"ltr\" data-placeholder=\"Traduzione\"><span class=\"Y2IQFc\" lang=\"it\">Tejido fino, ligero y el\u00e1stico.<\/span><\/li>\n<li class=\"tw-data-text tw-text-large tw-ta\" dir=\"ltr\" data-placeholder=\"Traduzione\"><span class=\"Y2IQFc\" lang=\"it\">SEAQUAL: poli\u00e9ster fabricado a partir de pl\u00e1stico reciclado.<\/span><\/li>\n<li class=\"tw-data-text tw-text-large tw-ta\" dir=\"ltr\" data-placeholder=\"Traduzione\"><span class=\"Y2IQFc\" lang=\"it\">Tecnolog\u00eda Coolmax Air.<\/span><\/li>\n<li class=\"tw-data-text tw-text-large tw-ta\" dir=\"ltr\" data-placeholder=\"Traduzione\"><span class=\"Y2IQFc\" lang=\"it\">Dise\u00f1o de malla tipo gofre para una m\u00e1xima evacuaci\u00f3n de la humedad y mayor comodidad.<\/span><\/li>\n<li class=\"tw-data-text tw-text-large tw-ta\" dir=\"ltr\" data-placeholder=\"Traduzione\"><span class=\"Y2IQFc\" lang=\"it\">Inserciones de malla en las axilas para una mejor ventilaci\u00f3n.<\/span><\/li>\n<li class=\"tw-data-text tw-text-large tw-ta\" dir=\"ltr\" data-placeholder=\"Traduzione\"><span class=\"Y2IQFc\" lang=\"it\">Costuras flatlock que se adaptan a los movimientos del cuerpo.<\/span><\/li>\n<li class=\"tw-data-text tw-text-large tw-ta\" dir=\"ltr\" data-placeholder=\"Traduzione\"><span class=\"Y2IQFc\" lang=\"it\">Adherente.<\/span><\/li>\n<li class=\"tw-data-text tw-text-large tw-ta\" dir=\"ltr\" data-placeholder=\"Traduzione\"><span class=\"Y2IQFc\" lang=\"it\">Absorci\u00f3n de humedad: 5 sobre 5.<\/span><\/li>\n<li class=\"tw-data-text tw-text-large tw-ta\" dir=\"ltr\" data-placeholder=\"Traduzione\"><span class=\"Y2IQFc\" lang=\"it\">Nivel de actividad: 5 sobre 5.<\/span><\/li>\n<li class=\"tw-data-text tw-text-large tw-ta\" dir=\"ltr\" data-placeholder=\"Traduzione\"><span class=\"Y2IQFc\" lang=\"it\">Temperatura: de -5 \u00b0C a +10 \u00b0C<\/span><\/li>\n<\/ul>\n<p>Materiales: 40 % poli\u00e9ster SeaQual, 39 % poli\u00e9ster \u00abCoolmax\u00bb, 21 % poli\u00e9ster reciclado.<\/p>\n<p>&nbsp;<\/p>\n<p>&nbsp;<\/p>\n","protected":false},"excerpt":{"rendered":"<p>Active Extreme X CN LS para mujer es una camiseta interior de manga larga dise\u00f1ada para correr y entrenar a alta intensidad en condiciones invernales, desde templadas hasta fr\u00edas. Esta prenda de alto rendimiento combina poli\u00e9ster SEAQUAL ligero, tecnolog\u00eda Coolmax Air y poli\u00e9ster reciclado para ofrecer una gesti\u00f3n excepcional de la temperatura corporal durante las &hellip; <a href=\"https:\/\/www.miomiorun.com\/es\/producto\/craft-active-extreme-x-cn-ls-mujer\/\">Continued<\/a><\/p>\n","protected":false},"featured_media":234468,"template":"","meta":{"_acf_changed":false,"inline_featured_image":false},"product_brand":[],"product_cat":[24401,24397,24402],"product_tag":[23553,23659],"class_list":{"0":"post-281240","1":"product","2":"type-product","3":"status-publish","4":"has-post-thumbnail","6":"product_cat-ropa-de-mujer","7":"product_cat-ropa-interior","8":"product_cat-mujer","9":"product_tag-craft-es","10":"product_tag-craft-mujer","11":"pa_attivita-caminar","12":"pa_attivita-outdoor-es","13":"pa_attivita-running-es","14":"pa_attivita-trail-es","15":"pa_colore-active-extreme-x-cn-ls-w-black-es","16":"pa_colore-active-extreme-x-cn-ls-w-cosmo-es","17":"pa_colore-active-extreme-x-cn-ls-w-white-es","18":"pa_colore-pro-active-extreme-x-cn-ls-w-pink-es","19":"pa_marca-craft-es","20":"pa_sesso-mujer","21":"pa_size-extra-small-es","22":"pa_size-small-es","23":"pa_size-medium-es","24":"pa_size-large-es","26":"first","27":"instock","28":"sale","29":"taxable","30":"shipping-taxable","31":"purchasable","32":"product-type-variable","33":"wvs-archive-product-wrapper"},"acf":[],"yoast_head":"<!-- This site is optimized with the Yoast SEO plugin v26.8 - https:\/\/yoast.com\/product\/yoast-seo-wordpress\/ -->\n<title>Craft Active Extreme X CN LS mujer - Camiseta t\u00e9rmica - MioMioRun.com<\/title>\n<meta name=\"description\" content=\"La Active Extreme X CN LS para mujer es una camiseta interior de manga larga dise\u00f1ada para carreras y entrenamientos de alta intensidad.\" \/>\n<meta name=\"robots\" content=\"index, follow, max-snippet:-1, max-image-preview:large, max-video-preview:-1\" \/>\n<link rel=\"canonical\" href=\"https:\/\/www.miomiorun.com\/es\/producto\/craft-active-extreme-x-cn-ls-mujer\/\" \/>\n<meta property=\"og:locale\" content=\"es_ES\" \/>\n<meta property=\"og:type\" content=\"article\" \/>\n<meta property=\"og:title\" content=\"Craft Active Extreme X CN LS mujer - Camiseta t\u00e9rmica - MioMioRun.com\" \/>\n<meta property=\"og:description\" content=\"La Active Extreme X CN LS para mujer es una camiseta interior de manga larga dise\u00f1ada para carreras y entrenamientos de alta intensidad.\" \/>\n<meta property=\"og:url\" content=\"https:\/\/www.miomiorun.com\/es\/producto\/craft-active-extreme-x-cn-ls-mujer\/\" \/>\n<meta property=\"og:site_name\" content=\"MioMioRun\" \/>\n<meta property=\"article:publisher\" content=\"https:\/\/www.facebook.com\/miomiorun\/\" \/>\n<meta property=\"article:modified_time\" content=\"2026-05-04T16:52:22+00:00\" \/>\n<meta property=\"og:image\" content=\"https:\/\/www.miomiorun.com\/app\/uploads\/2021\/12\/craft-Active-Extreme-X-CN-LS-1909673-999000.jpg\" \/>\n\t<meta property=\"og:image:width\" content=\"600\" \/>\n\t<meta property=\"og:image:height\" content=\"600\" \/>\n\t<meta property=\"og:image:type\" content=\"image\/jpeg\" \/>\n<meta name=\"twitter:card\" content=\"summary_large_image\" \/>\n<meta name=\"twitter:label1\" content=\"Est. reading time\" \/>\n\t<meta name=\"twitter:data1\" content=\"2 minutes\" \/>\n<script type=\"application\/ld+json\" class=\"yoast-schema-graph\">{\"@context\":\"https:\/\/schema.org\",\"@graph\":[{\"@type\":\"WebPage\",\"@id\":\"https:\/\/www.miomiorun.com\/es\/producto\/craft-active-extreme-x-cn-ls-mujer\/\",\"url\":\"https:\/\/www.miomiorun.com\/es\/producto\/craft-active-extreme-x-cn-ls-mujer\/\",\"name\":\"Craft Active Extreme X CN LS mujer - Camiseta t\u00e9rmica - MioMioRun.com\",\"isPartOf\":{\"@id\":\"https:\/\/www.miomiorun.com\/es\/#website\"},\"primaryImageOfPage\":{\"@id\":\"https:\/\/www.miomiorun.com\/es\/producto\/craft-active-extreme-x-cn-ls-mujer\/#primaryimage\"},\"image\":{\"@id\":\"https:\/\/www.miomiorun.com\/es\/producto\/craft-active-extreme-x-cn-ls-mujer\/#primaryimage\"},\"thumbnailUrl\":\"https:\/\/www.miomiorun.com\/app\/uploads\/2021\/12\/craft-Active-Extreme-X-CN-LS-1909673-999000.jpg\",\"datePublished\":\"2021-12-17T09:26:14+00:00\",\"dateModified\":\"2026-05-04T16:52:22+00:00\",\"description\":\"La Active Extreme X CN LS para mujer es una camiseta interior de manga larga dise\u00f1ada para carreras y entrenamientos de alta intensidad.\",\"breadcrumb\":{\"@id\":\"https:\/\/www.miomiorun.com\/es\/producto\/craft-active-extreme-x-cn-ls-mujer\/#breadcrumb\"},\"inLanguage\":\"es-ES\",\"potentialAction\":[{\"@type\":\"ReadAction\",\"target\":[\"https:\/\/www.miomiorun.com\/es\/producto\/craft-active-extreme-x-cn-ls-mujer\/\"]}]},{\"@type\":\"ImageObject\",\"inLanguage\":\"es-ES\",\"@id\":\"https:\/\/www.miomiorun.com\/es\/producto\/craft-active-extreme-x-cn-ls-mujer\/#primaryimage\",\"url\":\"https:\/\/www.miomiorun.com\/app\/uploads\/2021\/12\/craft-Active-Extreme-X-CN-LS-1909673-999000.jpg\",\"contentUrl\":\"https:\/\/www.miomiorun.com\/app\/uploads\/2021\/12\/craft-Active-Extreme-X-CN-LS-1909673-999000.jpg\",\"width\":600,\"height\":600,\"caption\":\"craft-Active-Extreme-X-CN-LS-1909673-999000\"},{\"@type\":\"BreadcrumbList\",\"@id\":\"https:\/\/www.miomiorun.com\/es\/producto\/craft-active-extreme-x-cn-ls-mujer\/#breadcrumb\",\"itemListElement\":[{\"@type\":\"ListItem\",\"position\":1,\"name\":\"Home\",\"item\":\"https:\/\/www.miomiorun.com\/es\/\"},{\"@type\":\"ListItem\",\"position\":2,\"name\":\"Shop\",\"item\":\"https:\/\/www.miomiorun.com\/shop\/\"},{\"@type\":\"ListItem\",\"position\":3,\"name\":\"Active Extreme X CN LS mujer\"}]},{\"@type\":\"WebSite\",\"@id\":\"https:\/\/www.miomiorun.com\/es\/#website\",\"url\":\"https:\/\/www.miomiorun.com\/es\/\",\"name\":\"MioMioRun\",\"description\":\"Tienda 100% running y trail\",\"publisher\":{\"@id\":\"https:\/\/www.miomiorun.com\/es\/#organization\"},\"potentialAction\":[{\"@type\":\"SearchAction\",\"target\":{\"@type\":\"EntryPoint\",\"urlTemplate\":\"https:\/\/www.miomiorun.com\/es\/?s={search_term_string}\"},\"query-input\":{\"@type\":\"PropertyValueSpecification\",\"valueRequired\":true,\"valueName\":\"search_term_string\"}}],\"inLanguage\":\"es-ES\"},{\"@type\":\"Organization\",\"@id\":\"https:\/\/www.miomiorun.com\/es\/#organization\",\"name\":\"MioMio Run\",\"url\":\"https:\/\/www.miomiorun.com\/es\/\",\"logo\":{\"@type\":\"ImageObject\",\"inLanguage\":\"es-ES\",\"@id\":\"https:\/\/www.miomiorun.com\/es\/#\/schema\/logo\/image\/\",\"url\":\"https:\/\/www.miomiorun.com\/app\/uploads\/2019\/12\/logomio.png\",\"contentUrl\":\"https:\/\/www.miomiorun.com\/app\/uploads\/2019\/12\/logomio.png\",\"width\":115,\"height\":82,\"caption\":\"MioMio Run\"},\"image\":{\"@id\":\"https:\/\/www.miomiorun.com\/es\/#\/schema\/logo\/image\/\"},\"sameAs\":[\"https:\/\/www.facebook.com\/miomiorun\/\",\"https:\/\/www.instagram.com\/miomiorun\/\"]}]}<\/script>\n<!-- \/ Yoast SEO plugin. -->","yoast_head_json":{"title":"Craft Active Extreme X CN LS mujer - Camiseta t\u00e9rmica - MioMioRun.com","description":"La Active Extreme X CN LS para mujer es una camiseta interior de manga larga dise\u00f1ada para carreras y entrenamientos de alta intensidad.","robots":{"index":"index","follow":"follow","max-snippet":"max-snippet:-1","max-image-preview":"max-image-preview:large","max-video-preview":"max-video-preview:-1"},"canonical":"https:\/\/www.miomiorun.com\/es\/producto\/craft-active-extreme-x-cn-ls-mujer\/","og_locale":"es_ES","og_type":"article","og_title":"Craft Active Extreme X CN LS mujer - Camiseta t\u00e9rmica - MioMioRun.com","og_description":"La Active Extreme X CN LS para mujer es una camiseta interior de manga larga dise\u00f1ada para carreras y entrenamientos de alta intensidad.","og_url":"https:\/\/www.miomiorun.com\/es\/producto\/craft-active-extreme-x-cn-ls-mujer\/","og_site_name":"MioMioRun","article_publisher":"https:\/\/www.facebook.com\/miomiorun\/","article_modified_time":"2026-05-04T16:52:22+00:00","og_image":[{"width":600,"height":600,"url":"https:\/\/www.miomiorun.com\/app\/uploads\/2021\/12\/craft-Active-Extreme-X-CN-LS-1909673-999000.jpg","type":"image\/jpeg"}],"twitter_card":"summary_large_image","twitter_misc":{"Est. reading time":"2 minutes"},"schema":{"@context":"https:\/\/schema.org","@graph":[{"@type":"WebPage","@id":"https:\/\/www.miomiorun.com\/es\/producto\/craft-active-extreme-x-cn-ls-mujer\/","url":"https:\/\/www.miomiorun.com\/es\/producto\/craft-active-extreme-x-cn-ls-mujer\/","name":"Craft Active Extreme X CN LS mujer - Camiseta t\u00e9rmica - MioMioRun.com","isPartOf":{"@id":"https:\/\/www.miomiorun.com\/es\/#website"},"primaryImageOfPage":{"@id":"https:\/\/www.miomiorun.com\/es\/producto\/craft-active-extreme-x-cn-ls-mujer\/#primaryimage"},"image":{"@id":"https:\/\/www.miomiorun.com\/es\/producto\/craft-active-extreme-x-cn-ls-mujer\/#primaryimage"},"thumbnailUrl":"https:\/\/www.miomiorun.com\/app\/uploads\/2021\/12\/craft-Active-Extreme-X-CN-LS-1909673-999000.jpg","datePublished":"2021-12-17T09:26:14+00:00","dateModified":"2026-05-04T16:52:22+00:00","description":"La Active Extreme X CN LS para mujer es una camiseta interior de manga larga dise\u00f1ada para carreras y entrenamientos de alta intensidad.","breadcrumb":{"@id":"https:\/\/www.miomiorun.com\/es\/producto\/craft-active-extreme-x-cn-ls-mujer\/#breadcrumb"},"inLanguage":"es-ES","potentialAction":[{"@type":"ReadAction","target":["https:\/\/www.miomiorun.com\/es\/producto\/craft-active-extreme-x-cn-ls-mujer\/"]}]},{"@type":"ImageObject","inLanguage":"es-ES","@id":"https:\/\/www.miomiorun.com\/es\/producto\/craft-active-extreme-x-cn-ls-mujer\/#primaryimage","url":"https:\/\/www.miomiorun.com\/app\/uploads\/2021\/12\/craft-Active-Extreme-X-CN-LS-1909673-999000.jpg","contentUrl":"https:\/\/www.miomiorun.com\/app\/uploads\/2021\/12\/craft-Active-Extreme-X-CN-LS-1909673-999000.jpg","width":600,"height":600,"caption":"craft-Active-Extreme-X-CN-LS-1909673-999000"},{"@type":"BreadcrumbList","@id":"https:\/\/www.miomiorun.com\/es\/producto\/craft-active-extreme-x-cn-ls-mujer\/#breadcrumb","itemListElement":[{"@type":"ListItem","position":1,"name":"Home","item":"https:\/\/www.miomiorun.com\/es\/"},{"@type":"ListItem","position":2,"name":"Shop","item":"https:\/\/www.miomiorun.com\/shop\/"},{"@type":"ListItem","position":3,"name":"Active Extreme X CN LS mujer"}]},{"@type":"WebSite","@id":"https:\/\/www.miomiorun.com\/es\/#website","url":"https:\/\/www.miomiorun.com\/es\/","name":"MioMioRun","description":"Tienda 100% running y trail","publisher":{"@id":"https:\/\/www.miomiorun.com\/es\/#organization"},"potentialAction":[{"@type":"SearchAction","target":{"@type":"EntryPoint","urlTemplate":"https:\/\/www.miomiorun.com\/es\/?s={search_term_string}"},"query-input":{"@type":"PropertyValueSpecification","valueRequired":true,"valueName":"search_term_string"}}],"inLanguage":"es-ES"},{"@type":"Organization","@id":"https:\/\/www.miomiorun.com\/es\/#organization","name":"MioMio Run","url":"https:\/\/www.miomiorun.com\/es\/","logo":{"@type":"ImageObject","inLanguage":"es-ES","@id":"https:\/\/www.miomiorun.com\/es\/#\/schema\/logo\/image\/","url":"https:\/\/www.miomiorun.com\/app\/uploads\/2019\/12\/logomio.png","contentUrl":"https:\/\/www.miomiorun.com\/app\/uploads\/2019\/12\/logomio.png","width":115,"height":82,"caption":"MioMio Run"},"image":{"@id":"https:\/\/www.miomiorun.com\/es\/#\/schema\/logo\/image\/"},"sameAs":["https:\/\/www.facebook.com\/miomiorun\/","https:\/\/www.instagram.com\/miomiorun\/"]}]}},"_links":{"self":[{"href":"https:\/\/www.miomiorun.com\/es\/wp-json\/wp\/v2\/product\/281240","targetHints":{"allow":["GET"]}}],"collection":[{"href":"https:\/\/www.miomiorun.com\/es\/wp-json\/wp\/v2\/product"}],"about":[{"href":"https:\/\/www.miomiorun.com\/es\/wp-json\/wp\/v2\/types\/product"}],"wp:featuredmedia":[{"embeddable":true,"href":"https:\/\/www.miomiorun.com\/es\/wp-json\/wp\/v2\/media\/234468"}],"wp:attachment":[{"href":"https:\/\/www.miomiorun.com\/es\/wp-json\/wp\/v2\/media?parent=281240"}],"wp:term":[{"taxonomy":"product_brand","embeddable":true,"href":"https:\/\/www.miomiorun.com\/es\/wp-json\/wp\/v2\/product_brand?post=281240"},{"taxonomy":"product_cat","embeddable":true,"href":"https:\/\/www.miomiorun.com\/es\/wp-json\/wp\/v2\/product_cat?post=281240"},{"taxonomy":"product_tag","embeddable":true,"href":"https:\/\/www.miomiorun.com\/es\/wp-json\/wp\/v2\/product_tag?post=281240"}],"curies":[{"name":"wp","href":"https:\/\/api.w.org\/{rel}","templated":true}]}}