{"id":281211,"date":"2021-11-23T18:37:55","date_gmt":"2021-11-23T17:37:55","guid":{"rendered":"https:\/\/miomiorun.com\/prodotto\/montura-ski-style-pants-uomo\/"},"modified":"2026-05-04T18:51:03","modified_gmt":"2026-05-04T16:51:03","slug":"montura-ski-style-pants-hombre","status":"publish","type":"product","link":"https:\/\/www.miomiorun.com\/es\/producto\/montura-ski-style-pants-hombre\/","title":{"rendered":"Ski Style Pants hombre"},"content":{"rendered":"<div class=\"product-attribute product-attribute-featured-materials\">\n<p><strong>Pantalones Ski Style 2<\/strong> para hombre: unos pantalones largos confeccionados en tejido de nailon DWR el\u00e1stico en cuatro direcciones, parcialmente forrados con tejido de jersey. Una prenda ideal para diversas actividades al aire libre, como el esqu\u00ed de traves\u00eda y el running.<\/p>\n<h3 class=\"product-weight\">Caracter\u00edsticas:<\/h3>\n<p>\u2022 Pantal\u00f3n largo para hombre<br \/>\n\u2022 Tejido de nailon DWR el\u00e1stico en 4 direcciones<br \/>\n\u2022 Detalles en contraste de tejido de poli\u00e9ster<br \/>\n\u2022 Parcialmente forrado con tejido de jersey<br \/>\n\u2022 Cintura con el\u00e1stico, ajuste mediante cord\u00f3n y abertura con solapa<br \/>\n\u2022 Bolsillos laterales con cremallera<br \/>\n\u2022 Ajuste del bajo con cremallera y fuelle<br \/>\n\u2022 Bajo con acabado el\u00e1stico<br \/>\n\u2022 Versi\u00f3n -5 cm<br \/>\n\u2022 Prenda ideal para esqu\u00ed de traves\u00eda y running<\/p>\n<p class=\"product-weight\">Peso: 0,36 kg<\/p>\n<div class=\"attribute-label\"><img decoding=\"async\" src=\"https:\/\/www.montura.it\/pub\/media\/amasty\/shopby\/option_images\/slider\/breathable_1.svg\" alt=\"breathable\" \/><img decoding=\"async\" src=\"https:\/\/www.montura.it\/pub\/media\/amasty\/shopby\/option_images\/slider\/water_repellent_1_1.svg\" alt=\"waterrepellent\" \/><img decoding=\"async\" src=\"https:\/\/www.montura.it\/pub\/media\/amasty\/shopby\/option_images\/slider\/climate.svg\" alt=\"Freddo\" \/><img decoding=\"async\" src=\"https:\/\/www.montura.it\/pub\/media\/amasty\/shopby\/option_images\/slider\/wind_blocker_1.svg\" alt=\"windblocker\" \/><\/div>\n<h3 class=\"attribute-label\">Actividades<\/h3>\n<p><img decoding=\"async\" src=\"https:\/\/www.montura.it\/pub\/media\/amasty\/shopby\/option_images\/slider\/ICM102.svg\" alt=\"ICM102\" \/><\/p>\n<div id=\"materials\" class=\"data item content\" role=\"tabpanel\" data-role=\"content\" aria-labelledby=\"tab-label-materials\" aria-hidden=\"false\">\n<div class=\"product-materials-content\">\n<div class=\"texture-content secondary-texture\">\n<div class=\"content\">\n<div class=\"texture-text\">\n<div id=\"laundry\" class=\"data item content\" role=\"tabpanel\" data-role=\"content\" aria-labelledby=\"tab-label-laundry\" aria-hidden=\"false\">\n<div class=\"laundry-content\">\n<div class=\"laundry-sides-texture\">\n<\/div>\n<\/div>\n<\/div>\n<\/div>\n<\/div>\n<\/div>\n<\/div>\n<\/div>\n<\/div>\n","protected":false},"excerpt":{"rendered":"<p>Pantalones Ski Style 2 para hombre: unos pantalones largos confeccionados en tejido de nailon DWR el\u00e1stico en cuatro direcciones, parcialmente forrados con tejido de jersey. Una prenda ideal para diversas actividades al aire libre, como el esqu\u00ed de traves\u00eda y el running. Caracter\u00edsticas: \u2022 Pantal\u00f3n largo para hombre \u2022 Tejido de nailon DWR el\u00e1stico en &hellip; <a href=\"https:\/\/www.miomiorun.com\/es\/producto\/montura-ski-style-pants-hombre\/\">Continued<\/a><\/p>\n","protected":false},"featured_media":234422,"template":"","meta":{"_acf_changed":false,"inline_featured_image":false},"product_brand":[],"product_cat":[24456,24463,24464],"product_tag":[23513,23592],"class_list":{"0":"post-281211","1":"product","2":"type-product","3":"status-publish","4":"has-post-thumbnail","6":"product_cat-pantalones-largos-es-2","7":"product_cat-ropa-de-hombre-es","8":"product_cat-hombre","9":"product_tag-montura-es","10":"product_tag-montura-hombre","11":"pa_attivita-caminar","12":"pa_attivita-outdoor-es","13":"pa_colore-ski-style-pants-nero-es","14":"pa_marca-montura-es","15":"pa_sesso-hombre","16":"pa_size-small-es","18":"first","19":"instock","20":"sale","21":"taxable","22":"shipping-taxable","23":"purchasable","24":"product-type-variable","25":"wvs-archive-product-wrapper"},"acf":[],"yoast_head":"<!-- This site is optimized with the Yoast SEO plugin v26.8 - https:\/\/yoast.com\/product\/yoast-seo-wordpress\/ -->\n<title>Montura Ski Style Pants hombre - Pantalones largos - MioMioRun<\/title>\n<meta name=\"description\" content=\"Los pantalones Ski Style 2 para hombre son unos pantalones largos confeccionados en tejido de nailon DWR el\u00e1stico en cuatro direcciones, parcialmente forrados con tejido de jersey.\" \/>\n<meta name=\"robots\" content=\"index, follow, max-snippet:-1, max-image-preview:large, max-video-preview:-1\" \/>\n<link rel=\"canonical\" href=\"https:\/\/www.miomiorun.com\/es\/producto\/montura-ski-style-pants-hombre\/\" \/>\n<meta property=\"og:locale\" content=\"es_ES\" \/>\n<meta property=\"og:type\" content=\"article\" \/>\n<meta property=\"og:title\" content=\"Montura Ski Style Pants hombre - Pantalones largos - MioMioRun\" \/>\n<meta property=\"og:description\" content=\"Los pantalones Ski Style 2 para hombre son unos pantalones largos confeccionados en tejido de nailon DWR el\u00e1stico en cuatro direcciones, parcialmente forrados con tejido de jersey.\" \/>\n<meta property=\"og:url\" content=\"https:\/\/www.miomiorun.com\/es\/producto\/montura-ski-style-pants-hombre\/\" \/>\n<meta property=\"og:site_name\" content=\"MioMioRun\" \/>\n<meta property=\"article:publisher\" content=\"https:\/\/www.facebook.com\/miomiorun\/\" \/>\n<meta property=\"article:modified_time\" content=\"2026-05-04T16:51:03+00:00\" \/>\n<meta property=\"og:image\" content=\"https:\/\/www.miomiorun.com\/app\/uploads\/2021\/11\/montura-ski-style-pants-MPLK04X.9070F.jpg\" \/>\n\t<meta property=\"og:image:width\" content=\"600\" \/>\n\t<meta property=\"og:image:height\" content=\"600\" \/>\n\t<meta property=\"og:image:type\" content=\"image\/jpeg\" \/>\n<meta name=\"twitter:card\" content=\"summary_large_image\" \/>\n<meta name=\"twitter:label1\" content=\"Est. reading time\" \/>\n\t<meta name=\"twitter:data1\" content=\"1 minute\" \/>\n<script type=\"application\/ld+json\" class=\"yoast-schema-graph\">{\"@context\":\"https:\/\/schema.org\",\"@graph\":[{\"@type\":\"WebPage\",\"@id\":\"https:\/\/www.miomiorun.com\/es\/producto\/montura-ski-style-pants-hombre\/\",\"url\":\"https:\/\/www.miomiorun.com\/es\/producto\/montura-ski-style-pants-hombre\/\",\"name\":\"Montura Ski Style Pants hombre - Pantalones largos - MioMioRun\",\"isPartOf\":{\"@id\":\"https:\/\/www.miomiorun.com\/es\/#website\"},\"primaryImageOfPage\":{\"@id\":\"https:\/\/www.miomiorun.com\/es\/producto\/montura-ski-style-pants-hombre\/#primaryimage\"},\"image\":{\"@id\":\"https:\/\/www.miomiorun.com\/es\/producto\/montura-ski-style-pants-hombre\/#primaryimage\"},\"thumbnailUrl\":\"https:\/\/www.miomiorun.com\/app\/uploads\/2021\/11\/montura-ski-style-pants-MPLK04X.9070F.jpg\",\"datePublished\":\"2021-11-23T17:37:55+00:00\",\"dateModified\":\"2026-05-04T16:51:03+00:00\",\"description\":\"Los pantalones Ski Style 2 para hombre son unos pantalones largos confeccionados en tejido de nailon DWR el\u00e1stico en cuatro direcciones, parcialmente forrados con tejido de jersey.\",\"breadcrumb\":{\"@id\":\"https:\/\/www.miomiorun.com\/es\/producto\/montura-ski-style-pants-hombre\/#breadcrumb\"},\"inLanguage\":\"es-ES\",\"potentialAction\":[{\"@type\":\"ReadAction\",\"target\":[\"https:\/\/www.miomiorun.com\/es\/producto\/montura-ski-style-pants-hombre\/\"]}]},{\"@type\":\"ImageObject\",\"inLanguage\":\"es-ES\",\"@id\":\"https:\/\/www.miomiorun.com\/es\/producto\/montura-ski-style-pants-hombre\/#primaryimage\",\"url\":\"https:\/\/www.miomiorun.com\/app\/uploads\/2021\/11\/montura-ski-style-pants-MPLK04X.9070F.jpg\",\"contentUrl\":\"https:\/\/www.miomiorun.com\/app\/uploads\/2021\/11\/montura-ski-style-pants-MPLK04X.9070F.jpg\",\"width\":600,\"height\":600,\"caption\":\"montura-ski-style-pants-MPLK04X.9070F\"},{\"@type\":\"BreadcrumbList\",\"@id\":\"https:\/\/www.miomiorun.com\/es\/producto\/montura-ski-style-pants-hombre\/#breadcrumb\",\"itemListElement\":[{\"@type\":\"ListItem\",\"position\":1,\"name\":\"Home\",\"item\":\"https:\/\/www.miomiorun.com\/es\/\"},{\"@type\":\"ListItem\",\"position\":2,\"name\":\"Shop\",\"item\":\"https:\/\/www.miomiorun.com\/shop\/\"},{\"@type\":\"ListItem\",\"position\":3,\"name\":\"Ski Style Pants hombre\"}]},{\"@type\":\"WebSite\",\"@id\":\"https:\/\/www.miomiorun.com\/es\/#website\",\"url\":\"https:\/\/www.miomiorun.com\/es\/\",\"name\":\"MioMioRun\",\"description\":\"Tienda 100% running y trail\",\"publisher\":{\"@id\":\"https:\/\/www.miomiorun.com\/es\/#organization\"},\"potentialAction\":[{\"@type\":\"SearchAction\",\"target\":{\"@type\":\"EntryPoint\",\"urlTemplate\":\"https:\/\/www.miomiorun.com\/es\/?s={search_term_string}\"},\"query-input\":{\"@type\":\"PropertyValueSpecification\",\"valueRequired\":true,\"valueName\":\"search_term_string\"}}],\"inLanguage\":\"es-ES\"},{\"@type\":\"Organization\",\"@id\":\"https:\/\/www.miomiorun.com\/es\/#organization\",\"name\":\"MioMio Run\",\"url\":\"https:\/\/www.miomiorun.com\/es\/\",\"logo\":{\"@type\":\"ImageObject\",\"inLanguage\":\"es-ES\",\"@id\":\"https:\/\/www.miomiorun.com\/es\/#\/schema\/logo\/image\/\",\"url\":\"https:\/\/www.miomiorun.com\/app\/uploads\/2019\/12\/logomio.png\",\"contentUrl\":\"https:\/\/www.miomiorun.com\/app\/uploads\/2019\/12\/logomio.png\",\"width\":115,\"height\":82,\"caption\":\"MioMio Run\"},\"image\":{\"@id\":\"https:\/\/www.miomiorun.com\/es\/#\/schema\/logo\/image\/\"},\"sameAs\":[\"https:\/\/www.facebook.com\/miomiorun\/\",\"https:\/\/www.instagram.com\/miomiorun\/\"]}]}<\/script>\n<!-- \/ Yoast SEO plugin. -->","yoast_head_json":{"title":"Montura Ski Style Pants hombre - Pantalones largos - MioMioRun","description":"Los pantalones Ski Style 2 para hombre son unos pantalones largos confeccionados en tejido de nailon DWR el\u00e1stico en cuatro direcciones, parcialmente forrados con tejido de jersey.","robots":{"index":"index","follow":"follow","max-snippet":"max-snippet:-1","max-image-preview":"max-image-preview:large","max-video-preview":"max-video-preview:-1"},"canonical":"https:\/\/www.miomiorun.com\/es\/producto\/montura-ski-style-pants-hombre\/","og_locale":"es_ES","og_type":"article","og_title":"Montura Ski Style Pants hombre - Pantalones largos - MioMioRun","og_description":"Los pantalones Ski Style 2 para hombre son unos pantalones largos confeccionados en tejido de nailon DWR el\u00e1stico en cuatro direcciones, parcialmente forrados con tejido de jersey.","og_url":"https:\/\/www.miomiorun.com\/es\/producto\/montura-ski-style-pants-hombre\/","og_site_name":"MioMioRun","article_publisher":"https:\/\/www.facebook.com\/miomiorun\/","article_modified_time":"2026-05-04T16:51:03+00:00","og_image":[{"width":600,"height":600,"url":"https:\/\/www.miomiorun.com\/app\/uploads\/2021\/11\/montura-ski-style-pants-MPLK04X.9070F.jpg","type":"image\/jpeg"}],"twitter_card":"summary_large_image","twitter_misc":{"Est. reading time":"1 minute"},"schema":{"@context":"https:\/\/schema.org","@graph":[{"@type":"WebPage","@id":"https:\/\/www.miomiorun.com\/es\/producto\/montura-ski-style-pants-hombre\/","url":"https:\/\/www.miomiorun.com\/es\/producto\/montura-ski-style-pants-hombre\/","name":"Montura Ski Style Pants hombre - Pantalones largos - MioMioRun","isPartOf":{"@id":"https:\/\/www.miomiorun.com\/es\/#website"},"primaryImageOfPage":{"@id":"https:\/\/www.miomiorun.com\/es\/producto\/montura-ski-style-pants-hombre\/#primaryimage"},"image":{"@id":"https:\/\/www.miomiorun.com\/es\/producto\/montura-ski-style-pants-hombre\/#primaryimage"},"thumbnailUrl":"https:\/\/www.miomiorun.com\/app\/uploads\/2021\/11\/montura-ski-style-pants-MPLK04X.9070F.jpg","datePublished":"2021-11-23T17:37:55+00:00","dateModified":"2026-05-04T16:51:03+00:00","description":"Los pantalones Ski Style 2 para hombre son unos pantalones largos confeccionados en tejido de nailon DWR el\u00e1stico en cuatro direcciones, parcialmente forrados con tejido de jersey.","breadcrumb":{"@id":"https:\/\/www.miomiorun.com\/es\/producto\/montura-ski-style-pants-hombre\/#breadcrumb"},"inLanguage":"es-ES","potentialAction":[{"@type":"ReadAction","target":["https:\/\/www.miomiorun.com\/es\/producto\/montura-ski-style-pants-hombre\/"]}]},{"@type":"ImageObject","inLanguage":"es-ES","@id":"https:\/\/www.miomiorun.com\/es\/producto\/montura-ski-style-pants-hombre\/#primaryimage","url":"https:\/\/www.miomiorun.com\/app\/uploads\/2021\/11\/montura-ski-style-pants-MPLK04X.9070F.jpg","contentUrl":"https:\/\/www.miomiorun.com\/app\/uploads\/2021\/11\/montura-ski-style-pants-MPLK04X.9070F.jpg","width":600,"height":600,"caption":"montura-ski-style-pants-MPLK04X.9070F"},{"@type":"BreadcrumbList","@id":"https:\/\/www.miomiorun.com\/es\/producto\/montura-ski-style-pants-hombre\/#breadcrumb","itemListElement":[{"@type":"ListItem","position":1,"name":"Home","item":"https:\/\/www.miomiorun.com\/es\/"},{"@type":"ListItem","position":2,"name":"Shop","item":"https:\/\/www.miomiorun.com\/shop\/"},{"@type":"ListItem","position":3,"name":"Ski Style Pants hombre"}]},{"@type":"WebSite","@id":"https:\/\/www.miomiorun.com\/es\/#website","url":"https:\/\/www.miomiorun.com\/es\/","name":"MioMioRun","description":"Tienda 100% running y trail","publisher":{"@id":"https:\/\/www.miomiorun.com\/es\/#organization"},"potentialAction":[{"@type":"SearchAction","target":{"@type":"EntryPoint","urlTemplate":"https:\/\/www.miomiorun.com\/es\/?s={search_term_string}"},"query-input":{"@type":"PropertyValueSpecification","valueRequired":true,"valueName":"search_term_string"}}],"inLanguage":"es-ES"},{"@type":"Organization","@id":"https:\/\/www.miomiorun.com\/es\/#organization","name":"MioMio Run","url":"https:\/\/www.miomiorun.com\/es\/","logo":{"@type":"ImageObject","inLanguage":"es-ES","@id":"https:\/\/www.miomiorun.com\/es\/#\/schema\/logo\/image\/","url":"https:\/\/www.miomiorun.com\/app\/uploads\/2019\/12\/logomio.png","contentUrl":"https:\/\/www.miomiorun.com\/app\/uploads\/2019\/12\/logomio.png","width":115,"height":82,"caption":"MioMio Run"},"image":{"@id":"https:\/\/www.miomiorun.com\/es\/#\/schema\/logo\/image\/"},"sameAs":["https:\/\/www.facebook.com\/miomiorun\/","https:\/\/www.instagram.com\/miomiorun\/"]}]}},"_links":{"self":[{"href":"https:\/\/www.miomiorun.com\/es\/wp-json\/wp\/v2\/product\/281211","targetHints":{"allow":["GET"]}}],"collection":[{"href":"https:\/\/www.miomiorun.com\/es\/wp-json\/wp\/v2\/product"}],"about":[{"href":"https:\/\/www.miomiorun.com\/es\/wp-json\/wp\/v2\/types\/product"}],"wp:featuredmedia":[{"embeddable":true,"href":"https:\/\/www.miomiorun.com\/es\/wp-json\/wp\/v2\/media\/234422"}],"wp:attachment":[{"href":"https:\/\/www.miomiorun.com\/es\/wp-json\/wp\/v2\/media?parent=281211"}],"wp:term":[{"taxonomy":"product_brand","embeddable":true,"href":"https:\/\/www.miomiorun.com\/es\/wp-json\/wp\/v2\/product_brand?post=281211"},{"taxonomy":"product_cat","embeddable":true,"href":"https:\/\/www.miomiorun.com\/es\/wp-json\/wp\/v2\/product_cat?post=281211"},{"taxonomy":"product_tag","embeddable":true,"href":"https:\/\/www.miomiorun.com\/es\/wp-json\/wp\/v2\/product_tag?post=281211"}],"curies":[{"name":"wp","href":"https:\/\/api.w.org\/{rel}","templated":true}]}}